{"id":982,"date":"2016-01-15T19:21:57","date_gmt":"2016-01-15T19:21:57","guid":{"rendered":"http:\/\/www.rusrim.com\/?page_id=982"},"modified":"2021-08-17T14:11:04","modified_gmt":"2021-08-17T14:11:04","slug":"%d0%b0%d1%82%d0%be%d0%bd-%d0%b4%d0%b8%d0%bd%d0%be-%d0%b2%d0%b5%d1%80%d0%b3%d0%b0-%d0%b1%d0%b0%d0%bb%d0%b5%d1%82-%d0%b2-%d1%80%d0%b8%d0%bc%d0%b5","status":"publish","type":"page","link":"http:\/\/www.rusrim.com\/en\/video\/%d0%b0%d1%82%d0%be%d0%bd-%d0%b4%d0%b8%d0%bd%d0%be-%d0%b2%d0%b5%d1%80%d0%b3%d0%b0-%d0%b1%d0%b0%d0%bb%d0%b5%d1%82-%d0%b2-%d1%80%d0%b8%d0%bc%d0%b5\/","title":{"rendered":"Dino Verga dance performace in Rome"},"content":{"rendered":"<p><\/p>\n<h2 class=\"western\" align=\"CENTER\"><span style=\"color: #800000;\">Dance perfomance in Rome<br \/>\n<\/span><\/h2>\n<h4 class=\"western\" align=\"CENTER\"><em><span style=\"color: #800000;\">ATON Dino Verga danza <\/span><\/em><\/h4>\n<h3 class=\"western\" align=\"CENTER\"><span style=\"color: #800000;\">Luca Russo performe CORPO &#8211; music by <span style=\"color: #0000ff;\"><a style=\"color: #0000ff;\" href=\"http:\/\/www.rusrim.com\/en\/\u0433\u0438\u0434\u044b\/\u0433\u0438\u0434-\u0440\u0438\u043c\/\">Adel Karanov<\/a><\/span><br \/>\n<\/span><\/h3>\n<p><iframe title=\"Corpo - Aton Dino Verga Danza \u0421\u043e\u0432\u0440\u0435\u043c\u0435\u043d\u043d\u043e\u0435 \u0438\u0441\u043a\u0443\u0441\u0441\u0442\u0432\u043e \u0432 \u0418\u0442\u0430\u043b\u0438\u0438 RusRim.com Italy private art tour\" width=\"500\" height=\"375\" src=\"https:\/\/www.youtube.com\/embed\/TNe-wEdXuck?feature=oembed\" frameborder=\"0\" allow=\"accelerometer; autoplay; clipboard-write; encrypted-media; gyroscope; picture-in-picture\" allowfullscreen><\/iframe><\/p>\n<h5 class=\"western\" lang=\"en-US\" align=\"CENTER\"><\/h5>\n<p><a href=\"http:\/\/www.rusrim.com\/wp-content\/uploads\/2016\/01\/dino-verga-rome-dance-conpany.jpg\"><img loading=\"lazy\" class=\"alignnone wp-image-1025\" src=\"http:\/\/www.rusrim.com\/wp-content\/uploads\/2016\/01\/dino-verga-rome-dance-conpany.jpg\" alt=\"dino verga rome dance conpany\" width=\"300\" height=\"225\" \/><\/a> <a href=\"http:\/\/www.rusrim.com\/wp-content\/uploads\/2016\/01\/dino-verga-dance-tour.jpg\"><img loading=\"lazy\" class=\"alignnone wp-image-1024\" src=\"http:\/\/www.rusrim.com\/wp-content\/uploads\/2016\/01\/dino-verga-dance-tour.jpg\" alt=\"dino verga dance tour\" width=\"301\" height=\"200\" \/><\/a><\/p>\n<h3 align=\"CENTER\"><span style=\"color: #800000;\">Punto di fuga \u2014 Aton Dino Verga Danza<\/span><\/h3>\n<p><iframe title=\"Punto di fuga - Aton Dino Verga Danza\" width=\"500\" height=\"375\" src=\"https:\/\/www.youtube.com\/embed\/1HRnrgcVIjI?feature=oembed\" frameborder=\"0\" allow=\"accelerometer; autoplay; clipboard-write; encrypted-media; gyroscope; picture-in-picture\" allowfullscreen><\/iframe><\/p>\n<h5>Luca Russo listen the new music for the project CORPO by<span style=\"color: #0000ff;\"> <a style=\"color: #0000ff;\" href=\"https:\/\/www.youtube.com\/channel\/UC0pHqm_4i15pHfuYBNCO3lQ\">Adel Karanov<\/a><\/span><\/h5>\n<p><a href=\"http:\/\/www.rusrim.com\/wp-content\/uploads\/2016\/01\/Luca-Russo-listen-the-new-music-for-the-project-CORPO-by-Adel-Karanov.jpg\"><img loading=\"lazy\" class=\"alignleft size-medium wp-image-5432\" src=\"http:\/\/www.rusrim.com\/wp-content\/uploads\/2016\/01\/Luca-Russo-listen-the-new-music-for-the-project-CORPO-by-Adel-Karanov-225x300.jpg\" alt=\"Luca Russo listen the new music for the project CORPO by Adel Karanov\" width=\"225\" height=\"300\" srcset=\"http:\/\/www.rusrim.com\/wp-content\/uploads\/2016\/01\/Luca-Russo-listen-the-new-music-for-the-project-CORPO-by-Adel-Karanov-225x300.jpg 225w, http:\/\/www.rusrim.com\/wp-content\/uploads\/2016\/01\/Luca-Russo-listen-the-new-music-for-the-project-CORPO-by-Adel-Karanov-768x1024.jpg 768w, http:\/\/www.rusrim.com\/wp-content\/uploads\/2016\/01\/Luca-Russo-listen-the-new-music-for-the-project-CORPO-by-Adel-Karanov.jpg 1704w\" sizes=\"(max-width: 225px) 100vw, 225px\" \/><\/a><\/p>\n<h5 class=\"western\" lang=\"en-US\" align=\"CENTER\"><\/h5>\n<h5 class=\"western\" lang=\"en-US\" style=\"text-align: left;\" align=\"CENTER\"><span style=\"color: #0000ff;\"><a style=\"color: #0000ff;\" href=\"https:\/\/www.youtube.com\/watch?v=TNe-wEdXuck&amp;t=116s\">Corpo<\/a><\/span> &#8211; Aton Dino verga Luca Russo<\/h5>\n<p><a href=\"http:\/\/www.rusrim.com\/wp-content\/uploads\/2016\/01\/Corpo-Aton-Dino-verga-Luca-Russo.jpg\"><img loading=\"lazy\" class=\"alignleft size-medium wp-image-5431\" src=\"http:\/\/www.rusrim.com\/wp-content\/uploads\/2016\/01\/Corpo-Aton-Dino-verga-Luca-Russo-300x255.jpg\" alt=\"Corpo - Aton Dino verga Luca Russo\" width=\"300\" height=\"255\" srcset=\"http:\/\/www.rusrim.com\/wp-content\/uploads\/2016\/01\/Corpo-Aton-Dino-verga-Luca-Russo-300x255.jpg 300w, http:\/\/www.rusrim.com\/wp-content\/uploads\/2016\/01\/Corpo-Aton-Dino-verga-Luca-Russo.jpg 800w\" sizes=\"(max-width: 300px) 100vw, 300px\" \/><\/a><\/p>\n<h5 class=\"western\" lang=\"en-US\" align=\"CENTER\"><\/h5>\n<h5><span style=\"color: #0000ff;\"><a style=\"color: #0000ff;\" href=\"https:\/\/atondinovergadanza.wixsite.com\/atondvd\">Aton dino verga danza<\/a><\/span> &#8211; Journ\u00e9es th\u00e9\u00e2trales de Carthage<\/h5>\n<p><a href=\"http:\/\/www.rusrim.com\/wp-content\/uploads\/2016\/01\/aton-dino-verga-danza-Journ\u00e9es-th\u00e9\u00e2trales-de-Carthage.jpg\"><img loading=\"lazy\" class=\"alignleft size-medium wp-image-5429\" src=\"http:\/\/www.rusrim.com\/wp-content\/uploads\/2016\/01\/aton-dino-verga-danza-Journ\u00e9es-th\u00e9\u00e2trales-de-Carthage-300x225.jpg\" alt=\"aton dino verga danza - Journ\u00e9es th\u00e9\u00e2trales de Carthage\" width=\"300\" height=\"225\" srcset=\"http:\/\/www.rusrim.com\/wp-content\/uploads\/2016\/01\/aton-dino-verga-danza-Journ\u00e9es-th\u00e9\u00e2trales-de-Carthage-300x225.jpg 300w, http:\/\/www.rusrim.com\/wp-content\/uploads\/2016\/01\/aton-dino-verga-danza-Journ\u00e9es-th\u00e9\u00e2trales-de-Carthage-1024x768.jpg 1024w\" sizes=\"(max-width: 300px) 100vw, 300px\" \/><\/a><\/p>\n<p>&nbsp;<\/p>\n<p>&nbsp;<\/p>\n<p>&nbsp;<\/p>\n<p>&nbsp;<\/p>\n<p>&nbsp;<\/p>\n<p>&nbsp;<\/p>\n<h5>Christiana Milioni dancer and <span style=\"color: #0000ff;\"><a style=\"color: #0000ff;\" href=\"http:\/\/www.rusrim.com\/en\/\u0433\u0438\u0434\u044b\/\u0433\u0438\u0434-\u0440\u0438\u043c\/\">Adel Karanov<\/a> <\/span>JTC<\/h5>\n<h5><span style=\"color: #0000ff;\"><a style=\"color: #0000ff;\" href=\"https:\/\/www.facebook.com\/JTCTunisie\/\">Journ\u00e9es th\u00e9\u00e2trales de Carthage<\/a><\/span><\/h5>\n<p><a href=\"http:\/\/www.rusrim.com\/wp-content\/uploads\/2016\/01\/Christiana-Milioni-and-Adel-Karanov-JTC.jpg\"><img loading=\"lazy\" class=\"alignleft size-medium wp-image-5430\" src=\"http:\/\/www.rusrim.com\/wp-content\/uploads\/2016\/01\/Christiana-Milioni-and-Adel-Karanov-JTC-225x300.jpg\" alt=\"Christiana Milioni and Adel Karanov JTC\" width=\"225\" height=\"300\" srcset=\"http:\/\/www.rusrim.com\/wp-content\/uploads\/2016\/01\/Christiana-Milioni-and-Adel-Karanov-JTC-225x300.jpg 225w, http:\/\/www.rusrim.com\/wp-content\/uploads\/2016\/01\/Christiana-Milioni-and-Adel-Karanov-JTC-768x1024.jpg 768w, http:\/\/www.rusrim.com\/wp-content\/uploads\/2016\/01\/Christiana-Milioni-and-Adel-Karanov-JTC.jpg 1704w\" sizes=\"(max-width: 225px) 100vw, 225px\" \/><\/a><\/p>\n<h5 class=\"western\" lang=\"en-US\" align=\"CENTER\"><\/h5>\n<p class=\"font_8\"><span class=\"color_26\">ATON &#8211; DINO VERGA DANZA continues on the artistic way of the Gruppo Ricerca Coreografica ATON, the company that was born in 1988, and performed in the whole Italy and in Europe until 1994.<\/span><\/p>\n<p class=\"font_8\"><span class=\"color_26\">In 1996, the \u00a0new company, founded by Dino Verga and Luca Russo, has acquired the new name.<\/span><\/p>\n<p class=\"font_8\"><span class=\"color_26\">The first choreograpy of the new ATON &#8211; D.V.D. is Risveglio di Primavera (1997).<\/span><\/p>\n<p class=\"font_8\"><span class=\"color_26\">In the same year the Italian Government, Department of Performing Arts, recognizes the artistic merits of the company by assigning a state substain to its first instance.<\/span><\/p>\n<p class=\"font_8\"><span class=\"color_26\">In twenty-six years of working, of which sixteen regularly subsidized by the Ministry of Heritage and Culture, the company has presented more than fifty shows, with a constant and assiduous production activity, participating in events and festivals in Italy and abroad, like Spoleto Festival , AddaDanza in Milan, Invito alla Danza in Rome, SalernoDanza, and also in Paris, Malta, Tunis, Amsterdam, Prague, and many more.<\/span><\/p>\n<p class=\"font_8\"><span class=\"color_26\">After many years of assiduous attendance at the Cunningham Studio in New York by the two founders, Aton &#8211; Dino Verga Danza, obtained in 2004 the royalties to represent \u201cCross Currents\u201d, the only company in Italy to have the privilege to boast in its repertoire a Merce Cunningham\u2019s choreography.<\/span><\/p>\n<p class=\"font_8\"><span class=\"color_16\">Since 2011 the company works in residence at the Teatro Greco in Rome.<\/span><\/p>\n<h5 class=\"western\" lang=\"en-US\" align=\"CENTER\">Art tours in Rome with local guide and car<\/h5>\n<h4 style=\"text-align: center;\"><span style=\"color: #0000ff;\"><a style=\"color: #0000ff;\" href=\"http:\/\/www.rusrim.com\/en\/\u0440\u0438\u043c-\u0442\u0443\u0440\u044b-\u043d\u0430-\u043c\u0430\u0448\u0438\u043d\u0435\/english-rome-private-tours\/\">CAR TOURS F<\/a>ROM ROME<\/span><br \/>\nSmall group tours in minivans ensuring the highest level of comfort. Our vehicles are fully equipped with all the options required for \u00a0long trips, including air conditioning.<br \/>\nAn\u00a0<span style=\"color: #0000ff;\"><a style=\"color: #0000ff;\" href=\"http:\/\/www.rusrim.com\/en\/\u0433\u0438\u0434\u044b\/\u0433\u0438\u0434-\u0440\u0438\u043c\/\">English speaking private guide<\/a><\/span>\u00a0will be at your disposal for the whole day and will arrange the most satisfactory tour with you.<\/h4>\n<h4 class=\"western\" lang=\"en-US\" align=\"CENTER\">30 TOP VIP PRIVATE CAR TOURS in ITALY from ROME and other towns \u2013 WITH PRIVATE DRIVER GUIDE<\/h4>\n<h4 class=\"western\" lang=\"en-US\" align=\"CENTER\"><span style=\"color: #800000;\"><span style=\"color: #0000ff;\">30\u00a0<a style=\"color: #0000ff;\" href=\"http:\/\/www.rusrim.com\/en\/%D1%80%D0%B8%D0%BC-%D1%82%D1%83%D1%80%D1%8B-%D0%BD%D0%B0-%D0%BC%D0%B0%D1%88%D0%B8%D0%BD%D0%B5\/\">Car tours in Italy &#8211; Rome &#8211; Lazio, Tuscany, Umbria<\/a>, Trentino, Veneto<\/span><br \/>\n<\/span><\/h4>\n<h5 lang=\"en-US\" align=\"CENTER\"><b>Excursions with\u00a0<span style=\"color: #0000ff;\"><a style=\"color: #0000ff;\" href=\"http:\/\/www.rusrim.com\/en\/%D0%B3%D0%B8%D0%B4%D1%8B\/\">private guide<\/a><\/span>\u00a0in:<\/b><\/h5>\n<ul>\n<li>\n<h5 lang=\"en-US\" align=\"CENTER\"><span style=\"color: #0000ff;\"><a style=\"color: #0000ff;\" href=\"http:\/\/www.rusrim.com\/en\/%D0%B3%D0%B8%D0%B4%D1%8B\/%D0%B3%D0%B8%D0%B4-%D1%80%D0%B8%D0%BC\/\">english<\/a><\/span><\/h5>\n<\/li>\n<li>\n<h5 lang=\"en-US\" align=\"CENTER\"><span style=\"color: #0000ff;\"><a style=\"color: #0000ff;\" href=\"http:\/\/www.rusrim.com\/en\/%D0%B3%D0%B8%D0%B4%D1%8B\/%D0%B3%D0%B8%D0%B4-%D1%80%D0%B8%D0%BC\/\">french<\/a><\/span><\/h5>\n<\/li>\n<li>\n<h5 lang=\"en-US\" align=\"CENTER\"><span style=\"color: #0000ff;\"><a style=\"color: #0000ff;\" href=\"http:\/\/www.rusrim.com\/bg\/%D0%B3%D0%B8%D0%B4%D1%8B\/%D0%B3%D0%B8%D0%B4-%D1%80%D0%B8%D0%BC\/\">bulgarian<\/a><\/span><\/h5>\n<\/li>\n<li>\n<h5 lang=\"en-US\" align=\"CENTER\"><span style=\"color: #0000ff;\"><a style=\"color: #0000ff;\" href=\"http:\/\/www.rusrim.com\/%D0%B3%D0%B8%D0%B4%D1%8B\/%D0%B3%D0%B8%D0%B4-%D1%80%D0%B8%D0%BC\/\">russian<\/a><\/span><\/h5>\n<\/li>\n<li>\n<h5 lang=\"en-US\" align=\"CENTER\"><span style=\"color: #0000ff;\"><a style=\"color: #0000ff;\" href=\"http:\/\/www.rusrim.com\/%D0%B3%D0%B8%D0%B4%D1%8B\/%D0%B3%D0%B8%D0%B4-%D1%80%D0%B8%D0%BC\/\">ukrainian<\/a><\/span><\/h5>\n<\/li>\n<\/ul>\n<h5 style=\"text-align: center;\"><span style=\"color: #800000;\"><em>Day\u00a0 car tours in Italy with\u00a0<span style=\"color: #0000ff;\"><a style=\"color: #0000ff;\" href=\"http:\/\/www.rusrim.com\/en\/\u0433\u0438\u0434\u044b\/\u0433\u0438\u0434-\u0440\u0438\u043c\/\">driver guide<\/a>\u00a0<\/span>\u00a0from Rome and other touwns<\/em><\/span><\/h5>\n<h6 style=\"text-align: center;\">Transfer and private tours from Civitavecchia port &#8211; Rome airport<\/h6>\n<table>\n<tbody>\n<tr>\n<td width=\"669\"><strong>PRIVATE TOUR FROM\u00a0<span style=\"color: #0000ff;\"><a style=\"color: #0000ff;\" href=\"http:\/\/www.rusrim.com\/en\/\u0440\u0438\u043c-\u0442\u0443\u0440\u044b-\u043d\u0430-\u043c\u0430\u0448\u0438\u043d\u0435\/\u0447\u0438\u0432\u0438\u0442\u0430\u0432\u0435\u043a\u043a\u044c\u044f-\u0440\u0438\u043c-\u044d\u043a\u0441\u043a\u0443\u0440\u0441\u0438\u044f\/\">CIVITAVECCHIA<\/a>\u00a0<\/span>ROME with driver guide<\/strong><\/td>\n<\/tr>\n<tr>\n<td><strong><span style=\"color: #0000ff;\"><a style=\"color: #0000ff;\" href=\"http:\/\/www.rusrim.com\/en\/\u0440\u0438\u043c-\u0442\u0443\u0440\u044b-\u043d\u0430-\u043c\u0430\u0448\u0438\u043d\u0435\/\u044d\u043a\u0441\u043a\u0443\u0440\u0441\u0438\u044f-\u0444\u044c\u044e\u043c\u0438\u0447\u0438\u043d\u043e-\u0440\u0438\u043c-\u0442\u0443\u0440-\u043d\u0430-\u043c\u0430\u0448\u0438\/\">FIUMICINO ROME AIRPORT<\/a>\u00a0<\/span>PRIVATE CAR TOUR with driver guide<\/strong><\/td>\n<\/tr>\n<tr>\n<td><strong><span style=\"color: #0000ff;\"><a style=\"color: #0000ff;\" href=\"http:\/\/www.rusrim.com\/en\/\u0440\u0438\u043c-\u0442\u0443\u0440\u044b-\u043d\u0430-\u043c\u0430\u0448\u0438\u043d\u0435\/\u0442\u0440\u0430\u043d\u0441\u0444\u0435\u0440\u044b-\u0444\u044c\u044e\u043c\u0438\u0447\u0438\u043d\u043e-\u0447\u0438\u0430\u043c\u043f\u0438\u043d\u043e-\u0447\u0438\u0432\u0438\u0442\u0430\/\">Transfer<\/a><\/span>\u00a0&#8211; Rome Airport\u00a0 and\u00a0 Civitavecchia with driver guide<\/strong><\/td>\n<\/tr>\n<\/tbody>\n<\/table>\n<h6 style=\"text-align: center;\">MUSIC DANCE and FSHION in ITALY\u00a0RusRim original video<\/h6>\n<table>\n<tbody>\n<tr>\n<td width=\"669\"><strong><span style=\"color: #0000ff;\"><a style=\"color: #0000ff;\" href=\"http:\/\/www.rusrim.com\/en\/\u043f\u043e\u043b\u0435\u0437\u043d\u0430\u044f-\u0438\u043d\u0444\u043e\u0440\u043c\u0430\u0446\u0438\u044f-\u0440\u0438\u043c-\u0438\u043d\u0444\u043e\/\u0430\u0442\u043e\u043d-\u0434\u0438\u043d\u043e-\u0432\u0435\u0440\u0433\u0430-\u0431\u0430\u043b\u0435\u0442-\u0432-\u0440\u0438\u043c\u0435\/\">Contemporary \u00a0dance<\/a><\/span>\u00a0in Rome<\/strong><\/td>\n<\/tr>\n<tr>\n<td><strong><span style=\"color: #0000ff;\"><a style=\"color: #0000ff;\" href=\"http:\/\/www.rusrim.com\/en\/\u043f\u043e\u043b\u0435\u0437\u043d\u0430\u044f-\u0438\u043d\u0444\u043e\u0440\u043c\u0430\u0446\u0438\u044f-\u0440\u0438\u043c-\u0438\u043d\u0444\u043e\/\u043c\u043e\u0434\u0430-\u0442\u043e\u043f-\u0431\u0440\u0435\u043d\u0434\u044b-\u0440\u0438\u043c\/\">Italy fashion<\/a><\/span>\u00a0\u2013 VIDEO<\/strong><\/td>\n<\/tr>\n<\/tbody>\n<\/table>\n<h6 style=\"text-align: center;\">Reservation contacts &#8211; Private tours in Lazio, Tuscany &#8211; Umbria &#8211; Abruzzo, Campania, Veneto, Trentino with licensed private guide<\/h6>\n<h5 style=\"text-align: center;\"><span style=\"color: #993300;\"><span style=\"color: #800000;\"><span style=\"font-family: Loma;\"><b>+39 389 5975 184\u00a0<\/b><\/span><\/span><\/span><span style=\"color: #800000;\">\u00a0<\/span><span style=\"color: #800000;\"><a href=\"mailto:info@rusrim.com\">info@rusrim.com\u00a0<\/a><\/span><span style=\"color: #993300;\"><span style=\"color: #800000;\"><span style=\"font-family: Loma;\"><b>+39\u00a0329 44 83 644<\/b><\/span><\/span><\/span><\/h5>\n<p><\/p>","protected":false},"excerpt":{"rendered":"<p>Dance perfomance in Rome ATON Dino Verga danza Luca Russo performe CORPO &#8211; music by Adel Karanov Punto di fuga \u2014 Aton Dino Verga Danza Luca Russo listen the new music for the project CORPO by Adel Karanov Corpo &#8211; Aton Dino verga Luca Russo Aton dino verga danza &#8211; Journ\u00e9es th\u00e9\u00e2trales de Carthage &nbsp; [&hellip;]<\/p>\n","protected":false},"author":2,"featured_media":0,"parent":640,"menu_order":5,"comment_status":"closed","ping_status":"closed","template":"","meta":[],"tags":[635,730,1236,1212,1232,1238,1235,1237,1234,1239,59,1225,1233,146,1240,1241],"_links":{"self":[{"href":"http:\/\/www.rusrim.com\/en\/wp-json\/wp\/v2\/pages\/982"}],"collection":[{"href":"http:\/\/www.rusrim.com\/en\/wp-json\/wp\/v2\/pages"}],"about":[{"href":"http:\/\/www.rusrim.com\/en\/wp-json\/wp\/v2\/types\/page"}],"author":[{"embeddable":true,"href":"http:\/\/www.rusrim.com\/en\/wp-json\/wp\/v2\/users\/2"}],"replies":[{"embeddable":true,"href":"http:\/\/www.rusrim.com\/en\/wp-json\/wp\/v2\/comments?post=982"}],"version-history":[{"count":25,"href":"http:\/\/www.rusrim.com\/en\/wp-json\/wp\/v2\/pages\/982\/revisions"}],"predecessor-version":[{"id":8901,"href":"http:\/\/www.rusrim.com\/en\/wp-json\/wp\/v2\/pages\/982\/revisions\/8901"}],"up":[{"embeddable":true,"href":"http:\/\/www.rusrim.com\/en\/wp-json\/wp\/v2\/pages\/640"}],"wp:attachment":[{"href":"http:\/\/www.rusrim.com\/en\/wp-json\/wp\/v2\/media?parent=982"}],"wp:term":[{"taxonomy":"post_tag","embeddable":true,"href":"http:\/\/www.rusrim.com\/en\/wp-json\/wp\/v2\/tags?post=982"}],"curies":[{"name":"wp","href":"https:\/\/api.w.org\/{rel}","templated":true}]}}