{"id":1000,"date":"2016-01-15T23:27:19","date_gmt":"2016-01-15T23:27:19","guid":{"rendered":"http:\/\/www.rusrim.com\/?page_id=1000"},"modified":"2021-08-17T15:18:30","modified_gmt":"2021-08-17T15:18:30","slug":"%d0%b2%d0%b0%d0%bd%d0%b5%d1%81%d1%81%d0%b0-%d1%82%d0%b0%d0%bc%d0%b1%d1%83%d1%80%d0%b8-%d0%b8-%d0%b1%d0%b0%d0%bb%d0%b5%d1%82","status":"publish","type":"page","link":"http:\/\/www.rusrim.com\/fr\/video\/%d0%b2%d0%b0%d0%bd%d0%b5%d1%81%d1%81%d0%b0-%d1%82%d0%b0%d0%bc%d0%b1%d1%83%d1%80%d0%b8-%d0%b8-%d0%b1%d0%b0%d0%bb%d0%b5%d1%82\/","title":{"rendered":"Vanessa Tamburi chor\u00e9graphe &#8211; The last beat"},"content":{"rendered":"<p><\/p>\n<h4 class=\"western\" style=\"text-align: center;\"><span style=\"color: #800000;\">Chor\u00e9graphe: Vanessa Tamburi &#8211; Direction:\u00a0Mauro Picotto &#8211; sc\u00e9nographe: Jan Klug Musique <span style=\"color: #0000ff;\"><a style=\"color: #0000ff;\" href=\"http:\/\/www.rusrim.com\/fr\/\u0433\u0438\u0434\u044b\/\u0433\u0438\u0434-\u0440\u0438\u043c\/\">Adel Karanov<\/a><\/span><br \/>\n<\/span><\/h4>\n<h3 class=\"western\" style=\"text-align: center;\"><span style=\"color: #800000;\">Vanessa Tamburi &#8211;\u00a0 &#8220;The last beat&#8221; (part 1) <span style=\"color: #0000ff;\"><a style=\"color: #0000ff;\" href=\"http:\/\/www.rusrim.com\/fr\/\u0440\u0438\u043c-\u0442\u0443\u0440\u044b-\u043d\u0430-\u043c\u0430\u0448\u0438\u043d\u0435\/english-spoleto-umbria-private-car-daily-tour\/\">Spoleto<\/a>\u00a0&#8211;\u00a0<\/span><\/span>Teatro Nuovo<\/h3>\n<p><iframe title=\"Vanessa Tamburi -The last beat part 1\" width=\"500\" height=\"375\" src=\"https:\/\/www.youtube.com\/embed\/cwxCECajpwA?feature=oembed\" frameborder=\"0\" allow=\"accelerometer; autoplay; clipboard-write; encrypted-media; gyroscope; picture-in-picture\" allowfullscreen><\/iframe><\/p>\n<p style=\"text-align: justify;\">Vanessa Tamburi a commenc\u00e9 sa carri\u00e8re \u00e0 l&#8217;Acad\u00e9mie nationale de danse de Rome et a poursuivi ses \u00e9tudes \u00e0 Mudra, l&#8217;\u00e9cole dirig\u00e9e par M. Bejart, \u00e0 Bruxelles. Elle a travaill\u00e9 en tant que danseuse soliste pour des th\u00e9\u00e2tres europ\u00e9ens cl\u00e9s, dont le Ballet of Montercarlo (direction de P. Lacotte, JY Esquerre, JC Maillot), le Ballet de Hambourg (direction de J.Neumeier) et le Vienna Opera Ballet (direction de R. Zanella). Forte de son exp\u00e9rience professionnelle en tant que danseuse classique, Vanessa a d\u00e9velopp\u00e9 au fil des ans une \u0153uvre chor\u00e9graphique contemporaine exp\u00e9rimentale, m\u00ealant la danse au th\u00e9\u00e2tre contemporain, \u00e0 l&#8217;art visuel et multim\u00e9dia. Ses chor\u00e9graphies ont \u00e9t\u00e9 jou\u00e9es en Autriche, en R\u00e9publique tch\u00e8que, en Italie, au Rwanda, en Ouganda, en Tanzanie, aux \u00c9tats-Unis, en Papouasie-Nouvelle-Guin\u00e9e et en collaboration avec de nombreux th\u00e9\u00e2tres, elles ont \u00e9t\u00e9 mises en sc\u00e8ne dans des festivals internationaux \u00e0 Vienne, Linz, Venise (Biennale Danza), Spoleto (Festival Dei Due Mondi), Prague, Rome (Philharmonique et Auditorium de Rome, Parc de la Musique), Dar es Salaam et New York, Washington DC et Port Moresby. Apr\u00e8s avoir travaill\u00e9 comme directrice artistique du &#8220;Contemporaneamente Dance Group&#8221;, elle fonde en 2007 la compagnie &#8220;FLUSSO Dance Project&#8221;, dont elle est actuellement directrice artistique et chor\u00e9graphe. En 2008, elle a contribu\u00e9, en tant que conseill\u00e8re artistique, \u00e0 la cr\u00e9ation, puis \u00e0 l&#8217;organisation (\u00e9dition 2008 \u00e0 ce jour) du festival international de danse contemporaine Visa 2 Dance puis Time2dance, \u00e0 Dar es Salaam (Tanzanie). En juin 2010, Vanessa a \u00e9t\u00e9 s\u00e9lectionn\u00e9e et a particip\u00e9 \u00e0 CHOREOGRAPHIC COLLISIONS: un laboratoire de recherche et d&#8217;exp\u00e9rimentation pour chor\u00e9graphes, dirig\u00e9 par Ismael Ivo, organis\u00e9 par DANZA VENEZIA et faisant partie du programme de la BIENNALE DANZA \u00e0 Venise.<\/p>\n<h5 class=\"western\" style=\"text-align: center;\"><span style=\"color: #0000ff;\"><a style=\"color: #0000ff;\" href=\"https:\/\/www.youtube.com\/watch?v=9YKySJCmnFA\">Vanessa Tamburi \u2014 The last beat\u00a0 (part 2<\/a>)<\/span><\/h5>\n<p><iframe title=\"Vanessa Tamburi - The last beat  part 2\" width=\"500\" height=\"375\" src=\"https:\/\/www.youtube.com\/embed\/9YKySJCmnFA?feature=oembed\" frameborder=\"0\" allow=\"accelerometer; autoplay; clipboard-write; encrypted-media; gyroscope; picture-in-picture\" allowfullscreen><\/iframe><\/p>\n<p style=\"text-align: justify;\">En 2011, elle s&#8217;installe \u00e0 New York o\u00f9 son travail a \u00e9t\u00e9 pr\u00e9sent\u00e9 dans divers festivals (Cool NY 2012 &amp; 2013 dance festival, NYC10 Dixon Place, Between the seas Festival 2012-2013, Green line platform 92nd Y et Off center dance theatre). En juillet 2013, la nouvelle production THE BRIDGE a \u00e9t\u00e9 cr\u00e9\u00e9e au festival Between the seas 2013 avec le soutien de l&#8217;Institut culturel italien de New York ainsi que la nouvelle cr\u00e9ation TRAPPING @ the Moving sound festival (septembre 2013) promu par The Austrian Cultural forum en collaboration avec l&#8217;artiste visuel Andrea Bianconi bas\u00e9 \u00e0 Brooklyn. En 2014, son travail a \u00e9t\u00e9 mis en sc\u00e8ne aux CURRENTS SESSIONS et au REVERBdance Festival au KoDaFe 2014 @ MMAC. En 2015, THE MILLE ET UNE NUIT a \u00e9t\u00e9 pr\u00e9sent\u00e9 en avant-premi\u00e8re @Alwan for the Arts, ME_CHANICAL # moving images @ Wild project &amp; The CURRENT SESSIONS 2015, ME_CHANICAL # moving images &amp; TUNNEL CITY @ Sheen Center (IDACO nyc), UTAMBULISHO @ Time2dance festival en Tanzanie et BAROCCO &amp; CO duo au Smithsoniam American Art Museum \u00e0 Washington, DC. En 2016, elle cr\u00e9e MOVING ID-ENTITIES pour IDACO nyc 16 et WAKUDOKU pour le Time2dance Festival (2017 MOVING ID &#8211; 2019 LOST RIGHTS)<\/p>\n<p><a href=\"http:\/\/www.rusrim.com\/wp-content\/uploads\/2016\/01\/VanessaTamburi-Rome-Italy.jpg\"><img loading=\"lazy\" class=\" wp-image-1320 aligncenter\" src=\"http:\/\/www.rusrim.com\/wp-content\/uploads\/2016\/01\/VanessaTamburi-Rome-Italy-300x203.jpg\" alt=\"VanessaTamburi Rome Italy\" width=\"429\" height=\"290\" srcset=\"http:\/\/www.rusrim.com\/wp-content\/uploads\/2016\/01\/VanessaTamburi-Rome-Italy-300x203.jpg 300w, http:\/\/www.rusrim.com\/wp-content\/uploads\/2016\/01\/VanessaTamburi-Rome-Italy.jpg 405w\" sizes=\"(max-width: 429px) 100vw, 429px\" \/><\/a><\/p>\n<p style=\"text-align: justify;\">Elle est la fondatrice et la directrice artistique de IDACO nyc &#8211; Italian Dance Connection. La semaine \u00e9v\u00e9nementielle de la danse contemporaine italienne \u00e0 New York a commenc\u00e9 en 2015 \u00e0 ce jour.<\/p>\n<p style=\"text-align: justify;\">En 2018, elle a d\u00e9m\u00e9nag\u00e9 \u00e0 Port Moresby en Papouasie-Nouvelle-Guin\u00e9e, o\u00f9 elle vit actuellement.<\/p>\n<p><a href=\"http:\/\/www.rusrim.com\/wp-content\/uploads\/2016\/01\/vanessa-tamburi-roma.jpg\"><img loading=\"lazy\" class=\" wp-image-1321 aligncenter\" src=\"http:\/\/www.rusrim.com\/wp-content\/uploads\/2016\/01\/vanessa-tamburi-roma-300x200.jpg\" alt=\"vanessa tamburi roma\" width=\"417\" height=\"278\" srcset=\"http:\/\/www.rusrim.com\/wp-content\/uploads\/2016\/01\/vanessa-tamburi-roma-300x200.jpg 300w, http:\/\/www.rusrim.com\/wp-content\/uploads\/2016\/01\/vanessa-tamburi-roma-1024x682.jpg 1024w, http:\/\/www.rusrim.com\/wp-content\/uploads\/2016\/01\/vanessa-tamburi-roma.jpg 1600w\" sizes=\"(max-width: 417px) 100vw, 417px\" \/><\/a><\/p>\n<h4 class=\"western\" style=\"text-align: center;\"><span style=\"color: #800000;\">Chor\u00e9graphe: <span style=\"color: #0000ff;\"><a style=\"color: #0000ff;\" href=\"http:\/\/www.vanessatamburi.info\/choreographer\/\">Vanessa Tamburi<\/a> <\/span>&#8211; Direction:\u00a0Mauro Picotto &#8211;\u00a0sc\u00e9nographe: Jan Klug Musique\u00a0<span style=\"color: #0000ff;\"><a style=\"color: #0000ff;\" href=\"http:\/\/www.rusrim.com\/fr\/\u0433\u0438\u0434\u044b\/\u0433\u0438\u0434-\u0440\u0438\u043c\/\">Adel Karanov<\/a><\/span><\/span><\/h4>\n<p><a href=\"http:\/\/www.rusrim.com\/wp-content\/uploads\/2016\/01\/vanessa-tamburi-rome.jpg\"><img loading=\"lazy\" class=\" wp-image-1322 aligncenter\" src=\"http:\/\/www.rusrim.com\/wp-content\/uploads\/2016\/01\/vanessa-tamburi-rome-300x169.jpg\" alt=\"vanessa tamburi rome\" width=\"507\" height=\"286\" srcset=\"http:\/\/www.rusrim.com\/wp-content\/uploads\/2016\/01\/vanessa-tamburi-rome-300x169.jpg 300w, http:\/\/www.rusrim.com\/wp-content\/uploads\/2016\/01\/vanessa-tamburi-rome.jpg 320w\" sizes=\"(max-width: 507px) 100vw, 507px\" \/><\/a><\/p>\n<p><iframe title=\"Danse contemporaine Vanessa Tamburi - Musique Adel Karanov RusRim.com\" width=\"500\" height=\"375\" src=\"https:\/\/www.youtube.com\/embed\/yHwmdafTMFM?feature=oembed\" frameborder=\"0\" allow=\"accelerometer; autoplay; clipboard-write; encrypted-media; gyroscope; picture-in-picture\" allowfullscreen><\/iframe><\/p>\n<h6 style=\"text-align: center;\"><em>Adel Karanov Teatro comunale di\u00a0 <span style=\"color: #0000ff;\"><a style=\"color: #0000ff;\" href=\"http:\/\/www.rusrim.com\/fr\/\u0440\u0438\u043c-\u0442\u0443\u0440\u044b-\u043d\u0430-\u043c\u0430\u0448\u0438\u043d\u0435\/english-spoleto-umbria-private-car-daily-tour\/\">Spoleto\u00a0<\/a><\/span>&#8211; OMBRE- TOURS PRIV\u00c9S EN ITALIE<\/em><\/h6>\n<h4 style=\"text-align: center;\">\u00a0<a href=\"http:\/\/www.rusrim.com\/wp-content\/uploads\/2016\/01\/Adel-Karanov-Teatro-comunale-di-Spoleto-TOURS-PRIV\u00c9S-EN-ITALIE.jpg\"><img loading=\"lazy\" class=\" wp-image-5772\" src=\"http:\/\/www.rusrim.com\/wp-content\/uploads\/2016\/01\/Adel-Karanov-Teatro-comunale-di-Spoleto-TOURS-PRIV\u00c9S-EN-ITALIE-300x225.jpg\" alt=\"Adel Karanov Teatro comunale di Spoleto - TOURS PRIV\u00c9S EN ITALIE\" width=\"456\" height=\"342\" srcset=\"http:\/\/www.rusrim.com\/wp-content\/uploads\/2016\/01\/Adel-Karanov-Teatro-comunale-di-Spoleto-TOURS-PRIV\u00c9S-EN-ITALIE-300x225.jpg 300w, http:\/\/www.rusrim.com\/wp-content\/uploads\/2016\/01\/Adel-Karanov-Teatro-comunale-di-Spoleto-TOURS-PRIV\u00c9S-EN-ITALIE-1024x768.jpg 1024w\" sizes=\"(max-width: 456px) 100vw, 456px\" \/><\/a><\/h4>\n<h5 style=\"text-align: center;\">Vanessa Tamburi<\/h5>\n<h4 style=\"text-align: center;\"><a href=\"http:\/\/www.rusrim.com\/wp-content\/uploads\/2016\/01\/Vanessa-Tamburi-EXURSIONES-EN-ITALIE.jpg\"><img loading=\"lazy\" class=\"size-medium wp-image-5778\" src=\"http:\/\/www.rusrim.com\/wp-content\/uploads\/2016\/01\/Vanessa-Tamburi-EXURSIONES-EN-ITALIE-300x236.jpg\" alt=\"Vanessa Tamburi - EXURSIONES EN ITALIE\" width=\"300\" height=\"236\" srcset=\"http:\/\/www.rusrim.com\/wp-content\/uploads\/2016\/01\/Vanessa-Tamburi-EXURSIONES-EN-ITALIE-300x236.jpg 300w, http:\/\/www.rusrim.com\/wp-content\/uploads\/2016\/01\/Vanessa-Tamburi-EXURSIONES-EN-ITALIE-1024x806.jpg 1024w\" sizes=\"(max-width: 300px) 100vw, 300px\" \/><\/a><\/h4>\n<h6 style=\"text-align: center;\">Opera &#8211; Teatro-Nuovo-Gian-Carlo-Menotti-di-Spoleto &#8211; <span style=\"color: #0000ff;\"><a style=\"color: #0000ff;\" href=\"http:\/\/www.rusrim.com\/fr\/\">TOURS PRIVE EN ITALIE<\/a><\/span><\/h6>\n<h4 style=\"text-align: center;\"><\/h4>\n<h4 style=\"text-align: center;\"><a href=\"http:\/\/www.rusrim.com\/wp-content\/uploads\/2016\/01\/The-Spoleto-Opera-house-Teatro-Nuovo-Gian-Carlo-Menotti-di-Spoleto-TOURS-PRIVE-EN-ITALIE.jpg\"><img loading=\"lazy\" class=\"size-medium wp-image-5777\" src=\"http:\/\/www.rusrim.com\/wp-content\/uploads\/2016\/01\/The-Spoleto-Opera-house-Teatro-Nuovo-Gian-Carlo-Menotti-di-Spoleto-TOURS-PRIVE-EN-ITALIE-300x200.jpg\" alt=\"The Spoleto Opera house - Teatro-Nuovo-Gian-Carlo-Menotti-di-Spoleto - TOURS PRIVE EN ITALIE\" width=\"300\" height=\"200\" srcset=\"http:\/\/www.rusrim.com\/wp-content\/uploads\/2016\/01\/The-Spoleto-Opera-house-Teatro-Nuovo-Gian-Carlo-Menotti-di-Spoleto-TOURS-PRIVE-EN-ITALIE-300x200.jpg 300w, http:\/\/www.rusrim.com\/wp-content\/uploads\/2016\/01\/The-Spoleto-Opera-house-Teatro-Nuovo-Gian-Carlo-Menotti-di-Spoleto-TOURS-PRIVE-EN-ITALIE.jpg 992w\" sizes=\"(max-width: 300px) 100vw, 300px\" \/><\/a><\/h4>\n<h4 style=\"text-align: center;\"><a href=\"http:\/\/www.rusrim.com\/wp-content\/uploads\/2016\/01\/Teatro-grande-Opera-di-Spoleto-OMBRE-ITALIE-guide.jpg\"><img loading=\"lazy\" class=\"size-medium wp-image-5776 aligncenter\" src=\"http:\/\/www.rusrim.com\/wp-content\/uploads\/2016\/01\/Teatro-grande-Opera-di-Spoleto-OMBRE-ITALIE-guide-300x197.jpg\" alt=\"Teatro grande - Opera di Spoleto - OMBRE - ITALIE guide\" width=\"300\" height=\"197\" srcset=\"http:\/\/www.rusrim.com\/wp-content\/uploads\/2016\/01\/Teatro-grande-Opera-di-Spoleto-OMBRE-ITALIE-guide-300x197.jpg 300w, http:\/\/www.rusrim.com\/wp-content\/uploads\/2016\/01\/Teatro-grande-Opera-di-Spoleto-OMBRE-ITALIE-guide.jpg 800w\" sizes=\"(max-width: 300px) 100vw, 300px\" \/><\/a> <a href=\"http:\/\/www.rusrim.com\/wp-content\/uploads\/2016\/01\/Sala-XVII-Settembre-Teatro-Nuovo-Spoleto-GUIDE-PRIVE-EN-ITALIE.jpg\"><img loading=\"lazy\" class=\"size-medium wp-image-5774 aligncenter\" src=\"http:\/\/www.rusrim.com\/wp-content\/uploads\/2016\/01\/Sala-XVII-Settembre-Teatro-Nuovo-Spoleto-GUIDE-PRIVE-EN-ITALIE-300x200.jpg\" alt=\"Sala-XVII-Settembre - Teatro Nuovo - Spoleto -GUIDE PRIVE EN ITALIE\" width=\"300\" height=\"200\" srcset=\"http:\/\/www.rusrim.com\/wp-content\/uploads\/2016\/01\/Sala-XVII-Settembre-Teatro-Nuovo-Spoleto-GUIDE-PRIVE-EN-ITALIE-300x200.jpg 300w, http:\/\/www.rusrim.com\/wp-content\/uploads\/2016\/01\/Sala-XVII-Settembre-Teatro-Nuovo-Spoleto-GUIDE-PRIVE-EN-ITALIE.jpg 1000w\" sizes=\"(max-width: 300px) 100vw, 300px\" \/><\/a> <a href=\"http:\/\/www.rusrim.com\/wp-content\/uploads\/2016\/01\/Maps-Teatro-nuovo-Spoleto-ITALIE-OMBRE-TOURS-PRIV\u00c9S.jpg\"><img loading=\"lazy\" class=\"size-full wp-image-5773\" src=\"http:\/\/www.rusrim.com\/wp-content\/uploads\/2016\/01\/Maps-Teatro-nuovo-Spoleto-ITALIE-OMBRE-TOURS-PRIV\u00c9S.jpg\" alt=\"Maps Teatro nuovo Spoleto - ITALIE OMBRE TOURS PRIV\u00c9S\" width=\"251\" height=\"201\" \/><\/a><\/h4>\n<h6 style=\"text-align: center;\">Vanessa Tamburi &#8211; Adel Karanov &#8211; Mauro Picotto<\/h6>\n<p><a href=\"http:\/\/www.rusrim.com\/wp-content\/uploads\/2016\/01\/Vanessa-Tamburi-Adel-Karanov-Mauro-Picotto-Tours-en-Italie.jpg\"><img loading=\"lazy\" class=\" wp-image-5779 aligncenter\" src=\"http:\/\/www.rusrim.com\/wp-content\/uploads\/2016\/01\/Vanessa-Tamburi-Adel-Karanov-Mauro-Picotto-Tours-en-Italie-300x225.jpg\" alt=\"Vanessa Tamburi - Adel Karanov - Mauro Picotto - Tours en Italie\" width=\"445\" height=\"334\" srcset=\"http:\/\/www.rusrim.com\/wp-content\/uploads\/2016\/01\/Vanessa-Tamburi-Adel-Karanov-Mauro-Picotto-Tours-en-Italie-300x225.jpg 300w, http:\/\/www.rusrim.com\/wp-content\/uploads\/2016\/01\/Vanessa-Tamburi-Adel-Karanov-Mauro-Picotto-Tours-en-Italie-1024x768.jpg 1024w\" sizes=\"(max-width: 445px) 100vw, 445px\" \/><\/a><\/p>\n<h5 style=\"text-align: center;\">Vanessa Tamburi &#8211;\u00a0danseuse italienne &#8211; Odissea<\/h5>\n<p><a href=\"http:\/\/www.rusrim.com\/wp-content\/uploads\/2016\/01\/Chor\u00e9graphe-Vanessa-Tamburi-Guide-dArt-Italie.jpg\"><img loading=\"lazy\" class=\"size-medium wp-image-5782 aligncenter\" src=\"http:\/\/www.rusrim.com\/wp-content\/uploads\/2016\/01\/Chor\u00e9graphe-Vanessa-Tamburi-Guide-dArt-Italie-270x300.jpg\" alt=\"Chor\u00e9graphe Vanessa Tamburi - Guide d'Art Italie\" width=\"270\" height=\"300\" srcset=\"http:\/\/www.rusrim.com\/wp-content\/uploads\/2016\/01\/Chor\u00e9graphe-Vanessa-Tamburi-Guide-dArt-Italie-270x300.jpg 270w, http:\/\/www.rusrim.com\/wp-content\/uploads\/2016\/01\/Chor\u00e9graphe-Vanessa-Tamburi-Guide-dArt-Italie-921x1024.jpg 921w, http:\/\/www.rusrim.com\/wp-content\/uploads\/2016\/01\/Chor\u00e9graphe-Vanessa-Tamburi-Guide-dArt-Italie.jpg 1455w\" sizes=\"(max-width: 270px) 100vw, 270px\" \/><\/a> <a href=\"http:\/\/www.rusrim.com\/wp-content\/uploads\/2016\/01\/Vanessa-Tamburi-Ballet-dItalie.jpg\"><img loading=\"lazy\" class=\" wp-image-5783 aligncenter\" src=\"http:\/\/www.rusrim.com\/wp-content\/uploads\/2016\/01\/Vanessa-Tamburi-Ballet-dItalie-184x300.jpg\" alt=\"Vanessa Tamburi - Ballet d'Italie\" width=\"280\" height=\"457\" srcset=\"http:\/\/www.rusrim.com\/wp-content\/uploads\/2016\/01\/Vanessa-Tamburi-Ballet-dItalie-184x300.jpg 184w, http:\/\/www.rusrim.com\/wp-content\/uploads\/2016\/01\/Vanessa-Tamburi-Ballet-dItalie-628x1024.jpg 628w, http:\/\/www.rusrim.com\/wp-content\/uploads\/2016\/01\/Vanessa-Tamburi-Ballet-dItalie.jpg 1503w\" sizes=\"(max-width: 280px) 100vw, 280px\" \/><\/a> <a href=\"http:\/\/www.rusrim.com\/wp-content\/uploads\/2016\/01\/Vanessa-Tamburi-danseuse-italienne-Odissea.jpg\"><img loading=\"lazy\" class=\" wp-image-5784 aligncenter\" src=\"http:\/\/www.rusrim.com\/wp-content\/uploads\/2016\/01\/Vanessa-Tamburi-danseuse-italienne-Odissea-300x208.jpg\" alt=\"Vanessa Tamburi - danseuse italienne - Odissea\" width=\"415\" height=\"288\" srcset=\"http:\/\/www.rusrim.com\/wp-content\/uploads\/2016\/01\/Vanessa-Tamburi-danseuse-italienne-Odissea-300x208.jpg 300w, http:\/\/www.rusrim.com\/wp-content\/uploads\/2016\/01\/Vanessa-Tamburi-danseuse-italienne-Odissea-1024x711.jpg 1024w\" sizes=\"(max-width: 415px) 100vw, 415px\" \/><\/a><\/p>\n<h5 style=\"text-align: center;\">\u00a0<span style=\"color: #0000ff;\"><a style=\"color: #0000ff;\" href=\"http:\/\/www.rusrim.com\/fr\/\">TOURS PRIVE EN ITALIE<\/a><\/span><\/h5>\n<h5 style=\"text-align: center;\"><span style=\"color: #993300;\"><span style=\"color: #800000;\"><span style=\"font-family: Loma;\"><b>+39 389 5975 184\u00a0<\/b><\/span><\/span><\/span><span style=\"color: #800000;\">\u00a0<\/span><span style=\"color: #800000;\"><a href=\"mailto:info@rusrim.com\">info@rusrim.com\u00a0<\/a><\/span><span style=\"color: #993300;\"><span style=\"color: #800000;\"><span style=\"font-family: Loma;\"><b>+39\u00a0329 44 83 644<\/b><\/span><\/span><\/span><\/h5>\n<h4 class=\"western\" align=\"CENTER\"><span style=\"color: #800000;\"><span style=\"font-family: Loma;\"><b>\u00a0<\/b><\/span><\/span><\/h4>\n<p><\/p>","protected":false},"excerpt":{"rendered":"<p>Chor\u00e9graphe: Vanessa Tamburi &#8211; Direction:\u00a0Mauro Picotto &#8211; sc\u00e9nographe: Jan Klug Musique Adel Karanov Vanessa Tamburi &#8211;\u00a0 &#8220;The last beat&#8221; (part 1) Spoleto\u00a0&#8211;\u00a0Teatro Nuovo Vanessa Tamburi a commenc\u00e9 sa carri\u00e8re \u00e0 l&#8217;Acad\u00e9mie nationale de danse de Rome et a poursuivi ses \u00e9tudes \u00e0 Mudra, l&#8217;\u00e9cole dirig\u00e9e par M. Bejart, \u00e0 Bruxelles. Elle a travaill\u00e9 en tant [&hellip;]<\/p>\n","protected":false},"author":2,"featured_media":0,"parent":640,"menu_order":4,"comment_status":"closed","ping_status":"closed","template":"","meta":[],"tags":[828,1377,3596,3590,3010,3591,3595,3594,3593,3592],"_links":{"self":[{"href":"http:\/\/www.rusrim.com\/fr\/wp-json\/wp\/v2\/pages\/1000"}],"collection":[{"href":"http:\/\/www.rusrim.com\/fr\/wp-json\/wp\/v2\/pages"}],"about":[{"href":"http:\/\/www.rusrim.com\/fr\/wp-json\/wp\/v2\/types\/page"}],"author":[{"embeddable":true,"href":"http:\/\/www.rusrim.com\/fr\/wp-json\/wp\/v2\/users\/2"}],"replies":[{"embeddable":true,"href":"http:\/\/www.rusrim.com\/fr\/wp-json\/wp\/v2\/comments?post=1000"}],"version-history":[{"count":63,"href":"http:\/\/www.rusrim.com\/fr\/wp-json\/wp\/v2\/pages\/1000\/revisions"}],"predecessor-version":[{"id":8908,"href":"http:\/\/www.rusrim.com\/fr\/wp-json\/wp\/v2\/pages\/1000\/revisions\/8908"}],"up":[{"embeddable":true,"href":"http:\/\/www.rusrim.com\/fr\/wp-json\/wp\/v2\/pages\/640"}],"wp:attachment":[{"href":"http:\/\/www.rusrim.com\/fr\/wp-json\/wp\/v2\/media?parent=1000"}],"wp:term":[{"taxonomy":"post_tag","embeddable":true,"href":"http:\/\/www.rusrim.com\/fr\/wp-json\/wp\/v2\/tags?post=1000"}],"curies":[{"name":"wp","href":"https:\/\/api.w.org\/{rel}","templated":true}]}}