{"id":1830,"date":"2016-03-28T08:02:28","date_gmt":"2016-03-28T08:02:28","guid":{"rendered":"http:\/\/www.rusrim.com\/?page_id=1830"},"modified":"2021-09-18T18:09:20","modified_gmt":"2021-09-18T18:09:20","slug":"english-villa-medici","status":"publish","type":"page","link":"http:\/\/www.rusrim.com\/fr\/english-rome-private-tours\/english-villa-medici\/","title":{"rendered":"Villa Medici"},"content":{"rendered":"<p><\/p>\n<h5 style=\"text-align: center;\"><span class=\"VIiyi\" lang=\"fr\"><span class=\"JLqJ4b ChMk0b\" data-language-for-alternatives=\"fr\" data-language-to-translate-into=\"bg\" data-phrase-index=\"0\">R\u00e9servation d\u2019excursions \u00e0 Rome sans pr\u00e9paiement<\/span><\/span><\/h5>\n<h5 style=\"text-align: center;\">+39 389 59 75 184\u00a0\u00a0\u00a0<a href=\"mailto:info@rusrim.com\">info@rusrim.com\u00a0\u00a0<\/a><\/h5>\n<div id=\"attachment_1833\" style=\"width: 738px\" class=\"wp-caption aligncenter\"><a href=\"http:\/\/www.rusrim.com\/wp-content\/uploads\/2016\/03\/villa-medici-rome-car-excursion.jpg\"><img aria-describedby=\"caption-attachment-1833\" loading=\"lazy\" class=\"Villa Medici wp-image-1833 size-full\" title=\"Villa Medici\" src=\"http:\/\/www.rusrim.com\/wp-content\/uploads\/2016\/03\/villa-medici-rome-car-excursion.jpg\" alt=\"Villa Medici\" width=\"728\" height=\"474\" srcset=\"http:\/\/www.rusrim.com\/wp-content\/uploads\/2016\/03\/villa-medici-rome-car-excursion.jpg 728w, http:\/\/www.rusrim.com\/wp-content\/uploads\/2016\/03\/villa-medici-rome-car-excursion-300x195.jpg 300w\" sizes=\"(max-width: 728px) 100vw, 728px\" \/><\/a><p id=\"caption-attachment-1833\" class=\"wp-caption-text\">Villa Medici<\/p><\/div>\n<div class=\"ccvoYb\">\n<div class=\"AxqVh\">\n<div class=\"OPPzxe\">\n<div class=\"dePhmb\">\n<div class=\"eyKpYb\" data-language=\"fr\" data-original-language=\"en\" data-result-index=\"0\">\n<div class=\"J0lOec\" style=\"text-align: justify;\"><span class=\"VIiyi\" lang=\"fr\"><span class=\"JLqJ4b\" data-language-for-alternatives=\"fr\" data-language-to-translate-into=\"en\" data-phrase-index=\"0\">La Villa M\u00e9dicis et son grand parc ont \u00e9t\u00e9 cr\u00e9\u00e9s \u00e0 la fin du XVIe si\u00e8cle l\u00e0 o\u00f9, dans l&#8217;antiquit\u00e9, se trouvaient les jardins de Lucullus, c\u00e9l\u00e8bre dans la litt\u00e9rature larin pour sa passion pour la gastronomie et l&#8217;art de vivre. Le cardinal Ricci acquit le terrain en 1564, y fit construire un palais par l&#8217;architecte florentin Nanni di Baccio Bigio et fut responsable de la premi\u00e8re phase importante des travaux. En 1576, le cardinal Ferdinand de M\u00e9dicis, grand collectionneur et m\u00e9c\u00e8ne, ach\u00e8te le domaine et confie \u00e0 l&#8217;architecte florentin Bartolomeo Ammannati un projet tr\u00e8s ambitieux. Ferdinand de M\u00e9dicis, amoureux de l&#8217;antiquit\u00e9, a con\u00e7u la villa comme un mus\u00e9e, avec une galerie-antiquaire raffin\u00e9e. Le jardin a \u00e9galement \u00e9t\u00e9 con\u00e7u dans un esprit th\u00e9\u00e2tral, sur le mod\u00e8le des jardins botaniques cr\u00e9\u00e9s par la famille M\u00e9dicis \u00e0 Pise et Florence. On y trouvait de nombreuses plantes rares. avec de nombreuses antiquit\u00e9s. Le palais ne retrouvera son statut de paradis des arts qu&#8217;au XIXe si\u00e8cle. lorsqu&#8217;elle devint le si\u00e8ge de l&#8217;Acad\u00e9mie fran\u00e7aise \u00e0 Rome. Au-dessous de la villa se trouve l&#8217;\u00e9tendue de l&#8217;une des places les plus pittoresques de Rome, avec la toile de fond th\u00e9\u00e2trale du vol monumental du XIIIe si\u00e8cle de la Trintita dei Monti menant \u00e0 la fontaine de Batcaccia, \u0153uvre de Pietro Bernini en 1629. Le La Piazza di Spagna, qui forme un splendide arri\u00e8re-plan de la Via dei Condotti et est une v\u00e9ritable \u00abic\u00f4ne\u00bb de la ville, est l&#8217;un des complexes urbains les plus monumentaux et th\u00e9\u00e2traux de Rome. \u00c0 partir du XVIe si\u00e8cle, l&#8217;espace entre celui-ci et les voisines Via Margutta et Via Babuino \u00e9tait un point de rencontre pour les artistes et les \u00e9crivains, et le quartier \u00e9tait anim\u00e9 par des antiquaires, des auberges et d&#8217;\u00e9l\u00e9gants immeubles r\u00e9sidentiels. Cependant, c&#8217;est entre le XVIIe et le XVIIIe si\u00e8cle que la place a pris son aspect actuel, avec la caract\u00e9ristique \u00ab forme de beurre, form\u00e9e de deux triangles avec un sommet commun. D&#8217;abord appel\u00e9e \u00ab alla Trinita \u00bb, du nom de l&#8217;\u00e9glise qui la domine, elle est devenue connue sous le nom de Piazza di Spagna en r\u00e9f\u00e9rence \u00e0 la r\u00e9sidence de l&#8217;ambassadeur d&#8217;Espagne l\u00e0-bas. 1629 est l&#8217;ann\u00e9e o\u00f9 Pietro Bernini et son fils Gian Lorenzo ex\u00e9cutent la fontaine de Barcaccia. Cela a \u00e9t\u00e9 con\u00e7u pour comm\u00e9morer l&#8217;inondation du Tibre en 1598, et sa forme distinctive de bateau est une allusion \u00e0 l&#8217;\u00e9glise \u00e9tant sous la direction s\u00fbre des Barberini. Il repose sur le sol \u00e0 l&#8217;int\u00e9rieur d&#8217;un autre bassin de forme elliptique, qui agit comme le pivot spatial de la place, mais ce sont les marches centrales qui en font l&#8217;un des cadres les plus c\u00e9l\u00e8bres de la ville. Construit par Francesco De Sanctis entre 1723 et 1726 sous le patronage d&#8217;Innocent XIII, pour r\u00e9soudre la diff\u00e9rence de niveau entre la Chiesa di Trinita dei Monti et la place ci-dessous, les marches espagnoles sont bas\u00e9es sur la conception du port de Ripetta sul Tevere, qui a \u00e9t\u00e9 construit en 1704 par Alessandro Specchi puis d\u00e9truit. La solution audacieuse confirme le penchant th\u00e9\u00e2tral de l&#8217;urbanisme baroque tardif de la capitale. Il comprend d&#8217;impressionnantes terrasses \u00e0 balustrades embrass\u00e9es par deux ailes de marches qui, dans un \u00e9l\u00e9gant motif en \u00e9ventail et un mouvement altern\u00e9 et curviligne de rampes convergentes et divergentes, se confondent pour se diriger vers la place en contrebas.<\/span><\/span><\/div>\n<div class=\"UdTY9 Yb6eTe\" aria-hidden=\"true\" data-location=\"2\">\n<div class=\"kO6q6e\"><\/div>\n<\/div>\n<div class=\"BdDRKe\">\n<div class=\"aJIq1d DSmisd\" data-language-code=\"fr\" data-language-name=\"Francese\" data-text=\"La Villa M\u00e9dicis et son grand parc ont \u00e9t\u00e9 cr\u00e9\u00e9s \u00e0 la fin du XVIe si\u00e8cle l\u00e0 o\u00f9, dans l'antiquit\u00e9, se trouvaient les jardins de Lucullus, c\u00e9l\u00e8bre dans la litt\u00e9rature larin pour sa passion pour la gastronomie et l'art de vivre. Le cardinal Ricci acquit le terrain en 1564, y fit construire un palais par l'architecte florentin Nanni di Baccio Bigio et fut responsable de la premi\u00e8re phase importante des travaux. En 1576, le cardinal Ferdinand de M\u00e9dicis, grand collectionneur et m\u00e9c\u00e8ne, ach\u00e8te le domaine et confie \u00e0 l'architecte florentin Bartolomeo Ammannati un projet tr\u00e8s ambitieux. Ferdinand de M\u00e9dicis, amoureux de l'antiquit\u00e9, a con\u00e7u la villa comme un mus\u00e9e, avec une galerie-antiquaire raffin\u00e9e. Le jardin a \u00e9galement \u00e9t\u00e9 con\u00e7u dans un esprit th\u00e9\u00e2tral, sur le mod\u00e8le des jardins botaniques cr\u00e9\u00e9s par la famille M\u00e9dicis \u00e0 Pise et Florence. On y trouvait de nombreuses plantes rares. avec de nombreuses antiquit\u00e9s. Le palais ne retrouvera son statut de paradis des arts qu'au XIXe si\u00e8cle. lorsqu'elle devint le si\u00e8ge de l'Acad\u00e9mie fran\u00e7aise \u00e0 Rome. Au-dessous de la villa se trouve l'\u00e9tendue de l'une des places les plus pittoresques de Rome, avec la toile de fond th\u00e9\u00e2trale du vol monumental du XIIIe si\u00e8cle de la Trintita dei Monti menant \u00e0 la fontaine de Batcaccia, \u0153uvre de Pietro Bernini en 1629. Le La Piazza di Spagna, qui forme un splendide arri\u00e8re-plan de la Via dei Condotti et est une v\u00e9ritable \u00abic\u00f4ne\u00bb de la ville, est l'un des complexes urbains les plus monumentaux et th\u00e9\u00e2traux de Rome. \u00c0 partir du XVIe si\u00e8cle, l'espace entre celui-ci et les voisines Via Margutta et Via Babuino \u00e9tait un point de rencontre pour les artistes et les \u00e9crivains, et le quartier \u00e9tait anim\u00e9 par des antiquaires, des auberges et d'\u00e9l\u00e9gants immeubles r\u00e9sidentiels. Cependant, c'est entre le XVIIe et le XVIIIe si\u00e8cle que la place a pris son aspect actuel, avec la caract\u00e9ristique \u00ab forme de beurre, form\u00e9e de deux triangles avec un sommet commun. D'abord appel\u00e9e \u00ab alla Trinita \u00bb, du nom de l'\u00e9glise qui la domine, elle est devenue connue sous le nom de Piazza di Spagna en r\u00e9f\u00e9rence \u00e0 la r\u00e9sidence de l'ambassadeur d'Espagne l\u00e0-bas. 1629 est l'ann\u00e9e o\u00f9 Pietro Bernini et son fils Gian Lorenzo ex\u00e9cutent la fontaine de Barcaccia. Cela a \u00e9t\u00e9 con\u00e7u pour comm\u00e9morer l'inondation du Tibre en 1598, et sa forme distinctive de bateau est une allusion \u00e0 l'\u00e9glise \u00e9tant sous la direction s\u00fbre des Barberini. Il repose sur le sol \u00e0 l'int\u00e9rieur d'un autre bassin de forme elliptique, qui agit comme le pivot spatial de la place, mais ce sont les marches centrales qui en font l'un des cadres les plus c\u00e9l\u00e8bres de la ville. Construit par Francesco De Sanctis entre 1723 et 1726 sous le patronage d'Innocent XIII, pour r\u00e9soudre la diff\u00e9rence de niveau entre la Chiesa di Trinita dei Monti et la place ci-dessous, les marches espagnoles sont bas\u00e9es sur la conception du port de Ripetta sul Tevere, qui a \u00e9t\u00e9 construit en 1704 par Alessandro Specchi puis d\u00e9truit. La solution audacieuse confirme le penchant th\u00e9\u00e2tral de l'urbanisme baroque tardif de la capitale. Il comprend d'impressionnantes terrasses \u00e0 balustrades embrass\u00e9es par deux ailes de marches qui, dans un \u00e9l\u00e9gant motif en \u00e9ventail et un mouvement altern\u00e9 et curviligne de rampes convergentes et divergentes, se confondent pour se diriger vers la place en contrebas.\" data-crosslingual-hint=\"\" data-location=\"2\" data-enable-toggle-playback-speed=\"true\">\n<div data-show-delay-ms=\"250\" data-append-to-body=\"true\" data-propagate-tooltip-mouseover-events=\"true\" data-anchor-corner=\"bottom-left\" data-popup-corner=\"top-left\">\n<div>\n<h3 style=\"text-align: center;\">Tours motoris\u00e9s en Italie <span style=\"color: #0000ff;\"><a style=\"color: #0000ff;\" href=\"http:\/\/www.rusrim.com\/fr\/\u0440\u0438\u043c-\u0442\u0443\u0440\u044b-\u043d\u0430-\u043c\u0430\u0448\u0438\u043d\u0435\/\u0430\u0432\u0442\u043e\u043c\u043e\u0431\u0438\u043b\u044c\u043d\u044b\u0435-\u0442\u0443\u0440\u044b-\u043f\u043e-\u0440\u0438\u043c\u0443-\u0438-\u0432\u0430\u0442\u0438\u043a\u0430\u043d\u0443\/\">ROME<\/a><\/span> &#8211; <span style=\"color: #0000ff;\"><a style=\"color: #0000ff;\" href=\"http:\/\/www.rusrim.com\/fr\/\u0440\u0438\u043c-\u0442\u0443\u0440\u044b-\u043d\u0430-\u043c\u0430\u0448\u0438\u043d\u0435\/\u043b\u0430\u0446\u0438\u043e-\u044d\u043a\u0441\u043a\u0443\u0440\u0441\u0438\u0438-\u043d\u0430-\u043c\u0430\u0448\u0438\u043d\u0435\/\">LATIUM<\/a><\/span> &#8211; <a href=\"http:\/\/www.rusrim.com\/fr\/\u0440\u0438\u043c-\u0442\u0443\u0440\u044b-\u043d\u0430-\u043c\u0430\u0448\u0438\u043d\u0435\/\u044d\u043a\u0441\u043a\u0443\u0440\u0441\u0438\u0438-\u0432-\u0442\u043e\u0441\u043a\u0430\u043d\u0443-\u0438\u0437-\u0440\u0438\u043c\u0430\/\"><span style=\"color: #0000ff;\">TOSCANE<\/span><\/a> &#8211; <span style=\"color: #0000ff;\"><a style=\"color: #0000ff;\" href=\"http:\/\/www.rusrim.com\/fr\/\u0440\u0438\u043c-\u0442\u0443\u0440\u044b-\u043d\u0430-\u043c\u0430\u0448\u0438\u043d\u0435\/\u0443\u043c\u0431\u0440\u0438\u044f-\u044d\u043a\u0441\u043a\u0443\u0440\u0441\u0438\u0438-\u0441-\u0433\u0438\u0434\u043e\u043c\/\">OMBRIE<\/a><\/span> &#8211; <span style=\"color: #0000ff;\"><a style=\"color: #0000ff;\" href=\"http:\/\/www.rusrim.com\/fr\/\u0440\u0438\u043c-\u0442\u0443\u0440\u044b-\u043d\u0430-\u043c\u0430\u0448\u0438\u043d\u0435\/\u0430\u043c\u0430\u043b\u044c\u0444\u0438-\u043f\u043e\u0437\u0438\u0442\u0430\u043d\u043e-\u0441\u043e\u0440\u0440\u0435\u043d\u0442\u043e-\u043f\u043e\u043c\u043f\u0435\u0438\/\">CAMPANIE<\/a><\/span> &#8211; <span style=\"color: #0000ff;\"><a style=\"color: #0000ff;\" href=\"http:\/\/www.rusrim.com\/fr\/\u0440\u0438\u043c-\u0442\u0443\u0440\u044b-\u043d\u0430-\u043c\u0430\u0448\u0438\u043d\u0435\/english-abruzzo-private-car-tour-from-rome\/\">ABRUZZES<\/a><\/span> &#8211; <span style=\"color: #0000ff;\"><a style=\"color: #0000ff;\" href=\"http:\/\/www.rusrim.com\/fr\/\u0440\u0438\u043c-\u0442\u0443\u0440\u044b-\u043d\u0430-\u043c\u0430\u0448\u0438\u043d\u0435\/\u0432\u0435\u043d\u0435\u0446\u0438\u044f-\u0438\u043d\u0434\u0438\u0432\u0438\u0434\u0443\u0430\u043b\u044c\u043d\u0430\u044f-\u044d\u043a\u0441\u043a\u0443\u0440\u0441\u0438\u044f\/\">Venise &#8211; <\/a><a style=\"color: #0000ff;\" href=\"http:\/\/www.rusrim.com\/fr\/\u0440\u0438\u043c-\u0442\u0443\u0440\u044b-\u043d\u0430-\u043c\u0430\u0448\u0438\u043d\u0435\/\u0431\u044a\u043b\u0433\u0430\u0440\u0441\u043a\u0438-\u0442\u0440\u0435\u043d\u0442\u0438\u043d\u043e-\u0430\u043b\u0442\u043e-\u0430\u0434\u0438\u0434\u0436\u0435-\u0441\u0443\u0434-\u0442\/\">TRENTINO<\/a><\/span><\/h3>\n<h5 style=\"text-align: center;\">Excursions en Bulgare, Russe, Anglais, Fran\u00e7ais et Ukrainien<\/h5>\n<h5 style=\"text-align: center;\">Tours individuels avec chauffeur\/<span style=\"color: #0000ff;\"><a style=\"color: #0000ff;\" href=\"http:\/\/www.rusrim.com\/fr\/%D0%B3%D0%B8%D0%B4%D1%8B\/%D0%B3%D0%B8%D0%B4-%D1%80%D0%B8%D0%BC\/\">guide <\/a><\/span>-conf\u00e9rencier \u00e0 Rome, Le <span style=\"color: #0000ff;\"><a style=\"color: #0000ff;\" href=\"http:\/\/www.rusrim.com\/fr\/\u044d\u043a\u0441\u043a\u0443\u0440\u0441\u0438\u0438-\u043f\u043e-\u0440\u0438\u043c\u0443\/\u043e\u0431\u0437\u043e\u0440\u043d\u0430\u044f-\u043f\u043e-\u0432\u0430\u0442\u0438\u043a\u0430\u043d\u0443\/\">Vatican<\/a><\/span>, et les r\u00e9gions du <span style=\"color: #0000ff;\"><a style=\"color: #0000ff;\" href=\"http:\/\/www.rusrim.com\/fr\/\u0440\u0438\u043c-\u0442\u0443\u0440\u044b-\u043d\u0430-\u043c\u0430\u0448\u0438\u043d\u0435\/\u043b\u0430\u0446\u0438\u043e-\u044d\u043a\u0441\u043a\u0443\u0440\u0441\u0438\u0438-\u043d\u0430-\u043c\u0430\u0448\u0438\u043d\u0435\/\">LATIUM<\/a><\/span> (<span style=\"color: #0000ff;\"><a style=\"color: #0000ff;\" href=\"http:\/\/www.rusrim.com\/fr\/\u0440\u0438\u043c-\u0442\u0443\u0440\u044b-\u043d\u0430-\u043c\u0430\u0448\u0438\u043d\u0435\/\u043b\u0430\u0446\u0438\u043e-\u044d\u043a\u0441\u043a\u0443\u0440\u0441\u0438\u0438-\u043d\u0430-\u043c\u0430\u0448\u0438\u043d\u0435\/\u0442\u0438\u0432\u043e\u043b\u0438\/\">Tivoli<\/a><\/span>, <span style=\"color: #0000ff;\"><a style=\"color: #0000ff;\" href=\"http:\/\/www.rusrim.com\/fr\/\u0440\u0438\u043c-\u0442\u0443\u0440\u044b-\u043d\u0430-\u043c\u0430\u0448\u0438\u043d\u0435\/\u043b\u0430\u0446\u0438\u043e-\u044d\u043a\u0441\u043a\u0443\u0440\u0441\u0438\u0438-\u043d\u0430-\u043c\u0430\u0448\u0438\u043d\u0435\/\u0440\u0438\u043c\u0441\u043a\u0438\u0435-\u0437\u0430\u043c\u043a\u0438-\u044d\u043a\u0441\u043a\u0443\u0440\u0441\u0438\u044f\/\">Chateaux Romains<\/a><\/span>, <span style=\"color: #0000ff;\"><a style=\"color: #0000ff;\" href=\"http:\/\/www.rusrim.com\/fr\/\u0440\u0438\u043c-\u0442\u0443\u0440\u044b-\u043d\u0430-\u043c\u0430\u0448\u0438\u043d\u0435\/\u043b\u0430\u0446\u0438\u043e-\u044d\u043a\u0441\u043a\u0443\u0440\u0441\u0438\u0438-\u043d\u0430-\u043c\u0430\u0448\u0438\u043d\u0435\/\u0442\u0430\u0440\u043a\u0432\u0438\u043d\u0438\u044f\/\">Tarquinie<\/a><\/span>) et <span style=\"color: #0000ff;\"><a style=\"color: #0000ff;\" href=\"http:\/\/www.rusrim.com\/fr\/\u0440\u0438\u043c-\u0442\u0443\u0440\u044b-\u043d\u0430-\u043c\u0430\u0448\u0438\u043d\u0435\/\u044d\u043a\u0441\u043a\u0443\u0440\u0441\u0438\u0438-\u0432-\u0442\u043e\u0441\u043a\u0430\u043d\u0443-\u0438\u0437-\u0440\u0438\u043c\u0430\/\">TOSCANE<\/a><\/span> (Florence, Sienne, Capalbe, Argentaire, Pise), <span style=\"color: #0000ff;\"><a style=\"color: #0000ff;\" href=\"http:\/\/www.rusrim.com\/fr\/\u0440\u0438\u043c-\u0442\u0443\u0440\u044b-\u043d\u0430-\u043c\u0430\u0448\u0438\u043d\u0435\/\u0443\u043c\u0431\u0440\u0438\u044f-\u044d\u043a\u0441\u043a\u0443\u0440\u0441\u0438\u0438-\u0441-\u0433\u0438\u0434\u043e\u043c\/\">OMBRIE<\/a><\/span> (Orvieto, Assise, P\u00e9rouse) ABRUZZES ( <span style=\"color: #0000ff;\"><a style=\"color: #0000ff;\" href=\"http:\/\/www.rusrim.com\/fr\/\u0440\u0438\u043c-\u0442\u0443\u0440\u044b-\u043d\u0430-\u043c\u0430\u0448\u0438\u043d\u0435\/english-abruzzo-private-car-tour-from-rome\/\">Gran Sasso, l\u2019Aquila<\/a><\/span>) CAMPANIE ( <span style=\"color: #0000ff;\"><a style=\"color: #0000ff;\" href=\"http:\/\/www.rusrim.com\/fr\/\u0440\u0438\u043c-\u0442\u0443\u0440\u044b-\u043d\u0430-\u043c\u0430\u0448\u0438\u043d\u0435\/\u0430\u043c\u0430\u043b\u044c\u0444\u0438-\u043f\u043e\u0437\u0438\u0442\u0430\u043d\u043e-\u0441\u043e\u0440\u0440\u0435\u043d\u0442\u043e-\u043f\u043e\u043c\u043f\u0435\u0438\/\">Pomp\u00e9i et Amalfi<\/a><\/span>) avec chauffeur\/guide-conf\u00e9rencier Anglais, Fran\u00e7ais, Russe, Bulgare et Allemand.<\/h5>\n<h5 style=\"text-align: center;\"><span class=\"VIiyi\" lang=\"fr\"><span class=\"JLqJ4b ChMk0b\" data-language-for-alternatives=\"fr\" data-language-to-translate-into=\"bg\" data-phrase-index=\"0\">R\u00e9servation d\u2019excursions en Toscane sans pr\u00e9paiement<\/span><\/span><\/h5>\n<h5 style=\"text-align: center;\">+39 389 59 75 184\u00a0\u00a0\u00a0<a href=\"mailto:info@rusrim.com\">info@rusrim.com\u00a0\u00a0<\/a><\/h5>\n<\/div>\n<\/div>\n<\/div>\n<\/div>\n<\/div>\n<\/div>\n<\/div>\n<\/div>\n<\/div>\n<p><\/p>","protected":false},"excerpt":{"rendered":"<p>R\u00e9servation d\u2019excursions \u00e0 Rome sans pr\u00e9paiement +39 389 59 75 184\u00a0\u00a0\u00a0info@rusrim.com\u00a0\u00a0 La Villa M\u00e9dicis et son grand parc ont \u00e9t\u00e9 cr\u00e9\u00e9s \u00e0 la fin du XVIe si\u00e8cle l\u00e0 o\u00f9, dans l&#8217;antiquit\u00e9, se trouvaient les jardins de Lucullus, c\u00e9l\u00e8bre dans la litt\u00e9rature larin pour sa passion pour la gastronomie et l&#8217;art de vivre. Le cardinal Ricci [&hellip;]<\/p>\n","protected":false},"author":2,"featured_media":0,"parent":2196,"menu_order":45,"comment_status":"closed","ping_status":"closed","template":"","meta":[],"tags":[2028,3068,2030,3067,3066,2029,3445,3684,3013,533,284,3437,3491,956,955],"_links":{"self":[{"href":"http:\/\/www.rusrim.com\/fr\/wp-json\/wp\/v2\/pages\/1830"}],"collection":[{"href":"http:\/\/www.rusrim.com\/fr\/wp-json\/wp\/v2\/pages"}],"about":[{"href":"http:\/\/www.rusrim.com\/fr\/wp-json\/wp\/v2\/types\/page"}],"author":[{"embeddable":true,"href":"http:\/\/www.rusrim.com\/fr\/wp-json\/wp\/v2\/users\/2"}],"replies":[{"embeddable":true,"href":"http:\/\/www.rusrim.com\/fr\/wp-json\/wp\/v2\/comments?post=1830"}],"version-history":[{"count":20,"href":"http:\/\/www.rusrim.com\/fr\/wp-json\/wp\/v2\/pages\/1830\/revisions"}],"predecessor-version":[{"id":9585,"href":"http:\/\/www.rusrim.com\/fr\/wp-json\/wp\/v2\/pages\/1830\/revisions\/9585"}],"up":[{"embeddable":true,"href":"http:\/\/www.rusrim.com\/fr\/wp-json\/wp\/v2\/pages\/2196"}],"wp:attachment":[{"href":"http:\/\/www.rusrim.com\/fr\/wp-json\/wp\/v2\/media?parent=1830"}],"wp:term":[{"taxonomy":"post_tag","embeddable":true,"href":"http:\/\/www.rusrim.com\/fr\/wp-json\/wp\/v2\/tags?post=1830"}],"curies":[{"name":"wp","href":"https:\/\/api.w.org\/{rel}","templated":true}]}}