{"id":1836,"date":"2016-03-28T08:11:59","date_gmt":"2016-03-28T08:11:59","guid":{"rendered":"http:\/\/www.rusrim.com\/?page_id=1836"},"modified":"2021-06-24T11:24:32","modified_gmt":"2021-06-24T11:24:32","slug":"english-ansedonia","status":"publish","type":"page","link":"http:\/\/www.rusrim.com\/fr\/%d1%80%d0%b8%d0%bc-%d1%82%d1%83%d1%80%d1%8b-%d0%bd%d0%b0-%d0%bc%d0%b0%d1%88%d0%b8%d0%bd%d0%b5\/%d1%8d%d0%ba%d1%81%d0%ba%d1%83%d1%80%d1%81%d0%b8%d0%b8-%d0%b2-%d1%82%d0%be%d1%81%d0%ba%d0%b0%d0%bd%d1%83-%d0%b8%d0%b7-%d1%80%d0%b8%d0%bc%d0%b0\/english-ansedonia\/","title":{"rendered":"(English) Ansedonia &#8211; Tuscany private tour from Rome"},"content":{"rendered":"<p class=\"qtranxs-available-languages-message qtranxs-available-languages-message-fr\">D\u00e9sol\u00e9, cet article est seulement disponible en <a href=\"http:\/\/www.rusrim.com\/en\/wp-json\/wp\/v2\/pages\/1836\" class=\"qtranxs-available-language-link qtranxs-available-language-link-en\" title=\"English\">Anglais Am\u00e9ricain<\/a>.<\/p>","protected":false},"excerpt":{"rendered":"<p>D\u00e9sol\u00e9, cet article est seulement disponible en Anglais Am\u00e9ricain.<\/p>\n","protected":false},"author":2,"featured_media":0,"parent":314,"menu_order":8,"comment_status":"closed","ping_status":"closed","template":"","meta":[],"tags":[2057,2064,2062,2065,2063,2060,2058,2061,2059,2039,2044,2038,2043,1816,1940,2042,1038,2036,2040,2037,2041,1815,1814,431,1805,2035,2034,1023,2010,2032,388,2033,3052,387,2056,2055,2031],"_links":{"self":[{"href":"http:\/\/www.rusrim.com\/fr\/wp-json\/wp\/v2\/pages\/1836"}],"collection":[{"href":"http:\/\/www.rusrim.com\/fr\/wp-json\/wp\/v2\/pages"}],"about":[{"href":"http:\/\/www.rusrim.com\/fr\/wp-json\/wp\/v2\/types\/page"}],"author":[{"embeddable":true,"href":"http:\/\/www.rusrim.com\/fr\/wp-json\/wp\/v2\/users\/2"}],"replies":[{"embeddable":true,"href":"http:\/\/www.rusrim.com\/fr\/wp-json\/wp\/v2\/comments?post=1836"}],"version-history":[{"count":11,"href":"http:\/\/www.rusrim.com\/fr\/wp-json\/wp\/v2\/pages\/1836\/revisions"}],"predecessor-version":[{"id":7700,"href":"http:\/\/www.rusrim.com\/fr\/wp-json\/wp\/v2\/pages\/1836\/revisions\/7700"}],"up":[{"embeddable":true,"href":"http:\/\/www.rusrim.com\/fr\/wp-json\/wp\/v2\/pages\/314"}],"wp:attachment":[{"href":"http:\/\/www.rusrim.com\/fr\/wp-json\/wp\/v2\/media?parent=1836"}],"wp:term":[{"taxonomy":"post_tag","embeddable":true,"href":"http:\/\/www.rusrim.com\/fr\/wp-json\/wp\/v2\/tags?post=1836"}],"curies":[{"name":"wp","href":"https:\/\/api.w.org\/{rel}","templated":true}]}}