{"id":1853,"date":"2016-03-28T16:01:03","date_gmt":"2016-03-28T16:01:03","guid":{"rendered":"http:\/\/www.rusrim.com\/?page_id=1853"},"modified":"2021-06-24T11:17:05","modified_gmt":"2021-06-24T11:17:05","slug":"english-maremma-toscana","status":"publish","type":"page","link":"http:\/\/www.rusrim.com\/fr\/%d1%80%d0%b8%d0%bc-%d1%82%d1%83%d1%80%d1%8b-%d0%bd%d0%b0-%d0%bc%d0%b0%d1%88%d0%b8%d0%bd%d0%b5\/%d1%8d%d0%ba%d1%81%d0%ba%d1%83%d1%80%d1%81%d0%b8%d0%b8-%d0%b2-%d1%82%d0%be%d1%81%d0%ba%d0%b0%d0%bd%d1%83-%d0%b8%d0%b7-%d1%80%d0%b8%d0%bc%d0%b0\/english-maremma-toscana\/","title":{"rendered":"(English) Maremma Toscana Private tour in Tuscany &#8211; guide with car"},"content":{"rendered":"<p class=\"qtranxs-available-languages-message qtranxs-available-languages-message-fr\">D\u00e9sol\u00e9, cet article est seulement disponible en <a href=\"http:\/\/www.rusrim.com\/en\/wp-json\/wp\/v2\/pages\/1853\" class=\"qtranxs-available-language-link qtranxs-available-language-link-en\" title=\"English\">Anglais Am\u00e9ricain<\/a>.<\/p>","protected":false},"excerpt":{"rendered":"<p>D\u00e9sol\u00e9, cet article est seulement disponible en Anglais Am\u00e9ricain.<\/p>\n","protected":false},"author":2,"featured_media":0,"parent":314,"menu_order":4,"comment_status":"closed","ping_status":"closed","template":"","meta":[],"tags":[2484,2039,2044,2038,2043,1816,1940,2042,2477,2036,2040,2037,2041,1815,2471,1814,431,2035,2034,1023,2010,2032,388,2033,2478,2476,2045,2046,2053,2051,2054,2052,2049,2047,2050,2048,2212,2474,2475,2472,2473,2467,2468,2470,2469,387,2056,2055,2031,2479,2431],"_links":{"self":[{"href":"http:\/\/www.rusrim.com\/fr\/wp-json\/wp\/v2\/pages\/1853"}],"collection":[{"href":"http:\/\/www.rusrim.com\/fr\/wp-json\/wp\/v2\/pages"}],"about":[{"href":"http:\/\/www.rusrim.com\/fr\/wp-json\/wp\/v2\/types\/page"}],"author":[{"embeddable":true,"href":"http:\/\/www.rusrim.com\/fr\/wp-json\/wp\/v2\/users\/2"}],"replies":[{"embeddable":true,"href":"http:\/\/www.rusrim.com\/fr\/wp-json\/wp\/v2\/comments?post=1853"}],"version-history":[{"count":16,"href":"http:\/\/www.rusrim.com\/fr\/wp-json\/wp\/v2\/pages\/1853\/revisions"}],"predecessor-version":[{"id":7692,"href":"http:\/\/www.rusrim.com\/fr\/wp-json\/wp\/v2\/pages\/1853\/revisions\/7692"}],"up":[{"embeddable":true,"href":"http:\/\/www.rusrim.com\/fr\/wp-json\/wp\/v2\/pages\/314"}],"wp:attachment":[{"href":"http:\/\/www.rusrim.com\/fr\/wp-json\/wp\/v2\/media?parent=1853"}],"wp:term":[{"taxonomy":"post_tag","embeddable":true,"href":"http:\/\/www.rusrim.com\/fr\/wp-json\/wp\/v2\/tags?post=1853"}],"curies":[{"name":"wp","href":"https:\/\/api.w.org\/{rel}","templated":true}]}}