{"id":1905,"date":"2016-03-28T19:25:56","date_gmt":"2016-03-28T19:25:56","guid":{"rendered":"http:\/\/www.rusrim.com\/?page_id=1905"},"modified":"2021-06-24T11:27:10","modified_gmt":"2021-06-24T11:27:10","slug":"english-porto-santo-stefano","status":"publish","type":"page","link":"http:\/\/www.rusrim.com\/fr\/%d1%80%d0%b8%d0%bc-%d1%82%d1%83%d1%80%d1%8b-%d0%bd%d0%b0-%d0%bc%d0%b0%d1%88%d0%b8%d0%bd%d0%b5\/%d1%8d%d0%ba%d1%81%d0%ba%d1%83%d1%80%d1%81%d0%b8%d0%b8-%d0%b2-%d1%82%d0%be%d1%81%d0%ba%d0%b0%d0%bd%d1%83-%d0%b8%d0%b7-%d1%80%d0%b8%d0%bc%d0%b0\/english-porto-santo-stefano\/","title":{"rendered":"(English) Porto Santo Stefano &#8211; Tuscany private tour from Rome"},"content":{"rendered":"<p class=\"qtranxs-available-languages-message qtranxs-available-languages-message-fr\">D\u00e9sol\u00e9, cet article est seulement disponible en <a href=\"http:\/\/www.rusrim.com\/en\/wp-json\/wp\/v2\/pages\/1905\" class=\"qtranxs-available-language-link qtranxs-available-language-link-en\" title=\"English\">Anglais Am\u00e9ricain<\/a> et <a href=\"http:\/\/www.rusrim.com\/bg\/wp-json\/wp\/v2\/pages\/1905\" class=\"qtranxs-available-language-link qtranxs-available-language-link-bg\" title=\"\u0411\u044a\u043b\u0433\u0430\u0440\u0441\u043a\u0438\">Bulgare<\/a>.<\/p>","protected":false},"excerpt":{"rendered":"<p>D\u00e9sol\u00e9, cet article est seulement disponible en Anglais Am\u00e9ricain et Bulgare.<\/p>\n","protected":false},"author":2,"featured_media":0,"parent":314,"menu_order":11,"comment_status":"closed","ping_status":"closed","template":"","meta":[],"tags":[2039,2044,2038,2043,1816,1940,2042,1038,2036,2040,2037,2041,1815,1814,431,1805,2035,2034,1023,2010,2115,2032,388,2033,438,2123,2126,2119,2114,2127,2118,2122,2117,2125,2124,2121,2120,387,2056,2055,2031,3054,2116,2951,1314,2259,2262,508,2599,1316,2261,2258,2260,30],"_links":{"self":[{"href":"http:\/\/www.rusrim.com\/fr\/wp-json\/wp\/v2\/pages\/1905"}],"collection":[{"href":"http:\/\/www.rusrim.com\/fr\/wp-json\/wp\/v2\/pages"}],"about":[{"href":"http:\/\/www.rusrim.com\/fr\/wp-json\/wp\/v2\/types\/page"}],"author":[{"embeddable":true,"href":"http:\/\/www.rusrim.com\/fr\/wp-json\/wp\/v2\/users\/2"}],"replies":[{"embeddable":true,"href":"http:\/\/www.rusrim.com\/fr\/wp-json\/wp\/v2\/comments?post=1905"}],"version-history":[{"count":22,"href":"http:\/\/www.rusrim.com\/fr\/wp-json\/wp\/v2\/pages\/1905\/revisions"}],"predecessor-version":[{"id":7705,"href":"http:\/\/www.rusrim.com\/fr\/wp-json\/wp\/v2\/pages\/1905\/revisions\/7705"}],"up":[{"embeddable":true,"href":"http:\/\/www.rusrim.com\/fr\/wp-json\/wp\/v2\/pages\/314"}],"wp:attachment":[{"href":"http:\/\/www.rusrim.com\/fr\/wp-json\/wp\/v2\/media?parent=1905"}],"wp:term":[{"taxonomy":"post_tag","embeddable":true,"href":"http:\/\/www.rusrim.com\/fr\/wp-json\/wp\/v2\/tags?post=1905"}],"curies":[{"name":"wp","href":"https:\/\/api.w.org\/{rel}","templated":true}]}}