{"id":2236,"date":"2017-09-18T17:00:52","date_gmt":"2017-09-18T17:00:52","guid":{"rendered":"http:\/\/www.rusrim.com\/?page_id=2236"},"modified":"2021-09-18T18:03:03","modified_gmt":"2021-09-18T18:03:03","slug":"english-piazza-navona-rome","status":"publish","type":"page","link":"http:\/\/www.rusrim.com\/fr\/english-rome-private-tours\/english-piazza-navona-rome\/","title":{"rendered":"Piazza Navona"},"content":{"rendered":"<p><\/p>\n<h5 style=\"text-align: center;\"><span class=\"VIiyi\" lang=\"fr\"><span class=\"JLqJ4b ChMk0b\" data-language-for-alternatives=\"fr\" data-language-to-translate-into=\"bg\" data-phrase-index=\"0\">R\u00e9servation d\u2019excursions \u00e0 Rome sans pr\u00e9paiement<\/span><\/span><\/h5>\n<h5 style=\"text-align: center;\">+39 389 59 75 184\u00a0\u00a0\u00a0<a href=\"mailto:info@rusrim.com\">info@rusrim.com\u00a0\u00a0<\/a><\/h5>\n<div id=\"attachment_1411\" style=\"width: 712px\" class=\"wp-caption aligncenter\"><a href=\"http:\/\/www.rusrim.com\/wp-content\/uploads\/2015\/12\/piazza-navona-roma.jpg\"><img aria-describedby=\"caption-attachment-1411\" loading=\"lazy\" class=\"Piazza Navona - Rome wp-image-1411 size-full\" title=\"Piazza Navona - Rome\" src=\"http:\/\/www.rusrim.com\/wp-content\/uploads\/2015\/12\/piazza-navona-roma.jpg\" alt=\"Piazza Navona - Rome\" width=\"702\" height=\"300\" srcset=\"http:\/\/www.rusrim.com\/wp-content\/uploads\/2015\/12\/piazza-navona-roma.jpg 702w, http:\/\/www.rusrim.com\/wp-content\/uploads\/2015\/12\/piazza-navona-roma-300x128.jpg 300w\" sizes=\"(max-width: 702px) 100vw, 702px\" \/><\/a><p id=\"caption-attachment-1411\" class=\"wp-caption-text\">Piazza Navona &#8211; Rome<\/p><\/div>\n<p style=\"text-align: justify;\"><span class=\"VIiyi\" lang=\"fr\"><span class=\"JLqJ4b\" data-language-for-alternatives=\"fr\" data-language-to-translate-into=\"en\" data-phrase-index=\"0\">Gr\u00e2ce \u00e0 sa forme allong\u00e9e originale, la Piazza Navona m\u00e9rite une place de choix parmi les nombreuses places historiques de Rome. Construit sur l&#8217;emplacement de l&#8217;ancien stade Domitien, il abritait traditionnellement le march\u00e9 et les spectacles populaires. Au 17\u00e8me si\u00e8cle, il devint le salon de la ville, en partie \u00e0 cause de la pr\u00e9sence du Palazzo Pamphilj, et il fut embelli par d&#8217;autres monuments et b\u00e2timents. Ceux-ci renforcent l&#8217;homog\u00e9n\u00e9it\u00e9 spatiale qui est due \u00e0 la r\u00e9gularit\u00e9 des \u00e9l\u00e9ments architecturaux entass\u00e9s dans les rangs ininterrompus de murs et de fa\u00e7ades, et \u00e0 l&#8217;unit\u00e9 atomique. Un r\u00e9sultat des plans d&#8217;urbanisme de la place sous le patronage d&#8217;Innocent X Pamphilj, qui \u00e9tait responsable de l&#8217;organisation compl\u00e8te de la zone et de la d\u00e9molition de certains blocs, a \u00e9t\u00e9 la fa\u00e7ade concave de\u00a0Sant&#8217;Agnese. uvre de Borromini, il se confond avec les murs entourant la place, copiant les motifs architecturaux essentiels et pr\u00e9sentant un exemple embl\u00e9matique d&#8217;int\u00e9gration dynamique entre le b\u00e2timent et l&#8217;espace devant lui, qui agit comme une extension de l&#8217;\u00e9glise et semble dispara\u00eetre dans \u00e7a. Dans l&#8217;am\u00e9nagement de la place, un r\u00f4le non moins important est jou\u00e9 par les trois fontaines qui servent \u00e0 diviser l&#8217;immense espace horizontal en quatre zones distinctes. L&#8217;accent est mis sur le centre symbolique et actuel de la Fontana dei Quattro Fiumi (Fontaine des Quatre Fleuves), \u0153uvre de Gian Lorenzo Bernini. C&#8217;est une all\u00e9gorie spectaculaire du prestige mondain du Pamphilj : une grotte naturelle a\u00e9rienne. Les quatre sources de rivi\u00e8res lointaines en jaillissent et il est parsem\u00e9 de plantes et d&#8217;animaux exotiques. Il sert de socle \u00e0 l&#8217;ob\u00e9lisque \u00e9gyptien couronn\u00e9 d&#8217;une colombe, symbole du Pamphilj et du Saint-Esprit.<\/span><\/span><\/p>\n<p><iframe title=\"Piazza Navona Tour priv\u00e9 \u00e0 Rome RusRim.com musique originale Adel Karanov\" width=\"500\" height=\"281\" src=\"https:\/\/www.youtube.com\/embed\/wcxxrUDt8mg?feature=oembed\" frameborder=\"0\" allow=\"accelerometer; autoplay; clipboard-write; encrypted-media; gyroscope; picture-in-picture\" allowfullscreen><\/iframe><\/p>\n<div id=\"attachment_9181\" style=\"width: 614px\" class=\"wp-caption aligncenter\"><a href=\"http:\/\/www.rusrim.com\/wp-content\/uploads\/2021\/08\/Piazza-Navona-Fontaine-Bernini-devant-la-Basilique-de-Saint-Anise-in-Agone-.jpg\"><img aria-describedby=\"caption-attachment-9181\" loading=\"lazy\" class=\"Piazza Navona - Fontaine Bernini devant la Basilique de Saint Anise in Agone wp-image-9181 size-large\" title=\"Piazza Navona - Fontaine Bernini devant la Basilique de Saint Anise in Agone\" src=\"http:\/\/www.rusrim.com\/wp-content\/uploads\/2021\/08\/Piazza-Navona-Fontaine-Bernini-devant-la-Basilique-de-Saint-Anise-in-Agone--1024x696.jpg\" alt=\"Piazza Navona - Fontaine Bernini devant la Basilique de Saint Anise in Agone\" width=\"604\" height=\"411\" srcset=\"http:\/\/www.rusrim.com\/wp-content\/uploads\/2021\/08\/Piazza-Navona-Fontaine-Bernini-devant-la-Basilique-de-Saint-Anise-in-Agone--1024x696.jpg 1024w, http:\/\/www.rusrim.com\/wp-content\/uploads\/2021\/08\/Piazza-Navona-Fontaine-Bernini-devant-la-Basilique-de-Saint-Anise-in-Agone--300x204.jpg 300w, http:\/\/www.rusrim.com\/wp-content\/uploads\/2021\/08\/Piazza-Navona-Fontaine-Bernini-devant-la-Basilique-de-Saint-Anise-in-Agone--768x522.jpg 768w, http:\/\/www.rusrim.com\/wp-content\/uploads\/2021\/08\/Piazza-Navona-Fontaine-Bernini-devant-la-Basilique-de-Saint-Anise-in-Agone--1536x1044.jpg 1536w, http:\/\/www.rusrim.com\/wp-content\/uploads\/2021\/08\/Piazza-Navona-Fontaine-Bernini-devant-la-Basilique-de-Saint-Anise-in-Agone--2048x1392.jpg 2048w\" sizes=\"(max-width: 604px) 100vw, 604px\" \/><\/a><p id=\"caption-attachment-9181\" class=\"wp-caption-text\">Piazza Navona &#8211; Fontaine Bernini devant la Basilique de Saint Anise in Agone<\/p><\/div>\n<div id=\"attachment_8233\" style=\"width: 614px\" class=\"wp-caption aligncenter\"><a href=\"http:\/\/www.rusrim.com\/wp-content\/uploads\/2021\/07\/Sant-Agnese-in-Agone-Piazza-Navona-Roma.jpg\"><img aria-describedby=\"caption-attachment-8233\" loading=\"lazy\" class=\"Sant Agnese in Agone - Piazza Navona - Roma wp-image-8233 size-large\" title=\"Sant Agnese in Agone - Piazza Navona - Roma\" src=\"http:\/\/www.rusrim.com\/wp-content\/uploads\/2021\/07\/Sant-Agnese-in-Agone-Piazza-Navona-Roma-1024x680.jpg\" alt=\"Sant Agnese in Agone - Piazza Navona - Roma\" width=\"604\" height=\"401\" srcset=\"http:\/\/www.rusrim.com\/wp-content\/uploads\/2021\/07\/Sant-Agnese-in-Agone-Piazza-Navona-Roma-1024x680.jpg 1024w, http:\/\/www.rusrim.com\/wp-content\/uploads\/2021\/07\/Sant-Agnese-in-Agone-Piazza-Navona-Roma-300x199.jpg 300w, http:\/\/www.rusrim.com\/wp-content\/uploads\/2021\/07\/Sant-Agnese-in-Agone-Piazza-Navona-Roma-768x510.jpg 768w, http:\/\/www.rusrim.com\/wp-content\/uploads\/2021\/07\/Sant-Agnese-in-Agone-Piazza-Navona-Roma-1536x1020.jpg 1536w, http:\/\/www.rusrim.com\/wp-content\/uploads\/2021\/07\/Sant-Agnese-in-Agone-Piazza-Navona-Roma-2048x1359.jpg 2048w\" sizes=\"(max-width: 604px) 100vw, 604px\" \/><\/a><p id=\"caption-attachment-8233\" class=\"wp-caption-text\">Sant Agnese in Agone &#8211; Piazza Navona &#8211; Roma<\/p><\/div>\n<h3 style=\"text-align: center;\">Tours motoris\u00e9s en Italie <span style=\"color: #0000ff;\"><a style=\"color: #0000ff;\" href=\"http:\/\/www.rusrim.com\/fr\/\u0440\u0438\u043c-\u0442\u0443\u0440\u044b-\u043d\u0430-\u043c\u0430\u0448\u0438\u043d\u0435\/\u0430\u0432\u0442\u043e\u043c\u043e\u0431\u0438\u043b\u044c\u043d\u044b\u0435-\u0442\u0443\u0440\u044b-\u043f\u043e-\u0440\u0438\u043c\u0443-\u0438-\u0432\u0430\u0442\u0438\u043a\u0430\u043d\u0443\/\">ROME<\/a><\/span> &#8211; <span style=\"color: #0000ff;\"><a style=\"color: #0000ff;\" href=\"http:\/\/www.rusrim.com\/fr\/\u0440\u0438\u043c-\u0442\u0443\u0440\u044b-\u043d\u0430-\u043c\u0430\u0448\u0438\u043d\u0435\/\u043b\u0430\u0446\u0438\u043e-\u044d\u043a\u0441\u043a\u0443\u0440\u0441\u0438\u0438-\u043d\u0430-\u043c\u0430\u0448\u0438\u043d\u0435\/\">LATIUM<\/a><\/span> &#8211; <a href=\"http:\/\/www.rusrim.com\/fr\/\u0440\u0438\u043c-\u0442\u0443\u0440\u044b-\u043d\u0430-\u043c\u0430\u0448\u0438\u043d\u0435\/\u044d\u043a\u0441\u043a\u0443\u0440\u0441\u0438\u0438-\u0432-\u0442\u043e\u0441\u043a\u0430\u043d\u0443-\u0438\u0437-\u0440\u0438\u043c\u0430\/\"><span style=\"color: #0000ff;\">TOSCANE<\/span><\/a> &#8211; <span style=\"color: #0000ff;\"><a style=\"color: #0000ff;\" href=\"http:\/\/www.rusrim.com\/fr\/\u0440\u0438\u043c-\u0442\u0443\u0440\u044b-\u043d\u0430-\u043c\u0430\u0448\u0438\u043d\u0435\/\u0443\u043c\u0431\u0440\u0438\u044f-\u044d\u043a\u0441\u043a\u0443\u0440\u0441\u0438\u0438-\u0441-\u0433\u0438\u0434\u043e\u043c\/\">OMBRIE<\/a><\/span> &#8211; <span style=\"color: #0000ff;\"><a style=\"color: #0000ff;\" href=\"http:\/\/www.rusrim.com\/fr\/\u0440\u0438\u043c-\u0442\u0443\u0440\u044b-\u043d\u0430-\u043c\u0430\u0448\u0438\u043d\u0435\/\u0430\u043c\u0430\u043b\u044c\u0444\u0438-\u043f\u043e\u0437\u0438\u0442\u0430\u043d\u043e-\u0441\u043e\u0440\u0440\u0435\u043d\u0442\u043e-\u043f\u043e\u043c\u043f\u0435\u0438\/\">CAMPANIE<\/a><\/span> &#8211; <span style=\"color: #0000ff;\"><a style=\"color: #0000ff;\" href=\"http:\/\/www.rusrim.com\/fr\/\u0440\u0438\u043c-\u0442\u0443\u0440\u044b-\u043d\u0430-\u043c\u0430\u0448\u0438\u043d\u0435\/english-abruzzo-private-car-tour-from-rome\/\">ABRUZZES<\/a><\/span> &#8211; <span style=\"color: #0000ff;\"><a style=\"color: #0000ff;\" href=\"http:\/\/www.rusrim.com\/fr\/\u0440\u0438\u043c-\u0442\u0443\u0440\u044b-\u043d\u0430-\u043c\u0430\u0448\u0438\u043d\u0435\/\u0432\u0435\u043d\u0435\u0446\u0438\u044f-\u0438\u043d\u0434\u0438\u0432\u0438\u0434\u0443\u0430\u043b\u044c\u043d\u0430\u044f-\u044d\u043a\u0441\u043a\u0443\u0440\u0441\u0438\u044f\/\">Venise &#8211; <\/a><a style=\"color: #0000ff;\" href=\"http:\/\/www.rusrim.com\/fr\/\u0440\u0438\u043c-\u0442\u0443\u0440\u044b-\u043d\u0430-\u043c\u0430\u0448\u0438\u043d\u0435\/\u0431\u044a\u043b\u0433\u0430\u0440\u0441\u043a\u0438-\u0442\u0440\u0435\u043d\u0442\u0438\u043d\u043e-\u0430\u043b\u0442\u043e-\u0430\u0434\u0438\u0434\u0436\u0435-\u0441\u0443\u0434-\u0442\/\">TRENTINO<\/a><\/span><\/h3>\n<h5 style=\"text-align: center;\">Excursions en Bulgare, Russe, Anglais, Fran\u00e7ais et Ukrainien<\/h5>\n<h5 style=\"text-align: center;\">Tours individuels avec chauffeur\/<span style=\"color: #0000ff;\"><a style=\"color: #0000ff;\" href=\"http:\/\/www.rusrim.com\/fr\/%D0%B3%D0%B8%D0%B4%D1%8B\/%D0%B3%D0%B8%D0%B4-%D1%80%D0%B8%D0%BC\/\">guide <\/a><\/span>-conf\u00e9rencier \u00e0 Rome, Le <span style=\"color: #0000ff;\"><a style=\"color: #0000ff;\" href=\"http:\/\/www.rusrim.com\/fr\/\u044d\u043a\u0441\u043a\u0443\u0440\u0441\u0438\u0438-\u043f\u043e-\u0440\u0438\u043c\u0443\/\u043e\u0431\u0437\u043e\u0440\u043d\u0430\u044f-\u043f\u043e-\u0432\u0430\u0442\u0438\u043a\u0430\u043d\u0443\/\">Vatican<\/a><\/span>, et les r\u00e9gions du <span style=\"color: #0000ff;\"><a style=\"color: #0000ff;\" href=\"http:\/\/www.rusrim.com\/fr\/\u0440\u0438\u043c-\u0442\u0443\u0440\u044b-\u043d\u0430-\u043c\u0430\u0448\u0438\u043d\u0435\/\u043b\u0430\u0446\u0438\u043e-\u044d\u043a\u0441\u043a\u0443\u0440\u0441\u0438\u0438-\u043d\u0430-\u043c\u0430\u0448\u0438\u043d\u0435\/\">LATIUM<\/a><\/span> (<span style=\"color: #0000ff;\"><a style=\"color: #0000ff;\" href=\"http:\/\/www.rusrim.com\/fr\/\u0440\u0438\u043c-\u0442\u0443\u0440\u044b-\u043d\u0430-\u043c\u0430\u0448\u0438\u043d\u0435\/\u043b\u0430\u0446\u0438\u043e-\u044d\u043a\u0441\u043a\u0443\u0440\u0441\u0438\u0438-\u043d\u0430-\u043c\u0430\u0448\u0438\u043d\u0435\/\u0442\u0438\u0432\u043e\u043b\u0438\/\">Tivoli<\/a><\/span>, <span style=\"color: #0000ff;\"><a style=\"color: #0000ff;\" href=\"http:\/\/www.rusrim.com\/fr\/\u0440\u0438\u043c-\u0442\u0443\u0440\u044b-\u043d\u0430-\u043c\u0430\u0448\u0438\u043d\u0435\/\u043b\u0430\u0446\u0438\u043e-\u044d\u043a\u0441\u043a\u0443\u0440\u0441\u0438\u0438-\u043d\u0430-\u043c\u0430\u0448\u0438\u043d\u0435\/\u0440\u0438\u043c\u0441\u043a\u0438\u0435-\u0437\u0430\u043c\u043a\u0438-\u044d\u043a\u0441\u043a\u0443\u0440\u0441\u0438\u044f\/\">Chateaux Romains<\/a><\/span>, <span style=\"color: #0000ff;\"><a style=\"color: #0000ff;\" href=\"http:\/\/www.rusrim.com\/fr\/\u0440\u0438\u043c-\u0442\u0443\u0440\u044b-\u043d\u0430-\u043c\u0430\u0448\u0438\u043d\u0435\/\u043b\u0430\u0446\u0438\u043e-\u044d\u043a\u0441\u043a\u0443\u0440\u0441\u0438\u0438-\u043d\u0430-\u043c\u0430\u0448\u0438\u043d\u0435\/\u0442\u0430\u0440\u043a\u0432\u0438\u043d\u0438\u044f\/\">Tarquinie<\/a><\/span>) et <span style=\"color: #0000ff;\"><a style=\"color: #0000ff;\" href=\"http:\/\/www.rusrim.com\/fr\/\u0440\u0438\u043c-\u0442\u0443\u0440\u044b-\u043d\u0430-\u043c\u0430\u0448\u0438\u043d\u0435\/\u044d\u043a\u0441\u043a\u0443\u0440\u0441\u0438\u0438-\u0432-\u0442\u043e\u0441\u043a\u0430\u043d\u0443-\u0438\u0437-\u0440\u0438\u043c\u0430\/\">TOSCANE<\/a><\/span> (Florence, Sienne, Capalbe, Argentaire, Pise), <span style=\"color: #0000ff;\"><a style=\"color: #0000ff;\" href=\"http:\/\/www.rusrim.com\/fr\/\u0440\u0438\u043c-\u0442\u0443\u0440\u044b-\u043d\u0430-\u043c\u0430\u0448\u0438\u043d\u0435\/\u0443\u043c\u0431\u0440\u0438\u044f-\u044d\u043a\u0441\u043a\u0443\u0440\u0441\u0438\u0438-\u0441-\u0433\u0438\u0434\u043e\u043c\/\">OMBRIE<\/a><\/span> (Orvieto, Assise, P\u00e9rouse) ABRUZZES ( <span style=\"color: #0000ff;\"><a style=\"color: #0000ff;\" href=\"http:\/\/www.rusrim.com\/fr\/\u0440\u0438\u043c-\u0442\u0443\u0440\u044b-\u043d\u0430-\u043c\u0430\u0448\u0438\u043d\u0435\/english-abruzzo-private-car-tour-from-rome\/\">Gran Sasso, l\u2019Aquila<\/a><\/span>) CAMPANIE ( <span style=\"color: #0000ff;\"><a style=\"color: #0000ff;\" href=\"http:\/\/www.rusrim.com\/fr\/\u0440\u0438\u043c-\u0442\u0443\u0440\u044b-\u043d\u0430-\u043c\u0430\u0448\u0438\u043d\u0435\/\u0430\u043c\u0430\u043b\u044c\u0444\u0438-\u043f\u043e\u0437\u0438\u0442\u0430\u043d\u043e-\u0441\u043e\u0440\u0440\u0435\u043d\u0442\u043e-\u043f\u043e\u043c\u043f\u0435\u0438\/\">Pomp\u00e9i et Amalfi<\/a><\/span>) avec chauffeur\/guide-conf\u00e9rencier Anglais, Fran\u00e7ais, Russe, Bulgare et Allemand.<\/h5>\n<h5 style=\"text-align: center;\"><span class=\"VIiyi\" lang=\"fr\"><span class=\"JLqJ4b ChMk0b\" data-language-for-alternatives=\"fr\" data-language-to-translate-into=\"bg\" data-phrase-index=\"0\">R\u00e9servation d\u2019excursions en Toscane sans pr\u00e9paiement<\/span><\/span><\/h5>\n<h5 style=\"text-align: center;\">+39 389 59 75 184\u00a0\u00a0\u00a0<a href=\"mailto:info@rusrim.com\">info@rusrim.com\u00a0\u00a0<\/a><\/h5>\n<p><\/p>","protected":false},"excerpt":{"rendered":"<p>R\u00e9servation d\u2019excursions \u00e0 Rome sans pr\u00e9paiement +39 389 59 75 184\u00a0\u00a0\u00a0info@rusrim.com\u00a0\u00a0 Gr\u00e2ce \u00e0 sa forme allong\u00e9e originale, la Piazza Navona m\u00e9rite une place de choix parmi les nombreuses places historiques de Rome. Construit sur l&#8217;emplacement de l&#8217;ancien stade Domitien, il abritait traditionnellement le march\u00e9 et les spectacles populaires. Au 17\u00e8me si\u00e8cle, il devint le salon [&hellip;]<\/p>\n","protected":false},"author":2,"featured_media":0,"parent":2196,"menu_order":0,"comment_status":"closed","ping_status":"closed","template":"","meta":[],"tags":[1377,2313,3709,3710,510,22,62,2270,2269,618,2268,2267,2314,208,2265,2266,146,2227,2251,2285,12,1087,3707,1088,3708,3491,3449,3658,3657,3659,8,955],"_links":{"self":[{"href":"http:\/\/www.rusrim.com\/fr\/wp-json\/wp\/v2\/pages\/2236"}],"collection":[{"href":"http:\/\/www.rusrim.com\/fr\/wp-json\/wp\/v2\/pages"}],"about":[{"href":"http:\/\/www.rusrim.com\/fr\/wp-json\/wp\/v2\/types\/page"}],"author":[{"embeddable":true,"href":"http:\/\/www.rusrim.com\/fr\/wp-json\/wp\/v2\/users\/2"}],"replies":[{"embeddable":true,"href":"http:\/\/www.rusrim.com\/fr\/wp-json\/wp\/v2\/comments?post=2236"}],"version-history":[{"count":30,"href":"http:\/\/www.rusrim.com\/fr\/wp-json\/wp\/v2\/pages\/2236\/revisions"}],"predecessor-version":[{"id":9560,"href":"http:\/\/www.rusrim.com\/fr\/wp-json\/wp\/v2\/pages\/2236\/revisions\/9560"}],"up":[{"embeddable":true,"href":"http:\/\/www.rusrim.com\/fr\/wp-json\/wp\/v2\/pages\/2196"}],"wp:attachment":[{"href":"http:\/\/www.rusrim.com\/fr\/wp-json\/wp\/v2\/media?parent=2236"}],"wp:term":[{"taxonomy":"post_tag","embeddable":true,"href":"http:\/\/www.rusrim.com\/fr\/wp-json\/wp\/v2\/tags?post=2236"}],"curies":[{"name":"wp","href":"https:\/\/api.w.org\/{rel}","templated":true}]}}