{"id":2244,"date":"2017-09-18T17:25:59","date_gmt":"2017-09-18T17:25:59","guid":{"rendered":"http:\/\/www.rusrim.com\/?page_id=2244"},"modified":"2021-09-18T18:08:05","modified_gmt":"2021-09-18T18:08:05","slug":"english-santa-sabina-aventino-hill-roma","status":"publish","type":"page","link":"http:\/\/www.rusrim.com\/fr\/english-rome-private-tours\/english-santa-sabina-aventino-hill-roma\/","title":{"rendered":"La Basilique de Santa Sabina"},"content":{"rendered":"<p>&nbsp;<\/p>\n<h5 style=\"text-align: center;\"><span class=\"VIiyi\" lang=\"fr\"><span class=\"JLqJ4b ChMk0b\" data-language-for-alternatives=\"fr\" data-language-to-translate-into=\"bg\" data-phrase-index=\"0\">R\u00e9servation d\u2019excursions \u00e0 Rome sans pr\u00e9paiement<\/span><\/span><\/h5>\n<h5 style=\"text-align: center;\">+39 389 59 75 184\u00a0\u00a0\u00a0<a href=\"mailto:info@rusrim.com\">info@rusrim.com\u00a0\u00a0<\/a><\/h5>\n<p>&nbsp;<\/p>\n<div id=\"attachment_2444\" style=\"width: 612px\" class=\"wp-caption aligncenter\"><a href=\"http:\/\/www.rusrim.com\/wp-content\/uploads\/2017\/09\/santa-sabina.jpg\"><img aria-describedby=\"caption-attachment-2444\" loading=\"lazy\" class=\"Santa Sabina wp-image-2444\" title=\"Santa Sabina\" src=\"http:\/\/www.rusrim.com\/wp-content\/uploads\/2017\/09\/santa-sabina-300x168.jpg\" alt=\"Santa Sabina\" width=\"602\" height=\"337\" \/><\/a><p id=\"caption-attachment-2444\" class=\"wp-caption-text\">Santa Sabina<\/p><\/div>\n<div id=\"attachment_9189\" style=\"width: 614px\" class=\"wp-caption aligncenter\"><a href=\"http:\/\/www.rusrim.com\/wp-content\/uploads\/2021\/08\/Santa-Sabina-in-Aventino-Tours-de-luxe-a-Rome-.jpg\"><img aria-describedby=\"caption-attachment-9189\" loading=\"lazy\" class=\"size-large wp-image-9189\" src=\"http:\/\/www.rusrim.com\/wp-content\/uploads\/2021\/08\/Santa-Sabina-in-Aventino-Tours-de-luxe-a-Rome--1024x683.jpg\" alt=\"Santa Sabina in Aventino - Tours de luxe \u00e0 Rome\" width=\"604\" height=\"403\" srcset=\"http:\/\/www.rusrim.com\/wp-content\/uploads\/2021\/08\/Santa-Sabina-in-Aventino-Tours-de-luxe-a-Rome--1024x683.jpg 1024w, http:\/\/www.rusrim.com\/wp-content\/uploads\/2021\/08\/Santa-Sabina-in-Aventino-Tours-de-luxe-a-Rome--300x200.jpg 300w, http:\/\/www.rusrim.com\/wp-content\/uploads\/2021\/08\/Santa-Sabina-in-Aventino-Tours-de-luxe-a-Rome--768x512.jpg 768w, http:\/\/www.rusrim.com\/wp-content\/uploads\/2021\/08\/Santa-Sabina-in-Aventino-Tours-de-luxe-a-Rome-.jpg 1528w\" sizes=\"(max-width: 604px) 100vw, 604px\" \/><\/a><p id=\"caption-attachment-9189\" class=\"wp-caption-text\">Santa Sabina in Aventino &#8211; Tours de luxe \u00e0 Rome<\/p><\/div>\n<div id=\"attachment_9188\" style=\"width: 614px\" class=\"wp-caption aligncenter\"><a href=\"http:\/\/www.rusrim.com\/wp-content\/uploads\/2021\/08\/Santa-Sabina-in-Aventino-Basilique-.jpg\"><img aria-describedby=\"caption-attachment-9188\" loading=\"lazy\" class=\"size-large wp-image-9188\" src=\"http:\/\/www.rusrim.com\/wp-content\/uploads\/2021\/08\/Santa-Sabina-in-Aventino-Basilique--1024x679.jpg\" alt=\"Santa Sabina in Aventino - Basilique\" width=\"604\" height=\"401\" srcset=\"http:\/\/www.rusrim.com\/wp-content\/uploads\/2021\/08\/Santa-Sabina-in-Aventino-Basilique--1024x679.jpg 1024w, http:\/\/www.rusrim.com\/wp-content\/uploads\/2021\/08\/Santa-Sabina-in-Aventino-Basilique--300x199.jpg 300w, http:\/\/www.rusrim.com\/wp-content\/uploads\/2021\/08\/Santa-Sabina-in-Aventino-Basilique--768x509.jpg 768w, http:\/\/www.rusrim.com\/wp-content\/uploads\/2021\/08\/Santa-Sabina-in-Aventino-Basilique--1536x1018.jpg 1536w, http:\/\/www.rusrim.com\/wp-content\/uploads\/2021\/08\/Santa-Sabina-in-Aventino-Basilique--2048x1358.jpg 2048w\" sizes=\"(max-width: 604px) 100vw, 604px\" \/><\/a><p id=\"caption-attachment-9188\" class=\"wp-caption-text\">Santa Sabina in Aventino &#8211; Basilique<\/p><\/div>\n<div id=\"attachment_9187\" style=\"width: 614px\" class=\"wp-caption aligncenter\"><a href=\"http:\/\/www.rusrim.com\/wp-content\/uploads\/2021\/08\/Oranger-dans-la-Basilique-Santa-Sabina-Rome-.jpg\"><img aria-describedby=\"caption-attachment-9187\" loading=\"lazy\" class=\"size-large wp-image-9187\" src=\"http:\/\/www.rusrim.com\/wp-content\/uploads\/2021\/08\/Oranger-dans-la-Basilique-Santa-Sabina-Rome--680x1024.jpg\" alt=\"Oranger dans la Basilique Santa Sabina - Rome\" width=\"604\" height=\"910\" srcset=\"http:\/\/www.rusrim.com\/wp-content\/uploads\/2021\/08\/Oranger-dans-la-Basilique-Santa-Sabina-Rome--680x1024.jpg 680w, http:\/\/www.rusrim.com\/wp-content\/uploads\/2021\/08\/Oranger-dans-la-Basilique-Santa-Sabina-Rome--199x300.jpg 199w, http:\/\/www.rusrim.com\/wp-content\/uploads\/2021\/08\/Oranger-dans-la-Basilique-Santa-Sabina-Rome--768x1157.jpg 768w, http:\/\/www.rusrim.com\/wp-content\/uploads\/2021\/08\/Oranger-dans-la-Basilique-Santa-Sabina-Rome-.jpg 772w\" sizes=\"(max-width: 604px) 100vw, 604px\" \/><\/a><p id=\"caption-attachment-9187\" class=\"wp-caption-text\">Oranger dans la Basilique Santa Sabina &#8211; Rome<\/p><\/div>\n<div id=\"attachment_9186\" style=\"width: 614px\" class=\"wp-caption aligncenter\"><a href=\"http:\/\/www.rusrim.com\/wp-content\/uploads\/2021\/08\/Histoire-de-Jesus-Porte-principale-de-Santa-Sabina-1200-.jpg\"><img aria-describedby=\"caption-attachment-9186\" loading=\"lazy\" class=\"size-large wp-image-9186\" src=\"http:\/\/www.rusrim.com\/wp-content\/uploads\/2021\/08\/Histoire-de-Jesus-Porte-principale-de-Santa-Sabina-1200--682x1024.jpg\" alt=\"http:\/\/www.rusrim.com\/wp-content\/uploads\/2021\/08\/Histoire-de-Jesus-Porte-principale-de-Santa-Sabina-1200-.jpg\" width=\"604\" height=\"907\" srcset=\"http:\/\/www.rusrim.com\/wp-content\/uploads\/2021\/08\/Histoire-de-Jesus-Porte-principale-de-Santa-Sabina-1200--682x1024.jpg 682w, http:\/\/www.rusrim.com\/wp-content\/uploads\/2021\/08\/Histoire-de-Jesus-Porte-principale-de-Santa-Sabina-1200--200x300.jpg 200w, http:\/\/www.rusrim.com\/wp-content\/uploads\/2021\/08\/Histoire-de-Jesus-Porte-principale-de-Santa-Sabina-1200--768x1153.jpg 768w, http:\/\/www.rusrim.com\/wp-content\/uploads\/2021\/08\/Histoire-de-Jesus-Porte-principale-de-Santa-Sabina-1200-.jpg 954w\" sizes=\"(max-width: 604px) 100vw, 604px\" \/><\/a><p id=\"caption-attachment-9186\" class=\"wp-caption-text\">Histoire de J\u00e9sus &#8211; Porte principale de Santa Sabina 1200<\/p><\/div>\n<div id=\"attachment_9185\" style=\"width: 614px\" class=\"wp-caption aligncenter\"><a href=\"http:\/\/www.rusrim.com\/wp-content\/uploads\/2021\/08\/Entree-de-la-basilique-Santa-Sabina-.jpg\"><img aria-describedby=\"caption-attachment-9185\" loading=\"lazy\" class=\"size-large wp-image-9185\" src=\"http:\/\/www.rusrim.com\/wp-content\/uploads\/2021\/08\/Entree-de-la-basilique-Santa-Sabina--699x1024.jpg\" alt=\"Entr\u00e9e de la basilique Santa Sabina\" width=\"604\" height=\"885\" srcset=\"http:\/\/www.rusrim.com\/wp-content\/uploads\/2021\/08\/Entree-de-la-basilique-Santa-Sabina--699x1024.jpg 699w, http:\/\/www.rusrim.com\/wp-content\/uploads\/2021\/08\/Entree-de-la-basilique-Santa-Sabina--205x300.jpg 205w, http:\/\/www.rusrim.com\/wp-content\/uploads\/2021\/08\/Entree-de-la-basilique-Santa-Sabina--768x1126.jpg 768w, http:\/\/www.rusrim.com\/wp-content\/uploads\/2021\/08\/Entree-de-la-basilique-Santa-Sabina-.jpg 983w\" sizes=\"(max-width: 604px) 100vw, 604px\" \/><\/a><p id=\"caption-attachment-9185\" class=\"wp-caption-text\">Entr\u00e9e de la basilique Santa Sabina<\/p><\/div>\n<div id=\"attachment_9184\" style=\"width: 614px\" class=\"wp-caption aligncenter\"><a href=\"http:\/\/www.rusrim.com\/wp-content\/uploads\/2021\/08\/Basilique-de-Santa-Sabina-.jpg\"><img aria-describedby=\"caption-attachment-9184\" loading=\"lazy\" class=\"size-large wp-image-9184\" src=\"http:\/\/www.rusrim.com\/wp-content\/uploads\/2021\/08\/Basilique-de-Santa-Sabina--1024x675.jpg\" alt=\"Basilique de Santa Sabina\" width=\"604\" height=\"398\" srcset=\"http:\/\/www.rusrim.com\/wp-content\/uploads\/2021\/08\/Basilique-de-Santa-Sabina--1024x675.jpg 1024w, http:\/\/www.rusrim.com\/wp-content\/uploads\/2021\/08\/Basilique-de-Santa-Sabina--300x198.jpg 300w, http:\/\/www.rusrim.com\/wp-content\/uploads\/2021\/08\/Basilique-de-Santa-Sabina--768x506.jpg 768w, http:\/\/www.rusrim.com\/wp-content\/uploads\/2021\/08\/Basilique-de-Santa-Sabina--1536x1012.jpg 1536w, http:\/\/www.rusrim.com\/wp-content\/uploads\/2021\/08\/Basilique-de-Santa-Sabina--2048x1349.jpg 2048w\" sizes=\"(max-width: 604px) 100vw, 604px\" \/><\/a><p id=\"caption-attachment-9184\" class=\"wp-caption-text\">Basilique de Santa Sabina<\/p><\/div>\n<p style=\"text-align: justify;\"><span class=\"VIiyi\" lang=\"fr\"><span class=\"JLqJ4b\" data-language-for-alternatives=\"fr\" data-language-to-translate-into=\"en\" data-phrase-index=\"0\">La Basilique de Santa Sabina est situ\u00e9e sur les pentes de l&#8217;Aventin. Ses fondations, qui documentent pr\u00e8s de mille ans d&#8217;histoire, t\u00e9moignent de la vive activit\u00e9 de construction qui, dans l&#8217;Antiquit\u00e9, avait pour toile de fond cette colline alors si riche en sources et en v\u00e9g\u00e9tation. Les familles aristocratiques romaines avaient construit ici leurs somptueuses demeures, \u00e0 proximit\u00e9 des deux centres thermaux. La crypte de Santa Sabina porte les traces d&#8217;une communaut\u00e9 chr\u00e9tienne, qui fut accueillie dans la maison d&#8217;une matrone romaine, Sabina, qui avait \u00e9t\u00e9 convertie au christianisme par son esclave Serafia et qui fut ensuite d\u00e9capit\u00e9e sous l&#8217;empire de Vespasien. Plus tard, au Haut Moyen \u00c2ge, l&#8217;Aventin fut choisi par les moines et les religieux comme si\u00e8ge de leurs ermitages ou petites communaut\u00e9s fraternelles. Dans ce contexte, d\u00e8s le Ve si\u00e8cle, l&#8217;une des plus imposantes basiliques pal\u00e9ochr\u00e9tiennes de la ville surgit. Le sol du IVe si\u00e8cle de l&#8217;ancienne domus est tout ce qui en reste, et il peut \u00eatre vu \u00e0 travers une grille pr\u00e8s de l&#8217;entr\u00e9e de la basilique, mais de nombreux morceaux de mur se trouvent sous la nef droite. La basilique a \u00e9t\u00e9 construite au Ve si\u00e8cle et d\u00e9di\u00e9e \u00e0 San Domenico en 1222. Des travaux de restauration ont \u00e9t\u00e9 effectu\u00e9s au XVe si\u00e8cle, mais ce sont les modifications de Domenico Fontana en 1587, \u00e0 l&#8217;\u00e9poque de Sixte V, et de Francesco Borromini en 1643 , qui changerait fondamentalement l&#8217;int\u00e9rieur du complexe basilical. Domenico Fontana a d\u00e9moli le rhum schola canto, l&#8217;iconostase et le ciboire, introduisant le ma\u00eetre-autel et le grand baldacchino. Au d\u00e9but du 20\u00e8me si\u00e8cle, Antonio Munoz a \u00e9limin\u00e9 ces changements pour restaurer l&#8217;\u00e9glise \u00e0 son aspect d&#8217;origine. Trois all\u00e9es spacieuses aux proportions classiques solennelles, divis\u00e9es par vingt-quatre colonnes corinthiennes, cr\u00e9ent un espace int\u00e9rieur majestueux bas\u00e9 sur des prototypes de Ravenne. C&#8217;est l&#8217;une des premi\u00e8res basiliques ! exemplaires o\u00f9 les colonnes portent des arcs plut\u00f4t que des trab\u00e9ations. \u00c0 l&#8217;origine, l&#8217;\u00e9glise \u00e9tait recouverte de riches mosa\u00efques dont il ne reste qu&#8217;un fragment au-dessus de la porte. Il y a une inscription m\u00e9trique en lettres d&#8217;or faisant allusion \u00e0 Pietro d&#8217;Illiria, qui a construit l&#8217;\u00e9glise, C\u00e9lestin 1, pendant le pontificat duquel elle a \u00e9t\u00e9 construite, et au Concile d&#8217;\u00c9ph\u00e8se. Les murs de l&#8217;\u00e9glise \u00e9taient \u00e9galement rev\u00eatus d&#8217;incrustations de marbre. Les anciennes portes de la basilique de Santa Sabina Porta\u00a0lignea di\u00a0Santa Sabina Les anciennes portes de la basilique de Santa Sabina \u00e0 Rome sont en cypr\u00e8s et datent d&#8217;environ 432. Il reste dix-huit panneaux sculpt\u00e9s avec des sc\u00e8nes de la vie du Christ, et l&#8217;un d&#8217;eux est consid\u00e9r\u00e9 comme la plus ancienne repr\u00e9sentation de la crucifixion du Christ<\/span><\/span><\/p>\n<h3 style=\"text-align: center;\">Tours motoris\u00e9s en Italie <span style=\"color: #0000ff;\"><a style=\"color: #0000ff;\" href=\"http:\/\/www.rusrim.com\/fr\/\u0440\u0438\u043c-\u0442\u0443\u0440\u044b-\u043d\u0430-\u043c\u0430\u0448\u0438\u043d\u0435\/\u0430\u0432\u0442\u043e\u043c\u043e\u0431\u0438\u043b\u044c\u043d\u044b\u0435-\u0442\u0443\u0440\u044b-\u043f\u043e-\u0440\u0438\u043c\u0443-\u0438-\u0432\u0430\u0442\u0438\u043a\u0430\u043d\u0443\/\">ROME<\/a><\/span> &#8211; <span style=\"color: #0000ff;\"><a style=\"color: #0000ff;\" href=\"http:\/\/www.rusrim.com\/fr\/\u0440\u0438\u043c-\u0442\u0443\u0440\u044b-\u043d\u0430-\u043c\u0430\u0448\u0438\u043d\u0435\/\u043b\u0430\u0446\u0438\u043e-\u044d\u043a\u0441\u043a\u0443\u0440\u0441\u0438\u0438-\u043d\u0430-\u043c\u0430\u0448\u0438\u043d\u0435\/\">LATIUM<\/a><\/span> &#8211; <a href=\"http:\/\/www.rusrim.com\/fr\/\u0440\u0438\u043c-\u0442\u0443\u0440\u044b-\u043d\u0430-\u043c\u0430\u0448\u0438\u043d\u0435\/\u044d\u043a\u0441\u043a\u0443\u0440\u0441\u0438\u0438-\u0432-\u0442\u043e\u0441\u043a\u0430\u043d\u0443-\u0438\u0437-\u0440\u0438\u043c\u0430\/\"><span style=\"color: #0000ff;\">TOSCANE<\/span><\/a> &#8211; <span style=\"color: #0000ff;\"><a style=\"color: #0000ff;\" href=\"http:\/\/www.rusrim.com\/fr\/\u0440\u0438\u043c-\u0442\u0443\u0440\u044b-\u043d\u0430-\u043c\u0430\u0448\u0438\u043d\u0435\/\u0443\u043c\u0431\u0440\u0438\u044f-\u044d\u043a\u0441\u043a\u0443\u0440\u0441\u0438\u0438-\u0441-\u0433\u0438\u0434\u043e\u043c\/\">OMBRIE<\/a><\/span> &#8211; <span style=\"color: #0000ff;\"><a style=\"color: #0000ff;\" href=\"http:\/\/www.rusrim.com\/fr\/\u0440\u0438\u043c-\u0442\u0443\u0440\u044b-\u043d\u0430-\u043c\u0430\u0448\u0438\u043d\u0435\/\u0430\u043c\u0430\u043b\u044c\u0444\u0438-\u043f\u043e\u0437\u0438\u0442\u0430\u043d\u043e-\u0441\u043e\u0440\u0440\u0435\u043d\u0442\u043e-\u043f\u043e\u043c\u043f\u0435\u0438\/\">CAMPANIE<\/a><\/span> &#8211; <span style=\"color: #0000ff;\"><a style=\"color: #0000ff;\" href=\"http:\/\/www.rusrim.com\/fr\/\u0440\u0438\u043c-\u0442\u0443\u0440\u044b-\u043d\u0430-\u043c\u0430\u0448\u0438\u043d\u0435\/english-abruzzo-private-car-tour-from-rome\/\">ABRUZZES<\/a><\/span> &#8211; <span style=\"color: #0000ff;\"><a style=\"color: #0000ff;\" href=\"http:\/\/www.rusrim.com\/fr\/\u0440\u0438\u043c-\u0442\u0443\u0440\u044b-\u043d\u0430-\u043c\u0430\u0448\u0438\u043d\u0435\/\u0432\u0435\u043d\u0435\u0446\u0438\u044f-\u0438\u043d\u0434\u0438\u0432\u0438\u0434\u0443\u0430\u043b\u044c\u043d\u0430\u044f-\u044d\u043a\u0441\u043a\u0443\u0440\u0441\u0438\u044f\/\">Venise &#8211; <\/a><a style=\"color: #0000ff;\" href=\"http:\/\/www.rusrim.com\/fr\/\u0440\u0438\u043c-\u0442\u0443\u0440\u044b-\u043d\u0430-\u043c\u0430\u0448\u0438\u043d\u0435\/\u0431\u044a\u043b\u0433\u0430\u0440\u0441\u043a\u0438-\u0442\u0440\u0435\u043d\u0442\u0438\u043d\u043e-\u0430\u043b\u0442\u043e-\u0430\u0434\u0438\u0434\u0436\u0435-\u0441\u0443\u0434-\u0442\/\">TRENTINO<\/a><\/span><\/h3>\n<h5 style=\"text-align: center;\">Excursions en Bulgare, Russe, Anglais, Fran\u00e7ais et Ukrainien<\/h5>\n<h5 style=\"text-align: center;\">Tours individuels avec chauffeur\/<span style=\"color: #0000ff;\"><a style=\"color: #0000ff;\" href=\"http:\/\/www.rusrim.com\/fr\/%D0%B3%D0%B8%D0%B4%D1%8B\/%D0%B3%D0%B8%D0%B4-%D1%80%D0%B8%D0%BC\/\">guide <\/a><\/span>-conf\u00e9rencier \u00e0 Rome, Le <span style=\"color: #0000ff;\"><a style=\"color: #0000ff;\" href=\"http:\/\/www.rusrim.com\/fr\/\u044d\u043a\u0441\u043a\u0443\u0440\u0441\u0438\u0438-\u043f\u043e-\u0440\u0438\u043c\u0443\/\u043e\u0431\u0437\u043e\u0440\u043d\u0430\u044f-\u043f\u043e-\u0432\u0430\u0442\u0438\u043a\u0430\u043d\u0443\/\">Vatican<\/a><\/span>, et les r\u00e9gions du <span style=\"color: #0000ff;\"><a style=\"color: #0000ff;\" href=\"http:\/\/www.rusrim.com\/fr\/\u0440\u0438\u043c-\u0442\u0443\u0440\u044b-\u043d\u0430-\u043c\u0430\u0448\u0438\u043d\u0435\/\u043b\u0430\u0446\u0438\u043e-\u044d\u043a\u0441\u043a\u0443\u0440\u0441\u0438\u0438-\u043d\u0430-\u043c\u0430\u0448\u0438\u043d\u0435\/\">LATIUM<\/a><\/span> (<span style=\"color: #0000ff;\"><a style=\"color: #0000ff;\" href=\"http:\/\/www.rusrim.com\/fr\/\u0440\u0438\u043c-\u0442\u0443\u0440\u044b-\u043d\u0430-\u043c\u0430\u0448\u0438\u043d\u0435\/\u043b\u0430\u0446\u0438\u043e-\u044d\u043a\u0441\u043a\u0443\u0440\u0441\u0438\u0438-\u043d\u0430-\u043c\u0430\u0448\u0438\u043d\u0435\/\u0442\u0438\u0432\u043e\u043b\u0438\/\">Tivoli<\/a><\/span>, <span style=\"color: #0000ff;\"><a style=\"color: #0000ff;\" href=\"http:\/\/www.rusrim.com\/fr\/\u0440\u0438\u043c-\u0442\u0443\u0440\u044b-\u043d\u0430-\u043c\u0430\u0448\u0438\u043d\u0435\/\u043b\u0430\u0446\u0438\u043e-\u044d\u043a\u0441\u043a\u0443\u0440\u0441\u0438\u0438-\u043d\u0430-\u043c\u0430\u0448\u0438\u043d\u0435\/\u0440\u0438\u043c\u0441\u043a\u0438\u0435-\u0437\u0430\u043c\u043a\u0438-\u044d\u043a\u0441\u043a\u0443\u0440\u0441\u0438\u044f\/\">Chateaux Romains<\/a><\/span>, <span style=\"color: #0000ff;\"><a style=\"color: #0000ff;\" href=\"http:\/\/www.rusrim.com\/fr\/\u0440\u0438\u043c-\u0442\u0443\u0440\u044b-\u043d\u0430-\u043c\u0430\u0448\u0438\u043d\u0435\/\u043b\u0430\u0446\u0438\u043e-\u044d\u043a\u0441\u043a\u0443\u0440\u0441\u0438\u0438-\u043d\u0430-\u043c\u0430\u0448\u0438\u043d\u0435\/\u0442\u0430\u0440\u043a\u0432\u0438\u043d\u0438\u044f\/\">Tarquinie<\/a><\/span>) et <span style=\"color: #0000ff;\"><a style=\"color: #0000ff;\" href=\"http:\/\/www.rusrim.com\/fr\/\u0440\u0438\u043c-\u0442\u0443\u0440\u044b-\u043d\u0430-\u043c\u0430\u0448\u0438\u043d\u0435\/\u044d\u043a\u0441\u043a\u0443\u0440\u0441\u0438\u0438-\u0432-\u0442\u043e\u0441\u043a\u0430\u043d\u0443-\u0438\u0437-\u0440\u0438\u043c\u0430\/\">TOSCANE<\/a><\/span> (Florence, Sienne, Capalbe, Argentaire, Pise), <span style=\"color: #0000ff;\"><a style=\"color: #0000ff;\" href=\"http:\/\/www.rusrim.com\/fr\/\u0440\u0438\u043c-\u0442\u0443\u0440\u044b-\u043d\u0430-\u043c\u0430\u0448\u0438\u043d\u0435\/\u0443\u043c\u0431\u0440\u0438\u044f-\u044d\u043a\u0441\u043a\u0443\u0440\u0441\u0438\u0438-\u0441-\u0433\u0438\u0434\u043e\u043c\/\">OMBRIE<\/a><\/span> (Orvieto, Assise, P\u00e9rouse) ABRUZZES ( <span style=\"color: #0000ff;\"><a style=\"color: #0000ff;\" href=\"http:\/\/www.rusrim.com\/fr\/\u0440\u0438\u043c-\u0442\u0443\u0440\u044b-\u043d\u0430-\u043c\u0430\u0448\u0438\u043d\u0435\/english-abruzzo-private-car-tour-from-rome\/\">Gran Sasso, l\u2019Aquila<\/a><\/span>) CAMPANIE ( <span style=\"color: #0000ff;\"><a style=\"color: #0000ff;\" href=\"http:\/\/www.rusrim.com\/fr\/\u0440\u0438\u043c-\u0442\u0443\u0440\u044b-\u043d\u0430-\u043c\u0430\u0448\u0438\u043d\u0435\/\u0430\u043c\u0430\u043b\u044c\u0444\u0438-\u043f\u043e\u0437\u0438\u0442\u0430\u043d\u043e-\u0441\u043e\u0440\u0440\u0435\u043d\u0442\u043e-\u043f\u043e\u043c\u043f\u0435\u0438\/\">Pomp\u00e9i et Amalfi<\/a><\/span>) avec chauffeur\/guide-conf\u00e9rencier Anglais, Fran\u00e7ais, Russe, Bulgare et Allemand.<\/h5>\n<h5 style=\"text-align: center;\"><span class=\"VIiyi\" lang=\"fr\"><span class=\"JLqJ4b ChMk0b\" data-language-for-alternatives=\"fr\" data-language-to-translate-into=\"bg\" data-phrase-index=\"0\">R\u00e9servation d\u2019excursions en Toscane sans pr\u00e9paiement<\/span><\/span><\/h5>\n<h5 style=\"text-align: center;\">+39 389 59 75 184\u00a0\u00a0\u00a0<a href=\"mailto:info@rusrim.com\">info@rusrim.com\u00a0\u00a0<\/a><\/h5>\n<p><\/p>","protected":false},"excerpt":{"rendered":"<p>&nbsp; R\u00e9servation d\u2019excursions \u00e0 Rome sans pr\u00e9paiement +39 389 59 75 184\u00a0\u00a0\u00a0info@rusrim.com\u00a0\u00a0 &nbsp; La Basilique de Santa Sabina est situ\u00e9e sur les pentes de l&#8217;Aventin. Ses fondations, qui documentent pr\u00e8s de mille ans d&#8217;histoire, t\u00e9moignent de la vive activit\u00e9 de construction qui, dans l&#8217;Antiquit\u00e9, avait pour toile de fond cette colline alors si riche en [&hellip;]<\/p>\n","protected":false},"author":2,"featured_media":0,"parent":2196,"menu_order":0,"comment_status":"closed","ping_status":"closed","template":"","meta":[],"tags":[1377,2327,510,22,62,2270,2269,618,2268,2267,23,2265,2266,603,146,2227,2251,2285,1512,12,2324,3740,3738,3567,3739,3508,3662,3735,3439,3669,3507,3670,3663,5,3737,2366,3469,3491,3566,8,3506,3736,3509],"_links":{"self":[{"href":"http:\/\/www.rusrim.com\/fr\/wp-json\/wp\/v2\/pages\/2244"}],"collection":[{"href":"http:\/\/www.rusrim.com\/fr\/wp-json\/wp\/v2\/pages"}],"about":[{"href":"http:\/\/www.rusrim.com\/fr\/wp-json\/wp\/v2\/types\/page"}],"author":[{"embeddable":true,"href":"http:\/\/www.rusrim.com\/fr\/wp-json\/wp\/v2\/users\/2"}],"replies":[{"embeddable":true,"href":"http:\/\/www.rusrim.com\/fr\/wp-json\/wp\/v2\/comments?post=2244"}],"version-history":[{"count":26,"href":"http:\/\/www.rusrim.com\/fr\/wp-json\/wp\/v2\/pages\/2244\/revisions"}],"predecessor-version":[{"id":9578,"href":"http:\/\/www.rusrim.com\/fr\/wp-json\/wp\/v2\/pages\/2244\/revisions\/9578"}],"up":[{"embeddable":true,"href":"http:\/\/www.rusrim.com\/fr\/wp-json\/wp\/v2\/pages\/2196"}],"wp:attachment":[{"href":"http:\/\/www.rusrim.com\/fr\/wp-json\/wp\/v2\/media?parent=2244"}],"wp:term":[{"taxonomy":"post_tag","embeddable":true,"href":"http:\/\/www.rusrim.com\/fr\/wp-json\/wp\/v2\/tags?post=2244"}],"curies":[{"name":"wp","href":"https:\/\/api.w.org\/{rel}","templated":true}]}}