{"id":2247,"date":"2017-09-18T17:30:18","date_gmt":"2017-09-18T17:30:18","guid":{"rendered":"http:\/\/www.rusrim.com\/?page_id=2247"},"modified":"2021-09-18T18:06:30","modified_gmt":"2021-09-18T18:06:30","slug":"english-borromini-tour-in-rome-with-private-guide","status":"publish","type":"page","link":"http:\/\/www.rusrim.com\/fr\/english-rome-private-tours\/english-borromini-tour-in-rome-with-private-guide\/","title":{"rendered":"Borromini &#8211; Visite priv\u00e9e \u00e0 Rome"},"content":{"rendered":"<p><\/p>\n<h5 style=\"text-align: center;\"><span class=\"VIiyi\" lang=\"fr\"><span class=\"JLqJ4b ChMk0b\" data-language-for-alternatives=\"fr\" data-language-to-translate-into=\"bg\" data-phrase-index=\"0\">R\u00e9servation d\u2019excursions \u00e0 Rome sans pr\u00e9paiement<\/span><\/span><\/h5>\n<h5 style=\"text-align: center;\">+39 389 59 75 184\u00a0\u00a0\u00a0<a href=\"mailto:info@rusrim.com\">info@rusrim.com\u00a0\u00a0<\/a><\/h5>\n<div id=\"attachment_9237\" style=\"width: 614px\" class=\"wp-caption aligncenter\"><a href=\"http:\/\/www.rusrim.com\/wp-content\/uploads\/2021\/08\/Sant-Ivo-alla-Sapienza-Rome-Visite-privee-de-Borromini-.jpg\"><img aria-describedby=\"caption-attachment-9237\" loading=\"lazy\" class=\"Sant Ivo alla Sapienza - Rome - Visite priv\u00e9e de Borromini wp-image-9237 size-large\" title=\"Sant Ivo alla Sapienza - Rome - Visite priv\u00e9e de Borromini\" src=\"http:\/\/www.rusrim.com\/wp-content\/uploads\/2021\/08\/Sant-Ivo-alla-Sapienza-Rome-Visite-privee-de-Borromini--1024x686.jpg\" alt=\"Sant Ivo alla Sapienza - Rome - Visite priv\u00e9e de Borromini\" width=\"604\" height=\"405\" srcset=\"http:\/\/www.rusrim.com\/wp-content\/uploads\/2021\/08\/Sant-Ivo-alla-Sapienza-Rome-Visite-privee-de-Borromini--1024x686.jpg 1024w, http:\/\/www.rusrim.com\/wp-content\/uploads\/2021\/08\/Sant-Ivo-alla-Sapienza-Rome-Visite-privee-de-Borromini--300x201.jpg 300w, http:\/\/www.rusrim.com\/wp-content\/uploads\/2021\/08\/Sant-Ivo-alla-Sapienza-Rome-Visite-privee-de-Borromini--768x514.jpg 768w, http:\/\/www.rusrim.com\/wp-content\/uploads\/2021\/08\/Sant-Ivo-alla-Sapienza-Rome-Visite-privee-de-Borromini-.jpg 1528w\" sizes=\"(max-width: 604px) 100vw, 604px\" \/><\/a><p id=\"caption-attachment-9237\" class=\"wp-caption-text\">Sant Ivo alla Sapienza &#8211; Rome &#8211; Visite priv\u00e9e de Borromini<\/p><\/div>\n<div id=\"attachment_9236\" style=\"width: 614px\" class=\"wp-caption aligncenter\"><a href=\"http:\/\/www.rusrim.com\/wp-content\/uploads\/2021\/08\/Perspective-Borromini-Palazzo-Spada-Rome-.jpg\"><img aria-describedby=\"caption-attachment-9236\" loading=\"lazy\" class=\"Perspective Borromini - Palazzo Spada Rome wp-image-9236 size-large\" title=\"Perspective Borromini - Palazzo Spada Rome\" src=\"http:\/\/www.rusrim.com\/wp-content\/uploads\/2021\/08\/Perspective-Borromini-Palazzo-Spada-Rome--723x1024.jpg\" alt=\"Perspective Borromini - Palazzo Spada Rome\" width=\"604\" height=\"855\" srcset=\"http:\/\/www.rusrim.com\/wp-content\/uploads\/2021\/08\/Perspective-Borromini-Palazzo-Spada-Rome--723x1024.jpg 723w, http:\/\/www.rusrim.com\/wp-content\/uploads\/2021\/08\/Perspective-Borromini-Palazzo-Spada-Rome--212x300.jpg 212w, http:\/\/www.rusrim.com\/wp-content\/uploads\/2021\/08\/Perspective-Borromini-Palazzo-Spada-Rome--768x1088.jpg 768w, http:\/\/www.rusrim.com\/wp-content\/uploads\/2021\/08\/Perspective-Borromini-Palazzo-Spada-Rome-.jpg 830w\" sizes=\"(max-width: 604px) 100vw, 604px\" \/><\/a><p id=\"caption-attachment-9236\" class=\"wp-caption-text\">Perspective Borromini &#8211; Palazzo Spada Rome<\/p><\/div>\n<p style=\"text-align: justify;\"><span class=\"VIiyi\" lang=\"fr\"><span class=\"JLqJ4b\" data-language-for-alternatives=\"fr\" data-language-to-translate-into=\"en\" data-phrase-index=\"0\">La vie de l&#8217;artiste. Francesco Castelli, qui, d\u00e8s 1628, se signa Borromini \u2013 de \u00ab Bromino \u00bb ou \u00ab Brumino \u00bb, surnom utilis\u00e9 par sa famille et venant du nom d\u2019une ancienne localit\u00e9 ou des liens avec les Borromaos \u2013 est n\u00e9 \u00e0 Bissone , pr\u00e8s de Lugano le 27 septembre 1599. Il \u00e9tait le premier-n\u00e9 de quatre enfants et \u00e9tait le fils de l&#8217;art. La famille paternelle et celle de la m\u00e8re, une Gar-vo, avaient dans leurs lign\u00e9es architectes, ing\u00e9nieurs, tailleurs de pierre et sculpteurs. Ce n&#8217;est pas \u00e9tonnant puisqu&#8217;il y avait de nombreuses familles de tailleurs de pierre et d&#8217;architectes originaires du canton du Tessin qui \u00e9taient actives dans toute l&#8217;Europe. Francesco quitte la ville \u00e0 l&#8217;\u00e2ge de neuf ans seulement, en 1608, pour se rendre \u00e0 Milan \u00ab pour apprendre l&#8217;art du tailleur de pierre \u00bb. Apr\u00e8s son apprentissage, il participe, entre autres, au chantier de la Cath\u00e9drale. En 1619, \u00ab il s&#8217;entend avec des jeunes gens de son \u00e2ge \u00bb, il se rend \u00e0 Rome o\u00f9 il est l&#8217;h\u00f4te de son cousin Leone Garvo, qui est le neveu acquis de Carlo Maderno. C&#8217;est ce dernier, architecte de renom, qui a fait d\u00e9couvrir \u00e0 Borromini le chantier de Saint-Pierre. Encore une fois, c&#8217;\u00e9tait Maderno, ayant remarqu\u00e9 la passion avec laquelle le jeune Francesco ex\u00e9cutait les missions qui lui \u00e9taient confi\u00e9es, \u00ab lui donnait du travail et des dessins nets \u00bb, une t\u00e2che que Borromini prenait \u00e0 c\u0153ur : \u00ab Les dessins \u00e9taient ses enfants \u00bb. Apr\u00e8s la mort accidentelle de son cousin sur le chantier de Saint-Pierre, Francesco acquit des biens du malheureux parent (marbre et outils de travail) et le rempla\u00e7a dans la soci\u00e9t\u00e9 par deux autres tablettes tessinoises. Leone Garvo, probablement, vivait dans la m\u00eame maison o\u00f9 Borromini aurait pu vivre, Via dell&#8217;Ag-nello, 3, non loin de l&#8217;\u00e9glise de San Giovanni dei Fiorentini. Avec Maderno, Borromini a \u00e9galement travaill\u00e9 sur les chantiers de l&#8217;\u00e9glise de Sant&#8217;Andrea delle Valle (d\u00e9corations de la lanterne) et du Palais Bar-berini, \/poule sous Gianlorenzo Bernini. Avec ce dernier, il collabora \u00e0 la construction de la verri\u00e8re de la basilique vaticane (1631-33). La grande rivalit\u00e9 entre les deux artistes avait d\u00e9j\u00e0 commenc\u00e9. D&#8217;un c\u00f4t\u00e9, Borromini, saturnien et m\u00e9lancolique d&#8217;une grande sensibilit\u00e9 morale fier et intransigeant dans son m\u00e9tier au point d&#8217;\u00eatre sujet \u00e0 la n\u00e9vrose. De l&#8217;autre, Bernini, astucieux et ca-suel en se d\u00e9pla\u00e7ant parmi les hautes hi\u00e9rarchies papales de Rome. Sous Ur-ban VIII, l&#8217;architecte tessinois n&#8217;avait qu&#8217;une seule commande officielle, et qui plus est, sous l&#8217;indication du Bernin : la nomination comme architecte de l&#8217;universit\u00e9 La Sapienza (1632). Les travaux pour l&#8217;\u00e9glise universitaire Saint-Ivo ne commenc\u00e8rent pourtant que dix ans plus tard.<\/span><\/span><\/p>\n<div id=\"attachment_9238\" style=\"width: 614px\" class=\"wp-caption aligncenter\"><a href=\"http:\/\/www.rusrim.com\/wp-content\/uploads\/2021\/08\/Visite-privee-de-Borromini-a-Rome-.jpg\"><img aria-describedby=\"caption-attachment-9238\" loading=\"lazy\" class=\"Visite priv\u00e9e de Borromini \u00e0 Rome wp-image-9238 size-large\" title=\"Visite priv\u00e9e de Borromini \u00e0 Rome\" src=\"http:\/\/www.rusrim.com\/wp-content\/uploads\/2021\/08\/Visite-privee-de-Borromini-a-Rome--957x1024.jpg\" alt=\"Visite priv\u00e9e de Borromini \u00e0 Rome\" width=\"604\" height=\"646\" srcset=\"http:\/\/www.rusrim.com\/wp-content\/uploads\/2021\/08\/Visite-privee-de-Borromini-a-Rome--957x1024.jpg 957w, http:\/\/www.rusrim.com\/wp-content\/uploads\/2021\/08\/Visite-privee-de-Borromini-a-Rome--280x300.jpg 280w, http:\/\/www.rusrim.com\/wp-content\/uploads\/2021\/08\/Visite-privee-de-Borromini-a-Rome--768x822.jpg 768w, http:\/\/www.rusrim.com\/wp-content\/uploads\/2021\/08\/Visite-privee-de-Borromini-a-Rome-.jpg 1097w\" sizes=\"(max-width: 604px) 100vw, 604px\" \/><\/a><p id=\"caption-attachment-9238\" class=\"wp-caption-text\">Visite priv\u00e9e de Borromini \u00e0 Rome<\/p><\/div>\n<p style=\"text-align: justify;\"><span class=\"VIiyi\" lang=\"fr\"><span class=\"JLqJ4b\" data-language-for-alternatives=\"fr\" data-language-to-translate-into=\"en\" data-phrase-index=\"0\">Entre 1634 et 1641, il s&#8217;occupe de sa premi\u00e8re \u0153uvre d&#8217;architecte ind\u00e9pendant. L&#8217;\u00e9glise et le couvent des Trinitari espagnols de Saint-Carlo alle Quattro Fontane. De toute \u00e9vidence, les commandes des ordres religieux \u00e9taient plus adapt\u00e9es \u00e0 Borromini, qui, dans ces ann\u00e9es, travailla principalement pour les Oratoriens de Saint-Philippe Neri (jusqu&#8217;en 1650). L&#8217;\u00e9tonnante conception de Saint-Carlin a impressionn\u00e9 l&#8217;archev\u00eaque napolitain Ascanio Filomarino, qui lui a confi\u00e9 le travail de l&#8217;autel de la chapelle de l&#8217;Annonciation de l&#8217;\u00e9glise de l&#8217;Ap\u00f4tre \u00e0 Naples. Dans la ville parth\u00e9nop\u00e9enne, il r\u00e9alisa \u00e9galement la d\u00e9coration perdue de l&#8217;abside et du ciboire de Sainte-Marie a Cappella Nuova (1639 \u2013 42). Il n&#8217;a pas abandonn\u00e9 le m\u00e9tier de tailleur de pierre car il a con\u00e7u et r\u00e9alis\u00e9 le monument Merlini \u00e0 Sainte-Marie-Majeure en 1642. Apr\u00e8s l&#8217;\u00e9lection du pape Innocent X, Pamphilj, une p\u00e9riode de grand succ\u00e8s a commenc\u00e9 pour Borromini, au d\u00e9triment du Bernin qui \u00e9tait temporairement tomb\u00e9 en disgr\u00e2ce. Il a travaill\u00e9 sur le palais de la Piazza Navona et sur l&#8217;\u00e9glise Sainte-Agn\u00e8s pour la famille papale, il a planifi\u00e9 le pavillon de chasse de la villa Pamphilj pr\u00e8s de la porte Saint-Pancras et a travaill\u00e9 \u00e0 Saint-Martino al Cimino (la porte romaine, peut-\u00eatre la conception de la muraille de la ville et de l&#8217;escalier en colima\u00e7on du palais familial). Sur la commande d&#8217;Innocent X, il prend en charge la restauration de la basilique de San Giovanni in Laterano, pour le Jubil\u00e9 de 1650. Pendant la m\u00eame p\u00e9riode, il travaille \u00e0 l&#8217;\u00e9glise et au couvent de Santa Maria dei Sette Dolori ainsi qu&#8217;\u00e0 la familles nobles des Spada, des Carpegna et des Falconieri.<\/span><\/span><\/p>\n<div id=\"attachment_9235\" style=\"width: 614px\" class=\"wp-caption aligncenter\"><a href=\"http:\/\/www.rusrim.com\/wp-content\/uploads\/2021\/08\/Borromini-San-carlo-alle-quattro-fontane.jpg\"><img aria-describedby=\"caption-attachment-9235\" loading=\"lazy\" class=\"Borromini - San carlo alle quattro fontane wp-image-9235 size-large\" title=\"Borromini - San carlo alle quattro fontane\" src=\"http:\/\/www.rusrim.com\/wp-content\/uploads\/2021\/08\/Borromini-San-carlo-alle-quattro-fontane-1024x679.jpg\" alt=\"Borromini - San carlo alle quattro fontane\" width=\"604\" height=\"401\" srcset=\"http:\/\/www.rusrim.com\/wp-content\/uploads\/2021\/08\/Borromini-San-carlo-alle-quattro-fontane-1024x679.jpg 1024w, http:\/\/www.rusrim.com\/wp-content\/uploads\/2021\/08\/Borromini-San-carlo-alle-quattro-fontane-300x199.jpg 300w, http:\/\/www.rusrim.com\/wp-content\/uploads\/2021\/08\/Borromini-San-carlo-alle-quattro-fontane-768x509.jpg 768w, http:\/\/www.rusrim.com\/wp-content\/uploads\/2021\/08\/Borromini-San-carlo-alle-quattro-fontane-1536x1018.jpg 1536w, http:\/\/www.rusrim.com\/wp-content\/uploads\/2021\/08\/Borromini-San-carlo-alle-quattro-fontane-2048x1357.jpg 2048w\" sizes=\"(max-width: 604px) 100vw, 604px\" \/><\/a><p id=\"caption-attachment-9235\" class=\"wp-caption-text\">Borromini &#8211; San carlo alle quattro fontane<\/p><\/div>\n<p><iframe title=\"Piazza Navona Tour priv\u00e9 \u00e0 Rome RusRim.com musique originale Adel Karanov\" width=\"500\" height=\"281\" src=\"https:\/\/www.youtube.com\/embed\/wcxxrUDt8mg?feature=oembed\" frameborder=\"0\" allow=\"accelerometer; autoplay; clipboard-write; encrypted-media; gyroscope; picture-in-picture\" allowfullscreen><\/iframe><\/p>\n<h3 style=\"text-align: center;\">Tours motoris\u00e9s en Italie <span style=\"color: #0000ff;\"><a style=\"color: #0000ff;\" href=\"http:\/\/www.rusrim.com\/fr\/\u0440\u0438\u043c-\u0442\u0443\u0440\u044b-\u043d\u0430-\u043c\u0430\u0448\u0438\u043d\u0435\/\u0430\u0432\u0442\u043e\u043c\u043e\u0431\u0438\u043b\u044c\u043d\u044b\u0435-\u0442\u0443\u0440\u044b-\u043f\u043e-\u0440\u0438\u043c\u0443-\u0438-\u0432\u0430\u0442\u0438\u043a\u0430\u043d\u0443\/\">ROME<\/a><\/span> &#8211; <span style=\"color: #0000ff;\"><a style=\"color: #0000ff;\" href=\"http:\/\/www.rusrim.com\/fr\/\u0440\u0438\u043c-\u0442\u0443\u0440\u044b-\u043d\u0430-\u043c\u0430\u0448\u0438\u043d\u0435\/\u043b\u0430\u0446\u0438\u043e-\u044d\u043a\u0441\u043a\u0443\u0440\u0441\u0438\u0438-\u043d\u0430-\u043c\u0430\u0448\u0438\u043d\u0435\/\">LATIUM<\/a><\/span> &#8211; <a href=\"http:\/\/www.rusrim.com\/fr\/\u0440\u0438\u043c-\u0442\u0443\u0440\u044b-\u043d\u0430-\u043c\u0430\u0448\u0438\u043d\u0435\/\u044d\u043a\u0441\u043a\u0443\u0440\u0441\u0438\u0438-\u0432-\u0442\u043e\u0441\u043a\u0430\u043d\u0443-\u0438\u0437-\u0440\u0438\u043c\u0430\/\"><span style=\"color: #0000ff;\">TOSCANE<\/span><\/a> &#8211; <span style=\"color: #0000ff;\"><a style=\"color: #0000ff;\" href=\"http:\/\/www.rusrim.com\/fr\/\u0440\u0438\u043c-\u0442\u0443\u0440\u044b-\u043d\u0430-\u043c\u0430\u0448\u0438\u043d\u0435\/\u0443\u043c\u0431\u0440\u0438\u044f-\u044d\u043a\u0441\u043a\u0443\u0440\u0441\u0438\u0438-\u0441-\u0433\u0438\u0434\u043e\u043c\/\">OMBRIE<\/a><\/span> &#8211; <span style=\"color: #0000ff;\"><a style=\"color: #0000ff;\" href=\"http:\/\/www.rusrim.com\/fr\/\u0440\u0438\u043c-\u0442\u0443\u0440\u044b-\u043d\u0430-\u043c\u0430\u0448\u0438\u043d\u0435\/\u0430\u043c\u0430\u043b\u044c\u0444\u0438-\u043f\u043e\u0437\u0438\u0442\u0430\u043d\u043e-\u0441\u043e\u0440\u0440\u0435\u043d\u0442\u043e-\u043f\u043e\u043c\u043f\u0435\u0438\/\">CAMPANIE<\/a><\/span> &#8211; <span style=\"color: #0000ff;\"><a style=\"color: #0000ff;\" href=\"http:\/\/www.rusrim.com\/fr\/\u0440\u0438\u043c-\u0442\u0443\u0440\u044b-\u043d\u0430-\u043c\u0430\u0448\u0438\u043d\u0435\/english-abruzzo-private-car-tour-from-rome\/\">ABRUZZES<\/a><\/span> &#8211; <span style=\"color: #0000ff;\"><a style=\"color: #0000ff;\" href=\"http:\/\/www.rusrim.com\/fr\/\u0440\u0438\u043c-\u0442\u0443\u0440\u044b-\u043d\u0430-\u043c\u0430\u0448\u0438\u043d\u0435\/\u0432\u0435\u043d\u0435\u0446\u0438\u044f-\u0438\u043d\u0434\u0438\u0432\u0438\u0434\u0443\u0430\u043b\u044c\u043d\u0430\u044f-\u044d\u043a\u0441\u043a\u0443\u0440\u0441\u0438\u044f\/\">Venise &#8211; <\/a><a style=\"color: #0000ff;\" href=\"http:\/\/www.rusrim.com\/fr\/\u0440\u0438\u043c-\u0442\u0443\u0440\u044b-\u043d\u0430-\u043c\u0430\u0448\u0438\u043d\u0435\/\u0431\u044a\u043b\u0433\u0430\u0440\u0441\u043a\u0438-\u0442\u0440\u0435\u043d\u0442\u0438\u043d\u043e-\u0430\u043b\u0442\u043e-\u0430\u0434\u0438\u0434\u0436\u0435-\u0441\u0443\u0434-\u0442\/\">TRENTINO<\/a><\/span><\/h3>\n<h5 style=\"text-align: center;\">Excursions en Bulgare, Russe, Anglais, Fran\u00e7ais et Ukrainien<\/h5>\n<h5 style=\"text-align: center;\">Tours individuels avec chauffeur\/<span style=\"color: #0000ff;\"><a style=\"color: #0000ff;\" href=\"http:\/\/www.rusrim.com\/fr\/%D0%B3%D0%B8%D0%B4%D1%8B\/%D0%B3%D0%B8%D0%B4-%D1%80%D0%B8%D0%BC\/\">guide <\/a><\/span>-conf\u00e9rencier \u00e0 Rome, Le <span style=\"color: #0000ff;\"><a style=\"color: #0000ff;\" href=\"http:\/\/www.rusrim.com\/fr\/\u044d\u043a\u0441\u043a\u0443\u0440\u0441\u0438\u0438-\u043f\u043e-\u0440\u0438\u043c\u0443\/\u043e\u0431\u0437\u043e\u0440\u043d\u0430\u044f-\u043f\u043e-\u0432\u0430\u0442\u0438\u043a\u0430\u043d\u0443\/\">Vatican<\/a><\/span>, et les r\u00e9gions du <span style=\"color: #0000ff;\"><a style=\"color: #0000ff;\" href=\"http:\/\/www.rusrim.com\/fr\/\u0440\u0438\u043c-\u0442\u0443\u0440\u044b-\u043d\u0430-\u043c\u0430\u0448\u0438\u043d\u0435\/\u043b\u0430\u0446\u0438\u043e-\u044d\u043a\u0441\u043a\u0443\u0440\u0441\u0438\u0438-\u043d\u0430-\u043c\u0430\u0448\u0438\u043d\u0435\/\">LATIUM<\/a><\/span> (<span style=\"color: #0000ff;\"><a style=\"color: #0000ff;\" href=\"http:\/\/www.rusrim.com\/fr\/\u0440\u0438\u043c-\u0442\u0443\u0440\u044b-\u043d\u0430-\u043c\u0430\u0448\u0438\u043d\u0435\/\u043b\u0430\u0446\u0438\u043e-\u044d\u043a\u0441\u043a\u0443\u0440\u0441\u0438\u0438-\u043d\u0430-\u043c\u0430\u0448\u0438\u043d\u0435\/\u0442\u0438\u0432\u043e\u043b\u0438\/\">Tivoli<\/a><\/span>, <span style=\"color: #0000ff;\"><a style=\"color: #0000ff;\" href=\"http:\/\/www.rusrim.com\/fr\/\u0440\u0438\u043c-\u0442\u0443\u0440\u044b-\u043d\u0430-\u043c\u0430\u0448\u0438\u043d\u0435\/\u043b\u0430\u0446\u0438\u043e-\u044d\u043a\u0441\u043a\u0443\u0440\u0441\u0438\u0438-\u043d\u0430-\u043c\u0430\u0448\u0438\u043d\u0435\/\u0440\u0438\u043c\u0441\u043a\u0438\u0435-\u0437\u0430\u043c\u043a\u0438-\u044d\u043a\u0441\u043a\u0443\u0440\u0441\u0438\u044f\/\">Chateaux Romains<\/a><\/span>, <span style=\"color: #0000ff;\"><a style=\"color: #0000ff;\" href=\"http:\/\/www.rusrim.com\/fr\/\u0440\u0438\u043c-\u0442\u0443\u0440\u044b-\u043d\u0430-\u043c\u0430\u0448\u0438\u043d\u0435\/\u043b\u0430\u0446\u0438\u043e-\u044d\u043a\u0441\u043a\u0443\u0440\u0441\u0438\u0438-\u043d\u0430-\u043c\u0430\u0448\u0438\u043d\u0435\/\u0442\u0430\u0440\u043a\u0432\u0438\u043d\u0438\u044f\/\">Tarquinie<\/a><\/span>) et <span style=\"color: #0000ff;\"><a style=\"color: #0000ff;\" href=\"http:\/\/www.rusrim.com\/fr\/\u0440\u0438\u043c-\u0442\u0443\u0440\u044b-\u043d\u0430-\u043c\u0430\u0448\u0438\u043d\u0435\/\u044d\u043a\u0441\u043a\u0443\u0440\u0441\u0438\u0438-\u0432-\u0442\u043e\u0441\u043a\u0430\u043d\u0443-\u0438\u0437-\u0440\u0438\u043c\u0430\/\">TOSCANE<\/a><\/span> (Florence, Sienne, Capalbe, Argentaire, Pise), <span style=\"color: #0000ff;\"><a style=\"color: #0000ff;\" href=\"http:\/\/www.rusrim.com\/fr\/\u0440\u0438\u043c-\u0442\u0443\u0440\u044b-\u043d\u0430-\u043c\u0430\u0448\u0438\u043d\u0435\/\u0443\u043c\u0431\u0440\u0438\u044f-\u044d\u043a\u0441\u043a\u0443\u0440\u0441\u0438\u0438-\u0441-\u0433\u0438\u0434\u043e\u043c\/\">OMBRIE<\/a><\/span> (Orvieto, Assise, P\u00e9rouse) ABRUZZES ( <span style=\"color: #0000ff;\"><a style=\"color: #0000ff;\" href=\"http:\/\/www.rusrim.com\/fr\/\u0440\u0438\u043c-\u0442\u0443\u0440\u044b-\u043d\u0430-\u043c\u0430\u0448\u0438\u043d\u0435\/english-abruzzo-private-car-tour-from-rome\/\">Gran Sasso, l\u2019Aquila<\/a><\/span>) CAMPANIE ( <span style=\"color: #0000ff;\"><a style=\"color: #0000ff;\" href=\"http:\/\/www.rusrim.com\/fr\/\u0440\u0438\u043c-\u0442\u0443\u0440\u044b-\u043d\u0430-\u043c\u0430\u0448\u0438\u043d\u0435\/\u0430\u043c\u0430\u043b\u044c\u0444\u0438-\u043f\u043e\u0437\u0438\u0442\u0430\u043d\u043e-\u0441\u043e\u0440\u0440\u0435\u043d\u0442\u043e-\u043f\u043e\u043c\u043f\u0435\u0438\/\">Pomp\u00e9i et Amalfi<\/a><\/span>) avec chauffeur\/guide-conf\u00e9rencier Anglais, Fran\u00e7ais, Russe, Bulgare et Allemand.<\/h5>\n<h5 style=\"text-align: center;\"><span class=\"VIiyi\" lang=\"fr\"><span class=\"JLqJ4b ChMk0b\" data-language-for-alternatives=\"fr\" data-language-to-translate-into=\"bg\" data-phrase-index=\"0\">R\u00e9servation d\u2019excursions en Toscane sans pr\u00e9paiement<\/span><\/span><\/h5>\n<h5 style=\"text-align: center;\">+39 389 59 75 184\u00a0\u00a0\u00a0<a href=\"mailto:info@rusrim.com\">info@rusrim.com\u00a0\u00a0<\/a><\/h5>\n<p><\/p>","protected":false},"excerpt":{"rendered":"<p>R\u00e9servation d\u2019excursions \u00e0 Rome sans pr\u00e9paiement +39 389 59 75 184\u00a0\u00a0\u00a0info@rusrim.com\u00a0\u00a0 La vie de l&#8217;artiste. Francesco Castelli, qui, d\u00e8s 1628, se signa Borromini \u2013 de \u00ab Bromino \u00bb ou \u00ab Brumino \u00bb, surnom utilis\u00e9 par sa famille et venant du nom d\u2019une ancienne localit\u00e9 ou des liens avec les Borromaos \u2013 est n\u00e9 \u00e0 Bissone [&hellip;]<\/p>\n","protected":false},"author":2,"featured_media":0,"parent":2196,"menu_order":0,"comment_status":"closed","ping_status":"closed","template":"","meta":[],"tags":[3428,2351,3427,3426,510,22,62,2270,2269,2322,2268,2267,2280,2265,2266,146,2227,2251,3781,3459,3469,3687,3468,3424,3425],"_links":{"self":[{"href":"http:\/\/www.rusrim.com\/fr\/wp-json\/wp\/v2\/pages\/2247"}],"collection":[{"href":"http:\/\/www.rusrim.com\/fr\/wp-json\/wp\/v2\/pages"}],"about":[{"href":"http:\/\/www.rusrim.com\/fr\/wp-json\/wp\/v2\/types\/page"}],"author":[{"embeddable":true,"href":"http:\/\/www.rusrim.com\/fr\/wp-json\/wp\/v2\/users\/2"}],"replies":[{"embeddable":true,"href":"http:\/\/www.rusrim.com\/fr\/wp-json\/wp\/v2\/comments?post=2247"}],"version-history":[{"count":36,"href":"http:\/\/www.rusrim.com\/fr\/wp-json\/wp\/v2\/pages\/2247\/revisions"}],"predecessor-version":[{"id":9573,"href":"http:\/\/www.rusrim.com\/fr\/wp-json\/wp\/v2\/pages\/2247\/revisions\/9573"}],"up":[{"embeddable":true,"href":"http:\/\/www.rusrim.com\/fr\/wp-json\/wp\/v2\/pages\/2196"}],"wp:attachment":[{"href":"http:\/\/www.rusrim.com\/fr\/wp-json\/wp\/v2\/media?parent=2247"}],"wp:term":[{"taxonomy":"post_tag","embeddable":true,"href":"http:\/\/www.rusrim.com\/fr\/wp-json\/wp\/v2\/tags?post=2247"}],"curies":[{"name":"wp","href":"https:\/\/api.w.org\/{rel}","templated":true}]}}