{"id":2256,"date":"2017-09-18T17:47:03","date_gmt":"2017-09-18T17:47:03","guid":{"rendered":"http:\/\/www.rusrim.com\/?page_id=2256"},"modified":"2021-09-18T18:43:07","modified_gmt":"2021-09-18T18:43:07","slug":"english-colosseum-individual-tour","status":"publish","type":"page","link":"http:\/\/www.rusrim.com\/fr\/english-rome-private-tours\/english-colosseum-individual-tour\/","title":{"rendered":"Visite priv\u00e9e du Colis\u00e9e \u00e0 Rome"},"content":{"rendered":"<p><\/p>\n<h5 style=\"text-align: center;\"><span class=\"VIiyi\" lang=\"fr\"><span class=\"JLqJ4b ChMk0b\" data-language-for-alternatives=\"fr\" data-language-to-translate-into=\"bg\" data-phrase-index=\"0\">R\u00e9servation d\u2019excursions \u00e0 Rome sans pr\u00e9paiement<\/span><\/span><\/h5>\n<h5 style=\"text-align: center;\">+39 389 59 75 184\u00a0\u00a0\u00a0<a href=\"mailto:info@rusrim.com\">info@rusrim.com\u00a0\u00a0<\/a><\/h5>\n<p><iframe title=\"Le Colis\u00e9e a Rome excursion priv\u00e9e 360 musique electronique Adel Karanov RusRim.com TOURS EN ITALIE\" width=\"500\" height=\"281\" src=\"https:\/\/www.youtube.com\/embed\/aZFAVf7xkBM?feature=oembed\" frameborder=\"0\" allow=\"accelerometer; autoplay; clipboard-write; encrypted-media; gyroscope; picture-in-picture\" allowfullscreen><\/iframe><\/p>\n<p style=\"text-align: justify;\"><span class=\"VIiyi\" lang=\"fr\"><span class=\"JLqJ4b\" data-language-for-alternatives=\"fr\" data-language-to-translate-into=\"en\" data-phrase-index=\"0\">Depuis sa construction, la grandeur de l&#8217;amphith\u00e9\u00e2tre Flavien a conditionn\u00e9 le paysage urbain de Rome et il domine toujours le centre antique. Sa surface \u00e0 arcades a \u00e9t\u00e9 choisie comme arri\u00e8re-plan th\u00e9\u00e2tral de la Via dei Fori Imperiali. Ce fut le premier amphith\u00e9\u00e2tre construit \u00e0 Rome sous la forme d&#8217;un monument. \u00c0 l&#8217;\u00e9poque r\u00e9publicaine, les jeux de gladiateurs se d\u00e9roulaient dans le Forum romain, o\u00f9 des structures temporaires en bois \u00e9taient pr\u00e9vues pour l&#8217;occasion. Vespasien, le fondateur de la dynastie des Flaviens est sorti victorieux de la guerre civile qui a suivi la mort de N\u00e9ron en 69 apr\u00e8s JC. Dans le cadre d&#8217;un projet politique coh\u00e9rent, le nouvel Empereur d\u00e9cide de d\u00e9dier au public, pour son plaisir, les immenses espaces urbains et les \u0153uvres d&#8217;art que s&#8217;approprie N\u00e9ron. Les habitants de Rome ont d\u00fb appr\u00e9cier la construction du grand amphith\u00e9\u00e2tre au centre de la vall\u00e9e, qui avait \u00e9t\u00e9 auparavant le p\u00e8re du lac artificiel fait pour N\u00e9ron. La guerre juda\u00efque, qui s&#8217;est termin\u00e9e en 70 apr\u00e8s JC avec la destruction du temple de J\u00e9rusalem, a fourni le butin et la main-d&#8217;\u0153uvre n\u00e9cessaires \u00e0 la construction de l&#8217;\u00e9difice. C&#8217;est le fils de Vespasien, Titus, qui inaugura l&#8217;amphith\u00e9\u00e2tre en 80 apr\u00e8s JC, avec un gala et des jeux m\u00e9morables d&#8217;une dur\u00e9e de 100 jours.<\/span><\/span><\/p>\n<div id=\"attachment_9078\" style=\"width: 614px\" class=\"wp-caption aligncenter\"><a href=\"http:\/\/www.rusrim.com\/wp-content\/uploads\/2021\/08\/Colisee-Visite-Guidee-a-Rome--scaled.jpg\"><img aria-describedby=\"caption-attachment-9078\" loading=\"lazy\" class=\"Colis\u00e9e - Visite Guid\u00e9e \u00e0 Rome wp-image-9078 size-large\" title=\"Colis\u00e9e - Visite Guid\u00e9e \u00e0 Rome\" src=\"http:\/\/www.rusrim.com\/wp-content\/uploads\/2021\/08\/Colisee-Visite-Guidee-a-Rome--1024x576.jpg\" alt=\"Colis\u00e9e - Visite Guid\u00e9e \u00e0 Rome\" width=\"604\" height=\"340\" srcset=\"http:\/\/www.rusrim.com\/wp-content\/uploads\/2021\/08\/Colisee-Visite-Guidee-a-Rome--1024x576.jpg 1024w, http:\/\/www.rusrim.com\/wp-content\/uploads\/2021\/08\/Colisee-Visite-Guidee-a-Rome--300x169.jpg 300w, http:\/\/www.rusrim.com\/wp-content\/uploads\/2021\/08\/Colisee-Visite-Guidee-a-Rome--768x432.jpg 768w, http:\/\/www.rusrim.com\/wp-content\/uploads\/2021\/08\/Colisee-Visite-Guidee-a-Rome--1536x864.jpg 1536w, http:\/\/www.rusrim.com\/wp-content\/uploads\/2021\/08\/Colisee-Visite-Guidee-a-Rome--2048x1152.jpg 2048w\" sizes=\"(max-width: 604px) 100vw, 604px\" \/><\/a><p id=\"caption-attachment-9078\" class=\"wp-caption-text\">Colis\u00e9e &#8211; Visite Guid\u00e9e \u00e0 Rome<\/p><\/div>\n<p style=\"text-align: justify;\"><span class=\"VIiyi\" lang=\"fr\"><span class=\"JLqJ4b\" data-language-for-alternatives=\"fr\" data-language-to-translate-into=\"en\" data-phrase-index=\"0\"> L&#8217;amphith\u00e9\u00e2tre Flavien \u00e9tait sup\u00e9rieur en dimensions et en monumentalit\u00e9 \u00e0 tous ceux pr\u00e9c\u00e9demment construits. Elle mesurait 52 m de haut, comme le c\u00f4t\u00e9 nord pr\u00e8s de la Via dei Fori Imperiali, qui est toujours intacte. L&#8217;ensemble du mur ext\u00e9rieur \u00e9tait rev\u00eatu de dalles de marbre et d\u00e9cor\u00e9 de statues dans les arcades, et des boucliers de bronze \u00e9taient suspendus aux lucarnes des combles. L&#8217;organisation des si\u00e8ges int\u00e9rieurs \u00e9tait strictement r\u00e9gie par les lois \u00e9tablies par Auguste, selon lesquelles les spectateurs \u00e9taient assis en fonction de leur classe sociale. Le Colis\u00e9e \u00e9tait \u00e9quip\u00e9 d&#8217;un syst\u00e8me sophistiqu\u00e9 de canalisations qui alimentait les bains et de nombreuses fontaines n\u00e9cessaires pour rafra\u00eechir le vaste public. Dans l&#8217;amphith\u00e9\u00e2tre, il y avait divers types de divertissement : combats entre paires de gladiateurs, chasses impliquant des animaux sauvages et exotiques, batailles navales et ex\u00e9cutions capitales par exposition \u00e0 des b\u00eates sauvages, qui \u00e9taient \u00e9galement subies par les chr\u00e9tiens pendant les p\u00e9riodes de pers\u00e9cution. Les perdants pouvaient demander gr\u00e2ce au ma\u00eetre de c\u00e9r\u00e9monie, dont la d\u00e9cision d\u00e9pendait souvent de l&#8217;humeur du public. Une fois le b\u00e2timent tomb\u00e9 en d\u00e9su\u00e9tude, il s&#8217;est progressivement d\u00e9t\u00e9rior\u00e9, et au Moyen \u00c2ge des habitations et une forteresse ont \u00e9t\u00e9 construites \u00e0 l&#8217;int\u00e9rieur. Le parement de marbre a \u00e9t\u00e9 syst\u00e9matiquement enlev\u00e9. Depuis sa red\u00e9couverte \u00e0 la Renaissance, le Colis\u00e9e fait partie des monuments qui symbolisent la grandeur de la Rome antique.<\/span><\/span><\/p>\n<p style=\"text-align: center;\"><strong>Le Colis\u00e9e a Rome &#8211; excursion priv\u00e9e<\/strong><\/p>\n<p><iframe title=\"Le Colis\u00e9e a Rome - GUIDE PRIV\u00c9S A ROME - Musique Adel Karanov\" width=\"500\" height=\"281\" src=\"https:\/\/www.youtube.com\/embed\/BEgMZxFpPY0?feature=oembed\" frameborder=\"0\" allow=\"accelerometer; autoplay; clipboard-write; encrypted-media; gyroscope; picture-in-picture\" allowfullscreen><\/iframe><\/p>\n<h3 style=\"text-align: center;\">Tours motoris\u00e9s en Italie <span style=\"color: #0000ff;\"><a style=\"color: #0000ff;\" href=\"http:\/\/www.rusrim.com\/fr\/\u0440\u0438\u043c-\u0442\u0443\u0440\u044b-\u043d\u0430-\u043c\u0430\u0448\u0438\u043d\u0435\/\u0430\u0432\u0442\u043e\u043c\u043e\u0431\u0438\u043b\u044c\u043d\u044b\u0435-\u0442\u0443\u0440\u044b-\u043f\u043e-\u0440\u0438\u043c\u0443-\u0438-\u0432\u0430\u0442\u0438\u043a\u0430\u043d\u0443\/\">ROME<\/a><\/span> &#8211; <span style=\"color: #0000ff;\"><a style=\"color: #0000ff;\" href=\"http:\/\/www.rusrim.com\/fr\/\u0440\u0438\u043c-\u0442\u0443\u0440\u044b-\u043d\u0430-\u043c\u0430\u0448\u0438\u043d\u0435\/\u043b\u0430\u0446\u0438\u043e-\u044d\u043a\u0441\u043a\u0443\u0440\u0441\u0438\u0438-\u043d\u0430-\u043c\u0430\u0448\u0438\u043d\u0435\/\">LATIUM<\/a><\/span> &#8211; <a href=\"http:\/\/www.rusrim.com\/fr\/\u0440\u0438\u043c-\u0442\u0443\u0440\u044b-\u043d\u0430-\u043c\u0430\u0448\u0438\u043d\u0435\/\u044d\u043a\u0441\u043a\u0443\u0440\u0441\u0438\u0438-\u0432-\u0442\u043e\u0441\u043a\u0430\u043d\u0443-\u0438\u0437-\u0440\u0438\u043c\u0430\/\"><span style=\"color: #0000ff;\">TOSCANE<\/span><\/a> &#8211; <span style=\"color: #0000ff;\"><a style=\"color: #0000ff;\" href=\"http:\/\/www.rusrim.com\/fr\/\u0440\u0438\u043c-\u0442\u0443\u0440\u044b-\u043d\u0430-\u043c\u0430\u0448\u0438\u043d\u0435\/\u0443\u043c\u0431\u0440\u0438\u044f-\u044d\u043a\u0441\u043a\u0443\u0440\u0441\u0438\u0438-\u0441-\u0433\u0438\u0434\u043e\u043c\/\">OMBRIE<\/a><\/span> &#8211; <span style=\"color: #0000ff;\"><a style=\"color: #0000ff;\" href=\"http:\/\/www.rusrim.com\/fr\/\u0440\u0438\u043c-\u0442\u0443\u0440\u044b-\u043d\u0430-\u043c\u0430\u0448\u0438\u043d\u0435\/\u0430\u043c\u0430\u043b\u044c\u0444\u0438-\u043f\u043e\u0437\u0438\u0442\u0430\u043d\u043e-\u0441\u043e\u0440\u0440\u0435\u043d\u0442\u043e-\u043f\u043e\u043c\u043f\u0435\u0438\/\">CAMPANIE<\/a><\/span> &#8211; <span style=\"color: #0000ff;\"><a style=\"color: #0000ff;\" href=\"http:\/\/www.rusrim.com\/fr\/\u0440\u0438\u043c-\u0442\u0443\u0440\u044b-\u043d\u0430-\u043c\u0430\u0448\u0438\u043d\u0435\/english-abruzzo-private-car-tour-from-rome\/\">ABRUZZES<\/a><\/span> &#8211; <span style=\"color: #0000ff;\"><a style=\"color: #0000ff;\" href=\"http:\/\/www.rusrim.com\/fr\/\u0440\u0438\u043c-\u0442\u0443\u0440\u044b-\u043d\u0430-\u043c\u0430\u0448\u0438\u043d\u0435\/\u0432\u0435\u043d\u0435\u0446\u0438\u044f-\u0438\u043d\u0434\u0438\u0432\u0438\u0434\u0443\u0430\u043b\u044c\u043d\u0430\u044f-\u044d\u043a\u0441\u043a\u0443\u0440\u0441\u0438\u044f\/\">Venise &#8211; <\/a><a style=\"color: #0000ff;\" href=\"http:\/\/www.rusrim.com\/fr\/\u0440\u0438\u043c-\u0442\u0443\u0440\u044b-\u043d\u0430-\u043c\u0430\u0448\u0438\u043d\u0435\/\u0431\u044a\u043b\u0433\u0430\u0440\u0441\u043a\u0438-\u0442\u0440\u0435\u043d\u0442\u0438\u043d\u043e-\u0430\u043b\u0442\u043e-\u0430\u0434\u0438\u0434\u0436\u0435-\u0441\u0443\u0434-\u0442\/\">TRENTINO<\/a><\/span><\/h3>\n<h5 style=\"text-align: center;\">Excursions en Bulgare, Russe, Anglais, Fran\u00e7ais et Ukrainien<\/h5>\n<h5 style=\"text-align: center;\">Tours individuels avec chauffeur\/<span style=\"color: #0000ff;\"><a style=\"color: #0000ff;\" href=\"http:\/\/www.rusrim.com\/fr\/%D0%B3%D0%B8%D0%B4%D1%8B\/%D0%B3%D0%B8%D0%B4-%D1%80%D0%B8%D0%BC\/\">guide <\/a><\/span>-conf\u00e9rencier \u00e0 Rome, Le <span style=\"color: #0000ff;\"><a style=\"color: #0000ff;\" href=\"http:\/\/www.rusrim.com\/fr\/\u044d\u043a\u0441\u043a\u0443\u0440\u0441\u0438\u0438-\u043f\u043e-\u0440\u0438\u043c\u0443\/\u043e\u0431\u0437\u043e\u0440\u043d\u0430\u044f-\u043f\u043e-\u0432\u0430\u0442\u0438\u043a\u0430\u043d\u0443\/\">Vatican<\/a><\/span>, et les r\u00e9gions du <span style=\"color: #0000ff;\"><a style=\"color: #0000ff;\" href=\"http:\/\/www.rusrim.com\/fr\/\u0440\u0438\u043c-\u0442\u0443\u0440\u044b-\u043d\u0430-\u043c\u0430\u0448\u0438\u043d\u0435\/\u043b\u0430\u0446\u0438\u043e-\u044d\u043a\u0441\u043a\u0443\u0440\u0441\u0438\u0438-\u043d\u0430-\u043c\u0430\u0448\u0438\u043d\u0435\/\">LATIUM<\/a><\/span> (<span style=\"color: #0000ff;\"><a style=\"color: #0000ff;\" href=\"http:\/\/www.rusrim.com\/fr\/\u0440\u0438\u043c-\u0442\u0443\u0440\u044b-\u043d\u0430-\u043c\u0430\u0448\u0438\u043d\u0435\/\u043b\u0430\u0446\u0438\u043e-\u044d\u043a\u0441\u043a\u0443\u0440\u0441\u0438\u0438-\u043d\u0430-\u043c\u0430\u0448\u0438\u043d\u0435\/\u0442\u0438\u0432\u043e\u043b\u0438\/\">Tivoli<\/a><\/span>, <span style=\"color: #0000ff;\"><a style=\"color: #0000ff;\" href=\"http:\/\/www.rusrim.com\/fr\/\u0440\u0438\u043c-\u0442\u0443\u0440\u044b-\u043d\u0430-\u043c\u0430\u0448\u0438\u043d\u0435\/\u043b\u0430\u0446\u0438\u043e-\u044d\u043a\u0441\u043a\u0443\u0440\u0441\u0438\u0438-\u043d\u0430-\u043c\u0430\u0448\u0438\u043d\u0435\/\u0440\u0438\u043c\u0441\u043a\u0438\u0435-\u0437\u0430\u043c\u043a\u0438-\u044d\u043a\u0441\u043a\u0443\u0440\u0441\u0438\u044f\/\">Chateaux Romains<\/a><\/span>, <span style=\"color: #0000ff;\"><a style=\"color: #0000ff;\" href=\"http:\/\/www.rusrim.com\/fr\/\u0440\u0438\u043c-\u0442\u0443\u0440\u044b-\u043d\u0430-\u043c\u0430\u0448\u0438\u043d\u0435\/\u043b\u0430\u0446\u0438\u043e-\u044d\u043a\u0441\u043a\u0443\u0440\u0441\u0438\u0438-\u043d\u0430-\u043c\u0430\u0448\u0438\u043d\u0435\/\u0442\u0430\u0440\u043a\u0432\u0438\u043d\u0438\u044f\/\">Tarquinie<\/a><\/span>) et <span style=\"color: #0000ff;\"><a style=\"color: #0000ff;\" href=\"http:\/\/www.rusrim.com\/fr\/\u0440\u0438\u043c-\u0442\u0443\u0440\u044b-\u043d\u0430-\u043c\u0430\u0448\u0438\u043d\u0435\/\u044d\u043a\u0441\u043a\u0443\u0440\u0441\u0438\u0438-\u0432-\u0442\u043e\u0441\u043a\u0430\u043d\u0443-\u0438\u0437-\u0440\u0438\u043c\u0430\/\">TOSCANE<\/a><\/span> (Florence, Sienne, Capalbe, Argentaire, Pise), <span style=\"color: #0000ff;\"><a style=\"color: #0000ff;\" href=\"http:\/\/www.rusrim.com\/fr\/\u0440\u0438\u043c-\u0442\u0443\u0440\u044b-\u043d\u0430-\u043c\u0430\u0448\u0438\u043d\u0435\/\u0443\u043c\u0431\u0440\u0438\u044f-\u044d\u043a\u0441\u043a\u0443\u0440\u0441\u0438\u0438-\u0441-\u0433\u0438\u0434\u043e\u043c\/\">OMBRIE<\/a><\/span> (Orvieto, Assise, P\u00e9rouse) ABRUZZES ( <span style=\"color: #0000ff;\"><a style=\"color: #0000ff;\" href=\"http:\/\/www.rusrim.com\/fr\/\u0440\u0438\u043c-\u0442\u0443\u0440\u044b-\u043d\u0430-\u043c\u0430\u0448\u0438\u043d\u0435\/english-abruzzo-private-car-tour-from-rome\/\">Gran Sasso, l\u2019Aquila<\/a><\/span>) CAMPANIE ( <span style=\"color: #0000ff;\"><a style=\"color: #0000ff;\" href=\"http:\/\/www.rusrim.com\/fr\/\u0440\u0438\u043c-\u0442\u0443\u0440\u044b-\u043d\u0430-\u043c\u0430\u0448\u0438\u043d\u0435\/\u0430\u043c\u0430\u043b\u044c\u0444\u0438-\u043f\u043e\u0437\u0438\u0442\u0430\u043d\u043e-\u0441\u043e\u0440\u0440\u0435\u043d\u0442\u043e-\u043f\u043e\u043c\u043f\u0435\u0438\/\">Pomp\u00e9i et Amalfi<\/a><\/span>) avec chauffeur\/guide-conf\u00e9rencier Anglais, Fran\u00e7ais, Russe, Bulgare et Allemand.<\/h5>\n<h5 style=\"text-align: center;\"><span class=\"VIiyi\" lang=\"fr\"><span class=\"JLqJ4b ChMk0b\" data-language-for-alternatives=\"fr\" data-language-to-translate-into=\"bg\" data-phrase-index=\"0\">R\u00e9servation d\u2019excursions en Toscane sans pr\u00e9paiement<\/span><\/span><\/h5>\n<h5 style=\"text-align: center;\">+39 389 59 75 184\u00a0\u00a0\u00a0<a href=\"mailto:info@rusrim.com\">info@rusrim.com\u00a0\u00a0<\/a><\/h5>\n<p><\/p>","protected":false},"excerpt":{"rendered":"<p>R\u00e9servation d\u2019excursions \u00e0 Rome sans pr\u00e9paiement +39 389 59 75 184\u00a0\u00a0\u00a0info@rusrim.com\u00a0\u00a0 Depuis sa construction, la grandeur de l&#8217;amphith\u00e9\u00e2tre Flavien a conditionn\u00e9 le paysage urbain de Rome et il domine toujours le centre antique. Sa surface \u00e0 arcades a \u00e9t\u00e9 choisie comme arri\u00e8re-plan th\u00e9\u00e2tral de la Via dei Fori Imperiali. Ce fut le premier amphith\u00e9\u00e2tre construit [&hellip;]<\/p>\n","protected":false},"author":2,"featured_media":0,"parent":2196,"menu_order":0,"comment_status":"closed","ping_status":"closed","template":"","meta":[],"tags":[1377,793,510,22,62,3785,2288,2287,2391,2392,2270,2269,3782,2268,2267,3433,3432,3783,2265,2266,146,2227,2251,1483,2285,12,3784,3480,3482,125,144,8,3011,3012,3481],"_links":{"self":[{"href":"http:\/\/www.rusrim.com\/fr\/wp-json\/wp\/v2\/pages\/2256"}],"collection":[{"href":"http:\/\/www.rusrim.com\/fr\/wp-json\/wp\/v2\/pages"}],"about":[{"href":"http:\/\/www.rusrim.com\/fr\/wp-json\/wp\/v2\/types\/page"}],"author":[{"embeddable":true,"href":"http:\/\/www.rusrim.com\/fr\/wp-json\/wp\/v2\/users\/2"}],"replies":[{"embeddable":true,"href":"http:\/\/www.rusrim.com\/fr\/wp-json\/wp\/v2\/comments?post=2256"}],"version-history":[{"count":50,"href":"http:\/\/www.rusrim.com\/fr\/wp-json\/wp\/v2\/pages\/2256\/revisions"}],"predecessor-version":[{"id":9594,"href":"http:\/\/www.rusrim.com\/fr\/wp-json\/wp\/v2\/pages\/2256\/revisions\/9594"}],"up":[{"embeddable":true,"href":"http:\/\/www.rusrim.com\/fr\/wp-json\/wp\/v2\/pages\/2196"}],"wp:attachment":[{"href":"http:\/\/www.rusrim.com\/fr\/wp-json\/wp\/v2\/media?parent=2256"}],"wp:term":[{"taxonomy":"post_tag","embeddable":true,"href":"http:\/\/www.rusrim.com\/fr\/wp-json\/wp\/v2\/tags?post=2256"}],"curies":[{"name":"wp","href":"https:\/\/api.w.org\/{rel}","templated":true}]}}