{"id":2258,"date":"2017-09-18T18:02:45","date_gmt":"2017-09-18T18:02:45","guid":{"rendered":"http:\/\/www.rusrim.com\/?page_id=2258"},"modified":"2021-09-18T18:06:54","modified_gmt":"2021-09-18T18:06:54","slug":"english-ara-pacis-rome-private-tour","status":"publish","type":"page","link":"http:\/\/www.rusrim.com\/fr\/english-rome-private-tours\/english-ara-pacis-rome-private-tour\/","title":{"rendered":"Ara pacis &#8211; MUSEE ARA PACIS"},"content":{"rendered":"<p><\/p>\n<h5 style=\"text-align: center;\"><span class=\"VIiyi\" lang=\"fr\"><span class=\"JLqJ4b ChMk0b\" data-language-for-alternatives=\"fr\" data-language-to-translate-into=\"bg\" data-phrase-index=\"0\">R\u00e9servation d\u2019excursions \u00e0 Rome sans pr\u00e9paiement<\/span><\/span><\/h5>\n<h5 style=\"text-align: center;\">+39 389 59 75 184\u00a0\u00a0\u00a0<a href=\"mailto:info@rusrim.com\">info@rusrim.com\u00a0\u00a0<\/a><\/h5>\n<p><a href=\"http:\/\/www.rusrim.com\/wp-content\/uploads\/2021\/07\/Rome-Arapacis-.jpg\"><img loading=\"lazy\" class=\"Rome Ara pacis - MUSEE ARA PACIS wp-image-8300 size-large\" title=\"Rome Ara pacis - MUSEE ARA PACIS\" src=\"http:\/\/www.rusrim.com\/wp-content\/uploads\/2021\/07\/Rome-Arapacis--1024x649.jpg\" alt=\"Rome Ara pacis - MUSEE ARA PACIS\" width=\"604\" height=\"383\" srcset=\"http:\/\/www.rusrim.com\/wp-content\/uploads\/2021\/07\/Rome-Arapacis--1024x649.jpg 1024w, http:\/\/www.rusrim.com\/wp-content\/uploads\/2021\/07\/Rome-Arapacis--300x190.jpg 300w, http:\/\/www.rusrim.com\/wp-content\/uploads\/2021\/07\/Rome-Arapacis--768x487.jpg 768w, http:\/\/www.rusrim.com\/wp-content\/uploads\/2021\/07\/Rome-Arapacis-.jpg 1400w\" sizes=\"(max-width: 604px) 100vw, 604px\" \/><\/a><\/p>\n<p style=\"text-align: justify;\"><span class=\"VIiyi\" lang=\"fr\"><span class=\"JLqJ4b\" data-language-for-alternatives=\"fr\" data-language-to-translate-into=\"en\" data-phrase-index=\"0\">MUSEE ARA PACIS Lungorevere \u00e0 Augusta Ouvert tous les jours sauf le lundi 9h-19h Le mus\u00e9e a \u00e9t\u00e9 inaugur\u00e9 en 2006 apr\u00e8s l&#8217;ach\u00e8vement de l&#8217;enceinte pour prot\u00e9ger l&#8217;autel qui avait \u00e9t\u00e9 consacr\u00e9 par Auguste en l&#8217;an 13 av. la paix enfin acquise. D\u00e9couvert au d\u00e9but du XXe si\u00e8cle sous un petit palais de la Via in Lucina, le long de la Via Lata, l&#8217;autel d&#8217;Auguste \u00e9tait un cadre pour les c\u00e9l\u00e9brations fascistes pendant les ann\u00e9es 1930, et avait \u00e9t\u00e9 enferm\u00e9 dans une enceinte de verre simple et \u00e9l\u00e9gamment fonctionnelle con\u00e7ue par \/ vlorpurgo en 1938.<\/span><\/span><\/p>\n<div id=\"attachment_9214\" style=\"width: 614px\" class=\"wp-caption aligncenter\"><a href=\"http:\/\/www.rusrim.com\/wp-content\/uploads\/2021\/08\/Rome-avec-guide-prive-Ara-Pacis-.jpg\"><img aria-describedby=\"caption-attachment-9214\" loading=\"lazy\" class=\"Rome avec guide priv\u00e9 - Ara Pacis wp-image-9214 size-large\" title=\"Rome avec guide priv\u00e9 - Ara Pacis\" src=\"http:\/\/www.rusrim.com\/wp-content\/uploads\/2021\/08\/Rome-avec-guide-prive-Ara-Pacis--1024x682.jpg\" alt=\"Rome avec guide priv\u00e9 - Ara Pacis\" width=\"604\" height=\"402\" srcset=\"http:\/\/www.rusrim.com\/wp-content\/uploads\/2021\/08\/Rome-avec-guide-prive-Ara-Pacis--1024x682.jpg 1024w, http:\/\/www.rusrim.com\/wp-content\/uploads\/2021\/08\/Rome-avec-guide-prive-Ara-Pacis--300x200.jpg 300w, http:\/\/www.rusrim.com\/wp-content\/uploads\/2021\/08\/Rome-avec-guide-prive-Ara-Pacis--768x512.jpg 768w, http:\/\/www.rusrim.com\/wp-content\/uploads\/2021\/08\/Rome-avec-guide-prive-Ara-Pacis--1536x1023.jpg 1536w, http:\/\/www.rusrim.com\/wp-content\/uploads\/2021\/08\/Rome-avec-guide-prive-Ara-Pacis--2048x1364.jpg 2048w\" sizes=\"(max-width: 604px) 100vw, 604px\" \/><\/a><p id=\"caption-attachment-9214\" class=\"wp-caption-text\">Rome avec guide priv\u00e9 &#8211; Ara Pacis<\/p><\/div>\n<div id=\"attachment_9213\" style=\"width: 614px\" class=\"wp-caption aligncenter\"><a href=\"http:\/\/www.rusrim.com\/wp-content\/uploads\/2021\/08\/Ara-Pacis-Visite-de-Rome-.jpg\"><img aria-describedby=\"caption-attachment-9213\" loading=\"lazy\" class=\"Ara Pacis - Visite de Rome wp-image-9213 size-large\" title=\"Ara Pacis - Visite de Rome\" src=\"http:\/\/www.rusrim.com\/wp-content\/uploads\/2021\/08\/Ara-Pacis-Visite-de-Rome--1024x766.jpg\" alt=\"Ara Pacis - Visite de Rome\" width=\"604\" height=\"452\" srcset=\"http:\/\/www.rusrim.com\/wp-content\/uploads\/2021\/08\/Ara-Pacis-Visite-de-Rome--1024x766.jpg 1024w, http:\/\/www.rusrim.com\/wp-content\/uploads\/2021\/08\/Ara-Pacis-Visite-de-Rome--300x224.jpg 300w, http:\/\/www.rusrim.com\/wp-content\/uploads\/2021\/08\/Ara-Pacis-Visite-de-Rome--768x575.jpg 768w, http:\/\/www.rusrim.com\/wp-content\/uploads\/2021\/08\/Ara-Pacis-Visite-de-Rome-.jpg 1521w\" sizes=\"(max-width: 604px) 100vw, 604px\" \/><\/a><p id=\"caption-attachment-9213\" class=\"wp-caption-text\">Ara Pacis &#8211; Visite de Rome<\/p><\/div>\n<p style=\"text-align: justify;\"><span class=\"VIiyi\" lang=\"fr\"><span class=\"JLqJ4b\" data-language-for-alternatives=\"fr\" data-language-to-translate-into=\"en\" data-phrase-index=\"0\"> Apr\u00e8s la d\u00e9molition de l&#8217;ancienne enceinte, les architectes Richard Meier &amp; Partners ont rapidement construit une structure beaucoup plus importante et ambitieuse, qui a stimul\u00e9 le renouvellement urbain de tout le quartier de la Piazza Augusto Imperatore au pont Cavour. La sagesse de remplacer la vitrine rationaliste par une nouvelle construction au c\u0153ur de la ville a suscit\u00e9 un vif d\u00e9bat entre ceux qui ont qualifi\u00e9 la nouvelle structure de \u00ab\u00a0pompe \u00e0 essence texane au c\u0153ur de l&#8217;une des villes les plus importantes et historiques du monde\u00a0\u00bb ( Sgarbi) et ceux qui ont accueilli avec enthousiasme le premier projet urbain important de la ville depuis l&#8217;\u00e9poque fasciste. En revenant au projet Trident de Giuseppe Valadier (trois rayons provenant de Piazzale Flaminio), Meier a allong\u00e9 la bande de Via di Ripetta jusqu&#8217;au pont Cavour et a cr\u00e9\u00e9 un fond continu pour fermer la place devant. La berge du fleuve devrait devenir une zone r\u00e9serv\u00e9e aux pi\u00e9tons, tout comme la place, o\u00f9 le Mausol\u00e9e d&#8217;Auguste, d\u00e9laiss\u00e9, est entour\u00e9 de b\u00e2timents de l&#8217;\u00e9poque fasciste. Ignorez les moulages laids de la famille imp\u00e9riale \u00e0 gauche dans le vaste hall d&#8217;entr\u00e9e et l&#8217;arbre g\u00e9n\u00e9alogique \u00e0 droite, pour vous concentrer sur le mod\u00e8le de l&#8217;autel qui illustre sa position dans la Rome imp\u00e9riale. L&#8217;absence de panneaux explicatifs conjugu\u00e9e \u00e0 l&#8217;accent mis sur la g\u00e9n\u00e9alogie familiale de la dynastie august\u00e9enne est d\u00e9concertante. Cependant, ce n&#8217;est pas une omission, mais le r\u00e9sultat d&#8217;une strat\u00e9gie pr\u00e9cise. Au niveau de l&#8217;entr\u00e9e, les visiteurs sont libres d&#8217;explorer le monument par leurs propres moyens : il se compose d&#8217;une table sacrificielle entour\u00e9e d&#8217;une enceinte d\u00e9cor\u00e9e de sculptures en relief. A l&#8217;\u00e9tage inf\u00e9rieur, l&#8217;histoire et les qualit\u00e9s artistiques de l&#8217;autel font l&#8217;objet d&#8217;une excellente pr\u00e9sentation qui s&#8217;\u00e9tend de sa fondation \u00e0 aujourd&#8217;hui. Un programme informatique permet de jouer avec une image virtuelle en couleur de l&#8217;autel en mouvement. L&#8217;autel est c\u00e9l\u00e8bre pour son enceinte sculpt\u00e9e avec la succession de portraits de la dynastie august\u00e9enne et, au niveau sup\u00e9rieur \u00e0 droite et \u00e0 gauche, les images des c\u00e9r\u00e9monies imp\u00e9riales qui refl\u00e8tent la hi\u00e9rarchie de cette soci\u00e9t\u00e9. La plupart de ces portraits, dont Auguste lui-m\u00eame, ont \u00e9t\u00e9 identifi\u00e9s, comme on peut le voir sur le mod\u00e8le en bas. Cependant, la plus grande valeur artistique se trouve dans la frise luxuriante de motifs v\u00e9g\u00e9taux au niveau inf\u00e9rieur, symbole de paix accompagn\u00e9e de prosp\u00e9rit\u00e9. La frise, qui comprend de nombreux travaux de pl\u00e2tre restaur\u00e9s, a \u00e9t\u00e9 tr\u00e8s finement sculpt\u00e9e dans le style d&#8217;Alexandrie et repr\u00e9sente une veine tr\u00e8s riche de cr\u00e9ativit\u00e9 compositionnelle, du c\u0153ur du motif d&#8217;acanthe \u00e0 la myriade de plantes communes habit\u00e9es par de petits animaux et des oiseaux , dont le niveau inf\u00e9rieur semble pr\u00e9senter tout un catalogue. Sur les c\u00f4t\u00e9s courts, il y a quatre grandes sc\u00e8nes en l&#8217;honneur de Rome : vers l&#8217;entr\u00e9e (c\u00f4t\u00e9 ouest) la nourrice de Romulus et Remus et En\u00e9e offrant un sacrifice aux P\u00e9nates ; au dos (c\u00f4t\u00e9 est) la d\u00e9esse de Rome et Tellus ou V\u00e9nus, la fondatrice id\u00e9ale de la dynastie august\u00e9enne<\/span><\/span><\/p>\n<p style=\"text-align: justify;\"><span class=\"VIiyi\" lang=\"fr\"><span class=\"JLqJ4b ChMk0b\" data-language-for-alternatives=\"fr\" data-language-to-translate-into=\"en\" data-phrase-index=\"0\">La frise, qui comprend de nombreux travaux de pl\u00e2tre restaur\u00e9s, a \u00e9t\u00e9 tr\u00e8s finement sculpt\u00e9e dans le style d&#8217;Alexandrie et repr\u00e9sente une veine tr\u00e8s riche de cr\u00e9ativit\u00e9 compositionnelle, du c\u0153ur du motif d&#8217;acanthe \u00e0 la myriade de plantes communes habit\u00e9es par de petits animaux et des oiseaux<\/span> <span class=\"JLqJ4b ChMk0b\" data-language-for-alternatives=\"fr\" data-language-to-translate-into=\"en\" data-phrase-index=\"1\">, dont le niveau inf\u00e9rieur semble pr\u00e9senter tout un catalogue.<\/span> <span class=\"JLqJ4b ChMk0b\" data-language-for-alternatives=\"fr\" data-language-to-translate-into=\"en\" data-phrase-index=\"2\">Sur les c\u00f4t\u00e9s courts, il y a quatre grandes sc\u00e8nes en l&#8217;honneur de Rome : vers l&#8217;entr\u00e9e (c\u00f4t\u00e9 ouest) la nourrice de Romulus et Remus et En\u00e9e offrant un sacrifice aux P\u00e9nates ;<\/span> <span class=\"JLqJ4b ChMk0b\" data-language-for-alternatives=\"fr\" data-language-to-translate-into=\"en\" data-phrase-index=\"3\">au dos (c\u00f4t\u00e9 est) la d\u00e9esse de Rome et Tellus ou V\u00e9nus, la fondatrice id\u00e9ale de la dynastie august\u00e9enne<\/span><\/span><\/p>\n<h3 style=\"text-align: center;\">Tours motoris\u00e9s en Italie <span style=\"color: #0000ff;\"><a style=\"color: #0000ff;\" href=\"http:\/\/www.rusrim.com\/fr\/\u0440\u0438\u043c-\u0442\u0443\u0440\u044b-\u043d\u0430-\u043c\u0430\u0448\u0438\u043d\u0435\/\u0430\u0432\u0442\u043e\u043c\u043e\u0431\u0438\u043b\u044c\u043d\u044b\u0435-\u0442\u0443\u0440\u044b-\u043f\u043e-\u0440\u0438\u043c\u0443-\u0438-\u0432\u0430\u0442\u0438\u043a\u0430\u043d\u0443\/\">ROME<\/a><\/span> &#8211; <span style=\"color: #0000ff;\"><a style=\"color: #0000ff;\" href=\"http:\/\/www.rusrim.com\/fr\/\u0440\u0438\u043c-\u0442\u0443\u0440\u044b-\u043d\u0430-\u043c\u0430\u0448\u0438\u043d\u0435\/\u043b\u0430\u0446\u0438\u043e-\u044d\u043a\u0441\u043a\u0443\u0440\u0441\u0438\u0438-\u043d\u0430-\u043c\u0430\u0448\u0438\u043d\u0435\/\">LATIUM<\/a><\/span> &#8211; <a href=\"http:\/\/www.rusrim.com\/fr\/\u0440\u0438\u043c-\u0442\u0443\u0440\u044b-\u043d\u0430-\u043c\u0430\u0448\u0438\u043d\u0435\/\u044d\u043a\u0441\u043a\u0443\u0440\u0441\u0438\u0438-\u0432-\u0442\u043e\u0441\u043a\u0430\u043d\u0443-\u0438\u0437-\u0440\u0438\u043c\u0430\/\"><span style=\"color: #0000ff;\">TOSCANE<\/span><\/a> &#8211; <span style=\"color: #0000ff;\"><a style=\"color: #0000ff;\" href=\"http:\/\/www.rusrim.com\/fr\/\u0440\u0438\u043c-\u0442\u0443\u0440\u044b-\u043d\u0430-\u043c\u0430\u0448\u0438\u043d\u0435\/\u0443\u043c\u0431\u0440\u0438\u044f-\u044d\u043a\u0441\u043a\u0443\u0440\u0441\u0438\u0438-\u0441-\u0433\u0438\u0434\u043e\u043c\/\">OMBRIE<\/a><\/span> &#8211; <span style=\"color: #0000ff;\"><a style=\"color: #0000ff;\" href=\"http:\/\/www.rusrim.com\/fr\/\u0440\u0438\u043c-\u0442\u0443\u0440\u044b-\u043d\u0430-\u043c\u0430\u0448\u0438\u043d\u0435\/\u0430\u043c\u0430\u043b\u044c\u0444\u0438-\u043f\u043e\u0437\u0438\u0442\u0430\u043d\u043e-\u0441\u043e\u0440\u0440\u0435\u043d\u0442\u043e-\u043f\u043e\u043c\u043f\u0435\u0438\/\">CAMPANIE<\/a><\/span> &#8211; <span style=\"color: #0000ff;\"><a style=\"color: #0000ff;\" href=\"http:\/\/www.rusrim.com\/fr\/\u0440\u0438\u043c-\u0442\u0443\u0440\u044b-\u043d\u0430-\u043c\u0430\u0448\u0438\u043d\u0435\/english-abruzzo-private-car-tour-from-rome\/\">ABRUZZES<\/a><\/span> &#8211; <span style=\"color: #0000ff;\"><a style=\"color: #0000ff;\" href=\"http:\/\/www.rusrim.com\/fr\/\u0440\u0438\u043c-\u0442\u0443\u0440\u044b-\u043d\u0430-\u043c\u0430\u0448\u0438\u043d\u0435\/\u0432\u0435\u043d\u0435\u0446\u0438\u044f-\u0438\u043d\u0434\u0438\u0432\u0438\u0434\u0443\u0430\u043b\u044c\u043d\u0430\u044f-\u044d\u043a\u0441\u043a\u0443\u0440\u0441\u0438\u044f\/\">Venise &#8211; <\/a><a style=\"color: #0000ff;\" href=\"http:\/\/www.rusrim.com\/fr\/\u0440\u0438\u043c-\u0442\u0443\u0440\u044b-\u043d\u0430-\u043c\u0430\u0448\u0438\u043d\u0435\/\u0431\u044a\u043b\u0433\u0430\u0440\u0441\u043a\u0438-\u0442\u0440\u0435\u043d\u0442\u0438\u043d\u043e-\u0430\u043b\u0442\u043e-\u0430\u0434\u0438\u0434\u0436\u0435-\u0441\u0443\u0434-\u0442\/\">TRENTINO<\/a><\/span><\/h3>\n<h5 style=\"text-align: center;\">Excursions en Bulgare, Russe, Anglais, Fran\u00e7ais et Ukrainien<\/h5>\n<h5 style=\"text-align: center;\">Tours individuels avec chauffeur\/<span style=\"color: #0000ff;\"><a style=\"color: #0000ff;\" href=\"http:\/\/www.rusrim.com\/fr\/%D0%B3%D0%B8%D0%B4%D1%8B\/%D0%B3%D0%B8%D0%B4-%D1%80%D0%B8%D0%BC\/\">guide <\/a><\/span>-conf\u00e9rencier \u00e0 Rome, Le <span style=\"color: #0000ff;\"><a style=\"color: #0000ff;\" href=\"http:\/\/www.rusrim.com\/fr\/\u044d\u043a\u0441\u043a\u0443\u0440\u0441\u0438\u0438-\u043f\u043e-\u0440\u0438\u043c\u0443\/\u043e\u0431\u0437\u043e\u0440\u043d\u0430\u044f-\u043f\u043e-\u0432\u0430\u0442\u0438\u043a\u0430\u043d\u0443\/\">Vatican<\/a><\/span>, et les r\u00e9gions du <span style=\"color: #0000ff;\"><a style=\"color: #0000ff;\" href=\"http:\/\/www.rusrim.com\/fr\/\u0440\u0438\u043c-\u0442\u0443\u0440\u044b-\u043d\u0430-\u043c\u0430\u0448\u0438\u043d\u0435\/\u043b\u0430\u0446\u0438\u043e-\u044d\u043a\u0441\u043a\u0443\u0440\u0441\u0438\u0438-\u043d\u0430-\u043c\u0430\u0448\u0438\u043d\u0435\/\">LATIUM<\/a><\/span> (<span style=\"color: #0000ff;\"><a style=\"color: #0000ff;\" href=\"http:\/\/www.rusrim.com\/fr\/\u0440\u0438\u043c-\u0442\u0443\u0440\u044b-\u043d\u0430-\u043c\u0430\u0448\u0438\u043d\u0435\/\u043b\u0430\u0446\u0438\u043e-\u044d\u043a\u0441\u043a\u0443\u0440\u0441\u0438\u0438-\u043d\u0430-\u043c\u0430\u0448\u0438\u043d\u0435\/\u0442\u0438\u0432\u043e\u043b\u0438\/\">Tivoli<\/a><\/span>, <span style=\"color: #0000ff;\"><a style=\"color: #0000ff;\" href=\"http:\/\/www.rusrim.com\/fr\/\u0440\u0438\u043c-\u0442\u0443\u0440\u044b-\u043d\u0430-\u043c\u0430\u0448\u0438\u043d\u0435\/\u043b\u0430\u0446\u0438\u043e-\u044d\u043a\u0441\u043a\u0443\u0440\u0441\u0438\u0438-\u043d\u0430-\u043c\u0430\u0448\u0438\u043d\u0435\/\u0440\u0438\u043c\u0441\u043a\u0438\u0435-\u0437\u0430\u043c\u043a\u0438-\u044d\u043a\u0441\u043a\u0443\u0440\u0441\u0438\u044f\/\">Chateaux Romains<\/a><\/span>, <span style=\"color: #0000ff;\"><a style=\"color: #0000ff;\" href=\"http:\/\/www.rusrim.com\/fr\/\u0440\u0438\u043c-\u0442\u0443\u0440\u044b-\u043d\u0430-\u043c\u0430\u0448\u0438\u043d\u0435\/\u043b\u0430\u0446\u0438\u043e-\u044d\u043a\u0441\u043a\u0443\u0440\u0441\u0438\u0438-\u043d\u0430-\u043c\u0430\u0448\u0438\u043d\u0435\/\u0442\u0430\u0440\u043a\u0432\u0438\u043d\u0438\u044f\/\">Tarquinie<\/a><\/span>) et <span style=\"color: #0000ff;\"><a style=\"color: #0000ff;\" href=\"http:\/\/www.rusrim.com\/fr\/\u0440\u0438\u043c-\u0442\u0443\u0440\u044b-\u043d\u0430-\u043c\u0430\u0448\u0438\u043d\u0435\/\u044d\u043a\u0441\u043a\u0443\u0440\u0441\u0438\u0438-\u0432-\u0442\u043e\u0441\u043a\u0430\u043d\u0443-\u0438\u0437-\u0440\u0438\u043c\u0430\/\">TOSCANE<\/a><\/span> (Florence, Sienne, Capalbe, Argentaire, Pise), <span style=\"color: #0000ff;\"><a style=\"color: #0000ff;\" href=\"http:\/\/www.rusrim.com\/fr\/\u0440\u0438\u043c-\u0442\u0443\u0440\u044b-\u043d\u0430-\u043c\u0430\u0448\u0438\u043d\u0435\/\u0443\u043c\u0431\u0440\u0438\u044f-\u044d\u043a\u0441\u043a\u0443\u0440\u0441\u0438\u0438-\u0441-\u0433\u0438\u0434\u043e\u043c\/\">OMBRIE<\/a><\/span> (Orvieto, Assise, P\u00e9rouse) ABRUZZES ( <span style=\"color: #0000ff;\"><a style=\"color: #0000ff;\" href=\"http:\/\/www.rusrim.com\/fr\/\u0440\u0438\u043c-\u0442\u0443\u0440\u044b-\u043d\u0430-\u043c\u0430\u0448\u0438\u043d\u0435\/english-abruzzo-private-car-tour-from-rome\/\">Gran Sasso, l\u2019Aquila<\/a><\/span>) CAMPANIE ( <span style=\"color: #0000ff;\"><a style=\"color: #0000ff;\" href=\"http:\/\/www.rusrim.com\/fr\/\u0440\u0438\u043c-\u0442\u0443\u0440\u044b-\u043d\u0430-\u043c\u0430\u0448\u0438\u043d\u0435\/\u0430\u043c\u0430\u043b\u044c\u0444\u0438-\u043f\u043e\u0437\u0438\u0442\u0430\u043d\u043e-\u0441\u043e\u0440\u0440\u0435\u043d\u0442\u043e-\u043f\u043e\u043c\u043f\u0435\u0438\/\">Pomp\u00e9i et Amalfi<\/a><\/span>) avec chauffeur\/guide-conf\u00e9rencier Anglais, Fran\u00e7ais, Russe, Bulgare et Allemand.<\/h5>\n<h5 style=\"text-align: center;\"><span class=\"VIiyi\" lang=\"fr\"><span class=\"JLqJ4b ChMk0b\" data-language-for-alternatives=\"fr\" data-language-to-translate-into=\"bg\" data-phrase-index=\"0\">R\u00e9servation d\u2019excursions en Toscane sans pr\u00e9paiement<\/span><\/span><\/h5>\n<h5 style=\"text-align: center;\">+39 389 59 75 184\u00a0\u00a0\u00a0<a href=\"mailto:info@rusrim.com\">info@rusrim.com\u00a0\u00a0<\/a><\/h5>\n<p><\/p>","protected":false},"excerpt":{"rendered":"<p>R\u00e9servation d\u2019excursions \u00e0 Rome sans pr\u00e9paiement +39 389 59 75 184\u00a0\u00a0\u00a0info@rusrim.com\u00a0\u00a0 MUSEE ARA PACIS Lungorevere \u00e0 Augusta Ouvert tous les jours sauf le lundi 9h-19h Le mus\u00e9e a \u00e9t\u00e9 inaugur\u00e9 en 2006 apr\u00e8s l&#8217;ach\u00e8vement de l&#8217;enceinte pour prot\u00e9ger l&#8217;autel qui avait \u00e9t\u00e9 consacr\u00e9 par Auguste en l&#8217;an 13 av. la paix enfin acquise. D\u00e9couvert au [&hellip;]<\/p>\n","protected":false},"author":2,"featured_media":0,"parent":2196,"menu_order":0,"comment_status":"closed","ping_status":"closed","template":"","meta":[],"tags":[3395,2273,510,22,62,3360,2270,2269,2268,2267,2536,2274,2265,2266,146,3357,2400,2232,2535,2257,2227,2251,2222,3396,3580,3359,3358,1161,728,3675,955],"_links":{"self":[{"href":"http:\/\/www.rusrim.com\/fr\/wp-json\/wp\/v2\/pages\/2258"}],"collection":[{"href":"http:\/\/www.rusrim.com\/fr\/wp-json\/wp\/v2\/pages"}],"about":[{"href":"http:\/\/www.rusrim.com\/fr\/wp-json\/wp\/v2\/types\/page"}],"author":[{"embeddable":true,"href":"http:\/\/www.rusrim.com\/fr\/wp-json\/wp\/v2\/users\/2"}],"replies":[{"embeddable":true,"href":"http:\/\/www.rusrim.com\/fr\/wp-json\/wp\/v2\/comments?post=2258"}],"version-history":[{"count":40,"href":"http:\/\/www.rusrim.com\/fr\/wp-json\/wp\/v2\/pages\/2258\/revisions"}],"predecessor-version":[{"id":9575,"href":"http:\/\/www.rusrim.com\/fr\/wp-json\/wp\/v2\/pages\/2258\/revisions\/9575"}],"up":[{"embeddable":true,"href":"http:\/\/www.rusrim.com\/fr\/wp-json\/wp\/v2\/pages\/2196"}],"wp:attachment":[{"href":"http:\/\/www.rusrim.com\/fr\/wp-json\/wp\/v2\/media?parent=2258"}],"wp:term":[{"taxonomy":"post_tag","embeddable":true,"href":"http:\/\/www.rusrim.com\/fr\/wp-json\/wp\/v2\/tags?post=2258"}],"curies":[{"name":"wp","href":"https:\/\/api.w.org\/{rel}","templated":true}]}}