{"id":2273,"date":"2017-09-18T18:22:40","date_gmt":"2017-09-18T18:22:40","guid":{"rendered":"http:\/\/www.rusrim.com\/?page_id=2273"},"modified":"2025-04-08T18:54:04","modified_gmt":"2025-04-08T18:54:04","slug":"english-carlo-bilotti-museum-rome-privat-tour","status":"publish","type":"page","link":"http:\/\/www.rusrim.com\/fr\/english-rome-private-tours\/english-carlo-bilotti-museum-rome-privat-tour\/","title":{"rendered":"MUS\u00c9E CARLO Bilotti \u2013 VISITE PRIV\u00c9E DE ROME"},"content":{"rendered":"<p><\/p>\n<h5 style=\"text-align: center;\"><span class=\"VIiyi\" lang=\"fr\"><span class=\"JLqJ4b ChMk0b\" data-language-for-alternatives=\"fr\" data-language-to-translate-into=\"bg\" data-phrase-index=\"0\">R\u00e9servation d\u2019excursions \u00e0 Rome sans pr\u00e9paiement<\/span><\/span><\/h5>\n<h5 style=\"text-align: center;\">+39 389 59 75 184\u00a0\u00a0\u00a0<a href=\"mailto:info@rusrim.com\">info@rusrim.com\u00a0\u00a0<\/a><\/h5>\n<div id=\"attachment_9232\" style=\"width: 614px\" class=\"wp-caption aligncenter\"><a href=\"http:\/\/www.rusrim.com\/wp-content\/uploads\/2021\/08\/Visite-guidee-du-musee-Carlo-Bilotti-a-Rome-.jpg\"><img aria-describedby=\"caption-attachment-9232\" loading=\"lazy\" class=\"Visite guid\u00e9e du mus\u00e9e Carlo Bilotti \u00e0 Rome wp-image-9232 size-large\" title=\"Visite guid\u00e9e du mus\u00e9e Carlo Bilotti \u00e0 Rome\" src=\"http:\/\/www.rusrim.com\/wp-content\/uploads\/2021\/08\/Visite-guidee-du-musee-Carlo-Bilotti-a-Rome--1024x614.jpg\" alt=\"Visite guid\u00e9e du mus\u00e9e Carlo Bilotti \u00e0 Rome\" width=\"604\" height=\"362\" srcset=\"http:\/\/www.rusrim.com\/wp-content\/uploads\/2021\/08\/Visite-guidee-du-musee-Carlo-Bilotti-a-Rome--1024x614.jpg 1024w, http:\/\/www.rusrim.com\/wp-content\/uploads\/2021\/08\/Visite-guidee-du-musee-Carlo-Bilotti-a-Rome--300x180.jpg 300w, http:\/\/www.rusrim.com\/wp-content\/uploads\/2021\/08\/Visite-guidee-du-musee-Carlo-Bilotti-a-Rome--768x461.jpg 768w, http:\/\/www.rusrim.com\/wp-content\/uploads\/2021\/08\/Visite-guidee-du-musee-Carlo-Bilotti-a-Rome--1536x922.jpg 1536w, http:\/\/www.rusrim.com\/wp-content\/uploads\/2021\/08\/Visite-guidee-du-musee-Carlo-Bilotti-a-Rome--2048x1229.jpg 2048w\" sizes=\"(max-width: 604px) 100vw, 604px\" \/><\/a><p id=\"caption-attachment-9232\" class=\"wp-caption-text\">Visite guid\u00e9e du mus\u00e9e Carlo Bilotti \u00e0 Rome<\/p><\/div>\n<div id=\"attachment_9231\" style=\"width: 614px\" class=\"wp-caption aligncenter\"><a href=\"http:\/\/www.rusrim.com\/wp-content\/uploads\/2021\/08\/Par-Giorgio-De-Chirico-Musee-Bilotti-.jpg\"><img aria-describedby=\"caption-attachment-9231\" loading=\"lazy\" class=\"Par Giorgio De Chirico - Mus\u00e9e Bilotti wp-image-9231 size-large\" title=\"Par Giorgio De Chirico - Mus\u00e9e Bilotti\" src=\"http:\/\/www.rusrim.com\/wp-content\/uploads\/2021\/08\/Par-Giorgio-De-Chirico-Musee-Bilotti--1024x679.jpg\" alt=\"Par Giorgio De Chirico - Mus\u00e9e Bilotti\" width=\"604\" height=\"401\" srcset=\"http:\/\/www.rusrim.com\/wp-content\/uploads\/2021\/08\/Par-Giorgio-De-Chirico-Musee-Bilotti--1024x679.jpg 1024w, http:\/\/www.rusrim.com\/wp-content\/uploads\/2021\/08\/Par-Giorgio-De-Chirico-Musee-Bilotti--300x199.jpg 300w, http:\/\/www.rusrim.com\/wp-content\/uploads\/2021\/08\/Par-Giorgio-De-Chirico-Musee-Bilotti--768x509.jpg 768w, http:\/\/www.rusrim.com\/wp-content\/uploads\/2021\/08\/Par-Giorgio-De-Chirico-Musee-Bilotti-.jpg 1523w\" sizes=\"(max-width: 604px) 100vw, 604px\" \/><\/a><p id=\"caption-attachment-9231\" class=\"wp-caption-text\">Par Giorgio De Chirico &#8211; Mus\u00e9e Bilotti<\/p><\/div>\n<div id=\"attachment_9230\" style=\"width: 614px\" class=\"wp-caption aligncenter\"><a href=\"http:\/\/www.rusrim.com\/wp-content\/uploads\/2021\/08\/Musee-Carlo-Bilotti-.jpg\"><img aria-describedby=\"caption-attachment-9230\" loading=\"lazy\" class=\"Mus\u00e9e Carlo Bilotti wp-image-9230 size-large\" title=\"Mus\u00e9e Carlo Bilotti\" src=\"http:\/\/www.rusrim.com\/wp-content\/uploads\/2021\/08\/Musee-Carlo-Bilotti--1024x614.jpg\" alt=\"Mus\u00e9e Carlo Bilotti\" width=\"604\" height=\"362\" srcset=\"http:\/\/www.rusrim.com\/wp-content\/uploads\/2021\/08\/Musee-Carlo-Bilotti--1024x614.jpg 1024w, http:\/\/www.rusrim.com\/wp-content\/uploads\/2021\/08\/Musee-Carlo-Bilotti--300x180.jpg 300w, http:\/\/www.rusrim.com\/wp-content\/uploads\/2021\/08\/Musee-Carlo-Bilotti--768x461.jpg 768w, http:\/\/www.rusrim.com\/wp-content\/uploads\/2021\/08\/Musee-Carlo-Bilotti--1536x922.jpg 1536w, http:\/\/www.rusrim.com\/wp-content\/uploads\/2021\/08\/Musee-Carlo-Bilotti--2048x1229.jpg 2048w\" sizes=\"(max-width: 604px) 100vw, 604px\" \/><\/a><p id=\"caption-attachment-9230\" class=\"wp-caption-text\">Mus\u00e9e Carlo Bilotti<\/p><\/div>\n<div id=\"attachment_9229\" style=\"width: 614px\" class=\"wp-caption aligncenter\"><a href=\"http:\/\/www.rusrim.com\/wp-content\/uploads\/2021\/08\/Galerie-dArt-Moderne-de-Rome-Carlo-Bilotti-.jpg\"><img aria-describedby=\"caption-attachment-9229\" loading=\"lazy\" class=\"Galerie d'Art Moderne de Rome Carlo Bilotti wp-image-9229 size-large\" title=\"Galerie d'Art Moderne de Rome Carlo Bilotti\" src=\"http:\/\/www.rusrim.com\/wp-content\/uploads\/2021\/08\/Galerie-dArt-Moderne-de-Rome-Carlo-Bilotti--1024x614.jpg\" alt=\"Galerie d'Art Moderne de Rome Carlo Bilotti\" width=\"604\" height=\"362\" srcset=\"http:\/\/www.rusrim.com\/wp-content\/uploads\/2021\/08\/Galerie-dArt-Moderne-de-Rome-Carlo-Bilotti--1024x614.jpg 1024w, http:\/\/www.rusrim.com\/wp-content\/uploads\/2021\/08\/Galerie-dArt-Moderne-de-Rome-Carlo-Bilotti--300x180.jpg 300w, http:\/\/www.rusrim.com\/wp-content\/uploads\/2021\/08\/Galerie-dArt-Moderne-de-Rome-Carlo-Bilotti--768x461.jpg 768w, http:\/\/www.rusrim.com\/wp-content\/uploads\/2021\/08\/Galerie-dArt-Moderne-de-Rome-Carlo-Bilotti--1536x922.jpg 1536w, http:\/\/www.rusrim.com\/wp-content\/uploads\/2021\/08\/Galerie-dArt-Moderne-de-Rome-Carlo-Bilotti--2048x1229.jpg 2048w\" sizes=\"(max-width: 604px) 100vw, 604px\" \/><\/a><p id=\"caption-attachment-9229\" class=\"wp-caption-text\">Galerie d&#8217;Art Moderne de Rome Carlo Bilotti<\/p><\/div>\n<p style=\"text-align: justify;\"><span class=\"VIiyi\" lang=\"fr\"><span class=\"JLqJ4b ChMk0b\" data-language-for-alternatives=\"fr\" data-language-to-translate-into=\"en\" data-phrase-index=\"0\">L&#8217;Orangerie de la Villa abrite la collection d&#8217;art que Carlo Bilotti, industriel dans le domaine des cosm\u00e9tiques et amoureux, a fait don \u00e0 la ville de Rome.<\/span> <span class=\"JLqJ4b ChMk0b\" data-language-for-alternatives=\"fr\" data-language-to-translate-into=\"en\" data-phrase-index=\"1\">La collection comprend 20 \u0153uvres dont 18 de De Chirico, dont certains de ses chefs-d&#8217;\u0153uvre des ann\u00e9es 1920.<\/span> <span class=\"JLqJ4b ChMk0b\" data-language-for-alternatives=\"fr\" data-language-to-translate-into=\"en\" data-phrase-index=\"2\">La collection comprend \u00e9galement l&#8217;une des deux seules \u0153uvres d&#8217;Andy Warhol dans les mus\u00e9es romains.<\/span> <span class=\"JLqJ4b ChMk0b\" data-language-for-alternatives=\"fr\" data-language-to-translate-into=\"en\" data-phrase-index=\"3\">Le legs et l&#8217;am\u00e9nagement de l&#8217;exposition ont donn\u00e9 l&#8217;occasion d&#8217;utiliser le bel espace d&#8217;exposition, qui a pris sa forme actuelle au cours du dernier quart du XVIIIe si\u00e8cle, et de restaurer le Ninfeo o\u00f9, en plus de la collection permanente, des<\/span> <span class=\"JLqJ4b ChMk0b\" data-language-for-alternatives=\"fr\" data-language-to-translate-into=\"en\" data-phrase-index=\"4\">des expositions d&#8217;art contemporain sont \u00e9galement organis\u00e9es.<\/span> <span class=\"JLqJ4b ChMk0b\" data-language-for-alternatives=\"fr\" data-language-to-translate-into=\"en\" data-phrase-index=\"5\">Il vaut la peine de consulter le site Web pour \u00eatre s\u00fbr de ne pas manquer des occasions de voir le travail d&#8217;artistes contemporains, tels que Damien Hirst et Jenny Saville, \u00e0 Rome.<\/span><\/span><\/p>\n<p>&nbsp;<\/p>\n<h3 style=\"text-align: center;\">Tours motoris\u00e9s en Italie <span style=\"color: #0000ff;\"><a style=\"color: #0000ff;\" href=\"http:\/\/www.rusrim.com\/fr\/\u0440\u0438\u043c-\u0442\u0443\u0440\u044b-\u043d\u0430-\u043c\u0430\u0448\u0438\u043d\u0435\/\u0430\u0432\u0442\u043e\u043c\u043e\u0431\u0438\u043b\u044c\u043d\u044b\u0435-\u0442\u0443\u0440\u044b-\u043f\u043e-\u0440\u0438\u043c\u0443-\u0438-\u0432\u0430\u0442\u0438\u043a\u0430\u043d\u0443\/\">ROME<\/a><\/span> &#8211; <span style=\"color: #0000ff;\"><a style=\"color: #0000ff;\" href=\"http:\/\/www.rusrim.com\/fr\/\u0440\u0438\u043c-\u0442\u0443\u0440\u044b-\u043d\u0430-\u043c\u0430\u0448\u0438\u043d\u0435\/\u043b\u0430\u0446\u0438\u043e-\u044d\u043a\u0441\u043a\u0443\u0440\u0441\u0438\u0438-\u043d\u0430-\u043c\u0430\u0448\u0438\u043d\u0435\/\">LATIUM<\/a><\/span> &#8211; <a href=\"http:\/\/www.rusrim.com\/fr\/\u0440\u0438\u043c-\u0442\u0443\u0440\u044b-\u043d\u0430-\u043c\u0430\u0448\u0438\u043d\u0435\/\u044d\u043a\u0441\u043a\u0443\u0440\u0441\u0438\u0438-\u0432-\u0442\u043e\u0441\u043a\u0430\u043d\u0443-\u0438\u0437-\u0440\u0438\u043c\u0430\/\"><span style=\"color: #0000ff;\">TOSCANE<\/span><\/a> &#8211; <span style=\"color: #0000ff;\"><a style=\"color: #0000ff;\" href=\"http:\/\/www.rusrim.com\/fr\/\u0440\u0438\u043c-\u0442\u0443\u0440\u044b-\u043d\u0430-\u043c\u0430\u0448\u0438\u043d\u0435\/\u0443\u043c\u0431\u0440\u0438\u044f-\u044d\u043a\u0441\u043a\u0443\u0440\u0441\u0438\u0438-\u0441-\u0433\u0438\u0434\u043e\u043c\/\">OMBRIE<\/a><\/span> &#8211; <span style=\"color: #0000ff;\"><a style=\"color: #0000ff;\" href=\"http:\/\/www.rusrim.com\/fr\/\u0440\u0438\u043c-\u0442\u0443\u0440\u044b-\u043d\u0430-\u043c\u0430\u0448\u0438\u043d\u0435\/\u0430\u043c\u0430\u043b\u044c\u0444\u0438-\u043f\u043e\u0437\u0438\u0442\u0430\u043d\u043e-\u0441\u043e\u0440\u0440\u0435\u043d\u0442\u043e-\u043f\u043e\u043c\u043f\u0435\u0438\/\">CAMPANIE<\/a><\/span> &#8211; <span style=\"color: #0000ff;\"><a style=\"color: #0000ff;\" href=\"http:\/\/www.rusrim.com\/fr\/\u0440\u0438\u043c-\u0442\u0443\u0440\u044b-\u043d\u0430-\u043c\u0430\u0448\u0438\u043d\u0435\/english-abruzzo-private-car-tour-from-rome\/\">ABRUZZES<\/a><\/span> &#8211; <span style=\"color: #0000ff;\"><a style=\"color: #0000ff;\" href=\"http:\/\/www.rusrim.com\/fr\/\u0440\u0438\u043c-\u0442\u0443\u0440\u044b-\u043d\u0430-\u043c\u0430\u0448\u0438\u043d\u0435\/\u0432\u0435\u043d\u0435\u0446\u0438\u044f-\u0438\u043d\u0434\u0438\u0432\u0438\u0434\u0443\u0430\u043b\u044c\u043d\u0430\u044f-\u044d\u043a\u0441\u043a\u0443\u0440\u0441\u0438\u044f\/\">Venise &#8211; <\/a><a style=\"color: #0000ff;\" href=\"http:\/\/www.rusrim.com\/fr\/\u0440\u0438\u043c-\u0442\u0443\u0440\u044b-\u043d\u0430-\u043c\u0430\u0448\u0438\u043d\u0435\/\u0431\u044a\u043b\u0433\u0430\u0440\u0441\u043a\u0438-\u0442\u0440\u0435\u043d\u0442\u0438\u043d\u043e-\u0430\u043b\u0442\u043e-\u0430\u0434\u0438\u0434\u0436\u0435-\u0441\u0443\u0434-\u0442\/\">TRENTINO<\/a><\/span><\/h3>\n<h5 style=\"text-align: center;\">Excursions en Bulgare, Russe, Anglais, Fran\u00e7ais et Ukrainien<\/h5>\n<h5 style=\"text-align: center;\">Tours individuels avec chauffeur\/<span style=\"color: #0000ff;\"><a style=\"color: #0000ff;\" href=\"http:\/\/www.rusrim.com\/fr\/%D0%B3%D0%B8%D0%B4%D1%8B\/%D0%B3%D0%B8%D0%B4-%D1%80%D0%B8%D0%BC\/\">guide <\/a><\/span>-conf\u00e9rencier \u00e0 Rome, Le <span style=\"color: #0000ff;\"><a style=\"color: #0000ff;\" href=\"http:\/\/www.rusrim.com\/fr\/\u044d\u043a\u0441\u043a\u0443\u0440\u0441\u0438\u0438-\u043f\u043e-\u0440\u0438\u043c\u0443\/\u043e\u0431\u0437\u043e\u0440\u043d\u0430\u044f-\u043f\u043e-\u0432\u0430\u0442\u0438\u043a\u0430\u043d\u0443\/\">Vatican<\/a><\/span>, et les r\u00e9gions du <span style=\"color: #0000ff;\"><a style=\"color: #0000ff;\" href=\"http:\/\/www.rusrim.com\/fr\/\u0440\u0438\u043c-\u0442\u0443\u0440\u044b-\u043d\u0430-\u043c\u0430\u0448\u0438\u043d\u0435\/\u043b\u0430\u0446\u0438\u043e-\u044d\u043a\u0441\u043a\u0443\u0440\u0441\u0438\u0438-\u043d\u0430-\u043c\u0430\u0448\u0438\u043d\u0435\/\">LATIUM<\/a><\/span> (<span style=\"color: #0000ff;\"><a style=\"color: #0000ff;\" href=\"http:\/\/www.rusrim.com\/fr\/\u0440\u0438\u043c-\u0442\u0443\u0440\u044b-\u043d\u0430-\u043c\u0430\u0448\u0438\u043d\u0435\/\u043b\u0430\u0446\u0438\u043e-\u044d\u043a\u0441\u043a\u0443\u0440\u0441\u0438\u0438-\u043d\u0430-\u043c\u0430\u0448\u0438\u043d\u0435\/\u0442\u0438\u0432\u043e\u043b\u0438\/\">Tivoli<\/a><\/span>, <span style=\"color: #0000ff;\"><a style=\"color: #0000ff;\" href=\"http:\/\/www.rusrim.com\/fr\/\u0440\u0438\u043c-\u0442\u0443\u0440\u044b-\u043d\u0430-\u043c\u0430\u0448\u0438\u043d\u0435\/\u043b\u0430\u0446\u0438\u043e-\u044d\u043a\u0441\u043a\u0443\u0440\u0441\u0438\u0438-\u043d\u0430-\u043c\u0430\u0448\u0438\u043d\u0435\/\u0440\u0438\u043c\u0441\u043a\u0438\u0435-\u0437\u0430\u043c\u043a\u0438-\u044d\u043a\u0441\u043a\u0443\u0440\u0441\u0438\u044f\/\">Chateaux Romains<\/a><\/span>, <span style=\"color: #0000ff;\"><a style=\"color: #0000ff;\" href=\"http:\/\/www.rusrim.com\/fr\/\u0440\u0438\u043c-\u0442\u0443\u0440\u044b-\u043d\u0430-\u043c\u0430\u0448\u0438\u043d\u0435\/\u043b\u0430\u0446\u0438\u043e-\u044d\u043a\u0441\u043a\u0443\u0440\u0441\u0438\u0438-\u043d\u0430-\u043c\u0430\u0448\u0438\u043d\u0435\/\u0442\u0430\u0440\u043a\u0432\u0438\u043d\u0438\u044f\/\">Tarquinie<\/a><\/span>) et <span style=\"color: #0000ff;\"><a style=\"color: #0000ff;\" href=\"http:\/\/www.rusrim.com\/fr\/\u0440\u0438\u043c-\u0442\u0443\u0440\u044b-\u043d\u0430-\u043c\u0430\u0448\u0438\u043d\u0435\/\u044d\u043a\u0441\u043a\u0443\u0440\u0441\u0438\u0438-\u0432-\u0442\u043e\u0441\u043a\u0430\u043d\u0443-\u0438\u0437-\u0440\u0438\u043c\u0430\/\">TOSCANE<\/a><\/span> (Florence, Sienne, Capalbe, Argentaire, Pise), <span style=\"color: #0000ff;\"><a style=\"color: #0000ff;\" href=\"http:\/\/www.rusrim.com\/fr\/\u0440\u0438\u043c-\u0442\u0443\u0440\u044b-\u043d\u0430-\u043c\u0430\u0448\u0438\u043d\u0435\/\u0443\u043c\u0431\u0440\u0438\u044f-\u044d\u043a\u0441\u043a\u0443\u0440\u0441\u0438\u0438-\u0441-\u0433\u0438\u0434\u043e\u043c\/\">OMBRIE<\/a><\/span> (Orvieto, Assise, P\u00e9rouse) ABRUZZES ( <span style=\"color: #0000ff;\"><a style=\"color: #0000ff;\" href=\"http:\/\/www.rusrim.com\/fr\/\u0440\u0438\u043c-\u0442\u0443\u0440\u044b-\u043d\u0430-\u043c\u0430\u0448\u0438\u043d\u0435\/english-abruzzo-private-car-tour-from-rome\/\">Gran Sasso, l\u2019Aquila<\/a><\/span>) CAMPANIE ( <span style=\"color: #0000ff;\"><a style=\"color: #0000ff;\" href=\"http:\/\/www.rusrim.com\/fr\/\u0440\u0438\u043c-\u0442\u0443\u0440\u044b-\u043d\u0430-\u043c\u0430\u0448\u0438\u043d\u0435\/\u0430\u043c\u0430\u043b\u044c\u0444\u0438-\u043f\u043e\u0437\u0438\u0442\u0430\u043d\u043e-\u0441\u043e\u0440\u0440\u0435\u043d\u0442\u043e-\u043f\u043e\u043c\u043f\u0435\u0438\/\">Pomp\u00e9i et Amalfi<\/a><\/span>) avec chauffeur\/guide-conf\u00e9rencier Anglais, Fran\u00e7ais, Russe, Bulgare et Allemand.<\/h5>\n<h5 style=\"text-align: center;\"><span class=\"VIiyi\" lang=\"fr\"><span class=\"JLqJ4b ChMk0b\" data-language-for-alternatives=\"fr\" data-language-to-translate-into=\"bg\" data-phrase-index=\"0\">R\u00e9servation d\u2019excursions en Toscane sans pr\u00e9paiement<\/span><\/span><\/h5>\n<h5 style=\"text-align: center;\">+39 389 59 75 184\u00a0\u00a0\u00a0<a href=\"mailto:info@rusrim.com\">info@rusrim.com\u00a0\u00a0<\/a><\/h5>\n<p><\/p>","protected":false},"excerpt":{"rendered":"<p>R\u00e9servation d\u2019excursions \u00e0 Rome sans pr\u00e9paiement +39 389 59 75 184\u00a0\u00a0\u00a0info@rusrim.com\u00a0\u00a0 L&#8217;Orangerie de la Villa abrite la collection d&#8217;art que Carlo Bilotti, industriel dans le domaine des cosm\u00e9tiques et amoureux, a fait don \u00e0 la ville de Rome. La collection comprend 20 \u0153uvres dont 18 de De Chirico, dont certains de ses chefs-d&#8217;\u0153uvre des ann\u00e9es [&hellip;]<\/p>\n","protected":false},"author":2,"featured_media":0,"parent":2196,"menu_order":0,"comment_status":"closed","ping_status":"closed","template":"","meta":[],"tags":[1377,510,22,62,2284,2270,2269,2922,2921,2268,2267,2265,2266,146,2227,2251,2285,12,3412,533,284,3437,3415,3413,3649,3552,8,2579,956,3648,3414],"_links":{"self":[{"href":"http:\/\/www.rusrim.com\/fr\/wp-json\/wp\/v2\/pages\/2273"}],"collection":[{"href":"http:\/\/www.rusrim.com\/fr\/wp-json\/wp\/v2\/pages"}],"about":[{"href":"http:\/\/www.rusrim.com\/fr\/wp-json\/wp\/v2\/types\/page"}],"author":[{"embeddable":true,"href":"http:\/\/www.rusrim.com\/fr\/wp-json\/wp\/v2\/users\/2"}],"replies":[{"embeddable":true,"href":"http:\/\/www.rusrim.com\/fr\/wp-json\/wp\/v2\/comments?post=2273"}],"version-history":[{"count":31,"href":"http:\/\/www.rusrim.com\/fr\/wp-json\/wp\/v2\/pages\/2273\/revisions"}],"predecessor-version":[{"id":9742,"href":"http:\/\/www.rusrim.com\/fr\/wp-json\/wp\/v2\/pages\/2273\/revisions\/9742"}],"up":[{"embeddable":true,"href":"http:\/\/www.rusrim.com\/fr\/wp-json\/wp\/v2\/pages\/2196"}],"wp:attachment":[{"href":"http:\/\/www.rusrim.com\/fr\/wp-json\/wp\/v2\/media?parent=2273"}],"wp:term":[{"taxonomy":"post_tag","embeddable":true,"href":"http:\/\/www.rusrim.com\/fr\/wp-json\/wp\/v2\/tags?post=2273"}],"curies":[{"name":"wp","href":"https:\/\/api.w.org\/{rel}","templated":true}]}}