{"id":2280,"date":"2017-09-18T18:37:55","date_gmt":"2017-09-18T18:37:55","guid":{"rendered":"http:\/\/www.rusrim.com\/?page_id=2280"},"modified":"2021-09-18T18:08:17","modified_gmt":"2021-09-18T18:08:17","slug":"english-spada-gallery-private-tour","status":"publish","type":"page","link":"http:\/\/www.rusrim.com\/fr\/english-rome-private-tours\/english-spada-gallery-private-tour\/","title":{"rendered":"GALERIE SPADA &#8211; Palazzo Spada"},"content":{"rendered":"<p><\/p>\n<h5 style=\"text-align: center;\"><span class=\"VIiyi\" lang=\"fr\"><span class=\"JLqJ4b ChMk0b\" data-language-for-alternatives=\"fr\" data-language-to-translate-into=\"bg\" data-phrase-index=\"0\">R\u00e9servation d\u2019excursions \u00e0 Rome sans pr\u00e9paiement<\/span><\/span><\/h5>\n<h5 style=\"text-align: center;\">+39 389 59 75 184\u00a0\u00a0\u00a0<a href=\"mailto:info@rusrim.com\">info@rusrim.com\u00a0\u00a0<\/a><\/h5>\n<div id=\"attachment_9201\" style=\"width: 650px\" class=\"wp-caption aligncenter\"><a href=\"http:\/\/www.rusrim.com\/wp-content\/uploads\/2021\/08\/Palais-Spada-.jpg\"><img aria-describedby=\"caption-attachment-9201\" loading=\"lazy\" class=\"Palais Spada wp-image-9201 size-full\" title=\"Palais Spada\" src=\"http:\/\/www.rusrim.com\/wp-content\/uploads\/2021\/08\/Palais-Spada-.jpg\" alt=\"Palais Spada\" width=\"640\" height=\"480\" srcset=\"http:\/\/www.rusrim.com\/wp-content\/uploads\/2021\/08\/Palais-Spada-.jpg 640w, http:\/\/www.rusrim.com\/wp-content\/uploads\/2021\/08\/Palais-Spada--300x225.jpg 300w\" sizes=\"(max-width: 640px) 100vw, 640px\" \/><\/a><p id=\"caption-attachment-9201\" class=\"wp-caption-text\">Palais Spada<\/p><\/div>\n<div id=\"attachment_9200\" style=\"width: 650px\" class=\"wp-caption aligncenter\"><a href=\"http:\/\/www.rusrim.com\/wp-content\/uploads\/2021\/08\/Galerie-Spada-a-Rome-.jpg\"><img aria-describedby=\"caption-attachment-9200\" loading=\"lazy\" class=\"Galerie Spada \u00e0 Rome wp-image-9200 size-full\" title=\"Galerie Spada \u00e0 Rome\" src=\"http:\/\/www.rusrim.com\/wp-content\/uploads\/2021\/08\/Galerie-Spada-a-Rome-.jpg\" alt=\"Galerie Spada \u00e0 Rome\" width=\"640\" height=\"424\" srcset=\"http:\/\/www.rusrim.com\/wp-content\/uploads\/2021\/08\/Galerie-Spada-a-Rome-.jpg 640w, http:\/\/www.rusrim.com\/wp-content\/uploads\/2021\/08\/Galerie-Spada-a-Rome--300x199.jpg 300w\" sizes=\"(max-width: 640px) 100vw, 640px\" \/><\/a><p id=\"caption-attachment-9200\" class=\"wp-caption-text\">Galerie Spada \u00e0 Rome<\/p><\/div>\n<p style=\"text-align: justify;\"><span class=\"VIiyi\" lang=\"fr\"><span class=\"JLqJ4b\" data-language-for-alternatives=\"fr\" data-language-to-translate-into=\"en\" data-phrase-index=\"0\">GALERIE SPADA La collection Spada est log\u00e9e dans le palais Spada Capodiferro, \u00e0 proximit\u00e9 de la Piazza Farnese. Commenc\u00e9e par le cardinal Bernardino Spada et agrandie par son arri\u00e8re-petit-fils Fabrizio, la collection contient des precimis du XVIIe s. peintures, arrang\u00e9es r\u00e9gionalement et stylistiquement. C&#8217;est le seul exemple conserv\u00e9 des collections priv\u00e9es de la famille patricienne romaine, car les \u00e9v\u00e9nements du XVIIIe s. (occupation fran\u00e7aise) et le 19e s. (Rome est devenue capitale) les a dispers\u00e9s dans des noyaux plus grands. Dispos\u00e9e dans quatre salles au premier \u00e9tage, la collection est un ensemble coh\u00e9rent d&#8217;\u0153uvres d&#8217;art refl\u00e9tant la curiosit\u00e9 scientifique et le go\u00fbt du client principal \u2013 le cardinal Bernardino Spada. L&#8217;agencement de la collection suit celui d&#8217;origine : les tableaux sont dispos\u00e9s en diff\u00e9rentes rang\u00e9es le long des murs et les sculptures sont plac\u00e9es sous eux ou au milieu des pi\u00e8ces, tandis que les meubles anciens (canap\u00e9s, consoles, chaises, miroirs) occupent le repos, cr\u00e9ant un espace plein d&#8217;\u0153uvres d&#8217;art et de mobilier. Le leitmotiv du 16\u2033. et 18&#8243;&#8216; c. Les collections romaines sont la relation entre les peintures modernes et les sculptures antiques au sein des m\u00eames salles : les peintures modernes \u00e9taient parfois copi\u00e9es et inspir\u00e9es des sculptures antiques ; montr\u00e9 dans des variations formelles-stylistiques, SANTA LUCIA \u2013 GALERIE SPADA C&#8217;est d\u00e9sormais un mod\u00e8le canonique \u2013 par exemple le Sleeping Putto est ici repr\u00e9sent\u00e9 en trois versions diff\u00e9rentes. L&#8217;\u00e9difice, construit pendant la seconde moiti\u00e9 du XVIe si\u00e8cle, se distingue par la riche d\u00e9coration en stuc de la fa\u00e7ade et de la cour int\u00e9rieure : ici les statues d&#8217;empereurs romains alternent avec des motifs ornementaux. Une partie du b\u00e2timent est le si\u00e8ge du Conseil d&#8217;\u00c9tat. La galerie en perspective command\u00e9e par le cardinal Spada Francesco Borromini (1653), peut \u00eatre vue \u00e0 travers le mur de verre de la biblioth\u00e8que faisant face \u00e0 la cour int\u00e9rieure. Il montre le talent atteint par l&#8217;artiste en mati\u00e8re d&#8217;optique et de design. La galerie, en effet, ra \u2022 semble plus profonde que ses 9 m gr\u00e2ce \u00e0 l&#8217;accentuation du point de fuite de perspective obtenu en modifiant ses \u00e9l\u00e9ments structurels : le plancher est en mont\u00e9e, les murs sont convergents, la vo\u00fbte en descente et les colonnes deviennent de plus en plus petites comme le buste du guerrier, plac\u00e9 ici seulement plus tard, est atteint. Cette exp\u00e9rience ing\u00e9nieuse prouve que la culture \u00e9tudiait tous les aspects de la r\u00e9alit\u00e9 (botanique, astronomie, optique). La salle d&#8217;entr\u00e9e a un magnifique sol en carreaux de terre cuite, qui est devenu une surface r\u00e9fl\u00e9chissante uniforme au fil des si\u00e8cles. La largeur de la salle avec les grands tableaux dispos\u00e9s sur trois rang\u00e9es facilite leur vision : voici le Portrait du cardinal Bernardino Spada (1631) \u2014 le principal cr\u00e9ateur de la collection \u2014 par Guido Reni.<\/span><\/span><\/p>\n<div id=\"attachment_9202\" style=\"width: 425px\" class=\"wp-caption aligncenter\"><a href=\"http:\/\/www.rusrim.com\/wp-content\/uploads\/2021\/08\/Santa-Lucia-1630-Francesco-Furini-Palais-Spada.jpg\"><img aria-describedby=\"caption-attachment-9202\" loading=\"lazy\" class=\"Santa Lucia 1630 Francesco Furini - Palais Spada wp-image-9202 size-full\" title=\"Santa Lucia 1630 Francesco Furini - Palais Spada\" src=\"http:\/\/www.rusrim.com\/wp-content\/uploads\/2021\/08\/Santa-Lucia-1630-Francesco-Furini-Palais-Spada.jpg\" alt=\"Santa Lucia 1630 Francesco Furini - Palais Spada\" width=\"415\" height=\"550\" srcset=\"http:\/\/www.rusrim.com\/wp-content\/uploads\/2021\/08\/Santa-Lucia-1630-Francesco-Furini-Palais-Spada.jpg 415w, http:\/\/www.rusrim.com\/wp-content\/uploads\/2021\/08\/Santa-Lucia-1630-Francesco-Furini-Palais-Spada-226x300.jpg 226w\" sizes=\"(max-width: 415px) 100vw, 415px\" \/><\/a><p id=\"caption-attachment-9202\" class=\"wp-caption-text\">Santa Lucia 1630 Francesco Furini &#8211; Palais Spada<\/p><\/div>\n<p style=\"text-align: justify;\"><span class=\"VIiyi\" lang=\"fr\"><span class=\"JLqJ4b\" data-language-for-alternatives=\"fr\" data-language-to-translate-into=\"en\" data-phrase-index=\"0\"> Il \u00e9tait l&#8217;artiste pr\u00e9f\u00e9r\u00e9 du cardinal parmi les artistes bolonais \u00e0 qui il commandait des \u0153uvres : l&#8217;autre \u00e9tait Guercino. La galerie contient Mort de Dick (1631) de Guercino &#8211; une peinture avec un contraste de clair-obscur prononc\u00e9, destin\u00e9e \u00e0 l&#8217;origine \u00e0 la collection de Marie de M\u00e9dicis, qui \u00e9tait reine de France \u00e0 cette \u00e9poque. La pr\u00e9dilection pour l&#8217;\u00e9cole de Bologne ne fait pas exception \u00e0 cette \u00e9poque ; il suffit de consid\u00e9rer l&#8217;h\u00e9ritage de Carracci au Palais Farn\u00e8se (galerie avec les Histoires de Psych\u00e9, 1592). Mais le Cardinal se distingue par son choix sans faille des artistes ; de plus, il \u00e9tait ouvert d&#8217;esprit aux nouvelles expressions artistiques de cette p\u00e9riode. PALAIS SPADA \u00e0 ROME Le palais a \u00e9t\u00e9 construit et d\u00e9cor\u00e9 de splendides peintures et stucs au milieu du XVIe si\u00e8cle par le cardinal Girolamo Capodiferro. Achet\u00e9 en 1632 par le cardinal Bernadino Spada, le b\u00e2timent fut aussit\u00f4t transform\u00e9 pour abriter la r\u00e9sidence de l&#8217;important pr\u00e9lat. De nouvelles d\u00e9corations ont \u00e9t\u00e9 r\u00e9alis\u00e9es, m\u00eame en vue de l&#8217;am\u00e9nagement de la Galerie des tableaux, o\u00f9 il est encore possible d&#8217;admirer le riche mobilier, les sculptures et deux mappemondes, soulignant les nombreux int\u00e9r\u00eats du ma\u00eetre de maison. Depuis 1926, l&#8217;\u00e9difice est le si\u00e8ge du Conseil d&#8217;\u00c9tat, mais il est toujours possible de visiter, dans quatre salles, la galerie du pr\u00e9lat cultiv\u00e9, avec des peintures d&#8217;artistes c\u00e9l\u00e8bres, dont Titien et Guido Reni. Borromini a commenc\u00e9 \u00e0 travailler sur la restauration du palais de Spada vers 1635. Il a transform\u00e9 le grand escalier int\u00e9rieur et a construit les deux escaliers en colima\u00e7on dans la fa\u00e7ade donnant sur le jardin. L&#8217;\u0153uvre la plus importante, cependant, fut la surprenante Galerie en Per-spective, le v\u0153u du cardinal Bernadi-no Spada, passionn\u00e9 par ces virtuosit\u00e9s baroques. La galerie a \u00e9t\u00e9 construite en un an, de 1652 \u00e0 1653, en collaboration avec le math\u00e9maticien augustin, Gio-vanni Maria da Bitonto. La profondeur virtuelle de la galerie est d&#8217;environ 35 m\u00e8tres, mais la mesure r\u00e9elle est de 8,82 m\u00e8tres ! L&#8217;illusion d&#8217;optique s&#8217;est faite par la convergence des plans de la colonnade vers le point de fuite et la pente ascendante du sol en mosa\u00efque. Au fond de la galerie r\u00e9cemment restaur\u00e9e, sur le mur du fond, se trouve le moulage d&#8217;une petite statue d&#8217;un guerrier de l&#8217;\u00e9poque romaine plac\u00e9e l\u00e0 dans les ann\u00e9es 1800<\/span><\/span><\/p>\n<div id=\"attachment_8500\" style=\"width: 614px\" class=\"wp-caption aligncenter\"><a href=\"http:\/\/www.rusrim.com\/wp-content\/uploads\/2021\/07\/Borromini-Perspective.jpg\"><img aria-describedby=\"caption-attachment-8500\" loading=\"lazy\" class=\"Borromini Perspective wp-image-8500 size-large\" title=\"Borromini Perspective\" src=\"http:\/\/www.rusrim.com\/wp-content\/uploads\/2021\/07\/Borromini-Perspective-723x1024.jpg\" alt=\"Borromini Perspective\" width=\"604\" height=\"855\" srcset=\"http:\/\/www.rusrim.com\/wp-content\/uploads\/2021\/07\/Borromini-Perspective-723x1024.jpg 723w, http:\/\/www.rusrim.com\/wp-content\/uploads\/2021\/07\/Borromini-Perspective-212x300.jpg 212w, http:\/\/www.rusrim.com\/wp-content\/uploads\/2021\/07\/Borromini-Perspective-768x1088.jpg 768w, http:\/\/www.rusrim.com\/wp-content\/uploads\/2021\/07\/Borromini-Perspective.jpg 830w\" sizes=\"(max-width: 604px) 100vw, 604px\" \/><\/a><p id=\"caption-attachment-8500\" class=\"wp-caption-text\">Borromini Perspective<\/p><\/div>\n<h3 style=\"text-align: center;\">Tours motoris\u00e9s en Italie <span style=\"color: #0000ff;\"><a style=\"color: #0000ff;\" href=\"http:\/\/www.rusrim.com\/fr\/\u0440\u0438\u043c-\u0442\u0443\u0440\u044b-\u043d\u0430-\u043c\u0430\u0448\u0438\u043d\u0435\/\u0430\u0432\u0442\u043e\u043c\u043e\u0431\u0438\u043b\u044c\u043d\u044b\u0435-\u0442\u0443\u0440\u044b-\u043f\u043e-\u0440\u0438\u043c\u0443-\u0438-\u0432\u0430\u0442\u0438\u043a\u0430\u043d\u0443\/\">ROME<\/a><\/span> &#8211; <span style=\"color: #0000ff;\"><a style=\"color: #0000ff;\" href=\"http:\/\/www.rusrim.com\/fr\/\u0440\u0438\u043c-\u0442\u0443\u0440\u044b-\u043d\u0430-\u043c\u0430\u0448\u0438\u043d\u0435\/\u043b\u0430\u0446\u0438\u043e-\u044d\u043a\u0441\u043a\u0443\u0440\u0441\u0438\u0438-\u043d\u0430-\u043c\u0430\u0448\u0438\u043d\u0435\/\">LATIUM<\/a><\/span> &#8211; <a href=\"http:\/\/www.rusrim.com\/fr\/\u0440\u0438\u043c-\u0442\u0443\u0440\u044b-\u043d\u0430-\u043c\u0430\u0448\u0438\u043d\u0435\/\u044d\u043a\u0441\u043a\u0443\u0440\u0441\u0438\u0438-\u0432-\u0442\u043e\u0441\u043a\u0430\u043d\u0443-\u0438\u0437-\u0440\u0438\u043c\u0430\/\"><span style=\"color: #0000ff;\">TOSCANE<\/span><\/a> &#8211; <span style=\"color: #0000ff;\"><a style=\"color: #0000ff;\" href=\"http:\/\/www.rusrim.com\/fr\/\u0440\u0438\u043c-\u0442\u0443\u0440\u044b-\u043d\u0430-\u043c\u0430\u0448\u0438\u043d\u0435\/\u0443\u043c\u0431\u0440\u0438\u044f-\u044d\u043a\u0441\u043a\u0443\u0440\u0441\u0438\u0438-\u0441-\u0433\u0438\u0434\u043e\u043c\/\">OMBRIE<\/a><\/span> &#8211; <span style=\"color: #0000ff;\"><a style=\"color: #0000ff;\" href=\"http:\/\/www.rusrim.com\/fr\/\u0440\u0438\u043c-\u0442\u0443\u0440\u044b-\u043d\u0430-\u043c\u0430\u0448\u0438\u043d\u0435\/\u0430\u043c\u0430\u043b\u044c\u0444\u0438-\u043f\u043e\u0437\u0438\u0442\u0430\u043d\u043e-\u0441\u043e\u0440\u0440\u0435\u043d\u0442\u043e-\u043f\u043e\u043c\u043f\u0435\u0438\/\">CAMPANIE<\/a><\/span> &#8211; <span style=\"color: #0000ff;\"><a style=\"color: #0000ff;\" href=\"http:\/\/www.rusrim.com\/fr\/\u0440\u0438\u043c-\u0442\u0443\u0440\u044b-\u043d\u0430-\u043c\u0430\u0448\u0438\u043d\u0435\/english-abruzzo-private-car-tour-from-rome\/\">ABRUZZES<\/a><\/span> &#8211; <span style=\"color: #0000ff;\"><a style=\"color: #0000ff;\" href=\"http:\/\/www.rusrim.com\/fr\/\u0440\u0438\u043c-\u0442\u0443\u0440\u044b-\u043d\u0430-\u043c\u0430\u0448\u0438\u043d\u0435\/\u0432\u0435\u043d\u0435\u0446\u0438\u044f-\u0438\u043d\u0434\u0438\u0432\u0438\u0434\u0443\u0430\u043b\u044c\u043d\u0430\u044f-\u044d\u043a\u0441\u043a\u0443\u0440\u0441\u0438\u044f\/\">Venise &#8211; <\/a><a style=\"color: #0000ff;\" href=\"http:\/\/www.rusrim.com\/fr\/\u0440\u0438\u043c-\u0442\u0443\u0440\u044b-\u043d\u0430-\u043c\u0430\u0448\u0438\u043d\u0435\/\u0431\u044a\u043b\u0433\u0430\u0440\u0441\u043a\u0438-\u0442\u0440\u0435\u043d\u0442\u0438\u043d\u043e-\u0430\u043b\u0442\u043e-\u0430\u0434\u0438\u0434\u0436\u0435-\u0441\u0443\u0434-\u0442\/\">TRENTINO<\/a><\/span><\/h3>\n<h5 style=\"text-align: center;\">Excursions en Bulgare, Russe, Anglais, Fran\u00e7ais et Ukrainien<\/h5>\n<h5 style=\"text-align: center;\">Tours individuels avec chauffeur\/<span style=\"color: #0000ff;\"><a style=\"color: #0000ff;\" href=\"http:\/\/www.rusrim.com\/fr\/%D0%B3%D0%B8%D0%B4%D1%8B\/%D0%B3%D0%B8%D0%B4-%D1%80%D0%B8%D0%BC\/\">guide <\/a><\/span>-conf\u00e9rencier \u00e0 Rome, Le <span style=\"color: #0000ff;\"><a style=\"color: #0000ff;\" href=\"http:\/\/www.rusrim.com\/fr\/\u044d\u043a\u0441\u043a\u0443\u0440\u0441\u0438\u0438-\u043f\u043e-\u0440\u0438\u043c\u0443\/\u043e\u0431\u0437\u043e\u0440\u043d\u0430\u044f-\u043f\u043e-\u0432\u0430\u0442\u0438\u043a\u0430\u043d\u0443\/\">Vatican<\/a><\/span>, et les r\u00e9gions du <span style=\"color: #0000ff;\"><a style=\"color: #0000ff;\" href=\"http:\/\/www.rusrim.com\/fr\/\u0440\u0438\u043c-\u0442\u0443\u0440\u044b-\u043d\u0430-\u043c\u0430\u0448\u0438\u043d\u0435\/\u043b\u0430\u0446\u0438\u043e-\u044d\u043a\u0441\u043a\u0443\u0440\u0441\u0438\u0438-\u043d\u0430-\u043c\u0430\u0448\u0438\u043d\u0435\/\">LATIUM<\/a><\/span> (<span style=\"color: #0000ff;\"><a style=\"color: #0000ff;\" href=\"http:\/\/www.rusrim.com\/fr\/\u0440\u0438\u043c-\u0442\u0443\u0440\u044b-\u043d\u0430-\u043c\u0430\u0448\u0438\u043d\u0435\/\u043b\u0430\u0446\u0438\u043e-\u044d\u043a\u0441\u043a\u0443\u0440\u0441\u0438\u0438-\u043d\u0430-\u043c\u0430\u0448\u0438\u043d\u0435\/\u0442\u0438\u0432\u043e\u043b\u0438\/\">Tivoli<\/a><\/span>, <span style=\"color: #0000ff;\"><a style=\"color: #0000ff;\" href=\"http:\/\/www.rusrim.com\/fr\/\u0440\u0438\u043c-\u0442\u0443\u0440\u044b-\u043d\u0430-\u043c\u0430\u0448\u0438\u043d\u0435\/\u043b\u0430\u0446\u0438\u043e-\u044d\u043a\u0441\u043a\u0443\u0440\u0441\u0438\u0438-\u043d\u0430-\u043c\u0430\u0448\u0438\u043d\u0435\/\u0440\u0438\u043c\u0441\u043a\u0438\u0435-\u0437\u0430\u043c\u043a\u0438-\u044d\u043a\u0441\u043a\u0443\u0440\u0441\u0438\u044f\/\">Chateaux Romains<\/a><\/span>, <span style=\"color: #0000ff;\"><a style=\"color: #0000ff;\" href=\"http:\/\/www.rusrim.com\/fr\/\u0440\u0438\u043c-\u0442\u0443\u0440\u044b-\u043d\u0430-\u043c\u0430\u0448\u0438\u043d\u0435\/\u043b\u0430\u0446\u0438\u043e-\u044d\u043a\u0441\u043a\u0443\u0440\u0441\u0438\u0438-\u043d\u0430-\u043c\u0430\u0448\u0438\u043d\u0435\/\u0442\u0430\u0440\u043a\u0432\u0438\u043d\u0438\u044f\/\">Tarquinie<\/a><\/span>) et <span style=\"color: #0000ff;\"><a style=\"color: #0000ff;\" href=\"http:\/\/www.rusrim.com\/fr\/\u0440\u0438\u043c-\u0442\u0443\u0440\u044b-\u043d\u0430-\u043c\u0430\u0448\u0438\u043d\u0435\/\u044d\u043a\u0441\u043a\u0443\u0440\u0441\u0438\u0438-\u0432-\u0442\u043e\u0441\u043a\u0430\u043d\u0443-\u0438\u0437-\u0440\u0438\u043c\u0430\/\">TOSCANE<\/a><\/span> (Florence, Sienne, Capalbe, Argentaire, Pise), <span style=\"color: #0000ff;\"><a style=\"color: #0000ff;\" href=\"http:\/\/www.rusrim.com\/fr\/\u0440\u0438\u043c-\u0442\u0443\u0440\u044b-\u043d\u0430-\u043c\u0430\u0448\u0438\u043d\u0435\/\u0443\u043c\u0431\u0440\u0438\u044f-\u044d\u043a\u0441\u043a\u0443\u0440\u0441\u0438\u0438-\u0441-\u0433\u0438\u0434\u043e\u043c\/\">OMBRIE<\/a><\/span> (Orvieto, Assise, P\u00e9rouse) ABRUZZES ( <span style=\"color: #0000ff;\"><a style=\"color: #0000ff;\" href=\"http:\/\/www.rusrim.com\/fr\/\u0440\u0438\u043c-\u0442\u0443\u0440\u044b-\u043d\u0430-\u043c\u0430\u0448\u0438\u043d\u0435\/english-abruzzo-private-car-tour-from-rome\/\">Gran Sasso, l\u2019Aquila<\/a><\/span>) CAMPANIE ( <span style=\"color: #0000ff;\"><a style=\"color: #0000ff;\" href=\"http:\/\/www.rusrim.com\/fr\/\u0440\u0438\u043c-\u0442\u0443\u0440\u044b-\u043d\u0430-\u043c\u0430\u0448\u0438\u043d\u0435\/\u0430\u043c\u0430\u043b\u044c\u0444\u0438-\u043f\u043e\u0437\u0438\u0442\u0430\u043d\u043e-\u0441\u043e\u0440\u0440\u0435\u043d\u0442\u043e-\u043f\u043e\u043c\u043f\u0435\u0438\/\">Pomp\u00e9i et Amalfi<\/a><\/span>) avec chauffeur\/guide-conf\u00e9rencier Anglais, Fran\u00e7ais, Russe, Bulgare et Allemand.<\/h5>\n<h5 style=\"text-align: center;\"><span class=\"VIiyi\" lang=\"fr\"><span class=\"JLqJ4b ChMk0b\" data-language-for-alternatives=\"fr\" data-language-to-translate-into=\"bg\" data-phrase-index=\"0\">R\u00e9servation d\u2019excursions en Toscane sans pr\u00e9paiement<\/span><\/span><\/h5>\n<h5 style=\"text-align: center;\">+39 389 59 75 184\u00a0\u00a0\u00a0<a href=\"mailto:info@rusrim.com\">info@rusrim.com\u00a0\u00a0<\/a><\/h5>\n<p><\/p>","protected":false},"excerpt":{"rendered":"<p>R\u00e9servation d\u2019excursions \u00e0 Rome sans pr\u00e9paiement +39 389 59 75 184\u00a0\u00a0\u00a0info@rusrim.com\u00a0\u00a0 GALERIE SPADA La collection Spada est log\u00e9e dans le palais Spada Capodiferro, \u00e0 proximit\u00e9 de la Piazza Farnese. Commenc\u00e9e par le cardinal Bernardino Spada et agrandie par son arri\u00e8re-petit-fils Fabrizio, la collection contient des precimis du XVIIe s. peintures, arrang\u00e9es r\u00e9gionalement et stylistiquement. C&#8217;est [&hellip;]<\/p>\n","protected":false},"author":2,"featured_media":0,"parent":2196,"menu_order":0,"comment_status":"closed","ping_status":"closed","template":"","meta":[],"tags":[1377,510,22,62,2270,2269,618,2329,2268,2267,23,2265,2266,146,2227,2251,2285,2330,2328,2331,12,2324,3457,3743,3441,3568,3569,3554,533,284,5,3550,3741,3742,3469,3438,3456,3440,3570,3744,3745,3571,8,3510,956,3458],"_links":{"self":[{"href":"http:\/\/www.rusrim.com\/fr\/wp-json\/wp\/v2\/pages\/2280"}],"collection":[{"href":"http:\/\/www.rusrim.com\/fr\/wp-json\/wp\/v2\/pages"}],"about":[{"href":"http:\/\/www.rusrim.com\/fr\/wp-json\/wp\/v2\/types\/page"}],"author":[{"embeddable":true,"href":"http:\/\/www.rusrim.com\/fr\/wp-json\/wp\/v2\/users\/2"}],"replies":[{"embeddable":true,"href":"http:\/\/www.rusrim.com\/fr\/wp-json\/wp\/v2\/comments?post=2280"}],"version-history":[{"count":27,"href":"http:\/\/www.rusrim.com\/fr\/wp-json\/wp\/v2\/pages\/2280\/revisions"}],"predecessor-version":[{"id":9579,"href":"http:\/\/www.rusrim.com\/fr\/wp-json\/wp\/v2\/pages\/2280\/revisions\/9579"}],"up":[{"embeddable":true,"href":"http:\/\/www.rusrim.com\/fr\/wp-json\/wp\/v2\/pages\/2196"}],"wp:attachment":[{"href":"http:\/\/www.rusrim.com\/fr\/wp-json\/wp\/v2\/media?parent=2280"}],"wp:term":[{"taxonomy":"post_tag","embeddable":true,"href":"http:\/\/www.rusrim.com\/fr\/wp-json\/wp\/v2\/tags?post=2280"}],"curies":[{"name":"wp","href":"https:\/\/api.w.org\/{rel}","templated":true}]}}