{"id":2302,"date":"2017-09-18T19:23:40","date_gmt":"2017-09-18T19:23:40","guid":{"rendered":"http:\/\/www.rusrim.com\/?page_id=2302"},"modified":"2021-09-18T18:02:27","modified_gmt":"2021-09-18T18:02:27","slug":"english-santagnese-in-agone-rome-private-tour","status":"publish","type":"page","link":"http:\/\/www.rusrim.com\/fr\/english-rome-private-tours\/english-santagnese-in-agone-rome-private-tour\/","title":{"rendered":"Sant&#8217;Agnese in agone &#8211; Rome Piazza Navona"},"content":{"rendered":"<p><\/p>\n<h5 style=\"text-align: center;\"><span class=\"VIiyi\" lang=\"fr\"><span class=\"JLqJ4b ChMk0b\" data-language-for-alternatives=\"fr\" data-language-to-translate-into=\"bg\" data-phrase-index=\"0\">R\u00e9servation d\u2019excursions \u00e0 Rome sans pr\u00e9paiement<\/span><\/span><\/h5>\n<h5 style=\"text-align: center;\">+39 389 59 75 184\u00a0\u00a0\u00a0<a href=\"mailto:info@rusrim.com\">info@rusrim.com\u00a0\u00a0<\/a><\/h5>\n<div id=\"attachment_9179\" style=\"width: 614px\" class=\"wp-caption aligncenter\"><a href=\"http:\/\/www.rusrim.com\/wp-content\/uploads\/2021\/08\/Basilique-de-SantAgnese-in-Agone-a-Rome-.jpg\"><img aria-describedby=\"caption-attachment-9179\" loading=\"lazy\" class=\"Basilique de Sant'Agnese in Agone \u00e0 Rome wp-image-9179 size-large\" title=\"Basilique de Sant'Agnese in Agone \u00e0 Rome\" src=\"http:\/\/www.rusrim.com\/wp-content\/uploads\/2021\/08\/Basilique-de-SantAgnese-in-Agone-a-Rome--1024x680.jpg\" alt=\"Basilique de Sant'Agnese in Agone \u00e0 Rome\" width=\"604\" height=\"401\" srcset=\"http:\/\/www.rusrim.com\/wp-content\/uploads\/2021\/08\/Basilique-de-SantAgnese-in-Agone-a-Rome--1024x680.jpg 1024w, http:\/\/www.rusrim.com\/wp-content\/uploads\/2021\/08\/Basilique-de-SantAgnese-in-Agone-a-Rome--300x199.jpg 300w, http:\/\/www.rusrim.com\/wp-content\/uploads\/2021\/08\/Basilique-de-SantAgnese-in-Agone-a-Rome--768x510.jpg 768w, http:\/\/www.rusrim.com\/wp-content\/uploads\/2021\/08\/Basilique-de-SantAgnese-in-Agone-a-Rome--1536x1020.jpg 1536w, http:\/\/www.rusrim.com\/wp-content\/uploads\/2021\/08\/Basilique-de-SantAgnese-in-Agone-a-Rome--2048x1359.jpg 2048w\" sizes=\"(max-width: 604px) 100vw, 604px\" \/><\/a><p id=\"caption-attachment-9179\" class=\"wp-caption-text\">Basilique de Sant&#8217;Agnese in Agone \u00e0 Rome<\/p><\/div>\n<p><iframe title=\"Renaissance italienne tours priv\u00e9 \u00e0 Rome et Florence RusRim.com\" width=\"500\" height=\"281\" src=\"https:\/\/www.youtube.com\/embed\/HZKPC2Lzo8k?feature=oembed\" frameborder=\"0\" allow=\"accelerometer; autoplay; clipboard-write; encrypted-media; gyroscope; picture-in-picture\" allowfullscreen><\/iframe><\/p>\n<p style=\"text-align: justify;\"><span class=\"VIiyi\" lang=\"fr\"><span class=\"JLqJ4b ChMk0b\" data-language-for-alternatives=\"fr\" data-language-to-translate-into=\"en\" data-phrase-index=\"0\">L&#8217;\u00e9glise est b\u00e2tie \u00e0 l&#8217;endroit o\u00f9, selon la tradition, sainte Agn\u00e8s, l&#8217;une des vierges romaines les plus populaires, \u00e9tait mise au pilori et expos\u00e9e dans toute sa nudit\u00e9 : ses cheveux poussaient miraculeusement et la couvraient.<\/span> <span class=\"JLqJ4b ChMk0b\" data-language-for-alternatives=\"fr\" data-language-to-translate-into=\"en\" data-phrase-index=\"1\">L&#8217;\u00e9glise, d&#8217;origine m\u00e9di\u00e9vale, a \u00e9t\u00e9 reconstruite au milieu des ann\u00e9es 1600 gr\u00e2ce \u00e0 l&#8217;int\u00e9r\u00eat du pape Innocent X. Au d\u00e9but, le pontife a charg\u00e9 Girolamo et Carlo Rainaldi (1652) de r\u00e9aliser le plan, mais n&#8217;a pas \u00e9t\u00e9 satisfait.<\/span> <span class=\"JLqJ4b ChMk0b\" data-language-for-alternatives=\"fr\" data-language-to-translate-into=\"en\" data-phrase-index=\"2\">L&#8217;ann\u00e9e suivante, les deux furent remplac\u00e9s par Francesco Borromini, qui accepta en grande partie les id\u00e9es de ses pr\u00e9d\u00e9cesseurs en ce qui concerne le plan et l&#8217;agencement de l&#8217;int\u00e9rieur (seuls les autels entre les piliers principaux et les balcons<\/span> <span class=\"JLqJ4b ChMk0b\" data-language-for-alternatives=\"fr\" data-language-to-translate-into=\"en\" data-phrase-index=\"3\">, le plan de la sacristie et les portes qui en flanquent l&#8217;autel sont de Borromini), changeant cependant radicalement le dessin de la fa\u00e7ade, con\u00e7ue avec une grande fa\u00e7ade concave, qui renoue avec la forme du carr\u00e9 qui est le<\/span> <span class=\"JLqJ4b ChMk0b\" data-language-for-alternatives=\"fr\" data-language-to-translate-into=\"en\" data-phrase-index=\"4\">point focal.<\/span> <span class=\"JLqJ4b ChMk0b\" data-language-for-alternatives=\"fr\" data-language-to-translate-into=\"en\" data-phrase-index=\"5\">Les deux campaniles lat\u00e9raux encadrent le d\u00f4me avec le haut tambour.<\/span><\/span><\/p>\n<p><iframe title=\"Piazza Navona Tour priv\u00e9 \u00e0 Rome RusRim.com musique originale Adel Karanov\" width=\"500\" height=\"281\" src=\"https:\/\/www.youtube.com\/embed\/wcxxrUDt8mg?feature=oembed\" frameborder=\"0\" allow=\"accelerometer; autoplay; clipboard-write; encrypted-media; gyroscope; picture-in-picture\" allowfullscreen><\/iframe><\/p>\n<div id=\"attachment_9182\" style=\"width: 614px\" class=\"wp-caption aligncenter\"><a href=\"http:\/\/www.rusrim.com\/wp-content\/uploads\/2021\/08\/Saint-Sebastien-Basilique-de-SantAngese-in-Agone.jpg\"><img aria-describedby=\"caption-attachment-9182\" loading=\"lazy\" class=\"Saint S\u00e9bastien - Basilique de Sant'Angese in Agone wp-image-9182 size-large\" title=\"Saint S\u00e9bastien - Basilique de Sant'Angese in Agone\" src=\"http:\/\/www.rusrim.com\/wp-content\/uploads\/2021\/08\/Saint-Sebastien-Basilique-de-SantAngese-in-Agone-764x1024.jpg\" alt=\"Saint S\u00e9bastien - Basilique de Sant'Angese in Agone\" width=\"604\" height=\"810\" srcset=\"http:\/\/www.rusrim.com\/wp-content\/uploads\/2021\/08\/Saint-Sebastien-Basilique-de-SantAngese-in-Agone-764x1024.jpg 764w, http:\/\/www.rusrim.com\/wp-content\/uploads\/2021\/08\/Saint-Sebastien-Basilique-de-SantAngese-in-Agone-224x300.jpg 224w, http:\/\/www.rusrim.com\/wp-content\/uploads\/2021\/08\/Saint-Sebastien-Basilique-de-SantAngese-in-Agone-768x1030.jpg 768w, http:\/\/www.rusrim.com\/wp-content\/uploads\/2021\/08\/Saint-Sebastien-Basilique-de-SantAngese-in-Agone.jpg 1079w\" sizes=\"(max-width: 604px) 100vw, 604px\" \/><\/a><p id=\"caption-attachment-9182\" class=\"wp-caption-text\">Saint S\u00e9bastien &#8211; Basilique de Sant&#8217;Angese in Agone<\/p><\/div>\n<div id=\"attachment_9181\" style=\"width: 614px\" class=\"wp-caption aligncenter\"><a href=\"http:\/\/www.rusrim.com\/wp-content\/uploads\/2021\/08\/Piazza-Navona-Fontaine-Bernini-devant-la-Basilique-de-Saint-Anise-in-Agone-.jpg\"><img aria-describedby=\"caption-attachment-9181\" loading=\"lazy\" class=\"Piazza Navona - Fontaine Bernini devant la Basilique de Saint Anise in Agone wp-image-9181 size-large\" title=\"Piazza Navona - Fontaine Bernini devant la Basilique de Saint Anise in Agone\" src=\"http:\/\/www.rusrim.com\/wp-content\/uploads\/2021\/08\/Piazza-Navona-Fontaine-Bernini-devant-la-Basilique-de-Saint-Anise-in-Agone--1024x696.jpg\" alt=\"Piazza Navona - Fontaine Bernini devant la Basilique de Saint Anise in Agone\" width=\"604\" height=\"411\" srcset=\"http:\/\/www.rusrim.com\/wp-content\/uploads\/2021\/08\/Piazza-Navona-Fontaine-Bernini-devant-la-Basilique-de-Saint-Anise-in-Agone--1024x696.jpg 1024w, http:\/\/www.rusrim.com\/wp-content\/uploads\/2021\/08\/Piazza-Navona-Fontaine-Bernini-devant-la-Basilique-de-Saint-Anise-in-Agone--300x204.jpg 300w, http:\/\/www.rusrim.com\/wp-content\/uploads\/2021\/08\/Piazza-Navona-Fontaine-Bernini-devant-la-Basilique-de-Saint-Anise-in-Agone--768x522.jpg 768w, http:\/\/www.rusrim.com\/wp-content\/uploads\/2021\/08\/Piazza-Navona-Fontaine-Bernini-devant-la-Basilique-de-Saint-Anise-in-Agone--1536x1044.jpg 1536w, http:\/\/www.rusrim.com\/wp-content\/uploads\/2021\/08\/Piazza-Navona-Fontaine-Bernini-devant-la-Basilique-de-Saint-Anise-in-Agone--2048x1392.jpg 2048w\" sizes=\"(max-width: 604px) 100vw, 604px\" \/><\/a><p id=\"caption-attachment-9181\" class=\"wp-caption-text\">Piazza Navona &#8211; Fontaine Bernini devant la Basilique de Saint Anise in Agone<\/p><\/div>\n<div id=\"attachment_9180\" style=\"width: 614px\" class=\"wp-caption aligncenter\"><a href=\"http:\/\/www.rusrim.com\/wp-content\/uploads\/2021\/08\/Dome-de-la-basilique-de-SantAgnese-in-Agone-.jpg\"><img aria-describedby=\"caption-attachment-9180\" loading=\"lazy\" class=\"D\u00f4me de la basilique de Sant'Agnese in Agone wp-image-9180 size-large\" title=\"D\u00f4me de la basilique de Sant'Agnese in Agone\" src=\"http:\/\/www.rusrim.com\/wp-content\/uploads\/2021\/08\/Dome-de-la-basilique-de-SantAgnese-in-Agone--1024x766.jpg\" alt=\"D\u00f4me de la basilique de Sant'Agnese in Agone\" width=\"604\" height=\"452\" srcset=\"http:\/\/www.rusrim.com\/wp-content\/uploads\/2021\/08\/Dome-de-la-basilique-de-SantAgnese-in-Agone--1024x766.jpg 1024w, http:\/\/www.rusrim.com\/wp-content\/uploads\/2021\/08\/Dome-de-la-basilique-de-SantAgnese-in-Agone--300x224.jpg 300w, http:\/\/www.rusrim.com\/wp-content\/uploads\/2021\/08\/Dome-de-la-basilique-de-SantAgnese-in-Agone--768x574.jpg 768w, http:\/\/www.rusrim.com\/wp-content\/uploads\/2021\/08\/Dome-de-la-basilique-de-SantAgnese-in-Agone--1536x1149.jpg 1536w, http:\/\/www.rusrim.com\/wp-content\/uploads\/2021\/08\/Dome-de-la-basilique-de-SantAgnese-in-Agone-.jpg 1927w\" sizes=\"(max-width: 604px) 100vw, 604px\" \/><\/a><p id=\"caption-attachment-9180\" class=\"wp-caption-text\">D\u00f4me de la basilique de Sant&#8217;Agnese in Agone<\/p><\/div>\n<div class=\"mceTemp\">\n<h3 style=\"text-align: center;\">Tours motoris\u00e9s en Italie <span style=\"color: #0000ff;\"><a style=\"color: #0000ff;\" href=\"http:\/\/www.rusrim.com\/fr\/\u0440\u0438\u043c-\u0442\u0443\u0440\u044b-\u043d\u0430-\u043c\u0430\u0448\u0438\u043d\u0435\/\u0430\u0432\u0442\u043e\u043c\u043e\u0431\u0438\u043b\u044c\u043d\u044b\u0435-\u0442\u0443\u0440\u044b-\u043f\u043e-\u0440\u0438\u043c\u0443-\u0438-\u0432\u0430\u0442\u0438\u043a\u0430\u043d\u0443\/\">ROME<\/a><\/span> &#8211; <span style=\"color: #0000ff;\"><a style=\"color: #0000ff;\" href=\"http:\/\/www.rusrim.com\/fr\/\u0440\u0438\u043c-\u0442\u0443\u0440\u044b-\u043d\u0430-\u043c\u0430\u0448\u0438\u043d\u0435\/\u043b\u0430\u0446\u0438\u043e-\u044d\u043a\u0441\u043a\u0443\u0440\u0441\u0438\u0438-\u043d\u0430-\u043c\u0430\u0448\u0438\u043d\u0435\/\">LATIUM<\/a><\/span> &#8211; <a href=\"http:\/\/www.rusrim.com\/fr\/\u0440\u0438\u043c-\u0442\u0443\u0440\u044b-\u043d\u0430-\u043c\u0430\u0448\u0438\u043d\u0435\/\u044d\u043a\u0441\u043a\u0443\u0440\u0441\u0438\u0438-\u0432-\u0442\u043e\u0441\u043a\u0430\u043d\u0443-\u0438\u0437-\u0440\u0438\u043c\u0430\/\"><span style=\"color: #0000ff;\">TOSCANE<\/span><\/a> &#8211; <span style=\"color: #0000ff;\"><a style=\"color: #0000ff;\" href=\"http:\/\/www.rusrim.com\/fr\/\u0440\u0438\u043c-\u0442\u0443\u0440\u044b-\u043d\u0430-\u043c\u0430\u0448\u0438\u043d\u0435\/\u0443\u043c\u0431\u0440\u0438\u044f-\u044d\u043a\u0441\u043a\u0443\u0440\u0441\u0438\u0438-\u0441-\u0433\u0438\u0434\u043e\u043c\/\">OMBRIE<\/a><\/span> &#8211; <span style=\"color: #0000ff;\"><a style=\"color: #0000ff;\" href=\"http:\/\/www.rusrim.com\/fr\/\u0440\u0438\u043c-\u0442\u0443\u0440\u044b-\u043d\u0430-\u043c\u0430\u0448\u0438\u043d\u0435\/\u0430\u043c\u0430\u043b\u044c\u0444\u0438-\u043f\u043e\u0437\u0438\u0442\u0430\u043d\u043e-\u0441\u043e\u0440\u0440\u0435\u043d\u0442\u043e-\u043f\u043e\u043c\u043f\u0435\u0438\/\">CAMPANIE<\/a><\/span> &#8211; <span style=\"color: #0000ff;\"><a style=\"color: #0000ff;\" href=\"http:\/\/www.rusrim.com\/fr\/\u0440\u0438\u043c-\u0442\u0443\u0440\u044b-\u043d\u0430-\u043c\u0430\u0448\u0438\u043d\u0435\/english-abruzzo-private-car-tour-from-rome\/\">ABRUZZES<\/a><\/span> &#8211; <span style=\"color: #0000ff;\"><a style=\"color: #0000ff;\" href=\"http:\/\/www.rusrim.com\/fr\/\u0440\u0438\u043c-\u0442\u0443\u0440\u044b-\u043d\u0430-\u043c\u0430\u0448\u0438\u043d\u0435\/\u0432\u0435\u043d\u0435\u0446\u0438\u044f-\u0438\u043d\u0434\u0438\u0432\u0438\u0434\u0443\u0430\u043b\u044c\u043d\u0430\u044f-\u044d\u043a\u0441\u043a\u0443\u0440\u0441\u0438\u044f\/\">Venise &#8211; <\/a><a style=\"color: #0000ff;\" href=\"http:\/\/www.rusrim.com\/fr\/\u0440\u0438\u043c-\u0442\u0443\u0440\u044b-\u043d\u0430-\u043c\u0430\u0448\u0438\u043d\u0435\/\u0431\u044a\u043b\u0433\u0430\u0440\u0441\u043a\u0438-\u0442\u0440\u0435\u043d\u0442\u0438\u043d\u043e-\u0430\u043b\u0442\u043e-\u0430\u0434\u0438\u0434\u0436\u0435-\u0441\u0443\u0434-\u0442\/\">TRENTINO<\/a><\/span><\/h3>\n<h5 style=\"text-align: center;\">Excursions en Bulgare, Russe, Anglais, Fran\u00e7ais et Ukrainien<\/h5>\n<h5 style=\"text-align: center;\">Tours individuels avec chauffeur\/<span style=\"color: #0000ff;\"><a style=\"color: #0000ff;\" href=\"http:\/\/www.rusrim.com\/fr\/%D0%B3%D0%B8%D0%B4%D1%8B\/%D0%B3%D0%B8%D0%B4-%D1%80%D0%B8%D0%BC\/\">guide <\/a><\/span>-conf\u00e9rencier \u00e0 Rome, Le <span style=\"color: #0000ff;\"><a style=\"color: #0000ff;\" href=\"http:\/\/www.rusrim.com\/fr\/\u044d\u043a\u0441\u043a\u0443\u0440\u0441\u0438\u0438-\u043f\u043e-\u0440\u0438\u043c\u0443\/\u043e\u0431\u0437\u043e\u0440\u043d\u0430\u044f-\u043f\u043e-\u0432\u0430\u0442\u0438\u043a\u0430\u043d\u0443\/\">Vatican<\/a><\/span>, et les r\u00e9gions du <span style=\"color: #0000ff;\"><a style=\"color: #0000ff;\" href=\"http:\/\/www.rusrim.com\/fr\/\u0440\u0438\u043c-\u0442\u0443\u0440\u044b-\u043d\u0430-\u043c\u0430\u0448\u0438\u043d\u0435\/\u043b\u0430\u0446\u0438\u043e-\u044d\u043a\u0441\u043a\u0443\u0440\u0441\u0438\u0438-\u043d\u0430-\u043c\u0430\u0448\u0438\u043d\u0435\/\">LATIUM<\/a><\/span> (<span style=\"color: #0000ff;\"><a style=\"color: #0000ff;\" href=\"http:\/\/www.rusrim.com\/fr\/\u0440\u0438\u043c-\u0442\u0443\u0440\u044b-\u043d\u0430-\u043c\u0430\u0448\u0438\u043d\u0435\/\u043b\u0430\u0446\u0438\u043e-\u044d\u043a\u0441\u043a\u0443\u0440\u0441\u0438\u0438-\u043d\u0430-\u043c\u0430\u0448\u0438\u043d\u0435\/\u0442\u0438\u0432\u043e\u043b\u0438\/\">Tivoli<\/a><\/span>, <span style=\"color: #0000ff;\"><a style=\"color: #0000ff;\" href=\"http:\/\/www.rusrim.com\/fr\/\u0440\u0438\u043c-\u0442\u0443\u0440\u044b-\u043d\u0430-\u043c\u0430\u0448\u0438\u043d\u0435\/\u043b\u0430\u0446\u0438\u043e-\u044d\u043a\u0441\u043a\u0443\u0440\u0441\u0438\u0438-\u043d\u0430-\u043c\u0430\u0448\u0438\u043d\u0435\/\u0440\u0438\u043c\u0441\u043a\u0438\u0435-\u0437\u0430\u043c\u043a\u0438-\u044d\u043a\u0441\u043a\u0443\u0440\u0441\u0438\u044f\/\">Chateaux Romains<\/a><\/span>, <span style=\"color: #0000ff;\"><a style=\"color: #0000ff;\" href=\"http:\/\/www.rusrim.com\/fr\/\u0440\u0438\u043c-\u0442\u0443\u0440\u044b-\u043d\u0430-\u043c\u0430\u0448\u0438\u043d\u0435\/\u043b\u0430\u0446\u0438\u043e-\u044d\u043a\u0441\u043a\u0443\u0440\u0441\u0438\u0438-\u043d\u0430-\u043c\u0430\u0448\u0438\u043d\u0435\/\u0442\u0430\u0440\u043a\u0432\u0438\u043d\u0438\u044f\/\">Tarquinie<\/a><\/span>) et <span style=\"color: #0000ff;\"><a style=\"color: #0000ff;\" href=\"http:\/\/www.rusrim.com\/fr\/\u0440\u0438\u043c-\u0442\u0443\u0440\u044b-\u043d\u0430-\u043c\u0430\u0448\u0438\u043d\u0435\/\u044d\u043a\u0441\u043a\u0443\u0440\u0441\u0438\u0438-\u0432-\u0442\u043e\u0441\u043a\u0430\u043d\u0443-\u0438\u0437-\u0440\u0438\u043c\u0430\/\">TOSCANE<\/a><\/span> (Florence, Sienne, Capalbe, Argentaire, Pise), <span style=\"color: #0000ff;\"><a style=\"color: #0000ff;\" href=\"http:\/\/www.rusrim.com\/fr\/\u0440\u0438\u043c-\u0442\u0443\u0440\u044b-\u043d\u0430-\u043c\u0430\u0448\u0438\u043d\u0435\/\u0443\u043c\u0431\u0440\u0438\u044f-\u044d\u043a\u0441\u043a\u0443\u0440\u0441\u0438\u0438-\u0441-\u0433\u0438\u0434\u043e\u043c\/\">OMBRIE<\/a><\/span> (Orvieto, Assise, P\u00e9rouse) ABRUZZES ( <span style=\"color: #0000ff;\"><a style=\"color: #0000ff;\" href=\"http:\/\/www.rusrim.com\/fr\/\u0440\u0438\u043c-\u0442\u0443\u0440\u044b-\u043d\u0430-\u043c\u0430\u0448\u0438\u043d\u0435\/english-abruzzo-private-car-tour-from-rome\/\">Gran Sasso, l\u2019Aquila<\/a><\/span>) CAMPANIE ( <span style=\"color: #0000ff;\"><a style=\"color: #0000ff;\" href=\"http:\/\/www.rusrim.com\/fr\/\u0440\u0438\u043c-\u0442\u0443\u0440\u044b-\u043d\u0430-\u043c\u0430\u0448\u0438\u043d\u0435\/\u0430\u043c\u0430\u043b\u044c\u0444\u0438-\u043f\u043e\u0437\u0438\u0442\u0430\u043d\u043e-\u0441\u043e\u0440\u0440\u0435\u043d\u0442\u043e-\u043f\u043e\u043c\u043f\u0435\u0438\/\">Pomp\u00e9i et Amalfi<\/a><\/span>) avec chauffeur\/guide-conf\u00e9rencier Anglais, Fran\u00e7ais, Russe, Bulgare et Allemand.<\/h5>\n<h5 style=\"text-align: center;\"><span class=\"VIiyi\" lang=\"fr\"><span class=\"JLqJ4b ChMk0b\" data-language-for-alternatives=\"fr\" data-language-to-translate-into=\"bg\" data-phrase-index=\"0\">R\u00e9servation d\u2019excursions en Toscane sans pr\u00e9paiement<\/span><\/span><\/h5>\n<h5 style=\"text-align: center;\">+39 389 59 75 184\u00a0\u00a0\u00a0<a href=\"mailto:info@rusrim.com\">info@rusrim.com\u00a0\u00a0<\/a><\/h5>\n<\/div>\n<p><\/p>","protected":false},"excerpt":{"rendered":"<p>R\u00e9servation d\u2019excursions \u00e0 Rome sans pr\u00e9paiement +39 389 59 75 184\u00a0\u00a0\u00a0info@rusrim.com\u00a0\u00a0 L&#8217;\u00e9glise est b\u00e2tie \u00e0 l&#8217;endroit o\u00f9, selon la tradition, sainte Agn\u00e8s, l&#8217;une des vierges romaines les plus populaires, \u00e9tait mise au pilori et expos\u00e9e dans toute sa nudit\u00e9 : ses cheveux poussaient miraculeusement et la couvraient. L&#8217;\u00e9glise, d&#8217;origine m\u00e9di\u00e9vale, a \u00e9t\u00e9 reconstruite au milieu [&hellip;]<\/p>\n","protected":false},"author":2,"featured_media":0,"parent":2196,"menu_order":0,"comment_status":"closed","ping_status":"closed","template":"","meta":[],"tags":[1377,510,22,62,2270,2269,618,2322,2268,2267,208,2265,2266,146,2227,2251,2285,2321,12,3501,3437,3491,3559,3560,8,3558,3500,3665,3664],"_links":{"self":[{"href":"http:\/\/www.rusrim.com\/fr\/wp-json\/wp\/v2\/pages\/2302"}],"collection":[{"href":"http:\/\/www.rusrim.com\/fr\/wp-json\/wp\/v2\/pages"}],"about":[{"href":"http:\/\/www.rusrim.com\/fr\/wp-json\/wp\/v2\/types\/page"}],"author":[{"embeddable":true,"href":"http:\/\/www.rusrim.com\/fr\/wp-json\/wp\/v2\/users\/2"}],"replies":[{"embeddable":true,"href":"http:\/\/www.rusrim.com\/fr\/wp-json\/wp\/v2\/comments?post=2302"}],"version-history":[{"count":25,"href":"http:\/\/www.rusrim.com\/fr\/wp-json\/wp\/v2\/pages\/2302\/revisions"}],"predecessor-version":[{"id":9557,"href":"http:\/\/www.rusrim.com\/fr\/wp-json\/wp\/v2\/pages\/2302\/revisions\/9557"}],"up":[{"embeddable":true,"href":"http:\/\/www.rusrim.com\/fr\/wp-json\/wp\/v2\/pages\/2196"}],"wp:attachment":[{"href":"http:\/\/www.rusrim.com\/fr\/wp-json\/wp\/v2\/media?parent=2302"}],"wp:term":[{"taxonomy":"post_tag","embeddable":true,"href":"http:\/\/www.rusrim.com\/fr\/wp-json\/wp\/v2\/tags?post=2302"}],"curies":[{"name":"wp","href":"https:\/\/api.w.org\/{rel}","templated":true}]}}