{"id":2309,"date":"2017-09-18T19:46:57","date_gmt":"2017-09-18T19:46:57","guid":{"rendered":"http:\/\/www.rusrim.com\/?page_id=2309"},"modified":"2025-04-08T18:28:52","modified_gmt":"2025-04-08T18:28:52","slug":"english-san-pietro-in-montorio-by-bramante-rome-private-tour","status":"publish","type":"page","link":"http:\/\/www.rusrim.com\/fr\/english-rome-private-tours\/english-san-pietro-in-montorio-by-bramante-rome-private-tour\/","title":{"rendered":"SAN PIETRO IN MONTORIO : LE TEMPIETTO DE BRAMANTE"},"content":{"rendered":"<p><\/p>\n<h5 style=\"text-align: center;\"><span class=\"VIiyi\" lang=\"fr\"><span class=\"JLqJ4b ChMk0b\" data-language-for-alternatives=\"fr\" data-language-to-translate-into=\"bg\" data-phrase-index=\"0\">R\u00e9servation d\u2019excursions \u00e0 Rome sans pr\u00e9paiement<\/span><\/span><\/h5>\n<h5 style=\"text-align: center;\">+39 389 59 75 184\u00a0\u00a0\u00a0<a href=\"mailto:info@rusrim.com\">info@rusrim.com\u00a0\u00a0<\/a><\/h5>\n<div id=\"attachment_3123\" style=\"width: 618px\" class=\"wp-caption aligncenter\"><a href=\"http:\/\/www.rusrim.com\/wp-content\/uploads\/2015\/11\/Tempietto-del-Bramante-Roma-Car-tours-of-rome.jpg\"><img aria-describedby=\"caption-attachment-3123\" loading=\"lazy\" class=\"Tempietto-del-Bramante-Roma wp-image-3123\" title=\"Tempietto-del-Bramante-Roma\" src=\"http:\/\/www.rusrim.com\/wp-content\/uploads\/2015\/11\/Tempietto-del-Bramante-Roma-Car-tours-of-rome.jpg\" alt=\"Tempietto-del-Bramante-Roma\" width=\"608\" height=\"922\" srcset=\"http:\/\/www.rusrim.com\/wp-content\/uploads\/2015\/11\/Tempietto-del-Bramante-Roma-Car-tours-of-rome.jpg 360w, http:\/\/www.rusrim.com\/wp-content\/uploads\/2015\/11\/Tempietto-del-Bramante-Roma-Car-tours-of-rome-198x300.jpg 198w\" sizes=\"(max-width: 608px) 100vw, 608px\" \/><\/a><p id=\"caption-attachment-3123\" class=\"wp-caption-text\">Tempietto-del-Bramante-Roma<\/p><\/div>\n<p style=\"text-align: justify;\"><a href=\"http:\/\/www.rusrim.com\/wp-content\/uploads\/2021\/08\/Tempietto-del-Bramante-Excursion-a-Rome-.jpg\"><img loading=\"lazy\" class=\"size-full wp-image-9042 alignleft\" src=\"http:\/\/www.rusrim.com\/wp-content\/uploads\/2021\/08\/Tempietto-del-Bramante-Excursion-a-Rome-.jpg\" alt=\"Tempietto del Bramante - Excursion \u00e0 Rome\" width=\"155\" height=\"155\" srcset=\"http:\/\/www.rusrim.com\/wp-content\/uploads\/2021\/08\/Tempietto-del-Bramante-Excursion-a-Rome-.jpg 155w, http:\/\/www.rusrim.com\/wp-content\/uploads\/2021\/08\/Tempietto-del-Bramante-Excursion-a-Rome--150x150.jpg 150w\" sizes=\"(max-width: 155px) 100vw, 155px\" \/><\/a>SAN PIETRO IN MONTORIO : LE TEMPIETTO DE BRAMANTE Construit au sommet du Gianicolo, le rempietu (petit temple) a \u00e9t\u00e9 command\u00e9 par le roi d&#8217;Espagne pour consacrer le lieu o\u00f9, selon la tradition m\u00e9di\u00e9vale, saint Pierre, le martyr, fondateur de l&#8217;\u00c9glise chr\u00e9tienne et premier pape, avait \u00e9t\u00e9 crucifi\u00e9. Le jeune architecte Bramante l&#8217;a con\u00e7u comme un v\u00e9ritable manyrium de style antique, avec un plan central et un cercle de colonnes p\u00e9rim\u00e9triques. Le b\u00e2timent doit avoir \u00e9t\u00e9 plac\u00e9 dans une grande place, qui, cependant, n&#8217;a jamais \u00e9t\u00e9 construite. Malgr\u00e9 la taille r\u00e9duite, l&#8217;espace a \u00e9t\u00e9 con\u00e7u dans un style grandiose et monumental. Elle repose \u00e9videmment sur l&#8217;\u00e9tude des r\u00e8gles d&#8217;harmonie du Romain Vitruve, qui conseillait l&#8217;utilisation de l&#8217;ordre dorique des colonnes pour les \u00e9difices d\u00e9di\u00e9s aux divinit\u00e9s masculines ou aux figures mythologiques r\u00e9put\u00e9es pour leur force et leur courage. L&#8217;architecte Bramante a en effet utilis\u00e9 l&#8217;ordre dorique pour le tempietto, lui donnant un air de rigueur et d&#8217;\u00e9conomie, qui tient aussi \u00e0 l&#8217;usage limit\u00e9 d&#8217;une d\u00e9coration excessive et \u00e0 la sobre harmonie des volumes.<\/p>\n<div id=\"attachment_1441\" style=\"width: 609px\" class=\"wp-caption aligncenter\"><a href=\"http:\/\/www.rusrim.com\/wp-content\/uploads\/2015\/12\/Tempietto-del-Bramante-Rome-tours-and-guide.jpg\"><img aria-describedby=\"caption-attachment-1441\" loading=\"lazy\" class=\"Tempietto-del-Bramante-Rome wp-image-1441 size-full\" title=\"Tempietto-del-Bramante-Rome\" src=\"http:\/\/www.rusrim.com\/wp-content\/uploads\/2015\/12\/Tempietto-del-Bramante-Rome-tours-and-guide.jpg\" alt=\"Tempietto-del-Bramante-Rome\" width=\"599\" height=\"823\" srcset=\"http:\/\/www.rusrim.com\/wp-content\/uploads\/2015\/12\/Tempietto-del-Bramante-Rome-tours-and-guide.jpg 599w, http:\/\/www.rusrim.com\/wp-content\/uploads\/2015\/12\/Tempietto-del-Bramante-Rome-tours-and-guide-218x300.jpg 218w\" sizes=\"(max-width: 599px) 100vw, 599px\" \/><\/a><p id=\"caption-attachment-1441\" class=\"wp-caption-text\">Tempietto-del-Bramante-Rome<\/p><\/div>\n<h3 style=\"text-align: center;\">Tours motoris\u00e9s en Italie <span style=\"color: #0000ff;\"><a style=\"color: #0000ff;\" href=\"http:\/\/www.rusrim.com\/fr\/\u0440\u0438\u043c-\u0442\u0443\u0440\u044b-\u043d\u0430-\u043c\u0430\u0448\u0438\u043d\u0435\/\u0430\u0432\u0442\u043e\u043c\u043e\u0431\u0438\u043b\u044c\u043d\u044b\u0435-\u0442\u0443\u0440\u044b-\u043f\u043e-\u0440\u0438\u043c\u0443-\u0438-\u0432\u0430\u0442\u0438\u043a\u0430\u043d\u0443\/\">ROME<\/a><\/span> &#8211; <span style=\"color: #0000ff;\"><a style=\"color: #0000ff;\" href=\"http:\/\/www.rusrim.com\/fr\/\u0440\u0438\u043c-\u0442\u0443\u0440\u044b-\u043d\u0430-\u043c\u0430\u0448\u0438\u043d\u0435\/\u043b\u0430\u0446\u0438\u043e-\u044d\u043a\u0441\u043a\u0443\u0440\u0441\u0438\u0438-\u043d\u0430-\u043c\u0430\u0448\u0438\u043d\u0435\/\">LATIUM<\/a><\/span> &#8211; <a href=\"http:\/\/www.rusrim.com\/fr\/\u0440\u0438\u043c-\u0442\u0443\u0440\u044b-\u043d\u0430-\u043c\u0430\u0448\u0438\u043d\u0435\/\u044d\u043a\u0441\u043a\u0443\u0440\u0441\u0438\u0438-\u0432-\u0442\u043e\u0441\u043a\u0430\u043d\u0443-\u0438\u0437-\u0440\u0438\u043c\u0430\/\"><span style=\"color: #0000ff;\">TOSCANE<\/span><\/a> &#8211; <span style=\"color: #0000ff;\"><a style=\"color: #0000ff;\" href=\"http:\/\/www.rusrim.com\/fr\/\u0440\u0438\u043c-\u0442\u0443\u0440\u044b-\u043d\u0430-\u043c\u0430\u0448\u0438\u043d\u0435\/\u0443\u043c\u0431\u0440\u0438\u044f-\u044d\u043a\u0441\u043a\u0443\u0440\u0441\u0438\u0438-\u0441-\u0433\u0438\u0434\u043e\u043c\/\">OMBRIE<\/a><\/span> &#8211; <span style=\"color: #0000ff;\"><a style=\"color: #0000ff;\" href=\"http:\/\/www.rusrim.com\/fr\/\u0440\u0438\u043c-\u0442\u0443\u0440\u044b-\u043d\u0430-\u043c\u0430\u0448\u0438\u043d\u0435\/\u0430\u043c\u0430\u043b\u044c\u0444\u0438-\u043f\u043e\u0437\u0438\u0442\u0430\u043d\u043e-\u0441\u043e\u0440\u0440\u0435\u043d\u0442\u043e-\u043f\u043e\u043c\u043f\u0435\u0438\/\">CAMPANIE<\/a><\/span> &#8211; <span style=\"color: #0000ff;\"><a style=\"color: #0000ff;\" href=\"http:\/\/www.rusrim.com\/fr\/\u0440\u0438\u043c-\u0442\u0443\u0440\u044b-\u043d\u0430-\u043c\u0430\u0448\u0438\u043d\u0435\/english-abruzzo-private-car-tour-from-rome\/\">ABRUZZES<\/a><\/span> &#8211; <span style=\"color: #0000ff;\"><a style=\"color: #0000ff;\" href=\"http:\/\/www.rusrim.com\/fr\/\u0440\u0438\u043c-\u0442\u0443\u0440\u044b-\u043d\u0430-\u043c\u0430\u0448\u0438\u043d\u0435\/\u0432\u0435\u043d\u0435\u0446\u0438\u044f-\u0438\u043d\u0434\u0438\u0432\u0438\u0434\u0443\u0430\u043b\u044c\u043d\u0430\u044f-\u044d\u043a\u0441\u043a\u0443\u0440\u0441\u0438\u044f\/\">Venise &#8211; <\/a><a style=\"color: #0000ff;\" href=\"http:\/\/www.rusrim.com\/fr\/\u0440\u0438\u043c-\u0442\u0443\u0440\u044b-\u043d\u0430-\u043c\u0430\u0448\u0438\u043d\u0435\/\u0431\u044a\u043b\u0433\u0430\u0440\u0441\u043a\u0438-\u0442\u0440\u0435\u043d\u0442\u0438\u043d\u043e-\u0430\u043b\u0442\u043e-\u0430\u0434\u0438\u0434\u0436\u0435-\u0441\u0443\u0434-\u0442\/\">TRENTINO<\/a><\/span><\/h3>\n<h5 style=\"text-align: center;\">Excursions en Bulgare, Russe, Anglais, Fran\u00e7ais et Ukrainien<\/h5>\n<h5 style=\"text-align: center;\">Tours individuels avec chauffeur\/<span style=\"color: #0000ff;\"><a style=\"color: #0000ff;\" href=\"http:\/\/www.rusrim.com\/fr\/%D0%B3%D0%B8%D0%B4%D1%8B\/%D0%B3%D0%B8%D0%B4-%D1%80%D0%B8%D0%BC\/\">guide <\/a><\/span>-conf\u00e9rencier \u00e0 Rome, Le <span style=\"color: #0000ff;\"><a style=\"color: #0000ff;\" href=\"http:\/\/www.rusrim.com\/fr\/\u044d\u043a\u0441\u043a\u0443\u0440\u0441\u0438\u0438-\u043f\u043e-\u0440\u0438\u043c\u0443\/\u043e\u0431\u0437\u043e\u0440\u043d\u0430\u044f-\u043f\u043e-\u0432\u0430\u0442\u0438\u043a\u0430\u043d\u0443\/\">Vatican<\/a><\/span>, et les r\u00e9gions du <span style=\"color: #0000ff;\"><a style=\"color: #0000ff;\" href=\"http:\/\/www.rusrim.com\/fr\/\u0440\u0438\u043c-\u0442\u0443\u0440\u044b-\u043d\u0430-\u043c\u0430\u0448\u0438\u043d\u0435\/\u043b\u0430\u0446\u0438\u043e-\u044d\u043a\u0441\u043a\u0443\u0440\u0441\u0438\u0438-\u043d\u0430-\u043c\u0430\u0448\u0438\u043d\u0435\/\">LATIUM<\/a><\/span> (<span style=\"color: #0000ff;\"><a style=\"color: #0000ff;\" href=\"http:\/\/www.rusrim.com\/fr\/\u0440\u0438\u043c-\u0442\u0443\u0440\u044b-\u043d\u0430-\u043c\u0430\u0448\u0438\u043d\u0435\/\u043b\u0430\u0446\u0438\u043e-\u044d\u043a\u0441\u043a\u0443\u0440\u0441\u0438\u0438-\u043d\u0430-\u043c\u0430\u0448\u0438\u043d\u0435\/\u0442\u0438\u0432\u043e\u043b\u0438\/\">Tivoli<\/a><\/span>, <span style=\"color: #0000ff;\"><a style=\"color: #0000ff;\" href=\"http:\/\/www.rusrim.com\/fr\/\u0440\u0438\u043c-\u0442\u0443\u0440\u044b-\u043d\u0430-\u043c\u0430\u0448\u0438\u043d\u0435\/\u043b\u0430\u0446\u0438\u043e-\u044d\u043a\u0441\u043a\u0443\u0440\u0441\u0438\u0438-\u043d\u0430-\u043c\u0430\u0448\u0438\u043d\u0435\/\u0440\u0438\u043c\u0441\u043a\u0438\u0435-\u0437\u0430\u043c\u043a\u0438-\u044d\u043a\u0441\u043a\u0443\u0440\u0441\u0438\u044f\/\">Chateaux Romains<\/a><\/span>, <span style=\"color: #0000ff;\"><a style=\"color: #0000ff;\" href=\"http:\/\/www.rusrim.com\/fr\/\u0440\u0438\u043c-\u0442\u0443\u0440\u044b-\u043d\u0430-\u043c\u0430\u0448\u0438\u043d\u0435\/\u043b\u0430\u0446\u0438\u043e-\u044d\u043a\u0441\u043a\u0443\u0440\u0441\u0438\u0438-\u043d\u0430-\u043c\u0430\u0448\u0438\u043d\u0435\/\u0442\u0430\u0440\u043a\u0432\u0438\u043d\u0438\u044f\/\">Tarquinie<\/a><\/span>) et <span style=\"color: #0000ff;\"><a style=\"color: #0000ff;\" href=\"http:\/\/www.rusrim.com\/fr\/\u0440\u0438\u043c-\u0442\u0443\u0440\u044b-\u043d\u0430-\u043c\u0430\u0448\u0438\u043d\u0435\/\u044d\u043a\u0441\u043a\u0443\u0440\u0441\u0438\u0438-\u0432-\u0442\u043e\u0441\u043a\u0430\u043d\u0443-\u0438\u0437-\u0440\u0438\u043c\u0430\/\">TOSCANE<\/a><\/span> (Florence, Sienne, Capalbe, Argentaire, Pise), <span style=\"color: #0000ff;\"><a style=\"color: #0000ff;\" href=\"http:\/\/www.rusrim.com\/fr\/\u0440\u0438\u043c-\u0442\u0443\u0440\u044b-\u043d\u0430-\u043c\u0430\u0448\u0438\u043d\u0435\/\u0443\u043c\u0431\u0440\u0438\u044f-\u044d\u043a\u0441\u043a\u0443\u0440\u0441\u0438\u0438-\u0441-\u0433\u0438\u0434\u043e\u043c\/\">OMBRIE<\/a><\/span> (Orvieto, Assise, P\u00e9rouse) ABRUZZES ( <span style=\"color: #0000ff;\"><a style=\"color: #0000ff;\" href=\"http:\/\/www.rusrim.com\/fr\/\u0440\u0438\u043c-\u0442\u0443\u0440\u044b-\u043d\u0430-\u043c\u0430\u0448\u0438\u043d\u0435\/english-abruzzo-private-car-tour-from-rome\/\">Gran Sasso, l\u2019Aquila<\/a><\/span>) CAMPANIE ( <span style=\"color: #0000ff;\"><a style=\"color: #0000ff;\" href=\"http:\/\/www.rusrim.com\/fr\/\u0440\u0438\u043c-\u0442\u0443\u0440\u044b-\u043d\u0430-\u043c\u0430\u0448\u0438\u043d\u0435\/\u0430\u043c\u0430\u043b\u044c\u0444\u0438-\u043f\u043e\u0437\u0438\u0442\u0430\u043d\u043e-\u0441\u043e\u0440\u0440\u0435\u043d\u0442\u043e-\u043f\u043e\u043c\u043f\u0435\u0438\/\">Pomp\u00e9i et Amalfi<\/a><\/span>) avec chauffeur\/guide-conf\u00e9rencier Anglais, Fran\u00e7ais, Russe, Bulgare et Allemand.<\/h5>\n<h5 style=\"text-align: center;\"><span class=\"VIiyi\" lang=\"fr\"><span class=\"JLqJ4b ChMk0b\" data-language-for-alternatives=\"fr\" data-language-to-translate-into=\"bg\" data-phrase-index=\"0\">R\u00e9servation d\u2019excursions en Toscane sans pr\u00e9paiement<\/span><\/span><\/h5>\n<h5 style=\"text-align: center;\">+39 389 59 75 184\u00a0\u00a0\u00a0<a href=\"mailto:info@rusrim.com\">info@rusrim.com\u00a0\u00a0<\/a><\/h5>\n<p><\/p>","protected":false},"excerpt":{"rendered":"<p>R\u00e9servation d\u2019excursions \u00e0 Rome sans pr\u00e9paiement +39 389 59 75 184\u00a0\u00a0\u00a0info@rusrim.com\u00a0\u00a0 SAN PIETRO IN MONTORIO : LE TEMPIETTO DE BRAMANTE Construit au sommet du Gianicolo, le rempietu (petit temple) a \u00e9t\u00e9 command\u00e9 par le roi d&#8217;Espagne pour consacrer le lieu o\u00f9, selon la tradition m\u00e9di\u00e9vale, saint Pierre, le martyr, fondateur de l&#8217;\u00c9glise chr\u00e9tienne et premier [&hellip;]<\/p>\n","protected":false},"author":2,"featured_media":0,"parent":2196,"menu_order":0,"comment_status":"closed","ping_status":"closed","template":"","meta":[],"tags":[1377,2319,510,22,62,2270,2269,618,2320,2268,2267,2265,2266,146,185,2227,2251,2285,2318,201,12,3557,3364,3499,3680,3363,956,955,3679],"_links":{"self":[{"href":"http:\/\/www.rusrim.com\/fr\/wp-json\/wp\/v2\/pages\/2309"}],"collection":[{"href":"http:\/\/www.rusrim.com\/fr\/wp-json\/wp\/v2\/pages"}],"about":[{"href":"http:\/\/www.rusrim.com\/fr\/wp-json\/wp\/v2\/types\/page"}],"author":[{"embeddable":true,"href":"http:\/\/www.rusrim.com\/fr\/wp-json\/wp\/v2\/users\/2"}],"replies":[{"embeddable":true,"href":"http:\/\/www.rusrim.com\/fr\/wp-json\/wp\/v2\/comments?post=2309"}],"version-history":[{"count":26,"href":"http:\/\/www.rusrim.com\/fr\/wp-json\/wp\/v2\/pages\/2309\/revisions"}],"predecessor-version":[{"id":9729,"href":"http:\/\/www.rusrim.com\/fr\/wp-json\/wp\/v2\/pages\/2309\/revisions\/9729"}],"up":[{"embeddable":true,"href":"http:\/\/www.rusrim.com\/fr\/wp-json\/wp\/v2\/pages\/2196"}],"wp:attachment":[{"href":"http:\/\/www.rusrim.com\/fr\/wp-json\/wp\/v2\/media?parent=2309"}],"wp:term":[{"taxonomy":"post_tag","embeddable":true,"href":"http:\/\/www.rusrim.com\/fr\/wp-json\/wp\/v2\/tags?post=2309"}],"curies":[{"name":"wp","href":"https:\/\/api.w.org\/{rel}","templated":true}]}}