{"id":2311,"date":"2017-09-18T19:59:55","date_gmt":"2017-09-18T19:59:55","guid":{"rendered":"http:\/\/www.rusrim.com\/?page_id=2311"},"modified":"2025-04-08T18:45:09","modified_gmt":"2025-04-08T18:45:09","slug":"english-appia-antica-old-appian-way","status":"publish","type":"page","link":"http:\/\/www.rusrim.com\/fr\/english-rome-private-tours\/english-appia-antica-old-appian-way\/","title":{"rendered":"Via Appia &#8211; La Voie Appienne"},"content":{"rendered":"<p><\/p>\n<h5 style=\"text-align: center;\">+39 389 59 75 184\u00a0\u00a0 <a href=\"mailto:info@rusrim.com\">info@rusrim.com\u00a0\u00a0<\/a><\/h5>\n<h5 style=\"text-align: center;\"><span class=\"VIiyi\" lang=\"fr\"><span class=\"JLqJ4b ChMk0b\" data-language-for-alternatives=\"fr\" data-language-to-translate-into=\"bg\" data-phrase-index=\"0\">R\u00e9servation d\u2019excursions \u00e0 Rome sans pr\u00e9paiement<\/span><\/span><\/h5>\n<div id=\"attachment_1422\" style=\"width: 617px\" class=\"wp-caption aligncenter\"><a href=\"http:\/\/www.rusrim.com\/wp-content\/uploads\/2015\/12\/appia-antica.jpg\"><img aria-describedby=\"caption-attachment-1422\" loading=\"lazy\" class=\"Appia Antica - Rome wp-image-1422\" title=\"Appia Antica - Rome\" src=\"http:\/\/www.rusrim.com\/wp-content\/uploads\/2015\/12\/appia-antica-300x199.jpg\" sizes=\"(max-width: 596px) 100vw, 596px\" srcset=\"http:\/\/www.rusrim.com\/wp-content\/uploads\/2015\/12\/appia-antica-300x199.jpg 300w, http:\/\/www.rusrim.com\/wp-content\/uploads\/2015\/12\/appia-antica.jpg 672w\" alt=\"Appia Antica - Rome\" width=\"607\" height=\"403\" \/><\/a><p id=\"caption-attachment-1422\" class=\"wp-caption-text\">Appia Antica &#8211; Rome<\/p><\/div>\n<div id=\"attachment_9160\" style=\"width: 614px\" class=\"wp-caption aligncenter\"><a href=\"http:\/\/www.rusrim.com\/wp-content\/uploads\/2021\/08\/Cirque-Massenzio-Appia-Antica-Rome.jpg\"><img aria-describedby=\"caption-attachment-9160\" loading=\"lazy\" class=\"Cirque Massenzio - Appia Antica - Rome wp-image-9160 size-large\" title=\"Cirque Massenzio - Appia Antica - Rome\" src=\"http:\/\/www.rusrim.com\/wp-content\/uploads\/2021\/08\/Cirque-Massenzio-Appia-Antica-Rome-1024x614.jpg\" alt=\"Cirque Massenzio - Appia Antica - Rome\" width=\"604\" height=\"362\" srcset=\"http:\/\/www.rusrim.com\/wp-content\/uploads\/2021\/08\/Cirque-Massenzio-Appia-Antica-Rome-1024x614.jpg 1024w, http:\/\/www.rusrim.com\/wp-content\/uploads\/2021\/08\/Cirque-Massenzio-Appia-Antica-Rome-300x180.jpg 300w, http:\/\/www.rusrim.com\/wp-content\/uploads\/2021\/08\/Cirque-Massenzio-Appia-Antica-Rome-768x461.jpg 768w, http:\/\/www.rusrim.com\/wp-content\/uploads\/2021\/08\/Cirque-Massenzio-Appia-Antica-Rome-1536x922.jpg 1536w, http:\/\/www.rusrim.com\/wp-content\/uploads\/2021\/08\/Cirque-Massenzio-Appia-Antica-Rome-2048x1229.jpg 2048w\" sizes=\"(max-width: 604px) 100vw, 604px\" \/><\/a><p id=\"caption-attachment-9160\" class=\"wp-caption-text\">Cirque Massenzio &#8211; Appia Antica &#8211; Rome<\/p><\/div>\n<p style=\"text-align: justify;\"><span class=\"VIiyi\" lang=\"fr\"><span class=\"JLqJ4b ChMk0b\" data-language-for-alternatives=\"fr\" data-language-to-translate-into=\"en\" data-phrase-index=\"0\">La Voie Appienne (latin et italien : Via Appia) \u00e9tait l&#8217;une des voies romaines les plus anciennes et les plus importantes sur le plan strat\u00e9gique de l&#8217;ancienne r\u00e9publique.<\/span> <span class=\"JLqJ4b ChMk0b\" data-language-for-alternatives=\"fr\" data-language-to-translate-into=\"en\" data-phrase-index=\"1\">Il reliait Rome \u00e0 Brindisi, dans le sud-est de l&#8217;Italie.<\/span> <span class=\"JLqJ4b ChMk0b\" data-language-for-alternatives=\"fr\" data-language-to-translate-into=\"en\" data-phrase-index=\"2\">Son importance est indiqu\u00e9e par son nom commun, enregistr\u00e9 par Statius :<\/span> <span class=\"JLqJ4b ChMk0b\" data-language-for-alternatives=\"fr\" data-language-to-translate-into=\"en\" data-phrase-index=\"4\">Appia longarum\u2026 regina viarum<\/span> <span class=\"JLqJ4b ChMk0b\" data-language-for-alternatives=\"fr\" data-language-to-translate-into=\"en\" data-phrase-index=\"6\">\u00ab la voie Appienne la reine des longues routes \u00bb<\/span> <span class=\"JLqJ4b ChMk0b\" data-language-for-alternatives=\"fr\" data-language-to-translate-into=\"en\" data-phrase-index=\"8\">La route porte le nom d&#8217;Appius Claudius Caecus, le censeur romain qui a commenc\u00e9 et achev\u00e9 la premi\u00e8re section en tant que route militaire vers le sud en 312 avant JC pendant les guerres samnites.<\/span><\/span><\/p>\n<p><iframe title=\"TOURS PRIV\u00c9S DE ROME en VOITURE - APPIA - Musique originale A. Karanov RusRim.com\" width=\"500\" height=\"281\" src=\"https:\/\/www.youtube.com\/embed\/dz_5rfJM3cc?feature=oembed\" frameborder=\"0\" allow=\"accelerometer; autoplay; clipboard-write; encrypted-media; gyroscope; picture-in-picture; web-share\" referrerpolicy=\"strict-origin-when-cross-origin\" allowfullscreen><\/iframe><\/p>\n<div id=\"attachment_9108\" style=\"width: 614px\" class=\"wp-caption aligncenter\"><a href=\"http:\/\/www.rusrim.com\/wp-content\/uploads\/2021\/08\/Rome-avec-un-guide-local-.jpg\"><img aria-describedby=\"caption-attachment-9108\" loading=\"lazy\" class=\"size-large wp-image-9108\" src=\"http:\/\/www.rusrim.com\/wp-content\/uploads\/2021\/08\/Rome-avec-un-guide-local--1024x683.jpg\" alt=\"Rome avec un guide local\" width=\"604\" height=\"403\" srcset=\"http:\/\/www.rusrim.com\/wp-content\/uploads\/2021\/08\/Rome-avec-un-guide-local--1024x683.jpg 1024w, http:\/\/www.rusrim.com\/wp-content\/uploads\/2021\/08\/Rome-avec-un-guide-local--300x200.jpg 300w, http:\/\/www.rusrim.com\/wp-content\/uploads\/2021\/08\/Rome-avec-un-guide-local--768x512.jpg 768w, http:\/\/www.rusrim.com\/wp-content\/uploads\/2021\/08\/Rome-avec-un-guide-local--1536x1025.jpg 1536w, http:\/\/www.rusrim.com\/wp-content\/uploads\/2021\/08\/Rome-avec-un-guide-local--2048x1367.jpg 2048w\" sizes=\"(max-width: 604px) 100vw, 604px\" \/><\/a><p id=\"caption-attachment-9108\" class=\"wp-caption-text\">Rome avec un guide local<\/p><\/div>\n<p style=\"text-align: justify;\"><span class=\"VIiyi\" lang=\"fr\"><span class=\"JLqJ4b ChMk0b\" data-language-for-alternatives=\"fr\" data-language-to-translate-into=\"en\" data-phrase-index=\"0\">La petite chapelle pr\u00e8s de la porte Latina remonte au 5\u00e8m<\/span><\/span><span class=\"VIiyi\" lang=\"fr\"><span class=\"JLqJ4b ChMk0b\" data-language-for-alternatives=\"fr\" data-language-to-translate-into=\"en\" data-phrase-index=\"0\">e si\u00e8cle apr\u00e8s JC.<\/span> <span class=\"JLqJ4b ChMk0b\" data-language-for-alternatives=\"fr\" data-language-to-translate-into=\"en\" data-phrase-index=\"1\">Et a \u00e9t\u00e9 construit sur le site o\u00f9 la tradition veut que saint Jean l&#8217;\u00e9vang\u00e9liste ait \u00e9t\u00e9 plong\u00e9 dans un r\u00e9cipient d&#8217;huile bouillante, une terrible \u00e9preuve qui miraculeusement n&#8217;a pas tu\u00e9 le saint.<\/span> <span class=\"JLqJ4b ChMk0b\" data-language-for-alternatives=\"fr\" data-language-to-translate-into=\"en\" data-phrase-index=\"2\">Le b\u00e2timent a \u00e9t\u00e9 r\u00e9nov\u00e9 par Baldassare Peruzzi ou Antonio da San-gallo au d\u00e9but des ann\u00e9es 1500.<\/span> <span class=\"JLqJ4b ChMk0b\" data-language-for-alternatives=\"fr\" data-language-to-translate-into=\"en\" data-phrase-index=\"3\">L&#8217;\u0153uvre de Borromini, command\u00e9e par le cardinal Francesco Paulucci, fut r\u00e9alis\u00e9e en 1658 et se limita au tambour auquel l&#8217;artiste ajouta une frise haute.<\/span> <span class=\"JLqJ4b ChMk0b\" data-language-for-alternatives=\"fr\" data-language-to-translate-into=\"en\" data-phrase-index=\"5\">Il y a un motif de style gothique avec des palmiers et des rosaces par paires sur la calotte conique.<\/span> <span class=\"JLqJ4b ChMk0b\" data-language-for-alternatives=\"fr\" data-language-to-translate-into=\"en\" data-phrase-index=\"6\">En 1716, l&#8217;int\u00e9rieur fut d\u00e9cor\u00e9 par Lazzaro Baldi, \u00e9l\u00e8ve de Pietro da Cortona.<\/span><\/span><\/p>\n<h4 style=\"text-align: center;\">Les murs d&#8217;Aur\u00e9lien &#8211; Rome<\/h4>\n<div id=\"attachment_9046\" style=\"width: 614px\" class=\"wp-caption aligncenter\"><a href=\"http:\/\/www.rusrim.com\/wp-content\/uploads\/2021\/08\/Les-murs-dAurelien-Un-tour-de-Rome-.jpg\"><img aria-describedby=\"caption-attachment-9046\" loading=\"lazy\" class=\"Les murs d'Aur\u00e9lien - Rome wp-image-9046 size-large\" title=\"Les murs d'Aur\u00e9lien - Rome\" src=\"http:\/\/www.rusrim.com\/wp-content\/uploads\/2021\/08\/Les-murs-dAurelien-Un-tour-de-Rome--1024x614.jpg\" alt=\"Les murs d'Aur\u00e9lien - Rome\" width=\"604\" height=\"362\" srcset=\"http:\/\/www.rusrim.com\/wp-content\/uploads\/2021\/08\/Les-murs-dAurelien-Un-tour-de-Rome--1024x614.jpg 1024w, http:\/\/www.rusrim.com\/wp-content\/uploads\/2021\/08\/Les-murs-dAurelien-Un-tour-de-Rome--300x180.jpg 300w, http:\/\/www.rusrim.com\/wp-content\/uploads\/2021\/08\/Les-murs-dAurelien-Un-tour-de-Rome--768x461.jpg 768w, http:\/\/www.rusrim.com\/wp-content\/uploads\/2021\/08\/Les-murs-dAurelien-Un-tour-de-Rome--1536x922.jpg 1536w, http:\/\/www.rusrim.com\/wp-content\/uploads\/2021\/08\/Les-murs-dAurelien-Un-tour-de-Rome--2048x1229.jpg 2048w\" sizes=\"(max-width: 604px) 100vw, 604px\" \/><\/a><p id=\"caption-attachment-9046\" class=\"wp-caption-text\">Les murs d&#8217;Aur\u00e9lien &#8211; Rome<\/p><\/div>\n<p><iframe title=\"Aurelian walls museum\" width=\"500\" height=\"281\" src=\"https:\/\/www.youtube.com\/embed\/jCOuUvLeeuM?feature=oembed\" frameborder=\"0\" allow=\"accelerometer; autoplay; clipboard-write; encrypted-media; gyroscope; picture-in-picture; web-share\" referrerpolicy=\"strict-origin-when-cross-origin\" allowfullscreen><\/iframe><\/p>\n<div id=\"attachment_9157\" style=\"width: 614px\" class=\"wp-caption aligncenter\"><a href=\"http:\/\/www.rusrim.com\/wp-content\/uploads\/2021\/08\/Visite-privee-de-Rome-Appia-antica-.jpg\"><img aria-describedby=\"caption-attachment-9157\" loading=\"lazy\" class=\"Visite priv\u00e9e de Rome - Appia antica wp-image-9157 size-large\" title=\"Visite priv\u00e9e de Rome - Appia antica\" src=\"http:\/\/www.rusrim.com\/wp-content\/uploads\/2021\/08\/Visite-privee-de-Rome-Appia-antica--1024x614.jpg\" alt=\"Visite priv\u00e9e de Rome - Appia antica\" width=\"604\" height=\"362\" srcset=\"http:\/\/www.rusrim.com\/wp-content\/uploads\/2021\/08\/Visite-privee-de-Rome-Appia-antica--1024x614.jpg 1024w, http:\/\/www.rusrim.com\/wp-content\/uploads\/2021\/08\/Visite-privee-de-Rome-Appia-antica--300x180.jpg 300w, http:\/\/www.rusrim.com\/wp-content\/uploads\/2021\/08\/Visite-privee-de-Rome-Appia-antica--768x461.jpg 768w, http:\/\/www.rusrim.com\/wp-content\/uploads\/2021\/08\/Visite-privee-de-Rome-Appia-antica--1536x922.jpg 1536w, http:\/\/www.rusrim.com\/wp-content\/uploads\/2021\/08\/Visite-privee-de-Rome-Appia-antica--2048x1229.jpg 2048w\" sizes=\"(max-width: 604px) 100vw, 604px\" \/><\/a><p id=\"caption-attachment-9157\" class=\"wp-caption-text\">Visite priv\u00e9e de Rome &#8211; Appia antica<\/p><\/div>\n<div id=\"attachment_9158\" style=\"width: 614px\" class=\"wp-caption aligncenter\"><a href=\"http:\/\/www.rusrim.com\/wp-content\/uploads\/2021\/08\/Appia-Antica-Rome-avec-guide-prive.jpg\"><img aria-describedby=\"caption-attachment-9158\" loading=\"lazy\" class=\"Appia Antica Rome avec guide priv\u00e9 wp-image-9158 size-large\" title=\"Appia Antica Rome avec guide priv\u00e9\" src=\"http:\/\/www.rusrim.com\/wp-content\/uploads\/2021\/08\/Appia-Antica-Rome-avec-guide-prive-1024x614.jpg\" alt=\"Appia Antica Rome avec guide priv\u00e9\" width=\"604\" height=\"362\" srcset=\"http:\/\/www.rusrim.com\/wp-content\/uploads\/2021\/08\/Appia-Antica-Rome-avec-guide-prive-1024x614.jpg 1024w, http:\/\/www.rusrim.com\/wp-content\/uploads\/2021\/08\/Appia-Antica-Rome-avec-guide-prive-300x180.jpg 300w, http:\/\/www.rusrim.com\/wp-content\/uploads\/2021\/08\/Appia-Antica-Rome-avec-guide-prive-768x461.jpg 768w, http:\/\/www.rusrim.com\/wp-content\/uploads\/2021\/08\/Appia-Antica-Rome-avec-guide-prive-1536x922.jpg 1536w, http:\/\/www.rusrim.com\/wp-content\/uploads\/2021\/08\/Appia-Antica-Rome-avec-guide-prive-2048x1229.jpg 2048w\" sizes=\"(max-width: 604px) 100vw, 604px\" \/><\/a><p id=\"caption-attachment-9158\" class=\"wp-caption-text\">Appia Antica Rome avec guide priv\u00e9<\/p><\/div>\n<div id=\"attachment_9159\" style=\"width: 614px\" class=\"wp-caption aligncenter\"><a href=\"http:\/\/www.rusrim.com\/wp-content\/uploads\/2021\/08\/Cecilia-metella-Appia-Antica-Rome.jpg\"><img aria-describedby=\"caption-attachment-9159\" loading=\"lazy\" class=\"Cecilia Metella - Appia Antica - Rome wp-image-9159 size-large\" title=\"Cecilia Metella - Appia Antica - Rome\" src=\"http:\/\/www.rusrim.com\/wp-content\/uploads\/2021\/08\/Cecilia-metella-Appia-Antica-Rome-1024x614.jpg\" alt=\"Cecilia Metella - Appia Antica - Rome\" width=\"604\" height=\"362\" srcset=\"http:\/\/www.rusrim.com\/wp-content\/uploads\/2021\/08\/Cecilia-metella-Appia-Antica-Rome-1024x614.jpg 1024w, http:\/\/www.rusrim.com\/wp-content\/uploads\/2021\/08\/Cecilia-metella-Appia-Antica-Rome-300x180.jpg 300w, http:\/\/www.rusrim.com\/wp-content\/uploads\/2021\/08\/Cecilia-metella-Appia-Antica-Rome-768x461.jpg 768w, http:\/\/www.rusrim.com\/wp-content\/uploads\/2021\/08\/Cecilia-metella-Appia-Antica-Rome-1536x922.jpg 1536w, http:\/\/www.rusrim.com\/wp-content\/uploads\/2021\/08\/Cecilia-metella-Appia-Antica-Rome-2048x1229.jpg 2048w\" sizes=\"(max-width: 604px) 100vw, 604px\" \/><\/a><p id=\"caption-attachment-9159\" class=\"wp-caption-text\">Cecilia Metella &#8211; Appia Antica &#8211; Rome<\/p><\/div>\n<div id=\"attachment_9161\" style=\"width: 614px\" class=\"wp-caption aligncenter\"><a href=\"http:\/\/www.rusrim.com\/wp-content\/uploads\/2021\/08\/Visite-privee-dans-le-vieil-Appia-Rome-.jpg\"><img aria-describedby=\"caption-attachment-9161\" loading=\"lazy\" class=\"Visite priv\u00e9e dans le vieil Appia - Rome wp-image-9161 size-large\" title=\"Visite priv\u00e9e dans le vieil Appia - Rome\" src=\"http:\/\/www.rusrim.com\/wp-content\/uploads\/2021\/08\/Visite-privee-dans-le-vieil-Appia-Rome--1024x614.jpg\" alt=\"Visite priv\u00e9e dans le vieil Appia - Rome\" width=\"604\" height=\"362\" srcset=\"http:\/\/www.rusrim.com\/wp-content\/uploads\/2021\/08\/Visite-privee-dans-le-vieil-Appia-Rome--1024x614.jpg 1024w, http:\/\/www.rusrim.com\/wp-content\/uploads\/2021\/08\/Visite-privee-dans-le-vieil-Appia-Rome--300x180.jpg 300w, http:\/\/www.rusrim.com\/wp-content\/uploads\/2021\/08\/Visite-privee-dans-le-vieil-Appia-Rome--768x461.jpg 768w, http:\/\/www.rusrim.com\/wp-content\/uploads\/2021\/08\/Visite-privee-dans-le-vieil-Appia-Rome--1536x922.jpg 1536w, http:\/\/www.rusrim.com\/wp-content\/uploads\/2021\/08\/Visite-privee-dans-le-vieil-Appia-Rome--2048x1229.jpg 2048w\" sizes=\"(max-width: 604px) 100vw, 604px\" \/><\/a><p id=\"caption-attachment-9161\" class=\"wp-caption-text\">Visite priv\u00e9e dans le vieil Appia &#8211; Rome<\/p><\/div>\n<h5>San Callisto Catacombs \u2013 Appia antica \u2013 Rome luxury tours<\/h5>\n<p><iframe title=\"Rome.San Callisto catacombs'entrance\" src=\"https:\/\/www.youtube.com\/embed\/4c-Ynp8dAYg?feature=oembed\" width=\"604\" height=\"340\" frameborder=\"0\" allowfullscreen=\"allowfullscreen\" data-mce-fragment=\"1\"><\/iframe><\/p>\n<h5>Tomba Cecilia Metella \u2013 The Appian Way private\u00a0tour of Rome<\/h5>\n<p><iframe title=\"Tomba di Cecilia Metella\" src=\"https:\/\/www.youtube.com\/embed\/xd4yiFvrPrM?feature=oembed\" width=\"604\" height=\"340\" frameborder=\"0\" allowfullscreen=\"allowfullscreen\" data-mce-fragment=\"1\"><\/iframe><\/p>\n<h5><span class=\"VIiyi\" lang=\"fr\"><span class=\"JLqJ4b ChMk0b\" data-language-for-alternatives=\"fr\" data-language-to-translate-into=\"en\" data-phrase-index=\"0\">Les\u00a0catacombes\u00a0de Saint-Calixte<\/span><\/span><\/h5>\n<p><iframe title=\"Catacombs Rome\" src=\"https:\/\/www.youtube.com\/embed\/CCVjiRxjD3c?feature=oembed\" width=\"604\" height=\"453\" frameborder=\"0\" allowfullscreen=\"allowfullscreen\" data-mce-fragment=\"1\"><\/iframe><\/p>\n<h5><\/h5>\n<p><iframe title=\"Via Appia Antica - TOURS PRIVE DE ROME  - Musique Originale A. Karanov RusRim.com\" width=\"500\" height=\"281\" src=\"https:\/\/www.youtube.com\/embed\/HxLPmZhXJOQ?feature=oembed\" frameborder=\"0\" allow=\"accelerometer; autoplay; clipboard-write; encrypted-media; gyroscope; picture-in-picture; web-share\" referrerpolicy=\"strict-origin-when-cross-origin\" allowfullscreen><\/iframe><\/p>\n<h3 style=\"text-align: center;\">Tours motoris\u00e9s en Italie <span style=\"color: #0000ff;\"><a style=\"color: #0000ff;\" href=\"http:\/\/www.rusrim.com\/fr\/\u0440\u0438\u043c-\u0442\u0443\u0440\u044b-\u043d\u0430-\u043c\u0430\u0448\u0438\u043d\u0435\/\u0430\u0432\u0442\u043e\u043c\u043e\u0431\u0438\u043b\u044c\u043d\u044b\u0435-\u0442\u0443\u0440\u044b-\u043f\u043e-\u0440\u0438\u043c\u0443-\u0438-\u0432\u0430\u0442\u0438\u043a\u0430\u043d\u0443\/\">ROME<\/a><\/span> &#8211; <span style=\"color: #0000ff;\"><a style=\"color: #0000ff;\" href=\"http:\/\/www.rusrim.com\/fr\/\u0440\u0438\u043c-\u0442\u0443\u0440\u044b-\u043d\u0430-\u043c\u0430\u0448\u0438\u043d\u0435\/\u043b\u0430\u0446\u0438\u043e-\u044d\u043a\u0441\u043a\u0443\u0440\u0441\u0438\u0438-\u043d\u0430-\u043c\u0430\u0448\u0438\u043d\u0435\/\">LATIUM<\/a><\/span> &#8211; <a href=\"http:\/\/www.rusrim.com\/fr\/\u0440\u0438\u043c-\u0442\u0443\u0440\u044b-\u043d\u0430-\u043c\u0430\u0448\u0438\u043d\u0435\/\u044d\u043a\u0441\u043a\u0443\u0440\u0441\u0438\u0438-\u0432-\u0442\u043e\u0441\u043a\u0430\u043d\u0443-\u0438\u0437-\u0440\u0438\u043c\u0430\/\"><span style=\"color: #0000ff;\">TOSCANE<\/span><\/a> &#8211; <span style=\"color: #0000ff;\"><a style=\"color: #0000ff;\" href=\"http:\/\/www.rusrim.com\/fr\/\u0440\u0438\u043c-\u0442\u0443\u0440\u044b-\u043d\u0430-\u043c\u0430\u0448\u0438\u043d\u0435\/\u0443\u043c\u0431\u0440\u0438\u044f-\u044d\u043a\u0441\u043a\u0443\u0440\u0441\u0438\u0438-\u0441-\u0433\u0438\u0434\u043e\u043c\/\">OMBRIE<\/a><\/span> &#8211; <span style=\"color: #0000ff;\"><a style=\"color: #0000ff;\" href=\"http:\/\/www.rusrim.com\/fr\/\u0440\u0438\u043c-\u0442\u0443\u0440\u044b-\u043d\u0430-\u043c\u0430\u0448\u0438\u043d\u0435\/\u0430\u043c\u0430\u043b\u044c\u0444\u0438-\u043f\u043e\u0437\u0438\u0442\u0430\u043d\u043e-\u0441\u043e\u0440\u0440\u0435\u043d\u0442\u043e-\u043f\u043e\u043c\u043f\u0435\u0438\/\">CAMPANIE<\/a><\/span> &#8211; <span style=\"color: #0000ff;\"><a style=\"color: #0000ff;\" href=\"http:\/\/www.rusrim.com\/fr\/\u0440\u0438\u043c-\u0442\u0443\u0440\u044b-\u043d\u0430-\u043c\u0430\u0448\u0438\u043d\u0435\/english-abruzzo-private-car-tour-from-rome\/\">ABRUZZES<\/a><\/span> &#8211; <span style=\"color: #0000ff;\"><a style=\"color: #0000ff;\" href=\"http:\/\/www.rusrim.com\/fr\/\u0440\u0438\u043c-\u0442\u0443\u0440\u044b-\u043d\u0430-\u043c\u0430\u0448\u0438\u043d\u0435\/\u0432\u0435\u043d\u0435\u0446\u0438\u044f-\u0438\u043d\u0434\u0438\u0432\u0438\u0434\u0443\u0430\u043b\u044c\u043d\u0430\u044f-\u044d\u043a\u0441\u043a\u0443\u0440\u0441\u0438\u044f\/\">Venise &#8211; <\/a><a style=\"color: #0000ff;\" href=\"http:\/\/www.rusrim.com\/fr\/\u0440\u0438\u043c-\u0442\u0443\u0440\u044b-\u043d\u0430-\u043c\u0430\u0448\u0438\u043d\u0435\/\u0431\u044a\u043b\u0433\u0430\u0440\u0441\u043a\u0438-\u0442\u0440\u0435\u043d\u0442\u0438\u043d\u043e-\u0430\u043b\u0442\u043e-\u0430\u0434\u0438\u0434\u0436\u0435-\u0441\u0443\u0434-\u0442\/\">TRENTINO<\/a><\/span><\/h3>\n<h5 style=\"text-align: center;\">Excursions en Bulgare, Russe, Anglais, Fran\u00e7ais et Ukrainien<\/h5>\n<h5 style=\"text-align: center;\">Tours individuels avec chauffeur\/<span style=\"color: #0000ff;\"><a style=\"color: #0000ff;\" href=\"http:\/\/www.rusrim.com\/fr\/%D0%B3%D0%B8%D0%B4%D1%8B\/%D0%B3%D0%B8%D0%B4-%D1%80%D0%B8%D0%BC\/\">guide <\/a><\/span>-conf\u00e9rencier \u00e0 Rome, Le <span style=\"color: #0000ff;\"><a style=\"color: #0000ff;\" href=\"http:\/\/www.rusrim.com\/fr\/\u044d\u043a\u0441\u043a\u0443\u0440\u0441\u0438\u0438-\u043f\u043e-\u0440\u0438\u043c\u0443\/\u043e\u0431\u0437\u043e\u0440\u043d\u0430\u044f-\u043f\u043e-\u0432\u0430\u0442\u0438\u043a\u0430\u043d\u0443\/\">Vatican<\/a><\/span>, et les r\u00e9gions du <span style=\"color: #0000ff;\"><a style=\"color: #0000ff;\" href=\"http:\/\/www.rusrim.com\/fr\/\u0440\u0438\u043c-\u0442\u0443\u0440\u044b-\u043d\u0430-\u043c\u0430\u0448\u0438\u043d\u0435\/\u043b\u0430\u0446\u0438\u043e-\u044d\u043a\u0441\u043a\u0443\u0440\u0441\u0438\u0438-\u043d\u0430-\u043c\u0430\u0448\u0438\u043d\u0435\/\">LATIUM<\/a><\/span> (<span style=\"color: #0000ff;\"><a style=\"color: #0000ff;\" href=\"http:\/\/www.rusrim.com\/fr\/\u0440\u0438\u043c-\u0442\u0443\u0440\u044b-\u043d\u0430-\u043c\u0430\u0448\u0438\u043d\u0435\/\u043b\u0430\u0446\u0438\u043e-\u044d\u043a\u0441\u043a\u0443\u0440\u0441\u0438\u0438-\u043d\u0430-\u043c\u0430\u0448\u0438\u043d\u0435\/\u0442\u0438\u0432\u043e\u043b\u0438\/\">Tivoli<\/a><\/span>, <span style=\"color: #0000ff;\"><a style=\"color: #0000ff;\" href=\"http:\/\/www.rusrim.com\/fr\/\u0440\u0438\u043c-\u0442\u0443\u0440\u044b-\u043d\u0430-\u043c\u0430\u0448\u0438\u043d\u0435\/\u043b\u0430\u0446\u0438\u043e-\u044d\u043a\u0441\u043a\u0443\u0440\u0441\u0438\u0438-\u043d\u0430-\u043c\u0430\u0448\u0438\u043d\u0435\/\u0440\u0438\u043c\u0441\u043a\u0438\u0435-\u0437\u0430\u043c\u043a\u0438-\u044d\u043a\u0441\u043a\u0443\u0440\u0441\u0438\u044f\/\">Chateaux Romains<\/a><\/span>, <span style=\"color: #0000ff;\"><a style=\"color: #0000ff;\" href=\"http:\/\/www.rusrim.com\/fr\/\u0440\u0438\u043c-\u0442\u0443\u0440\u044b-\u043d\u0430-\u043c\u0430\u0448\u0438\u043d\u0435\/\u043b\u0430\u0446\u0438\u043e-\u044d\u043a\u0441\u043a\u0443\u0440\u0441\u0438\u0438-\u043d\u0430-\u043c\u0430\u0448\u0438\u043d\u0435\/\u0442\u0430\u0440\u043a\u0432\u0438\u043d\u0438\u044f\/\">Tarquinie<\/a><\/span>) et <span style=\"color: #0000ff;\"><a style=\"color: #0000ff;\" href=\"http:\/\/www.rusrim.com\/fr\/\u0440\u0438\u043c-\u0442\u0443\u0440\u044b-\u043d\u0430-\u043c\u0430\u0448\u0438\u043d\u0435\/\u044d\u043a\u0441\u043a\u0443\u0440\u0441\u0438\u0438-\u0432-\u0442\u043e\u0441\u043a\u0430\u043d\u0443-\u0438\u0437-\u0440\u0438\u043c\u0430\/\">TOSCANE<\/a><\/span> (Florence, Sienne, Capalbe, Argentaire, Pise), <span style=\"color: #0000ff;\"><a style=\"color: #0000ff;\" href=\"http:\/\/www.rusrim.com\/fr\/\u0440\u0438\u043c-\u0442\u0443\u0440\u044b-\u043d\u0430-\u043c\u0430\u0448\u0438\u043d\u0435\/\u0443\u043c\u0431\u0440\u0438\u044f-\u044d\u043a\u0441\u043a\u0443\u0440\u0441\u0438\u0438-\u0441-\u0433\u0438\u0434\u043e\u043c\/\">OMBRIE<\/a><\/span> (Orvieto, Assise, P\u00e9rouse) ABRUZZES ( <span style=\"color: #0000ff;\"><a style=\"color: #0000ff;\" href=\"http:\/\/www.rusrim.com\/fr\/\u0440\u0438\u043c-\u0442\u0443\u0440\u044b-\u043d\u0430-\u043c\u0430\u0448\u0438\u043d\u0435\/english-abruzzo-private-car-tour-from-rome\/\">Gran Sasso, l\u2019Aquila<\/a><\/span>) CAMPANIE ( <span style=\"color: #0000ff;\"><a style=\"color: #0000ff;\" href=\"http:\/\/www.rusrim.com\/fr\/\u0440\u0438\u043c-\u0442\u0443\u0440\u044b-\u043d\u0430-\u043c\u0430\u0448\u0438\u043d\u0435\/\u0430\u043c\u0430\u043b\u044c\u0444\u0438-\u043f\u043e\u0437\u0438\u0442\u0430\u043d\u043e-\u0441\u043e\u0440\u0440\u0435\u043d\u0442\u043e-\u043f\u043e\u043c\u043f\u0435\u0438\/\">Pomp\u00e9i et Amalfi<\/a><\/span>) avec chauffeur\/guide-conf\u00e9rencier Anglais, Fran\u00e7ais, Russe, Bulgare et Allemand.<\/h5>\n<h5 style=\"text-align: center;\"><span class=\"VIiyi\" lang=\"fr\"><span class=\"JLqJ4b ChMk0b\" data-language-for-alternatives=\"fr\" data-language-to-translate-into=\"bg\" data-phrase-index=\"0\">R\u00e9servation d\u2019excursions en Toscane sans pr\u00e9paiement<\/span><\/span><\/h5>\n<h5 style=\"text-align: center;\">+39 389 59 75 184\u00a0\u00a0\u00a0<a href=\"mailto:info@rusrim.com\">info@rusrim.com\u00a0\u00a0<\/a><\/h5>\n<p><\/p>","protected":false},"excerpt":{"rendered":"<p>+39 389 59 75 184\u00a0\u00a0 info@rusrim.com\u00a0\u00a0 R\u00e9servation d\u2019excursions \u00e0 Rome sans pr\u00e9paiement La Voie Appienne (latin et italien : Via Appia) \u00e9tait l&#8217;une des voies romaines les plus anciennes et les plus importantes sur le plan strat\u00e9gique de l&#8217;ancienne r\u00e9publique. Il reliait Rome \u00e0 Brindisi, dans le sud-est de l&#8217;Italie. Son importance est indiqu\u00e9e par [&hellip;]<\/p>\n","protected":false},"author":2,"featured_media":0,"parent":2196,"menu_order":0,"comment_status":"closed","ping_status":"closed","template":"","meta":[],"tags":[3386,1575,2484,510,22,2250,62,3549,2270,2269,2268,2267,2869,2532,2263,23,2264,2265,2266,2909,146,3780,2400,2232,2533,2535,2227,2534,2251,1483,2216,2031,2272,2271,3387,3390,3640,3641,3642,3462,3389,3385,3388,533,5,3383,3685,2540,3391,3384,3666,3464,3639,3463],"_links":{"self":[{"href":"http:\/\/www.rusrim.com\/fr\/wp-json\/wp\/v2\/pages\/2311"}],"collection":[{"href":"http:\/\/www.rusrim.com\/fr\/wp-json\/wp\/v2\/pages"}],"about":[{"href":"http:\/\/www.rusrim.com\/fr\/wp-json\/wp\/v2\/types\/page"}],"author":[{"embeddable":true,"href":"http:\/\/www.rusrim.com\/fr\/wp-json\/wp\/v2\/users\/2"}],"replies":[{"embeddable":true,"href":"http:\/\/www.rusrim.com\/fr\/wp-json\/wp\/v2\/comments?post=2311"}],"version-history":[{"count":57,"href":"http:\/\/www.rusrim.com\/fr\/wp-json\/wp\/v2\/pages\/2311\/revisions"}],"predecessor-version":[{"id":9738,"href":"http:\/\/www.rusrim.com\/fr\/wp-json\/wp\/v2\/pages\/2311\/revisions\/9738"}],"up":[{"embeddable":true,"href":"http:\/\/www.rusrim.com\/fr\/wp-json\/wp\/v2\/pages\/2196"}],"wp:attachment":[{"href":"http:\/\/www.rusrim.com\/fr\/wp-json\/wp\/v2\/media?parent=2311"}],"wp:term":[{"taxonomy":"post_tag","embeddable":true,"href":"http:\/\/www.rusrim.com\/fr\/wp-json\/wp\/v2\/tags?post=2311"}],"curies":[{"name":"wp","href":"https:\/\/api.w.org\/{rel}","templated":true}]}}