{"id":2316,"date":"2017-09-18T20:09:04","date_gmt":"2017-09-18T20:09:04","guid":{"rendered":"http:\/\/www.rusrim.com\/?page_id=2316"},"modified":"2021-09-18T18:03:22","modified_gmt":"2021-09-18T18:03:22","slug":"english-palazzo-corsini-rome-private-tour","status":"publish","type":"page","link":"http:\/\/www.rusrim.com\/fr\/english-rome-private-tours\/english-palazzo-corsini-rome-private-tour\/","title":{"rendered":"Palazzo Corsini &#8211; Rome"},"content":{"rendered":"<p><\/p>\n<h5 style=\"text-align: center;\"><span class=\"VIiyi\" lang=\"fr\"><span class=\"JLqJ4b ChMk0b\" data-language-for-alternatives=\"fr\" data-language-to-translate-into=\"bg\" data-phrase-index=\"0\">R\u00e9servation d\u2019excursions \u00e0 Rome sans pr\u00e9paiement<\/span><\/span><\/h5>\n<h5 style=\"text-align: center;\">+39 389 59 75 184\u00a0\u00a0\u00a0<a href=\"mailto:info@rusrim.com\">info@rusrim.com\u00a0\u00a0<\/a><\/h5>\n<div id=\"attachment_2203\" style=\"width: 860px\" class=\"wp-caption aligncenter\"><a href=\"http:\/\/www.rusrim.com\/wp-content\/uploads\/2017\/09\/palazzo-corsini-roma.jpg\"><img aria-describedby=\"caption-attachment-2203\" loading=\"lazy\" class=\"Palazzo Corsini - Roma wp-image-2203 size-full\" title=\"Palazzo Corsini - Roma\" src=\"http:\/\/www.rusrim.com\/wp-content\/uploads\/2017\/09\/palazzo-corsini-roma.jpg\" alt=\"Palazzo Corsini - Roma\" width=\"850\" height=\"606\" srcset=\"http:\/\/www.rusrim.com\/wp-content\/uploads\/2017\/09\/palazzo-corsini-roma.jpg 850w, http:\/\/www.rusrim.com\/wp-content\/uploads\/2017\/09\/palazzo-corsini-roma-300x214.jpg 300w\" sizes=\"(max-width: 850px) 100vw, 850px\" \/><\/a><p id=\"caption-attachment-2203\" class=\"wp-caption-text\">Palazzo Corsini &#8211; Roma<\/p><\/div>\n<div id=\"attachment_1920\" style=\"width: 598px\" class=\"wp-caption aligncenter\"><a href=\"http:\/\/www.rusrim.com\/wp-content\/uploads\/2016\/03\/Palazzo-Corsini-gardens-Rome-car-excursions.jpg\"><img aria-describedby=\"caption-attachment-1920\" loading=\"lazy\" class=\"Giardini di Palazzo Corsini - Roma wp-image-1920 size-full\" title=\"Giardini di Palazzo Corsini - Roma\" src=\"http:\/\/www.rusrim.com\/wp-content\/uploads\/2016\/03\/Palazzo-Corsini-gardens-Rome-car-excursions.jpg\" alt=\"Giardini di Palazzo Corsini - Roma\" width=\"588\" height=\"250\" srcset=\"http:\/\/www.rusrim.com\/wp-content\/uploads\/2016\/03\/Palazzo-Corsini-gardens-Rome-car-excursions.jpg 588w, http:\/\/www.rusrim.com\/wp-content\/uploads\/2016\/03\/Palazzo-Corsini-gardens-Rome-car-excursions-300x128.jpg 300w\" sizes=\"(max-width: 588px) 100vw, 588px\" \/><\/a><p id=\"caption-attachment-1920\" class=\"wp-caption-text\">Giardini di Palazzo Corsini &#8211; Roma<\/p><\/div>\n<p style=\"text-align: justify;\"><span class=\"VIiyi\" lang=\"fr\"><span class=\"JLqJ4b\" data-language-for-alternatives=\"fr\" data-language-to-translate-into=\"en\" data-phrase-index=\"0\">PALAIS CORSINI \u00e0 ROME Anciennement palais Riario (1511-18) puis palais de Christine de Su\u00e8de (1659-89), le palais Corsini abrite aujourd&#8217;hui la galerie et la biblioth\u00e8que Corsini ainsi que l&#8217;Acad\u00e9mie Lincean (l&#8217;Acad\u00e9mie nationale des sciences). La galerie de photos conserve son emplacement historique dans le Palais de la Via della Lungara qui fait face \u00e0 la Villa Farnesina. Ce palais a \u00e9t\u00e9 acquis en 1736 lors de l&#8217;arriv\u00e9e de la famille florentine \u00e0 Rome peu apr\u00e8s l&#8217;\u00e9lection du pape Cl\u00e9ment XII (1730-40). La collection principale se trouve au premier \u00e9tage du majestueux palais que l&#8217;architecte Ferdinando Fuga a con\u00e7u pour Cardinal Neri et son fr\u00e8re, Bartolomeo Corsini. Il \u00e9tait bas\u00e9 sur le mod\u00e8le fran\u00e7ais du ch\u00e2teau de Versailles avec une autre aile (1736-1753) qui doublait la fa\u00e7ade \u00e0 droite de l&#8217;entr\u00e9e et un escalier central \u00e0 double rampe menant \u00e0 un jardin reli\u00e9. L&#8217;int\u00e9rieur somptueux du b\u00e2timent, le lieu de rassemblement de l&#8217;\u00e9rudit \u00e9rudit Neri Corsini lui-m\u00eame, le biblioth\u00e9caire de la famille &#8211; Giovanni Gaetano Bottari &#8211; et les acad\u00e9miciens Quirini, les deux visages et refl\u00e8tent la magnificence antique du jardin italien avec sa Scalinata delle Undici Fontane con\u00e7u par Fuga (1741-1744).<\/span><\/span><\/p>\n<div id=\"attachment_1918\" style=\"width: 737px\" class=\"wp-caption aligncenter\"><a href=\"http:\/\/www.rusrim.com\/wp-content\/uploads\/2016\/03\/Palazzo-Corsini-Rome-private-tours.jpg\"><img aria-describedby=\"caption-attachment-1918\" loading=\"lazy\" class=\"Palazzo Corsini wp-image-1918 size-full\" title=\"Palazzo Corsini\" src=\"http:\/\/www.rusrim.com\/wp-content\/uploads\/2016\/03\/Palazzo-Corsini-Rome-private-tours.jpg\" alt=\"Palazzo Corsini\" width=\"727\" height=\"498\" srcset=\"http:\/\/www.rusrim.com\/wp-content\/uploads\/2016\/03\/Palazzo-Corsini-Rome-private-tours.jpg 727w, http:\/\/www.rusrim.com\/wp-content\/uploads\/2016\/03\/Palazzo-Corsini-Rome-private-tours-300x206.jpg 300w\" sizes=\"(max-width: 727px) 100vw, 727px\" \/><\/a><p id=\"caption-attachment-1918\" class=\"wp-caption-text\">Palazzo Corsini<\/p><\/div>\n<p style=\"text-align: justify;\"><span class=\"VIiyi\" lang=\"fr\"><span class=\"JLqJ4b\" data-language-for-alternatives=\"fr\" data-language-to-translate-into=\"en\" data-phrase-index=\"0\">\u00a0Les jardins qui comprenaient un &#8220;Teatro di verzura&#8221; (un th\u00e9\u00e2tre \u00e0 la mode du XVIIIe si\u00e8cle avec l&#8217;utilisation de haies et de buissons comme accessoires de th\u00e9\u00e2tre et une pelouse sur\u00e9lev\u00e9e rempla\u00e7ant une sc\u00e8ne), englobaient des bois, des labyrinthes, des chemins, des fontaines, des cascades pittoresques et sculptures antiques. Ceux-ci sont maintenant devenus les jardins botaniques appartenant \u00e0 la Facolta di Biologia dell&#8217;Universita di Roma &#8220;La Sapienza&#8221;. Les jardins et le palais ont \u00e9t\u00e9 conc\u00e9d\u00e9s \u00e0 l&#8217;\u00c9tat en 1883 par le prince Tommaso Corsini. LA COLLECTION La galerie de tableaux Corsini, rest\u00e9e inchang\u00e9e depuis le XVIIIe si\u00e8cle, repr\u00e9sente l&#8217;exemple le plus important de Fideicommissum. L&#8217;institution interdit aux h\u00e9ritiers d&#8217;ali\u00e9ner des \u0153uvres d&#8217;art appartenant \u00e0 la famille et ainsi l&#8217;ensemble de la collection est conserv\u00e9 intact. La collection est \u00e9galement une preuve rare du ph\u00e9nom\u00e8ne de \u00ab collezionismo \u00bb entre les XVIIe et XVIIIe si\u00e8cles, mais le caract\u00e8re unique de son histoire d\u00e9coule de sa r\u00e9sidence au sein du Palazzo Riario de la Renaissance, o\u00f9 plus tard Christine de Su\u00e8de a choisi un splendide -ly chambre orn\u00e9e comme son \u00ab alc\u00f4ve \u00bb priv\u00e9e. La collection Corsini a \u00e9t\u00e9 donn\u00e9e \u00e0 l&#8217;\u00c9tat en 1883 et a constitu\u00e9 la collection principale de la Galleria Nazionale d&#8217;Arte Antica qui a \u00e9t\u00e9 fond\u00e9e pour l&#8217;occasion. Affich\u00e9e au rez-de-chauss\u00e9e, la galerie d&#8217;images est compos\u00e9e de plus de 300 peintures, de nombreuses sculptures et d&#8217;ornements pr\u00e9cieux dispos\u00e9s dans l&#8217;\u00e9l\u00e9gante d\u00e9coration des murs et des portes. La collection originale est principalement compos\u00e9e d&#8217;\u0153uvres achet\u00e9es par le cardinal principal Neri Corsini au XVIIe si\u00e8cle, de la propri\u00e9t\u00e9 majeure du cardinal Lorenzo, futur pape Cl\u00e9ment XII (1730-1740), et de ses petits-enfants, Bartolomeo et Neri junior (1685-1770). Elle se caract\u00e9rise notamment par les go\u00fbts culturels de ces derniers issus d&#8217;un milieu florentin et influenc\u00e9s par le climat cosmopolite des cours europ\u00e9ennes. Le cardinal Neri Jr. a contribu\u00e9 au mouvement culturel de l&#8217;\u00e9poque en \u00e9largissant les cercles artistiques gr\u00e2ce \u00e0 des relations \u00e9troites avec des marchands d&#8217;art et des artistes comme R Anesi, A. Masucci, G. P. Pan-nini et G. Van Witte ! \u2014 t\u00e9moign\u00e9 par l&#8217;existence de leurs \u0153uvres dans la galerie. Cela a \u00e9t\u00e9 amplifi\u00e9 par l&#8217;amiti\u00e9 qu&#8217;il a entretenue avec le critique d&#8217;art classique Giovanni Gaetano Bottari. La nouvelle exposition aspire \u00e0 pr\u00e9senter la galerie de tableaux historiques de Corsini \u00e0 l&#8217;apog\u00e9e de sa splendeur. Il a \u00e9t\u00e9 document\u00e9 dans l&#8217;inventaire de 1771 qui donnait une description compl\u00e8te des \u0153uvres dans cinq pi\u00e8ces (Antichambre, Premi\u00e8re Galerie, Galerie Cardinal, Chambre Chemin\u00e9e et Salle Alc\u00f4ve), et dans l&#8217;inventaire de 1784 qui d\u00e9crivait les autres pi\u00e8ces. de l&#8217;appartement \u00e0 l&#8217;\u00e9poque du cardinal Andrea Corsini. L&#8217;ancienne Chambre d&#8217;Hercu-les et Lica, ayant pris son nom de la sculpture de Canova qui y \u00e9tait expos\u00e9e en 1907, est d\u00e9sormais r\u00e9serv\u00e9e aux \u00e9v\u00e9nements du mus\u00e9e et ne fait pas partie de l&#8217;exposition actuelle.<\/span><\/span><\/p>\n<h3 style=\"text-align: center;\">Tours motoris\u00e9s en Italie <span style=\"color: #0000ff;\"><a style=\"color: #0000ff;\" href=\"http:\/\/www.rusrim.com\/fr\/\u0440\u0438\u043c-\u0442\u0443\u0440\u044b-\u043d\u0430-\u043c\u0430\u0448\u0438\u043d\u0435\/\u0430\u0432\u0442\u043e\u043c\u043e\u0431\u0438\u043b\u044c\u043d\u044b\u0435-\u0442\u0443\u0440\u044b-\u043f\u043e-\u0440\u0438\u043c\u0443-\u0438-\u0432\u0430\u0442\u0438\u043a\u0430\u043d\u0443\/\">ROME<\/a><\/span> &#8211; <span style=\"color: #0000ff;\"><a style=\"color: #0000ff;\" href=\"http:\/\/www.rusrim.com\/fr\/\u0440\u0438\u043c-\u0442\u0443\u0440\u044b-\u043d\u0430-\u043c\u0430\u0448\u0438\u043d\u0435\/\u043b\u0430\u0446\u0438\u043e-\u044d\u043a\u0441\u043a\u0443\u0440\u0441\u0438\u0438-\u043d\u0430-\u043c\u0430\u0448\u0438\u043d\u0435\/\">LATIUM<\/a><\/span> &#8211; <a href=\"http:\/\/www.rusrim.com\/fr\/\u0440\u0438\u043c-\u0442\u0443\u0440\u044b-\u043d\u0430-\u043c\u0430\u0448\u0438\u043d\u0435\/\u044d\u043a\u0441\u043a\u0443\u0440\u0441\u0438\u0438-\u0432-\u0442\u043e\u0441\u043a\u0430\u043d\u0443-\u0438\u0437-\u0440\u0438\u043c\u0430\/\"><span style=\"color: #0000ff;\">TOSCANE<\/span><\/a> &#8211; <span style=\"color: #0000ff;\"><a style=\"color: #0000ff;\" href=\"http:\/\/www.rusrim.com\/fr\/\u0440\u0438\u043c-\u0442\u0443\u0440\u044b-\u043d\u0430-\u043c\u0430\u0448\u0438\u043d\u0435\/\u0443\u043c\u0431\u0440\u0438\u044f-\u044d\u043a\u0441\u043a\u0443\u0440\u0441\u0438\u0438-\u0441-\u0433\u0438\u0434\u043e\u043c\/\">OMBRIE<\/a><\/span> &#8211; <span style=\"color: #0000ff;\"><a style=\"color: #0000ff;\" href=\"http:\/\/www.rusrim.com\/fr\/\u0440\u0438\u043c-\u0442\u0443\u0440\u044b-\u043d\u0430-\u043c\u0430\u0448\u0438\u043d\u0435\/\u0430\u043c\u0430\u043b\u044c\u0444\u0438-\u043f\u043e\u0437\u0438\u0442\u0430\u043d\u043e-\u0441\u043e\u0440\u0440\u0435\u043d\u0442\u043e-\u043f\u043e\u043c\u043f\u0435\u0438\/\">CAMPANIE<\/a><\/span> &#8211; <span style=\"color: #0000ff;\"><a style=\"color: #0000ff;\" href=\"http:\/\/www.rusrim.com\/fr\/\u0440\u0438\u043c-\u0442\u0443\u0440\u044b-\u043d\u0430-\u043c\u0430\u0448\u0438\u043d\u0435\/english-abruzzo-private-car-tour-from-rome\/\">ABRUZZES<\/a><\/span> &#8211; <span style=\"color: #0000ff;\"><a style=\"color: #0000ff;\" href=\"http:\/\/www.rusrim.com\/fr\/\u0440\u0438\u043c-\u0442\u0443\u0440\u044b-\u043d\u0430-\u043c\u0430\u0448\u0438\u043d\u0435\/\u0432\u0435\u043d\u0435\u0446\u0438\u044f-\u0438\u043d\u0434\u0438\u0432\u0438\u0434\u0443\u0430\u043b\u044c\u043d\u0430\u044f-\u044d\u043a\u0441\u043a\u0443\u0440\u0441\u0438\u044f\/\">Venise &#8211; <\/a><a style=\"color: #0000ff;\" href=\"http:\/\/www.rusrim.com\/fr\/\u0440\u0438\u043c-\u0442\u0443\u0440\u044b-\u043d\u0430-\u043c\u0430\u0448\u0438\u043d\u0435\/\u0431\u044a\u043b\u0433\u0430\u0440\u0441\u043a\u0438-\u0442\u0440\u0435\u043d\u0442\u0438\u043d\u043e-\u0430\u043b\u0442\u043e-\u0430\u0434\u0438\u0434\u0436\u0435-\u0441\u0443\u0434-\u0442\/\">TRENTINO<\/a><\/span><\/h3>\n<h5 style=\"text-align: center;\">Excursions en Bulgare, Russe, Anglais, Fran\u00e7ais et Ukrainien<\/h5>\n<h5 style=\"text-align: center;\">Tours individuels avec chauffeur\/<span style=\"color: #0000ff;\"><a style=\"color: #0000ff;\" href=\"http:\/\/www.rusrim.com\/fr\/%D0%B3%D0%B8%D0%B4%D1%8B\/%D0%B3%D0%B8%D0%B4-%D1%80%D0%B8%D0%BC\/\">guide <\/a><\/span>-conf\u00e9rencier \u00e0 Rome, Le <span style=\"color: #0000ff;\"><a style=\"color: #0000ff;\" href=\"http:\/\/www.rusrim.com\/fr\/\u044d\u043a\u0441\u043a\u0443\u0440\u0441\u0438\u0438-\u043f\u043e-\u0440\u0438\u043c\u0443\/\u043e\u0431\u0437\u043e\u0440\u043d\u0430\u044f-\u043f\u043e-\u0432\u0430\u0442\u0438\u043a\u0430\u043d\u0443\/\">Vatican<\/a><\/span>, et les r\u00e9gions du <span style=\"color: #0000ff;\"><a style=\"color: #0000ff;\" href=\"http:\/\/www.rusrim.com\/fr\/\u0440\u0438\u043c-\u0442\u0443\u0440\u044b-\u043d\u0430-\u043c\u0430\u0448\u0438\u043d\u0435\/\u043b\u0430\u0446\u0438\u043e-\u044d\u043a\u0441\u043a\u0443\u0440\u0441\u0438\u0438-\u043d\u0430-\u043c\u0430\u0448\u0438\u043d\u0435\/\">LATIUM<\/a><\/span> (<span style=\"color: #0000ff;\"><a style=\"color: #0000ff;\" href=\"http:\/\/www.rusrim.com\/fr\/\u0440\u0438\u043c-\u0442\u0443\u0440\u044b-\u043d\u0430-\u043c\u0430\u0448\u0438\u043d\u0435\/\u043b\u0430\u0446\u0438\u043e-\u044d\u043a\u0441\u043a\u0443\u0440\u0441\u0438\u0438-\u043d\u0430-\u043c\u0430\u0448\u0438\u043d\u0435\/\u0442\u0438\u0432\u043e\u043b\u0438\/\">Tivoli<\/a><\/span>, <span style=\"color: #0000ff;\"><a style=\"color: #0000ff;\" href=\"http:\/\/www.rusrim.com\/fr\/\u0440\u0438\u043c-\u0442\u0443\u0440\u044b-\u043d\u0430-\u043c\u0430\u0448\u0438\u043d\u0435\/\u043b\u0430\u0446\u0438\u043e-\u044d\u043a\u0441\u043a\u0443\u0440\u0441\u0438\u0438-\u043d\u0430-\u043c\u0430\u0448\u0438\u043d\u0435\/\u0440\u0438\u043c\u0441\u043a\u0438\u0435-\u0437\u0430\u043c\u043a\u0438-\u044d\u043a\u0441\u043a\u0443\u0440\u0441\u0438\u044f\/\">Chateaux Romains<\/a><\/span>, <span style=\"color: #0000ff;\"><a style=\"color: #0000ff;\" href=\"http:\/\/www.rusrim.com\/fr\/\u0440\u0438\u043c-\u0442\u0443\u0440\u044b-\u043d\u0430-\u043c\u0430\u0448\u0438\u043d\u0435\/\u043b\u0430\u0446\u0438\u043e-\u044d\u043a\u0441\u043a\u0443\u0440\u0441\u0438\u0438-\u043d\u0430-\u043c\u0430\u0448\u0438\u043d\u0435\/\u0442\u0430\u0440\u043a\u0432\u0438\u043d\u0438\u044f\/\">Tarquinie<\/a><\/span>) et <span style=\"color: #0000ff;\"><a style=\"color: #0000ff;\" href=\"http:\/\/www.rusrim.com\/fr\/\u0440\u0438\u043c-\u0442\u0443\u0440\u044b-\u043d\u0430-\u043c\u0430\u0448\u0438\u043d\u0435\/\u044d\u043a\u0441\u043a\u0443\u0440\u0441\u0438\u0438-\u0432-\u0442\u043e\u0441\u043a\u0430\u043d\u0443-\u0438\u0437-\u0440\u0438\u043c\u0430\/\">TOSCANE<\/a><\/span> (Florence, Sienne, Capalbe, Argentaire, Pise), <span style=\"color: #0000ff;\"><a style=\"color: #0000ff;\" href=\"http:\/\/www.rusrim.com\/fr\/\u0440\u0438\u043c-\u0442\u0443\u0440\u044b-\u043d\u0430-\u043c\u0430\u0448\u0438\u043d\u0435\/\u0443\u043c\u0431\u0440\u0438\u044f-\u044d\u043a\u0441\u043a\u0443\u0440\u0441\u0438\u0438-\u0441-\u0433\u0438\u0434\u043e\u043c\/\">OMBRIE<\/a><\/span> (Orvieto, Assise, P\u00e9rouse) ABRUZZES ( <span style=\"color: #0000ff;\"><a style=\"color: #0000ff;\" href=\"http:\/\/www.rusrim.com\/fr\/\u0440\u0438\u043c-\u0442\u0443\u0440\u044b-\u043d\u0430-\u043c\u0430\u0448\u0438\u043d\u0435\/english-abruzzo-private-car-tour-from-rome\/\">Gran Sasso, l\u2019Aquila<\/a><\/span>) CAMPANIE ( <span style=\"color: #0000ff;\"><a style=\"color: #0000ff;\" href=\"http:\/\/www.rusrim.com\/fr\/\u0440\u0438\u043c-\u0442\u0443\u0440\u044b-\u043d\u0430-\u043c\u0430\u0448\u0438\u043d\u0435\/\u0430\u043c\u0430\u043b\u044c\u0444\u0438-\u043f\u043e\u0437\u0438\u0442\u0430\u043d\u043e-\u0441\u043e\u0440\u0440\u0435\u043d\u0442\u043e-\u043f\u043e\u043c\u043f\u0435\u0438\/\">Pomp\u00e9i et Amalfi<\/a><\/span>) avec chauffeur\/guide-conf\u00e9rencier Anglais, Fran\u00e7ais, Russe, Bulgare et Allemand.<\/h5>\n<h5 style=\"text-align: center;\"><span class=\"VIiyi\" lang=\"fr\"><span class=\"JLqJ4b ChMk0b\" data-language-for-alternatives=\"fr\" data-language-to-translate-into=\"bg\" data-phrase-index=\"0\">R\u00e9servation d\u2019excursions en Toscane sans pr\u00e9paiement<\/span><\/span><\/h5>\n<h5 style=\"text-align: center;\">+39 389 59 75 184\u00a0\u00a0\u00a0<a href=\"mailto:info@rusrim.com\">info@rusrim.com\u00a0\u00a0<\/a><\/h5>\n<p><\/p>","protected":false},"excerpt":{"rendered":"<p>R\u00e9servation d\u2019excursions \u00e0 Rome sans pr\u00e9paiement +39 389 59 75 184\u00a0\u00a0\u00a0info@rusrim.com\u00a0\u00a0 PALAIS CORSINI \u00e0 ROME Anciennement palais Riario (1511-18) puis palais de Christine de Su\u00e8de (1659-89), le palais Corsini abrite aujourd&#8217;hui la galerie et la biblioth\u00e8que Corsini ainsi que l&#8217;Acad\u00e9mie Lincean (l&#8217;Acad\u00e9mie nationale des sciences). La galerie de photos conserve son emplacement historique dans le [&hellip;]<\/p>\n","protected":false},"author":2,"featured_media":0,"parent":2196,"menu_order":0,"comment_status":"closed","ping_status":"closed","template":"","meta":[],"tags":[1377,510,22,62,2270,2269,618,2268,2267,3071,2245,2308,2265,2266,146,2227,2251,2285,2310,12,2309,3493,3655,3656,3654,533,284,3494,3491,2911,3374,3653],"_links":{"self":[{"href":"http:\/\/www.rusrim.com\/fr\/wp-json\/wp\/v2\/pages\/2316"}],"collection":[{"href":"http:\/\/www.rusrim.com\/fr\/wp-json\/wp\/v2\/pages"}],"about":[{"href":"http:\/\/www.rusrim.com\/fr\/wp-json\/wp\/v2\/types\/page"}],"author":[{"embeddable":true,"href":"http:\/\/www.rusrim.com\/fr\/wp-json\/wp\/v2\/users\/2"}],"replies":[{"embeddable":true,"href":"http:\/\/www.rusrim.com\/fr\/wp-json\/wp\/v2\/comments?post=2316"}],"version-history":[{"count":33,"href":"http:\/\/www.rusrim.com\/fr\/wp-json\/wp\/v2\/pages\/2316\/revisions"}],"predecessor-version":[{"id":9562,"href":"http:\/\/www.rusrim.com\/fr\/wp-json\/wp\/v2\/pages\/2316\/revisions\/9562"}],"up":[{"embeddable":true,"href":"http:\/\/www.rusrim.com\/fr\/wp-json\/wp\/v2\/pages\/2196"}],"wp:attachment":[{"href":"http:\/\/www.rusrim.com\/fr\/wp-json\/wp\/v2\/media?parent=2316"}],"wp:term":[{"taxonomy":"post_tag","embeddable":true,"href":"http:\/\/www.rusrim.com\/fr\/wp-json\/wp\/v2\/tags?post=2316"}],"curies":[{"name":"wp","href":"https:\/\/api.w.org\/{rel}","templated":true}]}}