{"id":2322,"date":"2017-09-18T20:25:48","date_gmt":"2017-09-18T20:25:48","guid":{"rendered":"http:\/\/www.rusrim.com\/?page_id=2322"},"modified":"2021-09-18T18:04:33","modified_gmt":"2021-09-18T18:04:33","slug":"english-colonna-gallery-private-tour-in-rome","status":"publish","type":"page","link":"http:\/\/www.rusrim.com\/fr\/english-rome-private-tours\/english-colonna-gallery-private-tour-in-rome\/","title":{"rendered":"GALERIE COLONNA et PALAIS COLONNA"},"content":{"rendered":"<p><\/p>\n<h5 style=\"text-align: center;\"><span class=\"VIiyi\" lang=\"fr\"><span class=\"JLqJ4b ChMk0b\" data-language-for-alternatives=\"fr\" data-language-to-translate-into=\"bg\" data-phrase-index=\"0\">R\u00e9servation d\u2019excursions \u00e0 Rome sans pr\u00e9paiement<\/span><\/span><\/h5>\n<h5 style=\"text-align: center;\">+39 389 59 75 184\u00a0\u00a0\u00a0<a href=\"mailto:info@rusrim.com\">info@rusrim.com\u00a0\u00a0<\/a><\/h5>\n<div id=\"attachment_6675\" style=\"width: 614px\" class=\"wp-caption aligncenter\"><a href=\"http:\/\/www.rusrim.com\/wp-content\/uploads\/2021\/05\/\u0413\u0430\u043b\u0435\u0440\u0438\u044f-\u041a\u043e\u043b\u043e\u043d\u043d\u0430-\u0415\u043a\u0441\u043a\u0443\u0440\u0437\u0438\u044f-\u0432-\u0420\u0438\u043c.jpg\"><img aria-describedby=\"caption-attachment-6675\" loading=\"lazy\" class=\"Galerie des Colonnes - Excursion \u00e0 Rome wp-image-6675 size-large\" title=\"Galerie des Colonnes - Excursion \u00e0 Rome \" src=\"http:\/\/www.rusrim.com\/wp-content\/uploads\/2021\/05\/\u0413\u0430\u043b\u0435\u0440\u0438\u044f-\u041a\u043e\u043b\u043e\u043d\u043d\u0430-\u0415\u043a\u0441\u043a\u0443\u0440\u0437\u0438\u044f-\u0432-\u0420\u0438\u043c-1024x666.jpg\" alt=\"Galerie des Colonnes - Excursion \u00e0 Rome \" width=\"604\" height=\"393\" srcset=\"http:\/\/www.rusrim.com\/wp-content\/uploads\/2021\/05\/\u0413\u0430\u043b\u0435\u0440\u0438\u044f-\u041a\u043e\u043b\u043e\u043d\u043d\u0430-\u0415\u043a\u0441\u043a\u0443\u0440\u0437\u0438\u044f-\u0432-\u0420\u0438\u043c-1024x666.jpg 1024w, http:\/\/www.rusrim.com\/wp-content\/uploads\/2021\/05\/\u0413\u0430\u043b\u0435\u0440\u0438\u044f-\u041a\u043e\u043b\u043e\u043d\u043d\u0430-\u0415\u043a\u0441\u043a\u0443\u0440\u0437\u0438\u044f-\u0432-\u0420\u0438\u043c-300x195.jpg 300w, http:\/\/www.rusrim.com\/wp-content\/uploads\/2021\/05\/\u0413\u0430\u043b\u0435\u0440\u0438\u044f-\u041a\u043e\u043b\u043e\u043d\u043d\u0430-\u0415\u043a\u0441\u043a\u0443\u0440\u0437\u0438\u044f-\u0432-\u0420\u0438\u043c-768x500.jpg 768w, http:\/\/www.rusrim.com\/wp-content\/uploads\/2021\/05\/\u0413\u0430\u043b\u0435\u0440\u0438\u044f-\u041a\u043e\u043b\u043e\u043d\u043d\u0430-\u0415\u043a\u0441\u043a\u0443\u0440\u0437\u0438\u044f-\u0432-\u0420\u0438\u043c.jpg 1200w\" sizes=\"(max-width: 604px) 100vw, 604px\" \/><\/a><p id=\"caption-attachment-6675\" class=\"wp-caption-text\">Galerie des Colonnes &#8211; Excursion \u00e0 Rome<\/p><\/div>\n<p style=\"text-align: justify;\"><span class=\"VIiyi\" lang=\"fr\"><span class=\"JLqJ4b\" data-language-for-alternatives=\"fr\" data-language-to-translate-into=\"en\" data-phrase-index=\"0\">GALERIE COLONNA et PALAIS COLONNA La Galerie Colonna est un lieu enchanteur : la collection d&#8217;art &#8211; peintures, sculptures, fresques &#8211; s&#8217;int\u00e8gre parfaitement \u00e0 la structure architecturale du Palais de la famille Colonna qui abrite l&#8217;imposante du XVIIe s. Galerie. C&#8217;est le meilleur exemple dans la ville d&#8217;agencement d&#8217;\u0153uvres d&#8217;art au sein d&#8217;espaces sp\u00e9cialement pr\u00e9vus pour abriter des expositions publiques de collections familiales, afin de chanter les louanges et les richesses de la famille. Le temps semble s&#8217;\u00eatre arr\u00eat\u00e9 ici jusqu&#8217;au jour de l&#8217;inauguration de la Galerie en 1703, m\u00eame si un boulet de canon sur l&#8217;escalier du Palais, s&#8217;est \u00e9cras\u00e9 ici \u00e0 cause d&#8217;une erreur de cible au lendemain de la proclamation de la R\u00e9publique romaine (1849), est le preuve du temps qui passe. Prenez la liste des tableaux \u00e0 l&#8217;entr\u00e9e : rappelez-vous que la num\u00e9rotation des \u0153uvres suit l&#8217;ordre alphab\u00e9tique de la. artistes (Albani est le num\u00e9ro 1 tandis que V\u00e9ron\u00e8se est le num\u00e9ro 197) et non celui de l&#8217;arrangement des \u0153uvres. La galerie et la collection ont \u00e9t\u00e9 commenc\u00e9es par le cardinal Girolamo Colonna vers le milieu du XVIIe s. dans le palais familial pr\u00e9existant, qui surplombe la place des Saints Ap\u00f4tres et continue dans le jardin en montant jusqu&#8217;\u00e0 la place du Quirinale La splendide galerie (39\u00d710,5\u00d713 m) est compl\u00e9t\u00e9e par deux cabinets sur les petits c\u00f4t\u00e9s et comporte trois larges fen\u00eatres ; l&#8217;int\u00e9rieur se poursuit dans le jardin arri\u00e8re et dans le chemin de ronde menant au XVIIIe s. Kaffeehaus. On y trouve une remarquable collection des XVe, XVIe et XVIIe s. des peintures, dispos\u00e9es en plusieurs rang\u00e9es le long des murs, ainsi que des sculptures antiques altern\u00e9es de miroirs et de pupitres sur lesquels se trouvent des bronzes Renaissance, d&#8217;apr\u00e8s le XVIIe s. go\u00fbt d\u00e9coratif qui tend \u00e0 remplir tous les espaces disponibles \u00e0 la fois horizontalement et verticalement.<\/span><\/span><\/p>\n<p><iframe title=\"Rome private tours - Colonna Gallery - original electronic music - RusRim.com Rome tours\" width=\"500\" height=\"375\" src=\"https:\/\/www.youtube.com\/embed\/oPiysppC1NY?feature=oembed\" frameborder=\"0\" allow=\"accelerometer; autoplay; clipboard-write; encrypted-media; gyroscope; picture-in-picture\" allowfullscreen><\/iframe><\/p>\n<div id=\"attachment_9054\" style=\"width: 614px\" class=\"wp-caption aligncenter\"><a href=\"http:\/\/www.rusrim.com\/wp-content\/uploads\/2021\/08\/Galerie-des-colonnes-a-Rome-.jpg\"><img aria-describedby=\"caption-attachment-9054\" loading=\"lazy\" class=\"Galerie Colonna wp-image-9054 size-large\" title=\"Galerie Colonna\" src=\"http:\/\/www.rusrim.com\/wp-content\/uploads\/2021\/08\/Galerie-des-colonnes-a-Rome--1024x614.jpg\" alt=\"Galerie Colonna\" width=\"604\" height=\"362\" srcset=\"http:\/\/www.rusrim.com\/wp-content\/uploads\/2021\/08\/Galerie-des-colonnes-a-Rome--1024x614.jpg 1024w, http:\/\/www.rusrim.com\/wp-content\/uploads\/2021\/08\/Galerie-des-colonnes-a-Rome--300x180.jpg 300w, http:\/\/www.rusrim.com\/wp-content\/uploads\/2021\/08\/Galerie-des-colonnes-a-Rome--768x461.jpg 768w, http:\/\/www.rusrim.com\/wp-content\/uploads\/2021\/08\/Galerie-des-colonnes-a-Rome--1536x922.jpg 1536w, http:\/\/www.rusrim.com\/wp-content\/uploads\/2021\/08\/Galerie-des-colonnes-a-Rome--2048x1229.jpg 2048w\" sizes=\"(max-width: 604px) 100vw, 604px\" \/><\/a><p id=\"caption-attachment-9054\" class=\"wp-caption-text\">Galerie Colonna<\/p><\/div>\n<p style=\"text-align: justify;\"><span class=\"VIiyi\" lang=\"fr\"><span class=\"JLqJ4b\" data-language-for-alternatives=\"fr\" data-language-to-translate-into=\"en\" data-phrase-index=\"0\">Le leitmotiv du complexe est la glorification de la famille \u00e0 travers la victoire de Marcantonio II Colonna \u00e0 L\u00e9pante (1571) : les fresques des trois vo\u00fbtes, les statues et les pupitres rappellent l&#8217;\u00e9v\u00e9nement glorieux dont il fut le protagoniste. M\u00eame s&#8217;il y a eu quelques changements au cours des si\u00e8cles \u2013 le plus grave fut la vente de quelques chefs-d&#8217;\u0153uvre pour aider la papaut\u00e9 dans l&#8217;indemnit\u00e9 du trait\u00e9 de Tolentino (1798) \u2013 la collection conserve son agencement d&#8217;origine. Est-ce que la salle d&#8217;entr\u00e9e, outre des exemples du XVe s. Ferrare. peinture, les volets des fen\u00eatres int\u00e9rieures ont des peintures de paysages de Gaspard Dughet, l&#8217;un des articfli pr\u00e9f\u00e9r\u00e9s du Cardinal. Au mur se trouve le beau Christ couronn\u00e9 d&#8217;\u00e9pines attribu\u00e9 \u00e0 Francesco Trevisani. Dans la salle Colonna Bellica, avec l&#8217;embl\u00e8me de la famille au milieu, quelques peintures de go\u00fbt florentin enrichissent la collection. Ils sont arriv\u00e9s dans la famille au d\u00e9but du XVIIIe s. par mariage : parmi eux, V\u00e9nus avec Cupidon et un satyre d&#8217;Agnolo Bronzino, et trois tableaux de sujets \u00e9rotiques \u2014 recouverts de voiles au cours du si\u00e8cle suivant. D&#8217;un int\u00e9r\u00eat remarquable sont les deux coffres de mariage avec l&#8217;Enl\u00e8vement des Sabins et la Paix entre les Romains et les Sabins datant du 15\u2032 s., toujours de go\u00fbt florentin, dont le fond est domin\u00e9 par les monuments de la Rome antique. La vo\u00fbte d\u00e9cor\u00e9e de fresques par Giuseppe Chiari repr\u00e9sente Marcantonio II Colonna en \u00ab Jeune Hercule \u00bb (Apoth\u00e9ose de Marcantonio Colonna) ; le panneau central repr\u00e9sente le chef tout en organisant l&#8217;attaque depuis l&#8217;\u00e9trave de son navire (Bataille de L\u00e9pante). <\/span><\/span><\/p>\n<p><iframe title=\"Galleria Colonna - Rome Private tour - original music - RusRim.com Rome car tours\" width=\"500\" height=\"281\" src=\"https:\/\/www.youtube.com\/embed\/ntkcQ1hKwsk?feature=oembed\" frameborder=\"0\" allow=\"accelerometer; autoplay; clipboard-write; encrypted-media; gyroscope; picture-in-picture\" allowfullscreen><\/iframe><\/p>\n<p style=\"text-align: justify;\"><span class=\"VIiyi\" lang=\"fr\"><span class=\"JLqJ4b\" data-language-for-alternatives=\"fr\" data-language-to-translate-into=\"en\" data-phrase-index=\"0\">Des marches descendent jusqu&#8217;\u00e0 la Grande Galerie \u2013 la superbe d\u00e9coration de la vo\u00fbte a \u00e9t\u00e9 achev\u00e9e en 1678. Les peintures des cinq panneaux centraux sont de Giovanni Coli et Filippo Gherardi ; la d\u00e9coration des cadres est de Jan Paul Schor et d&#8217;autres, selon une habilet\u00e9 typique des t\u00e2ches de travail. Les quatre grands miroirs ont \u00e9t\u00e9 peints par Carlo Maratta et Mario dei Fiori : le premier a peint les enfants et le second les compositions florales. Les peintures pr\u00e9sent\u00e9es ici sont de l&#8217;\u00e9cole romaine de la premi\u00e8re moiti\u00e9 du 17\u2033 s.; il y a deux peintures diff\u00e9rentes de Salvator Rosa, St Jean-Baptiste dans une grotte, une \u0153uvre de jeunesse qui peut \u00eatre consid\u00e9r\u00e9e comme un autoportrait de l&#8217;artiste, et la Pr\u00e9dication de saint Jean-Baptiste dans le d\u00e9sert, une \u0153uvre tardive. Les fresques de la vo\u00fbte sont de Sebastiano Ricci, qui pr\u00e9f\u00e8re l&#8217;espace blanc du ciel encadr\u00e9 par des personnages de la bataille de L\u00e9pante (All\u00e9gorie de la Victoire de Marcantonio II Colonna \u00e0 L\u00e9pante). Aux murs se trouvent les peintures de paysages, l&#8217;une des s\u00e9ries les plus remarquables de la collection : \u00e0 l&#8217;origine, elle \u00e9tait compos\u00e9e de 66 tableaux ; il y en a maintenant une trentaine d&#8217;artistes diff\u00e9rents, parmi lesquels \u2013 le style l\u00e9ger de Gaspard Dughet (12 tableaux). Sur les murs, il y a aussi deux rares exemples de coffrets romains datant du milieu du 17\u2033&#8217; s. La salle suivante, enti\u00e8rement red\u00e9cor\u00e9e au XVIIIe si\u00e8cle, abrite quelques chefs-d&#8217;\u0153uvre, parmi lesquels le Mangeur de haricots d&#8217;Annibale Carracci, l&#8217;Enl\u00e8vement d&#8217;Europe de Francesco Albani et le Portrait d&#8217;un gentilhomme de Paolo Veronese. La salle du tr\u00f4ne \u00e9tait autrefois r\u00e9serv\u00e9e au pape ; il abrite aujourd&#8217;hui deux magnifiques lustres en cristal de roche. La salle des \u00ab Primitifs \u00bb cl\u00f4t la visite : deux \u0153uvres de Bernar<\/span><\/span><\/p>\n<div id=\"attachment_9057\" style=\"width: 614px\" class=\"wp-caption aligncenter\"><a href=\"http:\/\/www.rusrim.com\/wp-content\/uploads\/2021\/08\/Palais-Colonna-Rome-.jpg\"><img aria-describedby=\"caption-attachment-9057\" loading=\"lazy\" class=\"Palais Colonna Rome wp-image-9057 size-large\" title=\"Palais Colonna Rome\" src=\"http:\/\/www.rusrim.com\/wp-content\/uploads\/2021\/08\/Palais-Colonna-Rome--1024x614.jpg\" alt=\"Palais Colonna Rome\" width=\"604\" height=\"362\" srcset=\"http:\/\/www.rusrim.com\/wp-content\/uploads\/2021\/08\/Palais-Colonna-Rome--1024x614.jpg 1024w, http:\/\/www.rusrim.com\/wp-content\/uploads\/2021\/08\/Palais-Colonna-Rome--300x180.jpg 300w, http:\/\/www.rusrim.com\/wp-content\/uploads\/2021\/08\/Palais-Colonna-Rome--768x461.jpg 768w, http:\/\/www.rusrim.com\/wp-content\/uploads\/2021\/08\/Palais-Colonna-Rome--1536x922.jpg 1536w, http:\/\/www.rusrim.com\/wp-content\/uploads\/2021\/08\/Palais-Colonna-Rome--2048x1229.jpg 2048w\" sizes=\"(max-width: 604px) 100vw, 604px\" \/><\/a><p id=\"caption-attachment-9057\" class=\"wp-caption-text\">Palais Colonna Rome<\/p><\/div>\n<h3 style=\"text-align: center;\">Tours motoris\u00e9s en Italie <span style=\"color: #0000ff;\"><a style=\"color: #0000ff;\" href=\"http:\/\/www.rusrim.com\/fr\/\u0440\u0438\u043c-\u0442\u0443\u0440\u044b-\u043d\u0430-\u043c\u0430\u0448\u0438\u043d\u0435\/\u0430\u0432\u0442\u043e\u043c\u043e\u0431\u0438\u043b\u044c\u043d\u044b\u0435-\u0442\u0443\u0440\u044b-\u043f\u043e-\u0440\u0438\u043c\u0443-\u0438-\u0432\u0430\u0442\u0438\u043a\u0430\u043d\u0443\/\">ROME<\/a><\/span> &#8211; <span style=\"color: #0000ff;\"><a style=\"color: #0000ff;\" href=\"http:\/\/www.rusrim.com\/fr\/\u0440\u0438\u043c-\u0442\u0443\u0440\u044b-\u043d\u0430-\u043c\u0430\u0448\u0438\u043d\u0435\/\u043b\u0430\u0446\u0438\u043e-\u044d\u043a\u0441\u043a\u0443\u0440\u0441\u0438\u0438-\u043d\u0430-\u043c\u0430\u0448\u0438\u043d\u0435\/\">LATIUM<\/a><\/span> &#8211; <a href=\"http:\/\/www.rusrim.com\/fr\/\u0440\u0438\u043c-\u0442\u0443\u0440\u044b-\u043d\u0430-\u043c\u0430\u0448\u0438\u043d\u0435\/\u044d\u043a\u0441\u043a\u0443\u0440\u0441\u0438\u0438-\u0432-\u0442\u043e\u0441\u043a\u0430\u043d\u0443-\u0438\u0437-\u0440\u0438\u043c\u0430\/\"><span style=\"color: #0000ff;\">TOSCANE<\/span><\/a> &#8211; <span style=\"color: #0000ff;\"><a style=\"color: #0000ff;\" href=\"http:\/\/www.rusrim.com\/fr\/\u0440\u0438\u043c-\u0442\u0443\u0440\u044b-\u043d\u0430-\u043c\u0430\u0448\u0438\u043d\u0435\/\u0443\u043c\u0431\u0440\u0438\u044f-\u044d\u043a\u0441\u043a\u0443\u0440\u0441\u0438\u0438-\u0441-\u0433\u0438\u0434\u043e\u043c\/\">OMBRIE<\/a><\/span> &#8211; <span style=\"color: #0000ff;\"><a style=\"color: #0000ff;\" href=\"http:\/\/www.rusrim.com\/fr\/\u0440\u0438\u043c-\u0442\u0443\u0440\u044b-\u043d\u0430-\u043c\u0430\u0448\u0438\u043d\u0435\/\u0430\u043c\u0430\u043b\u044c\u0444\u0438-\u043f\u043e\u0437\u0438\u0442\u0430\u043d\u043e-\u0441\u043e\u0440\u0440\u0435\u043d\u0442\u043e-\u043f\u043e\u043c\u043f\u0435\u0438\/\">CAMPANIE<\/a><\/span> &#8211; <span style=\"color: #0000ff;\"><a style=\"color: #0000ff;\" href=\"http:\/\/www.rusrim.com\/fr\/\u0440\u0438\u043c-\u0442\u0443\u0440\u044b-\u043d\u0430-\u043c\u0430\u0448\u0438\u043d\u0435\/english-abruzzo-private-car-tour-from-rome\/\">ABRUZZES<\/a><\/span> &#8211; <span style=\"color: #0000ff;\"><a style=\"color: #0000ff;\" href=\"http:\/\/www.rusrim.com\/fr\/\u0440\u0438\u043c-\u0442\u0443\u0440\u044b-\u043d\u0430-\u043c\u0430\u0448\u0438\u043d\u0435\/\u0432\u0435\u043d\u0435\u0446\u0438\u044f-\u0438\u043d\u0434\u0438\u0432\u0438\u0434\u0443\u0430\u043b\u044c\u043d\u0430\u044f-\u044d\u043a\u0441\u043a\u0443\u0440\u0441\u0438\u044f\/\">Venise &#8211; <\/a><a style=\"color: #0000ff;\" href=\"http:\/\/www.rusrim.com\/fr\/\u0440\u0438\u043c-\u0442\u0443\u0440\u044b-\u043d\u0430-\u043c\u0430\u0448\u0438\u043d\u0435\/\u0431\u044a\u043b\u0433\u0430\u0440\u0441\u043a\u0438-\u0442\u0440\u0435\u043d\u0442\u0438\u043d\u043e-\u0430\u043b\u0442\u043e-\u0430\u0434\u0438\u0434\u0436\u0435-\u0441\u0443\u0434-\u0442\/\">TRENTINO<\/a><\/span><\/h3>\n<h5 style=\"text-align: center;\">Excursions en Bulgare, Russe, Anglais, Fran\u00e7ais et Ukrainien<\/h5>\n<h5 style=\"text-align: center;\">Tours individuels avec chauffeur\/<span style=\"color: #0000ff;\"><a style=\"color: #0000ff;\" href=\"http:\/\/www.rusrim.com\/fr\/%D0%B3%D0%B8%D0%B4%D1%8B\/%D0%B3%D0%B8%D0%B4-%D1%80%D0%B8%D0%BC\/\">guide <\/a><\/span>-conf\u00e9rencier \u00e0 Rome, Le <span style=\"color: #0000ff;\"><a style=\"color: #0000ff;\" href=\"http:\/\/www.rusrim.com\/fr\/\u044d\u043a\u0441\u043a\u0443\u0440\u0441\u0438\u0438-\u043f\u043e-\u0440\u0438\u043c\u0443\/\u043e\u0431\u0437\u043e\u0440\u043d\u0430\u044f-\u043f\u043e-\u0432\u0430\u0442\u0438\u043a\u0430\u043d\u0443\/\">Vatican<\/a><\/span>, et les r\u00e9gions du <span style=\"color: #0000ff;\"><a style=\"color: #0000ff;\" href=\"http:\/\/www.rusrim.com\/fr\/\u0440\u0438\u043c-\u0442\u0443\u0440\u044b-\u043d\u0430-\u043c\u0430\u0448\u0438\u043d\u0435\/\u043b\u0430\u0446\u0438\u043e-\u044d\u043a\u0441\u043a\u0443\u0440\u0441\u0438\u0438-\u043d\u0430-\u043c\u0430\u0448\u0438\u043d\u0435\/\">LATIUM<\/a><\/span> (<span style=\"color: #0000ff;\"><a style=\"color: #0000ff;\" href=\"http:\/\/www.rusrim.com\/fr\/\u0440\u0438\u043c-\u0442\u0443\u0440\u044b-\u043d\u0430-\u043c\u0430\u0448\u0438\u043d\u0435\/\u043b\u0430\u0446\u0438\u043e-\u044d\u043a\u0441\u043a\u0443\u0440\u0441\u0438\u0438-\u043d\u0430-\u043c\u0430\u0448\u0438\u043d\u0435\/\u0442\u0438\u0432\u043e\u043b\u0438\/\">Tivoli<\/a><\/span>, <span style=\"color: #0000ff;\"><a style=\"color: #0000ff;\" href=\"http:\/\/www.rusrim.com\/fr\/\u0440\u0438\u043c-\u0442\u0443\u0440\u044b-\u043d\u0430-\u043c\u0430\u0448\u0438\u043d\u0435\/\u043b\u0430\u0446\u0438\u043e-\u044d\u043a\u0441\u043a\u0443\u0440\u0441\u0438\u0438-\u043d\u0430-\u043c\u0430\u0448\u0438\u043d\u0435\/\u0440\u0438\u043c\u0441\u043a\u0438\u0435-\u0437\u0430\u043c\u043a\u0438-\u044d\u043a\u0441\u043a\u0443\u0440\u0441\u0438\u044f\/\">Chateaux Romains<\/a><\/span>, <span style=\"color: #0000ff;\"><a style=\"color: #0000ff;\" href=\"http:\/\/www.rusrim.com\/fr\/\u0440\u0438\u043c-\u0442\u0443\u0440\u044b-\u043d\u0430-\u043c\u0430\u0448\u0438\u043d\u0435\/\u043b\u0430\u0446\u0438\u043e-\u044d\u043a\u0441\u043a\u0443\u0440\u0441\u0438\u0438-\u043d\u0430-\u043c\u0430\u0448\u0438\u043d\u0435\/\u0442\u0430\u0440\u043a\u0432\u0438\u043d\u0438\u044f\/\">Tarquinie<\/a><\/span>) et <span style=\"color: #0000ff;\"><a style=\"color: #0000ff;\" href=\"http:\/\/www.rusrim.com\/fr\/\u0440\u0438\u043c-\u0442\u0443\u0440\u044b-\u043d\u0430-\u043c\u0430\u0448\u0438\u043d\u0435\/\u044d\u043a\u0441\u043a\u0443\u0440\u0441\u0438\u0438-\u0432-\u0442\u043e\u0441\u043a\u0430\u043d\u0443-\u0438\u0437-\u0440\u0438\u043c\u0430\/\">TOSCANE<\/a><\/span> (Florence, Sienne, Capalbe, Argentaire, Pise), <span style=\"color: #0000ff;\"><a style=\"color: #0000ff;\" href=\"http:\/\/www.rusrim.com\/fr\/\u0440\u0438\u043c-\u0442\u0443\u0440\u044b-\u043d\u0430-\u043c\u0430\u0448\u0438\u043d\u0435\/\u0443\u043c\u0431\u0440\u0438\u044f-\u044d\u043a\u0441\u043a\u0443\u0440\u0441\u0438\u0438-\u0441-\u0433\u0438\u0434\u043e\u043c\/\">OMBRIE<\/a><\/span> (Orvieto, Assise, P\u00e9rouse) ABRUZZES ( <span style=\"color: #0000ff;\"><a style=\"color: #0000ff;\" href=\"http:\/\/www.rusrim.com\/fr\/\u0440\u0438\u043c-\u0442\u0443\u0440\u044b-\u043d\u0430-\u043c\u0430\u0448\u0438\u043d\u0435\/english-abruzzo-private-car-tour-from-rome\/\">Gran Sasso, l\u2019Aquila<\/a><\/span>) CAMPANIE ( <span style=\"color: #0000ff;\"><a style=\"color: #0000ff;\" href=\"http:\/\/www.rusrim.com\/fr\/\u0440\u0438\u043c-\u0442\u0443\u0440\u044b-\u043d\u0430-\u043c\u0430\u0448\u0438\u043d\u0435\/\u0430\u043c\u0430\u043b\u044c\u0444\u0438-\u043f\u043e\u0437\u0438\u0442\u0430\u043d\u043e-\u0441\u043e\u0440\u0440\u0435\u043d\u0442\u043e-\u043f\u043e\u043c\u043f\u0435\u0438\/\">Pomp\u00e9i et Amalfi<\/a><\/span>) avec chauffeur\/guide-conf\u00e9rencier Anglais, Fran\u00e7ais, Russe, Bulgare et Allemand.<\/h5>\n<h5 style=\"text-align: center;\"><span class=\"VIiyi\" lang=\"fr\"><span class=\"JLqJ4b ChMk0b\" data-language-for-alternatives=\"fr\" data-language-to-translate-into=\"bg\" data-phrase-index=\"0\">R\u00e9servation d\u2019excursions en Toscane sans pr\u00e9paiement<\/span><\/span><\/h5>\n<h5 style=\"text-align: center;\">+39 389 59 75 184\u00a0\u00a0\u00a0<a href=\"mailto:info@rusrim.com\">info@rusrim.com\u00a0\u00a0<\/a><\/h5>\n<p><\/p>","protected":false},"excerpt":{"rendered":"<p>R\u00e9servation d\u2019excursions \u00e0 Rome sans pr\u00e9paiement +39 389 59 75 184\u00a0\u00a0\u00a0info@rusrim.com\u00a0\u00a0 GALERIE COLONNA et PALAIS COLONNA La Galerie Colonna est un lieu enchanteur : la collection d&#8217;art &#8211; peintures, sculptures, fresques &#8211; s&#8217;int\u00e8gre parfaitement \u00e0 la structure architecturale du Palais de la famille Colonna qui abrite l&#8217;imposante du XVIIe s. Galerie. C&#8217;est le meilleur exemple [&hellip;]<\/p>\n","protected":false},"author":2,"featured_media":0,"parent":2196,"menu_order":0,"comment_status":"closed","ping_status":"closed","template":"","meta":[],"tags":[1377,510,22,62,2225,2286,2270,2269,3475,2224,2268,2267,2385,2457,2386,2387,2384,202,2256,3474,2265,2266,2255,146,3479,2227,2251,2285,12,3380,3378,3379,3460,3476,3478,3477,3473,3472],"_links":{"self":[{"href":"http:\/\/www.rusrim.com\/fr\/wp-json\/wp\/v2\/pages\/2322"}],"collection":[{"href":"http:\/\/www.rusrim.com\/fr\/wp-json\/wp\/v2\/pages"}],"about":[{"href":"http:\/\/www.rusrim.com\/fr\/wp-json\/wp\/v2\/types\/page"}],"author":[{"embeddable":true,"href":"http:\/\/www.rusrim.com\/fr\/wp-json\/wp\/v2\/users\/2"}],"replies":[{"embeddable":true,"href":"http:\/\/www.rusrim.com\/fr\/wp-json\/wp\/v2\/comments?post=2322"}],"version-history":[{"count":30,"href":"http:\/\/www.rusrim.com\/fr\/wp-json\/wp\/v2\/pages\/2322\/revisions"}],"predecessor-version":[{"id":9568,"href":"http:\/\/www.rusrim.com\/fr\/wp-json\/wp\/v2\/pages\/2322\/revisions\/9568"}],"up":[{"embeddable":true,"href":"http:\/\/www.rusrim.com\/fr\/wp-json\/wp\/v2\/pages\/2196"}],"wp:attachment":[{"href":"http:\/\/www.rusrim.com\/fr\/wp-json\/wp\/v2\/media?parent=2322"}],"wp:term":[{"taxonomy":"post_tag","embeddable":true,"href":"http:\/\/www.rusrim.com\/fr\/wp-json\/wp\/v2\/tags?post=2322"}],"curies":[{"name":"wp","href":"https:\/\/api.w.org\/{rel}","templated":true}]}}