{"id":2328,"date":"2017-09-18T20:38:59","date_gmt":"2017-09-18T20:38:59","guid":{"rendered":"http:\/\/www.rusrim.com\/?page_id=2328"},"modified":"2021-09-18T18:02:06","modified_gmt":"2021-09-18T18:02:06","slug":"snta-maria-della-vittoria","status":"publish","type":"page","link":"http:\/\/www.rusrim.com\/fr\/english-rome-private-tours\/snta-maria-della-vittoria\/","title":{"rendered":"SANTA MARIA DELLA VITTORIA"},"content":{"rendered":"<p>&nbsp;<\/p>\n<h5 style=\"text-align: center;\"><span class=\"VIiyi\" lang=\"fr\"><span class=\"JLqJ4b ChMk0b\" data-language-for-alternatives=\"fr\" data-language-to-translate-into=\"bg\" data-phrase-index=\"0\">R\u00e9servation d\u2019excursions \u00e0 Rome sans pr\u00e9paiement<\/span><\/span><\/h5>\n<h5 style=\"text-align: center;\">+39 389 59 75 184\u00a0\u00a0\u00a0<a href=\"mailto:info@rusrim.com\">info@rusrim.com\u00a0\u00a0<\/a><\/h5>\n<p><iframe title=\"Santa Maria della Vittoria Rome Guide priv\u00e9 RusRim.com Musique Originale\" width=\"500\" height=\"281\" src=\"https:\/\/www.youtube.com\/embed\/hbyDi_VkMjs?feature=oembed\" frameborder=\"0\" allow=\"accelerometer; autoplay; clipboard-write; encrypted-media; gyroscope; picture-in-picture\" allowfullscreen><\/iframe><\/p>\n<div id=\"attachment_2332\" style=\"width: 610px\" class=\"wp-caption alignnone\"><a href=\"http:\/\/www.rusrim.com\/wp-content\/uploads\/2017\/09\/santa-maria-della-vittoria-rome.jpg\"><img aria-describedby=\"caption-attachment-2332\" loading=\"lazy\" class=\"Santa Maria della Vittoria - Rome wp-image-2332 size-full\" title=\"Santa Maria della Vittoria - Rome\" src=\"http:\/\/www.rusrim.com\/wp-content\/uploads\/2017\/09\/santa-maria-della-vittoria-rome.jpg\" alt=\"Santa Maria della Vittoria - Rome\" width=\"600\" height=\"800\" srcset=\"http:\/\/www.rusrim.com\/wp-content\/uploads\/2017\/09\/santa-maria-della-vittoria-rome.jpg 600w, http:\/\/www.rusrim.com\/wp-content\/uploads\/2017\/09\/santa-maria-della-vittoria-rome-225x300.jpg 225w\" sizes=\"(max-width: 600px) 100vw, 600px\" \/><\/a><p id=\"caption-attachment-2332\" class=\"wp-caption-text\">Santa Maria della Vittoria &#8211; Rome<\/p><\/div>\n<p style=\"text-align: justify;\"><span class=\"VIiyi\" lang=\"fr\"><span class=\"JLqJ4b\" data-language-for-alternatives=\"fr\" data-language-to-translate-into=\"en\" data-phrase-index=\"0\"><a href=\"http:\/\/www.rusrim.com\/wp-content\/uploads\/2017\/09\/organ-santa-maria-della-vittoria.jpg\"><img loading=\"lazy\" class=\"alignleft size-full wp-image-2331\" src=\"http:\/\/www.rusrim.com\/wp-content\/uploads\/2017\/09\/organ-santa-maria-della-vittoria.jpg\" alt=\"\" width=\"220\" height=\"165\" \/><\/a>Dans la chapelle Cornaro, Bernini a accompli l&#8217;un de ses exploits artistiques les plus extraordinaires, cr\u00e9ant un monument dot\u00e9 d&#8217;un remarquable pouvoir th\u00e9\u00e2tral et illusionniste. Le th\u00e8me de la chapelle \u00e9tait l&#8217;extase de la sainte espagnole Teresa, c\u00e9l\u00e8bre pour les exp\u00e9riences spirituelles inhabituelles gr\u00e2ce auxquelles elle a atteint l&#8217;union mystique avec le Christ. L&#8217;artiste n&#8217;a eu aucun mal \u00e0 repr\u00e9senter le saint dans un \u00e9tat de ravissement, mais la pose est si sensuelle que la nature spirituelle de l&#8217;\u00e9v\u00e9nement est perdue pour de nombreux observateurs. C&#8217;est comme si le saint \u00e9tait suspendu \u00e0 un lit de nuages, dont la base, parce qu&#8217;elle est plus sombre et plac\u00e9e plus en arri\u00e8re, est \u00e0 premi\u00e8re vue invisible, donnant l&#8217;impression que le nuage de marbre est bien suspendu dans l&#8217;air. Cependant, le principal effet th\u00e9\u00e2tral et illusoire est obtenu par le r\u00f4le que le Bernin a si sagement donn\u00e9 \u00e0 la lumi\u00e8re naturelle. Derri\u00e8re la sculpture, il a cr\u00e9\u00e9 une petite abside semi-circulaire, qui fait saillie du mur de l&#8217;\u00e9glise. Cela lui a permis d&#8217;ouvrir une fen\u00eatre, invisible pour les personnes regardant la chapelle, au sommet de la petite abside. Pour souligner la valeur symbolique de la lumi\u00e8re, il a ajout\u00e9 une s\u00e9rie de rayons dor\u00e9s, qui refl\u00e8tent et rehaussent la lumi\u00e8re entrant par la petite fen\u00eatre. L&#8217;effet \u00e9tait cens\u00e9 para\u00eetre surnaturel. Le Bernin avait transform\u00e9 la chapelle en sc\u00e8ne th\u00e9\u00e2trale avec de nombreux spectateurs : le patron, le cardinal v\u00e9nitien, Federico Camaro, et ses anc\u00eatres. Dans leurs portraits en buste, ils regardent depuis les cases lat\u00e9rales comme s&#8217;ils \u00e9taient invit\u00e9s \u00e0 partager l&#8217;\u00e9v\u00e9nement miraculeux, et semblent jeter des regards attentifs et admiratifs sur le drame qui se d\u00e9roule sur la sc\u00e8ne &#8211; le groupe central du saint avec l&#8217;ange qui est sur le point de la transpercer avec une fl\u00e9chette. En un sens, cette \u0153uvre est un symbole du baroque lui-m\u00eame : la sculpture, la lumi\u00e8re, l&#8217;architecture et la peinture se fondent dans un tableau unique d&#8217;\u00e9merveillement et d&#8217;\u00e9merveillement ; la r\u00e9alit\u00e9 tangible et l&#8217;illusion de l&#8217;espace sont indiscernables et l&#8217;art et l&#8217;imagination ne font qu&#8217;un.<\/span><\/span><\/p>\n<p><a href=\"http:\/\/www.rusrim.com\/wp-content\/uploads\/2017\/09\/santa-maria-dellavittoria-Rome-private-tour.jpg\"><img loading=\"lazy\" class=\"aligncenter wp-image-2333 size-large\" src=\"http:\/\/www.rusrim.com\/wp-content\/uploads\/2017\/09\/santa-maria-dellavittoria-Rome-private-tour-1024x683.jpg\" alt=\"\" width=\"604\" height=\"403\" srcset=\"http:\/\/www.rusrim.com\/wp-content\/uploads\/2017\/09\/santa-maria-dellavittoria-Rome-private-tour-1024x683.jpg 1024w, http:\/\/www.rusrim.com\/wp-content\/uploads\/2017\/09\/santa-maria-dellavittoria-Rome-private-tour-300x200.jpg 300w, http:\/\/www.rusrim.com\/wp-content\/uploads\/2017\/09\/santa-maria-dellavittoria-Rome-private-tour.jpg 1050w\" sizes=\"(max-width: 604px) 100vw, 604px\" \/><\/a><\/p>\n<div id=\"attachment_6514\" style=\"width: 614px\" class=\"wp-caption aligncenter\"><a href=\"http:\/\/www.rusrim.com\/wp-content\/uploads\/2021\/05\/Santa-Maria-della-Vittoria-Rome-private-guide-2.jpg\"><img aria-describedby=\"caption-attachment-6514\" loading=\"lazy\" class=\"Santa Maria della Vittoria wp-image-6514 size-large\" title=\"Santa Maria della Vittoria \" src=\"http:\/\/www.rusrim.com\/wp-content\/uploads\/2021\/05\/Santa-Maria-della-Vittoria-Rome-private-guide-2-1024x576.jpg\" alt=\"Santa Maria della Vittoria \" width=\"604\" height=\"340\" srcset=\"http:\/\/www.rusrim.com\/wp-content\/uploads\/2021\/05\/Santa-Maria-della-Vittoria-Rome-private-guide-2-1024x576.jpg 1024w, http:\/\/www.rusrim.com\/wp-content\/uploads\/2021\/05\/Santa-Maria-della-Vittoria-Rome-private-guide-2-300x169.jpg 300w, http:\/\/www.rusrim.com\/wp-content\/uploads\/2021\/05\/Santa-Maria-della-Vittoria-Rome-private-guide-2-768x432.jpg 768w, http:\/\/www.rusrim.com\/wp-content\/uploads\/2021\/05\/Santa-Maria-della-Vittoria-Rome-private-guide-2-1536x864.jpg 1536w, http:\/\/www.rusrim.com\/wp-content\/uploads\/2021\/05\/Santa-Maria-della-Vittoria-Rome-private-guide-2.jpg 1950w\" sizes=\"(max-width: 604px) 100vw, 604px\" \/><\/a><p id=\"caption-attachment-6514\" class=\"wp-caption-text\">Santa Maria della Vittoria<\/p><\/div>\n<h3 style=\"text-align: center;\">Tours motoris\u00e9s en Italie <span style=\"color: #0000ff;\"><a style=\"color: #0000ff;\" href=\"http:\/\/www.rusrim.com\/fr\/\u0440\u0438\u043c-\u0442\u0443\u0440\u044b-\u043d\u0430-\u043c\u0430\u0448\u0438\u043d\u0435\/\u0430\u0432\u0442\u043e\u043c\u043e\u0431\u0438\u043b\u044c\u043d\u044b\u0435-\u0442\u0443\u0440\u044b-\u043f\u043e-\u0440\u0438\u043c\u0443-\u0438-\u0432\u0430\u0442\u0438\u043a\u0430\u043d\u0443\/\">ROME<\/a><\/span> &#8211; <span style=\"color: #0000ff;\"><a style=\"color: #0000ff;\" href=\"http:\/\/www.rusrim.com\/fr\/\u0440\u0438\u043c-\u0442\u0443\u0440\u044b-\u043d\u0430-\u043c\u0430\u0448\u0438\u043d\u0435\/\u043b\u0430\u0446\u0438\u043e-\u044d\u043a\u0441\u043a\u0443\u0440\u0441\u0438\u0438-\u043d\u0430-\u043c\u0430\u0448\u0438\u043d\u0435\/\">LATIUM<\/a><\/span> &#8211; <a href=\"http:\/\/www.rusrim.com\/fr\/\u0440\u0438\u043c-\u0442\u0443\u0440\u044b-\u043d\u0430-\u043c\u0430\u0448\u0438\u043d\u0435\/\u044d\u043a\u0441\u043a\u0443\u0440\u0441\u0438\u0438-\u0432-\u0442\u043e\u0441\u043a\u0430\u043d\u0443-\u0438\u0437-\u0440\u0438\u043c\u0430\/\"><span style=\"color: #0000ff;\">TOSCANE<\/span><\/a> &#8211; <span style=\"color: #0000ff;\"><a style=\"color: #0000ff;\" href=\"http:\/\/www.rusrim.com\/fr\/\u0440\u0438\u043c-\u0442\u0443\u0440\u044b-\u043d\u0430-\u043c\u0430\u0448\u0438\u043d\u0435\/\u0443\u043c\u0431\u0440\u0438\u044f-\u044d\u043a\u0441\u043a\u0443\u0440\u0441\u0438\u0438-\u0441-\u0433\u0438\u0434\u043e\u043c\/\">OMBRIE<\/a><\/span> &#8211; <span style=\"color: #0000ff;\"><a style=\"color: #0000ff;\" href=\"http:\/\/www.rusrim.com\/fr\/\u0440\u0438\u043c-\u0442\u0443\u0440\u044b-\u043d\u0430-\u043c\u0430\u0448\u0438\u043d\u0435\/\u0430\u043c\u0430\u043b\u044c\u0444\u0438-\u043f\u043e\u0437\u0438\u0442\u0430\u043d\u043e-\u0441\u043e\u0440\u0440\u0435\u043d\u0442\u043e-\u043f\u043e\u043c\u043f\u0435\u0438\/\">CAMPANIE<\/a><\/span> &#8211; <span style=\"color: #0000ff;\"><a style=\"color: #0000ff;\" href=\"http:\/\/www.rusrim.com\/fr\/\u0440\u0438\u043c-\u0442\u0443\u0440\u044b-\u043d\u0430-\u043c\u0430\u0448\u0438\u043d\u0435\/english-abruzzo-private-car-tour-from-rome\/\">ABRUZZES<\/a><\/span> &#8211; <span style=\"color: #0000ff;\"><a style=\"color: #0000ff;\" href=\"http:\/\/www.rusrim.com\/fr\/\u0440\u0438\u043c-\u0442\u0443\u0440\u044b-\u043d\u0430-\u043c\u0430\u0448\u0438\u043d\u0435\/\u0432\u0435\u043d\u0435\u0446\u0438\u044f-\u0438\u043d\u0434\u0438\u0432\u0438\u0434\u0443\u0430\u043b\u044c\u043d\u0430\u044f-\u044d\u043a\u0441\u043a\u0443\u0440\u0441\u0438\u044f\/\">Venise &#8211; <\/a><a style=\"color: #0000ff;\" href=\"http:\/\/www.rusrim.com\/fr\/\u0440\u0438\u043c-\u0442\u0443\u0440\u044b-\u043d\u0430-\u043c\u0430\u0448\u0438\u043d\u0435\/\u0431\u044a\u043b\u0433\u0430\u0440\u0441\u043a\u0438-\u0442\u0440\u0435\u043d\u0442\u0438\u043d\u043e-\u0430\u043b\u0442\u043e-\u0430\u0434\u0438\u0434\u0436\u0435-\u0441\u0443\u0434-\u0442\/\">TRENTINO<\/a><\/span><\/h3>\n<h5 style=\"text-align: center;\">Excursions en Bulgare, Russe, Anglais, Fran\u00e7ais et Ukrainien<\/h5>\n<h5 style=\"text-align: center;\">Tours individuels avec chauffeur\/<span style=\"color: #0000ff;\"><a style=\"color: #0000ff;\" href=\"http:\/\/www.rusrim.com\/fr\/%D0%B3%D0%B8%D0%B4%D1%8B\/%D0%B3%D0%B8%D0%B4-%D1%80%D0%B8%D0%BC\/\">guide <\/a><\/span>-conf\u00e9rencier \u00e0 Rome, Le <span style=\"color: #0000ff;\"><a style=\"color: #0000ff;\" href=\"http:\/\/www.rusrim.com\/fr\/\u044d\u043a\u0441\u043a\u0443\u0440\u0441\u0438\u0438-\u043f\u043e-\u0440\u0438\u043c\u0443\/\u043e\u0431\u0437\u043e\u0440\u043d\u0430\u044f-\u043f\u043e-\u0432\u0430\u0442\u0438\u043a\u0430\u043d\u0443\/\">Vatican<\/a><\/span>, et les r\u00e9gions du <span style=\"color: #0000ff;\"><a style=\"color: #0000ff;\" href=\"http:\/\/www.rusrim.com\/fr\/\u0440\u0438\u043c-\u0442\u0443\u0440\u044b-\u043d\u0430-\u043c\u0430\u0448\u0438\u043d\u0435\/\u043b\u0430\u0446\u0438\u043e-\u044d\u043a\u0441\u043a\u0443\u0440\u0441\u0438\u0438-\u043d\u0430-\u043c\u0430\u0448\u0438\u043d\u0435\/\">LATIUM<\/a><\/span> (<span style=\"color: #0000ff;\"><a style=\"color: #0000ff;\" href=\"http:\/\/www.rusrim.com\/fr\/\u0440\u0438\u043c-\u0442\u0443\u0440\u044b-\u043d\u0430-\u043c\u0430\u0448\u0438\u043d\u0435\/\u043b\u0430\u0446\u0438\u043e-\u044d\u043a\u0441\u043a\u0443\u0440\u0441\u0438\u0438-\u043d\u0430-\u043c\u0430\u0448\u0438\u043d\u0435\/\u0442\u0438\u0432\u043e\u043b\u0438\/\">Tivoli<\/a><\/span>, <span style=\"color: #0000ff;\"><a style=\"color: #0000ff;\" href=\"http:\/\/www.rusrim.com\/fr\/\u0440\u0438\u043c-\u0442\u0443\u0440\u044b-\u043d\u0430-\u043c\u0430\u0448\u0438\u043d\u0435\/\u043b\u0430\u0446\u0438\u043e-\u044d\u043a\u0441\u043a\u0443\u0440\u0441\u0438\u0438-\u043d\u0430-\u043c\u0430\u0448\u0438\u043d\u0435\/\u0440\u0438\u043c\u0441\u043a\u0438\u0435-\u0437\u0430\u043c\u043a\u0438-\u044d\u043a\u0441\u043a\u0443\u0440\u0441\u0438\u044f\/\">Chateaux Romains<\/a><\/span>, <span style=\"color: #0000ff;\"><a style=\"color: #0000ff;\" href=\"http:\/\/www.rusrim.com\/fr\/\u0440\u0438\u043c-\u0442\u0443\u0440\u044b-\u043d\u0430-\u043c\u0430\u0448\u0438\u043d\u0435\/\u043b\u0430\u0446\u0438\u043e-\u044d\u043a\u0441\u043a\u0443\u0440\u0441\u0438\u0438-\u043d\u0430-\u043c\u0430\u0448\u0438\u043d\u0435\/\u0442\u0430\u0440\u043a\u0432\u0438\u043d\u0438\u044f\/\">Tarquinie<\/a><\/span>) et <span style=\"color: #0000ff;\"><a style=\"color: #0000ff;\" href=\"http:\/\/www.rusrim.com\/fr\/\u0440\u0438\u043c-\u0442\u0443\u0440\u044b-\u043d\u0430-\u043c\u0430\u0448\u0438\u043d\u0435\/\u044d\u043a\u0441\u043a\u0443\u0440\u0441\u0438\u0438-\u0432-\u0442\u043e\u0441\u043a\u0430\u043d\u0443-\u0438\u0437-\u0440\u0438\u043c\u0430\/\">TOSCANE<\/a><\/span> (Florence, Sienne, Capalbe, Argentaire, Pise), <span style=\"color: #0000ff;\"><a style=\"color: #0000ff;\" href=\"http:\/\/www.rusrim.com\/fr\/\u0440\u0438\u043c-\u0442\u0443\u0440\u044b-\u043d\u0430-\u043c\u0430\u0448\u0438\u043d\u0435\/\u0443\u043c\u0431\u0440\u0438\u044f-\u044d\u043a\u0441\u043a\u0443\u0440\u0441\u0438\u0438-\u0441-\u0433\u0438\u0434\u043e\u043c\/\">OMBRIE<\/a><\/span> (Orvieto, Assise, P\u00e9rouse) ABRUZZES ( <span style=\"color: #0000ff;\"><a style=\"color: #0000ff;\" href=\"http:\/\/www.rusrim.com\/fr\/\u0440\u0438\u043c-\u0442\u0443\u0440\u044b-\u043d\u0430-\u043c\u0430\u0448\u0438\u043d\u0435\/english-abruzzo-private-car-tour-from-rome\/\">Gran Sasso, l\u2019Aquila<\/a><\/span>) CAMPANIE ( <span style=\"color: #0000ff;\"><a style=\"color: #0000ff;\" href=\"http:\/\/www.rusrim.com\/fr\/\u0440\u0438\u043c-\u0442\u0443\u0440\u044b-\u043d\u0430-\u043c\u0430\u0448\u0438\u043d\u0435\/\u0430\u043c\u0430\u043b\u044c\u0444\u0438-\u043f\u043e\u0437\u0438\u0442\u0430\u043d\u043e-\u0441\u043e\u0440\u0440\u0435\u043d\u0442\u043e-\u043f\u043e\u043c\u043f\u0435\u0438\/\">Pomp\u00e9i et Amalfi<\/a><\/span>) avec chauffeur\/guide-conf\u00e9rencier Anglais, Fran\u00e7ais, Russe, Bulgare et Allemand.<\/h5>\n<h5 style=\"text-align: center;\"><span class=\"VIiyi\" lang=\"fr\"><span class=\"JLqJ4b ChMk0b\" data-language-for-alternatives=\"fr\" data-language-to-translate-into=\"bg\" data-phrase-index=\"0\">R\u00e9servation d\u2019excursions en Toscane sans pr\u00e9paiement<\/span><\/span><\/h5>\n<h5 style=\"text-align: center;\">+39 389 59 75 184\u00a0\u00a0\u00a0<a href=\"mailto:info@rusrim.com\">info@rusrim.com\u00a0\u00a0<\/a><\/h5>\n<p><\/p>","protected":false},"excerpt":{"rendered":"<p>&nbsp; R\u00e9servation d\u2019excursions \u00e0 Rome sans pr\u00e9paiement +39 389 59 75 184\u00a0\u00a0\u00a0info@rusrim.com\u00a0\u00a0 Dans la chapelle Cornaro, Bernini a accompli l&#8217;un de ses exploits artistiques les plus extraordinaires, cr\u00e9ant un monument dot\u00e9 d&#8217;un remarquable pouvoir th\u00e9\u00e2tral et illusionniste. Le th\u00e8me de la chapelle \u00e9tait l&#8217;extase de la sainte espagnole Teresa, c\u00e9l\u00e8bre pour les exp\u00e9riences spirituelles inhabituelles [&hellip;]<\/p>\n","protected":false},"author":2,"featured_media":0,"parent":2196,"menu_order":0,"comment_status":"closed","ping_status":"closed","template":"","meta":[],"tags":[1377,1505,3728,510,22,62,2270,2269,618,2268,2267,729,23,2265,2266,146,2227,2251,2222,2285,2928,2326,3730,3729,12,2324,3672,3726,3727,3563,3667,3668,3663,533,3562,3437,2540,3693,3561,8,138,3504,3564,955],"_links":{"self":[{"href":"http:\/\/www.rusrim.com\/fr\/wp-json\/wp\/v2\/pages\/2328"}],"collection":[{"href":"http:\/\/www.rusrim.com\/fr\/wp-json\/wp\/v2\/pages"}],"about":[{"href":"http:\/\/www.rusrim.com\/fr\/wp-json\/wp\/v2\/types\/page"}],"author":[{"embeddable":true,"href":"http:\/\/www.rusrim.com\/fr\/wp-json\/wp\/v2\/users\/2"}],"replies":[{"embeddable":true,"href":"http:\/\/www.rusrim.com\/fr\/wp-json\/wp\/v2\/comments?post=2328"}],"version-history":[{"count":24,"href":"http:\/\/www.rusrim.com\/fr\/wp-json\/wp\/v2\/pages\/2328\/revisions"}],"predecessor-version":[{"id":9555,"href":"http:\/\/www.rusrim.com\/fr\/wp-json\/wp\/v2\/pages\/2328\/revisions\/9555"}],"up":[{"embeddable":true,"href":"http:\/\/www.rusrim.com\/fr\/wp-json\/wp\/v2\/pages\/2196"}],"wp:attachment":[{"href":"http:\/\/www.rusrim.com\/fr\/wp-json\/wp\/v2\/media?parent=2328"}],"wp:term":[{"taxonomy":"post_tag","embeddable":true,"href":"http:\/\/www.rusrim.com\/fr\/wp-json\/wp\/v2\/tags?post=2328"}],"curies":[{"name":"wp","href":"https:\/\/api.w.org\/{rel}","templated":true}]}}