{"id":2335,"date":"2017-09-18T21:05:23","date_gmt":"2017-09-18T21:05:23","guid":{"rendered":"http:\/\/www.rusrim.com\/?page_id=2335"},"modified":"2021-09-18T18:07:54","modified_gmt":"2021-09-18T18:07:54","slug":"english-santa-maria-sopra-minerva-rome-private-tour","status":"publish","type":"page","link":"http:\/\/www.rusrim.com\/fr\/english-rome-private-tours\/english-santa-maria-sopra-minerva-rome-private-tour\/","title":{"rendered":"Santa Maria sopra Minerva"},"content":{"rendered":"<p><\/p>\n<h5 style=\"text-align: center;\"><span class=\"VIiyi\" lang=\"fr\"><span class=\"JLqJ4b ChMk0b\" data-language-for-alternatives=\"fr\" data-language-to-translate-into=\"bg\" data-phrase-index=\"0\">R\u00e9servation d\u2019excursions \u00e0 Rome sans pr\u00e9paiement<\/span><\/span><\/h5>\n<h5 style=\"text-align: center;\">+39 389 59 75 184\u00a0\u00a0\u00a0<a href=\"mailto:info@rusrim.com\">info@rusrim.com\u00a0\u00a0<\/a><\/h5>\n<div id=\"attachment_9192\" style=\"width: 614px\" class=\"wp-caption aligncenter\"><a href=\"http:\/\/www.rusrim.com\/wp-content\/uploads\/2021\/08\/Santa-Maria-sopra-Minerva-Rome.jpg\"><img aria-describedby=\"caption-attachment-9192\" loading=\"lazy\" class=\"Santa Maria sopra Minerva - Rome wp-image-9192 size-large\" title=\"Santa Maria sopra Minerva - Rome\" src=\"http:\/\/www.rusrim.com\/wp-content\/uploads\/2021\/08\/Santa-Maria-sopra-Minerva-Rome-1024x614.jpg\" alt=\"Santa Maria sopra Minerva - Rome\" width=\"604\" height=\"362\" srcset=\"http:\/\/www.rusrim.com\/wp-content\/uploads\/2021\/08\/Santa-Maria-sopra-Minerva-Rome-1024x614.jpg 1024w, http:\/\/www.rusrim.com\/wp-content\/uploads\/2021\/08\/Santa-Maria-sopra-Minerva-Rome-300x180.jpg 300w, http:\/\/www.rusrim.com\/wp-content\/uploads\/2021\/08\/Santa-Maria-sopra-Minerva-Rome-768x460.jpg 768w, http:\/\/www.rusrim.com\/wp-content\/uploads\/2021\/08\/Santa-Maria-sopra-Minerva-Rome-1536x920.jpg 1536w, http:\/\/www.rusrim.com\/wp-content\/uploads\/2021\/08\/Santa-Maria-sopra-Minerva-Rome.jpg 1906w\" sizes=\"(max-width: 604px) 100vw, 604px\" \/><\/a><p id=\"caption-attachment-9192\" class=\"wp-caption-text\">Santa Maria sopra Minerva &#8211; Rome<\/p><\/div>\n<div id=\"attachment_9191\" style=\"width: 614px\" class=\"wp-caption aligncenter\"><a href=\"http:\/\/www.rusrim.com\/wp-content\/uploads\/2021\/08\/Obelisque-Santa-Maria-sopra-Minerva-.jpg\"><img aria-describedby=\"caption-attachment-9191\" loading=\"lazy\" class=\"Ob\u00e9lisque - Santa Maria sopra Minerva wp-image-9191 size-large\" title=\"Ob\u00e9lisque - Santa Maria sopra Minerva\" src=\"http:\/\/www.rusrim.com\/wp-content\/uploads\/2021\/08\/Obelisque-Santa-Maria-sopra-Minerva--1024x766.jpg\" alt=\"Ob\u00e9lisque - Santa Maria sopra Minerva\" width=\"604\" height=\"452\" srcset=\"http:\/\/www.rusrim.com\/wp-content\/uploads\/2021\/08\/Obelisque-Santa-Maria-sopra-Minerva--1024x766.jpg 1024w, http:\/\/www.rusrim.com\/wp-content\/uploads\/2021\/08\/Obelisque-Santa-Maria-sopra-Minerva--300x224.jpg 300w, http:\/\/www.rusrim.com\/wp-content\/uploads\/2021\/08\/Obelisque-Santa-Maria-sopra-Minerva--768x574.jpg 768w, http:\/\/www.rusrim.com\/wp-content\/uploads\/2021\/08\/Obelisque-Santa-Maria-sopra-Minerva--1536x1149.jpg 1536w, http:\/\/www.rusrim.com\/wp-content\/uploads\/2021\/08\/Obelisque-Santa-Maria-sopra-Minerva-.jpg 1917w\" sizes=\"(max-width: 604px) 100vw, 604px\" \/><\/a><p id=\"caption-attachment-9191\" class=\"wp-caption-text\">Ob\u00e9lisque &#8211; Santa Maria sopra Minerva<\/p><\/div>\n<p style=\"text-align: justify;\"><span class=\"VIiyi\" lang=\"fr\"><span class=\"JLqJ4b\" data-language-for-alternatives=\"fr\" data-language-to-translate-into=\"en\" data-phrase-index=\"0\">Santa Maria sopra Minerva Nom de l&#8217;\u00e9glise dominicaine \u00e9rig\u00e9e dans la zone autrefois r\u00e9serv\u00e9e au culte \u00e9gyptien, l&#8217;lseum a toujours \u00e9t\u00e9 associ\u00e9 au temple voisin de Min-erva Chalcidica. L&#8217;int\u00e9rieur abrite des \u0153uvres exceptionnelles de la fin du XIIIe au 79e si\u00e8cle, \u00e9poque \u00e0 laquelle l&#8217;\u00e9difice subit une restauration radicale. Outre le superbe cycle de fresques de Filippino Lippi, les monuments fun\u00e9raires de cinq Pontifes de L\u00e9on X \u00e0 Beno\u00eet XIII sont importants. Les ann\u00e9es 1600 sont bien repr\u00e9sent\u00e9es par les sculptures de la chapelle Aldobran-dini et une \u0153uvre c\u00e9l\u00e8bre du Bernin. Catherine de Sienne, patronne d&#8217;Italie et patronne d&#8217;Europe ; et le peintre dominicain Fra Angelico sont enterr\u00e9s dans l&#8217;\u00e9glise. La premi\u00e8re version du Christ portant la croix, r\u00e9alis\u00e9e le 15 juin 1514 pour Metello Vari, est rest\u00e9e inachev\u00e9e \u00e0 cause d&#8217;un d\u00e9faut du marbre. La version actuelle, esquiss\u00e9e \u00e0 Florence par Michel-Ange en 1518, a \u00e9t\u00e9 achev\u00e9e \u00e0 Rome par des \u00e9tudiants en 1521. Malgr\u00e9 le fait que la figure du Christ &#8211; dont la nudit\u00e9 (plus tard recouverte de tissu) le montre, un h\u00e9ros presque pa\u00efen, dans le l&#8217;apparence du R\u00e9dempteur tenant les instruments de la Passion \u2014 semble d&#8217;une grande influence, m\u00eame s&#8217;il n&#8217;est plus dans l&#8217;\u00e9dicule qui se trouvait \u00e0 l&#8217;origine sur le pilier gauche du presbyt\u00e8re, d\u00e9truit au XVIIIe si\u00e8cle.<\/span><\/span><\/p>\n<h3 style=\"text-align: center;\">Tours motoris\u00e9s en Italie <span style=\"color: #0000ff;\"><a style=\"color: #0000ff;\" href=\"http:\/\/www.rusrim.com\/fr\/\u0440\u0438\u043c-\u0442\u0443\u0440\u044b-\u043d\u0430-\u043c\u0430\u0448\u0438\u043d\u0435\/\u0430\u0432\u0442\u043e\u043c\u043e\u0431\u0438\u043b\u044c\u043d\u044b\u0435-\u0442\u0443\u0440\u044b-\u043f\u043e-\u0440\u0438\u043c\u0443-\u0438-\u0432\u0430\u0442\u0438\u043a\u0430\u043d\u0443\/\">ROME<\/a><\/span> &#8211; <span style=\"color: #0000ff;\"><a style=\"color: #0000ff;\" href=\"http:\/\/www.rusrim.com\/fr\/\u0440\u0438\u043c-\u0442\u0443\u0440\u044b-\u043d\u0430-\u043c\u0430\u0448\u0438\u043d\u0435\/\u043b\u0430\u0446\u0438\u043e-\u044d\u043a\u0441\u043a\u0443\u0440\u0441\u0438\u0438-\u043d\u0430-\u043c\u0430\u0448\u0438\u043d\u0435\/\">LATIUM<\/a><\/span> &#8211; <a href=\"http:\/\/www.rusrim.com\/fr\/\u0440\u0438\u043c-\u0442\u0443\u0440\u044b-\u043d\u0430-\u043c\u0430\u0448\u0438\u043d\u0435\/\u044d\u043a\u0441\u043a\u0443\u0440\u0441\u0438\u0438-\u0432-\u0442\u043e\u0441\u043a\u0430\u043d\u0443-\u0438\u0437-\u0440\u0438\u043c\u0430\/\"><span style=\"color: #0000ff;\">TOSCANE<\/span><\/a> &#8211; <span style=\"color: #0000ff;\"><a style=\"color: #0000ff;\" href=\"http:\/\/www.rusrim.com\/fr\/\u0440\u0438\u043c-\u0442\u0443\u0440\u044b-\u043d\u0430-\u043c\u0430\u0448\u0438\u043d\u0435\/\u0443\u043c\u0431\u0440\u0438\u044f-\u044d\u043a\u0441\u043a\u0443\u0440\u0441\u0438\u0438-\u0441-\u0433\u0438\u0434\u043e\u043c\/\">OMBRIE<\/a><\/span> &#8211; <span style=\"color: #0000ff;\"><a style=\"color: #0000ff;\" href=\"http:\/\/www.rusrim.com\/fr\/\u0440\u0438\u043c-\u0442\u0443\u0440\u044b-\u043d\u0430-\u043c\u0430\u0448\u0438\u043d\u0435\/\u0430\u043c\u0430\u043b\u044c\u0444\u0438-\u043f\u043e\u0437\u0438\u0442\u0430\u043d\u043e-\u0441\u043e\u0440\u0440\u0435\u043d\u0442\u043e-\u043f\u043e\u043c\u043f\u0435\u0438\/\">CAMPANIE<\/a><\/span> &#8211; <span style=\"color: #0000ff;\"><a style=\"color: #0000ff;\" href=\"http:\/\/www.rusrim.com\/fr\/\u0440\u0438\u043c-\u0442\u0443\u0440\u044b-\u043d\u0430-\u043c\u0430\u0448\u0438\u043d\u0435\/english-abruzzo-private-car-tour-from-rome\/\">ABRUZZES<\/a><\/span> &#8211; <span style=\"color: #0000ff;\"><a style=\"color: #0000ff;\" href=\"http:\/\/www.rusrim.com\/fr\/\u0440\u0438\u043c-\u0442\u0443\u0440\u044b-\u043d\u0430-\u043c\u0430\u0448\u0438\u043d\u0435\/\u0432\u0435\u043d\u0435\u0446\u0438\u044f-\u0438\u043d\u0434\u0438\u0432\u0438\u0434\u0443\u0430\u043b\u044c\u043d\u0430\u044f-\u044d\u043a\u0441\u043a\u0443\u0440\u0441\u0438\u044f\/\">Venise &#8211; <\/a><a style=\"color: #0000ff;\" href=\"http:\/\/www.rusrim.com\/fr\/\u0440\u0438\u043c-\u0442\u0443\u0440\u044b-\u043d\u0430-\u043c\u0430\u0448\u0438\u043d\u0435\/\u0431\u044a\u043b\u0433\u0430\u0440\u0441\u043a\u0438-\u0442\u0440\u0435\u043d\u0442\u0438\u043d\u043e-\u0430\u043b\u0442\u043e-\u0430\u0434\u0438\u0434\u0436\u0435-\u0441\u0443\u0434-\u0442\/\">TRENTINO<\/a><\/span><\/h3>\n<h5 style=\"text-align: center;\">Excursions en Bulgare, Russe, Anglais, Fran\u00e7ais et Ukrainien<\/h5>\n<h5 style=\"text-align: center;\">Tours individuels avec chauffeur\/<span style=\"color: #0000ff;\"><a style=\"color: #0000ff;\" href=\"http:\/\/www.rusrim.com\/fr\/%D0%B3%D0%B8%D0%B4%D1%8B\/%D0%B3%D0%B8%D0%B4-%D1%80%D0%B8%D0%BC\/\">guide <\/a><\/span>-conf\u00e9rencier \u00e0 Rome, Le <span style=\"color: #0000ff;\"><a style=\"color: #0000ff;\" href=\"http:\/\/www.rusrim.com\/fr\/\u044d\u043a\u0441\u043a\u0443\u0440\u0441\u0438\u0438-\u043f\u043e-\u0440\u0438\u043c\u0443\/\u043e\u0431\u0437\u043e\u0440\u043d\u0430\u044f-\u043f\u043e-\u0432\u0430\u0442\u0438\u043a\u0430\u043d\u0443\/\">Vatican<\/a><\/span>, et les r\u00e9gions du <span style=\"color: #0000ff;\"><a style=\"color: #0000ff;\" href=\"http:\/\/www.rusrim.com\/fr\/\u0440\u0438\u043c-\u0442\u0443\u0440\u044b-\u043d\u0430-\u043c\u0430\u0448\u0438\u043d\u0435\/\u043b\u0430\u0446\u0438\u043e-\u044d\u043a\u0441\u043a\u0443\u0440\u0441\u0438\u0438-\u043d\u0430-\u043c\u0430\u0448\u0438\u043d\u0435\/\">LATIUM<\/a><\/span> (<span style=\"color: #0000ff;\"><a style=\"color: #0000ff;\" href=\"http:\/\/www.rusrim.com\/fr\/\u0440\u0438\u043c-\u0442\u0443\u0440\u044b-\u043d\u0430-\u043c\u0430\u0448\u0438\u043d\u0435\/\u043b\u0430\u0446\u0438\u043e-\u044d\u043a\u0441\u043a\u0443\u0440\u0441\u0438\u0438-\u043d\u0430-\u043c\u0430\u0448\u0438\u043d\u0435\/\u0442\u0438\u0432\u043e\u043b\u0438\/\">Tivoli<\/a><\/span>, <span style=\"color: #0000ff;\"><a style=\"color: #0000ff;\" href=\"http:\/\/www.rusrim.com\/fr\/\u0440\u0438\u043c-\u0442\u0443\u0440\u044b-\u043d\u0430-\u043c\u0430\u0448\u0438\u043d\u0435\/\u043b\u0430\u0446\u0438\u043e-\u044d\u043a\u0441\u043a\u0443\u0440\u0441\u0438\u0438-\u043d\u0430-\u043c\u0430\u0448\u0438\u043d\u0435\/\u0440\u0438\u043c\u0441\u043a\u0438\u0435-\u0437\u0430\u043c\u043a\u0438-\u044d\u043a\u0441\u043a\u0443\u0440\u0441\u0438\u044f\/\">Chateaux Romains<\/a><\/span>, <span style=\"color: #0000ff;\"><a style=\"color: #0000ff;\" href=\"http:\/\/www.rusrim.com\/fr\/\u0440\u0438\u043c-\u0442\u0443\u0440\u044b-\u043d\u0430-\u043c\u0430\u0448\u0438\u043d\u0435\/\u043b\u0430\u0446\u0438\u043e-\u044d\u043a\u0441\u043a\u0443\u0440\u0441\u0438\u0438-\u043d\u0430-\u043c\u0430\u0448\u0438\u043d\u0435\/\u0442\u0430\u0440\u043a\u0432\u0438\u043d\u0438\u044f\/\">Tarquinie<\/a><\/span>) et <span style=\"color: #0000ff;\"><a style=\"color: #0000ff;\" href=\"http:\/\/www.rusrim.com\/fr\/\u0440\u0438\u043c-\u0442\u0443\u0440\u044b-\u043d\u0430-\u043c\u0430\u0448\u0438\u043d\u0435\/\u044d\u043a\u0441\u043a\u0443\u0440\u0441\u0438\u0438-\u0432-\u0442\u043e\u0441\u043a\u0430\u043d\u0443-\u0438\u0437-\u0440\u0438\u043c\u0430\/\">TOSCANE<\/a><\/span> (Florence, Sienne, Capalbe, Argentaire, Pise), <span style=\"color: #0000ff;\"><a style=\"color: #0000ff;\" href=\"http:\/\/www.rusrim.com\/fr\/\u0440\u0438\u043c-\u0442\u0443\u0440\u044b-\u043d\u0430-\u043c\u0430\u0448\u0438\u043d\u0435\/\u0443\u043c\u0431\u0440\u0438\u044f-\u044d\u043a\u0441\u043a\u0443\u0440\u0441\u0438\u0438-\u0441-\u0433\u0438\u0434\u043e\u043c\/\">OMBRIE<\/a><\/span> (Orvieto, Assise, P\u00e9rouse) ABRUZZES ( <span style=\"color: #0000ff;\"><a style=\"color: #0000ff;\" href=\"http:\/\/www.rusrim.com\/fr\/\u0440\u0438\u043c-\u0442\u0443\u0440\u044b-\u043d\u0430-\u043c\u0430\u0448\u0438\u043d\u0435\/english-abruzzo-private-car-tour-from-rome\/\">Gran Sasso, l\u2019Aquila<\/a><\/span>) CAMPANIE ( <span style=\"color: #0000ff;\"><a style=\"color: #0000ff;\" href=\"http:\/\/www.rusrim.com\/fr\/\u0440\u0438\u043c-\u0442\u0443\u0440\u044b-\u043d\u0430-\u043c\u0430\u0448\u0438\u043d\u0435\/\u0430\u043c\u0430\u043b\u044c\u0444\u0438-\u043f\u043e\u0437\u0438\u0442\u0430\u043d\u043e-\u0441\u043e\u0440\u0440\u0435\u043d\u0442\u043e-\u043f\u043e\u043c\u043f\u0435\u0438\/\">Pomp\u00e9i et Amalfi<\/a><\/span>) avec chauffeur\/guide-conf\u00e9rencier Anglais, Fran\u00e7ais, Russe, Bulgare et Allemand.<\/h5>\n<h5 style=\"text-align: center;\"><span class=\"VIiyi\" lang=\"fr\"><span class=\"JLqJ4b ChMk0b\" data-language-for-alternatives=\"fr\" data-language-to-translate-into=\"bg\" data-phrase-index=\"0\">R\u00e9servation d\u2019excursions en Toscane sans pr\u00e9paiement<\/span><\/span><\/h5>\n<h5 style=\"text-align: center;\">+39 389 59 75 184\u00a0\u00a0\u00a0<a href=\"mailto:info@rusrim.com\">info@rusrim.com\u00a0\u00a0<\/a><\/h5>\n<p><\/p>","protected":false},"excerpt":{"rendered":"<p>R\u00e9servation d\u2019excursions \u00e0 Rome sans pr\u00e9paiement +39 389 59 75 184\u00a0\u00a0\u00a0info@rusrim.com\u00a0\u00a0 Santa Maria sopra Minerva Nom de l&#8217;\u00e9glise dominicaine \u00e9rig\u00e9e dans la zone autrefois r\u00e9serv\u00e9e au culte \u00e9gyptien, l&#8217;lseum a toujours \u00e9t\u00e9 associ\u00e9 au temple voisin de Min-erva Chalcidica. L&#8217;int\u00e9rieur abrite des \u0153uvres exceptionnelles de la fin du XIIIe au 79e si\u00e8cle, \u00e9poque \u00e0 laquelle [&hellip;]<\/p>\n","protected":false},"author":2,"featured_media":0,"parent":2196,"menu_order":0,"comment_status":"closed","ping_status":"closed","template":"","meta":[],"tags":[1377,3732,510,22,62,2270,2269,618,2268,2267,23,2265,2266,146,2227,2251,2285,2325,12,2324,3672,3731,3727,3668,3663,1140,774,3565,3505,3734,3733,3356,3683],"_links":{"self":[{"href":"http:\/\/www.rusrim.com\/fr\/wp-json\/wp\/v2\/pages\/2335"}],"collection":[{"href":"http:\/\/www.rusrim.com\/fr\/wp-json\/wp\/v2\/pages"}],"about":[{"href":"http:\/\/www.rusrim.com\/fr\/wp-json\/wp\/v2\/types\/page"}],"author":[{"embeddable":true,"href":"http:\/\/www.rusrim.com\/fr\/wp-json\/wp\/v2\/users\/2"}],"replies":[{"embeddable":true,"href":"http:\/\/www.rusrim.com\/fr\/wp-json\/wp\/v2\/comments?post=2335"}],"version-history":[{"count":18,"href":"http:\/\/www.rusrim.com\/fr\/wp-json\/wp\/v2\/pages\/2335\/revisions"}],"predecessor-version":[{"id":9577,"href":"http:\/\/www.rusrim.com\/fr\/wp-json\/wp\/v2\/pages\/2335\/revisions\/9577"}],"up":[{"embeddable":true,"href":"http:\/\/www.rusrim.com\/fr\/wp-json\/wp\/v2\/pages\/2196"}],"wp:attachment":[{"href":"http:\/\/www.rusrim.com\/fr\/wp-json\/wp\/v2\/media?parent=2335"}],"wp:term":[{"taxonomy":"post_tag","embeddable":true,"href":"http:\/\/www.rusrim.com\/fr\/wp-json\/wp\/v2\/tags?post=2335"}],"curies":[{"name":"wp","href":"https:\/\/api.w.org\/{rel}","templated":true}]}}