{"id":2337,"date":"2017-09-18T21:07:31","date_gmt":"2017-09-18T21:07:31","guid":{"rendered":"http:\/\/www.rusrim.com\/?page_id=2337"},"modified":"2021-09-18T18:05:33","modified_gmt":"2021-09-18T18:05:33","slug":"english-capitoline-museums-private-tour","status":"publish","type":"page","link":"http:\/\/www.rusrim.com\/fr\/english-rome-private-tours\/english-capitoline-museums-private-tour\/","title":{"rendered":"VISITE PRIV\u00c9E DES MUS\u00c9ES CAPTOLINE &#8211; ROME"},"content":{"rendered":"<p><\/p>\n<h5 style=\"text-align: center;\"><span class=\"VIiyi\" lang=\"fr\"><span class=\"JLqJ4b ChMk0b\" data-language-for-alternatives=\"fr\" data-language-to-translate-into=\"bg\" data-phrase-index=\"0\">R\u00e9servation d\u2019excursions \u00e0 Rome sans pr\u00e9paiement<\/span><\/span><\/h5>\n<h5 style=\"text-align: center;\">+39 389 59 75 184\u00a0\u00a0\u00a0<a href=\"mailto:info@rusrim.com\">info@rusrim.com\u00a0\u00a0<\/a><\/h5>\n<div id=\"attachment_8378\" style=\"width: 624px\" class=\"wp-caption aligncenter\"><a href=\"http:\/\/www.rusrim.com\/wp-content\/uploads\/2021\/07\/\u041f\u044c\u044f\u0446\u0446\u0430-\u0434\u0435\u043b\u044c-\u041a\u0430\u043c\u043f\u0438\u0434\u043e\u043b\u044c\u043e-\u0420\u0438\u043c.jpg\"><img aria-describedby=\"caption-attachment-8378\" loading=\"lazy\" class=\"Place du Capitole - Rome wp-image-8378\" title=\"Place du Capitole - Rome \" src=\"http:\/\/www.rusrim.com\/wp-content\/uploads\/2021\/07\/\u041f\u044c\u044f\u0446\u0446\u0430-\u0434\u0435\u043b\u044c-\u041a\u0430\u043c\u043f\u0438\u0434\u043e\u043b\u044c\u043e-\u0420\u0438\u043c.jpg\" alt=\"Place du Capitole - Rome \" width=\"614\" height=\"344\" srcset=\"http:\/\/www.rusrim.com\/wp-content\/uploads\/2021\/07\/\u041f\u044c\u044f\u0446\u0446\u0430-\u0434\u0435\u043b\u044c-\u041a\u0430\u043c\u043f\u0438\u0434\u043e\u043b\u044c\u043e-\u0420\u0438\u043c.jpg 550w, http:\/\/www.rusrim.com\/wp-content\/uploads\/2021\/07\/\u041f\u044c\u044f\u0446\u0446\u0430-\u0434\u0435\u043b\u044c-\u041a\u0430\u043c\u043f\u0438\u0434\u043e\u043b\u044c\u043e-\u0420\u0438\u043c-300x168.jpg 300w\" sizes=\"(max-width: 614px) 100vw, 614px\" \/><\/a><p id=\"caption-attachment-8378\" class=\"wp-caption-text\">Place du Capitole &#8211; Rome<\/p><\/div>\n<p style=\"text-align: justify;\"><span class=\"VIiyi\" lang=\"fr\"><span class=\"JLqJ4b\" data-language-for-alternatives=\"fr\" data-language-to-translate-into=\"en\" data-phrase-index=\"0\">Les mus\u00e9es du Capitole s&#8217;\u00e9l\u00e8vent sur la colline homonyme de la Rome r\u00e9publicaine, autrefois occup\u00e9e par le temple le plus important de la ville, le temple de Jupiter Capitolin (VIe si\u00e8cle av. J.-C.), dont les ruines se trouvent sous le palais des conservateurs. Au d\u00e9but du Moyen \u00c2ge, mais encore aujourd&#8217;hui, s&#8217;y tenait le Conseil municipal (XIIIe s.). Il consid\u00e9rait la colline comme le lieu du pouvoir civique : ici eurent lieu des ex\u00e9cutions, des troupeaux p\u00e2turaient (d&#8217;o\u00f9 le nom de Monte Caprino) et Petrarca y installa son couronnement symbolique en tant que po\u00e8te en 1341, marquant le d\u00e9but de la renovatio urbis qui se poursuivra pendant les deux si\u00e8cles suivants et transformerait la Colline en complexe monumental d&#8217;aujourd&#8217;hui. En 1471, Sixte IV a donn\u00e9 au peuple romain des bronzes antiques qui sont \u00e0 l&#8217;origine des collections arch\u00e9ologiques romaines qui peuvent se vanter de nombreux chefs-d&#8217;\u0153uvre. Les statues de bronze, que l&#8217;on peut voir dans le Palais des Conservateurs, ont \u00e9t\u00e9 plac\u00e9es dans la zone ferm\u00e9e par le Palais s\u00e9natorial, qui a \u00e9t\u00e9 \u00e9rig\u00e9 sur les Archives de l&#8217;\u00c9tat de la ville antique, le Tzbularium (1\u2033 s. av. J.-C.). Voici une vue splendide du Forum. En ce qui concerne l&#8217;ancienne disposition de l&#8217;ensemble monumental vers le Forum, la nouvelle colline s&#8217;est ouverte vers Campo Marzio et le Moyen \u00c2ge et le quartier moderne qui l&#8217;entoure ; cela a \u00e9t\u00e9 d\u00e9moli \u00e0 cause de la construction du monument \u00e0 Vittorio Emanuele II (1885-1927)<\/span><\/span><\/p>\n<p><iframe title=\"Campidoglio - Excursions en voiture \u00e0 Rome RusRim.com\" width=\"500\" height=\"281\" src=\"https:\/\/www.youtube.com\/embed\/ROb6Os0QhoI?feature=oembed\" frameborder=\"0\" allow=\"accelerometer; autoplay; clipboard-write; encrypted-media; gyroscope; picture-in-picture\" allowfullscreen><\/iframe><\/p>\n<p style=\"text-align: justify;\"><span class=\"VIiyi\" lang=\"fr\"><span class=\"JLqJ4b\" data-language-for-alternatives=\"fr\" data-language-to-translate-into=\"en\" data-phrase-index=\"0\">Marches de Sainte-Marie \u00e0 Aracoeli et du Capitole et pour les fouilles de la Via dei Fori dans les premi\u00e8res d\u00e9cennies du 20e s. Un exemple de b\u00e2timents du Moyen \u00c2ge est le c\u00f4t\u00e9 gauche de l&#8217;escalier d&#8217;entr\u00e9e de St Maria in Aracoeli (7e puis 13e s.). En 1538, la restauration de la place et des b\u00e2timents a commenc\u00e9 par la conception de Michel-Ange: l&#8217;artiste a plac\u00e9 la statue \u00e9questre en bronze dor\u00e9 de Marc-Aur\u00e8le au milieu de la place du Capitole (maintenant remplac\u00e9e par une copie) et a modifi\u00e9 les deux b\u00e2timents pr\u00e9existants. De plus, il projeta le Nouveau Palais, construit au si\u00e8cle suivant, qui ferme la place vers l&#8217;\u00e9glise d&#8217;Arac\u0153li. On doit \u00e0 sa surintendance la fa\u00e7ade du Palais s\u00e9natorial, compos\u00e9e de gros pilastres \u2014 l&#8217;innovation michelangelesque la plus spectaculaire en architecture ornementale \u2014 et d&#8217;un escalier monumental \u00e0 double. Deux repr\u00e9sentations, l&#8217;une du Tibre (\u00e0 droite) et l&#8217;autre du Nil (\u00e0 gauche) ont \u00e9t\u00e9 plac\u00e9es des deux c\u00f4t\u00e9s de l&#8217;escalier, puis aussi la statue de Minerve assise, consid\u00e9r\u00e9e comme la d\u00e9esse de Rome, (\u00e2ge Domitien). L&#8217;artiste a \u00e9galement con\u00e7u l&#8217;escalier d&#8217;entr\u00e9e du complexe monumental, la balustrade sur Campo Marzio et le sol, achev\u00e9 en 1940 en suivant largement les plans originaux. A partir de 1563, le Palais des Conservateurs a \u00e9t\u00e9 restaur\u00e9. Elle montrait sur la fa\u00e7ade la t\u00eate colossale de Constantin et la louve ; symbole de la ville qui, selon la l\u00e9gende, a allait\u00e9 les fondateurs de Rome, Romulus et Remus. La fa\u00e7ade a \u00e9t\u00e9 restaur\u00e9e dans un ordre g\u00e9ant et un escalier d&#8217;entr\u00e9e a \u00e9t\u00e9 ajout\u00e9 au premier \u00e9tage; les nombreuses statues \u00e9taient dispos\u00e9es dans la cour int\u00e9rieure et dans les salles d\u00e9cor\u00e9es de fresques de la Mairie. L&#8217;\u00e9norme quantit\u00e9 de collections anciennes a conduit \u00e0 la construction d&#8217;un nouveau mus\u00e9e : les travaux de construction du Nouveau Palais ont commenc\u00e9 en 1603 et se sont termin\u00e9s en 1667.<\/span><\/span><\/p>\n<h3 style=\"text-align: center;\">Tours motoris\u00e9s en Italie <span style=\"color: #0000ff;\"><a style=\"color: #0000ff;\" href=\"http:\/\/www.rusrim.com\/fr\/\u0440\u0438\u043c-\u0442\u0443\u0440\u044b-\u043d\u0430-\u043c\u0430\u0448\u0438\u043d\u0435\/\u0430\u0432\u0442\u043e\u043c\u043e\u0431\u0438\u043b\u044c\u043d\u044b\u0435-\u0442\u0443\u0440\u044b-\u043f\u043e-\u0440\u0438\u043c\u0443-\u0438-\u0432\u0430\u0442\u0438\u043a\u0430\u043d\u0443\/\">ROME<\/a><\/span> &#8211; <span style=\"color: #0000ff;\"><a style=\"color: #0000ff;\" href=\"http:\/\/www.rusrim.com\/fr\/\u0440\u0438\u043c-\u0442\u0443\u0440\u044b-\u043d\u0430-\u043c\u0430\u0448\u0438\u043d\u0435\/\u043b\u0430\u0446\u0438\u043e-\u044d\u043a\u0441\u043a\u0443\u0440\u0441\u0438\u0438-\u043d\u0430-\u043c\u0430\u0448\u0438\u043d\u0435\/\">LATIUM<\/a><\/span> &#8211; <a href=\"http:\/\/www.rusrim.com\/fr\/\u0440\u0438\u043c-\u0442\u0443\u0440\u044b-\u043d\u0430-\u043c\u0430\u0448\u0438\u043d\u0435\/\u044d\u043a\u0441\u043a\u0443\u0440\u0441\u0438\u0438-\u0432-\u0442\u043e\u0441\u043a\u0430\u043d\u0443-\u0438\u0437-\u0440\u0438\u043c\u0430\/\"><span style=\"color: #0000ff;\">TOSCANE<\/span><\/a> &#8211; <span style=\"color: #0000ff;\"><a style=\"color: #0000ff;\" href=\"http:\/\/www.rusrim.com\/fr\/\u0440\u0438\u043c-\u0442\u0443\u0440\u044b-\u043d\u0430-\u043c\u0430\u0448\u0438\u043d\u0435\/\u0443\u043c\u0431\u0440\u0438\u044f-\u044d\u043a\u0441\u043a\u0443\u0440\u0441\u0438\u0438-\u0441-\u0433\u0438\u0434\u043e\u043c\/\">OMBRIE<\/a><\/span> &#8211; <span style=\"color: #0000ff;\"><a style=\"color: #0000ff;\" href=\"http:\/\/www.rusrim.com\/fr\/\u0440\u0438\u043c-\u0442\u0443\u0440\u044b-\u043d\u0430-\u043c\u0430\u0448\u0438\u043d\u0435\/\u0430\u043c\u0430\u043b\u044c\u0444\u0438-\u043f\u043e\u0437\u0438\u0442\u0430\u043d\u043e-\u0441\u043e\u0440\u0440\u0435\u043d\u0442\u043e-\u043f\u043e\u043c\u043f\u0435\u0438\/\">CAMPANIE<\/a><\/span> &#8211; <span style=\"color: #0000ff;\"><a style=\"color: #0000ff;\" href=\"http:\/\/www.rusrim.com\/fr\/\u0440\u0438\u043c-\u0442\u0443\u0440\u044b-\u043d\u0430-\u043c\u0430\u0448\u0438\u043d\u0435\/english-abruzzo-private-car-tour-from-rome\/\">ABRUZZES<\/a><\/span> &#8211; <span style=\"color: #0000ff;\"><a style=\"color: #0000ff;\" href=\"http:\/\/www.rusrim.com\/fr\/\u0440\u0438\u043c-\u0442\u0443\u0440\u044b-\u043d\u0430-\u043c\u0430\u0448\u0438\u043d\u0435\/\u0432\u0435\u043d\u0435\u0446\u0438\u044f-\u0438\u043d\u0434\u0438\u0432\u0438\u0434\u0443\u0430\u043b\u044c\u043d\u0430\u044f-\u044d\u043a\u0441\u043a\u0443\u0440\u0441\u0438\u044f\/\">Venise &#8211; <\/a><a style=\"color: #0000ff;\" href=\"http:\/\/www.rusrim.com\/fr\/\u0440\u0438\u043c-\u0442\u0443\u0440\u044b-\u043d\u0430-\u043c\u0430\u0448\u0438\u043d\u0435\/\u0431\u044a\u043b\u0433\u0430\u0440\u0441\u043a\u0438-\u0442\u0440\u0435\u043d\u0442\u0438\u043d\u043e-\u0430\u043b\u0442\u043e-\u0430\u0434\u0438\u0434\u0436\u0435-\u0441\u0443\u0434-\u0442\/\">TRENTINO<\/a><\/span><\/h3>\n<h5 style=\"text-align: center;\">Excursions en Bulgare, Russe, Anglais, Fran\u00e7ais et Ukrainien<\/h5>\n<h5 style=\"text-align: center;\">Tours individuels avec chauffeur\/<span style=\"color: #0000ff;\"><a style=\"color: #0000ff;\" href=\"http:\/\/www.rusrim.com\/fr\/%D0%B3%D0%B8%D0%B4%D1%8B\/%D0%B3%D0%B8%D0%B4-%D1%80%D0%B8%D0%BC\/\">guide <\/a><\/span>-conf\u00e9rencier \u00e0 Rome, Le <span style=\"color: #0000ff;\"><a style=\"color: #0000ff;\" href=\"http:\/\/www.rusrim.com\/fr\/\u044d\u043a\u0441\u043a\u0443\u0440\u0441\u0438\u0438-\u043f\u043e-\u0440\u0438\u043c\u0443\/\u043e\u0431\u0437\u043e\u0440\u043d\u0430\u044f-\u043f\u043e-\u0432\u0430\u0442\u0438\u043a\u0430\u043d\u0443\/\">Vatican<\/a><\/span>, et les r\u00e9gions du <span style=\"color: #0000ff;\"><a style=\"color: #0000ff;\" href=\"http:\/\/www.rusrim.com\/fr\/\u0440\u0438\u043c-\u0442\u0443\u0440\u044b-\u043d\u0430-\u043c\u0430\u0448\u0438\u043d\u0435\/\u043b\u0430\u0446\u0438\u043e-\u044d\u043a\u0441\u043a\u0443\u0440\u0441\u0438\u0438-\u043d\u0430-\u043c\u0430\u0448\u0438\u043d\u0435\/\">LATIUM<\/a><\/span> (<span style=\"color: #0000ff;\"><a style=\"color: #0000ff;\" href=\"http:\/\/www.rusrim.com\/fr\/\u0440\u0438\u043c-\u0442\u0443\u0440\u044b-\u043d\u0430-\u043c\u0430\u0448\u0438\u043d\u0435\/\u043b\u0430\u0446\u0438\u043e-\u044d\u043a\u0441\u043a\u0443\u0440\u0441\u0438\u0438-\u043d\u0430-\u043c\u0430\u0448\u0438\u043d\u0435\/\u0442\u0438\u0432\u043e\u043b\u0438\/\">Tivoli<\/a><\/span>, <span style=\"color: #0000ff;\"><a style=\"color: #0000ff;\" href=\"http:\/\/www.rusrim.com\/fr\/\u0440\u0438\u043c-\u0442\u0443\u0440\u044b-\u043d\u0430-\u043c\u0430\u0448\u0438\u043d\u0435\/\u043b\u0430\u0446\u0438\u043e-\u044d\u043a\u0441\u043a\u0443\u0440\u0441\u0438\u0438-\u043d\u0430-\u043c\u0430\u0448\u0438\u043d\u0435\/\u0440\u0438\u043c\u0441\u043a\u0438\u0435-\u0437\u0430\u043c\u043a\u0438-\u044d\u043a\u0441\u043a\u0443\u0440\u0441\u0438\u044f\/\">Chateaux Romains<\/a><\/span>, <span style=\"color: #0000ff;\"><a style=\"color: #0000ff;\" href=\"http:\/\/www.rusrim.com\/fr\/\u0440\u0438\u043c-\u0442\u0443\u0440\u044b-\u043d\u0430-\u043c\u0430\u0448\u0438\u043d\u0435\/\u043b\u0430\u0446\u0438\u043e-\u044d\u043a\u0441\u043a\u0443\u0440\u0441\u0438\u0438-\u043d\u0430-\u043c\u0430\u0448\u0438\u043d\u0435\/\u0442\u0430\u0440\u043a\u0432\u0438\u043d\u0438\u044f\/\">Tarquinie<\/a><\/span>) et <span style=\"color: #0000ff;\"><a style=\"color: #0000ff;\" href=\"http:\/\/www.rusrim.com\/fr\/\u0440\u0438\u043c-\u0442\u0443\u0440\u044b-\u043d\u0430-\u043c\u0430\u0448\u0438\u043d\u0435\/\u044d\u043a\u0441\u043a\u0443\u0440\u0441\u0438\u0438-\u0432-\u0442\u043e\u0441\u043a\u0430\u043d\u0443-\u0438\u0437-\u0440\u0438\u043c\u0430\/\">TOSCANE<\/a><\/span> (Florence, Sienne, Capalbe, Argentaire, Pise), <span style=\"color: #0000ff;\"><a style=\"color: #0000ff;\" href=\"http:\/\/www.rusrim.com\/fr\/\u0440\u0438\u043c-\u0442\u0443\u0440\u044b-\u043d\u0430-\u043c\u0430\u0448\u0438\u043d\u0435\/\u0443\u043c\u0431\u0440\u0438\u044f-\u044d\u043a\u0441\u043a\u0443\u0440\u0441\u0438\u0438-\u0441-\u0433\u0438\u0434\u043e\u043c\/\">OMBRIE<\/a><\/span> (Orvieto, Assise, P\u00e9rouse) ABRUZZES ( <span style=\"color: #0000ff;\"><a style=\"color: #0000ff;\" href=\"http:\/\/www.rusrim.com\/fr\/\u0440\u0438\u043c-\u0442\u0443\u0440\u044b-\u043d\u0430-\u043c\u0430\u0448\u0438\u043d\u0435\/english-abruzzo-private-car-tour-from-rome\/\">Gran Sasso, l\u2019Aquila<\/a><\/span>) CAMPANIE ( <span style=\"color: #0000ff;\"><a style=\"color: #0000ff;\" href=\"http:\/\/www.rusrim.com\/fr\/\u0440\u0438\u043c-\u0442\u0443\u0440\u044b-\u043d\u0430-\u043c\u0430\u0448\u0438\u043d\u0435\/\u0430\u043c\u0430\u043b\u044c\u0444\u0438-\u043f\u043e\u0437\u0438\u0442\u0430\u043d\u043e-\u0441\u043e\u0440\u0440\u0435\u043d\u0442\u043e-\u043f\u043e\u043c\u043f\u0435\u0438\/\">Pomp\u00e9i et Amalfi<\/a><\/span>) avec chauffeur\/guide-conf\u00e9rencier Anglais, Fran\u00e7ais, Russe, Bulgare et Allemand.<\/h5>\n<h5 style=\"text-align: center;\"><span class=\"VIiyi\" lang=\"fr\"><span class=\"JLqJ4b ChMk0b\" data-language-for-alternatives=\"fr\" data-language-to-translate-into=\"bg\" data-phrase-index=\"0\">R\u00e9servation d\u2019excursions en Toscane sans pr\u00e9paiement<\/span><\/span><\/h5>\n<h5 style=\"text-align: center;\">+39 389 59 75 184\u00a0\u00a0\u00a0<a href=\"mailto:info@rusrim.com\">info@rusrim.com\u00a0\u00a0<\/a><\/h5>\n<p><\/p>","protected":false},"excerpt":{"rendered":"<p>R\u00e9servation d\u2019excursions \u00e0 Rome sans pr\u00e9paiement +39 389 59 75 184\u00a0\u00a0\u00a0info@rusrim.com\u00a0\u00a0 Les mus\u00e9es du Capitole s&#8217;\u00e9l\u00e8vent sur la colline homonyme de la Rome r\u00e9publicaine, autrefois occup\u00e9e par le temple le plus important de la ville, le temple de Jupiter Capitolin (VIe si\u00e8cle av. J.-C.), dont les ruines se trouvent sous le palais des conservateurs. Au [&hellip;]<\/p>\n","protected":false},"author":2,"featured_media":0,"parent":2196,"menu_order":0,"comment_status":"closed","ping_status":"closed","template":"","meta":[],"tags":[2282,2281,510,22,62,2270,2269,2268,2267,2240,2265,2266,146,2400,2232,2537,2227,2251,533,1161,3551,3381,3471,3382,3646,3676,3677,956],"_links":{"self":[{"href":"http:\/\/www.rusrim.com\/fr\/wp-json\/wp\/v2\/pages\/2337"}],"collection":[{"href":"http:\/\/www.rusrim.com\/fr\/wp-json\/wp\/v2\/pages"}],"about":[{"href":"http:\/\/www.rusrim.com\/fr\/wp-json\/wp\/v2\/types\/page"}],"author":[{"embeddable":true,"href":"http:\/\/www.rusrim.com\/fr\/wp-json\/wp\/v2\/users\/2"}],"replies":[{"embeddable":true,"href":"http:\/\/www.rusrim.com\/fr\/wp-json\/wp\/v2\/comments?post=2337"}],"version-history":[{"count":27,"href":"http:\/\/www.rusrim.com\/fr\/wp-json\/wp\/v2\/pages\/2337\/revisions"}],"predecessor-version":[{"id":9571,"href":"http:\/\/www.rusrim.com\/fr\/wp-json\/wp\/v2\/pages\/2337\/revisions\/9571"}],"up":[{"embeddable":true,"href":"http:\/\/www.rusrim.com\/fr\/wp-json\/wp\/v2\/pages\/2196"}],"wp:attachment":[{"href":"http:\/\/www.rusrim.com\/fr\/wp-json\/wp\/v2\/media?parent=2337"}],"wp:term":[{"taxonomy":"post_tag","embeddable":true,"href":"http:\/\/www.rusrim.com\/fr\/wp-json\/wp\/v2\/tags?post=2337"}],"curies":[{"name":"wp","href":"https:\/\/api.w.org\/{rel}","templated":true}]}}