{"id":2342,"date":"2017-09-18T21:16:53","date_gmt":"2017-09-18T21:16:53","guid":{"rendered":"http:\/\/www.rusrim.com\/?page_id=2342"},"modified":"2025-04-08T18:50:19","modified_gmt":"2025-04-08T18:50:19","slug":"english-barberini-palace-ancient-art-national-gallery-private-tour","status":"publish","type":"page","link":"http:\/\/www.rusrim.com\/fr\/english-rome-private-tours\/english-barberini-palace-ancient-art-national-gallery-private-tour\/","title":{"rendered":"Palazzo Barberini Visite priv\u00e9e &#8211; GALERIE NATIONALE D&#8217;ART ANCIEN &#8211; Excursion \u00e0 Rome"},"content":{"rendered":"<p><\/p>\n<h5 style=\"text-align: center;\"><span class=\"VIiyi\" lang=\"fr\"><span class=\"JLqJ4b ChMk0b\" data-language-for-alternatives=\"fr\" data-language-to-translate-into=\"bg\" data-phrase-index=\"0\">R\u00e9servation d\u2019excursions \u00e0 Rome sans pr\u00e9paiement<\/span><\/span><\/h5>\n<h5 style=\"text-align: center;\">+39 389 59 75 184\u00a0\u00a0\u00a0<a href=\"mailto:info@rusrim.com\">info@rusrim.com\u00a0\u00a0<\/a><\/h5>\n<div id=\"attachment_9207\" style=\"width: 614px\" class=\"wp-caption aligncenter\"><a href=\"http:\/\/www.rusrim.com\/wp-content\/uploads\/2021\/08\/Palais-Barberini-.jpg\"><img aria-describedby=\"caption-attachment-9207\" loading=\"lazy\" class=\"Palais Barberini wp-image-9207 size-large\" title=\"Palais Barberini\" src=\"http:\/\/www.rusrim.com\/wp-content\/uploads\/2021\/08\/Palais-Barberini--1024x768.jpg\" alt=\"Palais Barberini\" width=\"604\" height=\"453\" srcset=\"http:\/\/www.rusrim.com\/wp-content\/uploads\/2021\/08\/Palais-Barberini--1024x768.jpg 1024w, http:\/\/www.rusrim.com\/wp-content\/uploads\/2021\/08\/Palais-Barberini--300x225.jpg 300w, http:\/\/www.rusrim.com\/wp-content\/uploads\/2021\/08\/Palais-Barberini--768x576.jpg 768w, http:\/\/www.rusrim.com\/wp-content\/uploads\/2021\/08\/Palais-Barberini-.jpg 1200w\" sizes=\"(max-width: 604px) 100vw, 604px\" \/><\/a><p id=\"caption-attachment-9207\" class=\"wp-caption-text\">Palais Barberini<\/p><\/div>\n<div id=\"attachment_9206\" style=\"width: 1013px\" class=\"wp-caption aligncenter\"><a href=\"http:\/\/www.rusrim.com\/wp-content\/uploads\/2021\/08\/Escaliers-de-Palais-Barberini-Rome-.jpg\"><img aria-describedby=\"caption-attachment-9206\" loading=\"lazy\" class=\"Escaliers de Palais Barberini - Rome wp-image-9206 size-full\" title=\"Escaliers de Palais Barberini - Rome\" src=\"http:\/\/www.rusrim.com\/wp-content\/uploads\/2021\/08\/Escaliers-de-Palais-Barberini-Rome-.jpg\" alt=\"Escaliers de Palais Barberini - Rome\" width=\"1003\" height=\"1024\" srcset=\"http:\/\/www.rusrim.com\/wp-content\/uploads\/2021\/08\/Escaliers-de-Palais-Barberini-Rome-.jpg 1003w, http:\/\/www.rusrim.com\/wp-content\/uploads\/2021\/08\/Escaliers-de-Palais-Barberini-Rome--294x300.jpg 294w, http:\/\/www.rusrim.com\/wp-content\/uploads\/2021\/08\/Escaliers-de-Palais-Barberini-Rome--768x784.jpg 768w\" sizes=\"(max-width: 1003px) 100vw, 1003px\" \/><\/a><p id=\"caption-attachment-9206\" class=\"wp-caption-text\">Escaliers de Palais Barberini &#8211; Rome<\/p><\/div>\n<div id=\"attachment_9209\" style=\"width: 341px\" class=\"wp-caption aligncenter\"><a href=\"http:\/\/www.rusrim.com\/wp-content\/uploads\/2021\/08\/Plan-Palais-Barberini-.jpg\"><img aria-describedby=\"caption-attachment-9209\" loading=\"lazy\" class=\"Plan - Palais Barberini wp-image-9209 size-full\" title=\"Plan - Palais Barberini\" src=\"http:\/\/www.rusrim.com\/wp-content\/uploads\/2021\/08\/Plan-Palais-Barberini-.jpg\" alt=\"Plan - Palais Barberini\" width=\"331\" height=\"249\" srcset=\"http:\/\/www.rusrim.com\/wp-content\/uploads\/2021\/08\/Plan-Palais-Barberini-.jpg 331w, http:\/\/www.rusrim.com\/wp-content\/uploads\/2021\/08\/Plan-Palais-Barberini--300x226.jpg 300w\" sizes=\"(max-width: 331px) 100vw, 331px\" \/><\/a><p id=\"caption-attachment-9209\" class=\"wp-caption-text\">Plan &#8211; Palais Barberini<\/p><\/div>\n<div id=\"attachment_9208\" style=\"width: 610px\" class=\"wp-caption aligncenter\"><a href=\"http:\/\/www.rusrim.com\/wp-content\/uploads\/2021\/08\/Palazzo-Barberini-Galerie-nationale-dart-antique-a-Rome-.jpg\"><img aria-describedby=\"caption-attachment-9208\" loading=\"lazy\" class=\"Palazzo Barberini - Galerie nationale d'art antique \u00e0 Rome wp-image-9208 size-full\" title=\"Palazzo Barberini - Galerie nationale d'art antique \u00e0 Rome\" src=\"http:\/\/www.rusrim.com\/wp-content\/uploads\/2021\/08\/Palazzo-Barberini-Galerie-nationale-dart-antique-a-Rome-.jpg\" alt=\"Palazzo Barberini - Galerie nationale d'art antique \u00e0 Rome\" width=\"600\" height=\"398\" srcset=\"http:\/\/www.rusrim.com\/wp-content\/uploads\/2021\/08\/Palazzo-Barberini-Galerie-nationale-dart-antique-a-Rome-.jpg 600w, http:\/\/www.rusrim.com\/wp-content\/uploads\/2021\/08\/Palazzo-Barberini-Galerie-nationale-dart-antique-a-Rome--300x199.jpg 300w\" sizes=\"(max-width: 600px) 100vw, 600px\" \/><\/a><p id=\"caption-attachment-9208\" class=\"wp-caption-text\">Palazzo Barberini &#8211; Galerie nationale d&#8217;art antique \u00e0 Rome<\/p><\/div>\n<p><iframe title=\"La famille Barberini - Tour priv\u00e9 \u00e0 Rome - RusRim.com Guide priv\u00e9 \u00e0 Rome\" width=\"500\" height=\"281\" src=\"https:\/\/www.youtube.com\/embed\/k7g6tnC0UIQ?feature=oembed\" frameborder=\"0\" allow=\"accelerometer; autoplay; clipboard-write; encrypted-media; gyroscope; picture-in-picture; web-share\" referrerpolicy=\"strict-origin-when-cross-origin\" allowfullscreen><\/iframe><\/p>\n<p style=\"text-align: justify;\"><span class=\"VIiyi\" lang=\"fr\"><span class=\"JLqJ4b\" data-language-for-alternatives=\"fr\" data-language-to-translate-into=\"en\" data-phrase-index=\"0\">Fond\u00e9e en 1895, la Galerie nationale a longtemps abrit\u00e9 le palais Corsini ; depuis les ann\u00e9es 50, il est install\u00e9 dans les palais Corsini et Barberini. Ce dernier a \u00e9t\u00e9 construit en 1625 pour Francesco Barberini, neveu du Pape Urbain VIII, par trois des plus grands architectes du XVIIe si\u00e8cle romain : la conception de Carlo Maderno (plan quadrangulaire du b\u00e2timent et ouverture vers la verdure environnante au moyen d&#8217;ailes lat\u00e9rales) a \u00e9t\u00e9 ins\u00e9r\u00e9 dans la villa pr\u00e9existante avec jardin. Gian Lorenzo Bernini a succ\u00e9d\u00e9 \u00e0 Maderno (hall central, loggia et trois ordres architecturaux de la fa\u00e7ade, escalier d&#8217;entr\u00e9e au premier \u00e9tage) comptant sur la collaboration de Francesco Borromini (fen\u00eatres du piano nobile, \u00e9l\u00e9ments d\u00e9coratifs, escalier en colima\u00e7on \u00e0 droite de la fa\u00e7ade ). A l&#8217;int\u00e9rieur du Palais Andrea Sacchi a peint La Divine Sagesse (1629-33) et Pietro da Cortona, entre 1633 et 1639, a peint \u00e0 fresque le hall central avec le Triomphe de la Divine Providence, un th\u00e8me all\u00e9gorique pour c\u00e9l\u00e9brer la famille du Pape, dont l&#8217;embl\u00e8me avec les trois abeilles sont au centre de la composition : cette fresque est le chef-d&#8217;\u0153uvre du d\u00e9cor illusionniste baroque. Le XVIe s. Les structures et la d\u00e9coration imposantes contrastent avec l&#8217;appartement datant de la moiti\u00e9 du XVIIIe s. au deuxi\u00e8me \u00e9tage, enfin rouvert au public (bien qu&#8217;il faille le rappeler aux gardiens \u00e0 la fin des visites) ; les petits espaces avec des plafonds bas laissent imaginer un autre type d&#8217;intimit\u00e9 et des conventions sociales diff\u00e9rentes. L&#8217;appartement, d\u00e9cor\u00e9 entre 1750 et 1770, contient des d\u00e9corations et des tapisseries intactes de l&#8217;\u00e9poque n\u00e9oclassique, comme l&#8217;alternance typique de miroirs muraux et de pilastres en stuc et les portraits ovales des membres de la famille Barberini. Les peintures de la salle des batailles de Domenico Corvi et Nicol) Ricciolini sont d&#8217;un int\u00e9r\u00eat remarquable. La collection n&#8217;est pas constitu\u00e9e d&#8217;un seul h\u00e9ritage ; mais se compose de plusieurs collections (Barberini, Torlonia, Sciarra, C-lig\u00b0 avec l&#8217;ajout de dons priv\u00e9s. La froideur de l&#8217;agencement n&#8217;aide pas le visiteur : heureusement, les \u0153uvres 15d1, 16e et 17e s. ici pr\u00e9sent\u00e9es sont d&#8217;un remarquablement de qualit\u00e9. Avant de monter au premier \u00e9tage, nous sugg\u00e9rons d&#8217;aller l\u00e0 o\u00f9 se trouve le vol reliant le b\u00e2timent et les jardins et le \u00ab ponce ruinante \u00bb con\u00e7u par Bernini qui sugg\u00e8re l&#8217;ouverture vers les jardins. Les \u0153uvres du XVIe si\u00e8cle sont dispos\u00e9es \u00e0 gauche de l&#8217;entr\u00e9e, organis\u00e9es par \u00e9coles r\u00e9gionales et chronologie. Parmi les nombreux portraits, notons Madeleine (1501) de Piero di Cosimo, Portrait d&#8217;un gentilhomme de Bartolomeo Veneziano, dans lequel le paysage de fond peut \u00eatre vu gr\u00e2ce \u00e0 l&#8217;ouverture d&#8217;un rideau, typique de l&#8217;\u00e9cole v\u00e9nitienne. Erasmus repr\u00e9sent\u00e9 dans son atelier par Quentin Metsys (1517), un humaniste typique dans son bureau, Henty VIII (1540) par Holbein, la c\u00e9l\u00e8bre Fornarina (1518-19) par Rapha\u00ebl, dont la signature est Ion le bracelet de sa ma\u00eetresse, repr\u00e9sent\u00e9 comme elle couvre paresseusement sa nudit\u00e9 d&#8217;un voile : c&#8217;est l&#8217;un des tableaux les plus c\u00e9l\u00e8bres de l&#8217;artiste et elle est devenue le mod\u00e8le de nu f\u00e9minin au cours des si\u00e8cles (de Goya \u00e0 Ingres).<\/span><\/span><\/p>\n<p>&nbsp;<\/p>\n<p>*****************************************************************************<\/p>\n<p>&nbsp;<\/p>\n<h5 style=\"text-align: center;\"><strong><span class=\"VIiyi\" lang=\"fr\"><span class=\"JLqJ4b\" data-language-for-alternatives=\"fr\" data-language-to-translate-into=\"en\" data-phrase-index=\"0\">La harpe dor\u00e9e Barberini<\/span><\/span><\/strong><\/h5>\n<h5 style=\"text-align: center;\"><strong><span class=\"VIiyi\" lang=\"fr\"><span class=\"JLqJ4b\" data-language-for-alternatives=\"fr\" data-language-to-translate-into=\"en\" data-phrase-index=\"0\"> V\u00e9nus joue de la harpe dor\u00e9e \u2013 peint par Giovanni Lanfranco \u2013 Vid\u00e9o et musique par Adel Karanov<\/span><\/span><\/strong><\/h5>\n<p><iframe title=\"Venus joue l&#039;arp d&#039;or de Pape Barbarini RusRim.com Musique Originale Adel Karanov\" width=\"500\" height=\"281\" src=\"https:\/\/www.youtube.com\/embed\/8nqycP9olTY?feature=oembed\" frameborder=\"0\" allow=\"accelerometer; autoplay; clipboard-write; encrypted-media; gyroscope; picture-in-picture; web-share\" referrerpolicy=\"strict-origin-when-cross-origin\" allowfullscreen><\/iframe><\/p>\n<p style=\"text-align: justify;\"><span class=\"VIiyi\" lang=\"fr\"><span class=\"JLqJ4b\" data-language-for-alternatives=\"fr\" data-language-to-translate-into=\"en\" data-phrase-index=\"0\"> La harpe a \u00e9t\u00e9 construite entre 1605 et 1620 pour la famille Barberini, dont les armoiries aux trois abeilles couronnent le pilier finement sculpt\u00e9 et dor\u00e9. L&#8217;instrument a \u00e9t\u00e9 donn\u00e9 par la famille Barberini \u00e0 Marco Marazzoli, chanteur, instrumentiste et compositeur respect\u00e9 n\u00e9 \u00e0 Parme vers 1602. Figure marquante de la vie musicale de la Rome du XVIIe si\u00e8cle et \u00e9troitement li\u00e9 au cercle Barberini, le musicien \u00e9tait connu sous le nom de Marco dell&#8217;\u0410r\u0440\u0430 en raison de sa virtuosit\u00e9 renomm\u00e9e dans le jeu de l&#8217;instrument. En 1662, sur son lit de mort, la harpe fut rendue \u00e0 son patron, le cardinal Antonio Barberini. Avec l&#8217;instrument, Marco Marazzoli a \u00e9galement laiss\u00e9 au cardinal une belle peinture de l&#8217;All\u00e9gorie de la musique, que le peintre Giovanni Lanfranco, son ami et compatriote, avait peinte sp\u00e9cialement pour lui. La peinture, conserv\u00e9e \u00e0 Rome \u00e0 la Galerie nationale d&#8217;art ancien du Palazzo Barberini, repr\u00e9sente une jeune V\u00e9nus jouant de la pr\u00e9cieuse harpe Barberini, bien qu&#8217;avec quelques diff\u00e9rences par rapport \u00e0 l&#8217;instrument conserv\u00e9 ici, et qui font encore l&#8217;objet de d\u00e9bats parmi les \u00e9rudits aujourd&#8217;hui. . D&#8217;un point de vue musical, la caract\u00e9ristique la plus importante de l&#8217;instrument est repr\u00e9sent\u00e9e par les trois rang\u00e9es de cordes : deux rang\u00e9es identiques pour les notes de la gamme diatonique, et une autre au centre, permettant de jouer les alt\u00e9rations, faisant ainsi de la harpe un instrument enti\u00e8rement chromatique avant l&#8217;invention du syst\u00e8me de p\u00e9dale au d\u00e9but des ann\u00e9es 1700.<\/span><\/span><\/p>\n<h3 style=\"text-align: center;\">Tours motoris\u00e9s en Italie <span style=\"color: #0000ff;\"><a style=\"color: #0000ff;\" href=\"http:\/\/www.rusrim.com\/fr\/\u0440\u0438\u043c-\u0442\u0443\u0440\u044b-\u043d\u0430-\u043c\u0430\u0448\u0438\u043d\u0435\/\u0430\u0432\u0442\u043e\u043c\u043e\u0431\u0438\u043b\u044c\u043d\u044b\u0435-\u0442\u0443\u0440\u044b-\u043f\u043e-\u0440\u0438\u043c\u0443-\u0438-\u0432\u0430\u0442\u0438\u043a\u0430\u043d\u0443\/\">ROME<\/a><\/span> &#8211; <span style=\"color: #0000ff;\"><a style=\"color: #0000ff;\" href=\"http:\/\/www.rusrim.com\/fr\/\u0440\u0438\u043c-\u0442\u0443\u0440\u044b-\u043d\u0430-\u043c\u0430\u0448\u0438\u043d\u0435\/\u043b\u0430\u0446\u0438\u043e-\u044d\u043a\u0441\u043a\u0443\u0440\u0441\u0438\u0438-\u043d\u0430-\u043c\u0430\u0448\u0438\u043d\u0435\/\">LATIUM<\/a><\/span> &#8211; <a href=\"http:\/\/www.rusrim.com\/fr\/\u0440\u0438\u043c-\u0442\u0443\u0440\u044b-\u043d\u0430-\u043c\u0430\u0448\u0438\u043d\u0435\/\u044d\u043a\u0441\u043a\u0443\u0440\u0441\u0438\u0438-\u0432-\u0442\u043e\u0441\u043a\u0430\u043d\u0443-\u0438\u0437-\u0440\u0438\u043c\u0430\/\"><span style=\"color: #0000ff;\">TOSCANE<\/span><\/a> &#8211; <span style=\"color: #0000ff;\"><a style=\"color: #0000ff;\" href=\"http:\/\/www.rusrim.com\/fr\/\u0440\u0438\u043c-\u0442\u0443\u0440\u044b-\u043d\u0430-\u043c\u0430\u0448\u0438\u043d\u0435\/\u0443\u043c\u0431\u0440\u0438\u044f-\u044d\u043a\u0441\u043a\u0443\u0440\u0441\u0438\u0438-\u0441-\u0433\u0438\u0434\u043e\u043c\/\">OMBRIE<\/a><\/span> &#8211; <span style=\"color: #0000ff;\"><a style=\"color: #0000ff;\" href=\"http:\/\/www.rusrim.com\/fr\/\u0440\u0438\u043c-\u0442\u0443\u0440\u044b-\u043d\u0430-\u043c\u0430\u0448\u0438\u043d\u0435\/\u0430\u043c\u0430\u043b\u044c\u0444\u0438-\u043f\u043e\u0437\u0438\u0442\u0430\u043d\u043e-\u0441\u043e\u0440\u0440\u0435\u043d\u0442\u043e-\u043f\u043e\u043c\u043f\u0435\u0438\/\">CAMPANIE<\/a><\/span> &#8211; <span style=\"color: #0000ff;\"><a style=\"color: #0000ff;\" href=\"http:\/\/www.rusrim.com\/fr\/\u0440\u0438\u043c-\u0442\u0443\u0440\u044b-\u043d\u0430-\u043c\u0430\u0448\u0438\u043d\u0435\/english-abruzzo-private-car-tour-from-rome\/\">ABRUZZES<\/a><\/span> &#8211; <span style=\"color: #0000ff;\"><a style=\"color: #0000ff;\" href=\"http:\/\/www.rusrim.com\/fr\/\u0440\u0438\u043c-\u0442\u0443\u0440\u044b-\u043d\u0430-\u043c\u0430\u0448\u0438\u043d\u0435\/\u0432\u0435\u043d\u0435\u0446\u0438\u044f-\u0438\u043d\u0434\u0438\u0432\u0438\u0434\u0443\u0430\u043b\u044c\u043d\u0430\u044f-\u044d\u043a\u0441\u043a\u0443\u0440\u0441\u0438\u044f\/\">Venise &#8211; <\/a><a style=\"color: #0000ff;\" href=\"http:\/\/www.rusrim.com\/fr\/\u0440\u0438\u043c-\u0442\u0443\u0440\u044b-\u043d\u0430-\u043c\u0430\u0448\u0438\u043d\u0435\/\u0431\u044a\u043b\u0433\u0430\u0440\u0441\u043a\u0438-\u0442\u0440\u0435\u043d\u0442\u0438\u043d\u043e-\u0430\u043b\u0442\u043e-\u0430\u0434\u0438\u0434\u0436\u0435-\u0441\u0443\u0434-\u0442\/\">TRENTINO<\/a><\/span><\/h3>\n<h5 style=\"text-align: center;\"><\/h5>\n<h5 style=\"text-align: center;\">Tours individuels avec chauffeur\/<span style=\"color: #0000ff;\"><a style=\"color: #0000ff;\" href=\"http:\/\/www.rusrim.com\/fr\/%D0%B3%D0%B8%D0%B4%D1%8B\/%D0%B3%D0%B8%D0%B4-%D1%80%D0%B8%D0%BC\/\">guide <\/a><\/span>-conf\u00e9rencier \u00e0 Rome, Le <span style=\"color: #0000ff;\"><a style=\"color: #0000ff;\" href=\"http:\/\/www.rusrim.com\/fr\/\u044d\u043a\u0441\u043a\u0443\u0440\u0441\u0438\u0438-\u043f\u043e-\u0440\u0438\u043c\u0443\/\u043e\u0431\u0437\u043e\u0440\u043d\u0430\u044f-\u043f\u043e-\u0432\u0430\u0442\u0438\u043a\u0430\u043d\u0443\/\">Vatican<\/a><\/span>, et les r\u00e9gions du <span style=\"color: #0000ff;\"><a style=\"color: #0000ff;\" href=\"http:\/\/www.rusrim.com\/fr\/\u0440\u0438\u043c-\u0442\u0443\u0440\u044b-\u043d\u0430-\u043c\u0430\u0448\u0438\u043d\u0435\/\u043b\u0430\u0446\u0438\u043e-\u044d\u043a\u0441\u043a\u0443\u0440\u0441\u0438\u0438-\u043d\u0430-\u043c\u0430\u0448\u0438\u043d\u0435\/\">LATIUM<\/a><\/span> (<span style=\"color: #0000ff;\"><a style=\"color: #0000ff;\" href=\"http:\/\/www.rusrim.com\/fr\/\u0440\u0438\u043c-\u0442\u0443\u0440\u044b-\u043d\u0430-\u043c\u0430\u0448\u0438\u043d\u0435\/\u043b\u0430\u0446\u0438\u043e-\u044d\u043a\u0441\u043a\u0443\u0440\u0441\u0438\u0438-\u043d\u0430-\u043c\u0430\u0448\u0438\u043d\u0435\/\u0442\u0438\u0432\u043e\u043b\u0438\/\">Tivoli<\/a><\/span>, <span style=\"color: #0000ff;\"><a style=\"color: #0000ff;\" href=\"http:\/\/www.rusrim.com\/fr\/\u0440\u0438\u043c-\u0442\u0443\u0440\u044b-\u043d\u0430-\u043c\u0430\u0448\u0438\u043d\u0435\/\u043b\u0430\u0446\u0438\u043e-\u044d\u043a\u0441\u043a\u0443\u0440\u0441\u0438\u0438-\u043d\u0430-\u043c\u0430\u0448\u0438\u043d\u0435\/\u0440\u0438\u043c\u0441\u043a\u0438\u0435-\u0437\u0430\u043c\u043a\u0438-\u044d\u043a\u0441\u043a\u0443\u0440\u0441\u0438\u044f\/\">Chateaux Romains<\/a><\/span>, <span style=\"color: #0000ff;\"><a style=\"color: #0000ff;\" href=\"http:\/\/www.rusrim.com\/fr\/\u0440\u0438\u043c-\u0442\u0443\u0440\u044b-\u043d\u0430-\u043c\u0430\u0448\u0438\u043d\u0435\/\u043b\u0430\u0446\u0438\u043e-\u044d\u043a\u0441\u043a\u0443\u0440\u0441\u0438\u0438-\u043d\u0430-\u043c\u0430\u0448\u0438\u043d\u0435\/\u0442\u0430\u0440\u043a\u0432\u0438\u043d\u0438\u044f\/\">Tarquinie<\/a><\/span>) et <span style=\"color: #0000ff;\"><a style=\"color: #0000ff;\" href=\"http:\/\/www.rusrim.com\/fr\/\u0440\u0438\u043c-\u0442\u0443\u0440\u044b-\u043d\u0430-\u043c\u0430\u0448\u0438\u043d\u0435\/\u044d\u043a\u0441\u043a\u0443\u0440\u0441\u0438\u0438-\u0432-\u0442\u043e\u0441\u043a\u0430\u043d\u0443-\u0438\u0437-\u0440\u0438\u043c\u0430\/\">TOSCANE<\/a><\/span> (Florence, Sienne, Capalbe, Argentaire, Pise), <span style=\"color: #0000ff;\"><a style=\"color: #0000ff;\" href=\"http:\/\/www.rusrim.com\/fr\/\u0440\u0438\u043c-\u0442\u0443\u0440\u044b-\u043d\u0430-\u043c\u0430\u0448\u0438\u043d\u0435\/\u0443\u043c\u0431\u0440\u0438\u044f-\u044d\u043a\u0441\u043a\u0443\u0440\u0441\u0438\u0438-\u0441-\u0433\u0438\u0434\u043e\u043c\/\">OMBRIE<\/a><\/span> (Orvieto, Assise, P\u00e9rouse) ABRUZZES ( <span style=\"color: #0000ff;\"><a style=\"color: #0000ff;\" href=\"http:\/\/www.rusrim.com\/fr\/\u0440\u0438\u043c-\u0442\u0443\u0440\u044b-\u043d\u0430-\u043c\u0430\u0448\u0438\u043d\u0435\/english-abruzzo-private-car-tour-from-rome\/\">Gran Sasso, l\u2019Aquila<\/a><\/span>) CAMPANIE ( <span style=\"color: #0000ff;\"><a style=\"color: #0000ff;\" href=\"http:\/\/www.rusrim.com\/fr\/\u0440\u0438\u043c-\u0442\u0443\u0440\u044b-\u043d\u0430-\u043c\u0430\u0448\u0438\u043d\u0435\/\u0430\u043c\u0430\u043b\u044c\u0444\u0438-\u043f\u043e\u0437\u0438\u0442\u0430\u043d\u043e-\u0441\u043e\u0440\u0440\u0435\u043d\u0442\u043e-\u043f\u043e\u043c\u043f\u0435\u0438\/\">Pomp\u00e9i et Amalfi<\/a><\/span>) avec chauffeur\/guide-conf\u00e9rencier Anglais, Fran\u00e7ais, Russe, Bulgare et Allemand.<\/h5>\n<h5 style=\"text-align: center;\"><span class=\"VIiyi\" lang=\"fr\"><span class=\"JLqJ4b ChMk0b\" data-language-for-alternatives=\"fr\" data-language-to-translate-into=\"bg\" data-phrase-index=\"0\">R\u00e9servation d\u2019excursions en Toscane sans pr\u00e9paiement<\/span><\/span><\/h5>\n<h5 style=\"text-align: center;\">+39 389 59 75 184\u00a0\u00a0\u00a0<a href=\"mailto:info@rusrim.com\">info@rusrim.com\u00a0\u00a0<\/a><\/h5>\n<p><\/p>","protected":false},"excerpt":{"rendered":"<p>R\u00e9servation d\u2019excursions \u00e0 Rome sans pr\u00e9paiement +39 389 59 75 184\u00a0\u00a0\u00a0info@rusrim.com\u00a0\u00a0 Fond\u00e9e en 1895, la Galerie nationale a longtemps abrit\u00e9 le palais Corsini ; depuis les ann\u00e9es 50, il est install\u00e9 dans les palais Corsini et Barberini. Ce dernier a \u00e9t\u00e9 construit en 1625 pour Francesco Barberini, neveu du Pape Urbain VIII, par trois des [&hellip;]<\/p>\n","protected":false},"author":2,"featured_media":0,"parent":2196,"menu_order":0,"comment_status":"closed","ping_status":"closed","template":"","meta":[],"tags":[1377,2275,2929,2276,510,22,62,2278,2270,2269,2930,2268,2267,2277,2265,2266,146,2227,2251,2931,3467,1097,3401,3394,3393,3400,3392,3465,3686,8,3399,3643,3466],"_links":{"self":[{"href":"http:\/\/www.rusrim.com\/fr\/wp-json\/wp\/v2\/pages\/2342"}],"collection":[{"href":"http:\/\/www.rusrim.com\/fr\/wp-json\/wp\/v2\/pages"}],"about":[{"href":"http:\/\/www.rusrim.com\/fr\/wp-json\/wp\/v2\/types\/page"}],"author":[{"embeddable":true,"href":"http:\/\/www.rusrim.com\/fr\/wp-json\/wp\/v2\/users\/2"}],"replies":[{"embeddable":true,"href":"http:\/\/www.rusrim.com\/fr\/wp-json\/wp\/v2\/comments?post=2342"}],"version-history":[{"count":38,"href":"http:\/\/www.rusrim.com\/fr\/wp-json\/wp\/v2\/pages\/2342\/revisions"}],"predecessor-version":[{"id":9740,"href":"http:\/\/www.rusrim.com\/fr\/wp-json\/wp\/v2\/pages\/2342\/revisions\/9740"}],"up":[{"embeddable":true,"href":"http:\/\/www.rusrim.com\/fr\/wp-json\/wp\/v2\/pages\/2196"}],"wp:attachment":[{"href":"http:\/\/www.rusrim.com\/fr\/wp-json\/wp\/v2\/media?parent=2342"}],"wp:term":[{"taxonomy":"post_tag","embeddable":true,"href":"http:\/\/www.rusrim.com\/fr\/wp-json\/wp\/v2\/tags?post=2342"}],"curies":[{"name":"wp","href":"https:\/\/api.w.org\/{rel}","templated":true}]}}