{"id":241,"date":"2015-11-14T20:02:55","date_gmt":"2015-11-14T20:02:55","guid":{"rendered":"http:\/\/www.rusrim.com\/?page_id=241"},"modified":"2021-09-20T12:26:28","modified_gmt":"2021-09-20T12:26:28","slug":"%d0%bf%d0%be-%d1%80%d0%b8%d0%bc%d1%83-%d0%bd%d0%b0-%d0%bc%d0%b0%d1%88%d0%b8%d0%bd%d0%b5","status":"publish","type":"page","link":"http:\/\/www.rusrim.com\/fr\/%d1%80%d0%b8%d0%bc-%d1%82%d1%83%d1%80%d1%8b-%d0%bd%d0%b0-%d0%bc%d0%b0%d1%88%d0%b8%d0%bd%d0%b5\/%d0%b0%d0%b2%d1%82%d0%be%d0%bc%d0%be%d0%b1%d0%b8%d0%bb%d1%8c%d0%bd%d1%8b%d0%b5-%d1%82%d1%83%d1%80%d1%8b-%d0%bf%d0%be-%d1%80%d0%b8%d0%bc%d1%83-%d0%b8-%d0%b2%d0%b0%d1%82%d0%b8%d0%ba%d0%b0%d0%bd%d1%83\/%d0%bf%d0%be-%d1%80%d0%b8%d0%bc%d1%83-%d0%bd%d0%b0-%d0%bc%d0%b0%d1%88%d0%b8%d0%bd%d0%b5\/","title":{"rendered":"Visite guid\u00e9e de Rome en voiture"},"content":{"rendered":"<p><\/p>\n<h5 style=\"text-align: center;\"><span class=\"VIiyi\" lang=\"fr\"><span class=\"JLqJ4b ChMk0b\" data-language-for-alternatives=\"fr\" data-language-to-translate-into=\"bg\" data-phrase-index=\"0\">R\u00e9servation d&#8217;excursions \u00e0 Rome sans pr\u00e9paiement<\/span><\/span><\/h5>\n<h5 style=\"text-align: center;\">\u00a0 <a href=\"mailto:info@rusrim.com\">info@rusrim.com\u00a0\u00a0<\/a>+39 389 59 75 184<\/h5>\n<p>&nbsp;<\/p>\n<div id=\"attachment_9053\" style=\"width: 730px\" class=\"wp-caption aligncenter\"><a href=\"http:\/\/www.rusrim.com\/wp-content\/uploads\/2021\/08\/Colisee-de-Rome-Pietro-Pelliccia-choregraphe-de-lopera-romain-.jpg\"><img aria-describedby=\"caption-attachment-9053\" loading=\"lazy\" class=\"Colis\u00e9e de Rome - Pietro Pelliccia, chor\u00e9graphe de l'op\u00e9ra romain wp-image-9053 size-full\" title=\"Colis\u00e9e de Rome - Pietro Pelliccia, chor\u00e9graphe de l'op\u00e9ra romain \" src=\"http:\/\/www.rusrim.com\/wp-content\/uploads\/2021\/08\/Colisee-de-Rome-Pietro-Pelliccia-choregraphe-de-lopera-romain-.jpg\" alt=\"Colis\u00e9e de Rome - Pietro Pelliccia, chor\u00e9graphe de l'op\u00e9ra romain \" width=\"720\" height=\"558\" srcset=\"http:\/\/www.rusrim.com\/wp-content\/uploads\/2021\/08\/Colisee-de-Rome-Pietro-Pelliccia-choregraphe-de-lopera-romain-.jpg 720w, http:\/\/www.rusrim.com\/wp-content\/uploads\/2021\/08\/Colisee-de-Rome-Pietro-Pelliccia-choregraphe-de-lopera-romain--300x233.jpg 300w\" sizes=\"(max-width: 720px) 100vw, 720px\" \/><\/a><p id=\"caption-attachment-9053\" class=\"wp-caption-text\">Colis\u00e9e de Rome &#8211; Pietro Pelliccia, chor\u00e9graphe de l&#8217;op\u00e9ra romain<\/p><\/div>\n<p><iframe title=\"TOURS PRIV\u00c9S DE ROME en VOITURE - APPIA - Musique originale A. Karanov RusRim.com\" width=\"500\" height=\"281\" src=\"https:\/\/www.youtube.com\/embed\/dz_5rfJM3cc?feature=oembed\" frameborder=\"0\" allow=\"accelerometer; autoplay; clipboard-write; encrypted-media; gyroscope; picture-in-picture\" allowfullscreen><\/iframe><\/p>\n<div id=\"attachment_9106\" style=\"width: 1034px\" class=\"wp-caption aligncenter\"><a href=\"http:\/\/www.rusrim.com\/wp-content\/uploads\/2021\/08\/Pantheon-a-Rome-.jpg\"><img aria-describedby=\"caption-attachment-9106\" loading=\"lazy\" class=\"Panth\u00e9on \u00e0 Rome wp-image-9106 size-full\" title=\"Panth\u00e9on \u00e0 Rome\" src=\"http:\/\/www.rusrim.com\/wp-content\/uploads\/2021\/08\/Pantheon-a-Rome-.jpg\" alt=\"Panth\u00e9on \u00e0 Rome\" width=\"1024\" height=\"768\" srcset=\"http:\/\/www.rusrim.com\/wp-content\/uploads\/2021\/08\/Pantheon-a-Rome-.jpg 1024w, http:\/\/www.rusrim.com\/wp-content\/uploads\/2021\/08\/Pantheon-a-Rome--300x225.jpg 300w, http:\/\/www.rusrim.com\/wp-content\/uploads\/2021\/08\/Pantheon-a-Rome--768x576.jpg 768w\" sizes=\"(max-width: 1024px) 100vw, 1024px\" \/><\/a><p id=\"caption-attachment-9106\" class=\"wp-caption-text\">Panth\u00e9on \u00e0 Rome<\/p><\/div>\n<p><iframe title=\"TOUR DE ROME - drone video - 360 - 3D - electronic music Adel Karanov - RusRim.com\" width=\"500\" height=\"281\" src=\"https:\/\/www.youtube.com\/embed\/nTFXPaWgdhE?feature=oembed\" frameborder=\"0\" allow=\"accelerometer; autoplay; clipboard-write; encrypted-media; gyroscope; picture-in-picture\" allowfullscreen><\/iframe><\/p>\n<div id=\"attachment_9105\" style=\"width: 614px\" class=\"wp-caption aligncenter\"><a href=\"http:\/\/www.rusrim.com\/wp-content\/uploads\/2021\/08\/forum-romain-.jpg\"><img aria-describedby=\"caption-attachment-9105\" loading=\"lazy\" class=\"Forum Romain wp-image-9105 size-large\" title=\"Forum Romain\" src=\"http:\/\/www.rusrim.com\/wp-content\/uploads\/2021\/08\/forum-romain--1024x683.jpg\" alt=\"Forum Romain\" width=\"604\" height=\"403\" srcset=\"http:\/\/www.rusrim.com\/wp-content\/uploads\/2021\/08\/forum-romain--1024x683.jpg 1024w, http:\/\/www.rusrim.com\/wp-content\/uploads\/2021\/08\/forum-romain--300x200.jpg 300w, http:\/\/www.rusrim.com\/wp-content\/uploads\/2021\/08\/forum-romain--768x512.jpg 768w, http:\/\/www.rusrim.com\/wp-content\/uploads\/2021\/08\/forum-romain--1536x1024.jpg 1536w, http:\/\/www.rusrim.com\/wp-content\/uploads\/2021\/08\/forum-romain--2048x1365.jpg 2048w\" sizes=\"(max-width: 604px) 100vw, 604px\" \/><\/a><p id=\"caption-attachment-9105\" class=\"wp-caption-text\">Forum Romain<\/p><\/div>\n<p><iframe title=\"Le Colis\u00e9e a Rome - GUIDE PRIV\u00c9S A ROME - Musique Adel Karanov\" width=\"500\" height=\"281\" src=\"https:\/\/www.youtube.com\/embed\/BEgMZxFpPY0?feature=oembed\" frameborder=\"0\" allow=\"accelerometer; autoplay; clipboard-write; encrypted-media; gyroscope; picture-in-picture\" allowfullscreen><\/iframe><\/p>\n<div id=\"attachment_9104\" style=\"width: 614px\" class=\"wp-caption aligncenter\"><a href=\"http:\/\/www.rusrim.com\/wp-content\/uploads\/2021\/08\/Fontaine-de-Trevi-Rome-.jpg\"><img aria-describedby=\"caption-attachment-9104\" loading=\"lazy\" class=\"Fontaine de Trevi - Rome wp-image-9104 size-large\" title=\"Fontaine de Trevi - Rome\" src=\"http:\/\/www.rusrim.com\/wp-content\/uploads\/2021\/08\/Fontaine-de-Trevi-Rome--1024x766.jpg\" alt=\"Fontaine de Trevi - Rome\" width=\"604\" height=\"452\" srcset=\"http:\/\/www.rusrim.com\/wp-content\/uploads\/2021\/08\/Fontaine-de-Trevi-Rome--1024x766.jpg 1024w, http:\/\/www.rusrim.com\/wp-content\/uploads\/2021\/08\/Fontaine-de-Trevi-Rome--300x224.jpg 300w, http:\/\/www.rusrim.com\/wp-content\/uploads\/2021\/08\/Fontaine-de-Trevi-Rome--768x575.jpg 768w, http:\/\/www.rusrim.com\/wp-content\/uploads\/2021\/08\/Fontaine-de-Trevi-Rome--1536x1149.jpg 1536w, http:\/\/www.rusrim.com\/wp-content\/uploads\/2021\/08\/Fontaine-de-Trevi-Rome-.jpg 1929w\" sizes=\"(max-width: 604px) 100vw, 604px\" \/><\/a><p id=\"caption-attachment-9104\" class=\"wp-caption-text\">Fontaine de Trevi &#8211; Rome<\/p><\/div>\n<div id=\"attachment_9059\" style=\"width: 614px\" class=\"wp-caption aligncenter\"><a href=\"http:\/\/www.rusrim.com\/wp-content\/uploads\/2021\/08\/San-Giovanni-in-Latran-Visites-Guidees-a-Rome--scaled.jpg\"><img aria-describedby=\"caption-attachment-9059\" loading=\"lazy\" class=\"San Giovanni in Latran - Visites Guid\u00e9es \u00e0 Rome wp-image-9059 size-large\" title=\"San Giovanni in Latran - Visites Guid\u00e9es \u00e0 Rome \" src=\"http:\/\/www.rusrim.com\/wp-content\/uploads\/2021\/08\/San-Giovanni-in-Latran-Visites-Guidees-a-Rome--1024x768.jpg\" alt=\"San Giovanni in Latran - Visites Guid\u00e9es \u00e0 Rome \" width=\"604\" height=\"453\" srcset=\"http:\/\/www.rusrim.com\/wp-content\/uploads\/2021\/08\/San-Giovanni-in-Latran-Visites-Guidees-a-Rome--1024x768.jpg 1024w, http:\/\/www.rusrim.com\/wp-content\/uploads\/2021\/08\/San-Giovanni-in-Latran-Visites-Guidees-a-Rome--300x225.jpg 300w, http:\/\/www.rusrim.com\/wp-content\/uploads\/2021\/08\/San-Giovanni-in-Latran-Visites-Guidees-a-Rome--768x576.jpg 768w, http:\/\/www.rusrim.com\/wp-content\/uploads\/2021\/08\/San-Giovanni-in-Latran-Visites-Guidees-a-Rome--1536x1152.jpg 1536w, http:\/\/www.rusrim.com\/wp-content\/uploads\/2021\/08\/San-Giovanni-in-Latran-Visites-Guidees-a-Rome--2048x1536.jpg 2048w\" sizes=\"(max-width: 604px) 100vw, 604px\" \/><\/a><p id=\"caption-attachment-9059\" class=\"wp-caption-text\">San Giovanni in Latran &#8211; Visites Guid\u00e9es \u00e0 Rome<\/p><\/div>\n<p><iframe title=\"Saint Jean Lateran \u00e0 Rome tour priv\u00e9  RusRim.com Guide \u00e0 Rome\" width=\"500\" height=\"281\" src=\"https:\/\/www.youtube.com\/embed\/C11fDMOM__Y?feature=oembed\" frameborder=\"0\" allow=\"accelerometer; autoplay; clipboard-write; encrypted-media; gyroscope; picture-in-picture\" allowfullscreen><\/iframe><\/p>\n<div id=\"attachment_9057\" style=\"width: 614px\" class=\"wp-caption aligncenter\"><a href=\"http:\/\/www.rusrim.com\/wp-content\/uploads\/2021\/08\/Palais-Colonna-Rome-.jpg\"><img aria-describedby=\"caption-attachment-9057\" loading=\"lazy\" class=\"Palais Colonna - Rome wp-image-9057 size-large\" title=\"Palais Colonna - Rome \" src=\"http:\/\/www.rusrim.com\/wp-content\/uploads\/2021\/08\/Palais-Colonna-Rome--1024x614.jpg\" alt=\"Palais Colonna - Rome \" width=\"604\" height=\"362\" srcset=\"http:\/\/www.rusrim.com\/wp-content\/uploads\/2021\/08\/Palais-Colonna-Rome--1024x614.jpg 1024w, http:\/\/www.rusrim.com\/wp-content\/uploads\/2021\/08\/Palais-Colonna-Rome--300x180.jpg 300w, http:\/\/www.rusrim.com\/wp-content\/uploads\/2021\/08\/Palais-Colonna-Rome--768x461.jpg 768w, http:\/\/www.rusrim.com\/wp-content\/uploads\/2021\/08\/Palais-Colonna-Rome--1536x922.jpg 1536w, http:\/\/www.rusrim.com\/wp-content\/uploads\/2021\/08\/Palais-Colonna-Rome--2048x1229.jpg 2048w\" sizes=\"(max-width: 604px) 100vw, 604px\" \/><\/a><p id=\"caption-attachment-9057\" class=\"wp-caption-text\">Palais Colonna &#8211; Rome<\/p><\/div>\n<p><iframe title=\"Rome private tours - Colonna Gallery - original electronic music - RusRim.com Rome tours\" width=\"500\" height=\"375\" src=\"https:\/\/www.youtube.com\/embed\/oPiysppC1NY?feature=oembed\" frameborder=\"0\" allow=\"accelerometer; autoplay; clipboard-write; encrypted-media; gyroscope; picture-in-picture\" allowfullscreen><\/iframe><\/p>\n<div id=\"attachment_9054\" style=\"width: 614px\" class=\"wp-caption aligncenter\"><a href=\"http:\/\/www.rusrim.com\/wp-content\/uploads\/2021\/08\/Galerie-des-colonnes-a-Rome-.jpg\"><img aria-describedby=\"caption-attachment-9054\" loading=\"lazy\" class=\"Galerie des colonnes \u00e0 Rome wp-image-9054 size-large\" title=\"Galerie des colonnes \u00e0 Rome \" src=\"http:\/\/www.rusrim.com\/wp-content\/uploads\/2021\/08\/Galerie-des-colonnes-a-Rome--1024x614.jpg\" alt=\"Galerie des colonnes \u00e0 Rome \" width=\"604\" height=\"362\" srcset=\"http:\/\/www.rusrim.com\/wp-content\/uploads\/2021\/08\/Galerie-des-colonnes-a-Rome--1024x614.jpg 1024w, http:\/\/www.rusrim.com\/wp-content\/uploads\/2021\/08\/Galerie-des-colonnes-a-Rome--300x180.jpg 300w, http:\/\/www.rusrim.com\/wp-content\/uploads\/2021\/08\/Galerie-des-colonnes-a-Rome--768x461.jpg 768w, http:\/\/www.rusrim.com\/wp-content\/uploads\/2021\/08\/Galerie-des-colonnes-a-Rome--1536x922.jpg 1536w, http:\/\/www.rusrim.com\/wp-content\/uploads\/2021\/08\/Galerie-des-colonnes-a-Rome--2048x1229.jpg 2048w\" sizes=\"(max-width: 604px) 100vw, 604px\" \/><\/a><p id=\"caption-attachment-9054\" class=\"wp-caption-text\">Galerie des colonnes \u00e0 Rome<\/p><\/div>\n<div id=\"attachment_9056\" style=\"width: 614px\" class=\"wp-caption aligncenter\"><a href=\"http:\/\/www.rusrim.com\/wp-content\/uploads\/2021\/08\/Musee-de-la-sculpture-romaine-Guide-a-Rome-.jpg\"><img aria-describedby=\"caption-attachment-9056\" loading=\"lazy\" class=\"Mus\u00e9e de la sculpture romaine - Guide \u00e0 Rome wp-image-9056 size-large\" title=\"Mus\u00e9e de la sculpture romaine - Guide \u00e0 Rome \" src=\"http:\/\/www.rusrim.com\/wp-content\/uploads\/2021\/08\/Musee-de-la-sculpture-romaine-Guide-a-Rome--1024x614.jpg\" alt=\"Mus\u00e9e de la sculpture romaine - Guide \u00e0 Rome \" width=\"604\" height=\"362\" srcset=\"http:\/\/www.rusrim.com\/wp-content\/uploads\/2021\/08\/Musee-de-la-sculpture-romaine-Guide-a-Rome--1024x614.jpg 1024w, http:\/\/www.rusrim.com\/wp-content\/uploads\/2021\/08\/Musee-de-la-sculpture-romaine-Guide-a-Rome--300x180.jpg 300w, http:\/\/www.rusrim.com\/wp-content\/uploads\/2021\/08\/Musee-de-la-sculpture-romaine-Guide-a-Rome--768x461.jpg 768w, http:\/\/www.rusrim.com\/wp-content\/uploads\/2021\/08\/Musee-de-la-sculpture-romaine-Guide-a-Rome--1536x922.jpg 1536w, http:\/\/www.rusrim.com\/wp-content\/uploads\/2021\/08\/Musee-de-la-sculpture-romaine-Guide-a-Rome--2048x1229.jpg 2048w\" sizes=\"(max-width: 604px) 100vw, 604px\" \/><\/a><p id=\"caption-attachment-9056\" class=\"wp-caption-text\">Mus\u00e9e de la sculpture romaine &#8211; Guide \u00e0 Rome<\/p><\/div>\n<div id=\"attachment_9058\" style=\"width: 1132px\" class=\"wp-caption aligncenter\"><a href=\"http:\/\/www.rusrim.com\/wp-content\/uploads\/2021\/08\/Pyramides-de-Cestia-Rome-.jpg\"><img aria-describedby=\"caption-attachment-9058\" loading=\"lazy\" class=\"Pyramides de Cestia - Rome wp-image-9058 size-full\" title=\"Pyramides de Cestia - Rome \" src=\"http:\/\/www.rusrim.com\/wp-content\/uploads\/2021\/08\/Pyramides-de-Cestia-Rome-.jpg\" alt=\"Pyramides de Cestia - Rome \" width=\"1122\" height=\"1109\" srcset=\"http:\/\/www.rusrim.com\/wp-content\/uploads\/2021\/08\/Pyramides-de-Cestia-Rome-.jpg 1122w, http:\/\/www.rusrim.com\/wp-content\/uploads\/2021\/08\/Pyramides-de-Cestia-Rome--300x297.jpg 300w, http:\/\/www.rusrim.com\/wp-content\/uploads\/2021\/08\/Pyramides-de-Cestia-Rome--1024x1012.jpg 1024w, http:\/\/www.rusrim.com\/wp-content\/uploads\/2021\/08\/Pyramides-de-Cestia-Rome--768x759.jpg 768w\" sizes=\"(max-width: 1122px) 100vw, 1122px\" \/><\/a><p id=\"caption-attachment-9058\" class=\"wp-caption-text\">Pyramides de Cestia &#8211; Rome<\/p><\/div>\n<h5><a href=\"http:\/\/www.rusrim.com\/wp-content\/uploads\/2021\/08\/Arc-de-Constantin-Rome-Visites-en-russe-.jpg\"><img loading=\"lazy\" class=\"size-full wp-image-9052 alignnone\" src=\"http:\/\/www.rusrim.com\/wp-content\/uploads\/2021\/08\/Arc-de-Constantin-Rome-Visites-en-russe-.jpg\" alt=\"\" width=\"155\" height=\"155\" srcset=\"http:\/\/www.rusrim.com\/wp-content\/uploads\/2021\/08\/Arc-de-Constantin-Rome-Visites-en-russe-.jpg 155w, http:\/\/www.rusrim.com\/wp-content\/uploads\/2021\/08\/Arc-de-Constantin-Rome-Visites-en-russe--150x150.jpg 150w\" sizes=\"(max-width: 155px) 100vw, 155px\" \/><\/a> <a href=\"http:\/\/www.rusrim.com\/wp-content\/uploads\/2021\/08\/Gardes-Suisses-Vatican-.jpg\"><img loading=\"lazy\" class=\"Gardes Suisses - Vatican wp-image-9055 alignnone\" title=\"Gardes Suisses - Vatican \" src=\"http:\/\/www.rusrim.com\/wp-content\/uploads\/2021\/08\/Gardes-Suisses-Vatican--150x150.jpg\" alt=\"Gardes Suisses - Vatican \" width=\"155\" height=\"155\" \/><\/a><a href=\"http:\/\/www.rusrim.com\/wp-content\/uploads\/2021\/08\/Visite-guidee-de-ROME-NUIT-Campidoglio-.jpg\"><img loading=\"lazy\" class=\"size-full wp-image-9061 alignnone\" src=\"http:\/\/www.rusrim.com\/wp-content\/uploads\/2021\/08\/Visite-guidee-de-ROME-NUIT-Campidoglio-.jpg\" alt=\"\" width=\"155\" height=\"155\" srcset=\"http:\/\/www.rusrim.com\/wp-content\/uploads\/2021\/08\/Visite-guidee-de-ROME-NUIT-Campidoglio-.jpg 155w, http:\/\/www.rusrim.com\/wp-content\/uploads\/2021\/08\/Visite-guidee-de-ROME-NUIT-Campidoglio--150x150.jpg 150w\" sizes=\"(max-width: 155px) 100vw, 155px\" \/><\/a><\/h5>\n<p><iframe title=\"La famille Barberini - Tour priv\u00e9 \u00e0 Rome - RusRim.com Guide priv\u00e9 \u00e0 Rome\" width=\"500\" height=\"281\" src=\"https:\/\/www.youtube.com\/embed\/k7g6tnC0UIQ?feature=oembed\" frameborder=\"0\" allow=\"accelerometer; autoplay; clipboard-write; encrypted-media; gyroscope; picture-in-picture\" allowfullscreen><\/iframe><\/p>\n<h3 style=\"text-align: center;\">Tours motoris\u00e9s dans <span style=\"color: #0000ff;\"><a style=\"color: #0000ff;\" href=\"http:\/\/www.rusrim.com\/fr\/\u0440\u0438\u043c-\u0442\u0443\u0440\u044b-\u043d\u0430-\u043c\u0430\u0448\u0438\u043d\u0435\/\u0430\u0432\u0442\u043e\u043c\u043e\u0431\u0438\u043b\u044c\u043d\u044b\u0435-\u0442\u0443\u0440\u044b-\u043f\u043e-\u0440\u0438\u043c\u0443-\u0438-\u0432\u0430\u0442\u0438\u043a\u0430\u043d\u0443\/\">ROME<\/a><\/span> &#8211; <span style=\"color: #0000ff;\"><a style=\"color: #0000ff;\" href=\"http:\/\/www.rusrim.com\/fr\/\u0440\u0438\u043c-\u0442\u0443\u0440\u044b-\u043d\u0430-\u043c\u0430\u0448\u0438\u043d\u0435\/\u043b\u0430\u0446\u0438\u043e-\u044d\u043a\u0441\u043a\u0443\u0440\u0441\u0438\u0438-\u043d\u0430-\u043c\u0430\u0448\u0438\u043d\u0435\/\">LATIUM<\/a><\/span> &#8211; <a href=\"http:\/\/www.rusrim.com\/fr\/\u0440\u0438\u043c-\u0442\u0443\u0440\u044b-\u043d\u0430-\u043c\u0430\u0448\u0438\u043d\u0435\/\u044d\u043a\u0441\u043a\u0443\u0440\u0441\u0438\u0438-\u0432-\u0442\u043e\u0441\u043a\u0430\u043d\u0443-\u0438\u0437-\u0440\u0438\u043c\u0430\/\"><span style=\"color: #0000ff;\">TOSCANE<\/span><\/a> &#8211; <span style=\"color: #0000ff;\"><a style=\"color: #0000ff;\" href=\"http:\/\/www.rusrim.com\/fr\/\u0440\u0438\u043c-\u0442\u0443\u0440\u044b-\u043d\u0430-\u043c\u0430\u0448\u0438\u043d\u0435\/\u0443\u043c\u0431\u0440\u0438\u044f-\u044d\u043a\u0441\u043a\u0443\u0440\u0441\u0438\u0438-\u0441-\u0433\u0438\u0434\u043e\u043c\/\">OMBRIE<\/a><\/span> &#8211; <span style=\"color: #0000ff;\"><a style=\"color: #0000ff;\" href=\"http:\/\/www.rusrim.com\/fr\/\u0440\u0438\u043c-\u0442\u0443\u0440\u044b-\u043d\u0430-\u043c\u0430\u0448\u0438\u043d\u0435\/\u0430\u043c\u0430\u043b\u044c\u0444\u0438-\u043f\u043e\u0437\u0438\u0442\u0430\u043d\u043e-\u0441\u043e\u0440\u0440\u0435\u043d\u0442\u043e-\u043f\u043e\u043c\u043f\u0435\u0438\/\">CAMPANIE<\/a><\/span> &#8211; <span style=\"color: #0000ff;\"><a style=\"color: #0000ff;\" href=\"http:\/\/www.rusrim.com\/fr\/\u0440\u0438\u043c-\u0442\u0443\u0440\u044b-\u043d\u0430-\u043c\u0430\u0448\u0438\u043d\u0435\/english-abruzzo-private-car-tour-from-rome\/\">ABRUZZES<\/a><\/span> &#8211; <span style=\"color: #0000ff;\"><a style=\"color: #0000ff;\" href=\"http:\/\/www.rusrim.com\/fr\/\u0440\u0438\u043c-\u0442\u0443\u0440\u044b-\u043d\u0430-\u043c\u0430\u0448\u0438\u043d\u0435\/\u0432\u0435\u043d\u0435\u0446\u0438\u044f-\u0438\u043d\u0434\u0438\u0432\u0438\u0434\u0443\u0430\u043b\u044c\u043d\u0430\u044f-\u044d\u043a\u0441\u043a\u0443\u0440\u0441\u0438\u044f\/\">Venise &#8211; <\/a><a style=\"color: #0000ff;\" href=\"http:\/\/www.rusrim.com\/fr\/\u0440\u0438\u043c-\u0442\u0443\u0440\u044b-\u043d\u0430-\u043c\u0430\u0448\u0438\u043d\u0435\/\u0431\u044a\u043b\u0433\u0430\u0440\u0441\u043a\u0438-\u0442\u0440\u0435\u043d\u0442\u0438\u043d\u043e-\u0430\u043b\u0442\u043e-\u0430\u0434\u0438\u0434\u0436\u0435-\u0441\u0443\u0434-\u0442\/\">TRENTINO<\/a><\/span><\/h3>\n<h5 style=\"text-align: center;\">Excursions en Bulgare, Russe, Anglais, Fran\u00e7ais et Ukrainien<\/h5>\n<h5 style=\"text-align: center;\">Tours individuels avec chauffeur\/<span style=\"color: #0000ff;\"><a style=\"color: #0000ff;\" href=\"http:\/\/www.rusrim.com\/fr\/%D0%B3%D0%B8%D0%B4%D1%8B\/%D0%B3%D0%B8%D0%B4-%D1%80%D0%B8%D0%BC\/\">guide <\/a><\/span>-conf\u00e9rencier \u00e0 Rome, Le <span style=\"color: #0000ff;\"><a style=\"color: #0000ff;\" href=\"http:\/\/www.rusrim.com\/fr\/\u044d\u043a\u0441\u043a\u0443\u0440\u0441\u0438\u0438-\u043f\u043e-\u0440\u0438\u043c\u0443\/\u043e\u0431\u0437\u043e\u0440\u043d\u0430\u044f-\u043f\u043e-\u0432\u0430\u0442\u0438\u043a\u0430\u043d\u0443\/\">Vatican<\/a><\/span>, et les r\u00e9gions du <span style=\"color: #0000ff;\"><a style=\"color: #0000ff;\" href=\"http:\/\/www.rusrim.com\/fr\/\u0440\u0438\u043c-\u0442\u0443\u0440\u044b-\u043d\u0430-\u043c\u0430\u0448\u0438\u043d\u0435\/\u043b\u0430\u0446\u0438\u043e-\u044d\u043a\u0441\u043a\u0443\u0440\u0441\u0438\u0438-\u043d\u0430-\u043c\u0430\u0448\u0438\u043d\u0435\/\">LATIUM<\/a><\/span> (<span style=\"color: #0000ff;\"><a style=\"color: #0000ff;\" href=\"http:\/\/www.rusrim.com\/fr\/\u0440\u0438\u043c-\u0442\u0443\u0440\u044b-\u043d\u0430-\u043c\u0430\u0448\u0438\u043d\u0435\/\u043b\u0430\u0446\u0438\u043e-\u044d\u043a\u0441\u043a\u0443\u0440\u0441\u0438\u0438-\u043d\u0430-\u043c\u0430\u0448\u0438\u043d\u0435\/\u0442\u0438\u0432\u043e\u043b\u0438\/\">Tivoli<\/a><\/span>, <span style=\"color: #0000ff;\"><a style=\"color: #0000ff;\" href=\"http:\/\/www.rusrim.com\/fr\/\u0440\u0438\u043c-\u0442\u0443\u0440\u044b-\u043d\u0430-\u043c\u0430\u0448\u0438\u043d\u0435\/\u043b\u0430\u0446\u0438\u043e-\u044d\u043a\u0441\u043a\u0443\u0440\u0441\u0438\u0438-\u043d\u0430-\u043c\u0430\u0448\u0438\u043d\u0435\/\u0440\u0438\u043c\u0441\u043a\u0438\u0435-\u0437\u0430\u043c\u043a\u0438-\u044d\u043a\u0441\u043a\u0443\u0440\u0441\u0438\u044f\/\">Chateaux Romains<\/a><\/span>, <span style=\"color: #0000ff;\"><a style=\"color: #0000ff;\" href=\"http:\/\/www.rusrim.com\/fr\/\u0440\u0438\u043c-\u0442\u0443\u0440\u044b-\u043d\u0430-\u043c\u0430\u0448\u0438\u043d\u0435\/\u043b\u0430\u0446\u0438\u043e-\u044d\u043a\u0441\u043a\u0443\u0440\u0441\u0438\u0438-\u043d\u0430-\u043c\u0430\u0448\u0438\u043d\u0435\/\u0442\u0430\u0440\u043a\u0432\u0438\u043d\u0438\u044f\/\">Tarquinie<\/a><\/span>) et <span style=\"color: #0000ff;\"><a style=\"color: #0000ff;\" href=\"http:\/\/www.rusrim.com\/fr\/\u0440\u0438\u043c-\u0442\u0443\u0440\u044b-\u043d\u0430-\u043c\u0430\u0448\u0438\u043d\u0435\/\u044d\u043a\u0441\u043a\u0443\u0440\u0441\u0438\u0438-\u0432-\u0442\u043e\u0441\u043a\u0430\u043d\u0443-\u0438\u0437-\u0440\u0438\u043c\u0430\/\">TOSCANE<\/a><\/span> (Florence, Sienne, Capalbe, Argentaire, Pise), <span style=\"color: #0000ff;\"><a style=\"color: #0000ff;\" href=\"http:\/\/www.rusrim.com\/fr\/\u0440\u0438\u043c-\u0442\u0443\u0440\u044b-\u043d\u0430-\u043c\u0430\u0448\u0438\u043d\u0435\/\u0443\u043c\u0431\u0440\u0438\u044f-\u044d\u043a\u0441\u043a\u0443\u0440\u0441\u0438\u0438-\u0441-\u0433\u0438\u0434\u043e\u043c\/\">OMBRIE<\/a><\/span> (Orvieto, Assise, P\u00e9rouse) ABRUZZES ( <span style=\"color: #0000ff;\"><a style=\"color: #0000ff;\" href=\"http:\/\/www.rusrim.com\/fr\/\u0440\u0438\u043c-\u0442\u0443\u0440\u044b-\u043d\u0430-\u043c\u0430\u0448\u0438\u043d\u0435\/english-abruzzo-private-car-tour-from-rome\/\">Gran Sasso, l\u2019Aquila<\/a><\/span>) CAMPANIE ( <span style=\"color: #0000ff;\"><a style=\"color: #0000ff;\" href=\"http:\/\/www.rusrim.com\/fr\/\u0440\u0438\u043c-\u0442\u0443\u0440\u044b-\u043d\u0430-\u043c\u0430\u0448\u0438\u043d\u0435\/\u0430\u043c\u0430\u043b\u044c\u0444\u0438-\u043f\u043e\u0437\u0438\u0442\u0430\u043d\u043e-\u0441\u043e\u0440\u0440\u0435\u043d\u0442\u043e-\u043f\u043e\u043c\u043f\u0435\u0438\/\">Pomp\u00e9i et Amalfi<\/a><\/span>) avec chauffeur\/guide-conf\u00e9rencier Anglais, Fran\u00e7ais, Russe, Bulgare et Allemand.<\/h5>\n<h5 style=\"text-align: center;\"><span class=\"VIiyi\" lang=\"fr\"><span class=\"JLqJ4b ChMk0b\" data-language-for-alternatives=\"fr\" data-language-to-translate-into=\"bg\" data-phrase-index=\"0\">R\u00e9servation d&#8217;excursions \u00e0 Rome sans pr\u00e9paiement<\/span><\/span><\/h5>\n<h5 style=\"text-align: center;\">\u00a0 <a href=\"mailto:info@rusrim.com\">info@rusrim.com\u00a0\u00a0<\/a>+39 389 59 75 184<\/h5>\n<p><\/p>","protected":false},"excerpt":{"rendered":"<p>R\u00e9servation d&#8217;excursions \u00e0 Rome sans pr\u00e9paiement \u00a0 info@rusrim.com\u00a0\u00a0+39 389 59 75 184 &nbsp; Tours motoris\u00e9s dans ROME &#8211; LATIUM &#8211; TOSCANE &#8211; OMBRIE &#8211; CAMPANIE &#8211; ABRUZZES &#8211; Venise &#8211; TRENTINO Excursions en Bulgare, Russe, Anglais, Fran\u00e7ais et Ukrainien Tours individuels avec chauffeur\/guide -conf\u00e9rencier \u00e0 Rome, Le Vatican, et les r\u00e9gions du LATIUM (Tivoli, Chateaux [&hellip;]<\/p>\n","protected":false},"author":2,"featured_media":0,"parent":238,"menu_order":4,"comment_status":"closed","ping_status":"closed","template":"","meta":[],"tags":[1479,793,1502,1501,2484,160,1510,1493,1499,1522,1476,1498,1505,1497,1521,1462,156,184,22,62,1504,1516,1478,1477,1511,1524,199,200,193,196,191,194,192,195,151,153,149,148,1454,1412,1527,1519,798,205,1513,1474,158,63,64,1517,197,152,54,190,189,1500,157,182,1508,1492,1491,1515,1507,202,1495,206,221,1494,210,1520,214,209,213,208,794,1472,2401,159,2518,2207,2828,1469,207,1496,198,797,183,146,186,188,185,187,2872,2402,1482,1488,2880,2232,1484,2519,1525,1526,2379,1483,2517,2840,1487,2403,1486,2871,150,1503,211,1523,212,1512,154,155,1490,201,1458,215,1509,1475,1506,1489,1514,147,1485,1466,203,2815,1518,204,141,142,145,216,164,33,65,137,166,165,173,174,162,34,66,143,133,134,161,135,136,36,144,180,39,178,176,2140,220,218,167,171,169,168,172,170,8,2917,138,2139,117,139,217,179,181,177,175,2985,219],"_links":{"self":[{"href":"http:\/\/www.rusrim.com\/fr\/wp-json\/wp\/v2\/pages\/241"}],"collection":[{"href":"http:\/\/www.rusrim.com\/fr\/wp-json\/wp\/v2\/pages"}],"about":[{"href":"http:\/\/www.rusrim.com\/fr\/wp-json\/wp\/v2\/types\/page"}],"author":[{"embeddable":true,"href":"http:\/\/www.rusrim.com\/fr\/wp-json\/wp\/v2\/users\/2"}],"replies":[{"embeddable":true,"href":"http:\/\/www.rusrim.com\/fr\/wp-json\/wp\/v2\/comments?post=241"}],"version-history":[{"count":175,"href":"http:\/\/www.rusrim.com\/fr\/wp-json\/wp\/v2\/pages\/241\/revisions"}],"predecessor-version":[{"id":9615,"href":"http:\/\/www.rusrim.com\/fr\/wp-json\/wp\/v2\/pages\/241\/revisions\/9615"}],"up":[{"embeddable":true,"href":"http:\/\/www.rusrim.com\/fr\/wp-json\/wp\/v2\/pages\/238"}],"wp:attachment":[{"href":"http:\/\/www.rusrim.com\/fr\/wp-json\/wp\/v2\/media?parent=241"}],"wp:term":[{"taxonomy":"post_tag","embeddable":true,"href":"http:\/\/www.rusrim.com\/fr\/wp-json\/wp\/v2\/tags?post=241"}],"curies":[{"name":"wp","href":"https:\/\/api.w.org\/{rel}","templated":true}]}}