{"id":245,"date":"2015-11-14T20:21:37","date_gmt":"2015-11-14T20:21:37","guid":{"rendered":"http:\/\/www.rusrim.com\/?page_id=245"},"modified":"2025-04-08T19:08:45","modified_gmt":"2025-04-08T19:08:45","slug":"%d0%bd%d0%be%d1%87%d0%bd%d0%be%d0%b9-%d1%80%d0%b8%d0%bc-%d0%bd%d0%b0-%d0%bc%d0%b0%d1%88%d0%b8%d0%bd%d0%b5","status":"publish","type":"page","link":"http:\/\/www.rusrim.com\/fr\/%d1%80%d0%b8%d0%bc-%d1%82%d1%83%d1%80%d1%8b-%d0%bd%d0%b0-%d0%bc%d0%b0%d1%88%d0%b8%d0%bd%d0%b5\/%d0%b0%d0%b2%d1%82%d0%be%d0%bc%d0%be%d0%b1%d0%b8%d0%bb%d1%8c%d0%bd%d1%8b%d0%b5-%d1%82%d1%83%d1%80%d1%8b-%d0%bf%d0%be-%d1%80%d0%b8%d0%bc%d1%83-%d0%b8-%d0%b2%d0%b0%d1%82%d0%b8%d0%ba%d0%b0%d0%bd%d1%83\/%d0%bd%d0%be%d1%87%d0%bd%d0%be%d0%b9-%d1%80%d0%b8%d0%bc-%d0%bd%d0%b0-%d0%bc%d0%b0%d1%88%d0%b8%d0%bd%d0%b5\/","title":{"rendered":"Visite nocturne de Rome en voiture"},"content":{"rendered":"<p><\/p>\n<h5 style=\"text-align: center;\"><span class=\"VIiyi\" lang=\"fr\"><span class=\"JLqJ4b ChMk0b\" data-language-for-alternatives=\"fr\" data-language-to-translate-into=\"bg\" data-phrase-index=\"0\">R\u00e9servation d&#8217;excursions \u00e0 Rome sans pr\u00e9paiement<\/span><\/span><\/h5>\n<h5 style=\"text-align: center;\">\u00a0 <a href=\"mailto:info@rusrim.com\">info@rusrim.com\u00a0\u00a0<\/a>+39 389 59 75 184<\/h5>\n<div id=\"attachment_9070\" style=\"width: 614px\" class=\"wp-caption aligncenter\"><a href=\"http:\/\/www.rusrim.com\/wp-content\/uploads\/2021\/08\/Visite-privee-nocturne-de-Rome-.jpg\"><img aria-describedby=\"caption-attachment-9070\" loading=\"lazy\" class=\"Visite priv\u00e9e nocturne de Rome wp-image-9070 size-large\" title=\"Visite priv\u00e9e nocturne de Rome\" src=\"http:\/\/www.rusrim.com\/wp-content\/uploads\/2021\/08\/Visite-privee-nocturne-de-Rome--1024x675.jpg\" alt=\"Visite priv\u00e9e nocturne de Rome\" width=\"604\" height=\"398\" srcset=\"http:\/\/www.rusrim.com\/wp-content\/uploads\/2021\/08\/Visite-privee-nocturne-de-Rome--1024x675.jpg 1024w, http:\/\/www.rusrim.com\/wp-content\/uploads\/2021\/08\/Visite-privee-nocturne-de-Rome--300x198.jpg 300w, http:\/\/www.rusrim.com\/wp-content\/uploads\/2021\/08\/Visite-privee-nocturne-de-Rome--768x506.jpg 768w, http:\/\/www.rusrim.com\/wp-content\/uploads\/2021\/08\/Visite-privee-nocturne-de-Rome--1536x1013.jpg 1536w, http:\/\/www.rusrim.com\/wp-content\/uploads\/2021\/08\/Visite-privee-nocturne-de-Rome-.jpg 1940w\" sizes=\"(max-width: 604px) 100vw, 604px\" \/><\/a><p id=\"caption-attachment-9070\" class=\"wp-caption-text\">Visite priv\u00e9e nocturne de Rome<\/p><\/div>\n<p><iframe title=\"Visites nocturnes \u00e0 Rome aveque voiture RusRim.com\" width=\"500\" height=\"375\" src=\"https:\/\/www.youtube.com\/embed\/WxZykfYwpms?feature=oembed\" frameborder=\"0\" allow=\"accelerometer; autoplay; clipboard-write; encrypted-media; gyroscope; picture-in-picture; web-share\" referrerpolicy=\"strict-origin-when-cross-origin\" allowfullscreen><\/iframe><\/p>\n<div id=\"attachment_9444\" style=\"width: 766px\" class=\"wp-caption aligncenter\"><a href=\"http:\/\/www.rusrim.com\/wp-content\/uploads\/2021\/09\/TOURS-PRIVES-DE-ROME-Campidoglio.jpg\"><img aria-describedby=\"caption-attachment-9444\" loading=\"lazy\" class=\"TOURS PRIV\u00c9S DE ROME - Campidoglio wp-image-9444 size-full\" title=\"TOURS PRIV\u00c9S DE ROME - Campidoglio\" src=\"http:\/\/www.rusrim.com\/wp-content\/uploads\/2021\/09\/TOURS-PRIVES-DE-ROME-Campidoglio.jpg\" alt=\"TOURS PRIV\u00c9S DE ROME - Campidoglio\" width=\"756\" height=\"506\" srcset=\"http:\/\/www.rusrim.com\/wp-content\/uploads\/2021\/09\/TOURS-PRIVES-DE-ROME-Campidoglio.jpg 756w, http:\/\/www.rusrim.com\/wp-content\/uploads\/2021\/09\/TOURS-PRIVES-DE-ROME-Campidoglio-300x201.jpg 300w\" sizes=\"(max-width: 756px) 100vw, 756px\" \/><\/a><p id=\"caption-attachment-9444\" class=\"wp-caption-text\">TOURS PRIV\u00c9S DE ROME &#8211; Campidoglio<\/p><\/div>\n<p><iframe title=\"Campidoglio - Excursions en voiture \u00e0 Rome RusRim.com\" width=\"500\" height=\"281\" src=\"https:\/\/www.youtube.com\/embed\/ROb6Os0QhoI?feature=oembed\" frameborder=\"0\" allow=\"accelerometer; autoplay; clipboard-write; encrypted-media; gyroscope; picture-in-picture; web-share\" referrerpolicy=\"strict-origin-when-cross-origin\" allowfullscreen><\/iframe><\/p>\n<div id=\"attachment_9445\" style=\"width: 621px\" class=\"wp-caption aligncenter\"><a href=\"http:\/\/www.rusrim.com\/wp-content\/uploads\/2021\/09\/Excursions-a-Rome-avec-guide.jpg\"><img aria-describedby=\"caption-attachment-9445\" loading=\"lazy\" class=\"Excursions \u00e0 Rome avec guide wp-image-9445 \" title=\"Excursions \u00e0 Rome avec guide\" src=\"http:\/\/www.rusrim.com\/wp-content\/uploads\/2021\/09\/Excursions-a-Rome-avec-guide.jpg\" alt=\"Excursions \u00e0 Rome avec guide\" width=\"611\" height=\"407\" srcset=\"http:\/\/www.rusrim.com\/wp-content\/uploads\/2021\/09\/Excursions-a-Rome-avec-guide.jpg 500w, http:\/\/www.rusrim.com\/wp-content\/uploads\/2021\/09\/Excursions-a-Rome-avec-guide-300x200.jpg 300w\" sizes=\"(max-width: 611px) 100vw, 611px\" \/><\/a><p id=\"caption-attachment-9445\" class=\"wp-caption-text\">Excursions \u00e0 Rome avec guide<\/p><\/div>\n<p><iframe title=\"Renaissance italienne tours priv\u00e9 \u00e0 Rome et Florence RusRim.com\" width=\"500\" height=\"281\" src=\"https:\/\/www.youtube.com\/embed\/HZKPC2Lzo8k?feature=oembed\" frameborder=\"0\" allow=\"accelerometer; autoplay; clipboard-write; encrypted-media; gyroscope; picture-in-picture; web-share\" referrerpolicy=\"strict-origin-when-cross-origin\" allowfullscreen><\/iframe><\/p>\n<div id=\"attachment_9446\" style=\"width: 1034px\" class=\"wp-caption aligncenter\"><a href=\"http:\/\/www.rusrim.com\/wp-content\/uploads\/2021\/09\/Rome-nocturne-Santa-Maria-Maggiore.jpg\"><img aria-describedby=\"caption-attachment-9446\" loading=\"lazy\" class=\"Rome nocturne - Santa Maria Maggiore wp-image-9446 size-full\" title=\"Rome nocturne - Santa Maria Maggiore\" src=\"http:\/\/www.rusrim.com\/wp-content\/uploads\/2021\/09\/Rome-nocturne-Santa-Maria-Maggiore.jpg\" alt=\"Rome nocturne - Santa Maria Maggiore\" width=\"1024\" height=\"768\" srcset=\"http:\/\/www.rusrim.com\/wp-content\/uploads\/2021\/09\/Rome-nocturne-Santa-Maria-Maggiore.jpg 1024w, http:\/\/www.rusrim.com\/wp-content\/uploads\/2021\/09\/Rome-nocturne-Santa-Maria-Maggiore-300x225.jpg 300w, http:\/\/www.rusrim.com\/wp-content\/uploads\/2021\/09\/Rome-nocturne-Santa-Maria-Maggiore-768x576.jpg 768w\" sizes=\"(max-width: 1024px) 100vw, 1024px\" \/><\/a><p id=\"caption-attachment-9446\" class=\"wp-caption-text\">Rome nocturne &#8211; Santa Maria Maggiore<\/p><\/div>\n<h3 style=\"text-align: center;\">Tours motoris\u00e9s dans <span style=\"color: #0000ff;\"><a style=\"color: #0000ff;\" href=\"http:\/\/www.rusrim.com\/fr\/\u0440\u0438\u043c-\u0442\u0443\u0440\u044b-\u043d\u0430-\u043c\u0430\u0448\u0438\u043d\u0435\/\u0430\u0432\u0442\u043e\u043c\u043e\u0431\u0438\u043b\u044c\u043d\u044b\u0435-\u0442\u0443\u0440\u044b-\u043f\u043e-\u0440\u0438\u043c\u0443-\u0438-\u0432\u0430\u0442\u0438\u043a\u0430\u043d\u0443\/\">ROME<\/a><\/span> &#8211; <span style=\"color: #0000ff;\"><a style=\"color: #0000ff;\" href=\"http:\/\/www.rusrim.com\/fr\/\u0440\u0438\u043c-\u0442\u0443\u0440\u044b-\u043d\u0430-\u043c\u0430\u0448\u0438\u043d\u0435\/\u043b\u0430\u0446\u0438\u043e-\u044d\u043a\u0441\u043a\u0443\u0440\u0441\u0438\u0438-\u043d\u0430-\u043c\u0430\u0448\u0438\u043d\u0435\/\">LATIUM<\/a><\/span> &#8211; <a href=\"http:\/\/www.rusrim.com\/fr\/\u0440\u0438\u043c-\u0442\u0443\u0440\u044b-\u043d\u0430-\u043c\u0430\u0448\u0438\u043d\u0435\/\u044d\u043a\u0441\u043a\u0443\u0440\u0441\u0438\u0438-\u0432-\u0442\u043e\u0441\u043a\u0430\u043d\u0443-\u0438\u0437-\u0440\u0438\u043c\u0430\/\"><span style=\"color: #0000ff;\">TOSCANE<\/span><\/a> &#8211; <span style=\"color: #0000ff;\"><a style=\"color: #0000ff;\" href=\"http:\/\/www.rusrim.com\/fr\/\u0440\u0438\u043c-\u0442\u0443\u0440\u044b-\u043d\u0430-\u043c\u0430\u0448\u0438\u043d\u0435\/\u0443\u043c\u0431\u0440\u0438\u044f-\u044d\u043a\u0441\u043a\u0443\u0440\u0441\u0438\u0438-\u0441-\u0433\u0438\u0434\u043e\u043c\/\">OMBRIE<\/a><\/span> &#8211; <span style=\"color: #0000ff;\"><a style=\"color: #0000ff;\" href=\"http:\/\/www.rusrim.com\/fr\/\u0440\u0438\u043c-\u0442\u0443\u0440\u044b-\u043d\u0430-\u043c\u0430\u0448\u0438\u043d\u0435\/\u0430\u043c\u0430\u043b\u044c\u0444\u0438-\u043f\u043e\u0437\u0438\u0442\u0430\u043d\u043e-\u0441\u043e\u0440\u0440\u0435\u043d\u0442\u043e-\u043f\u043e\u043c\u043f\u0435\u0438\/\">CAMPANIE<\/a><\/span> &#8211; <span style=\"color: #0000ff;\"><a style=\"color: #0000ff;\" href=\"http:\/\/www.rusrim.com\/fr\/\u0440\u0438\u043c-\u0442\u0443\u0440\u044b-\u043d\u0430-\u043c\u0430\u0448\u0438\u043d\u0435\/english-abruzzo-private-car-tour-from-rome\/\">ABRUZZES<\/a><\/span> &#8211; <span style=\"color: #0000ff;\"><a style=\"color: #0000ff;\" href=\"http:\/\/www.rusrim.com\/fr\/\u0440\u0438\u043c-\u0442\u0443\u0440\u044b-\u043d\u0430-\u043c\u0430\u0448\u0438\u043d\u0435\/\u0432\u0435\u043d\u0435\u0446\u0438\u044f-\u0438\u043d\u0434\u0438\u0432\u0438\u0434\u0443\u0430\u043b\u044c\u043d\u0430\u044f-\u044d\u043a\u0441\u043a\u0443\u0440\u0441\u0438\u044f\/\">Venise &#8211; <\/a><a style=\"color: #0000ff;\" href=\"http:\/\/www.rusrim.com\/fr\/\u0440\u0438\u043c-\u0442\u0443\u0440\u044b-\u043d\u0430-\u043c\u0430\u0448\u0438\u043d\u0435\/\u0431\u044a\u043b\u0433\u0430\u0440\u0441\u043a\u0438-\u0442\u0440\u0435\u043d\u0442\u0438\u043d\u043e-\u0430\u043b\u0442\u043e-\u0430\u0434\u0438\u0434\u0436\u0435-\u0441\u0443\u0434-\u0442\/\">TRENTINO<\/a><\/span><\/h3>\n<h5 style=\"text-align: center;\">Excursions en Bulgare, Russe, Anglais, Fran\u00e7ais et Ukrainien<\/h5>\n<h5 style=\"text-align: center;\">Tours individuels avec chauffeur\/<span style=\"color: #0000ff;\"><a style=\"color: #0000ff;\" href=\"http:\/\/www.rusrim.com\/fr\/%D0%B3%D0%B8%D0%B4%D1%8B\/%D0%B3%D0%B8%D0%B4-%D1%80%D0%B8%D0%BC\/\">guide <\/a><\/span>-conf\u00e9rencier \u00e0 Rome, Le <span style=\"color: #0000ff;\"><a style=\"color: #0000ff;\" href=\"http:\/\/www.rusrim.com\/fr\/\u044d\u043a\u0441\u043a\u0443\u0440\u0441\u0438\u0438-\u043f\u043e-\u0440\u0438\u043c\u0443\/\u043e\u0431\u0437\u043e\u0440\u043d\u0430\u044f-\u043f\u043e-\u0432\u0430\u0442\u0438\u043a\u0430\u043d\u0443\/\">Vatican<\/a><\/span>, et les r\u00e9gions du <span style=\"color: #0000ff;\"><a style=\"color: #0000ff;\" href=\"http:\/\/www.rusrim.com\/fr\/\u0440\u0438\u043c-\u0442\u0443\u0440\u044b-\u043d\u0430-\u043c\u0430\u0448\u0438\u043d\u0435\/\u043b\u0430\u0446\u0438\u043e-\u044d\u043a\u0441\u043a\u0443\u0440\u0441\u0438\u0438-\u043d\u0430-\u043c\u0430\u0448\u0438\u043d\u0435\/\">LATIUM<\/a><\/span> (<span style=\"color: #0000ff;\"><a style=\"color: #0000ff;\" href=\"http:\/\/www.rusrim.com\/fr\/\u0440\u0438\u043c-\u0442\u0443\u0440\u044b-\u043d\u0430-\u043c\u0430\u0448\u0438\u043d\u0435\/\u043b\u0430\u0446\u0438\u043e-\u044d\u043a\u0441\u043a\u0443\u0440\u0441\u0438\u0438-\u043d\u0430-\u043c\u0430\u0448\u0438\u043d\u0435\/\u0442\u0438\u0432\u043e\u043b\u0438\/\">Tivoli<\/a><\/span>, <span style=\"color: #0000ff;\"><a style=\"color: #0000ff;\" href=\"http:\/\/www.rusrim.com\/fr\/\u0440\u0438\u043c-\u0442\u0443\u0440\u044b-\u043d\u0430-\u043c\u0430\u0448\u0438\u043d\u0435\/\u043b\u0430\u0446\u0438\u043e-\u044d\u043a\u0441\u043a\u0443\u0440\u0441\u0438\u0438-\u043d\u0430-\u043c\u0430\u0448\u0438\u043d\u0435\/\u0440\u0438\u043c\u0441\u043a\u0438\u0435-\u0437\u0430\u043c\u043a\u0438-\u044d\u043a\u0441\u043a\u0443\u0440\u0441\u0438\u044f\/\">Chateaux Romains<\/a><\/span>, <span style=\"color: #0000ff;\"><a style=\"color: #0000ff;\" href=\"http:\/\/www.rusrim.com\/fr\/\u0440\u0438\u043c-\u0442\u0443\u0440\u044b-\u043d\u0430-\u043c\u0430\u0448\u0438\u043d\u0435\/\u043b\u0430\u0446\u0438\u043e-\u044d\u043a\u0441\u043a\u0443\u0440\u0441\u0438\u0438-\u043d\u0430-\u043c\u0430\u0448\u0438\u043d\u0435\/\u0442\u0430\u0440\u043a\u0432\u0438\u043d\u0438\u044f\/\">Tarquinie<\/a><\/span>) et <span style=\"color: #0000ff;\"><a style=\"color: #0000ff;\" href=\"http:\/\/www.rusrim.com\/fr\/\u0440\u0438\u043c-\u0442\u0443\u0440\u044b-\u043d\u0430-\u043c\u0430\u0448\u0438\u043d\u0435\/\u044d\u043a\u0441\u043a\u0443\u0440\u0441\u0438\u0438-\u0432-\u0442\u043e\u0441\u043a\u0430\u043d\u0443-\u0438\u0437-\u0440\u0438\u043c\u0430\/\">TOSCANE<\/a><\/span> (Florence, Sienne, Capalbe, Argentaire, Pise), <span style=\"color: #0000ff;\"><a style=\"color: #0000ff;\" href=\"http:\/\/www.rusrim.com\/fr\/\u0440\u0438\u043c-\u0442\u0443\u0440\u044b-\u043d\u0430-\u043c\u0430\u0448\u0438\u043d\u0435\/\u0443\u043c\u0431\u0440\u0438\u044f-\u044d\u043a\u0441\u043a\u0443\u0440\u0441\u0438\u0438-\u0441-\u0433\u0438\u0434\u043e\u043c\/\">OMBRIE<\/a><\/span> (Orvieto, Assise, P\u00e9rouse) ABRUZZES ( <span style=\"color: #0000ff;\"><a style=\"color: #0000ff;\" href=\"http:\/\/www.rusrim.com\/fr\/\u0440\u0438\u043c-\u0442\u0443\u0440\u044b-\u043d\u0430-\u043c\u0430\u0448\u0438\u043d\u0435\/english-abruzzo-private-car-tour-from-rome\/\">Gran Sasso, l\u2019Aquila<\/a><\/span>) CAMPANIE ( <span style=\"color: #0000ff;\"><a style=\"color: #0000ff;\" href=\"http:\/\/www.rusrim.com\/fr\/\u0440\u0438\u043c-\u0442\u0443\u0440\u044b-\u043d\u0430-\u043c\u0430\u0448\u0438\u043d\u0435\/\u0430\u043c\u0430\u043b\u044c\u0444\u0438-\u043f\u043e\u0437\u0438\u0442\u0430\u043d\u043e-\u0441\u043e\u0440\u0440\u0435\u043d\u0442\u043e-\u043f\u043e\u043c\u043f\u0435\u0438\/\">Pomp\u00e9i et Amalfi<\/a><\/span>) avec chauffeur\/guide-conf\u00e9rencier Anglais, Fran\u00e7ais, Russe, Bulgare et Allemand.<\/h5>\n<h5 style=\"text-align: center;\"><span class=\"VIiyi\" lang=\"fr\"><span class=\"JLqJ4b ChMk0b\" data-language-for-alternatives=\"fr\" data-language-to-translate-into=\"bg\" data-phrase-index=\"0\">R\u00e9servation d&#8217;excursions \u00e0 Rome sans pr\u00e9paiement<\/span><\/span><\/h5>\n<h5 style=\"text-align: center;\">\u00a0 <a href=\"mailto:info@rusrim.com\">info@rusrim.com\u00a0\u00a0<\/a>+39 389 59 75 184<\/h5>\n<h5><\/h5>\n<p><\/p>","protected":false},"excerpt":{"rendered":"<p>R\u00e9servation d&#8217;excursions \u00e0 Rome sans pr\u00e9paiement \u00a0 info@rusrim.com\u00a0\u00a0+39 389 59 75 184 Tours motoris\u00e9s dans ROME &#8211; LATIUM &#8211; TOSCANE &#8211; OMBRIE &#8211; CAMPANIE &#8211; ABRUZZES &#8211; Venise &#8211; TRENTINO Excursions en Bulgare, Russe, Anglais, Fran\u00e7ais et Ukrainien Tours individuels avec chauffeur\/guide -conf\u00e9rencier \u00e0 Rome, Le Vatican, et les r\u00e9gions du LATIUM (Tivoli, Chateaux Romains, [&hellip;]<\/p>\n","protected":false},"author":2,"featured_media":0,"parent":238,"menu_order":3,"comment_status":"closed","ping_status":"closed","template":"","meta":[],"tags":[244,1510,1476,1497,1521,1462,1477,199,2882,191,240,238,236,227,231,226,2830,230,243,242,1412,1413,2406,245,152,232,1530,241,239,237,225,229,2404,2405,223,1214,2493,951,224,2829,228,1529,1495,1494,213,794,2397,1469,146,222,2872,3050,2831,2881,2407,1473,1528,2381,1531,235,234,233,154,201,1455,1457,1475,953,952,51,52,50,253,246,3461,250,3589,53,37,43,252,255,247,2946,8,251,2944,249,258,10,47,45,48,49,46,44,256,254,257,2945,2985,248],"_links":{"self":[{"href":"http:\/\/www.rusrim.com\/fr\/wp-json\/wp\/v2\/pages\/245"}],"collection":[{"href":"http:\/\/www.rusrim.com\/fr\/wp-json\/wp\/v2\/pages"}],"about":[{"href":"http:\/\/www.rusrim.com\/fr\/wp-json\/wp\/v2\/types\/page"}],"author":[{"embeddable":true,"href":"http:\/\/www.rusrim.com\/fr\/wp-json\/wp\/v2\/users\/2"}],"replies":[{"embeddable":true,"href":"http:\/\/www.rusrim.com\/fr\/wp-json\/wp\/v2\/comments?post=245"}],"version-history":[{"count":116,"href":"http:\/\/www.rusrim.com\/fr\/wp-json\/wp\/v2\/pages\/245\/revisions"}],"predecessor-version":[{"id":9743,"href":"http:\/\/www.rusrim.com\/fr\/wp-json\/wp\/v2\/pages\/245\/revisions\/9743"}],"up":[{"embeddable":true,"href":"http:\/\/www.rusrim.com\/fr\/wp-json\/wp\/v2\/pages\/238"}],"wp:attachment":[{"href":"http:\/\/www.rusrim.com\/fr\/wp-json\/wp\/v2\/media?parent=245"}],"wp:term":[{"taxonomy":"post_tag","embeddable":true,"href":"http:\/\/www.rusrim.com\/fr\/wp-json\/wp\/v2\/tags?post=245"}],"curies":[{"name":"wp","href":"https:\/\/api.w.org\/{rel}","templated":true}]}}