{"id":264,"date":"2015-11-16T17:55:09","date_gmt":"2015-11-16T17:55:09","guid":{"rendered":"http:\/\/www.rusrim.com\/?page_id=264"},"modified":"2021-09-03T15:11:43","modified_gmt":"2021-09-03T15:11:43","slug":"%d1%84%d0%bb%d0%be%d1%80%d0%b5%d0%bd%d1%86%d0%b8%d1%8f-%d0%b8-%d1%81%d0%b8%d0%b5%d0%bd%d0%b0-%d0%b8%d0%b7-%d1%80%d0%b8%d0%bc%d0%b0","status":"publish","type":"page","link":"http:\/\/www.rusrim.com\/fr\/%d1%80%d0%b8%d0%bc-%d1%82%d1%83%d1%80%d1%8b-%d0%bd%d0%b0-%d0%bc%d0%b0%d1%88%d0%b8%d0%bd%d0%b5\/%d1%8d%d0%ba%d1%81%d0%ba%d1%83%d1%80%d1%81%d0%b8%d0%b8-%d0%b2-%d1%82%d0%be%d1%81%d0%ba%d0%b0%d0%bd%d1%83-%d0%b8%d0%b7-%d1%80%d0%b8%d0%bc%d0%b0\/%d1%84%d0%bb%d0%be%d1%80%d0%b5%d0%bd%d1%86%d0%b8%d1%8f-%d0%b8-%d1%81%d0%b8%d0%b5%d0%bd%d0%b0-%d0%b8%d0%b7-%d1%80%d0%b8%d0%bc%d0%b0\/","title":{"rendered":"Tour de Florence et Siene en voiture de Rome"},"content":{"rendered":"<p><\/p>\n<h5 style=\"text-align: center;\"><span class=\"VIiyi\" lang=\"fr\"><span class=\"JLqJ4b ChMk0b\" data-language-for-alternatives=\"fr\" data-language-to-translate-into=\"bg\" data-phrase-index=\"0\">R\u00e9servation d\u2019excursions\u00a0<\/span><\/span><span class=\"VIiyi\" lang=\"fr\"><span class=\"JLqJ4b ChMk0b\" data-language-for-alternatives=\"fr\" data-language-to-translate-into=\"bg\" data-phrase-index=\"0\">en Italie\u00a0<\/span><\/span><span class=\"VIiyi\" lang=\"fr\"><span class=\"JLqJ4b ChMk0b\" data-language-for-alternatives=\"fr\" data-language-to-translate-into=\"bg\" data-phrase-index=\"0\">sans pr\u00e9paiement\u00a0<\/span><\/span><\/h5>\n<h5 style=\"text-align: center;\">+39 389 59 75 184\u00a0\u00a0\u00a0<a href=\"mailto:info@rusrim.com\">info@rusrim.com\u00a0\u00a0<\/a><\/h5>\n<p>&nbsp;<\/p>\n<h3 style=\"text-align: center;\">Florence<\/h3>\n<h5 class=\"entry-title\" style=\"text-align: center;\"><span class=\"VIiyi\" lang=\"fr\"><span class=\"JLqJ4b ChMk0b\" data-language-for-alternatives=\"fr\" data-language-to-translate-into=\"it\" data-phrase-index=\"0\">Visite priv\u00e9e en fran\u00e7ais de Florence avec un guide local et voiture<\/span><\/span><\/h5>\n<p><a href=\"http:\/\/www.rusrim.com\/wp-content\/uploads\/2021\/09\/Ponte-Vecchio-Firenze-Excursion-privee-a-Florence-.jpg\"><img loading=\"lazy\" class=\"Ponte Vecchio Firenze - Excursion priv\u00e9e \u00e0 Florence wp-image-9391 size-full alignnone\" title=\"Ponte Vecchio Firenze - Excursion priv\u00e9e \u00e0 Florence\" src=\"http:\/\/www.rusrim.com\/wp-content\/uploads\/2021\/09\/Ponte-Vecchio-Firenze-Excursion-privee-a-Florence-.jpg\" alt=\"Ponte Vecchio Firenze - Excursion priv\u00e9e \u00e0 Florence\" width=\"155\" height=\"155\" srcset=\"http:\/\/www.rusrim.com\/wp-content\/uploads\/2021\/09\/Ponte-Vecchio-Firenze-Excursion-privee-a-Florence-.jpg 155w, http:\/\/www.rusrim.com\/wp-content\/uploads\/2021\/09\/Ponte-Vecchio-Firenze-Excursion-privee-a-Florence--150x150.jpg 150w\" sizes=\"(max-width: 155px) 100vw, 155px\" \/><\/a><a href=\"http:\/\/www.rusrim.com\/wp-content\/uploads\/2021\/09\/Place-du-Campo-Siene.jpg\"><img loading=\"lazy\" class=\"Place du Campo Siene wp-image-9390 size-full alignnone\" title=\"Place du Campo Siene\" src=\"http:\/\/www.rusrim.com\/wp-content\/uploads\/2021\/09\/Place-du-Campo-Siene.jpg\" alt=\"Place du Campo Siene\" width=\"155\" height=\"155\" srcset=\"http:\/\/www.rusrim.com\/wp-content\/uploads\/2021\/09\/Place-du-Campo-Siene.jpg 155w, http:\/\/www.rusrim.com\/wp-content\/uploads\/2021\/09\/Place-du-Campo-Siene-150x150.jpg 150w\" sizes=\"(max-width: 155px) 100vw, 155px\" \/><\/a><a href=\"http:\/\/www.rusrim.com\/wp-content\/uploads\/2021\/09\/Visite-a-Florence-.jpg\"><img loading=\"lazy\" class=\"Visite \u00e0 Florence wp-image-9393 alignnone\" title=\"Visite \u00e0 Florence\" src=\"http:\/\/www.rusrim.com\/wp-content\/uploads\/2021\/09\/Visite-a-Florence--150x150.jpg\" alt=\"Visite \u00e0 Florence\" width=\"155\" height=\"155\" \/><\/a><\/p>\n<p><iframe title=\"FIRENZE   FLORENCE ORIGINAL MUSIC ADEL KARANOV\" width=\"500\" height=\"281\" src=\"https:\/\/www.youtube.com\/embed\/G06b1RVLRxE?feature=oembed\" frameborder=\"0\" allow=\"accelerometer; autoplay; clipboard-write; encrypted-media; gyroscope; picture-in-picture\" allowfullscreen><\/iframe><\/p>\n<p><iframe title=\"Michelangelo David - Excursions priv\u00e9es \u00e0 Florence RusRim.com Musique Adel Karanov\" width=\"500\" height=\"281\" src=\"https:\/\/www.youtube.com\/embed\/6emiAeSstWI?feature=oembed\" frameborder=\"0\" allow=\"accelerometer; autoplay; clipboard-write; encrypted-media; gyroscope; picture-in-picture\" allowfullscreen><\/iframe><\/p>\n<h4><\/h4>\n<h3 style=\"text-align: center;\">Sienne<\/h3>\n<h5 class=\"entry-title\" style=\"text-align: center;\"><span class=\"VIiyi\" lang=\"fr\"><span class=\"JLqJ4b ChMk0b\" data-language-for-alternatives=\"fr\" data-language-to-translate-into=\"it\" data-phrase-index=\"0\">Visite priv\u00e9e en fran\u00e7ais de Sienne avec un\u00a0<\/span><\/span><span class=\"VIiyi\" lang=\"fr\"><span class=\"JLqJ4b ChMk0b\" data-language-for-alternatives=\"fr\" data-language-to-translate-into=\"it\" data-phrase-index=\"0\">guide local et voiture<\/span><\/span><\/h5>\n<p><a href=\"http:\/\/www.rusrim.com\/wp-content\/uploads\/2021\/09\/Siena-Duomo.jpg\"><img loading=\"lazy\" class=\"Siena Duomo wp-image-9392 size-full alignnone\" title=\"Siena Duomo\" src=\"http:\/\/www.rusrim.com\/wp-content\/uploads\/2021\/09\/Siena-Duomo.jpg\" alt=\"Siena Duomo\" width=\"155\" height=\"155\" srcset=\"http:\/\/www.rusrim.com\/wp-content\/uploads\/2021\/09\/Siena-Duomo.jpg 155w, http:\/\/www.rusrim.com\/wp-content\/uploads\/2021\/09\/Siena-Duomo-150x150.jpg 150w\" sizes=\"(max-width: 155px) 100vw, 155px\" \/><\/a><a href=\"http:\/\/www.rusrim.com\/wp-content\/uploads\/2021\/09\/Piazza-del-Campo.jpg\"><img loading=\"lazy\" class=\"Piazza del Campo alignnone wp-image-9389 size-full\" title=\"Piazza del Campo\" src=\"http:\/\/www.rusrim.com\/wp-content\/uploads\/2021\/09\/Piazza-del-Campo.jpg\" alt=\"Piazza del Campo\" width=\"155\" height=\"155\" srcset=\"http:\/\/www.rusrim.com\/wp-content\/uploads\/2021\/09\/Piazza-del-Campo.jpg 155w, http:\/\/www.rusrim.com\/wp-content\/uploads\/2021\/09\/Piazza-del-Campo-150x150.jpg 150w\" sizes=\"(max-width: 155px) 100vw, 155px\" \/><\/a><a href=\"http:\/\/www.rusrim.com\/wp-content\/uploads\/2021\/09\/Visite-a-Siene.jpg\"><img loading=\"lazy\" class=\"Visite \u00e0 Siene alignnone wp-image-9388 size-full\" title=\"Visite \u00e0 Siene\" src=\"http:\/\/www.rusrim.com\/wp-content\/uploads\/2021\/09\/Visite-a-Siene.jpg\" alt=\"Visite \u00e0 Siene\" width=\"155\" height=\"155\" srcset=\"http:\/\/www.rusrim.com\/wp-content\/uploads\/2021\/09\/Visite-a-Siene.jpg 155w, http:\/\/www.rusrim.com\/wp-content\/uploads\/2021\/09\/Visite-a-Siene-150x150.jpg 150w\" sizes=\"(max-width: 155px) 100vw, 155px\" \/><\/a><\/p>\n<p><iframe title=\"SIENA - Tours priv\u00e9 en voiture - RusRim\" width=\"500\" height=\"281\" src=\"https:\/\/www.youtube.com\/embed\/ODHD0jHe68Q?feature=oembed\" frameborder=\"0\" allow=\"accelerometer; autoplay; clipboard-write; encrypted-media; gyroscope; picture-in-picture\" allowfullscreen><\/iframe><\/p>\n<p><iframe title=\"Sienne Palazzo Pubblico Tour priv\u00e9 \u00e0 Sienne RusRim.com\" width=\"500\" height=\"281\" src=\"https:\/\/www.youtube.com\/embed\/BXf5TCpw2OE?feature=oembed\" frameborder=\"0\" allow=\"accelerometer; autoplay; clipboard-write; encrypted-media; gyroscope; picture-in-picture\" allowfullscreen><\/iframe><\/p>\n<p><iframe title=\"Santa Croce in Florence tour priv\u00e9 RusRim.com 3D Musique Originale Adel Karanov\" width=\"500\" height=\"281\" src=\"https:\/\/www.youtube.com\/embed\/zqMPZ99URh8?feature=oembed\" frameborder=\"0\" allow=\"accelerometer; autoplay; clipboard-write; encrypted-media; gyroscope; picture-in-picture\" allowfullscreen><\/iframe><\/p>\n<h5 style=\"text-align: center;\"><span class=\"VIiyi\" lang=\"fr\"><span class=\"JLqJ4b ChMk0b\" data-language-for-alternatives=\"fr\" data-language-to-translate-into=\"it\" data-phrase-index=\"0\">Siene avec un guide en Fran\u00e7ais<\/span><\/span><\/h5>\n<div id=\"attachment_9382\" style=\"width: 2570px\" class=\"wp-caption aligncenter\"><a href=\"http:\/\/www.rusrim.com\/wp-content\/uploads\/2021\/09\/Piazza-Del-Campo-Sienne-.jpg\"><img aria-describedby=\"caption-attachment-9382\" loading=\"lazy\" class=\"Piazza Del Campo - Sienne wp-image-9382 size-full\" title=\"Piazza Del Campo - Sienne\" src=\"http:\/\/www.rusrim.com\/wp-content\/uploads\/2021\/09\/Piazza-Del-Campo-Sienne-.jpg\" alt=\"Piazza Del Campo - Sienne\" width=\"2560\" height=\"1536\" srcset=\"http:\/\/www.rusrim.com\/wp-content\/uploads\/2021\/09\/Piazza-Del-Campo-Sienne-.jpg 2560w, http:\/\/www.rusrim.com\/wp-content\/uploads\/2021\/09\/Piazza-Del-Campo-Sienne--300x180.jpg 300w, http:\/\/www.rusrim.com\/wp-content\/uploads\/2021\/09\/Piazza-Del-Campo-Sienne--1024x614.jpg 1024w, http:\/\/www.rusrim.com\/wp-content\/uploads\/2021\/09\/Piazza-Del-Campo-Sienne--768x461.jpg 768w, http:\/\/www.rusrim.com\/wp-content\/uploads\/2021\/09\/Piazza-Del-Campo-Sienne--1536x922.jpg 1536w, http:\/\/www.rusrim.com\/wp-content\/uploads\/2021\/09\/Piazza-Del-Campo-Sienne--2048x1229.jpg 2048w\" sizes=\"(max-width: 2560px) 100vw, 2560px\" \/><\/a><p id=\"caption-attachment-9382\" class=\"wp-caption-text\">Piazza Del Campo &#8211; Sienne<\/p><\/div>\n<div id=\"attachment_9381\" style=\"width: 2570px\" class=\"wp-caption aligncenter\"><a href=\"http:\/\/www.rusrim.com\/wp-content\/uploads\/2021\/09\/Detail-de-la-cathedrale-de-Sienne-.jpg\"><img aria-describedby=\"caption-attachment-9381\" loading=\"lazy\" class=\"D\u00e9tail de la cath\u00e9drale de Sienne wp-image-9381 size-full\" title=\"D\u00e9tail de la cath\u00e9drale de Sienne\" src=\"http:\/\/www.rusrim.com\/wp-content\/uploads\/2021\/09\/Detail-de-la-cathedrale-de-Sienne-.jpg\" alt=\"D\u00e9tail de la cath\u00e9drale de Sienne\" width=\"2560\" height=\"1536\" srcset=\"http:\/\/www.rusrim.com\/wp-content\/uploads\/2021\/09\/Detail-de-la-cathedrale-de-Sienne-.jpg 2560w, http:\/\/www.rusrim.com\/wp-content\/uploads\/2021\/09\/Detail-de-la-cathedrale-de-Sienne--300x180.jpg 300w, http:\/\/www.rusrim.com\/wp-content\/uploads\/2021\/09\/Detail-de-la-cathedrale-de-Sienne--1024x614.jpg 1024w, http:\/\/www.rusrim.com\/wp-content\/uploads\/2021\/09\/Detail-de-la-cathedrale-de-Sienne--768x461.jpg 768w, http:\/\/www.rusrim.com\/wp-content\/uploads\/2021\/09\/Detail-de-la-cathedrale-de-Sienne--1536x922.jpg 1536w, http:\/\/www.rusrim.com\/wp-content\/uploads\/2021\/09\/Detail-de-la-cathedrale-de-Sienne--2048x1229.jpg 2048w\" sizes=\"(max-width: 2560px) 100vw, 2560px\" \/><\/a><p id=\"caption-attachment-9381\" class=\"wp-caption-text\">D\u00e9tail de la cath\u00e9drale de Sienne<\/p><\/div>\n<div id=\"attachment_9380\" style=\"width: 2570px\" class=\"wp-caption aligncenter\"><a href=\"http:\/\/www.rusrim.com\/wp-content\/uploads\/2021\/09\/Cathedrale-de-Sienne.jpg\"><img aria-describedby=\"caption-attachment-9380\" loading=\"lazy\" class=\"Cath\u00e9drale de Sienne wp-image-9380 size-full\" title=\"Cath\u00e9drale de Sienne\" src=\"http:\/\/www.rusrim.com\/wp-content\/uploads\/2021\/09\/Cathedrale-de-Sienne.jpg\" alt=\"Cath\u00e9drale de Sienne\" width=\"2560\" height=\"1536\" srcset=\"http:\/\/www.rusrim.com\/wp-content\/uploads\/2021\/09\/Cathedrale-de-Sienne.jpg 2560w, http:\/\/www.rusrim.com\/wp-content\/uploads\/2021\/09\/Cathedrale-de-Sienne-300x180.jpg 300w, http:\/\/www.rusrim.com\/wp-content\/uploads\/2021\/09\/Cathedrale-de-Sienne-1024x614.jpg 1024w, http:\/\/www.rusrim.com\/wp-content\/uploads\/2021\/09\/Cathedrale-de-Sienne-768x461.jpg 768w, http:\/\/www.rusrim.com\/wp-content\/uploads\/2021\/09\/Cathedrale-de-Sienne-1536x922.jpg 1536w, http:\/\/www.rusrim.com\/wp-content\/uploads\/2021\/09\/Cathedrale-de-Sienne-2048x1229.jpg 2048w\" sizes=\"(max-width: 2560px) 100vw, 2560px\" \/><\/a><p id=\"caption-attachment-9380\" class=\"wp-caption-text\">Cath\u00e9drale de Sienne<\/p><\/div>\n<h3 style=\"text-align: center;\">San Galgano<\/h3>\n<div id=\"attachment_9360\" style=\"width: 743px\" class=\"wp-caption aligncenter\"><a href=\"http:\/\/www.rusrim.com\/wp-content\/uploads\/2021\/09\/Abbaye-de-San-Galgano-Visite-privee-en-Toscane-.jpg\"><img aria-describedby=\"caption-attachment-9360\" loading=\"lazy\" class=\"Abbaye de San Galgano - Visite priv\u00e9e en Toscane wp-image-9360 size-full\" title=\"Abbaye de San Galgano - Visite priv\u00e9e en Toscane\" src=\"http:\/\/www.rusrim.com\/wp-content\/uploads\/2021\/09\/Abbaye-de-San-Galgano-Visite-privee-en-Toscane-.jpg\" alt=\"Abbaye de San Galgano - Visite priv\u00e9e en Toscane\" width=\"733\" height=\"482\" srcset=\"http:\/\/www.rusrim.com\/wp-content\/uploads\/2021\/09\/Abbaye-de-San-Galgano-Visite-privee-en-Toscane-.jpg 733w, http:\/\/www.rusrim.com\/wp-content\/uploads\/2021\/09\/Abbaye-de-San-Galgano-Visite-privee-en-Toscane--300x197.jpg 300w\" sizes=\"(max-width: 733px) 100vw, 733px\" \/><\/a><p id=\"caption-attachment-9360\" class=\"wp-caption-text\">Abbaye de San Galgano &#8211; Visite priv\u00e9e en Toscane<\/p><\/div>\n<h3 style=\"text-align: center;\">Monteriggioni<\/h3>\n<div id=\"attachment_9362\" style=\"width: 773px\" class=\"wp-caption aligncenter\"><a href=\"http:\/\/www.rusrim.com\/wp-content\/uploads\/2021\/09\/Monteriggioni-Siena-Excursions-en-Toscane-.jpg\"><img aria-describedby=\"caption-attachment-9362\" loading=\"lazy\" class=\"Monteriggioni - Siena - Excursions en Toscane wp-image-9362 size-full\" title=\"Monteriggioni - Siena - Excursions en Toscane\" src=\"http:\/\/www.rusrim.com\/wp-content\/uploads\/2021\/09\/Monteriggioni-Siena-Excursions-en-Toscane-.jpg\" alt=\"Monteriggioni - Siena - Excursions en Toscane\" width=\"763\" height=\"299\" srcset=\"http:\/\/www.rusrim.com\/wp-content\/uploads\/2021\/09\/Monteriggioni-Siena-Excursions-en-Toscane-.jpg 763w, http:\/\/www.rusrim.com\/wp-content\/uploads\/2021\/09\/Monteriggioni-Siena-Excursions-en-Toscane--300x118.jpg 300w\" sizes=\"(max-width: 763px) 100vw, 763px\" \/><\/a><p id=\"caption-attachment-9362\" class=\"wp-caption-text\">Monteriggioni &#8211; Siena &#8211; Excursions en Toscane<\/p><\/div>\n<p><iframe title=\"Monteriggioni Toscane Excursions priv\u00e9es RusRim.com Tours en Italie\" width=\"500\" height=\"281\" src=\"https:\/\/www.youtube.com\/embed\/P-dNZ2PVa5A?feature=oembed\" frameborder=\"0\" allow=\"accelerometer; autoplay; clipboard-write; encrypted-media; gyroscope; picture-in-picture\" allowfullscreen><\/iframe><\/p>\n<p><iframe title=\"Fra Angelico e Piero della Francesca - Florence RusRim.com\" width=\"500\" height=\"281\" src=\"https:\/\/www.youtube.com\/embed\/bcFVo24slsQ?feature=oembed\" frameborder=\"0\" allow=\"accelerometer; autoplay; clipboard-write; encrypted-media; gyroscope; picture-in-picture\" allowfullscreen><\/iframe><\/p>\n<p><iframe title=\"Les Peintres italiens part 11 RusRim.com Tour priv\u00e9 en Italie\" width=\"500\" height=\"281\" src=\"https:\/\/www.youtube.com\/embed\/MO3Ge-0APRY?feature=oembed\" frameborder=\"0\" allow=\"accelerometer; autoplay; clipboard-write; encrypted-media; gyroscope; picture-in-picture\" allowfullscreen><\/iframe><\/p>\n<div id=\"attachment_9384\" style=\"width: 1210px\" class=\"wp-caption aligncenter\"><a href=\"http:\/\/www.rusrim.com\/wp-content\/uploads\/2021\/09\/Toscane-avec-chauffeur-guide-.jpg\"><img aria-describedby=\"caption-attachment-9384\" loading=\"lazy\" class=\"Toscane avec chauffeur guide wp-image-9384 size-full\" title=\"Toscane avec chauffeur guide\" src=\"http:\/\/www.rusrim.com\/wp-content\/uploads\/2021\/09\/Toscane-avec-chauffeur-guide-.jpg\" alt=\"Toscane avec chauffeur guide\" width=\"1200\" height=\"509\" srcset=\"http:\/\/www.rusrim.com\/wp-content\/uploads\/2021\/09\/Toscane-avec-chauffeur-guide-.jpg 1200w, http:\/\/www.rusrim.com\/wp-content\/uploads\/2021\/09\/Toscane-avec-chauffeur-guide--300x127.jpg 300w, http:\/\/www.rusrim.com\/wp-content\/uploads\/2021\/09\/Toscane-avec-chauffeur-guide--1024x434.jpg 1024w, http:\/\/www.rusrim.com\/wp-content\/uploads\/2021\/09\/Toscane-avec-chauffeur-guide--768x326.jpg 768w\" sizes=\"(max-width: 1200px) 100vw, 1200px\" \/><\/a><p id=\"caption-attachment-9384\" class=\"wp-caption-text\">Toscane avec chauffeur guide<\/p><\/div>\n<h5><\/h5>\n<h5 style=\"text-align: center;\"><span class=\"VIiyi\" lang=\"fr\"><span class=\"JLqJ4b ChMk0b\" data-language-for-alternatives=\"fr\" data-language-to-translate-into=\"bg\" data-phrase-index=\"0\">R\u00e9servation d\u2019excursions\u00a0<\/span><\/span><span class=\"VIiyi\" lang=\"fr\"><span class=\"JLqJ4b ChMk0b\" data-language-for-alternatives=\"fr\" data-language-to-translate-into=\"bg\" data-phrase-index=\"0\">en Italie\u00a0<\/span><\/span><span class=\"VIiyi\" lang=\"fr\"><span class=\"JLqJ4b ChMk0b\" data-language-for-alternatives=\"fr\" data-language-to-translate-into=\"bg\" data-phrase-index=\"0\">sans pr\u00e9paiement\u00a0<\/span><\/span><\/h5>\n<h5 style=\"text-align: center;\">+39 389 59 75 184\u00a0\u00a0\u00a0<a href=\"mailto:info@rusrim.com\">info@rusrim.com\u00a0\u00a0<\/a><\/h5>\n<p><\/p>","protected":false},"excerpt":{"rendered":"<p>R\u00e9servation d\u2019excursions\u00a0en Italie\u00a0sans pr\u00e9paiement\u00a0 +39 389 59 75 184\u00a0\u00a0\u00a0info@rusrim.com\u00a0\u00a0 &nbsp; Florence Visite priv\u00e9e en fran\u00e7ais de Florence avec un guide local et voiture Sienne Visite priv\u00e9e en fran\u00e7ais de Sienne avec un\u00a0guide local et voiture Siene avec un guide en Fran\u00e7ais San Galgano Monteriggioni R\u00e9servation d\u2019excursions\u00a0en Italie\u00a0sans pr\u00e9paiement\u00a0 +39 389 59 75 184\u00a0\u00a0\u00a0info@rusrim.com\u00a0\u00a0<\/p>\n","protected":false},"author":2,"featured_media":0,"parent":314,"menu_order":1,"comment_status":"closed","ping_status":"closed","template":"","meta":[],"tags":[1852,1873,1912,1913,1418,1861,1834,1898,1745,1757,1839,1899,390,1900,391,941,1878,58,1935,1936,1937,1850,1871,1934,1933,1932,1847,1868,1903,1901,1902,1906,1905,1904,1848,1869,1930,3349,392,1837,1836,1897,1896,1895,394,1840,1860,2415,1822,1821,1823,1908,1826,1825,1819,1824,385,2416,1914,1907,1820,1846,1867,651,405,389,388,1842,1863,1843,1864,1844,1865,270,1918,1917,1916,1919,1849,1870,1859,1881,1841,1862,2418,2419,1835,1838,1947,2414,2890,2891,1853,1874,1857,1879,2587,1851,1872,1854,1875,401,402,1910,1911,1925,1931,1926,1928,1929,1927,386,1922,1921,1915,1924,1909,1923,1920,1858,1880,1845,1866,406,387,1663,1827,1828,2892,2867,382,381,1832,1831,1830,1833,2447,384,1829,383,1885,1890,1883,1894,1884,1891,2417,1889,1887,1886,1888,1882,393,1893,1855,1876,1856,1877,1892,114,378,379,377,396,395,404,371,369,370,368,374,403,3351,366,363,373,372,400,398,397,399,375,376,672,367,117,362,336,365,120,364,361,380,2947,3350,93],"_links":{"self":[{"href":"http:\/\/www.rusrim.com\/fr\/wp-json\/wp\/v2\/pages\/264"}],"collection":[{"href":"http:\/\/www.rusrim.com\/fr\/wp-json\/wp\/v2\/pages"}],"about":[{"href":"http:\/\/www.rusrim.com\/fr\/wp-json\/wp\/v2\/types\/page"}],"author":[{"embeddable":true,"href":"http:\/\/www.rusrim.com\/fr\/wp-json\/wp\/v2\/users\/2"}],"replies":[{"embeddable":true,"href":"http:\/\/www.rusrim.com\/fr\/wp-json\/wp\/v2\/comments?post=264"}],"version-history":[{"count":147,"href":"http:\/\/www.rusrim.com\/fr\/wp-json\/wp\/v2\/pages\/264\/revisions"}],"predecessor-version":[{"id":9509,"href":"http:\/\/www.rusrim.com\/fr\/wp-json\/wp\/v2\/pages\/264\/revisions\/9509"}],"up":[{"embeddable":true,"href":"http:\/\/www.rusrim.com\/fr\/wp-json\/wp\/v2\/pages\/314"}],"wp:attachment":[{"href":"http:\/\/www.rusrim.com\/fr\/wp-json\/wp\/v2\/media?parent=264"}],"wp:term":[{"taxonomy":"post_tag","embeddable":true,"href":"http:\/\/www.rusrim.com\/fr\/wp-json\/wp\/v2\/tags?post=264"}],"curies":[{"name":"wp","href":"https:\/\/api.w.org\/{rel}","templated":true}]}}