{"id":268,"date":"2015-11-16T18:44:49","date_gmt":"2015-11-16T18:44:49","guid":{"rendered":"http:\/\/www.rusrim.com\/?page_id=268"},"modified":"2021-09-01T12:07:39","modified_gmt":"2021-09-01T12:07:39","slug":"%d0%bf%d0%be%d0%bb%d1%83%d0%be%d1%81%d1%82%d1%80%d0%be%d0%b2-%d0%b0%d1%80%d0%b4%d0%b6%d0%b5%d0%bd%d1%82%d0%b0%d1%80%d0%b8%d0%be","status":"publish","type":"page","link":"http:\/\/www.rusrim.com\/fr\/%d1%80%d0%b8%d0%bc-%d1%82%d1%83%d1%80%d1%8b-%d0%bd%d0%b0-%d0%bc%d0%b0%d1%88%d0%b8%d0%bd%d0%b5\/%d1%8d%d0%ba%d1%81%d0%ba%d1%83%d1%80%d1%81%d0%b8%d0%b8-%d0%b2-%d1%82%d0%be%d1%81%d0%ba%d0%b0%d0%bd%d1%83-%d0%b8%d0%b7-%d1%80%d0%b8%d0%bc%d0%b0\/%d0%bf%d0%be%d0%bb%d1%83%d0%be%d1%81%d1%82%d1%80%d0%be%d0%b2-%d0%b0%d1%80%d0%b4%d0%b6%d0%b5%d0%bd%d1%82%d0%b0%d1%80%d0%b8%d0%be\/","title":{"rendered":"Argentario et Capalbio &#8211; Visite priv\u00e9e de la Toscane au d\u00e9part de Rome"},"content":{"rendered":"<p><\/p>\n<h5 style=\"text-align: center;\"><span class=\"VIiyi\" lang=\"fr\"><span class=\"JLqJ4b ChMk0b\" data-language-for-alternatives=\"fr\" data-language-to-translate-into=\"bg\" data-phrase-index=\"0\">R\u00e9servation d\u2019excursions \u00e0 Rome sans pr\u00e9paiement<\/span><\/span><\/h5>\n<h5 style=\"text-align: center;\">+39 389 59 75 184\u00a0\u00a0\u00a0<a href=\"mailto:info@rusrim.com\">info@rusrim.com\u00a0\u00a0<\/a><\/h5>\n<p><a href=\"http:\/\/www.rusrim.com\/wp-content\/uploads\/2021\/09\/Argentario-Toscane-avec-guide-.jpg\"><img loading=\"lazy\" class=\"Argentario - Toscane avec guide wp-image-9370 size-full alignnone\" title=\"Argentario - Toscane avec guide\" src=\"http:\/\/www.rusrim.com\/wp-content\/uploads\/2021\/09\/Argentario-Toscane-avec-guide-.jpg\" alt=\"Argentario - Toscane avec guide\" width=\"155\" height=\"155\" srcset=\"http:\/\/www.rusrim.com\/wp-content\/uploads\/2021\/09\/Argentario-Toscane-avec-guide-.jpg 155w, http:\/\/www.rusrim.com\/wp-content\/uploads\/2021\/09\/Argentario-Toscane-avec-guide--150x150.jpg 150w\" sizes=\"(max-width: 155px) 100vw, 155px\" \/><\/a><a href=\"http:\/\/www.rusrim.com\/wp-content\/uploads\/2021\/09\/Capalbio-Il-giardino-dei-tarocchi.jpg\"><img loading=\"lazy\" class=\"Capalbio - Il giardino dei tarocchi wp-image-9375  alignnone\" title=\"Capalbio - Il giardino dei tarocchi\" src=\"http:\/\/www.rusrim.com\/wp-content\/uploads\/2021\/09\/Capalbio-Il-giardino-dei-tarocchi-150x150.jpg\" alt=\"Capalbio - Il giardino dei tarocchi\" width=\"155\" height=\"154\" \/><\/a><a href=\"http:\/\/www.rusrim.com\/wp-content\/uploads\/2021\/09\/Porto-Ercole-Monte-Argentario-.jpg\"><img loading=\"lazy\" class=\"Porto Ercole Monte Argentario alignnone wp-image-9374 size-full\" title=\"Porto Ercole Monte Argentario\" src=\"http:\/\/www.rusrim.com\/wp-content\/uploads\/2021\/09\/Porto-Ercole-Monte-Argentario-.jpg\" alt=\"Porto Ercole Monte Argentario\" width=\"155\" height=\"155\" srcset=\"http:\/\/www.rusrim.com\/wp-content\/uploads\/2021\/09\/Porto-Ercole-Monte-Argentario-.jpg 155w, http:\/\/www.rusrim.com\/wp-content\/uploads\/2021\/09\/Porto-Ercole-Monte-Argentario--150x150.jpg 150w\" sizes=\"(max-width: 155px) 100vw, 155px\" \/><\/a><\/p>\n<p><a href=\"http:\/\/www.rusrim.com\/wp-content\/uploads\/2021\/09\/Port-de-Santo-Stefano-Toscane-.jpg\"><img loading=\"lazy\" class=\"Port de Santo Stefano - Toscane alignnone wp-image-9373 size-full\" title=\"Port de Santo Stefano - Toscane\" src=\"http:\/\/www.rusrim.com\/wp-content\/uploads\/2021\/09\/Port-de-Santo-Stefano-Toscane-.jpg\" alt=\"Port de Santo Stefano - Toscane\" width=\"155\" height=\"155\" srcset=\"http:\/\/www.rusrim.com\/wp-content\/uploads\/2021\/09\/Port-de-Santo-Stefano-Toscane-.jpg 155w, http:\/\/www.rusrim.com\/wp-content\/uploads\/2021\/09\/Port-de-Santo-Stefano-Toscane--150x150.jpg 150w\" sizes=\"(max-width: 155px) 100vw, 155px\" \/><\/a><a href=\"http:\/\/www.rusrim.com\/wp-content\/uploads\/2021\/09\/Orbetello-Argentario-Toscane-.jpg\"><img loading=\"lazy\" class=\"Orbetello - Argentario - Toscane wp-image-9372 size-full alignnone\" title=\"Orbetello - Argentario - Toscane\" src=\"http:\/\/www.rusrim.com\/wp-content\/uploads\/2021\/09\/Orbetello-Argentario-Toscane-.jpg\" alt=\"Orbetello - Argentario - Toscane\" width=\"155\" height=\"155\" srcset=\"http:\/\/www.rusrim.com\/wp-content\/uploads\/2021\/09\/Orbetello-Argentario-Toscane-.jpg 155w, http:\/\/www.rusrim.com\/wp-content\/uploads\/2021\/09\/Orbetello-Argentario-Toscane--150x150.jpg 150w\" sizes=\"(max-width: 155px) 100vw, 155px\" \/><\/a><a href=\"http:\/\/www.rusrim.com\/wp-content\/uploads\/2021\/09\/Capalbio-Excursion-en-Francais.jpg\"><img loading=\"lazy\" class=\"Capalbio Excursion en Fran\u00e7ais alignnone wp-image-9371 size-full\" title=\"Capalbio Excursion en Fran\u00e7ais\" src=\"http:\/\/www.rusrim.com\/wp-content\/uploads\/2021\/09\/Capalbio-Excursion-en-Francais.jpg\" alt=\"Capalbio Excursion en Fran\u00e7ais\" width=\"155\" height=\"155\" srcset=\"http:\/\/www.rusrim.com\/wp-content\/uploads\/2021\/09\/Capalbio-Excursion-en-Francais.jpg 155w, http:\/\/www.rusrim.com\/wp-content\/uploads\/2021\/09\/Capalbio-Excursion-en-Francais-150x150.jpg 150w\" sizes=\"(max-width: 155px) 100vw, 155px\" \/><\/a><\/p>\n<div id=\"attachment_9376\" style=\"width: 2570px\" class=\"wp-caption aligncenter\"><a href=\"http:\/\/www.rusrim.com\/wp-content\/uploads\/2021\/09\/Niki-de-Saint-Falle-Toscane-.jpg\"><img aria-describedby=\"caption-attachment-9376\" loading=\"lazy\" class=\"Niki de Saint Fall\u00e9 - Toscane wp-image-9376 size-full\" title=\"Niki de Saint Fall\u00e9 - Toscane\" src=\"http:\/\/www.rusrim.com\/wp-content\/uploads\/2021\/09\/Niki-de-Saint-Falle-Toscane-.jpg\" alt=\"Niki de Saint Fall\u00e9 - Toscane\" width=\"2560\" height=\"1536\" srcset=\"http:\/\/www.rusrim.com\/wp-content\/uploads\/2021\/09\/Niki-de-Saint-Falle-Toscane-.jpg 2560w, http:\/\/www.rusrim.com\/wp-content\/uploads\/2021\/09\/Niki-de-Saint-Falle-Toscane--300x180.jpg 300w, http:\/\/www.rusrim.com\/wp-content\/uploads\/2021\/09\/Niki-de-Saint-Falle-Toscane--1024x614.jpg 1024w, http:\/\/www.rusrim.com\/wp-content\/uploads\/2021\/09\/Niki-de-Saint-Falle-Toscane--768x461.jpg 768w, http:\/\/www.rusrim.com\/wp-content\/uploads\/2021\/09\/Niki-de-Saint-Falle-Toscane--1536x922.jpg 1536w, http:\/\/www.rusrim.com\/wp-content\/uploads\/2021\/09\/Niki-de-Saint-Falle-Toscane--2048x1229.jpg 2048w\" sizes=\"(max-width: 2560px) 100vw, 2560px\" \/><\/a><p id=\"caption-attachment-9376\" class=\"wp-caption-text\">Niki de Saint Fall\u00e9 &#8211; Toscane<\/p><\/div>\n<div id=\"attachment_9129\" style=\"width: 614px\" class=\"wp-caption aligncenter\"><a href=\"http:\/\/www.rusrim.com\/wp-content\/uploads\/2021\/08\/Le-jardin-du-tarot-Visite-privee-de-la-Toscane-.jpg\"><img aria-describedby=\"caption-attachment-9129\" loading=\"lazy\" class=\"Le jardin du tarot - Visite priv\u00e9e de la Toscane wp-image-9129 size-large\" title=\"Le jardin du tarot - Visite priv\u00e9e de la Toscane\" src=\"http:\/\/www.rusrim.com\/wp-content\/uploads\/2021\/08\/Le-jardin-du-tarot-Visite-privee-de-la-Toscane--614x1024.jpg\" alt=\"Le jardin du tarot - Visite priv\u00e9e de la Toscane\" width=\"604\" height=\"1007\" srcset=\"http:\/\/www.rusrim.com\/wp-content\/uploads\/2021\/08\/Le-jardin-du-tarot-Visite-privee-de-la-Toscane--614x1024.jpg 614w, http:\/\/www.rusrim.com\/wp-content\/uploads\/2021\/08\/Le-jardin-du-tarot-Visite-privee-de-la-Toscane--180x300.jpg 180w, http:\/\/www.rusrim.com\/wp-content\/uploads\/2021\/08\/Le-jardin-du-tarot-Visite-privee-de-la-Toscane--768x1280.jpg 768w, http:\/\/www.rusrim.com\/wp-content\/uploads\/2021\/08\/Le-jardin-du-tarot-Visite-privee-de-la-Toscane--922x1536.jpg 922w, http:\/\/www.rusrim.com\/wp-content\/uploads\/2021\/08\/Le-jardin-du-tarot-Visite-privee-de-la-Toscane--1229x2048.jpg 1229w, http:\/\/www.rusrim.com\/wp-content\/uploads\/2021\/08\/Le-jardin-du-tarot-Visite-privee-de-la-Toscane-.jpg 1536w\" sizes=\"(max-width: 604px) 100vw, 604px\" \/><\/a><p id=\"caption-attachment-9129\" class=\"wp-caption-text\">Le jardin du tarot &#8211; Visite priv\u00e9e de la Toscane<\/p><\/div>\n<div id=\"attachment_9377\" style=\"width: 2570px\" class=\"wp-caption aligncenter\"><a href=\"http:\/\/www.rusrim.com\/wp-content\/uploads\/2021\/09\/Niki-de-Sant-Falle-Visite-Guidee-de-Capalbio-en-Francais-.jpg\"><img aria-describedby=\"caption-attachment-9377\" loading=\"lazy\" class=\"Niki de Sant Fall\u00e9 - Visite Guid\u00e9e de Capalbio en Fran\u00e7ais wp-image-9377 size-full\" title=\"Niki de Sant Fall\u00e9 - Visite Guid\u00e9e de Capalbio en Fran\u00e7ais\" src=\"http:\/\/www.rusrim.com\/wp-content\/uploads\/2021\/09\/Niki-de-Sant-Falle-Visite-Guidee-de-Capalbio-en-Francais-.jpg\" alt=\"Niki de Sant Fall\u00e9 - Visite Guid\u00e9e de Capalbio en Fran\u00e7ais\" width=\"2560\" height=\"1536\" srcset=\"http:\/\/www.rusrim.com\/wp-content\/uploads\/2021\/09\/Niki-de-Sant-Falle-Visite-Guidee-de-Capalbio-en-Francais-.jpg 2560w, http:\/\/www.rusrim.com\/wp-content\/uploads\/2021\/09\/Niki-de-Sant-Falle-Visite-Guidee-de-Capalbio-en-Francais--300x180.jpg 300w, http:\/\/www.rusrim.com\/wp-content\/uploads\/2021\/09\/Niki-de-Sant-Falle-Visite-Guidee-de-Capalbio-en-Francais--1024x614.jpg 1024w, http:\/\/www.rusrim.com\/wp-content\/uploads\/2021\/09\/Niki-de-Sant-Falle-Visite-Guidee-de-Capalbio-en-Francais--768x461.jpg 768w, http:\/\/www.rusrim.com\/wp-content\/uploads\/2021\/09\/Niki-de-Sant-Falle-Visite-Guidee-de-Capalbio-en-Francais--1536x922.jpg 1536w, http:\/\/www.rusrim.com\/wp-content\/uploads\/2021\/09\/Niki-de-Sant-Falle-Visite-Guidee-de-Capalbio-en-Francais--2048x1229.jpg 2048w\" sizes=\"(max-width: 2560px) 100vw, 2560px\" \/><\/a><p id=\"caption-attachment-9377\" class=\"wp-caption-text\">Niki de Sant Fall\u00e9 &#8211; Visite Guid\u00e9e de Capalbio en Fran\u00e7ais<\/p><\/div>\n<div id=\"attachment_9128\" style=\"width: 614px\" class=\"wp-caption aligncenter\"><a href=\"http:\/\/www.rusrim.com\/wp-content\/uploads\/2021\/08\/Le-jardin-des-tarots.jpg\"><img aria-describedby=\"caption-attachment-9128\" loading=\"lazy\" class=\"Le jardin des tarots wp-image-9128 size-large\" title=\"Le jardin des tarots\" src=\"http:\/\/www.rusrim.com\/wp-content\/uploads\/2021\/08\/Le-jardin-des-tarots-614x1024.jpg\" alt=\"Le jardin des tarots\" width=\"604\" height=\"1007\" srcset=\"http:\/\/www.rusrim.com\/wp-content\/uploads\/2021\/08\/Le-jardin-des-tarots-614x1024.jpg 614w, http:\/\/www.rusrim.com\/wp-content\/uploads\/2021\/08\/Le-jardin-des-tarots-180x300.jpg 180w, http:\/\/www.rusrim.com\/wp-content\/uploads\/2021\/08\/Le-jardin-des-tarots-768x1280.jpg 768w, http:\/\/www.rusrim.com\/wp-content\/uploads\/2021\/08\/Le-jardin-des-tarots-922x1536.jpg 922w, http:\/\/www.rusrim.com\/wp-content\/uploads\/2021\/08\/Le-jardin-des-tarots-1229x2048.jpg 1229w, http:\/\/www.rusrim.com\/wp-content\/uploads\/2021\/08\/Le-jardin-des-tarots.jpg 1536w\" sizes=\"(max-width: 604px) 100vw, 604px\" \/><\/a><p id=\"caption-attachment-9128\" class=\"wp-caption-text\">Le jardin des tarots<\/p><\/div>\n<div id=\"attachment_9130\" style=\"width: 614px\" class=\"wp-caption aligncenter\"><a href=\"http:\/\/www.rusrim.com\/wp-content\/uploads\/2021\/08\/Niki-de-saint-Falle-Capalbio-Visite-privee-de-la-Toscane.jpg\"><img aria-describedby=\"caption-attachment-9130\" loading=\"lazy\" class=\"Niki de saint Falle - Capalbio - Visite priv\u00e9e de la Toscane wp-image-9130 size-large\" title=\"Niki de saint Falle - Capalbio - Visite priv\u00e9e de la Toscane\" src=\"http:\/\/www.rusrim.com\/wp-content\/uploads\/2021\/08\/Niki-de-saint-Falle-Capalbio-Visite-privee-de-la-Toscane-614x1024.jpg\" alt=\"Niki de saint Falle - Capalbio - Visite priv\u00e9e de la Toscane\" width=\"604\" height=\"1007\" srcset=\"http:\/\/www.rusrim.com\/wp-content\/uploads\/2021\/08\/Niki-de-saint-Falle-Capalbio-Visite-privee-de-la-Toscane-614x1024.jpg 614w, http:\/\/www.rusrim.com\/wp-content\/uploads\/2021\/08\/Niki-de-saint-Falle-Capalbio-Visite-privee-de-la-Toscane-180x300.jpg 180w, http:\/\/www.rusrim.com\/wp-content\/uploads\/2021\/08\/Niki-de-saint-Falle-Capalbio-Visite-privee-de-la-Toscane-768x1280.jpg 768w, http:\/\/www.rusrim.com\/wp-content\/uploads\/2021\/08\/Niki-de-saint-Falle-Capalbio-Visite-privee-de-la-Toscane-922x1536.jpg 922w, http:\/\/www.rusrim.com\/wp-content\/uploads\/2021\/08\/Niki-de-saint-Falle-Capalbio-Visite-privee-de-la-Toscane-1229x2048.jpg 1229w, http:\/\/www.rusrim.com\/wp-content\/uploads\/2021\/08\/Niki-de-saint-Falle-Capalbio-Visite-privee-de-la-Toscane.jpg 1536w\" sizes=\"(max-width: 604px) 100vw, 604px\" \/><\/a><p id=\"caption-attachment-9130\" class=\"wp-caption-text\">Niki de saint Falle &#8211; Capalbio &#8211; Visite priv\u00e9e de la Toscane<\/p><\/div>\n<p>&nbsp;<\/p>\n<h5 style=\"text-align: center;\"><span class=\"VIiyi\" lang=\"fr\"><span class=\"JLqJ4b ChMk0b\" data-language-for-alternatives=\"fr\" data-language-to-translate-into=\"bg\" data-phrase-index=\"0\">R\u00e9servation d\u2019excursions \u00e0 Rome sans pr\u00e9paiement<\/span><\/span><\/h5>\n<h5 style=\"text-align: center;\">+39 389 59 75 184\u00a0\u00a0\u00a0<a href=\"mailto:info@rusrim.com\">info@rusrim.com\u00a0\u00a0<\/a><\/h5>\n<p><\/p>","protected":false},"excerpt":{"rendered":"<p>R\u00e9servation d\u2019excursions \u00e0 Rome sans pr\u00e9paiement +39 389 59 75 184\u00a0\u00a0\u00a0info@rusrim.com\u00a0\u00a0 &nbsp; R\u00e9servation d\u2019excursions \u00e0 Rome sans pr\u00e9paiement +39 389 59 75 184\u00a0\u00a0\u00a0info@rusrim.com\u00a0\u00a0<\/p>\n","protected":false},"author":2,"featured_media":0,"parent":314,"menu_order":6,"comment_status":"closed","ping_status":"closed","template":"","meta":[],"tags":[76,1657,1697,1699,1701,1655,1687,1688,2445,1653,75,1658,1698,1702,1700,1656,1682,1683,1654,22,62,3051,58,1651,1652,2012,1649,360,2894,1665,1674,1680,1685,1677,1671,1668,63,152,54,1696,1694,1695,1693,1691,1692,1689,1666,1675,1681,1686,1678,1672,1669,2442,2444,1568,1567,1650,523,1659,1661,1660,1664,1673,1679,1684,1676,2443,1670,1667,1663,1827,1662,2892,2867,382,381,1690,2431,384,383,51,52,27,50,2143,2144,2145,33,65,2141,34,66,424,53,37,423,11,425,36,421,426,117,30,10,61,7,422,83,2142],"_links":{"self":[{"href":"http:\/\/www.rusrim.com\/fr\/wp-json\/wp\/v2\/pages\/268"}],"collection":[{"href":"http:\/\/www.rusrim.com\/fr\/wp-json\/wp\/v2\/pages"}],"about":[{"href":"http:\/\/www.rusrim.com\/fr\/wp-json\/wp\/v2\/types\/page"}],"author":[{"embeddable":true,"href":"http:\/\/www.rusrim.com\/fr\/wp-json\/wp\/v2\/users\/2"}],"replies":[{"embeddable":true,"href":"http:\/\/www.rusrim.com\/fr\/wp-json\/wp\/v2\/comments?post=268"}],"version-history":[{"count":82,"href":"http:\/\/www.rusrim.com\/fr\/wp-json\/wp\/v2\/pages\/268\/revisions"}],"predecessor-version":[{"id":9378,"href":"http:\/\/www.rusrim.com\/fr\/wp-json\/wp\/v2\/pages\/268\/revisions\/9378"}],"up":[{"embeddable":true,"href":"http:\/\/www.rusrim.com\/fr\/wp-json\/wp\/v2\/pages\/314"}],"wp:attachment":[{"href":"http:\/\/www.rusrim.com\/fr\/wp-json\/wp\/v2\/media?parent=268"}],"wp:term":[{"taxonomy":"post_tag","embeddable":true,"href":"http:\/\/www.rusrim.com\/fr\/wp-json\/wp\/v2\/tags?post=268"}],"curies":[{"name":"wp","href":"https:\/\/api.w.org\/{rel}","templated":true}]}}