{"id":276,"date":"2015-11-16T20:34:08","date_gmt":"2015-11-16T20:34:08","guid":{"rendered":"http:\/\/www.rusrim.com\/?page_id=276"},"modified":"2021-09-18T16:01:55","modified_gmt":"2021-09-18T16:01:55","slug":"%d1%80%d0%b8%d0%bc%d1%81%d0%ba%d0%b8%d0%b5-%d0%b7%d0%b0%d0%bc%d0%ba%d0%b8-%d1%8d%d0%ba%d1%81%d0%ba%d1%83%d1%80%d1%81%d0%b8%d1%8f","status":"publish","type":"page","link":"http:\/\/www.rusrim.com\/fr\/%d1%80%d0%b8%d0%bc-%d1%82%d1%83%d1%80%d1%8b-%d0%bd%d0%b0-%d0%bc%d0%b0%d1%88%d0%b8%d0%bd%d0%b5\/%d0%bb%d0%b0%d1%86%d0%b8%d0%be-%d1%8d%d0%ba%d1%81%d0%ba%d1%83%d1%80%d1%81%d0%b8%d0%b8-%d0%bd%d0%b0-%d0%bc%d0%b0%d1%88%d0%b8%d0%bd%d0%b5\/%d1%80%d0%b8%d0%bc%d1%81%d0%ba%d0%b8%d0%b5-%d0%b7%d0%b0%d0%bc%d0%ba%d0%b8-%d1%8d%d0%ba%d1%81%d0%ba%d1%83%d1%80%d1%81%d0%b8%d1%8f\/","title":{"rendered":"Tour: Castelli Romani  CH\u00c2TEAU ROMAIN &#8211; Latium"},"content":{"rendered":"<p><\/p>\n<h5 style=\"text-align: center;\"><span class=\"VIiyi\" lang=\"fr\"><span class=\"JLqJ4b ChMk0b\" data-language-for-alternatives=\"fr\" data-language-to-translate-into=\"bg\" data-phrase-index=\"0\">R\u00e9servation d\u2019excursions \u00e0 Rome sans pr\u00e9paiement<\/span><\/span><\/h5>\n<h5 style=\"text-align: center;\">+39 389 59 75 184\u00a0\u00a0\u00a0<a href=\"mailto:info@rusrim.com\">info@rusrim.com\u00a0\u00a0<\/a><\/h5>\n<p><iframe title=\"Les Ch\u00e2teaux Romains et laques TOURS PRIV\u00c9S - Castelli Romani - Albano Nemi RusRim.com\" width=\"500\" height=\"281\" src=\"https:\/\/www.youtube.com\/embed\/LDuGEef8Vlc?feature=oembed\" frameborder=\"0\" allow=\"accelerometer; autoplay; clipboard-write; encrypted-media; gyroscope; picture-in-picture\" allowfullscreen><\/iframe><\/p>\n<div id=\"attachment_9316\" style=\"width: 1610px\" class=\"wp-caption aligncenter\"><a href=\"http:\/\/www.rusrim.com\/wp-content\/uploads\/2021\/09\/Castelli-Romani-.jpg\"><img aria-describedby=\"caption-attachment-9316\" loading=\"lazy\" class=\"Villa Grazioli - Ch\u00e2teaux Romains - Latium wp-image-9316 size-full\" title=\"Villa Grazioli - Ch\u00e2teaux Romains - Latium\" src=\"http:\/\/www.rusrim.com\/wp-content\/uploads\/2021\/09\/Castelli-Romani-.jpg\" alt=\"Villa Grazioli - Ch\u00e2teaux Romains - Latium\" width=\"1600\" height=\"960\" srcset=\"http:\/\/www.rusrim.com\/wp-content\/uploads\/2021\/09\/Castelli-Romani-.jpg 1600w, http:\/\/www.rusrim.com\/wp-content\/uploads\/2021\/09\/Castelli-Romani--300x180.jpg 300w, http:\/\/www.rusrim.com\/wp-content\/uploads\/2021\/09\/Castelli-Romani--1024x614.jpg 1024w, http:\/\/www.rusrim.com\/wp-content\/uploads\/2021\/09\/Castelli-Romani--768x461.jpg 768w, http:\/\/www.rusrim.com\/wp-content\/uploads\/2021\/09\/Castelli-Romani--1536x922.jpg 1536w\" sizes=\"(max-width: 1600px) 100vw, 1600px\" \/><\/a><p id=\"caption-attachment-9316\" class=\"wp-caption-text\">Villa Grazioli &#8211; Ch\u00e2teaux Romains &#8211; Latium<\/p><\/div>\n<p><a href=\"http:\/\/www.rusrim.com\/wp-content\/uploads\/2021\/09\/Genzano-Castelli-Romani-.jpg\"><img loading=\"lazy\" class=\"Genzano - Castelli Romani alignnone wp-image-9306 size-full\" title=\"Genzano - Castelli Romani\" src=\"http:\/\/www.rusrim.com\/wp-content\/uploads\/2021\/09\/Genzano-Castelli-Romani-.jpg\" alt=\"Genzano - Castelli Romani\" width=\"155\" height=\"155\" srcset=\"http:\/\/www.rusrim.com\/wp-content\/uploads\/2021\/09\/Genzano-Castelli-Romani-.jpg 155w, http:\/\/www.rusrim.com\/wp-content\/uploads\/2021\/09\/Genzano-Castelli-Romani--150x150.jpg 150w\" sizes=\"(max-width: 155px) 100vw, 155px\" \/><\/a><a href=\"http:\/\/www.rusrim.com\/wp-content\/uploads\/2021\/09\/Villa-Aldobrandini-Frascati.jpg\"><img loading=\"lazy\" class=\"Villa Aldobrandini - Frascati alignnone wp-image-9312 size-full\" title=\"Villa Aldobrandini - Frascati\" src=\"http:\/\/www.rusrim.com\/wp-content\/uploads\/2021\/09\/Villa-Aldobrandini-Frascati.jpg\" alt=\"Villa Aldobrandini - Frascati\" width=\"155\" height=\"155\" srcset=\"http:\/\/www.rusrim.com\/wp-content\/uploads\/2021\/09\/Villa-Aldobrandini-Frascati.jpg 155w, http:\/\/www.rusrim.com\/wp-content\/uploads\/2021\/09\/Villa-Aldobrandini-Frascati-150x150.jpg 150w\" sizes=\"(max-width: 155px) 100vw, 155px\" \/><\/a><a href=\"http:\/\/www.rusrim.com\/wp-content\/uploads\/2021\/09\/Tour-des-Vins-\u0435n-Italie.jpg\"><img loading=\"lazy\" class=\"Tour des Vins \u0435n Italie alignnone wp-image-9311 size-full\" title=\"Tour des Vins \u0435n Italie\" src=\"http:\/\/www.rusrim.com\/wp-content\/uploads\/2021\/09\/Tour-des-Vins-\u0435n-Italie.jpg\" alt=\"Tour des Vins \u0435n Italie\" width=\"155\" height=\"155\" srcset=\"http:\/\/www.rusrim.com\/wp-content\/uploads\/2021\/09\/Tour-des-Vins-\u0435n-Italie.jpg 155w, http:\/\/www.rusrim.com\/wp-content\/uploads\/2021\/09\/Tour-des-Vins-\u0435n-Italie-150x150.jpg 150w\" sizes=\"(max-width: 155px) 100vw, 155px\" \/><\/a><\/p>\n<p><a href=\"http:\/\/www.rusrim.com\/wp-content\/uploads\/2021\/09\/Pont-Arica-.jpg\"><img loading=\"lazy\" class=\"Pont Arica alignnone wp-image-9309 size-full\" title=\"Pont Arica\" src=\"http:\/\/www.rusrim.com\/wp-content\/uploads\/2021\/09\/Pont-Arica-.jpg\" alt=\"Pont Arica\" width=\"155\" height=\"155\" srcset=\"http:\/\/www.rusrim.com\/wp-content\/uploads\/2021\/09\/Pont-Arica-.jpg 155w, http:\/\/www.rusrim.com\/wp-content\/uploads\/2021\/09\/Pont-Arica--150x150.jpg 150w\" sizes=\"(max-width: 155px) 100vw, 155px\" \/><\/a><a href=\"http:\/\/www.rusrim.com\/wp-content\/uploads\/2021\/09\/Neptune-Castelli-Romani-Chateaux-romains-.jpg\"><img loading=\"lazy\" class=\"Neptune - Castelli Romani - Ch\u00e2teaux romains alignnone wp-image-9308 size-full\" title=\"Neptune - Castelli Romani - Ch\u00e2teaux romains\" src=\"http:\/\/www.rusrim.com\/wp-content\/uploads\/2021\/09\/Neptune-Castelli-Romani-Chateaux-romains-.jpg\" alt=\"Neptune - Castelli Romani - Ch\u00e2teaux romains\" width=\"155\" height=\"155\" srcset=\"http:\/\/www.rusrim.com\/wp-content\/uploads\/2021\/09\/Neptune-Castelli-Romani-Chateaux-romains-.jpg 155w, http:\/\/www.rusrim.com\/wp-content\/uploads\/2021\/09\/Neptune-Castelli-Romani-Chateaux-romains--150x150.jpg 150w\" sizes=\"(max-width: 155px) 100vw, 155px\" \/><\/a><a href=\"http:\/\/www.rusrim.com\/wp-content\/uploads\/2021\/09\/Salumeria-Albano-Castelli-Romani-.jpg\"><img loading=\"lazy\" class=\"Salumeria - Albano - Castelli Romani alignnone wp-image-9310 size-thumbnail\" title=\"Salumeria - Albano - Castelli Romani\" src=\"http:\/\/www.rusrim.com\/wp-content\/uploads\/2021\/09\/Salumeria-Albano-Castelli-Romani--150x150.jpg\" alt=\"Salumeria - Albano - Castelli Romani\" width=\"150\" height=\"150\" srcset=\"http:\/\/www.rusrim.com\/wp-content\/uploads\/2021\/09\/Salumeria-Albano-Castelli-Romani--150x150.jpg 150w, http:\/\/www.rusrim.com\/wp-content\/uploads\/2021\/09\/Salumeria-Albano-Castelli-Romani-.jpg 155w\" sizes=\"(max-width: 150px) 100vw, 150px\" \/><\/a><\/p>\n<div id=\"attachment_9314\" style=\"width: 610px\" class=\"wp-caption aligncenter\"><a href=\"http:\/\/www.rusrim.com\/wp-content\/uploads\/2021\/09\/Villa-Grazioli-Chateaux-Romains-.jpg\"><img aria-describedby=\"caption-attachment-9314\" loading=\"lazy\" class=\"Villa Grazioli - Ch\u00e2teaux Romains - Latium wp-image-9314 size-full\" title=\"Villa Grazioli - Ch\u00e2teaux Romains - Latium\" src=\"http:\/\/www.rusrim.com\/wp-content\/uploads\/2021\/09\/Villa-Grazioli-Chateaux-Romains-.jpg\" alt=\"Villa Grazioli - Ch\u00e2teaux Romains - Latium\" width=\"600\" height=\"399\" srcset=\"http:\/\/www.rusrim.com\/wp-content\/uploads\/2021\/09\/Villa-Grazioli-Chateaux-Romains-.jpg 600w, http:\/\/www.rusrim.com\/wp-content\/uploads\/2021\/09\/Villa-Grazioli-Chateaux-Romains--300x200.jpg 300w\" sizes=\"(max-width: 600px) 100vw, 600px\" \/><\/a><p id=\"caption-attachment-9314\" class=\"wp-caption-text\">Villa Grazioli &#8211; Ch\u00e2teaux Romains &#8211; Latium<\/p><\/div>\n<div id=\"attachment_9313\" style=\"width: 610px\" class=\"wp-caption aligncenter\"><a href=\"http:\/\/www.rusrim.com\/wp-content\/uploads\/2021\/09\/Villa-Grazioli-Chateaux-Romains-Latium-.jpg\"><img aria-describedby=\"caption-attachment-9313\" loading=\"lazy\" class=\"Villa Grazioli - Ch\u00e2teaux Romains - Latium wp-image-9313\" title=\"Villa Grazioli - Ch\u00e2teaux Romains - Latium\" src=\"http:\/\/www.rusrim.com\/wp-content\/uploads\/2021\/09\/Villa-Grazioli-Chateaux-Romains-Latium-.jpg\" alt=\"Villa Grazioli - Ch\u00e2teaux Romains - Latium\" width=\"600\" height=\"398\" srcset=\"http:\/\/www.rusrim.com\/wp-content\/uploads\/2021\/09\/Villa-Grazioli-Chateaux-Romains-Latium-.jpg 440w, http:\/\/www.rusrim.com\/wp-content\/uploads\/2021\/09\/Villa-Grazioli-Chateaux-Romains-Latium--300x199.jpg 300w\" sizes=\"(max-width: 600px) 100vw, 600px\" \/><\/a><p id=\"caption-attachment-9313\" class=\"wp-caption-text\">Villa Grazioli &#8211; Ch\u00e2teaux Romains &#8211; Latium<\/p><\/div>\n<div id=\"attachment_9319\" style=\"width: 1610px\" class=\"wp-caption aligncenter\"><a href=\"http:\/\/www.rusrim.com\/wp-content\/uploads\/2021\/09\/Recette-de-lempereur-Caligola-Baies-de-Divi-au-gramme-Nemi-Latium-.jpg\"><img aria-describedby=\"caption-attachment-9319\" loading=\"lazy\" class=\"Recette de l'empereur Caligola - Baies de Divi au gramme - Nemi - Latium wp-image-9319 size-full\" title=\"Recette de l'empereur Caligola - Baies de Divi au gramme - Nemi - Latium\" src=\"http:\/\/www.rusrim.com\/wp-content\/uploads\/2021\/09\/Recette-de-lempereur-Caligola-Baies-de-Divi-au-gramme-Nemi-Latium-.jpg\" alt=\"Recette de l'empereur Caligola - Baies de Divi au gramme - Nemi - Latium\" width=\"1600\" height=\"960\" srcset=\"http:\/\/www.rusrim.com\/wp-content\/uploads\/2021\/09\/Recette-de-lempereur-Caligola-Baies-de-Divi-au-gramme-Nemi-Latium-.jpg 1600w, http:\/\/www.rusrim.com\/wp-content\/uploads\/2021\/09\/Recette-de-lempereur-Caligola-Baies-de-Divi-au-gramme-Nemi-Latium--300x180.jpg 300w, http:\/\/www.rusrim.com\/wp-content\/uploads\/2021\/09\/Recette-de-lempereur-Caligola-Baies-de-Divi-au-gramme-Nemi-Latium--1024x614.jpg 1024w, http:\/\/www.rusrim.com\/wp-content\/uploads\/2021\/09\/Recette-de-lempereur-Caligola-Baies-de-Divi-au-gramme-Nemi-Latium--768x461.jpg 768w, http:\/\/www.rusrim.com\/wp-content\/uploads\/2021\/09\/Recette-de-lempereur-Caligola-Baies-de-Divi-au-gramme-Nemi-Latium--1536x922.jpg 1536w\" sizes=\"(max-width: 1600px) 100vw, 1600px\" \/><\/a><p id=\"caption-attachment-9319\" class=\"wp-caption-text\">Recette de l&#8217;empereur Caligola &#8211; Baies de Divi au gramme &#8211; Nemi &#8211; Latium<\/p><\/div>\n<div id=\"attachment_9318\" style=\"width: 1290px\" class=\"wp-caption aligncenter\"><a href=\"http:\/\/www.rusrim.com\/wp-content\/uploads\/2021\/09\/Nemi-EXCURSION-DES-VINS-DU-CHATEAU-ROMAIN-du-Latium-.jpg\"><img aria-describedby=\"caption-attachment-9318\" loading=\"lazy\" class=\"Nemi - EXCURSION DES VINS DU CH\u00c2TEAU ROMAIN du Latium wp-image-9318 size-full\" title=\"Nemi - EXCURSION DES VINS DU CH\u00c2TEAU ROMAIN du Latium\" src=\"http:\/\/www.rusrim.com\/wp-content\/uploads\/2021\/09\/Nemi-EXCURSION-DES-VINS-DU-CHATEAU-ROMAIN-du-Latium-.jpg\" alt=\"Nemi - EXCURSION DES VINS DU CH\u00c2TEAU ROMAIN du Latium\" width=\"1280\" height=\"1280\" srcset=\"http:\/\/www.rusrim.com\/wp-content\/uploads\/2021\/09\/Nemi-EXCURSION-DES-VINS-DU-CHATEAU-ROMAIN-du-Latium-.jpg 1280w, http:\/\/www.rusrim.com\/wp-content\/uploads\/2021\/09\/Nemi-EXCURSION-DES-VINS-DU-CHATEAU-ROMAIN-du-Latium--300x300.jpg 300w, http:\/\/www.rusrim.com\/wp-content\/uploads\/2021\/09\/Nemi-EXCURSION-DES-VINS-DU-CHATEAU-ROMAIN-du-Latium--1024x1024.jpg 1024w, http:\/\/www.rusrim.com\/wp-content\/uploads\/2021\/09\/Nemi-EXCURSION-DES-VINS-DU-CHATEAU-ROMAIN-du-Latium--150x150.jpg 150w, http:\/\/www.rusrim.com\/wp-content\/uploads\/2021\/09\/Nemi-EXCURSION-DES-VINS-DU-CHATEAU-ROMAIN-du-Latium--768x768.jpg 768w\" sizes=\"(max-width: 1280px) 100vw, 1280px\" \/><\/a><p id=\"caption-attachment-9318\" class=\"wp-caption-text\">Nemi &#8211; EXCURSION DES VINS DU CH\u00c2TEAU ROMAIN du Latium<\/p><\/div>\n<div id=\"attachment_9317\" style=\"width: 1210px\" class=\"wp-caption aligncenter\"><a href=\"http:\/\/www.rusrim.com\/wp-content\/uploads\/2021\/09\/Lac-de-Nemi-Excursion-au-Chateau-Romani-.jpg\"><img aria-describedby=\"caption-attachment-9317\" loading=\"lazy\" class=\"Lac de Nemi - Excursion au Ch\u00e2teau Romani wp-image-9317 size-full\" title=\"Lac de Nemi - Excursion au Ch\u00e2teau Romani\" src=\"http:\/\/www.rusrim.com\/wp-content\/uploads\/2021\/09\/Lac-de-Nemi-Excursion-au-Chateau-Romani-.jpg\" alt=\"Lac de Nemi - Excursion au Ch\u00e2teau Romani\" width=\"1200\" height=\"1600\" srcset=\"http:\/\/www.rusrim.com\/wp-content\/uploads\/2021\/09\/Lac-de-Nemi-Excursion-au-Chateau-Romani-.jpg 1200w, http:\/\/www.rusrim.com\/wp-content\/uploads\/2021\/09\/Lac-de-Nemi-Excursion-au-Chateau-Romani--225x300.jpg 225w, http:\/\/www.rusrim.com\/wp-content\/uploads\/2021\/09\/Lac-de-Nemi-Excursion-au-Chateau-Romani--768x1024.jpg 768w, http:\/\/www.rusrim.com\/wp-content\/uploads\/2021\/09\/Lac-de-Nemi-Excursion-au-Chateau-Romani--1152x1536.jpg 1152w\" sizes=\"(max-width: 1200px) 100vw, 1200px\" \/><\/a><p id=\"caption-attachment-9317\" class=\"wp-caption-text\">Lac de Nemi &#8211; Excursion au Ch\u00e2teau Romani<\/p><\/div>\n<div id=\"attachment_9307\" style=\"width: 2570px\" class=\"wp-caption aligncenter\"><a href=\"http:\/\/www.rusrim.com\/wp-content\/uploads\/2021\/09\/Lac-Lago-di-Nemi-Castelli-Romani--scaled.jpeg\"><img aria-describedby=\"caption-attachment-9307\" loading=\"lazy\" class=\"Lac - Lago di Nemi - Castelli Romani wp-image-9307 size-full\" title=\"Lac - Lago di Nemi - Castelli Romani\" src=\"http:\/\/www.rusrim.com\/wp-content\/uploads\/2021\/09\/Lac-Lago-di-Nemi-Castelli-Romani--scaled.jpeg\" alt=\"Lac - Lago di Nemi - Castelli Romani\" width=\"2560\" height=\"1702\" srcset=\"http:\/\/www.rusrim.com\/wp-content\/uploads\/2021\/09\/Lac-Lago-di-Nemi-Castelli-Romani--scaled.jpeg 2560w, http:\/\/www.rusrim.com\/wp-content\/uploads\/2021\/09\/Lac-Lago-di-Nemi-Castelli-Romani--300x199.jpeg 300w, http:\/\/www.rusrim.com\/wp-content\/uploads\/2021\/09\/Lac-Lago-di-Nemi-Castelli-Romani--1024x681.jpeg 1024w, http:\/\/www.rusrim.com\/wp-content\/uploads\/2021\/09\/Lac-Lago-di-Nemi-Castelli-Romani--768x511.jpeg 768w, http:\/\/www.rusrim.com\/wp-content\/uploads\/2021\/09\/Lac-Lago-di-Nemi-Castelli-Romani--1536x1021.jpeg 1536w, http:\/\/www.rusrim.com\/wp-content\/uploads\/2021\/09\/Lac-Lago-di-Nemi-Castelli-Romani--2048x1362.jpeg 2048w\" sizes=\"(max-width: 2560px) 100vw, 2560px\" \/><\/a><p id=\"caption-attachment-9307\" class=\"wp-caption-text\">Lac &#8211; Lago di Nemi &#8211; Castelli Romani<\/p><\/div>\n<div id=\"attachment_9322\" style=\"width: 730px\" class=\"wp-caption aligncenter\"><a href=\"http:\/\/www.rusrim.com\/wp-content\/uploads\/2021\/09\/Adel-Karanov-Guide-a-Rome.jpg\"><img aria-describedby=\"caption-attachment-9322\" loading=\"lazy\" class=\"Adel Karanov - Guide \u00e0 Rome wp-image-9322 size-full\" title=\"Adel Karanov - Guide \u00e0 Rome\" src=\"http:\/\/www.rusrim.com\/wp-content\/uploads\/2021\/09\/Adel-Karanov-Guide-a-Rome.jpg\" alt=\"Adel Karanov - Guide \u00e0 Rome\" width=\"720\" height=\"1280\" srcset=\"http:\/\/www.rusrim.com\/wp-content\/uploads\/2021\/09\/Adel-Karanov-Guide-a-Rome.jpg 720w, http:\/\/www.rusrim.com\/wp-content\/uploads\/2021\/09\/Adel-Karanov-Guide-a-Rome-169x300.jpg 169w, http:\/\/www.rusrim.com\/wp-content\/uploads\/2021\/09\/Adel-Karanov-Guide-a-Rome-576x1024.jpg 576w\" sizes=\"(max-width: 720px) 100vw, 720px\" \/><\/a><p id=\"caption-attachment-9322\" class=\"wp-caption-text\">Adel Karanov &#8211; Guide \u00e0 Rome<\/p><\/div>\n<h3 style=\"text-align: center;\">Tours motoris\u00e9s en Italie <span style=\"color: #0000ff;\"><a style=\"color: #0000ff;\" href=\"http:\/\/www.rusrim.com\/fr\/\u0440\u0438\u043c-\u0442\u0443\u0440\u044b-\u043d\u0430-\u043c\u0430\u0448\u0438\u043d\u0435\/\u0430\u0432\u0442\u043e\u043c\u043e\u0431\u0438\u043b\u044c\u043d\u044b\u0435-\u0442\u0443\u0440\u044b-\u043f\u043e-\u0440\u0438\u043c\u0443-\u0438-\u0432\u0430\u0442\u0438\u043a\u0430\u043d\u0443\/\">ROME<\/a><\/span> &#8211; <span style=\"color: #0000ff;\"><a style=\"color: #0000ff;\" href=\"http:\/\/www.rusrim.com\/fr\/\u0440\u0438\u043c-\u0442\u0443\u0440\u044b-\u043d\u0430-\u043c\u0430\u0448\u0438\u043d\u0435\/\u043b\u0430\u0446\u0438\u043e-\u044d\u043a\u0441\u043a\u0443\u0440\u0441\u0438\u0438-\u043d\u0430-\u043c\u0430\u0448\u0438\u043d\u0435\/\">LATIUM<\/a><\/span> &#8211; <a href=\"http:\/\/www.rusrim.com\/fr\/\u0440\u0438\u043c-\u0442\u0443\u0440\u044b-\u043d\u0430-\u043c\u0430\u0448\u0438\u043d\u0435\/\u044d\u043a\u0441\u043a\u0443\u0440\u0441\u0438\u0438-\u0432-\u0442\u043e\u0441\u043a\u0430\u043d\u0443-\u0438\u0437-\u0440\u0438\u043c\u0430\/\"><span style=\"color: #0000ff;\">TOSCANE<\/span><\/a> &#8211; <span style=\"color: #0000ff;\"><a style=\"color: #0000ff;\" href=\"http:\/\/www.rusrim.com\/fr\/\u0440\u0438\u043c-\u0442\u0443\u0440\u044b-\u043d\u0430-\u043c\u0430\u0448\u0438\u043d\u0435\/\u0443\u043c\u0431\u0440\u0438\u044f-\u044d\u043a\u0441\u043a\u0443\u0440\u0441\u0438\u0438-\u0441-\u0433\u0438\u0434\u043e\u043c\/\">OMBRIE<\/a><\/span> &#8211; <span style=\"color: #0000ff;\"><a style=\"color: #0000ff;\" href=\"http:\/\/www.rusrim.com\/fr\/\u0440\u0438\u043c-\u0442\u0443\u0440\u044b-\u043d\u0430-\u043c\u0430\u0448\u0438\u043d\u0435\/\u0430\u043c\u0430\u043b\u044c\u0444\u0438-\u043f\u043e\u0437\u0438\u0442\u0430\u043d\u043e-\u0441\u043e\u0440\u0440\u0435\u043d\u0442\u043e-\u043f\u043e\u043c\u043f\u0435\u0438\/\">CAMPANIE<\/a><\/span> &#8211; <span style=\"color: #0000ff;\"><a style=\"color: #0000ff;\" href=\"http:\/\/www.rusrim.com\/fr\/\u0440\u0438\u043c-\u0442\u0443\u0440\u044b-\u043d\u0430-\u043c\u0430\u0448\u0438\u043d\u0435\/english-abruzzo-private-car-tour-from-rome\/\">ABRUZZES<\/a><\/span> &#8211; <span style=\"color: #0000ff;\"><a style=\"color: #0000ff;\" href=\"http:\/\/www.rusrim.com\/fr\/\u0440\u0438\u043c-\u0442\u0443\u0440\u044b-\u043d\u0430-\u043c\u0430\u0448\u0438\u043d\u0435\/\u0432\u0435\u043d\u0435\u0446\u0438\u044f-\u0438\u043d\u0434\u0438\u0432\u0438\u0434\u0443\u0430\u043b\u044c\u043d\u0430\u044f-\u044d\u043a\u0441\u043a\u0443\u0440\u0441\u0438\u044f\/\">Venise &#8211; <\/a><a style=\"color: #0000ff;\" href=\"http:\/\/www.rusrim.com\/fr\/\u0440\u0438\u043c-\u0442\u0443\u0440\u044b-\u043d\u0430-\u043c\u0430\u0448\u0438\u043d\u0435\/\u0431\u044a\u043b\u0433\u0430\u0440\u0441\u043a\u0438-\u0442\u0440\u0435\u043d\u0442\u0438\u043d\u043e-\u0430\u043b\u0442\u043e-\u0430\u0434\u0438\u0434\u0436\u0435-\u0441\u0443\u0434-\u0442\/\">TRENTINO<\/a><\/span><\/h3>\n<h5 style=\"text-align: center;\">Excursions en Bulgare, Russe, Anglais, Fran\u00e7ais et Ukrainien<\/h5>\n<h5 style=\"text-align: center;\">Tours individuels avec chauffeur\/<span style=\"color: #0000ff;\"><a style=\"color: #0000ff;\" href=\"http:\/\/www.rusrim.com\/fr\/%D0%B3%D0%B8%D0%B4%D1%8B\/%D0%B3%D0%B8%D0%B4-%D1%80%D0%B8%D0%BC\/\">guide <\/a><\/span>-conf\u00e9rencier \u00e0 Rome, Le <span style=\"color: #0000ff;\"><a style=\"color: #0000ff;\" href=\"http:\/\/www.rusrim.com\/fr\/\u044d\u043a\u0441\u043a\u0443\u0440\u0441\u0438\u0438-\u043f\u043e-\u0440\u0438\u043c\u0443\/\u043e\u0431\u0437\u043e\u0440\u043d\u0430\u044f-\u043f\u043e-\u0432\u0430\u0442\u0438\u043a\u0430\u043d\u0443\/\">Vatican<\/a><\/span>, et les r\u00e9gions du <span style=\"color: #0000ff;\"><a style=\"color: #0000ff;\" href=\"http:\/\/www.rusrim.com\/fr\/\u0440\u0438\u043c-\u0442\u0443\u0440\u044b-\u043d\u0430-\u043c\u0430\u0448\u0438\u043d\u0435\/\u043b\u0430\u0446\u0438\u043e-\u044d\u043a\u0441\u043a\u0443\u0440\u0441\u0438\u0438-\u043d\u0430-\u043c\u0430\u0448\u0438\u043d\u0435\/\">LATIUM<\/a><\/span> (<span style=\"color: #0000ff;\"><a style=\"color: #0000ff;\" href=\"http:\/\/www.rusrim.com\/fr\/\u0440\u0438\u043c-\u0442\u0443\u0440\u044b-\u043d\u0430-\u043c\u0430\u0448\u0438\u043d\u0435\/\u043b\u0430\u0446\u0438\u043e-\u044d\u043a\u0441\u043a\u0443\u0440\u0441\u0438\u0438-\u043d\u0430-\u043c\u0430\u0448\u0438\u043d\u0435\/\u0442\u0438\u0432\u043e\u043b\u0438\/\">Tivoli<\/a><\/span>, <span style=\"color: #0000ff;\"><a style=\"color: #0000ff;\" href=\"http:\/\/www.rusrim.com\/fr\/\u0440\u0438\u043c-\u0442\u0443\u0440\u044b-\u043d\u0430-\u043c\u0430\u0448\u0438\u043d\u0435\/\u043b\u0430\u0446\u0438\u043e-\u044d\u043a\u0441\u043a\u0443\u0440\u0441\u0438\u0438-\u043d\u0430-\u043c\u0430\u0448\u0438\u043d\u0435\/\u0440\u0438\u043c\u0441\u043a\u0438\u0435-\u0437\u0430\u043c\u043a\u0438-\u044d\u043a\u0441\u043a\u0443\u0440\u0441\u0438\u044f\/\">Chateaux Romains<\/a><\/span>, <span style=\"color: #0000ff;\"><a style=\"color: #0000ff;\" href=\"http:\/\/www.rusrim.com\/fr\/\u0440\u0438\u043c-\u0442\u0443\u0440\u044b-\u043d\u0430-\u043c\u0430\u0448\u0438\u043d\u0435\/\u043b\u0430\u0446\u0438\u043e-\u044d\u043a\u0441\u043a\u0443\u0440\u0441\u0438\u0438-\u043d\u0430-\u043c\u0430\u0448\u0438\u043d\u0435\/\u0442\u0430\u0440\u043a\u0432\u0438\u043d\u0438\u044f\/\">Tarquinie<\/a><\/span>) et <span style=\"color: #0000ff;\"><a style=\"color: #0000ff;\" href=\"http:\/\/www.rusrim.com\/fr\/\u0440\u0438\u043c-\u0442\u0443\u0440\u044b-\u043d\u0430-\u043c\u0430\u0448\u0438\u043d\u0435\/\u044d\u043a\u0441\u043a\u0443\u0440\u0441\u0438\u0438-\u0432-\u0442\u043e\u0441\u043a\u0430\u043d\u0443-\u0438\u0437-\u0440\u0438\u043c\u0430\/\">TOSCANE<\/a><\/span> (Florence, Sienne, Capalbe, Argentaire, Pise), <span style=\"color: #0000ff;\"><a style=\"color: #0000ff;\" href=\"http:\/\/www.rusrim.com\/fr\/\u0440\u0438\u043c-\u0442\u0443\u0440\u044b-\u043d\u0430-\u043c\u0430\u0448\u0438\u043d\u0435\/\u0443\u043c\u0431\u0440\u0438\u044f-\u044d\u043a\u0441\u043a\u0443\u0440\u0441\u0438\u0438-\u0441-\u0433\u0438\u0434\u043e\u043c\/\">OMBRIE<\/a><\/span> (Orvieto, Assise, P\u00e9rouse) ABRUZZES ( <span style=\"color: #0000ff;\"><a style=\"color: #0000ff;\" href=\"http:\/\/www.rusrim.com\/fr\/\u0440\u0438\u043c-\u0442\u0443\u0440\u044b-\u043d\u0430-\u043c\u0430\u0448\u0438\u043d\u0435\/english-abruzzo-private-car-tour-from-rome\/\">Gran Sasso, l\u2019Aquila<\/a><\/span>) CAMPANIE ( <span style=\"color: #0000ff;\"><a style=\"color: #0000ff;\" href=\"http:\/\/www.rusrim.com\/fr\/\u0440\u0438\u043c-\u0442\u0443\u0440\u044b-\u043d\u0430-\u043c\u0430\u0448\u0438\u043d\u0435\/\u0430\u043c\u0430\u043b\u044c\u0444\u0438-\u043f\u043e\u0437\u0438\u0442\u0430\u043d\u043e-\u0441\u043e\u0440\u0440\u0435\u043d\u0442\u043e-\u043f\u043e\u043c\u043f\u0435\u0438\/\">Pomp\u00e9i et Amalfi<\/a><\/span>) avec chauffeur\/guide-conf\u00e9rencier Anglais, Fran\u00e7ais, Russe, Bulgare et Allemand.<\/h5>\n<h5 style=\"text-align: center;\"><span class=\"VIiyi\" lang=\"fr\"><span class=\"JLqJ4b ChMk0b\" data-language-for-alternatives=\"fr\" data-language-to-translate-into=\"bg\" data-phrase-index=\"0\">R\u00e9servation d\u2019excursions en Toscane sans pr\u00e9paiement<\/span><\/span><\/h5>\n<h5 style=\"text-align: center;\">+39 389 59 75 184\u00a0\u00a0\u00a0<a href=\"mailto:info@rusrim.com\">info@rusrim.com\u00a0\u00a0<\/a><\/h5>\n<p><\/p>","protected":false},"excerpt":{"rendered":"<p>R\u00e9servation d\u2019excursions \u00e0 Rome sans pr\u00e9paiement +39 389 59 75 184\u00a0\u00a0\u00a0info@rusrim.com\u00a0\u00a0 Tours motoris\u00e9s en Italie ROME &#8211; LATIUM &#8211; TOSCANE &#8211; OMBRIE &#8211; CAMPANIE &#8211; ABRUZZES &#8211; Venise &#8211; TRENTINO Excursions en Bulgare, Russe, Anglais, Fran\u00e7ais et Ukrainien Tours individuels avec chauffeur\/guide -conf\u00e9rencier \u00e0 Rome, Le Vatican, et les r\u00e9gions du LATIUM (Tivoli, Chateaux Romains, [&hellip;]<\/p>\n","protected":false},"author":2,"featured_media":0,"parent":6373,"menu_order":2,"comment_status":"closed","ping_status":"closed","template":"","meta":[],"tags":[466,445,3265,457,156,22,1815,62,431,3252,68,443,2500,58,467,474,449,2254,2012,2899,349,2010,446,475,152,3269,3268,3203,3204,341,3059,3222,3101,2594,2572,3264,458,444,451,448,23,2207,3266,67,2844,2846,2845,2939,2940,3251,2942,3250,2941,2872,2502,2501,450,473,465,470,468,447,472,469,476,3253,51,52,27,50,471,453,3258,3255,2375,462,461,3260,33,65,3259,3254,2377,3208,464,463,34,66,134,460,53,37,11,43,2998,456,2370,2371,2151,3256,36,477,2376,31,3261,3262,3263,180,39,459,455,452,479,441,3267,3257,442,440,2372,117,10,120,44,454,61,3170,6,7,83,478],"_links":{"self":[{"href":"http:\/\/www.rusrim.com\/fr\/wp-json\/wp\/v2\/pages\/276"}],"collection":[{"href":"http:\/\/www.rusrim.com\/fr\/wp-json\/wp\/v2\/pages"}],"about":[{"href":"http:\/\/www.rusrim.com\/fr\/wp-json\/wp\/v2\/types\/page"}],"author":[{"embeddable":true,"href":"http:\/\/www.rusrim.com\/fr\/wp-json\/wp\/v2\/users\/2"}],"replies":[{"embeddable":true,"href":"http:\/\/www.rusrim.com\/fr\/wp-json\/wp\/v2\/comments?post=276"}],"version-history":[{"count":92,"href":"http:\/\/www.rusrim.com\/fr\/wp-json\/wp\/v2\/pages\/276\/revisions"}],"predecessor-version":[{"id":9528,"href":"http:\/\/www.rusrim.com\/fr\/wp-json\/wp\/v2\/pages\/276\/revisions\/9528"}],"up":[{"embeddable":true,"href":"http:\/\/www.rusrim.com\/fr\/wp-json\/wp\/v2\/pages\/6373"}],"wp:attachment":[{"href":"http:\/\/www.rusrim.com\/fr\/wp-json\/wp\/v2\/media?parent=276"}],"wp:term":[{"taxonomy":"post_tag","embeddable":true,"href":"http:\/\/www.rusrim.com\/fr\/wp-json\/wp\/v2\/tags?post=276"}],"curies":[{"name":"wp","href":"https:\/\/api.w.org\/{rel}","templated":true}]}}