{"id":289,"date":"2015-11-17T23:22:35","date_gmt":"2015-11-17T23:22:35","guid":{"rendered":"http:\/\/www.rusrim.com\/?page_id=289"},"modified":"2021-09-18T16:03:53","modified_gmt":"2021-09-18T16:03:53","slug":"%d0%b4%d1%80%d0%b5%d0%b2%d0%bd%d1%8f%d1%8f-%d0%be%d1%81%d1%82%d0%b8%d1%8f-%d1%8d%d0%ba%d1%81%d0%ba%d1%83%d1%80%d1%81%d0%b8%d1%8f","status":"publish","type":"page","link":"http:\/\/www.rusrim.com\/fr\/%d1%80%d0%b8%d0%bc-%d1%82%d1%83%d1%80%d1%8b-%d0%bd%d0%b0-%d0%bc%d0%b0%d1%88%d0%b8%d0%bd%d0%b5\/%d0%bb%d0%b0%d1%86%d0%b8%d0%be-%d1%8d%d0%ba%d1%81%d0%ba%d1%83%d1%80%d1%81%d0%b8%d0%b8-%d0%bd%d0%b0-%d0%bc%d0%b0%d1%88%d0%b8%d0%bd%d0%b5\/%d0%b4%d1%80%d0%b5%d0%b2%d0%bd%d1%8f%d1%8f-%d0%be%d1%81%d1%82%d0%b8%d1%8f-%d1%8d%d0%ba%d1%81%d0%ba%d1%83%d1%80%d1%81%d0%b8%d1%8f\/","title":{"rendered":"Excursion \u00e0 Ostia Antica"},"content":{"rendered":"<p><\/p>\n<h5 style=\"text-align: center;\"><span class=\"VIiyi\" lang=\"fr\"><span class=\"JLqJ4b ChMk0b\" data-language-for-alternatives=\"fr\" data-language-to-translate-into=\"bg\" data-phrase-index=\"0\">R\u00e9servation d\u2019excursions \u00e0 Rome sans pr\u00e9paiement<\/span><\/span><\/h5>\n<h5 style=\"text-align: center;\">+39 389 59 75 184\u00a0\u00a0\u00a0<a href=\"mailto:info@rusrim.com\">info@rusrim.com\u00a0\u00a0<\/a><\/h5>\n<div id=\"attachment_9356\" style=\"width: 650px\" class=\"wp-caption aligncenter\"><a href=\"http:\/\/www.rusrim.com\/wp-content\/uploads\/2021\/09\/La-ville-antique-dOstie-.jpg\"><img aria-describedby=\"caption-attachment-9356\" loading=\"lazy\" class=\"La ville antique d'Ostie wp-image-9356 size-full\" title=\"La ville antique d'Ostie\" src=\"http:\/\/www.rusrim.com\/wp-content\/uploads\/2021\/09\/La-ville-antique-dOstie-.jpg\" alt=\"La ville antique d'Ostie\" width=\"640\" height=\"428\" srcset=\"http:\/\/www.rusrim.com\/wp-content\/uploads\/2021\/09\/La-ville-antique-dOstie-.jpg 640w, http:\/\/www.rusrim.com\/wp-content\/uploads\/2021\/09\/La-ville-antique-dOstie--300x201.jpg 300w\" sizes=\"(max-width: 640px) 100vw, 640px\" \/><\/a><p id=\"caption-attachment-9356\" class=\"wp-caption-text\">La ville antique d&#8217;Ostie<\/p><\/div>\n<p><a href=\"http:\/\/www.rusrim.com\/wp-content\/uploads\/2021\/09\/Rome-Chateau-Porziano.jpg\"><img loading=\"lazy\" class=\"Rome - Ch\u00e2teau Porziano wp-image-9355 size-full alignnone\" title=\"Rome - Ch\u00e2teau Porziano\" src=\"http:\/\/www.rusrim.com\/wp-content\/uploads\/2021\/09\/Rome-Chateau-Porziano.jpg\" alt=\"Rome - Ch\u00e2teau Porziano\" width=\"155\" height=\"155\" srcset=\"http:\/\/www.rusrim.com\/wp-content\/uploads\/2021\/09\/Rome-Chateau-Porziano.jpg 155w, http:\/\/www.rusrim.com\/wp-content\/uploads\/2021\/09\/Rome-Chateau-Porziano-150x150.jpg 150w\" sizes=\"(max-width: 155px) 100vw, 155px\" \/><\/a><a href=\"http:\/\/www.rusrim.com\/wp-content\/uploads\/2021\/09\/Ostia-antique-Rusrim-.jpg\"><img loading=\"lazy\" class=\"Ostia antique - Rusrim alignnone wp-image-9354 size-full\" title=\"Ostia antique - Rusrim\" src=\"http:\/\/www.rusrim.com\/wp-content\/uploads\/2021\/09\/Ostia-antique-Rusrim-.jpg\" alt=\"Ostia antique - Rusrim\" width=\"155\" height=\"155\" srcset=\"http:\/\/www.rusrim.com\/wp-content\/uploads\/2021\/09\/Ostia-antique-Rusrim-.jpg 155w, http:\/\/www.rusrim.com\/wp-content\/uploads\/2021\/09\/Ostia-antique-Rusrim--150x150.jpg 150w\" sizes=\"(max-width: 155px) 100vw, 155px\" \/><\/a><a href=\"http:\/\/www.rusrim.com\/wp-content\/uploads\/2021\/09\/Rome-Chateau-Porziano.jpg\"><img loading=\"lazy\" class=\"Rome - Ch\u00e2teau Porziano wp-image-9355 size-full alignnone\" title=\"Rome - Ch\u00e2teau Porziano\" src=\"http:\/\/www.rusrim.com\/wp-content\/uploads\/2021\/09\/Rome-Chateau-Porziano.jpg\" alt=\"Rome - Ch\u00e2teau Porziano\" width=\"155\" height=\"155\" srcset=\"http:\/\/www.rusrim.com\/wp-content\/uploads\/2021\/09\/Rome-Chateau-Porziano.jpg 155w, http:\/\/www.rusrim.com\/wp-content\/uploads\/2021\/09\/Rome-Chateau-Porziano-150x150.jpg 150w\" sizes=\"(max-width: 155px) 100vw, 155px\" \/><\/a><\/p>\n<p>&nbsp;<\/p>\n<p><a href=\"http:\/\/www.rusrim.com\/wp-content\/uploads\/2021\/09\/Ostia-Antica-Latium-.png\"><img loading=\"lazy\" class=\"Ostia Antica - Latium alignnone wp-image-9353 size-thumbnail\" title=\"Ostia Antica - Latium\" src=\"http:\/\/www.rusrim.com\/wp-content\/uploads\/2021\/09\/Ostia-Antica-Latium--150x150.png\" alt=\"Ostia Antica - Latium\" width=\"150\" height=\"150\" \/><\/a><a href=\"http:\/\/www.rusrim.com\/wp-content\/uploads\/2021\/09\/Excursion-a-Ostie-.jpg\"><img loading=\"lazy\" class=\"Excursion \u00e0 Ostie wp-image-9352 size-full alignnone\" title=\"Excursion \u00e0 Ostie\" src=\"http:\/\/www.rusrim.com\/wp-content\/uploads\/2021\/09\/Excursion-a-Ostie-.jpg\" alt=\"Excursion \u00e0 Ostie\" width=\"155\" height=\"155\" srcset=\"http:\/\/www.rusrim.com\/wp-content\/uploads\/2021\/09\/Excursion-a-Ostie-.jpg 155w, http:\/\/www.rusrim.com\/wp-content\/uploads\/2021\/09\/Excursion-a-Ostie--150x150.jpg 150w\" sizes=\"(max-width: 155px) 100vw, 155px\" \/><\/a><a href=\"http:\/\/www.rusrim.com\/wp-content\/uploads\/2021\/09\/Chateau-Ostie-Latium-Visite-guidee-en-voiture-.jpg\"><img loading=\"lazy\" class=\"Ch\u00e2teau - Ostie - Latium - Visite guid\u00e9e en voiture wp-image-9351 size-thumbnail alignnone\" title=\"Ch\u00e2teau - Ostie - Latium - Visite guid\u00e9e en voiture\" src=\"http:\/\/www.rusrim.com\/wp-content\/uploads\/2021\/09\/Chateau-Ostie-Latium-Visite-guidee-en-voiture--150x150.jpg\" alt=\"Ch\u00e2teau - Ostie - Latium - Visite guid\u00e9e en voiture\" width=\"150\" height=\"150\" \/><\/a><\/p>\n<div id=\"attachment_9350\" style=\"width: 2298px\" class=\"wp-caption aligncenter\"><a href=\"http:\/\/www.rusrim.com\/wp-content\/uploads\/2021\/09\/Tour-de-Ostia-en-voiture.jpg\"><img aria-describedby=\"caption-attachment-9350\" loading=\"lazy\" class=\"size-full wp-image-9350\" src=\"http:\/\/www.rusrim.com\/wp-content\/uploads\/2021\/09\/Tour-de-Ostia-en-voiture.jpg\" alt=\"Excursion \u00e0 la mer romaine \" width=\"2288\" height=\"1712\" srcset=\"http:\/\/www.rusrim.com\/wp-content\/uploads\/2021\/09\/Tour-de-Ostia-en-voiture.jpg 2288w, http:\/\/www.rusrim.com\/wp-content\/uploads\/2021\/09\/Tour-de-Ostia-en-voiture-300x224.jpg 300w, http:\/\/www.rusrim.com\/wp-content\/uploads\/2021\/09\/Tour-de-Ostia-en-voiture-1024x766.jpg 1024w, http:\/\/www.rusrim.com\/wp-content\/uploads\/2021\/09\/Tour-de-Ostia-en-voiture-768x575.jpg 768w, http:\/\/www.rusrim.com\/wp-content\/uploads\/2021\/09\/Tour-de-Ostia-en-voiture-1536x1149.jpg 1536w, http:\/\/www.rusrim.com\/wp-content\/uploads\/2021\/09\/Tour-de-Ostia-en-voiture-2048x1532.jpg 2048w\" sizes=\"(max-width: 2288px) 100vw, 2288px\" \/><\/a><p id=\"caption-attachment-9350\" class=\"wp-caption-text\">Excursion \u00e0 la mer romaine<\/p><\/div>\n<div id=\"attachment_9349\" style=\"width: 2298px\" class=\"wp-caption aligncenter\"><a href=\"http:\/\/www.rusrim.com\/wp-content\/uploads\/2021\/09\/Excursion-a-la-mer-romaine-.jpg\"><img aria-describedby=\"caption-attachment-9349\" loading=\"lazy\" class=\"size-full wp-image-9349\" src=\"http:\/\/www.rusrim.com\/wp-content\/uploads\/2021\/09\/Excursion-a-la-mer-romaine-.jpg\" alt=\"Tour de Ostia en voiture\" width=\"2288\" height=\"1712\" srcset=\"http:\/\/www.rusrim.com\/wp-content\/uploads\/2021\/09\/Excursion-a-la-mer-romaine-.jpg 2288w, http:\/\/www.rusrim.com\/wp-content\/uploads\/2021\/09\/Excursion-a-la-mer-romaine--300x224.jpg 300w, http:\/\/www.rusrim.com\/wp-content\/uploads\/2021\/09\/Excursion-a-la-mer-romaine--1024x766.jpg 1024w, http:\/\/www.rusrim.com\/wp-content\/uploads\/2021\/09\/Excursion-a-la-mer-romaine--768x575.jpg 768w, http:\/\/www.rusrim.com\/wp-content\/uploads\/2021\/09\/Excursion-a-la-mer-romaine--1536x1149.jpg 1536w, http:\/\/www.rusrim.com\/wp-content\/uploads\/2021\/09\/Excursion-a-la-mer-romaine--2048x1532.jpg 2048w\" sizes=\"(max-width: 2288px) 100vw, 2288px\" \/><\/a><p id=\"caption-attachment-9349\" class=\"wp-caption-text\">Tour de Ostia en voiture<\/p><\/div>\n<div id=\"attachment_9357\" style=\"width: 2570px\" class=\"wp-caption aligncenter\"><a href=\"http:\/\/www.rusrim.com\/wp-content\/uploads\/2021\/09\/Mer-dOstie-Excursion-en-voiture-dans-le-Latium--scaled.jpg\"><img aria-describedby=\"caption-attachment-9357\" loading=\"lazy\" class=\"Mer d'Ostie - Excursion en voiture dans le Latium wp-image-9357 size-full\" title=\"Mer d'Ostie - Excursion en voiture dans le Latium\" src=\"http:\/\/www.rusrim.com\/wp-content\/uploads\/2021\/09\/Mer-dOstie-Excursion-en-voiture-dans-le-Latium--scaled.jpg\" alt=\"Mer d'Ostie - Excursion en voiture dans le Latium\" width=\"2560\" height=\"1440\" srcset=\"http:\/\/www.rusrim.com\/wp-content\/uploads\/2021\/09\/Mer-dOstie-Excursion-en-voiture-dans-le-Latium--scaled.jpg 2560w, http:\/\/www.rusrim.com\/wp-content\/uploads\/2021\/09\/Mer-dOstie-Excursion-en-voiture-dans-le-Latium--300x169.jpg 300w, http:\/\/www.rusrim.com\/wp-content\/uploads\/2021\/09\/Mer-dOstie-Excursion-en-voiture-dans-le-Latium--1024x576.jpg 1024w, http:\/\/www.rusrim.com\/wp-content\/uploads\/2021\/09\/Mer-dOstie-Excursion-en-voiture-dans-le-Latium--768x432.jpg 768w, http:\/\/www.rusrim.com\/wp-content\/uploads\/2021\/09\/Mer-dOstie-Excursion-en-voiture-dans-le-Latium--1536x864.jpg 1536w, http:\/\/www.rusrim.com\/wp-content\/uploads\/2021\/09\/Mer-dOstie-Excursion-en-voiture-dans-le-Latium--2048x1152.jpg 2048w\" sizes=\"(max-width: 2560px) 100vw, 2560px\" \/><\/a><p id=\"caption-attachment-9357\" class=\"wp-caption-text\">Mer d&#8217;Ostie &#8211; Excursion en voiture dans le Latium<\/p><\/div>\n<h3 style=\"text-align: center;\">Tours motoris\u00e9s en Italie <span style=\"color: #0000ff;\"><a style=\"color: #0000ff;\" href=\"http:\/\/www.rusrim.com\/fr\/\u0440\u0438\u043c-\u0442\u0443\u0440\u044b-\u043d\u0430-\u043c\u0430\u0448\u0438\u043d\u0435\/\u0430\u0432\u0442\u043e\u043c\u043e\u0431\u0438\u043b\u044c\u043d\u044b\u0435-\u0442\u0443\u0440\u044b-\u043f\u043e-\u0440\u0438\u043c\u0443-\u0438-\u0432\u0430\u0442\u0438\u043a\u0430\u043d\u0443\/\">ROME<\/a><\/span> &#8211; <span style=\"color: #0000ff;\"><a style=\"color: #0000ff;\" href=\"http:\/\/www.rusrim.com\/fr\/\u0440\u0438\u043c-\u0442\u0443\u0440\u044b-\u043d\u0430-\u043c\u0430\u0448\u0438\u043d\u0435\/\u043b\u0430\u0446\u0438\u043e-\u044d\u043a\u0441\u043a\u0443\u0440\u0441\u0438\u0438-\u043d\u0430-\u043c\u0430\u0448\u0438\u043d\u0435\/\">LATIUM<\/a><\/span> &#8211; <a href=\"http:\/\/www.rusrim.com\/fr\/\u0440\u0438\u043c-\u0442\u0443\u0440\u044b-\u043d\u0430-\u043c\u0430\u0448\u0438\u043d\u0435\/\u044d\u043a\u0441\u043a\u0443\u0440\u0441\u0438\u0438-\u0432-\u0442\u043e\u0441\u043a\u0430\u043d\u0443-\u0438\u0437-\u0440\u0438\u043c\u0430\/\"><span style=\"color: #0000ff;\">TOSCANE<\/span><\/a> &#8211; <span style=\"color: #0000ff;\"><a style=\"color: #0000ff;\" href=\"http:\/\/www.rusrim.com\/fr\/\u0440\u0438\u043c-\u0442\u0443\u0440\u044b-\u043d\u0430-\u043c\u0430\u0448\u0438\u043d\u0435\/\u0443\u043c\u0431\u0440\u0438\u044f-\u044d\u043a\u0441\u043a\u0443\u0440\u0441\u0438\u0438-\u0441-\u0433\u0438\u0434\u043e\u043c\/\">OMBRIE<\/a><\/span> &#8211; <span style=\"color: #0000ff;\"><a style=\"color: #0000ff;\" href=\"http:\/\/www.rusrim.com\/fr\/\u0440\u0438\u043c-\u0442\u0443\u0440\u044b-\u043d\u0430-\u043c\u0430\u0448\u0438\u043d\u0435\/\u0430\u043c\u0430\u043b\u044c\u0444\u0438-\u043f\u043e\u0437\u0438\u0442\u0430\u043d\u043e-\u0441\u043e\u0440\u0440\u0435\u043d\u0442\u043e-\u043f\u043e\u043c\u043f\u0435\u0438\/\">CAMPANIE<\/a><\/span> &#8211; <span style=\"color: #0000ff;\"><a style=\"color: #0000ff;\" href=\"http:\/\/www.rusrim.com\/fr\/\u0440\u0438\u043c-\u0442\u0443\u0440\u044b-\u043d\u0430-\u043c\u0430\u0448\u0438\u043d\u0435\/english-abruzzo-private-car-tour-from-rome\/\">ABRUZZES<\/a><\/span> &#8211; <span style=\"color: #0000ff;\"><a style=\"color: #0000ff;\" href=\"http:\/\/www.rusrim.com\/fr\/\u0440\u0438\u043c-\u0442\u0443\u0440\u044b-\u043d\u0430-\u043c\u0430\u0448\u0438\u043d\u0435\/\u0432\u0435\u043d\u0435\u0446\u0438\u044f-\u0438\u043d\u0434\u0438\u0432\u0438\u0434\u0443\u0430\u043b\u044c\u043d\u0430\u044f-\u044d\u043a\u0441\u043a\u0443\u0440\u0441\u0438\u044f\/\">Venise &#8211; <\/a><a style=\"color: #0000ff;\" href=\"http:\/\/www.rusrim.com\/fr\/\u0440\u0438\u043c-\u0442\u0443\u0440\u044b-\u043d\u0430-\u043c\u0430\u0448\u0438\u043d\u0435\/\u0431\u044a\u043b\u0433\u0430\u0440\u0441\u043a\u0438-\u0442\u0440\u0435\u043d\u0442\u0438\u043d\u043e-\u0430\u043b\u0442\u043e-\u0430\u0434\u0438\u0434\u0436\u0435-\u0441\u0443\u0434-\u0442\/\">TRENTINO<\/a><\/span><\/h3>\n<h5 style=\"text-align: center;\">Excursions en Bulgare, Russe, Anglais, Fran\u00e7ais et Ukrainien<\/h5>\n<h5 style=\"text-align: center;\">Tours individuels avec chauffeur\/<span style=\"color: #0000ff;\"><a style=\"color: #0000ff;\" href=\"http:\/\/www.rusrim.com\/fr\/%D0%B3%D0%B8%D0%B4%D1%8B\/%D0%B3%D0%B8%D0%B4-%D1%80%D0%B8%D0%BC\/\">guide <\/a><\/span>-conf\u00e9rencier \u00e0 Rome, Le <span style=\"color: #0000ff;\"><a style=\"color: #0000ff;\" href=\"http:\/\/www.rusrim.com\/fr\/\u044d\u043a\u0441\u043a\u0443\u0440\u0441\u0438\u0438-\u043f\u043e-\u0440\u0438\u043c\u0443\/\u043e\u0431\u0437\u043e\u0440\u043d\u0430\u044f-\u043f\u043e-\u0432\u0430\u0442\u0438\u043a\u0430\u043d\u0443\/\">Vatican<\/a><\/span>, et les r\u00e9gions du <span style=\"color: #0000ff;\"><a style=\"color: #0000ff;\" href=\"http:\/\/www.rusrim.com\/fr\/\u0440\u0438\u043c-\u0442\u0443\u0440\u044b-\u043d\u0430-\u043c\u0430\u0448\u0438\u043d\u0435\/\u043b\u0430\u0446\u0438\u043e-\u044d\u043a\u0441\u043a\u0443\u0440\u0441\u0438\u0438-\u043d\u0430-\u043c\u0430\u0448\u0438\u043d\u0435\/\">LATIUM<\/a><\/span> (<span style=\"color: #0000ff;\"><a style=\"color: #0000ff;\" href=\"http:\/\/www.rusrim.com\/fr\/\u0440\u0438\u043c-\u0442\u0443\u0440\u044b-\u043d\u0430-\u043c\u0430\u0448\u0438\u043d\u0435\/\u043b\u0430\u0446\u0438\u043e-\u044d\u043a\u0441\u043a\u0443\u0440\u0441\u0438\u0438-\u043d\u0430-\u043c\u0430\u0448\u0438\u043d\u0435\/\u0442\u0438\u0432\u043e\u043b\u0438\/\">Tivoli<\/a><\/span>, <span style=\"color: #0000ff;\"><a style=\"color: #0000ff;\" href=\"http:\/\/www.rusrim.com\/fr\/\u0440\u0438\u043c-\u0442\u0443\u0440\u044b-\u043d\u0430-\u043c\u0430\u0448\u0438\u043d\u0435\/\u043b\u0430\u0446\u0438\u043e-\u044d\u043a\u0441\u043a\u0443\u0440\u0441\u0438\u0438-\u043d\u0430-\u043c\u0430\u0448\u0438\u043d\u0435\/\u0440\u0438\u043c\u0441\u043a\u0438\u0435-\u0437\u0430\u043c\u043a\u0438-\u044d\u043a\u0441\u043a\u0443\u0440\u0441\u0438\u044f\/\">Chateaux Romains<\/a><\/span>, <span style=\"color: #0000ff;\"><a style=\"color: #0000ff;\" href=\"http:\/\/www.rusrim.com\/fr\/\u0440\u0438\u043c-\u0442\u0443\u0440\u044b-\u043d\u0430-\u043c\u0430\u0448\u0438\u043d\u0435\/\u043b\u0430\u0446\u0438\u043e-\u044d\u043a\u0441\u043a\u0443\u0440\u0441\u0438\u0438-\u043d\u0430-\u043c\u0430\u0448\u0438\u043d\u0435\/\u0442\u0430\u0440\u043a\u0432\u0438\u043d\u0438\u044f\/\">Tarquinie<\/a><\/span>) et <span style=\"color: #0000ff;\"><a style=\"color: #0000ff;\" href=\"http:\/\/www.rusrim.com\/fr\/\u0440\u0438\u043c-\u0442\u0443\u0440\u044b-\u043d\u0430-\u043c\u0430\u0448\u0438\u043d\u0435\/\u044d\u043a\u0441\u043a\u0443\u0440\u0441\u0438\u0438-\u0432-\u0442\u043e\u0441\u043a\u0430\u043d\u0443-\u0438\u0437-\u0440\u0438\u043c\u0430\/\">TOSCANE<\/a><\/span> (Florence, Sienne, Capalbe, Argentaire, Pise), <span style=\"color: #0000ff;\"><a style=\"color: #0000ff;\" href=\"http:\/\/www.rusrim.com\/fr\/\u0440\u0438\u043c-\u0442\u0443\u0440\u044b-\u043d\u0430-\u043c\u0430\u0448\u0438\u043d\u0435\/\u0443\u043c\u0431\u0440\u0438\u044f-\u044d\u043a\u0441\u043a\u0443\u0440\u0441\u0438\u0438-\u0441-\u0433\u0438\u0434\u043e\u043c\/\">OMBRIE<\/a><\/span> (Orvieto, Assise, P\u00e9rouse) ABRUZZES ( <span style=\"color: #0000ff;\"><a style=\"color: #0000ff;\" href=\"http:\/\/www.rusrim.com\/fr\/\u0440\u0438\u043c-\u0442\u0443\u0440\u044b-\u043d\u0430-\u043c\u0430\u0448\u0438\u043d\u0435\/english-abruzzo-private-car-tour-from-rome\/\">Gran Sasso, l\u2019Aquila<\/a><\/span>) CAMPANIE ( <span style=\"color: #0000ff;\"><a style=\"color: #0000ff;\" href=\"http:\/\/www.rusrim.com\/fr\/\u0440\u0438\u043c-\u0442\u0443\u0440\u044b-\u043d\u0430-\u043c\u0430\u0448\u0438\u043d\u0435\/\u0430\u043c\u0430\u043b\u044c\u0444\u0438-\u043f\u043e\u0437\u0438\u0442\u0430\u043d\u043e-\u0441\u043e\u0440\u0440\u0435\u043d\u0442\u043e-\u043f\u043e\u043c\u043f\u0435\u0438\/\">Pomp\u00e9i et Amalfi<\/a><\/span>) avec chauffeur\/guide-conf\u00e9rencier Anglais, Fran\u00e7ais, Russe, Bulgare et Allemand.<\/h5>\n<h5 style=\"text-align: center;\"><span class=\"VIiyi\" lang=\"fr\"><span class=\"JLqJ4b ChMk0b\" data-language-for-alternatives=\"fr\" data-language-to-translate-into=\"bg\" data-phrase-index=\"0\">R\u00e9servation d\u2019excursions en Toscane sans pr\u00e9paiement<\/span><\/span><\/h5>\n<h5 style=\"text-align: center;\">+39 389 59 75 184\u00a0\u00a0\u00a0<a href=\"mailto:info@rusrim.com\">info@rusrim.com\u00a0\u00a0<\/a><\/h5>\n<p><\/p>","protected":false},"excerpt":{"rendered":"<p>R\u00e9servation d\u2019excursions \u00e0 Rome sans pr\u00e9paiement +39 389 59 75 184\u00a0\u00a0\u00a0info@rusrim.com\u00a0\u00a0 &nbsp; Tours motoris\u00e9s en Italie ROME &#8211; LATIUM &#8211; TOSCANE &#8211; OMBRIE &#8211; CAMPANIE &#8211; ABRUZZES &#8211; Venise &#8211; TRENTINO Excursions en Bulgare, Russe, Anglais, Fran\u00e7ais et Ukrainien Tours individuels avec chauffeur\/guide -conf\u00e9rencier \u00e0 Rome, Le Vatican, et les r\u00e9gions du LATIUM (Tivoli, Chateaux [&hellip;]<\/p>\n","protected":false},"author":2,"featured_media":0,"parent":6373,"menu_order":7,"comment_status":"closed","ping_status":"closed","template":"","meta":[],"tags":[2581,2522,551,550,22,62,352,148,549,54,3059,3220,2594,3221,2523,103,104,3200,542,552,553,2872,2903,3199,3198,2216,519,3091,51,52,27,114,50,106,539,540,65,548,546,545,66,53,37,31,3226,3227,3308,410,116,537,538,544,107,541,543,108,167,168,3215,118,117,547],"_links":{"self":[{"href":"http:\/\/www.rusrim.com\/fr\/wp-json\/wp\/v2\/pages\/289"}],"collection":[{"href":"http:\/\/www.rusrim.com\/fr\/wp-json\/wp\/v2\/pages"}],"about":[{"href":"http:\/\/www.rusrim.com\/fr\/wp-json\/wp\/v2\/types\/page"}],"author":[{"embeddable":true,"href":"http:\/\/www.rusrim.com\/fr\/wp-json\/wp\/v2\/users\/2"}],"replies":[{"embeddable":true,"href":"http:\/\/www.rusrim.com\/fr\/wp-json\/wp\/v2\/comments?post=289"}],"version-history":[{"count":53,"href":"http:\/\/www.rusrim.com\/fr\/wp-json\/wp\/v2\/pages\/289\/revisions"}],"predecessor-version":[{"id":9533,"href":"http:\/\/www.rusrim.com\/fr\/wp-json\/wp\/v2\/pages\/289\/revisions\/9533"}],"up":[{"embeddable":true,"href":"http:\/\/www.rusrim.com\/fr\/wp-json\/wp\/v2\/pages\/6373"}],"wp:attachment":[{"href":"http:\/\/www.rusrim.com\/fr\/wp-json\/wp\/v2\/media?parent=289"}],"wp:term":[{"taxonomy":"post_tag","embeddable":true,"href":"http:\/\/www.rusrim.com\/fr\/wp-json\/wp\/v2\/tags?post=289"}],"curies":[{"name":"wp","href":"https:\/\/api.w.org\/{rel}","templated":true}]}}