{"id":293,"date":"2015-11-17T23:43:53","date_gmt":"2015-11-17T23:43:53","guid":{"rendered":"http:\/\/www.rusrim.com\/?page_id=293"},"modified":"2021-08-04T17:17:08","modified_gmt":"2021-08-04T17:17:08","slug":"%d0%be%d0%b7%d0%b5%d1%80%d0%be-%d0%b4%d0%b5-%d0%b2%d0%b8%d0%ba%d0%be-%d0%b8-%d0%b3%d0%be%d1%80%d0%be%d0%b4-%d1%8d%d1%82%d1%80%d1%83%d1%81%d1%81%d0%ba%d0%be%d0%b2-%d1%81%d1%83%d1%82%d1%80%d0%b8","status":"publish","type":"page","link":"http:\/\/www.rusrim.com\/fr\/%d1%80%d0%b8%d0%bc-%d1%82%d1%83%d1%80%d1%8b-%d0%bd%d0%b0-%d0%bc%d0%b0%d1%88%d0%b8%d0%bd%d0%b5\/%d0%bb%d0%b0%d1%86%d0%b8%d0%be-%d1%8d%d0%ba%d1%81%d0%ba%d1%83%d1%80%d1%81%d0%b8%d0%b8-%d0%bd%d0%b0-%d0%bc%d0%b0%d1%88%d0%b8%d0%bd%d0%b5\/%d0%be%d0%b7%d0%b5%d1%80%d0%be-%d0%b4%d0%b5-%d0%b2%d0%b8%d0%ba%d0%be-%d0%b8-%d0%b3%d0%be%d1%80%d0%be%d0%b4-%d1%8d%d1%82%d1%80%d1%83%d1%81%d1%81%d0%ba%d0%be%d0%b2-%d1%81%d1%83%d1%82%d1%80%d0%b8\/","title":{"rendered":"(English) Viterbo and surroundings &#8211; Private tour to Northern Lazio"},"content":{"rendered":"<p class=\"qtranxs-available-languages-message qtranxs-available-languages-message-fr\">D\u00e9sol\u00e9, cet article est seulement disponible en <a href=\"http:\/\/www.rusrim.com\/en\/wp-json\/wp\/v2\/pages\/293\" class=\"qtranxs-available-language-link qtranxs-available-language-link-en\" title=\"English\">Anglais Am\u00e9ricain<\/a>, <a href=\"http:\/\/www.rusrim.com\/ru\/wp-json\/wp\/v2\/pages\/293\" class=\"qtranxs-available-language-link qtranxs-available-language-link-ru\" title=\"\u0420\u0443\u0441\u0441\u043a\u0438\u0439\">Russe<\/a> et <a href=\"http:\/\/www.rusrim.com\/bg\/wp-json\/wp\/v2\/pages\/293\" class=\"qtranxs-available-language-link qtranxs-available-language-link-bg\" title=\"\u0411\u044a\u043b\u0433\u0430\u0440\u0441\u043a\u0438\">Bulgare<\/a>.<\/p>","protected":false},"excerpt":{"rendered":"<p>D\u00e9sol\u00e9, cet article est seulement disponible en Anglais Am\u00e9ricain, Russe et Bulgare.<\/p>\n","protected":false},"author":2,"featured_media":0,"parent":6373,"menu_order":10,"comment_status":"closed","ping_status":"closed","template":"","meta":[],"tags":[24,343,510,62,58,2902,494,350,349,558,555,63,556,14,560,2904,3225,3041,559,3224,2466,2906,2905,564,342,2520,351,561,348,1220,339,2907,2521,557,52,114,50,335,562,37,119,426,118,117,563,61,3170],"_links":{"self":[{"href":"http:\/\/www.rusrim.com\/fr\/wp-json\/wp\/v2\/pages\/293"}],"collection":[{"href":"http:\/\/www.rusrim.com\/fr\/wp-json\/wp\/v2\/pages"}],"about":[{"href":"http:\/\/www.rusrim.com\/fr\/wp-json\/wp\/v2\/types\/page"}],"author":[{"embeddable":true,"href":"http:\/\/www.rusrim.com\/fr\/wp-json\/wp\/v2\/users\/2"}],"replies":[{"embeddable":true,"href":"http:\/\/www.rusrim.com\/fr\/wp-json\/wp\/v2\/comments?post=293"}],"version-history":[{"count":35,"href":"http:\/\/www.rusrim.com\/fr\/wp-json\/wp\/v2\/pages\/293\/revisions"}],"predecessor-version":[{"id":8753,"href":"http:\/\/www.rusrim.com\/fr\/wp-json\/wp\/v2\/pages\/293\/revisions\/8753"}],"up":[{"embeddable":true,"href":"http:\/\/www.rusrim.com\/fr\/wp-json\/wp\/v2\/pages\/6373"}],"wp:attachment":[{"href":"http:\/\/www.rusrim.com\/fr\/wp-json\/wp\/v2\/media?parent=293"}],"wp:term":[{"taxonomy":"post_tag","embeddable":true,"href":"http:\/\/www.rusrim.com\/fr\/wp-json\/wp\/v2\/tags?post=293"}],"curies":[{"name":"wp","href":"https:\/\/api.w.org\/{rel}","templated":true}]}}