{"id":295,"date":"2015-11-18T00:17:38","date_gmt":"2015-11-18T00:17:38","guid":{"rendered":"http:\/\/www.rusrim.com\/?page_id=295"},"modified":"2021-08-17T20:17:03","modified_gmt":"2021-08-17T20:17:03","slug":"%d0%b4%d0%b8%d1%81%d0%bd%d0%b5%d0%b9%d0%bb%d0%b5%d0%bd%d0%b4-%d0%b2-%d1%80%d0%b8%d0%bc%d0%b5-%d0%b8-%d0%b0%d0%ba%d0%b2%d0%b0%d0%bf%d0%b0%d1%80%d0%ba","status":"publish","type":"page","link":"http:\/\/www.rusrim.com\/fr\/%d1%80%d0%b8%d0%bc-%d1%82%d1%83%d1%80%d1%8b-%d0%bd%d0%b0-%d0%bc%d0%b0%d1%88%d0%b8%d0%bd%d0%b5\/%d0%b0%d0%b2%d1%82%d0%be%d0%bc%d0%be%d0%b1%d0%b8%d0%bb%d1%8c%d0%bd%d1%8b%d0%b5-%d1%82%d1%83%d1%80%d1%8b-%d0%bf%d0%be-%d1%80%d0%b8%d0%bc%d1%83-%d0%b8-%d0%b2%d0%b0%d1%82%d0%b8%d0%ba%d0%b0%d0%bd%d1%83\/%d0%b4%d0%b8%d1%81%d0%bd%d0%b5%d0%b9%d0%bb%d0%b5%d0%bd%d0%b4-%d0%b2-%d1%80%d0%b8%d0%bc%d0%b5-%d0%b8-%d0%b0%d0%ba%d0%b2%d0%b0%d0%bf%d0%b0%d1%80%d0%ba\/","title":{"rendered":"(English) DISNEYLAND IN ROME AND AQUAPARK"},"content":{"rendered":"<p class=\"qtranxs-available-languages-message qtranxs-available-languages-message-fr\">D\u00e9sol\u00e9, cet article est seulement disponible en <a href=\"http:\/\/www.rusrim.com\/en\/wp-json\/wp\/v2\/pages\/295\" class=\"qtranxs-available-language-link qtranxs-available-language-link-en\" title=\"English\">Anglais Am\u00e9ricain<\/a>, <a href=\"http:\/\/www.rusrim.com\/ru\/wp-json\/wp\/v2\/pages\/295\" class=\"qtranxs-available-language-link qtranxs-available-language-link-ru\" title=\"\u0420\u0443\u0441\u0441\u043a\u0438\u0439\">Russe<\/a> et <a href=\"http:\/\/www.rusrim.com\/bg\/wp-json\/wp\/v2\/pages\/295\" class=\"qtranxs-available-language-link qtranxs-available-language-link-bg\" title=\"\u0411\u044a\u043b\u0433\u0430\u0440\u0441\u043a\u0438\">Bulgare<\/a>.<\/p>","protected":false},"excerpt":{"rendered":"<p>D\u00e9sol\u00e9, cet article est seulement disponible en Anglais Am\u00e9ricain, Russe et Bulgare.<\/p>\n","protected":false},"author":2,"featured_media":0,"parent":238,"menu_order":11,"comment_status":"closed","ping_status":"closed","template":"","meta":[],"tags":[566,160,156,22,62,58,568,565,149,148,78,158,63,64,54,57,59,157,569,159,146,185,2379,1483,41,113,111,147,567,56,141,51,52,27,114,50,164,121,33,65,166,165,173,174,162,34,66,53,161,37,125,11,60,36,570,119,180,39,178,176,123,124,122,167,171,169,168,172,170,8,110,109,118,117,112,120,44,61,179,181,177,175,7],"_links":{"self":[{"href":"http:\/\/www.rusrim.com\/fr\/wp-json\/wp\/v2\/pages\/295"}],"collection":[{"href":"http:\/\/www.rusrim.com\/fr\/wp-json\/wp\/v2\/pages"}],"about":[{"href":"http:\/\/www.rusrim.com\/fr\/wp-json\/wp\/v2\/types\/page"}],"author":[{"embeddable":true,"href":"http:\/\/www.rusrim.com\/fr\/wp-json\/wp\/v2\/users\/2"}],"replies":[{"embeddable":true,"href":"http:\/\/www.rusrim.com\/fr\/wp-json\/wp\/v2\/comments?post=295"}],"version-history":[{"count":30,"href":"http:\/\/www.rusrim.com\/fr\/wp-json\/wp\/v2\/pages\/295\/revisions"}],"predecessor-version":[{"id":8941,"href":"http:\/\/www.rusrim.com\/fr\/wp-json\/wp\/v2\/pages\/295\/revisions\/8941"}],"up":[{"embeddable":true,"href":"http:\/\/www.rusrim.com\/fr\/wp-json\/wp\/v2\/pages\/238"}],"wp:attachment":[{"href":"http:\/\/www.rusrim.com\/fr\/wp-json\/wp\/v2\/media?parent=295"}],"wp:term":[{"taxonomy":"post_tag","embeddable":true,"href":"http:\/\/www.rusrim.com\/fr\/wp-json\/wp\/v2\/tags?post=295"}],"curies":[{"name":"wp","href":"https:\/\/api.w.org\/{rel}","templated":true}]}}