{"id":300,"date":"2015-11-18T20:58:01","date_gmt":"2015-11-18T20:58:01","guid":{"rendered":"http:\/\/www.rusrim.com\/?page_id=300"},"modified":"2023-08-07T13:23:20","modified_gmt":"2023-08-07T13:23:20","slug":"%d0%b7%d0%be%d0%be%d0%bf%d0%b0%d1%80%d0%ba-%d0%b2-%d1%80%d0%b8%d0%bc%d0%b5-%d1%8d%d0%ba%d1%81%d0%ba%d1%83%d1%80%d1%81%d0%b8%d1%8f","status":"publish","type":"page","link":"http:\/\/www.rusrim.com\/fr\/%d1%80%d0%b8%d0%bc-%d1%82%d1%83%d1%80%d1%8b-%d0%bd%d0%b0-%d0%bc%d0%b0%d1%88%d0%b8%d0%bd%d0%b5\/%d0%b0%d0%b2%d1%82%d0%be%d0%bc%d0%be%d0%b1%d0%b8%d0%bb%d1%8c%d0%bd%d1%8b%d0%b5-%d1%82%d1%83%d1%80%d1%8b-%d0%bf%d0%be-%d1%80%d0%b8%d0%bc%d1%83-%d0%b8-%d0%b2%d0%b0%d1%82%d0%b8%d0%ba%d0%b0%d0%bd%d1%83\/%d0%b7%d0%be%d0%be%d0%bf%d0%b0%d1%80%d0%ba-%d0%b2-%d1%80%d0%b8%d0%bc%d0%b5-%d1%8d%d0%ba%d1%81%d0%ba%d1%83%d1%80%d1%81%d0%b8%d1%8f\/","title":{"rendered":"(English) Biopark in Rome tour for children"},"content":{"rendered":"<p class=\"qtranxs-available-languages-message qtranxs-available-languages-message-fr\">D\u00e9sol\u00e9, cet article est seulement disponible en <a href=\"http:\/\/www.rusrim.com\/en\/wp-json\/wp\/v2\/pages\/300\" class=\"qtranxs-available-language-link qtranxs-available-language-link-en\" title=\"English\">Anglais Am\u00e9ricain<\/a>, <a href=\"http:\/\/www.rusrim.com\/ru\/wp-json\/wp\/v2\/pages\/300\" class=\"qtranxs-available-language-link qtranxs-available-language-link-ru\" title=\"\u0420\u0443\u0441\u0441\u043a\u0438\u0439\">Russe<\/a> et <a href=\"http:\/\/www.rusrim.com\/bg\/wp-json\/wp\/v2\/pages\/300\" class=\"qtranxs-available-language-link qtranxs-available-language-link-bg\" title=\"\u0411\u044a\u043b\u0433\u0430\u0440\u0441\u043a\u0438\">Bulgare<\/a>.<\/p>","protected":false},"excerpt":{"rendered":"<p>D\u00e9sol\u00e9, cet article est seulement disponible en Anglais Am\u00e9ricain, Russe et Bulgare.<\/p>\n","protected":false},"author":2,"featured_media":0,"parent":238,"menu_order":12,"comment_status":"closed","ping_status":"closed","template":"","meta":[],"tags":[24,611,601,600,608,609,607,602,615,23,2909,603,146,614,599,597,598,1056,605,606,604,610,114,127,612,539,121,33,533,595,85,594,593,133,134,613,125,11,119,116,122,592,8,596,130,118,117,120,115,44],"_links":{"self":[{"href":"http:\/\/www.rusrim.com\/fr\/wp-json\/wp\/v2\/pages\/300"}],"collection":[{"href":"http:\/\/www.rusrim.com\/fr\/wp-json\/wp\/v2\/pages"}],"about":[{"href":"http:\/\/www.rusrim.com\/fr\/wp-json\/wp\/v2\/types\/page"}],"author":[{"embeddable":true,"href":"http:\/\/www.rusrim.com\/fr\/wp-json\/wp\/v2\/users\/2"}],"replies":[{"embeddable":true,"href":"http:\/\/www.rusrim.com\/fr\/wp-json\/wp\/v2\/comments?post=300"}],"version-history":[{"count":32,"href":"http:\/\/www.rusrim.com\/fr\/wp-json\/wp\/v2\/pages\/300\/revisions"}],"predecessor-version":[{"id":9707,"href":"http:\/\/www.rusrim.com\/fr\/wp-json\/wp\/v2\/pages\/300\/revisions\/9707"}],"up":[{"embeddable":true,"href":"http:\/\/www.rusrim.com\/fr\/wp-json\/wp\/v2\/pages\/238"}],"wp:attachment":[{"href":"http:\/\/www.rusrim.com\/fr\/wp-json\/wp\/v2\/media?parent=300"}],"wp:term":[{"taxonomy":"post_tag","embeddable":true,"href":"http:\/\/www.rusrim.com\/fr\/wp-json\/wp\/v2\/tags?post=300"}],"curies":[{"name":"wp","href":"https:\/\/api.w.org\/{rel}","templated":true}]}}