{"id":308,"date":"2015-11-18T21:36:04","date_gmt":"2015-11-18T21:36:04","guid":{"rendered":"http:\/\/www.rusrim.com\/?page_id=308"},"modified":"2021-09-18T16:17:58","modified_gmt":"2021-09-18T16:17:58","slug":"%d0%b0%d0%bc%d0%b0%d0%bb%d1%8c%d1%84%d0%b8-%d0%bf%d0%be%d0%b7%d0%b8%d1%82%d0%b0%d0%bd%d0%be-%d1%81%d0%be%d1%80%d1%80%d0%b5%d0%bd%d1%82%d0%be-%d0%bf%d0%be%d0%bc%d0%bf%d0%b5%d0%b8","status":"publish","type":"page","link":"http:\/\/www.rusrim.com\/fr\/%d1%80%d0%b8%d0%bc-%d1%82%d1%83%d1%80%d1%8b-%d0%bd%d0%b0-%d0%bc%d0%b0%d1%88%d0%b8%d0%bd%d0%b5\/%d0%b0%d0%bc%d0%b0%d0%bb%d1%8c%d1%84%d0%b8-%d0%bf%d0%be%d0%b7%d0%b8%d1%82%d0%b0%d0%bd%d0%be-%d1%81%d0%be%d1%80%d1%80%d0%b5%d0%bd%d1%82%d0%be-%d0%bf%d0%be%d0%bc%d0%bf%d0%b5%d0%b8\/","title":{"rendered":"Amalfi Positano Pomp\u00e9i Visite priv\u00e9e en voiture"},"content":{"rendered":"<p>&nbsp;<\/p>\n<h5 style=\"text-align: center;\"><span class=\"VIiyi\" lang=\"fr\"><span class=\"JLqJ4b ChMk0b\" data-language-for-alternatives=\"fr\" data-language-to-translate-into=\"bg\" data-phrase-index=\"0\">R\u00e9servation d&#8217;excursions <\/span><\/span><span class=\"VIiyi\" lang=\"fr\"><span class=\"JLqJ4b ChMk0b\" data-language-for-alternatives=\"fr\" data-language-to-translate-into=\"bg\" data-phrase-index=\"0\">en Italie <\/span><\/span><span class=\"VIiyi\" lang=\"fr\"><span class=\"JLqJ4b ChMk0b\" data-language-for-alternatives=\"fr\" data-language-to-translate-into=\"bg\" data-phrase-index=\"0\">sans pr\u00e9paiement\u00a0<\/span><\/span><\/h5>\n<h5 style=\"text-align: center;\">+39 389 59 75 184\u00a0\u00a0\u00a0<a href=\"mailto:info@rusrim.com\">info@rusrim.com\u00a0\u00a0<\/a><\/h5>\n<h5 style=\"text-align: center;\">Adel Karanov <span style=\"color: #0000ff;\"><a style=\"color: #0000ff;\" href=\"http:\/\/www.rusrim.com\/fr\/%D0%B3%D0%B8%D0%B4%D1%8B\/%D0%B3%D0%B8%D0%B4-%D1%80%D0%B8%D0%BC\/\">guide priv\u00e9 en Italie<\/a><\/span><\/h5>\n<p><a href=\"http:\/\/www.rusrim.com\/wp-content\/uploads\/2015\/11\/amalfi-campania.jpg\"><img loading=\"lazy\" class=\"alignnone size-full wp-image-180\" src=\"http:\/\/www.rusrim.com\/wp-content\/uploads\/2015\/11\/amalfi-campania.jpg\" alt=\"amalfi campania\" width=\"155\" height=\"155\" srcset=\"http:\/\/www.rusrim.com\/wp-content\/uploads\/2015\/11\/amalfi-campania.jpg 155w, http:\/\/www.rusrim.com\/wp-content\/uploads\/2015\/11\/amalfi-campania-150x150.jpg 150w\" sizes=\"(max-width: 155px) 100vw, 155px\" \/><\/a><a href=\"http:\/\/www.rusrim.com\/wp-content\/uploads\/2015\/11\/Amalfi-panorama.jpg\"><img loading=\"lazy\" class=\"alignnone size-medium wp-image-181\" src=\"http:\/\/www.rusrim.com\/wp-content\/uploads\/2015\/11\/Amalfi-panorama.jpg\" alt=\"Amalfi panorama\" width=\"155\" height=\"155\" srcset=\"http:\/\/www.rusrim.com\/wp-content\/uploads\/2015\/11\/Amalfi-panorama.jpg 155w, http:\/\/www.rusrim.com\/wp-content\/uploads\/2015\/11\/Amalfi-panorama-150x150.jpg 150w\" sizes=\"(max-width: 155px) 100vw, 155px\" \/><\/a><a href=\"http:\/\/www.rusrim.com\/wp-content\/uploads\/2015\/11\/Amalfi-pittoresco.jpg\"><img loading=\"lazy\" class=\"alignnone size-medium wp-image-182\" src=\"http:\/\/www.rusrim.com\/wp-content\/uploads\/2015\/11\/Amalfi-pittoresco.jpg\" alt=\"Amalfi pittoresco\" width=\"155\" height=\"155\" srcset=\"http:\/\/www.rusrim.com\/wp-content\/uploads\/2015\/11\/Amalfi-pittoresco.jpg 155w, http:\/\/www.rusrim.com\/wp-content\/uploads\/2015\/11\/Amalfi-pittoresco-150x150.jpg 150w\" sizes=\"(max-width: 155px) 100vw, 155px\" \/><\/a><\/p>\n<p><a href=\"http:\/\/www.rusrim.com\/wp-content\/uploads\/2015\/11\/Amalfi-scalinata.jpg\"><img loading=\"lazy\" class=\"alignnone size-medium wp-image-183\" src=\"http:\/\/www.rusrim.com\/wp-content\/uploads\/2015\/11\/Amalfi-scalinata.jpg\" alt=\"Amalfi scalinata\" width=\"155\" height=\"155\" srcset=\"http:\/\/www.rusrim.com\/wp-content\/uploads\/2015\/11\/Amalfi-scalinata.jpg 155w, http:\/\/www.rusrim.com\/wp-content\/uploads\/2015\/11\/Amalfi-scalinata-150x150.jpg 150w\" sizes=\"(max-width: 155px) 100vw, 155px\" \/><\/a><a href=\"http:\/\/www.rusrim.com\/wp-content\/uploads\/2015\/11\/Costiera-Amalfitana.jpg\"><img loading=\"lazy\" class=\"alignnone size-medium wp-image-184\" src=\"http:\/\/www.rusrim.com\/wp-content\/uploads\/2015\/11\/Costiera-Amalfitana.jpg\" alt=\"Costiera Amalfitana\" width=\"155\" height=\"155\" srcset=\"http:\/\/www.rusrim.com\/wp-content\/uploads\/2015\/11\/Costiera-Amalfitana.jpg 155w, http:\/\/www.rusrim.com\/wp-content\/uploads\/2015\/11\/Costiera-Amalfitana-150x150.jpg 150w\" sizes=\"(max-width: 155px) 100vw, 155px\" \/><\/a><a href=\"http:\/\/www.rusrim.com\/wp-content\/uploads\/2015\/11\/Positano-panorama.jpg\"><img loading=\"lazy\" class=\"alignnone size-medium wp-image-185\" src=\"http:\/\/www.rusrim.com\/wp-content\/uploads\/2015\/11\/Positano-panorama.jpg\" alt=\"Positano panorama\" width=\"155\" height=\"155\" srcset=\"http:\/\/www.rusrim.com\/wp-content\/uploads\/2015\/11\/Positano-panorama.jpg 155w, http:\/\/www.rusrim.com\/wp-content\/uploads\/2015\/11\/Positano-panorama-150x150.jpg 150w\" sizes=\"(max-width: 155px) 100vw, 155px\" \/><\/a><\/p>\n<h3 class=\"LC20lb\" style=\"text-align: center;\"><span class=\"S3Uucc\">Tours priv\u00e9s de Amalfi Positano Pomp\u00e9i avec <span style=\"color: #000000;\">guide locaux<\/span><\/span><\/h3>\n<div id=\"attachment_9462\" style=\"width: 612px\" class=\"wp-caption aligncenter\"><a href=\"http:\/\/www.rusrim.com\/wp-content\/uploads\/2021\/09\/Visite-privee-de-Pompei-au-depart-de-Rome-.jpg\"><img aria-describedby=\"caption-attachment-9462\" loading=\"lazy\" class=\"Visite priv\u00e9e de Pomp\u00e9i au d\u00e9part de Rome wp-image-9462 \" title=\"Visite priv\u00e9e de Pomp\u00e9i au d\u00e9part de Rome\" src=\"http:\/\/www.rusrim.com\/wp-content\/uploads\/2021\/09\/Visite-privee-de-Pompei-au-depart-de-Rome-.jpg\" alt=\"Visite priv\u00e9e de Pomp\u00e9i au d\u00e9part de Rome\" width=\"602\" height=\"401\" srcset=\"http:\/\/www.rusrim.com\/wp-content\/uploads\/2021\/09\/Visite-privee-de-Pompei-au-depart-de-Rome-.jpg 360w, http:\/\/www.rusrim.com\/wp-content\/uploads\/2021\/09\/Visite-privee-de-Pompei-au-depart-de-Rome--300x200.jpg 300w\" sizes=\"(max-width: 602px) 100vw, 602px\" \/><\/a><p id=\"caption-attachment-9462\" class=\"wp-caption-text\">Visite priv\u00e9e de Pomp\u00e9i au d\u00e9part de Rome<\/p><\/div>\n<div id=\"attachment_9460\" style=\"width: 640px\" class=\"wp-caption aligncenter\"><a href=\"http:\/\/www.rusrim.com\/wp-content\/uploads\/2021\/09\/Lignorance-a-coute-cher-aux-habitants-de-Pompei-.jpg\"><img aria-describedby=\"caption-attachment-9460\" loading=\"lazy\" class=\"L'ignorance a co\u00fbt\u00e9 cher aux habitants de Pomp\u00e9i wp-image-9460 size-full\" title=\"L'ignorance a co\u00fbt\u00e9 cher aux habitants de Pomp\u00e9iL'ignorance a co\u00fbt\u00e9 cher aux habitants de Pomp\u00e9i\" src=\"http:\/\/www.rusrim.com\/wp-content\/uploads\/2021\/09\/Lignorance-a-coute-cher-aux-habitants-de-Pompei-.jpg\" alt=\"L'ignorance a co\u00fbt\u00e9 cher aux habitants de Pomp\u00e9i\" width=\"630\" height=\"434\" srcset=\"http:\/\/www.rusrim.com\/wp-content\/uploads\/2021\/09\/Lignorance-a-coute-cher-aux-habitants-de-Pompei-.jpg 630w, http:\/\/www.rusrim.com\/wp-content\/uploads\/2021\/09\/Lignorance-a-coute-cher-aux-habitants-de-Pompei--300x207.jpg 300w\" sizes=\"(max-width: 630px) 100vw, 630px\" \/><\/a><p id=\"caption-attachment-9460\" class=\"wp-caption-text\">L&#8217;ignorance a co\u00fbt\u00e9 cher aux habitants de Pomp\u00e9i<\/p><\/div>\n<div id=\"attachment_9461\" style=\"width: 613px\" class=\"wp-caption aligncenter\"><a href=\"http:\/\/www.rusrim.com\/wp-content\/uploads\/2021\/09\/Vesuve-NAPLES.jpg\"><img aria-describedby=\"caption-attachment-9461\" loading=\"lazy\" class=\"V\u00e9suve - NAPLES wp-image-9461\" title=\"V\u00e9suve - NAPLES\" src=\"http:\/\/www.rusrim.com\/wp-content\/uploads\/2021\/09\/Vesuve-NAPLES.jpg\" alt=\"V\u00e9suve - NAPLES\" width=\"603\" height=\"603\" srcset=\"http:\/\/www.rusrim.com\/wp-content\/uploads\/2021\/09\/Vesuve-NAPLES.jpg 262w, http:\/\/www.rusrim.com\/wp-content\/uploads\/2021\/09\/Vesuve-NAPLES-150x150.jpg 150w\" sizes=\"(max-width: 603px) 100vw, 603px\" \/><\/a><p id=\"caption-attachment-9461\" class=\"wp-caption-text\">V\u00e9suve &#8211; NAPLES<\/p><\/div>\n<div id=\"attachment_9124\" style=\"width: 616px\" class=\"wp-caption aligncenter\"><a href=\"http:\/\/www.rusrim.com\/wp-content\/uploads\/2021\/08\/Peninsule-amalfitaine-.jpg\"><img aria-describedby=\"caption-attachment-9124\" loading=\"lazy\" class=\"P\u00e9ninsule amalfitaine Visite priv\u00e9e en voiture wp-image-9124 \" title=\"P\u00e9ninsule amalfitaine Visite priv\u00e9e en voiture\" src=\"http:\/\/www.rusrim.com\/wp-content\/uploads\/2021\/08\/Peninsule-amalfitaine-.jpg\" alt=\"P\u00e9ninsule amalfitaine Visite priv\u00e9e en voiture\" width=\"606\" height=\"1223\" srcset=\"http:\/\/www.rusrim.com\/wp-content\/uploads\/2021\/08\/Peninsule-amalfitaine-.jpg 487w, http:\/\/www.rusrim.com\/wp-content\/uploads\/2021\/08\/Peninsule-amalfitaine--149x300.jpg 149w\" sizes=\"(max-width: 606px) 100vw, 606px\" \/><\/a><p id=\"caption-attachment-9124\" class=\"wp-caption-text\">P\u00e9ninsule amalfitaine Visite priv\u00e9e en voiture<\/p><\/div>\n<h3 style=\"text-align: center;\">Tours motoris\u00e9s en Italie <span style=\"color: #0000ff;\"><a style=\"color: #0000ff;\" href=\"http:\/\/www.rusrim.com\/fr\/\u0440\u0438\u043c-\u0442\u0443\u0440\u044b-\u043d\u0430-\u043c\u0430\u0448\u0438\u043d\u0435\/\u0430\u0432\u0442\u043e\u043c\u043e\u0431\u0438\u043b\u044c\u043d\u044b\u0435-\u0442\u0443\u0440\u044b-\u043f\u043e-\u0440\u0438\u043c\u0443-\u0438-\u0432\u0430\u0442\u0438\u043a\u0430\u043d\u0443\/\">ROME<\/a><\/span> &#8211; <span style=\"color: #0000ff;\"><a style=\"color: #0000ff;\" href=\"http:\/\/www.rusrim.com\/fr\/\u0440\u0438\u043c-\u0442\u0443\u0440\u044b-\u043d\u0430-\u043c\u0430\u0448\u0438\u043d\u0435\/\u043b\u0430\u0446\u0438\u043e-\u044d\u043a\u0441\u043a\u0443\u0440\u0441\u0438\u0438-\u043d\u0430-\u043c\u0430\u0448\u0438\u043d\u0435\/\">LATIUM<\/a><\/span> &#8211; <a href=\"http:\/\/www.rusrim.com\/fr\/\u0440\u0438\u043c-\u0442\u0443\u0440\u044b-\u043d\u0430-\u043c\u0430\u0448\u0438\u043d\u0435\/\u044d\u043a\u0441\u043a\u0443\u0440\u0441\u0438\u0438-\u0432-\u0442\u043e\u0441\u043a\u0430\u043d\u0443-\u0438\u0437-\u0440\u0438\u043c\u0430\/\"><span style=\"color: #0000ff;\">TOSCANE<\/span><\/a> &#8211; <span style=\"color: #0000ff;\"><a style=\"color: #0000ff;\" href=\"http:\/\/www.rusrim.com\/fr\/\u0440\u0438\u043c-\u0442\u0443\u0440\u044b-\u043d\u0430-\u043c\u0430\u0448\u0438\u043d\u0435\/\u0443\u043c\u0431\u0440\u0438\u044f-\u044d\u043a\u0441\u043a\u0443\u0440\u0441\u0438\u0438-\u0441-\u0433\u0438\u0434\u043e\u043c\/\">OMBRIE<\/a><\/span> &#8211; <span style=\"color: #0000ff;\"><a style=\"color: #0000ff;\" href=\"http:\/\/www.rusrim.com\/fr\/\u0440\u0438\u043c-\u0442\u0443\u0440\u044b-\u043d\u0430-\u043c\u0430\u0448\u0438\u043d\u0435\/\u0430\u043c\u0430\u043b\u044c\u0444\u0438-\u043f\u043e\u0437\u0438\u0442\u0430\u043d\u043e-\u0441\u043e\u0440\u0440\u0435\u043d\u0442\u043e-\u043f\u043e\u043c\u043f\u0435\u0438\/\">CAMPANIE<\/a><\/span> &#8211; <span style=\"color: #0000ff;\"><a style=\"color: #0000ff;\" href=\"http:\/\/www.rusrim.com\/fr\/\u0440\u0438\u043c-\u0442\u0443\u0440\u044b-\u043d\u0430-\u043c\u0430\u0448\u0438\u043d\u0435\/english-abruzzo-private-car-tour-from-rome\/\">ABRUZZES<\/a><\/span> &#8211; <span style=\"color: #0000ff;\"><a style=\"color: #0000ff;\" href=\"http:\/\/www.rusrim.com\/fr\/\u0440\u0438\u043c-\u0442\u0443\u0440\u044b-\u043d\u0430-\u043c\u0430\u0448\u0438\u043d\u0435\/\u0432\u0435\u043d\u0435\u0446\u0438\u044f-\u0438\u043d\u0434\u0438\u0432\u0438\u0434\u0443\u0430\u043b\u044c\u043d\u0430\u044f-\u044d\u043a\u0441\u043a\u0443\u0440\u0441\u0438\u044f\/\">Venise &#8211; <\/a><a style=\"color: #0000ff;\" href=\"http:\/\/www.rusrim.com\/fr\/\u0440\u0438\u043c-\u0442\u0443\u0440\u044b-\u043d\u0430-\u043c\u0430\u0448\u0438\u043d\u0435\/\u0431\u044a\u043b\u0433\u0430\u0440\u0441\u043a\u0438-\u0442\u0440\u0435\u043d\u0442\u0438\u043d\u043e-\u0430\u043b\u0442\u043e-\u0430\u0434\u0438\u0434\u0436\u0435-\u0441\u0443\u0434-\u0442\/\">TRENTINO<\/a><\/span><\/h3>\n<h5 style=\"text-align: center;\">Excursions en Bulgare, Russe, Anglais, Fran\u00e7ais et Ukrainien<\/h5>\n<h5 style=\"text-align: center;\">Tours individuels avec chauffeur\/<span style=\"color: #0000ff;\"><a style=\"color: #0000ff;\" href=\"http:\/\/www.rusrim.com\/fr\/%D0%B3%D0%B8%D0%B4%D1%8B\/%D0%B3%D0%B8%D0%B4-%D1%80%D0%B8%D0%BC\/\">guide <\/a><\/span>-conf\u00e9rencier \u00e0 Rome, Le <span style=\"color: #0000ff;\"><a style=\"color: #0000ff;\" href=\"http:\/\/www.rusrim.com\/fr\/\u044d\u043a\u0441\u043a\u0443\u0440\u0441\u0438\u0438-\u043f\u043e-\u0440\u0438\u043c\u0443\/\u043e\u0431\u0437\u043e\u0440\u043d\u0430\u044f-\u043f\u043e-\u0432\u0430\u0442\u0438\u043a\u0430\u043d\u0443\/\">Vatican<\/a><\/span>, et les r\u00e9gions du <span style=\"color: #0000ff;\"><a style=\"color: #0000ff;\" href=\"http:\/\/www.rusrim.com\/fr\/\u0440\u0438\u043c-\u0442\u0443\u0440\u044b-\u043d\u0430-\u043c\u0430\u0448\u0438\u043d\u0435\/\u043b\u0430\u0446\u0438\u043e-\u044d\u043a\u0441\u043a\u0443\u0440\u0441\u0438\u0438-\u043d\u0430-\u043c\u0430\u0448\u0438\u043d\u0435\/\">LATIUM<\/a><\/span> (<span style=\"color: #0000ff;\"><a style=\"color: #0000ff;\" href=\"http:\/\/www.rusrim.com\/fr\/\u0440\u0438\u043c-\u0442\u0443\u0440\u044b-\u043d\u0430-\u043c\u0430\u0448\u0438\u043d\u0435\/\u043b\u0430\u0446\u0438\u043e-\u044d\u043a\u0441\u043a\u0443\u0440\u0441\u0438\u0438-\u043d\u0430-\u043c\u0430\u0448\u0438\u043d\u0435\/\u0442\u0438\u0432\u043e\u043b\u0438\/\">Tivoli<\/a><\/span>, <span style=\"color: #0000ff;\"><a style=\"color: #0000ff;\" href=\"http:\/\/www.rusrim.com\/fr\/\u0440\u0438\u043c-\u0442\u0443\u0440\u044b-\u043d\u0430-\u043c\u0430\u0448\u0438\u043d\u0435\/\u043b\u0430\u0446\u0438\u043e-\u044d\u043a\u0441\u043a\u0443\u0440\u0441\u0438\u0438-\u043d\u0430-\u043c\u0430\u0448\u0438\u043d\u0435\/\u0440\u0438\u043c\u0441\u043a\u0438\u0435-\u0437\u0430\u043c\u043a\u0438-\u044d\u043a\u0441\u043a\u0443\u0440\u0441\u0438\u044f\/\">Chateaux Romains<\/a><\/span>, <span style=\"color: #0000ff;\"><a style=\"color: #0000ff;\" href=\"http:\/\/www.rusrim.com\/fr\/\u0440\u0438\u043c-\u0442\u0443\u0440\u044b-\u043d\u0430-\u043c\u0430\u0448\u0438\u043d\u0435\/\u043b\u0430\u0446\u0438\u043e-\u044d\u043a\u0441\u043a\u0443\u0440\u0441\u0438\u0438-\u043d\u0430-\u043c\u0430\u0448\u0438\u043d\u0435\/\u0442\u0430\u0440\u043a\u0432\u0438\u043d\u0438\u044f\/\">Tarquinie<\/a><\/span>) et <span style=\"color: #0000ff;\"><a style=\"color: #0000ff;\" href=\"http:\/\/www.rusrim.com\/fr\/\u0440\u0438\u043c-\u0442\u0443\u0440\u044b-\u043d\u0430-\u043c\u0430\u0448\u0438\u043d\u0435\/\u044d\u043a\u0441\u043a\u0443\u0440\u0441\u0438\u0438-\u0432-\u0442\u043e\u0441\u043a\u0430\u043d\u0443-\u0438\u0437-\u0440\u0438\u043c\u0430\/\">TOSCANE<\/a><\/span> (Florence, Sienne, Capalbe, Argentaire, Pise), <span style=\"color: #0000ff;\"><a style=\"color: #0000ff;\" href=\"http:\/\/www.rusrim.com\/fr\/\u0440\u0438\u043c-\u0442\u0443\u0440\u044b-\u043d\u0430-\u043c\u0430\u0448\u0438\u043d\u0435\/\u0443\u043c\u0431\u0440\u0438\u044f-\u044d\u043a\u0441\u043a\u0443\u0440\u0441\u0438\u0438-\u0441-\u0433\u0438\u0434\u043e\u043c\/\">OMBRIE<\/a><\/span> (Orvieto, Assise, P\u00e9rouse) ABRUZZES ( <span style=\"color: #0000ff;\"><a style=\"color: #0000ff;\" href=\"http:\/\/www.rusrim.com\/fr\/\u0440\u0438\u043c-\u0442\u0443\u0440\u044b-\u043d\u0430-\u043c\u0430\u0448\u0438\u043d\u0435\/english-abruzzo-private-car-tour-from-rome\/\">Gran Sasso, l\u2019Aquila<\/a><\/span>) CAMPANIE ( <span style=\"color: #0000ff;\"><a style=\"color: #0000ff;\" href=\"http:\/\/www.rusrim.com\/fr\/\u0440\u0438\u043c-\u0442\u0443\u0440\u044b-\u043d\u0430-\u043c\u0430\u0448\u0438\u043d\u0435\/\u0430\u043c\u0430\u043b\u044c\u0444\u0438-\u043f\u043e\u0437\u0438\u0442\u0430\u043d\u043e-\u0441\u043e\u0440\u0440\u0435\u043d\u0442\u043e-\u043f\u043e\u043c\u043f\u0435\u0438\/\">Pomp\u00e9i et Amalfi<\/a><\/span>) avec chauffeur\/guide-conf\u00e9rencier Anglais, Fran\u00e7ais, Russe, Bulgare et Allemand.<\/h5>\n<h5 style=\"text-align: center;\"><span class=\"VIiyi\" lang=\"fr\"><span class=\"JLqJ4b ChMk0b\" data-language-for-alternatives=\"fr\" data-language-to-translate-into=\"bg\" data-phrase-index=\"0\">R\u00e9servation d\u2019excursions en Toscane sans pr\u00e9paiement<\/span><\/span><\/h5>\n<h5 style=\"text-align: center;\">+39 389 59 75 184\u00a0\u00a0\u00a0<a href=\"mailto:info@rusrim.com\">info@rusrim.com\u00a0\u00a0<\/a><\/h5>\n<p><\/p>","protected":false},"excerpt":{"rendered":"<p>&nbsp; R\u00e9servation d&#8217;excursions en Italie sans pr\u00e9paiement\u00a0 +39 389 59 75 184\u00a0\u00a0\u00a0info@rusrim.com\u00a0\u00a0 Adel Karanov guide priv\u00e9 en Italie Tours priv\u00e9s de Amalfi Positano Pomp\u00e9i avec guide locaux Tours motoris\u00e9s en Italie ROME &#8211; LATIUM &#8211; TOSCANE &#8211; OMBRIE &#8211; CAMPANIE &#8211; ABRUZZES &#8211; Venise &#8211; TRENTINO Excursions en Bulgare, Russe, Anglais, Fran\u00e7ais et Ukrainien Tours [&hellip;]<\/p>\n","protected":false},"author":2,"featured_media":0,"parent":7,"menu_order":6,"comment_status":"closed","ping_status":"closed","template":"","meta":[],"tags":[643,22,58,2893,193,196,194,494,493,555,517,54,21,644,2498,23,2497,2496,146,41,113,111,645,646,82,351,51,52,114,639,127,129,164,65,647,66,133,134,53,37,125,132,135,136,119,410,640,642,167,168,8,110,109,130,112,641,131,128,7,2788,2789,2790],"_links":{"self":[{"href":"http:\/\/www.rusrim.com\/fr\/wp-json\/wp\/v2\/pages\/308"}],"collection":[{"href":"http:\/\/www.rusrim.com\/fr\/wp-json\/wp\/v2\/pages"}],"about":[{"href":"http:\/\/www.rusrim.com\/fr\/wp-json\/wp\/v2\/types\/page"}],"author":[{"embeddable":true,"href":"http:\/\/www.rusrim.com\/fr\/wp-json\/wp\/v2\/users\/2"}],"replies":[{"embeddable":true,"href":"http:\/\/www.rusrim.com\/fr\/wp-json\/wp\/v2\/comments?post=308"}],"version-history":[{"count":45,"href":"http:\/\/www.rusrim.com\/fr\/wp-json\/wp\/v2\/pages\/308\/revisions"}],"predecessor-version":[{"id":9539,"href":"http:\/\/www.rusrim.com\/fr\/wp-json\/wp\/v2\/pages\/308\/revisions\/9539"}],"up":[{"embeddable":true,"href":"http:\/\/www.rusrim.com\/fr\/wp-json\/wp\/v2\/pages\/7"}],"wp:attachment":[{"href":"http:\/\/www.rusrim.com\/fr\/wp-json\/wp\/v2\/media?parent=308"}],"wp:term":[{"taxonomy":"post_tag","embeddable":true,"href":"http:\/\/www.rusrim.com\/fr\/wp-json\/wp\/v2\/tags?post=308"}],"curies":[{"name":"wp","href":"https:\/\/api.w.org\/{rel}","templated":true}]}}