{"id":310,"date":"2015-11-18T21:49:54","date_gmt":"2015-11-18T21:49:54","guid":{"rendered":"http:\/\/www.rusrim.com\/?page_id=310"},"modified":"2021-09-20T12:27:16","modified_gmt":"2021-09-20T12:27:16","slug":"%d1%82%d1%80%d0%b0%d0%bd%d1%81%d1%84%d0%b5%d1%80%d1%8b-%d1%84%d1%8c%d1%8e%d0%bc%d0%b8%d1%87%d0%b8%d0%bd%d0%be-%d1%87%d0%b8%d0%b0%d0%bc%d0%bf%d0%b8%d0%bd%d0%be-%d1%87%d0%b8%d0%b2%d0%b8%d1%82%d0%b0","status":"publish","type":"page","link":"http:\/\/www.rusrim.com\/fr\/%d1%80%d0%b8%d0%bc-%d1%82%d1%83%d1%80%d1%8b-%d0%bd%d0%b0-%d0%bc%d0%b0%d1%88%d0%b8%d0%bd%d0%b5\/%d0%b0%d0%b2%d1%82%d0%be%d0%bc%d0%be%d0%b1%d0%b8%d0%bb%d1%8c%d0%bd%d1%8b%d0%b5-%d1%82%d1%83%d1%80%d1%8b-%d0%bf%d0%be-%d1%80%d0%b8%d0%bc%d1%83-%d0%b8-%d0%b2%d0%b0%d1%82%d0%b8%d0%ba%d0%b0%d0%bd%d1%83\/%d1%82%d1%80%d0%b0%d0%bd%d1%81%d1%84%d0%b5%d1%80%d1%8b-%d1%84%d1%8c%d1%8e%d0%bc%d0%b8%d1%87%d0%b8%d0%bd%d0%be-%d1%87%d0%b8%d0%b0%d0%bc%d0%bf%d0%b8%d0%bd%d0%be-%d1%87%d0%b8%d0%b2%d0%b8%d1%82%d0%b0\/","title":{"rendered":"TRANSFERT A\u00e9roports de Rome et port de Civitavecchia"},"content":{"rendered":"<p><\/p>\n<h5 style=\"text-align: center;\"><span class=\"VIiyi\" lang=\"fr\"><span class=\"JLqJ4b ChMk0b\" data-language-for-alternatives=\"fr\" data-language-to-translate-into=\"bg\" data-phrase-index=\"0\">R\u00e9servation d\u2019excursions \u00e0 Rome sans pr\u00e9paiement<\/span><\/span><\/h5>\n<h5 style=\"text-align: center;\">+39 389 59 75 184\u00a0\u00a0\u00a0<a href=\"mailto:info@rusrim.com\">info@rusrim.com\u00a0\u00a0<\/a><\/h5>\n<div id=\"attachment_9151\" style=\"width: 614px\" class=\"wp-caption aligncenter\"><a href=\"http:\/\/www.rusrim.com\/wp-content\/uploads\/2021\/08\/Transfert-aeroport-de-Rome-.jpg\"><img aria-describedby=\"caption-attachment-9151\" loading=\"lazy\" class=\"Transfert a\u00e9roport de Rome wp-image-9151 size-large\" title=\"Transfert a\u00e9roport de Rome\" src=\"http:\/\/www.rusrim.com\/wp-content\/uploads\/2021\/08\/Transfert-aeroport-de-Rome--1024x400.jpg\" alt=\"Transfert a\u00e9roport de Rome\" width=\"604\" height=\"236\" srcset=\"http:\/\/www.rusrim.com\/wp-content\/uploads\/2021\/08\/Transfert-aeroport-de-Rome--1024x400.jpg 1024w, http:\/\/www.rusrim.com\/wp-content\/uploads\/2021\/08\/Transfert-aeroport-de-Rome--300x117.jpg 300w, http:\/\/www.rusrim.com\/wp-content\/uploads\/2021\/08\/Transfert-aeroport-de-Rome--768x300.jpg 768w, http:\/\/www.rusrim.com\/wp-content\/uploads\/2021\/08\/Transfert-aeroport-de-Rome--1536x600.jpg 1536w, http:\/\/www.rusrim.com\/wp-content\/uploads\/2021\/08\/Transfert-aeroport-de-Rome-.jpg 1920w\" sizes=\"(max-width: 604px) 100vw, 604px\" \/><\/a><p id=\"caption-attachment-9151\" class=\"wp-caption-text\">Transfert a\u00e9roport de Rome<\/p><\/div>\n<div id=\"attachment_9150\" style=\"width: 650px\" class=\"wp-caption aligncenter\"><a href=\"http:\/\/www.rusrim.com\/wp-content\/uploads\/2021\/08\/TOUR-DE-ROME-DEPUIS-FIUMICINO-et-LAEROPORT-DE-CIAMPINO-.jpg\"><img aria-describedby=\"caption-attachment-9150\" loading=\"lazy\" class=\"TOUR DE ROME DEPUIS FIUMICINO et L'A\u00c9ROPORT DE CIAMPINO wp-image-9150 size-full\" title=\"TOUR DE ROME DEPUIS FIUMICINO et L'A\u00c9ROPORT DE CIAMPINO\" src=\"http:\/\/www.rusrim.com\/wp-content\/uploads\/2021\/08\/TOUR-DE-ROME-DEPUIS-FIUMICINO-et-LAEROPORT-DE-CIAMPINO-.jpg\" alt=\"TOUR DE ROME DEPUIS FIUMICINO et L'A\u00c9ROPORT DE CIAMPINO\" width=\"640\" height=\"350\" srcset=\"http:\/\/www.rusrim.com\/wp-content\/uploads\/2021\/08\/TOUR-DE-ROME-DEPUIS-FIUMICINO-et-LAEROPORT-DE-CIAMPINO-.jpg 640w, http:\/\/www.rusrim.com\/wp-content\/uploads\/2021\/08\/TOUR-DE-ROME-DEPUIS-FIUMICINO-et-LAEROPORT-DE-CIAMPINO--300x164.jpg 300w\" sizes=\"(max-width: 640px) 100vw, 640px\" \/><\/a><p id=\"caption-attachment-9150\" class=\"wp-caption-text\">TOUR DE ROME DEPUIS FIUMICINO et L&#8217;A\u00c9ROPORT DE CIAMPINO<\/p><\/div>\n<div id=\"attachment_9149\" style=\"width: 628px\" class=\"wp-caption aligncenter\"><a href=\"http:\/\/www.rusrim.com\/wp-content\/uploads\/2021\/08\/Service-de-transfert-a-Rome-.jpg\"><img aria-describedby=\"caption-attachment-9149\" loading=\"lazy\" class=\"Service de transfert \u00e0 Rome wp-image-9149 size-full\" title=\"Service de transfert \u00e0 Rome\" src=\"http:\/\/www.rusrim.com\/wp-content\/uploads\/2021\/08\/Service-de-transfert-a-Rome-.jpg\" alt=\"Service de transfert \u00e0 Rome\" width=\"618\" height=\"346\" srcset=\"http:\/\/www.rusrim.com\/wp-content\/uploads\/2021\/08\/Service-de-transfert-a-Rome-.jpg 618w, http:\/\/www.rusrim.com\/wp-content\/uploads\/2021\/08\/Service-de-transfert-a-Rome--300x168.jpg 300w\" sizes=\"(max-width: 618px) 100vw, 618px\" \/><\/a><p id=\"caption-attachment-9149\" class=\"wp-caption-text\">Service de transfert \u00e0 Rome<\/p><\/div>\n<div id=\"attachment_9153\" style=\"width: 892px\" class=\"wp-caption aligncenter\"><a href=\"http:\/\/www.rusrim.com\/wp-content\/uploads\/2021\/08\/Transferts-aeroport-de-Rome-.jpg\"><img aria-describedby=\"caption-attachment-9153\" loading=\"lazy\" class=\"Transferts a\u00e9roport de Rome wp-image-9153 size-full\" title=\"Transferts a\u00e9roport de Rome\" src=\"http:\/\/www.rusrim.com\/wp-content\/uploads\/2021\/08\/Transferts-aeroport-de-Rome-.jpg\" alt=\"Transferts a\u00e9roport de Rome\" width=\"882\" height=\"470\" srcset=\"http:\/\/www.rusrim.com\/wp-content\/uploads\/2021\/08\/Transferts-aeroport-de-Rome-.jpg 882w, http:\/\/www.rusrim.com\/wp-content\/uploads\/2021\/08\/Transferts-aeroport-de-Rome--300x160.jpg 300w, http:\/\/www.rusrim.com\/wp-content\/uploads\/2021\/08\/Transferts-aeroport-de-Rome--768x409.jpg 768w\" sizes=\"(max-width: 882px) 100vw, 882px\" \/><\/a><p id=\"caption-attachment-9153\" class=\"wp-caption-text\">Transferts a\u00e9roport de Rome<\/p><\/div>\n<div id=\"attachment_9152\" style=\"width: 614px\" class=\"wp-caption aligncenter\"><a href=\"http:\/\/www.rusrim.com\/wp-content\/uploads\/2021\/08\/Transfert-du-port-de-Rome-.jpg\"><img aria-describedby=\"caption-attachment-9152\" loading=\"lazy\" class=\"Transfert du port de Rome wp-image-9152 size-large\" title=\"Transfert du port de Rome\" src=\"http:\/\/www.rusrim.com\/wp-content\/uploads\/2021\/08\/Transfert-du-port-de-Rome--1024x683.jpg\" alt=\"Transfert du port de Rome\" width=\"604\" height=\"403\" srcset=\"http:\/\/www.rusrim.com\/wp-content\/uploads\/2021\/08\/Transfert-du-port-de-Rome--1024x683.jpg 1024w, http:\/\/www.rusrim.com\/wp-content\/uploads\/2021\/08\/Transfert-du-port-de-Rome--300x200.jpg 300w, http:\/\/www.rusrim.com\/wp-content\/uploads\/2021\/08\/Transfert-du-port-de-Rome--768x512.jpg 768w, http:\/\/www.rusrim.com\/wp-content\/uploads\/2021\/08\/Transfert-du-port-de-Rome--1536x1024.jpg 1536w, http:\/\/www.rusrim.com\/wp-content\/uploads\/2021\/08\/Transfert-du-port-de-Rome-.jpg 1752w\" sizes=\"(max-width: 604px) 100vw, 604px\" \/><\/a><p id=\"caption-attachment-9152\" class=\"wp-caption-text\">Transfert du port de Rome<\/p><\/div>\n<p><iframe title=\"TOUR DE ROME - drone video - 360 - 3D - electronic music Adel Karanov - RusRim.com\" width=\"500\" height=\"281\" src=\"https:\/\/www.youtube.com\/embed\/nTFXPaWgdhE?feature=oembed\" frameborder=\"0\" allow=\"accelerometer; autoplay; clipboard-write; encrypted-media; gyroscope; picture-in-picture\" allowfullscreen><\/iframe><\/p>\n<h3 style=\"text-align: center;\">Tours motoris\u00e9s dans <span style=\"color: #0000ff;\"><a style=\"color: #0000ff;\" href=\"http:\/\/www.rusrim.com\/fr\/\u0440\u0438\u043c-\u0442\u0443\u0440\u044b-\u043d\u0430-\u043c\u0430\u0448\u0438\u043d\u0435\/\u0430\u0432\u0442\u043e\u043c\u043e\u0431\u0438\u043b\u044c\u043d\u044b\u0435-\u0442\u0443\u0440\u044b-\u043f\u043e-\u0440\u0438\u043c\u0443-\u0438-\u0432\u0430\u0442\u0438\u043a\u0430\u043d\u0443\/\">ROME<\/a><\/span> &#8211; <span style=\"color: #0000ff;\"><a style=\"color: #0000ff;\" href=\"http:\/\/www.rusrim.com\/fr\/\u0440\u0438\u043c-\u0442\u0443\u0440\u044b-\u043d\u0430-\u043c\u0430\u0448\u0438\u043d\u0435\/\u043b\u0430\u0446\u0438\u043e-\u044d\u043a\u0441\u043a\u0443\u0440\u0441\u0438\u0438-\u043d\u0430-\u043c\u0430\u0448\u0438\u043d\u0435\/\">LATIUM<\/a><\/span> &#8211; <a href=\"http:\/\/www.rusrim.com\/fr\/\u0440\u0438\u043c-\u0442\u0443\u0440\u044b-\u043d\u0430-\u043c\u0430\u0448\u0438\u043d\u0435\/\u044d\u043a\u0441\u043a\u0443\u0440\u0441\u0438\u0438-\u0432-\u0442\u043e\u0441\u043a\u0430\u043d\u0443-\u0438\u0437-\u0440\u0438\u043c\u0430\/\"><span style=\"color: #0000ff;\">TOSCANE<\/span><\/a> &#8211; <span style=\"color: #0000ff;\"><a style=\"color: #0000ff;\" href=\"http:\/\/www.rusrim.com\/fr\/\u0440\u0438\u043c-\u0442\u0443\u0440\u044b-\u043d\u0430-\u043c\u0430\u0448\u0438\u043d\u0435\/\u0443\u043c\u0431\u0440\u0438\u044f-\u044d\u043a\u0441\u043a\u0443\u0440\u0441\u0438\u0438-\u0441-\u0433\u0438\u0434\u043e\u043c\/\">OMBRIE<\/a><\/span> &#8211; <span style=\"color: #0000ff;\"><a style=\"color: #0000ff;\" href=\"http:\/\/www.rusrim.com\/fr\/\u0440\u0438\u043c-\u0442\u0443\u0440\u044b-\u043d\u0430-\u043c\u0430\u0448\u0438\u043d\u0435\/\u0430\u043c\u0430\u043b\u044c\u0444\u0438-\u043f\u043e\u0437\u0438\u0442\u0430\u043d\u043e-\u0441\u043e\u0440\u0440\u0435\u043d\u0442\u043e-\u043f\u043e\u043c\u043f\u0435\u0438\/\">CAMPANIE<\/a><\/span> &#8211; <span style=\"color: #0000ff;\"><a style=\"color: #0000ff;\" href=\"http:\/\/www.rusrim.com\/fr\/\u0440\u0438\u043c-\u0442\u0443\u0440\u044b-\u043d\u0430-\u043c\u0430\u0448\u0438\u043d\u0435\/english-abruzzo-private-car-tour-from-rome\/\">ABRUZZES<\/a><\/span> &#8211; <span style=\"color: #0000ff;\"><a style=\"color: #0000ff;\" href=\"http:\/\/www.rusrim.com\/fr\/\u0440\u0438\u043c-\u0442\u0443\u0440\u044b-\u043d\u0430-\u043c\u0430\u0448\u0438\u043d\u0435\/\u0432\u0435\u043d\u0435\u0446\u0438\u044f-\u0438\u043d\u0434\u0438\u0432\u0438\u0434\u0443\u0430\u043b\u044c\u043d\u0430\u044f-\u044d\u043a\u0441\u043a\u0443\u0440\u0441\u0438\u044f\/\">Venise &#8211; <\/a><a style=\"color: #0000ff;\" href=\"http:\/\/www.rusrim.com\/fr\/\u0440\u0438\u043c-\u0442\u0443\u0440\u044b-\u043d\u0430-\u043c\u0430\u0448\u0438\u043d\u0435\/\u0431\u044a\u043b\u0433\u0430\u0440\u0441\u043a\u0438-\u0442\u0440\u0435\u043d\u0442\u0438\u043d\u043e-\u0430\u043b\u0442\u043e-\u0430\u0434\u0438\u0434\u0436\u0435-\u0441\u0443\u0434-\u0442\/\">TRENTINO<\/a><\/span><\/h3>\n<h5 style=\"text-align: center;\">Excursions en Bulgare, Russe, Anglais, Fran\u00e7ais et Ukrainien<\/h5>\n<h5 style=\"text-align: center;\">Tours individuels avec chauffeur\/<span style=\"color: #0000ff;\"><a style=\"color: #0000ff;\" href=\"http:\/\/www.rusrim.com\/fr\/%D0%B3%D0%B8%D0%B4%D1%8B\/%D0%B3%D0%B8%D0%B4-%D1%80%D0%B8%D0%BC\/\">guide <\/a><\/span>-conf\u00e9rencier \u00e0 Rome, Le <span style=\"color: #0000ff;\"><a style=\"color: #0000ff;\" href=\"http:\/\/www.rusrim.com\/fr\/\u044d\u043a\u0441\u043a\u0443\u0440\u0441\u0438\u0438-\u043f\u043e-\u0440\u0438\u043c\u0443\/\u043e\u0431\u0437\u043e\u0440\u043d\u0430\u044f-\u043f\u043e-\u0432\u0430\u0442\u0438\u043a\u0430\u043d\u0443\/\">Vatican<\/a><\/span>, et les r\u00e9gions du <span style=\"color: #0000ff;\"><a style=\"color: #0000ff;\" href=\"http:\/\/www.rusrim.com\/fr\/\u0440\u0438\u043c-\u0442\u0443\u0440\u044b-\u043d\u0430-\u043c\u0430\u0448\u0438\u043d\u0435\/\u043b\u0430\u0446\u0438\u043e-\u044d\u043a\u0441\u043a\u0443\u0440\u0441\u0438\u0438-\u043d\u0430-\u043c\u0430\u0448\u0438\u043d\u0435\/\">LATIUM<\/a><\/span> (<span style=\"color: #0000ff;\"><a style=\"color: #0000ff;\" href=\"http:\/\/www.rusrim.com\/fr\/\u0440\u0438\u043c-\u0442\u0443\u0440\u044b-\u043d\u0430-\u043c\u0430\u0448\u0438\u043d\u0435\/\u043b\u0430\u0446\u0438\u043e-\u044d\u043a\u0441\u043a\u0443\u0440\u0441\u0438\u0438-\u043d\u0430-\u043c\u0430\u0448\u0438\u043d\u0435\/\u0442\u0438\u0432\u043e\u043b\u0438\/\">Tivoli<\/a><\/span>, <span style=\"color: #0000ff;\"><a style=\"color: #0000ff;\" href=\"http:\/\/www.rusrim.com\/fr\/\u0440\u0438\u043c-\u0442\u0443\u0440\u044b-\u043d\u0430-\u043c\u0430\u0448\u0438\u043d\u0435\/\u043b\u0430\u0446\u0438\u043e-\u044d\u043a\u0441\u043a\u0443\u0440\u0441\u0438\u0438-\u043d\u0430-\u043c\u0430\u0448\u0438\u043d\u0435\/\u0440\u0438\u043c\u0441\u043a\u0438\u0435-\u0437\u0430\u043c\u043a\u0438-\u044d\u043a\u0441\u043a\u0443\u0440\u0441\u0438\u044f\/\">Chateaux Romains<\/a><\/span>, <span style=\"color: #0000ff;\"><a style=\"color: #0000ff;\" href=\"http:\/\/www.rusrim.com\/fr\/\u0440\u0438\u043c-\u0442\u0443\u0440\u044b-\u043d\u0430-\u043c\u0430\u0448\u0438\u043d\u0435\/\u043b\u0430\u0446\u0438\u043e-\u044d\u043a\u0441\u043a\u0443\u0440\u0441\u0438\u0438-\u043d\u0430-\u043c\u0430\u0448\u0438\u043d\u0435\/\u0442\u0430\u0440\u043a\u0432\u0438\u043d\u0438\u044f\/\">Tarquinie<\/a><\/span>) et <span style=\"color: #0000ff;\"><a style=\"color: #0000ff;\" href=\"http:\/\/www.rusrim.com\/fr\/\u0440\u0438\u043c-\u0442\u0443\u0440\u044b-\u043d\u0430-\u043c\u0430\u0448\u0438\u043d\u0435\/\u044d\u043a\u0441\u043a\u0443\u0440\u0441\u0438\u0438-\u0432-\u0442\u043e\u0441\u043a\u0430\u043d\u0443-\u0438\u0437-\u0440\u0438\u043c\u0430\/\">TOSCANE<\/a><\/span> (Florence, Sienne, Capalbe, Argentaire, Pise), <span style=\"color: #0000ff;\"><a style=\"color: #0000ff;\" href=\"http:\/\/www.rusrim.com\/fr\/\u0440\u0438\u043c-\u0442\u0443\u0440\u044b-\u043d\u0430-\u043c\u0430\u0448\u0438\u043d\u0435\/\u0443\u043c\u0431\u0440\u0438\u044f-\u044d\u043a\u0441\u043a\u0443\u0440\u0441\u0438\u0438-\u0441-\u0433\u0438\u0434\u043e\u043c\/\">OMBRIE<\/a><\/span> (Orvieto, Assise, P\u00e9rouse) ABRUZZES ( <span style=\"color: #0000ff;\"><a style=\"color: #0000ff;\" href=\"http:\/\/www.rusrim.com\/fr\/\u0440\u0438\u043c-\u0442\u0443\u0440\u044b-\u043d\u0430-\u043c\u0430\u0448\u0438\u043d\u0435\/english-abruzzo-private-car-tour-from-rome\/\">Gran Sasso, l\u2019Aquila<\/a><\/span>) CAMPANIE ( <span style=\"color: #0000ff;\"><a style=\"color: #0000ff;\" href=\"http:\/\/www.rusrim.com\/fr\/\u0440\u0438\u043c-\u0442\u0443\u0440\u044b-\u043d\u0430-\u043c\u0430\u0448\u0438\u043d\u0435\/\u0430\u043c\u0430\u043b\u044c\u0444\u0438-\u043f\u043e\u0437\u0438\u0442\u0430\u043d\u043e-\u0441\u043e\u0440\u0440\u0435\u043d\u0442\u043e-\u043f\u043e\u043c\u043f\u0435\u0438\/\">Pomp\u00e9i et Amalfi<\/a><\/span>) avec chauffeur\/guide-conf\u00e9rencier Anglais, Fran\u00e7ais, Russe, Bulgare et Allemand.<\/h5>\n<h5 style=\"text-align: center;\"><span class=\"VIiyi\" lang=\"fr\"><span class=\"JLqJ4b ChMk0b\" data-language-for-alternatives=\"fr\" data-language-to-translate-into=\"bg\" data-phrase-index=\"0\">R\u00e9servation d\u2019excursions \u00e0 Rome sans pr\u00e9paiement<\/span><\/span><\/h5>\n<h5 style=\"text-align: center;\">+39 389 59 75 184\u00a0\u00a0\u00a0<a href=\"mailto:info@rusrim.com\">info@rusrim.com\u00a0\u00a0<\/a><\/h5>\n<p><\/p>","protected":false},"excerpt":{"rendered":"<p>R\u00e9servation d\u2019excursions \u00e0 Rome sans pr\u00e9paiement +39 389 59 75 184\u00a0\u00a0\u00a0info@rusrim.com\u00a0\u00a0 Tours motoris\u00e9s dans ROME &#8211; LATIUM &#8211; TOSCANE &#8211; OMBRIE &#8211; CAMPANIE &#8211; ABRUZZES &#8211; Venise &#8211; TRENTINO Excursions en Bulgare, Russe, Anglais, Fran\u00e7ais et Ukrainien Tours individuels avec chauffeur\/guide -conf\u00e9rencier \u00e0 Rome, Le Vatican, et les r\u00e9gions du LATIUM (Tivoli, Chateaux Romains, Tarquinie) [&hellip;]<\/p>\n","protected":false},"author":2,"featured_media":0,"parent":238,"menu_order":8,"comment_status":"closed","ping_status":"closed","template":"","meta":[],"tags":[688,265,354,687,689,603,3065,692,695,694,693,699,700,80,696,697,701,691,698,690,686,703,666,667,707,663,671,669,670,668,261,3,8,678,677,676,682,683,675,679,685,684,680,674,681,673,672,117,702,664,660,659,665,704,661,705,706,662],"_links":{"self":[{"href":"http:\/\/www.rusrim.com\/fr\/wp-json\/wp\/v2\/pages\/310"}],"collection":[{"href":"http:\/\/www.rusrim.com\/fr\/wp-json\/wp\/v2\/pages"}],"about":[{"href":"http:\/\/www.rusrim.com\/fr\/wp-json\/wp\/v2\/types\/page"}],"author":[{"embeddable":true,"href":"http:\/\/www.rusrim.com\/fr\/wp-json\/wp\/v2\/users\/2"}],"replies":[{"embeddable":true,"href":"http:\/\/www.rusrim.com\/fr\/wp-json\/wp\/v2\/comments?post=310"}],"version-history":[{"count":30,"href":"http:\/\/www.rusrim.com\/fr\/wp-json\/wp\/v2\/pages\/310\/revisions"}],"predecessor-version":[{"id":9616,"href":"http:\/\/www.rusrim.com\/fr\/wp-json\/wp\/v2\/pages\/310\/revisions\/9616"}],"up":[{"embeddable":true,"href":"http:\/\/www.rusrim.com\/fr\/wp-json\/wp\/v2\/pages\/238"}],"wp:attachment":[{"href":"http:\/\/www.rusrim.com\/fr\/wp-json\/wp\/v2\/media?parent=310"}],"wp:term":[{"taxonomy":"post_tag","embeddable":true,"href":"http:\/\/www.rusrim.com\/fr\/wp-json\/wp\/v2\/tags?post=310"}],"curies":[{"name":"wp","href":"https:\/\/api.w.org\/{rel}","templated":true}]}}