{"id":327,"date":"2015-11-19T00:36:49","date_gmt":"2015-11-19T00:36:49","guid":{"rendered":"http:\/\/www.rusrim.com\/?page_id=327"},"modified":"2021-08-04T17:22:15","modified_gmt":"2021-08-04T17:22:15","slug":"%d1%84%d0%bb%d0%be%d1%80%d0%b5%d0%bd%d1%86%d0%b8%d1%8f-%d0%b8-%d1%81%d0%b8%d0%b5%d0%bd%d0%b0-%d0%b8%d0%b7-%d1%80%d0%b8%d0%bc%d0%b8%d0%bd%d0%b8","status":"publish","type":"page","link":"http:\/\/www.rusrim.com\/fr\/%d1%80%d0%b8%d0%bc-%d1%82%d1%83%d1%80%d1%8b-%d0%bd%d0%b0-%d0%bc%d0%b0%d1%88%d0%b8%d0%bd%d0%b5\/%d1%8d%d0%ba%d1%81%d0%ba%d1%83%d1%80%d1%81%d0%b8%d0%b8-%d0%b2-%d1%82%d0%be%d1%81%d0%ba%d0%b0%d0%bd%d1%83-%d0%b8%d0%b7-%d1%80%d0%b8%d0%bc%d0%b0\/%d1%84%d0%bb%d0%be%d1%80%d0%b5%d0%bd%d1%86%d0%b8%d1%8f-%d0%b8-%d1%81%d0%b8%d0%b5%d0%bd%d0%b0-%d0%b8%d0%b7-%d1%80%d0%b8%d0%bc%d0%b8%d0%bd%d0%b8\/","title":{"rendered":"(English) Florence and Siena from Rimini car tour"},"content":{"rendered":"<p class=\"qtranxs-available-languages-message qtranxs-available-languages-message-fr\">D\u00e9sol\u00e9, cet article est seulement disponible en <a href=\"http:\/\/www.rusrim.com\/en\/wp-json\/wp\/v2\/pages\/327\" class=\"qtranxs-available-language-link qtranxs-available-language-link-en\" title=\"English\">Anglais Am\u00e9ricain<\/a> et <a href=\"http:\/\/www.rusrim.com\/ru\/wp-json\/wp\/v2\/pages\/327\" class=\"qtranxs-available-language-link qtranxs-available-language-link-ru\" title=\"\u0420\u0443\u0441\u0441\u043a\u0438\u0439\">Russe<\/a>.<\/p>","protected":false},"excerpt":{"rendered":"<p>D\u00e9sol\u00e9, cet article est seulement disponible en Anglais Am\u00e9ricain et Russe.<\/p>\n","protected":false},"author":2,"featured_media":0,"parent":314,"menu_order":110,"comment_status":"closed","ping_status":"closed","template":"","meta":[],"tags":[22,62,63,54,82,81,51,52,27,50,710,53,37,11,84,713,712,711,708,10,709,361,380,83],"_links":{"self":[{"href":"http:\/\/www.rusrim.com\/fr\/wp-json\/wp\/v2\/pages\/327"}],"collection":[{"href":"http:\/\/www.rusrim.com\/fr\/wp-json\/wp\/v2\/pages"}],"about":[{"href":"http:\/\/www.rusrim.com\/fr\/wp-json\/wp\/v2\/types\/page"}],"author":[{"embeddable":true,"href":"http:\/\/www.rusrim.com\/fr\/wp-json\/wp\/v2\/users\/2"}],"replies":[{"embeddable":true,"href":"http:\/\/www.rusrim.com\/fr\/wp-json\/wp\/v2\/comments?post=327"}],"version-history":[{"count":12,"href":"http:\/\/www.rusrim.com\/fr\/wp-json\/wp\/v2\/pages\/327\/revisions"}],"predecessor-version":[{"id":8758,"href":"http:\/\/www.rusrim.com\/fr\/wp-json\/wp\/v2\/pages\/327\/revisions\/8758"}],"up":[{"embeddable":true,"href":"http:\/\/www.rusrim.com\/fr\/wp-json\/wp\/v2\/pages\/314"}],"wp:attachment":[{"href":"http:\/\/www.rusrim.com\/fr\/wp-json\/wp\/v2\/media?parent=327"}],"wp:term":[{"taxonomy":"post_tag","embeddable":true,"href":"http:\/\/www.rusrim.com\/fr\/wp-json\/wp\/v2\/tags?post=327"}],"curies":[{"name":"wp","href":"https:\/\/api.w.org\/{rel}","templated":true}]}}