{"id":333,"date":"2015-11-19T14:54:38","date_gmt":"2015-11-19T14:54:38","guid":{"rendered":"http:\/\/www.rusrim.com\/?page_id=333"},"modified":"2021-08-30T11:07:10","modified_gmt":"2021-08-30T11:07:10","slug":"%d0%bf%d0%b5%d1%88%d0%b5%d1%85%d0%be%d0%b4%d0%bd%d1%8b%d0%b5-%d1%8d%d0%ba%d1%81%d0%ba%d1%83%d1%80%d1%81%d0%b8%d0%b8-%d0%b2-%d1%80%d0%b8%d0%bc%d0%b5","status":"publish","type":"page","link":"http:\/\/www.rusrim.com\/fr\/%d1%8d%d0%ba%d1%81%d0%ba%d1%83%d1%80%d1%81%d0%b8%d0%b8-%d0%bf%d0%be-%d1%80%d0%b8%d0%bc%d1%83\/%d0%bf%d0%b5%d1%88%d0%b5%d1%85%d0%be%d0%b4%d0%bd%d1%8b%d0%b5-%d1%8d%d0%ba%d1%81%d0%ba%d1%83%d1%80%d1%81%d0%b8%d0%b8-%d0%b2-%d1%80%d0%b8%d0%bc%d0%b5\/","title":{"rendered":"(English) Private walking tours in Rome"},"content":{"rendered":"<p class=\"qtranxs-available-languages-message qtranxs-available-languages-message-fr\">D\u00e9sol\u00e9, cet article est seulement disponible en <a href=\"http:\/\/www.rusrim.com\/en\/wp-json\/wp\/v2\/pages\/333\" class=\"qtranxs-available-language-link qtranxs-available-language-link-en\" title=\"English\">Anglais Am\u00e9ricain<\/a>, <a href=\"http:\/\/www.rusrim.com\/ru\/wp-json\/wp\/v2\/pages\/333\" class=\"qtranxs-available-language-link qtranxs-available-language-link-ru\" title=\"\u0420\u0443\u0441\u0441\u043a\u0438\u0439\">Russe<\/a> et <a href=\"http:\/\/www.rusrim.com\/bg\/wp-json\/wp\/v2\/pages\/333\" class=\"qtranxs-available-language-link qtranxs-available-language-link-bg\" title=\"\u0411\u044a\u043b\u0433\u0430\u0440\u0441\u043a\u0438\">Bulgare<\/a>.<\/p>","protected":false},"excerpt":{"rendered":"<p>D\u00e9sol\u00e9, cet article est seulement disponible en Anglais Am\u00e9ricain, Russe et Bulgare.<\/p>\n","protected":false},"author":2,"featured_media":0,"parent":546,"menu_order":7,"comment_status":"closed","ping_status":"closed","template":"","meta":[],"tags":[24,160,730,733,750,735,739,746,191,151,153,350,349,149,732,14,517,152,54,2511,729,745,744,743,23,159,2508,727,146,2231,2509,2510,740,41,113,598,111,150,749,154,155,147,348,16,748,731,734,741,742,145,127,747,32,539,164,163,737,33,137,166,165,173,726,273,174,508,162,34,133,134,161,135,136,144,721,39,178,176,116,89,736,723,722,714,716,717,715,720,718,719,167,171,169,168,172,170,8,138,657,738,110,109,118,117,112,10,47,45,48,49,46,115,44,724,725,179,181,177,175,728],"_links":{"self":[{"href":"http:\/\/www.rusrim.com\/fr\/wp-json\/wp\/v2\/pages\/333"}],"collection":[{"href":"http:\/\/www.rusrim.com\/fr\/wp-json\/wp\/v2\/pages"}],"about":[{"href":"http:\/\/www.rusrim.com\/fr\/wp-json\/wp\/v2\/types\/page"}],"author":[{"embeddable":true,"href":"http:\/\/www.rusrim.com\/fr\/wp-json\/wp\/v2\/users\/2"}],"replies":[{"embeddable":true,"href":"http:\/\/www.rusrim.com\/fr\/wp-json\/wp\/v2\/comments?post=333"}],"version-history":[{"count":51,"href":"http:\/\/www.rusrim.com\/fr\/wp-json\/wp\/v2\/pages\/333\/revisions"}],"predecessor-version":[{"id":9038,"href":"http:\/\/www.rusrim.com\/fr\/wp-json\/wp\/v2\/pages\/333\/revisions\/9038"}],"up":[{"embeddable":true,"href":"http:\/\/www.rusrim.com\/fr\/wp-json\/wp\/v2\/pages\/546"}],"wp:attachment":[{"href":"http:\/\/www.rusrim.com\/fr\/wp-json\/wp\/v2\/media?parent=333"}],"wp:term":[{"taxonomy":"post_tag","embeddable":true,"href":"http:\/\/www.rusrim.com\/fr\/wp-json\/wp\/v2\/tags?post=333"}],"curies":[{"name":"wp","href":"https:\/\/api.w.org\/{rel}","templated":true}]}}