{"id":3494,"date":"2018-10-09T06:19:04","date_gmt":"2018-10-09T06:19:04","guid":{"rendered":"http:\/\/www.rusrim.com\/?page_id=3494"},"modified":"2021-09-18T16:47:23","modified_gmt":"2021-09-18T16:47:23","slug":"english-perugia-umbria-private-car-daily-tour","status":"publish","type":"page","link":"http:\/\/www.rusrim.com\/fr\/%d1%80%d0%b8%d0%bc-%d1%82%d1%83%d1%80%d1%8b-%d0%bd%d0%b0-%d0%bc%d0%b0%d1%88%d0%b8%d0%bd%d0%b5\/%d1%83%d0%bc%d0%b1%d1%80%d0%b8%d1%8f-%d1%8d%d0%ba%d1%81%d0%ba%d1%83%d1%80%d1%81%d0%b8%d0%b8-%d1%81-%d0%b3%d0%b8%d0%b4%d0%be%d0%bc\/english-perugia-umbria-private-car-daily-tour\/","title":{"rendered":"P\u00e9rouse &#8211; Ombrie &#8211; Tour priv\u00e9"},"content":{"rendered":"<p><\/p>\n<h5 style=\"text-align: center;\"><span class=\"VIiyi\" lang=\"fr\"><span class=\"JLqJ4b ChMk0b\" data-language-for-alternatives=\"fr\" data-language-to-translate-into=\"bg\" data-phrase-index=\"0\">R\u00e9servation d&#8217;excursions <\/span><\/span><span class=\"VIiyi\" lang=\"fr\"><span class=\"JLqJ4b ChMk0b\" data-language-for-alternatives=\"fr\" data-language-to-translate-into=\"bg\" data-phrase-index=\"0\">en Italie <\/span><\/span><span class=\"VIiyi\" lang=\"fr\"><span class=\"JLqJ4b ChMk0b\" data-language-for-alternatives=\"fr\" data-language-to-translate-into=\"bg\" data-phrase-index=\"0\">sans pr\u00e9paiement\u00a0<\/span><\/span><\/h5>\n<h5 style=\"text-align: center;\">+39 389 59 75 184\u00a0\u00a0\u00a0<a href=\"mailto:info@rusrim.com\">info@rusrim.com\u00a0\u00a0<\/a><\/h5>\n<div id=\"attachment_7052\" style=\"width: 970px\" class=\"wp-caption aligncenter\"><a href=\"http:\/\/www.rusrim.com\/wp-content\/uploads\/2021\/06\/Excursions-a-Perouse-depuis-Rome.jpg\"><img aria-describedby=\"caption-attachment-7052\" loading=\"lazy\" class=\"Excursions \u00e0 P\u00e9rouse depuis Rome wp-image-7052 size-full\" title=\"Excursions \u00e0 P\u00e9rouse depuis Rome\" src=\"http:\/\/www.rusrim.com\/wp-content\/uploads\/2021\/06\/Excursions-a-Perouse-depuis-Rome.jpg\" alt=\"Excursions \u00e0 P\u00e9rouse depuis Rome\" width=\"960\" height=\"376\" srcset=\"http:\/\/www.rusrim.com\/wp-content\/uploads\/2021\/06\/Excursions-a-Perouse-depuis-Rome.jpg 960w, http:\/\/www.rusrim.com\/wp-content\/uploads\/2021\/06\/Excursions-a-Perouse-depuis-Rome-300x118.jpg 300w, http:\/\/www.rusrim.com\/wp-content\/uploads\/2021\/06\/Excursions-a-Perouse-depuis-Rome-768x301.jpg 768w\" sizes=\"(max-width: 960px) 100vw, 960px\" \/><\/a><p id=\"caption-attachment-7052\" class=\"wp-caption-text\">Excursions \u00e0 P\u00e9rouse depuis Rome<\/p><\/div>\n<div id=\"attachment_7051\" style=\"width: 380px\" class=\"wp-caption aligncenter\"><a href=\"http:\/\/www.rusrim.com\/wp-content\/uploads\/2021\/06\/Excursion-Perouse-en-francais.jpg\"><img aria-describedby=\"caption-attachment-7051\" loading=\"lazy\" class=\"Excursion P\u00e9rouse en fran\u00e7ais wp-image-7051 \" title=\"Excursion P\u00e9rouse en fran\u00e7ais\" src=\"http:\/\/www.rusrim.com\/wp-content\/uploads\/2021\/06\/Excursion-Perouse-en-francais.jpg\" alt=\"Excursion P\u00e9rouse en fran\u00e7ais\" width=\"370\" height=\"306\" srcset=\"http:\/\/www.rusrim.com\/wp-content\/uploads\/2021\/06\/Excursion-Perouse-en-francais.jpg 370w, http:\/\/www.rusrim.com\/wp-content\/uploads\/2021\/06\/Excursion-Perouse-en-francais-300x248.jpg 300w\" sizes=\"(max-width: 370px) 100vw, 370px\" \/><\/a><p id=\"caption-attachment-7051\" class=\"wp-caption-text\">Excursion P\u00e9rouse en fran\u00e7ais<\/p><\/div>\n<div id=\"attachment_7053\" style=\"width: 614px\" class=\"wp-caption aligncenter\"><a href=\"http:\/\/www.rusrim.com\/wp-content\/uploads\/2021\/06\/Galerie-nationale-de-lOmbrie-a-Perouse.jpg\"><img aria-describedby=\"caption-attachment-7053\" loading=\"lazy\" class=\"Galerie nationale de l'Ombrie \u00e0 P\u00e9rouse wp-image-7053 \" title=\"Galerie nationale de l'Ombrie \u00e0 P\u00e9rouse\" src=\"http:\/\/www.rusrim.com\/wp-content\/uploads\/2021\/06\/Galerie-nationale-de-lOmbrie-a-Perouse-576x1024.jpg\" alt=\"Galerie nationale de l'Ombrie \u00e0 P\u00e9rouse\" width=\"604\" height=\"1074\" srcset=\"http:\/\/www.rusrim.com\/wp-content\/uploads\/2021\/06\/Galerie-nationale-de-lOmbrie-a-Perouse-576x1024.jpg 576w, http:\/\/www.rusrim.com\/wp-content\/uploads\/2021\/06\/Galerie-nationale-de-lOmbrie-a-Perouse-169x300.jpg 169w, http:\/\/www.rusrim.com\/wp-content\/uploads\/2021\/06\/Galerie-nationale-de-lOmbrie-a-Perouse-768x1365.jpg 768w, http:\/\/www.rusrim.com\/wp-content\/uploads\/2021\/06\/Galerie-nationale-de-lOmbrie-a-Perouse-864x1536.jpg 864w, http:\/\/www.rusrim.com\/wp-content\/uploads\/2021\/06\/Galerie-nationale-de-lOmbrie-a-Perouse.jpg 900w\" sizes=\"(max-width: 604px) 100vw, 604px\" \/><\/a><p id=\"caption-attachment-7053\" class=\"wp-caption-text\">Galerie nationale de l&#8217;Ombrie \u00e0 P\u00e9rouse<\/p><\/div>\n<div id=\"attachment_7054\" style=\"width: 614px\" class=\"wp-caption aligncenter\"><a href=\"http:\/\/www.rusrim.com\/wp-content\/uploads\/2021\/06\/Galerie-nationale-de-Perouse-avec-guide.jpg\"><img aria-describedby=\"caption-attachment-7054\" loading=\"lazy\" class=\"Galerie nationale de P\u00e9rouse avec guide wp-image-7054 size-large\" title=\"Galerie nationale de P\u00e9rouse avec guide\" src=\"http:\/\/www.rusrim.com\/wp-content\/uploads\/2021\/06\/Galerie-nationale-de-Perouse-avec-guide-1024x576.jpg\" alt=\"Galerie nationale de P\u00e9rouse avec guide\" width=\"604\" height=\"340\" srcset=\"http:\/\/www.rusrim.com\/wp-content\/uploads\/2021\/06\/Galerie-nationale-de-Perouse-avec-guide-1024x576.jpg 1024w, http:\/\/www.rusrim.com\/wp-content\/uploads\/2021\/06\/Galerie-nationale-de-Perouse-avec-guide-300x169.jpg 300w, http:\/\/www.rusrim.com\/wp-content\/uploads\/2021\/06\/Galerie-nationale-de-Perouse-avec-guide-768x432.jpg 768w, http:\/\/www.rusrim.com\/wp-content\/uploads\/2021\/06\/Galerie-nationale-de-Perouse-avec-guide-1536x864.jpg 1536w, http:\/\/www.rusrim.com\/wp-content\/uploads\/2021\/06\/Galerie-nationale-de-Perouse-avec-guide.jpg 1600w\" sizes=\"(max-width: 604px) 100vw, 604px\" \/><\/a><p id=\"caption-attachment-7054\" class=\"wp-caption-text\">Galerie nationale de P\u00e9rouse avec guide<\/p><\/div>\n<div id=\"attachment_7055\" style=\"width: 1034px\" class=\"wp-caption aligncenter\"><a href=\"http:\/\/www.rusrim.com\/wp-content\/uploads\/2021\/06\/Perouse-Ombrie.jpg\"><img aria-describedby=\"caption-attachment-7055\" loading=\"lazy\" class=\"P\u00e9rouse - Ombrie - Italie wp-image-7055 size-full\" title=\"P\u00e9rouse - Ombrie - Italie\" src=\"http:\/\/www.rusrim.com\/wp-content\/uploads\/2021\/06\/Perouse-Ombrie.jpg\" alt=\"P\u00e9rouse - Ombrie - Italie\" width=\"1024\" height=\"683\" srcset=\"http:\/\/www.rusrim.com\/wp-content\/uploads\/2021\/06\/Perouse-Ombrie.jpg 1024w, http:\/\/www.rusrim.com\/wp-content\/uploads\/2021\/06\/Perouse-Ombrie-300x200.jpg 300w, http:\/\/www.rusrim.com\/wp-content\/uploads\/2021\/06\/Perouse-Ombrie-768x512.jpg 768w\" sizes=\"(max-width: 1024px) 100vw, 1024px\" \/><\/a><p id=\"caption-attachment-7055\" class=\"wp-caption-text\">P\u00e9rouse &#8211; Ombrie &#8211; Italie<\/p><\/div>\n<p>&nbsp;<\/p>\n<h3 style=\"text-align: center;\">Tours motoris\u00e9s en Italie <span style=\"color: #0000ff;\"><a style=\"color: #0000ff;\" href=\"http:\/\/www.rusrim.com\/fr\/\u0440\u0438\u043c-\u0442\u0443\u0440\u044b-\u043d\u0430-\u043c\u0430\u0448\u0438\u043d\u0435\/\u0430\u0432\u0442\u043e\u043c\u043e\u0431\u0438\u043b\u044c\u043d\u044b\u0435-\u0442\u0443\u0440\u044b-\u043f\u043e-\u0440\u0438\u043c\u0443-\u0438-\u0432\u0430\u0442\u0438\u043a\u0430\u043d\u0443\/\">ROME<\/a><\/span> &#8211; <span style=\"color: #0000ff;\"><a style=\"color: #0000ff;\" href=\"http:\/\/www.rusrim.com\/fr\/\u0440\u0438\u043c-\u0442\u0443\u0440\u044b-\u043d\u0430-\u043c\u0430\u0448\u0438\u043d\u0435\/\u043b\u0430\u0446\u0438\u043e-\u044d\u043a\u0441\u043a\u0443\u0440\u0441\u0438\u0438-\u043d\u0430-\u043c\u0430\u0448\u0438\u043d\u0435\/\">LATIUM<\/a><\/span> &#8211; <a href=\"http:\/\/www.rusrim.com\/fr\/\u0440\u0438\u043c-\u0442\u0443\u0440\u044b-\u043d\u0430-\u043c\u0430\u0448\u0438\u043d\u0435\/\u044d\u043a\u0441\u043a\u0443\u0440\u0441\u0438\u0438-\u0432-\u0442\u043e\u0441\u043a\u0430\u043d\u0443-\u0438\u0437-\u0440\u0438\u043c\u0430\/\"><span style=\"color: #0000ff;\">TOSCANE<\/span><\/a> &#8211; <span style=\"color: #0000ff;\"><a style=\"color: #0000ff;\" href=\"http:\/\/www.rusrim.com\/fr\/\u0440\u0438\u043c-\u0442\u0443\u0440\u044b-\u043d\u0430-\u043c\u0430\u0448\u0438\u043d\u0435\/\u0443\u043c\u0431\u0440\u0438\u044f-\u044d\u043a\u0441\u043a\u0443\u0440\u0441\u0438\u0438-\u0441-\u0433\u0438\u0434\u043e\u043c\/\">OMBRIE<\/a><\/span> &#8211; <span style=\"color: #0000ff;\"><a style=\"color: #0000ff;\" href=\"http:\/\/www.rusrim.com\/fr\/\u0440\u0438\u043c-\u0442\u0443\u0440\u044b-\u043d\u0430-\u043c\u0430\u0448\u0438\u043d\u0435\/\u0430\u043c\u0430\u043b\u044c\u0444\u0438-\u043f\u043e\u0437\u0438\u0442\u0430\u043d\u043e-\u0441\u043e\u0440\u0440\u0435\u043d\u0442\u043e-\u043f\u043e\u043c\u043f\u0435\u0438\/\">CAMPANIE<\/a><\/span> &#8211; <span style=\"color: #0000ff;\"><a style=\"color: #0000ff;\" href=\"http:\/\/www.rusrim.com\/fr\/\u0440\u0438\u043c-\u0442\u0443\u0440\u044b-\u043d\u0430-\u043c\u0430\u0448\u0438\u043d\u0435\/english-abruzzo-private-car-tour-from-rome\/\">ABRUZZES<\/a><\/span> &#8211; <span style=\"color: #0000ff;\"><a style=\"color: #0000ff;\" href=\"http:\/\/www.rusrim.com\/fr\/\u0440\u0438\u043c-\u0442\u0443\u0440\u044b-\u043d\u0430-\u043c\u0430\u0448\u0438\u043d\u0435\/\u0432\u0435\u043d\u0435\u0446\u0438\u044f-\u0438\u043d\u0434\u0438\u0432\u0438\u0434\u0443\u0430\u043b\u044c\u043d\u0430\u044f-\u044d\u043a\u0441\u043a\u0443\u0440\u0441\u0438\u044f\/\">Venise &#8211; <\/a><a style=\"color: #0000ff;\" href=\"http:\/\/www.rusrim.com\/fr\/\u0440\u0438\u043c-\u0442\u0443\u0440\u044b-\u043d\u0430-\u043c\u0430\u0448\u0438\u043d\u0435\/\u0431\u044a\u043b\u0433\u0430\u0440\u0441\u043a\u0438-\u0442\u0440\u0435\u043d\u0442\u0438\u043d\u043e-\u0430\u043b\u0442\u043e-\u0430\u0434\u0438\u0434\u0436\u0435-\u0441\u0443\u0434-\u0442\/\">TRENTINO<\/a><\/span><\/h3>\n<h5 style=\"text-align: center;\">Excursions en Bulgare, Russe, Anglais, Fran\u00e7ais et Ukrainien<\/h5>\n<h5 style=\"text-align: center;\">Tours individuels avec chauffeur\/<span style=\"color: #0000ff;\"><a style=\"color: #0000ff;\" href=\"http:\/\/www.rusrim.com\/fr\/%D0%B3%D0%B8%D0%B4%D1%8B\/%D0%B3%D0%B8%D0%B4-%D1%80%D0%B8%D0%BC\/\">guide <\/a><\/span>-conf\u00e9rencier \u00e0 Rome, Le <span style=\"color: #0000ff;\"><a style=\"color: #0000ff;\" href=\"http:\/\/www.rusrim.com\/fr\/\u044d\u043a\u0441\u043a\u0443\u0440\u0441\u0438\u0438-\u043f\u043e-\u0440\u0438\u043c\u0443\/\u043e\u0431\u0437\u043e\u0440\u043d\u0430\u044f-\u043f\u043e-\u0432\u0430\u0442\u0438\u043a\u0430\u043d\u0443\/\">Vatican<\/a><\/span>, et les r\u00e9gions du <span style=\"color: #0000ff;\"><a style=\"color: #0000ff;\" href=\"http:\/\/www.rusrim.com\/fr\/\u0440\u0438\u043c-\u0442\u0443\u0440\u044b-\u043d\u0430-\u043c\u0430\u0448\u0438\u043d\u0435\/\u043b\u0430\u0446\u0438\u043e-\u044d\u043a\u0441\u043a\u0443\u0440\u0441\u0438\u0438-\u043d\u0430-\u043c\u0430\u0448\u0438\u043d\u0435\/\">LATIUM<\/a><\/span> (<span style=\"color: #0000ff;\"><a style=\"color: #0000ff;\" href=\"http:\/\/www.rusrim.com\/fr\/\u0440\u0438\u043c-\u0442\u0443\u0440\u044b-\u043d\u0430-\u043c\u0430\u0448\u0438\u043d\u0435\/\u043b\u0430\u0446\u0438\u043e-\u044d\u043a\u0441\u043a\u0443\u0440\u0441\u0438\u0438-\u043d\u0430-\u043c\u0430\u0448\u0438\u043d\u0435\/\u0442\u0438\u0432\u043e\u043b\u0438\/\">Tivoli<\/a><\/span>, <span style=\"color: #0000ff;\"><a style=\"color: #0000ff;\" href=\"http:\/\/www.rusrim.com\/fr\/\u0440\u0438\u043c-\u0442\u0443\u0440\u044b-\u043d\u0430-\u043c\u0430\u0448\u0438\u043d\u0435\/\u043b\u0430\u0446\u0438\u043e-\u044d\u043a\u0441\u043a\u0443\u0440\u0441\u0438\u0438-\u043d\u0430-\u043c\u0430\u0448\u0438\u043d\u0435\/\u0440\u0438\u043c\u0441\u043a\u0438\u0435-\u0437\u0430\u043c\u043a\u0438-\u044d\u043a\u0441\u043a\u0443\u0440\u0441\u0438\u044f\/\">Chateaux Romains<\/a><\/span>, <span style=\"color: #0000ff;\"><a style=\"color: #0000ff;\" href=\"http:\/\/www.rusrim.com\/fr\/\u0440\u0438\u043c-\u0442\u0443\u0440\u044b-\u043d\u0430-\u043c\u0430\u0448\u0438\u043d\u0435\/\u043b\u0430\u0446\u0438\u043e-\u044d\u043a\u0441\u043a\u0443\u0440\u0441\u0438\u0438-\u043d\u0430-\u043c\u0430\u0448\u0438\u043d\u0435\/\u0442\u0430\u0440\u043a\u0432\u0438\u043d\u0438\u044f\/\">Tarquinie<\/a><\/span>) et <span style=\"color: #0000ff;\"><a style=\"color: #0000ff;\" href=\"http:\/\/www.rusrim.com\/fr\/\u0440\u0438\u043c-\u0442\u0443\u0440\u044b-\u043d\u0430-\u043c\u0430\u0448\u0438\u043d\u0435\/\u044d\u043a\u0441\u043a\u0443\u0440\u0441\u0438\u0438-\u0432-\u0442\u043e\u0441\u043a\u0430\u043d\u0443-\u0438\u0437-\u0440\u0438\u043c\u0430\/\">TOSCANE<\/a><\/span> (Florence, Sienne, Capalbe, Argentaire, Pise), <span style=\"color: #0000ff;\"><a style=\"color: #0000ff;\" href=\"http:\/\/www.rusrim.com\/fr\/\u0440\u0438\u043c-\u0442\u0443\u0440\u044b-\u043d\u0430-\u043c\u0430\u0448\u0438\u043d\u0435\/\u0443\u043c\u0431\u0440\u0438\u044f-\u044d\u043a\u0441\u043a\u0443\u0440\u0441\u0438\u0438-\u0441-\u0433\u0438\u0434\u043e\u043c\/\">OMBRIE<\/a><\/span> (Orvieto, Assise, P\u00e9rouse) ABRUZZES ( <span style=\"color: #0000ff;\"><a style=\"color: #0000ff;\" href=\"http:\/\/www.rusrim.com\/fr\/\u0440\u0438\u043c-\u0442\u0443\u0440\u044b-\u043d\u0430-\u043c\u0430\u0448\u0438\u043d\u0435\/english-abruzzo-private-car-tour-from-rome\/\">Gran Sasso, l\u2019Aquila<\/a><\/span>) CAMPANIE ( <span style=\"color: #0000ff;\"><a style=\"color: #0000ff;\" href=\"http:\/\/www.rusrim.com\/fr\/\u0440\u0438\u043c-\u0442\u0443\u0440\u044b-\u043d\u0430-\u043c\u0430\u0448\u0438\u043d\u0435\/\u0430\u043c\u0430\u043b\u044c\u0444\u0438-\u043f\u043e\u0437\u0438\u0442\u0430\u043d\u043e-\u0441\u043e\u0440\u0440\u0435\u043d\u0442\u043e-\u043f\u043e\u043c\u043f\u0435\u0438\/\">Pomp\u00e9i et Amalfi<\/a><\/span>) avec chauffeur\/guide-conf\u00e9rencier Anglais, Fran\u00e7ais, Russe, Bulgare et Allemand.<\/h5>\n<h5 style=\"text-align: center;\"><span class=\"VIiyi\" lang=\"fr\"><span class=\"JLqJ4b ChMk0b\" data-language-for-alternatives=\"fr\" data-language-to-translate-into=\"bg\" data-phrase-index=\"0\">R\u00e9servation d\u2019excursions en Toscane sans pr\u00e9paiement<\/span><\/span><\/h5>\n<h5 style=\"text-align: center;\">+39 389 59 75 184\u00a0\u00a0\u00a0<a href=\"mailto:info@rusrim.com\">info@rusrim.com\u00a0\u00a0<\/a><\/h5>\n<p><\/p>","protected":false},"excerpt":{"rendered":"<p>R\u00e9servation d&#8217;excursions en Italie sans pr\u00e9paiement\u00a0 +39 389 59 75 184\u00a0\u00a0\u00a0info@rusrim.com\u00a0\u00a0 &nbsp; Tours motoris\u00e9s en Italie ROME &#8211; LATIUM &#8211; TOSCANE &#8211; OMBRIE &#8211; CAMPANIE &#8211; ABRUZZES &#8211; Venise &#8211; TRENTINO Excursions en Bulgare, Russe, Anglais, Fran\u00e7ais et Ukrainien Tours individuels avec chauffeur\/guide -conf\u00e9rencier \u00e0 Rome, Le Vatican, et les r\u00e9gions du LATIUM (Tivoli, Chateaux [&hellip;]<\/p>\n","protected":false},"author":2,"featured_media":0,"parent":6380,"menu_order":3,"comment_status":"closed","ping_status":"closed","template":"","meta":[],"tags":[2883,2858,2873,2896,2897,2884,2975,2688,3197,2856,3138,2857,3196,2854,2855,3060,3292,2864,2852,2853,2851,2571,3297,3298,3176,3299,3300,3295,3296,3293,3294,2204],"_links":{"self":[{"href":"http:\/\/www.rusrim.com\/fr\/wp-json\/wp\/v2\/pages\/3494"}],"collection":[{"href":"http:\/\/www.rusrim.com\/fr\/wp-json\/wp\/v2\/pages"}],"about":[{"href":"http:\/\/www.rusrim.com\/fr\/wp-json\/wp\/v2\/types\/page"}],"author":[{"embeddable":true,"href":"http:\/\/www.rusrim.com\/fr\/wp-json\/wp\/v2\/users\/2"}],"replies":[{"embeddable":true,"href":"http:\/\/www.rusrim.com\/fr\/wp-json\/wp\/v2\/comments?post=3494"}],"version-history":[{"count":36,"href":"http:\/\/www.rusrim.com\/fr\/wp-json\/wp\/v2\/pages\/3494\/revisions"}],"predecessor-version":[{"id":9544,"href":"http:\/\/www.rusrim.com\/fr\/wp-json\/wp\/v2\/pages\/3494\/revisions\/9544"}],"up":[{"embeddable":true,"href":"http:\/\/www.rusrim.com\/fr\/wp-json\/wp\/v2\/pages\/6380"}],"wp:attachment":[{"href":"http:\/\/www.rusrim.com\/fr\/wp-json\/wp\/v2\/media?parent=3494"}],"wp:term":[{"taxonomy":"post_tag","embeddable":true,"href":"http:\/\/www.rusrim.com\/fr\/wp-json\/wp\/v2\/tags?post=3494"}],"curies":[{"name":"wp","href":"https:\/\/api.w.org\/{rel}","templated":true}]}}