{"id":380,"date":"2015-11-21T20:02:16","date_gmt":"2015-11-21T20:02:16","guid":{"rendered":"http:\/\/www.rusrim.com\/?page_id=380"},"modified":"2021-09-20T08:51:46","modified_gmt":"2021-09-20T08:51:46","slug":"%d0%be%d0%b1%d0%b7%d0%be%d1%80%d0%bd%d0%b0%d1%8f-%d0%bf%d0%be-%d0%b2%d0%b0%d1%82%d0%b8%d0%ba%d0%b0%d0%bd%d1%83","status":"publish","type":"page","link":"http:\/\/www.rusrim.com\/fr\/%d1%8d%d0%ba%d1%81%d0%ba%d1%83%d1%80%d1%81%d0%b8%d0%b8-%d0%bf%d0%be-%d1%80%d0%b8%d0%bc%d1%83\/%d0%be%d0%b1%d0%b7%d0%be%d1%80%d0%bd%d0%b0%d1%8f-%d0%bf%d0%be-%d0%b2%d0%b0%d1%82%d0%b8%d0%ba%d0%b0%d0%bd%d1%83\/","title":{"rendered":"Visite priv\u00e9e au Vatican"},"content":{"rendered":"<p>&nbsp;<\/p>\n<h5 style=\"text-align: center;\"><span class=\"VIiyi\" lang=\"fr\"><span class=\"JLqJ4b ChMk0b\" data-language-for-alternatives=\"fr\" data-language-to-translate-into=\"bg\" data-phrase-index=\"0\">R\u00e9servation d\u2019excursions au Vatican sans pr\u00e9paiement<\/span><\/span><\/h5>\n<h5 style=\"text-align: center;\">+39 389 59 75 184\u00a0\u00a0\u00a0<a href=\"mailto:info@rusrim.com\">info@rusrim.com\u00a0\u00a0<\/a><\/h5>\n<p><iframe title=\"Michelangelo La chapelle Sixtine Tour priv\u00e9 en Vatican RusRim.com Guide priv\u00e9 \u00e0 Rome\" width=\"500\" height=\"281\" src=\"https:\/\/www.youtube.com\/embed\/VAsy9cvI2Cw?feature=oembed\" frameborder=\"0\" allow=\"accelerometer; autoplay; clipboard-write; encrypted-media; gyroscope; picture-in-picture\" allowfullscreen><\/iframe><\/p>\n<div id=\"attachment_9450\" style=\"width: 1142px\" class=\"wp-caption aligncenter\"><a href=\"http:\/\/www.rusrim.com\/wp-content\/uploads\/2021\/09\/Colonnade-de-San-Pietro-.jpg\"><img aria-describedby=\"caption-attachment-9450\" loading=\"lazy\" class=\"Colonnade de San Pietro wp-image-9450 size-full\" title=\"Colonnade de San Pietro\" src=\"http:\/\/www.rusrim.com\/wp-content\/uploads\/2021\/09\/Colonnade-de-San-Pietro-.jpg\" alt=\"Colonnade de San Pietro\" width=\"1132\" height=\"756\" srcset=\"http:\/\/www.rusrim.com\/wp-content\/uploads\/2021\/09\/Colonnade-de-San-Pietro-.jpg 1132w, http:\/\/www.rusrim.com\/wp-content\/uploads\/2021\/09\/Colonnade-de-San-Pietro--300x200.jpg 300w, http:\/\/www.rusrim.com\/wp-content\/uploads\/2021\/09\/Colonnade-de-San-Pietro--1024x684.jpg 1024w, http:\/\/www.rusrim.com\/wp-content\/uploads\/2021\/09\/Colonnade-de-San-Pietro--768x513.jpg 768w\" sizes=\"(max-width: 1132px) 100vw, 1132px\" \/><\/a><p id=\"caption-attachment-9450\" class=\"wp-caption-text\">Colonnade de San Pietro<\/p><\/div>\n<p><iframe title=\"VATICAN Visite priv\u00e9e - Musique \u00e9lectronique Adel Karanov RusRim.com\" width=\"500\" height=\"281\" src=\"https:\/\/www.youtube.com\/embed\/DnhRk7a6AJY?feature=oembed\" frameborder=\"0\" allow=\"accelerometer; autoplay; clipboard-write; encrypted-media; gyroscope; picture-in-picture\" allowfullscreen><\/iframe><\/p>\n<div id=\"attachment_7088\" style=\"width: 614px\" class=\"wp-caption aligncenter\"><a href=\"http:\/\/www.rusrim.com\/wp-content\/uploads\/2021\/06\/Pieta-de-Michel-Ange-Vatican.jpg\"><img aria-describedby=\"caption-attachment-7088\" loading=\"lazy\" class=\"Piet\u00e0 de Michel-Ange - Vatican wp-image-7088 size-large\" title=\"Piet\u00e0 de Michel-Ange - Vatican\" src=\"http:\/\/www.rusrim.com\/wp-content\/uploads\/2021\/06\/Pieta-de-Michel-Ange-Vatican-1024x768.jpg\" alt=\"Piet\u00e0 de Michel-Ange - Vatican\" width=\"604\" height=\"453\" srcset=\"http:\/\/www.rusrim.com\/wp-content\/uploads\/2021\/06\/Pieta-de-Michel-Ange-Vatican-1024x768.jpg 1024w, http:\/\/www.rusrim.com\/wp-content\/uploads\/2021\/06\/Pieta-de-Michel-Ange-Vatican-300x225.jpg 300w, http:\/\/www.rusrim.com\/wp-content\/uploads\/2021\/06\/Pieta-de-Michel-Ange-Vatican-768x576.jpg 768w, http:\/\/www.rusrim.com\/wp-content\/uploads\/2021\/06\/Pieta-de-Michel-Ange-Vatican-1536x1152.jpg 1536w, http:\/\/www.rusrim.com\/wp-content\/uploads\/2021\/06\/Pieta-de-Michel-Ange-Vatican.jpg 2048w\" sizes=\"(max-width: 604px) 100vw, 604px\" \/><\/a><p id=\"caption-attachment-7088\" class=\"wp-caption-text\">Piet\u00e0 de Michel-Ange &#8211; Vatican<\/p><\/div>\n<div id=\"attachment_9448\" style=\"width: 837px\" class=\"wp-caption aligncenter\"><a href=\"http:\/\/www.rusrim.com\/wp-content\/uploads\/2021\/09\/Gardes-suisses-en-Vatican.jpg\"><img aria-describedby=\"caption-attachment-9448\" loading=\"lazy\" class=\"Gardes suisses en Vatican wp-image-9448 size-full\" title=\"Gardes suisses en Vatican\" src=\"http:\/\/www.rusrim.com\/wp-content\/uploads\/2021\/09\/Gardes-suisses-en-Vatican.jpg\" alt=\"Gardes suisses en Vatican\" width=\"827\" height=\"620\" srcset=\"http:\/\/www.rusrim.com\/wp-content\/uploads\/2021\/09\/Gardes-suisses-en-Vatican.jpg 827w, http:\/\/www.rusrim.com\/wp-content\/uploads\/2021\/09\/Gardes-suisses-en-Vatican-300x225.jpg 300w, http:\/\/www.rusrim.com\/wp-content\/uploads\/2021\/09\/Gardes-suisses-en-Vatican-768x576.jpg 768w\" sizes=\"(max-width: 827px) 100vw, 827px\" \/><\/a><p id=\"caption-attachment-9448\" class=\"wp-caption-text\">Gardes suisses en Vatican<\/p><\/div>\n<div id=\"attachment_7087\" style=\"width: 614px\" class=\"wp-caption aligncenter\"><a href=\"http:\/\/www.rusrim.com\/wp-content\/uploads\/2021\/06\/Cathedrale-Saint-Pierre-excursion-au-Vatican.jpg\"><img aria-describedby=\"caption-attachment-7087\" loading=\"lazy\" class=\"Cath\u00e9drale Saint-Pierre - excursion au Vatican wp-image-7087 size-large\" title=\"Cath\u00e9drale Saint-Pierre - excursion au Vatican\" src=\"http:\/\/www.rusrim.com\/wp-content\/uploads\/2021\/06\/Cathedrale-Saint-Pierre-excursion-au-Vatican-1024x768.jpg\" alt=\"Cath\u00e9drale Saint-Pierre - excursion au Vatican\" width=\"604\" height=\"453\" srcset=\"http:\/\/www.rusrim.com\/wp-content\/uploads\/2021\/06\/Cathedrale-Saint-Pierre-excursion-au-Vatican-1024x768.jpg 1024w, http:\/\/www.rusrim.com\/wp-content\/uploads\/2021\/06\/Cathedrale-Saint-Pierre-excursion-au-Vatican-300x225.jpg 300w, http:\/\/www.rusrim.com\/wp-content\/uploads\/2021\/06\/Cathedrale-Saint-Pierre-excursion-au-Vatican-768x576.jpg 768w, http:\/\/www.rusrim.com\/wp-content\/uploads\/2021\/06\/Cathedrale-Saint-Pierre-excursion-au-Vatican-1536x1152.jpg 1536w, http:\/\/www.rusrim.com\/wp-content\/uploads\/2021\/06\/Cathedrale-Saint-Pierre-excursion-au-Vatican.jpg 2048w\" sizes=\"(max-width: 604px) 100vw, 604px\" \/><\/a><p id=\"caption-attachment-7087\" class=\"wp-caption-text\">Cath\u00e9drale Saint-Pierre &#8211; excursion au Vatican<\/p><\/div>\n<div id=\"attachment_7086\" style=\"width: 614px\" class=\"wp-caption aligncenter\"><a href=\"http:\/\/www.rusrim.com\/wp-content\/uploads\/2021\/06\/Carrosse-dor-papal-excursion-en-Vatican.jpg\"><img aria-describedby=\"caption-attachment-7086\" loading=\"lazy\" class=\"Carrosse d'or papal - excursion en Vatican wp-image-7086 size-large\" title=\"Carrosse d'or papal - excursion en Vatican\" src=\"http:\/\/www.rusrim.com\/wp-content\/uploads\/2021\/06\/Carrosse-dor-papal-excursion-en-Vatican-1024x768.jpg\" alt=\"Carrosse d'or papal - excursion en Vatican\" width=\"604\" height=\"453\" srcset=\"http:\/\/www.rusrim.com\/wp-content\/uploads\/2021\/06\/Carrosse-dor-papal-excursion-en-Vatican-1024x768.jpg 1024w, http:\/\/www.rusrim.com\/wp-content\/uploads\/2021\/06\/Carrosse-dor-papal-excursion-en-Vatican-300x225.jpg 300w, http:\/\/www.rusrim.com\/wp-content\/uploads\/2021\/06\/Carrosse-dor-papal-excursion-en-Vatican-768x576.jpg 768w, http:\/\/www.rusrim.com\/wp-content\/uploads\/2021\/06\/Carrosse-dor-papal-excursion-en-Vatican-1536x1152.jpg 1536w, http:\/\/www.rusrim.com\/wp-content\/uploads\/2021\/06\/Carrosse-dor-papal-excursion-en-Vatican.jpg 1600w\" sizes=\"(max-width: 604px) 100vw, 604px\" \/><\/a><p id=\"caption-attachment-7086\" class=\"wp-caption-text\">Carrosse d&#8217;or papal &#8211; excursion en Vatican<\/p><\/div>\n<div id=\"attachment_7089\" style=\"width: 614px\" class=\"wp-caption aligncenter\"><a href=\"http:\/\/www.rusrim.com\/wp-content\/uploads\/2021\/06\/voiture-papale-Excursion-en-Vatican.jpg\"><img aria-describedby=\"caption-attachment-7089\" loading=\"lazy\" class=\"Voiture papale - Excursion en Vatican wp-image-7089 size-large\" title=\"Voiture papale - Excursion en Vatican\" src=\"http:\/\/www.rusrim.com\/wp-content\/uploads\/2021\/06\/voiture-papale-Excursion-en-Vatican-1024x768.jpg\" alt=\"Voiture papale - Excursion en Vatican\" width=\"604\" height=\"453\" srcset=\"http:\/\/www.rusrim.com\/wp-content\/uploads\/2021\/06\/voiture-papale-Excursion-en-Vatican-1024x768.jpg 1024w, http:\/\/www.rusrim.com\/wp-content\/uploads\/2021\/06\/voiture-papale-Excursion-en-Vatican-300x225.jpg 300w, http:\/\/www.rusrim.com\/wp-content\/uploads\/2021\/06\/voiture-papale-Excursion-en-Vatican-768x576.jpg 768w, http:\/\/www.rusrim.com\/wp-content\/uploads\/2021\/06\/voiture-papale-Excursion-en-Vatican-1536x1152.jpg 1536w, http:\/\/www.rusrim.com\/wp-content\/uploads\/2021\/06\/voiture-papale-Excursion-en-Vatican.jpg 1600w\" sizes=\"(max-width: 604px) 100vw, 604px\" \/><\/a><p id=\"caption-attachment-7089\" class=\"wp-caption-text\">Voiture papale &#8211; Excursion en Vatican<\/p><\/div>\n<div id=\"attachment_9449\" style=\"width: 1010px\" class=\"wp-caption aligncenter\"><a href=\"http:\/\/www.rusrim.com\/wp-content\/uploads\/2021\/09\/Gardes-suisses-Visite-au-Vatican-.jpg\"><img aria-describedby=\"caption-attachment-9449\" loading=\"lazy\" class=\"Gardes suisses - Visite au Vatican wp-image-9449 size-full\" title=\"Gardes suisses - Visite au Vatican\" src=\"http:\/\/www.rusrim.com\/wp-content\/uploads\/2021\/09\/Gardes-suisses-Visite-au-Vatican-.jpg\" alt=\"Gardes suisses - Visite au Vatican\" width=\"1000\" height=\"600\" srcset=\"http:\/\/www.rusrim.com\/wp-content\/uploads\/2021\/09\/Gardes-suisses-Visite-au-Vatican-.jpg 1000w, http:\/\/www.rusrim.com\/wp-content\/uploads\/2021\/09\/Gardes-suisses-Visite-au-Vatican--300x180.jpg 300w, http:\/\/www.rusrim.com\/wp-content\/uploads\/2021\/09\/Gardes-suisses-Visite-au-Vatican--768x461.jpg 768w\" sizes=\"(max-width: 1000px) 100vw, 1000px\" \/><\/a><p id=\"caption-attachment-9449\" class=\"wp-caption-text\">Gardes suisses &#8211; Visite au Vatican<\/p><\/div>\n<div id=\"attachment_9451\" style=\"width: 613px\" class=\"wp-caption aligncenter\"><a href=\"http:\/\/www.rusrim.com\/wp-content\/uploads\/2021\/09\/Chapelle-Sixtine-visite-privee-.jpg\"><img aria-describedby=\"caption-attachment-9451\" loading=\"lazy\" class=\"Chapelle Sixtine - visite priv\u00e9e wp-image-9451 \" title=\"Chapelle Sixtine - visite priv\u00e9e\" src=\"http:\/\/www.rusrim.com\/wp-content\/uploads\/2021\/09\/Chapelle-Sixtine-visite-privee-.jpg\" alt=\"Chapelle Sixtine - visite priv\u00e9e\" width=\"603\" height=\"402\" srcset=\"http:\/\/www.rusrim.com\/wp-content\/uploads\/2021\/09\/Chapelle-Sixtine-visite-privee-.jpg 480w, http:\/\/www.rusrim.com\/wp-content\/uploads\/2021\/09\/Chapelle-Sixtine-visite-privee--300x200.jpg 300w\" sizes=\"(max-width: 603px) 100vw, 603px\" \/><\/a><p id=\"caption-attachment-9451\" class=\"wp-caption-text\">Chapelle Sixtine &#8211; visite priv\u00e9e<\/p><\/div>\n<div id=\"attachment_9454\" style=\"width: 610px\" class=\"wp-caption aligncenter\"><a href=\"http:\/\/www.rusrim.com\/wp-content\/uploads\/2021\/09\/Chapelle-Sixtine-Vatican.jpg\"><img aria-describedby=\"caption-attachment-9454\" loading=\"lazy\" class=\"Chapelle Sixtine - Vatican wp-image-9454 size-full\" title=\"Chapelle Sixtine - Vatican\" src=\"http:\/\/www.rusrim.com\/wp-content\/uploads\/2021\/09\/Chapelle-Sixtine-Vatican.jpg\" alt=\"Chapelle Sixtine - Vatican\" width=\"600\" height=\"450\" srcset=\"http:\/\/www.rusrim.com\/wp-content\/uploads\/2021\/09\/Chapelle-Sixtine-Vatican.jpg 600w, http:\/\/www.rusrim.com\/wp-content\/uploads\/2021\/09\/Chapelle-Sixtine-Vatican-300x225.jpg 300w\" sizes=\"(max-width: 600px) 100vw, 600px\" \/><\/a><p id=\"caption-attachment-9454\" class=\"wp-caption-text\">Chapelle Sixtine &#8211; Vatican<\/p><\/div>\n<h3 style=\"text-align: center;\">Tours motoris\u00e9s en Italie <span style=\"color: #0000ff;\"><a style=\"color: #0000ff;\" href=\"http:\/\/www.rusrim.com\/fr\/\u0440\u0438\u043c-\u0442\u0443\u0440\u044b-\u043d\u0430-\u043c\u0430\u0448\u0438\u043d\u0435\/\u0430\u0432\u0442\u043e\u043c\u043e\u0431\u0438\u043b\u044c\u043d\u044b\u0435-\u0442\u0443\u0440\u044b-\u043f\u043e-\u0440\u0438\u043c\u0443-\u0438-\u0432\u0430\u0442\u0438\u043a\u0430\u043d\u0443\/\">ROME<\/a><\/span> &#8211; <span style=\"color: #0000ff;\"><a style=\"color: #0000ff;\" href=\"http:\/\/www.rusrim.com\/fr\/\u0440\u0438\u043c-\u0442\u0443\u0440\u044b-\u043d\u0430-\u043c\u0430\u0448\u0438\u043d\u0435\/\u043b\u0430\u0446\u0438\u043e-\u044d\u043a\u0441\u043a\u0443\u0440\u0441\u0438\u0438-\u043d\u0430-\u043c\u0430\u0448\u0438\u043d\u0435\/\">LATIUM<\/a><\/span> &#8211; <a href=\"http:\/\/www.rusrim.com\/fr\/\u0440\u0438\u043c-\u0442\u0443\u0440\u044b-\u043d\u0430-\u043c\u0430\u0448\u0438\u043d\u0435\/\u044d\u043a\u0441\u043a\u0443\u0440\u0441\u0438\u0438-\u0432-\u0442\u043e\u0441\u043a\u0430\u043d\u0443-\u0438\u0437-\u0440\u0438\u043c\u0430\/\"><span style=\"color: #0000ff;\">TOSCANE<\/span><\/a> &#8211; <span style=\"color: #0000ff;\"><a style=\"color: #0000ff;\" href=\"http:\/\/www.rusrim.com\/fr\/\u0440\u0438\u043c-\u0442\u0443\u0440\u044b-\u043d\u0430-\u043c\u0430\u0448\u0438\u043d\u0435\/\u0443\u043c\u0431\u0440\u0438\u044f-\u044d\u043a\u0441\u043a\u0443\u0440\u0441\u0438\u0438-\u0441-\u0433\u0438\u0434\u043e\u043c\/\">OMBRIE<\/a><\/span> &#8211; <span style=\"color: #0000ff;\"><a style=\"color: #0000ff;\" href=\"http:\/\/www.rusrim.com\/fr\/\u0440\u0438\u043c-\u0442\u0443\u0440\u044b-\u043d\u0430-\u043c\u0430\u0448\u0438\u043d\u0435\/\u0430\u043c\u0430\u043b\u044c\u0444\u0438-\u043f\u043e\u0437\u0438\u0442\u0430\u043d\u043e-\u0441\u043e\u0440\u0440\u0435\u043d\u0442\u043e-\u043f\u043e\u043c\u043f\u0435\u0438\/\">CAMPANIE<\/a><\/span> &#8211; <span style=\"color: #0000ff;\"><a style=\"color: #0000ff;\" href=\"http:\/\/www.rusrim.com\/fr\/\u0440\u0438\u043c-\u0442\u0443\u0440\u044b-\u043d\u0430-\u043c\u0430\u0448\u0438\u043d\u0435\/english-abruzzo-private-car-tour-from-rome\/\">ABRUZZES<\/a><\/span> &#8211; <span style=\"color: #0000ff;\"><a style=\"color: #0000ff;\" href=\"http:\/\/www.rusrim.com\/fr\/\u0440\u0438\u043c-\u0442\u0443\u0440\u044b-\u043d\u0430-\u043c\u0430\u0448\u0438\u043d\u0435\/\u0432\u0435\u043d\u0435\u0446\u0438\u044f-\u0438\u043d\u0434\u0438\u0432\u0438\u0434\u0443\u0430\u043b\u044c\u043d\u0430\u044f-\u044d\u043a\u0441\u043a\u0443\u0440\u0441\u0438\u044f\/\">Venise &#8211; <\/a><a style=\"color: #0000ff;\" href=\"http:\/\/www.rusrim.com\/fr\/\u0440\u0438\u043c-\u0442\u0443\u0440\u044b-\u043d\u0430-\u043c\u0430\u0448\u0438\u043d\u0435\/\u0431\u044a\u043b\u0433\u0430\u0440\u0441\u043a\u0438-\u0442\u0440\u0435\u043d\u0442\u0438\u043d\u043e-\u0430\u043b\u0442\u043e-\u0430\u0434\u0438\u0434\u0436\u0435-\u0441\u0443\u0434-\u0442\/\">TRENTINO<\/a><\/span><\/h3>\n<h5 style=\"text-align: center;\">Excursions en Bulgare, Russe, Anglais, Fran\u00e7ais et Ukrainien<\/h5>\n<h5 style=\"text-align: center;\">Tours individuels avec chauffeur\/<span style=\"color: #0000ff;\"><a style=\"color: #0000ff;\" href=\"http:\/\/www.rusrim.com\/fr\/%D0%B3%D0%B8%D0%B4%D1%8B\/%D0%B3%D0%B8%D0%B4-%D1%80%D0%B8%D0%BC\/\">guide <\/a><\/span>-conf\u00e9rencier \u00e0 Rome, Le <span style=\"color: #0000ff;\"><a style=\"color: #0000ff;\" href=\"http:\/\/www.rusrim.com\/fr\/\u044d\u043a\u0441\u043a\u0443\u0440\u0441\u0438\u0438-\u043f\u043e-\u0440\u0438\u043c\u0443\/\u043e\u0431\u0437\u043e\u0440\u043d\u0430\u044f-\u043f\u043e-\u0432\u0430\u0442\u0438\u043a\u0430\u043d\u0443\/\">Vatican<\/a><\/span>, et les r\u00e9gions du <span style=\"color: #0000ff;\"><a style=\"color: #0000ff;\" href=\"http:\/\/www.rusrim.com\/fr\/\u0440\u0438\u043c-\u0442\u0443\u0440\u044b-\u043d\u0430-\u043c\u0430\u0448\u0438\u043d\u0435\/\u043b\u0430\u0446\u0438\u043e-\u044d\u043a\u0441\u043a\u0443\u0440\u0441\u0438\u0438-\u043d\u0430-\u043c\u0430\u0448\u0438\u043d\u0435\/\">LATIUM<\/a><\/span> (<span style=\"color: #0000ff;\"><a style=\"color: #0000ff;\" href=\"http:\/\/www.rusrim.com\/fr\/\u0440\u0438\u043c-\u0442\u0443\u0440\u044b-\u043d\u0430-\u043c\u0430\u0448\u0438\u043d\u0435\/\u043b\u0430\u0446\u0438\u043e-\u044d\u043a\u0441\u043a\u0443\u0440\u0441\u0438\u0438-\u043d\u0430-\u043c\u0430\u0448\u0438\u043d\u0435\/\u0442\u0438\u0432\u043e\u043b\u0438\/\">Tivoli<\/a><\/span>, <span style=\"color: #0000ff;\"><a style=\"color: #0000ff;\" href=\"http:\/\/www.rusrim.com\/fr\/\u0440\u0438\u043c-\u0442\u0443\u0440\u044b-\u043d\u0430-\u043c\u0430\u0448\u0438\u043d\u0435\/\u043b\u0430\u0446\u0438\u043e-\u044d\u043a\u0441\u043a\u0443\u0440\u0441\u0438\u0438-\u043d\u0430-\u043c\u0430\u0448\u0438\u043d\u0435\/\u0440\u0438\u043c\u0441\u043a\u0438\u0435-\u0437\u0430\u043c\u043a\u0438-\u044d\u043a\u0441\u043a\u0443\u0440\u0441\u0438\u044f\/\">Chateaux Romains<\/a><\/span>, <span style=\"color: #0000ff;\"><a style=\"color: #0000ff;\" href=\"http:\/\/www.rusrim.com\/fr\/\u0440\u0438\u043c-\u0442\u0443\u0440\u044b-\u043d\u0430-\u043c\u0430\u0448\u0438\u043d\u0435\/\u043b\u0430\u0446\u0438\u043e-\u044d\u043a\u0441\u043a\u0443\u0440\u0441\u0438\u0438-\u043d\u0430-\u043c\u0430\u0448\u0438\u043d\u0435\/\u0442\u0430\u0440\u043a\u0432\u0438\u043d\u0438\u044f\/\">Tarquinie<\/a><\/span>) et <span style=\"color: #0000ff;\"><a style=\"color: #0000ff;\" href=\"http:\/\/www.rusrim.com\/fr\/\u0440\u0438\u043c-\u0442\u0443\u0440\u044b-\u043d\u0430-\u043c\u0430\u0448\u0438\u043d\u0435\/\u044d\u043a\u0441\u043a\u0443\u0440\u0441\u0438\u0438-\u0432-\u0442\u043e\u0441\u043a\u0430\u043d\u0443-\u0438\u0437-\u0440\u0438\u043c\u0430\/\">TOSCANE<\/a><\/span> (Florence, Sienne, Capalbe, Argentaire, Pise), <span style=\"color: #0000ff;\"><a style=\"color: #0000ff;\" href=\"http:\/\/www.rusrim.com\/fr\/\u0440\u0438\u043c-\u0442\u0443\u0440\u044b-\u043d\u0430-\u043c\u0430\u0448\u0438\u043d\u0435\/\u0443\u043c\u0431\u0440\u0438\u044f-\u044d\u043a\u0441\u043a\u0443\u0440\u0441\u0438\u0438-\u0441-\u0433\u0438\u0434\u043e\u043c\/\">OMBRIE<\/a><\/span> (Orvieto, Assise, P\u00e9rouse) ABRUZZES ( <span style=\"color: #0000ff;\"><a style=\"color: #0000ff;\" href=\"http:\/\/www.rusrim.com\/fr\/\u0440\u0438\u043c-\u0442\u0443\u0440\u044b-\u043d\u0430-\u043c\u0430\u0448\u0438\u043d\u0435\/english-abruzzo-private-car-tour-from-rome\/\">Gran Sasso, l\u2019Aquila<\/a><\/span>) CAMPANIE ( <span style=\"color: #0000ff;\"><a style=\"color: #0000ff;\" href=\"http:\/\/www.rusrim.com\/fr\/\u0440\u0438\u043c-\u0442\u0443\u0440\u044b-\u043d\u0430-\u043c\u0430\u0448\u0438\u043d\u0435\/\u0430\u043c\u0430\u043b\u044c\u0444\u0438-\u043f\u043e\u0437\u0438\u0442\u0430\u043d\u043e-\u0441\u043e\u0440\u0440\u0435\u043d\u0442\u043e-\u043f\u043e\u043c\u043f\u0435\u0438\/\">Pomp\u00e9i et Amalfi<\/a><\/span>) avec chauffeur\/guide-conf\u00e9rencier Anglais, Fran\u00e7ais, Russe, Bulgare et Allemand.<\/h5>\n<h5 style=\"text-align: center;\"><span class=\"VIiyi\" lang=\"fr\"><span class=\"JLqJ4b ChMk0b\" data-language-for-alternatives=\"fr\" data-language-to-translate-into=\"bg\" data-phrase-index=\"0\">R\u00e9servation d\u2019excursions en Toscane sans pr\u00e9paiement<\/span><\/span><\/h5>\n<h5 style=\"text-align: center;\">+39 389 59 75 184\u00a0\u00a0\u00a0<a href=\"mailto:info@rusrim.com\">info@rusrim.com\u00a0\u00a0<\/a><\/h5>\n<p><\/p>","protected":false},"excerpt":{"rendered":"<p>&nbsp; R\u00e9servation d\u2019excursions au Vatican sans pr\u00e9paiement +39 389 59 75 184\u00a0\u00a0\u00a0info@rusrim.com\u00a0\u00a0 Tours motoris\u00e9s en Italie ROME &#8211; LATIUM &#8211; TOSCANE &#8211; OMBRIE &#8211; CAMPANIE &#8211; ABRUZZES &#8211; Venise &#8211; TRENTINO Excursions en Bulgare, Russe, Anglais, Fran\u00e7ais et Ukrainien Tours individuels avec chauffeur\/guide -conf\u00e9rencier \u00e0 Rome, Le Vatican, et les r\u00e9gions du LATIUM (Tivoli, Chateaux [&hellip;]<\/p>\n","protected":false},"author":2,"featured_media":0,"parent":546,"menu_order":8,"comment_status":"closed","ping_status":"closed","template":"","meta":[],"tags":[828,3005,2134,2135,2133,2978,2979,823,602,193,191,832,194,192,841,350,349,831,2136,2138,2137,809,835,818,833,152,54,847,59,2976,2876,2812,2974,2975,2914,432,822,811,810,834,829,848,2613,2977,2612,2609,2611,2610,597,817,749,815,814,836,842,803,804,805,806,802,351,348,830,819,2132,2131,748,2129,2130,2128,807,812,813,820,821,816,824,844,801,173,726,39,827,837,838,839,840,808,10,47,48,845,846,826,49,46,825,843],"_links":{"self":[{"href":"http:\/\/www.rusrim.com\/fr\/wp-json\/wp\/v2\/pages\/380"}],"collection":[{"href":"http:\/\/www.rusrim.com\/fr\/wp-json\/wp\/v2\/pages"}],"about":[{"href":"http:\/\/www.rusrim.com\/fr\/wp-json\/wp\/v2\/types\/page"}],"author":[{"embeddable":true,"href":"http:\/\/www.rusrim.com\/fr\/wp-json\/wp\/v2\/users\/2"}],"replies":[{"embeddable":true,"href":"http:\/\/www.rusrim.com\/fr\/wp-json\/wp\/v2\/comments?post=380"}],"version-history":[{"count":94,"href":"http:\/\/www.rusrim.com\/fr\/wp-json\/wp\/v2\/pages\/380\/revisions"}],"predecessor-version":[{"id":9597,"href":"http:\/\/www.rusrim.com\/fr\/wp-json\/wp\/v2\/pages\/380\/revisions\/9597"}],"up":[{"embeddable":true,"href":"http:\/\/www.rusrim.com\/fr\/wp-json\/wp\/v2\/pages\/546"}],"wp:attachment":[{"href":"http:\/\/www.rusrim.com\/fr\/wp-json\/wp\/v2\/media?parent=380"}],"wp:term":[{"taxonomy":"post_tag","embeddable":true,"href":"http:\/\/www.rusrim.com\/fr\/wp-json\/wp\/v2\/tags?post=380"}],"curies":[{"name":"wp","href":"https:\/\/api.w.org\/{rel}","templated":true}]}}