{"id":387,"date":"2015-11-21T20:42:41","date_gmt":"2015-11-21T20:42:41","guid":{"rendered":"http:\/\/www.rusrim.com\/?page_id=387"},"modified":"2021-08-17T14:01:45","modified_gmt":"2021-08-17T14:01:45","slug":"%d0%b3%d0%b0%d0%bb%d0%b5%d1%80%d0%b5%d1%8f-%d0%b1%d0%be%d1%80%d0%b3%d0%b5%d0%b7%d0%b5-%d1%82%d1%83%d1%80","status":"publish","type":"page","link":"http:\/\/www.rusrim.com\/fr\/%d1%8d%d0%ba%d1%81%d0%ba%d1%83%d1%80%d1%81%d0%b8%d0%b8-%d0%bf%d0%be-%d1%80%d0%b8%d0%bc%d1%83\/%d0%b3%d0%b0%d0%bb%d0%b5%d1%80%d0%b5%d1%8f-%d0%b1%d0%be%d1%80%d0%b3%d0%b5%d0%b7%d0%b5-%d1%82%d1%83%d1%80\/","title":{"rendered":"(English) Villa and gallery Borghese private tour"},"content":{"rendered":"<p class=\"qtranxs-available-languages-message qtranxs-available-languages-message-fr\">D\u00e9sol\u00e9, cet article est seulement disponible en <a href=\"http:\/\/www.rusrim.com\/en\/wp-json\/wp\/v2\/pages\/387\" class=\"qtranxs-available-language-link qtranxs-available-language-link-en\" title=\"English\">Anglais Am\u00e9ricain<\/a>, <a href=\"http:\/\/www.rusrim.com\/ru\/wp-json\/wp\/v2\/pages\/387\" class=\"qtranxs-available-language-link qtranxs-available-language-link-ru\" title=\"\u0420\u0443\u0441\u0441\u043a\u0438\u0439\">Russe<\/a> et <a href=\"http:\/\/www.rusrim.com\/bg\/wp-json\/wp\/v2\/pages\/387\" class=\"qtranxs-available-language-link qtranxs-available-language-link-bg\" title=\"\u0411\u044a\u043b\u0433\u0430\u0440\u0441\u043a\u0438\">Bulgare<\/a>.<\/p>","protected":false},"excerpt":{"rendered":"<p>D\u00e9sol\u00e9, cet article est seulement disponible en Anglais Am\u00e9ricain, Russe et Bulgare.<\/p>\n","protected":false},"author":2,"featured_media":0,"parent":546,"menu_order":9,"comment_status":"closed","ping_status":"closed","template":"","meta":[],"tags":[943,948,947,944,939,938,926,924,930,929,931,932,933,928,927,925,1222,940,941,869,923,922,1221,1223,942,936,555,934,935,54,921,57,946,1224,949,945,937,950,127,916,129,910,32,164,121,913,909,912,911,914,33,137,166,165,272,173,273,174,34,161,125,43,132,180,39,178,176,915,116,122,167,171,169,168,172,170,8,138,130,117,10,47,45,48,919,49,337,920,46,44,131,128,179,181,177,175,918,917,7],"_links":{"self":[{"href":"http:\/\/www.rusrim.com\/fr\/wp-json\/wp\/v2\/pages\/387"}],"collection":[{"href":"http:\/\/www.rusrim.com\/fr\/wp-json\/wp\/v2\/pages"}],"about":[{"href":"http:\/\/www.rusrim.com\/fr\/wp-json\/wp\/v2\/types\/page"}],"author":[{"embeddable":true,"href":"http:\/\/www.rusrim.com\/fr\/wp-json\/wp\/v2\/users\/2"}],"replies":[{"embeddable":true,"href":"http:\/\/www.rusrim.com\/fr\/wp-json\/wp\/v2\/comments?post=387"}],"version-history":[{"count":36,"href":"http:\/\/www.rusrim.com\/fr\/wp-json\/wp\/v2\/pages\/387\/revisions"}],"predecessor-version":[{"id":8895,"href":"http:\/\/www.rusrim.com\/fr\/wp-json\/wp\/v2\/pages\/387\/revisions\/8895"}],"up":[{"embeddable":true,"href":"http:\/\/www.rusrim.com\/fr\/wp-json\/wp\/v2\/pages\/546"}],"wp:attachment":[{"href":"http:\/\/www.rusrim.com\/fr\/wp-json\/wp\/v2\/media?parent=387"}],"wp:term":[{"taxonomy":"post_tag","embeddable":true,"href":"http:\/\/www.rusrim.com\/fr\/wp-json\/wp\/v2\/tags?post=387"}],"curies":[{"name":"wp","href":"https:\/\/api.w.org\/{rel}","templated":true}]}}