{"id":389,"date":"2015-11-21T20:56:26","date_gmt":"2015-11-21T20:56:26","guid":{"rendered":"http:\/\/www.rusrim.com\/?page_id=389"},"modified":"2020-08-02T15:56:05","modified_gmt":"2020-08-02T15:56:05","slug":"%d0%bc%d1%83%d0%b7%d0%b5%d0%b8-%d1%80%d0%b8%d0%bc","status":"publish","type":"page","link":"http:\/\/www.rusrim.com\/fr\/%d1%8d%d0%ba%d1%81%d0%ba%d1%83%d1%80%d1%81%d0%b8%d0%b8-%d0%bf%d0%be-%d1%80%d0%b8%d0%bc%d1%83\/%d0%bf%d0%b5%d1%88%d0%b5%d1%85%d0%be%d0%b4%d0%bd%d1%8b%d0%b5-%d1%8d%d0%ba%d1%81%d0%ba%d1%83%d1%80%d1%81%d0%b8%d0%b8-%d0%b2-%d1%80%d0%b8%d0%bc%d0%b5\/%d0%bc%d1%83%d0%b7%d0%b5%d0%b8-%d1%80%d0%b8%d0%bc\/","title":{"rendered":"(English) Top -10 museums of Rome private tours"},"content":{"rendered":"<p class=\"qtranxs-available-languages-message qtranxs-available-languages-message-fr\">D\u00e9sol\u00e9, cet article est seulement disponible en <a href=\"http:\/\/www.rusrim.com\/en\/wp-json\/wp\/v2\/pages\/389\" class=\"qtranxs-available-language-link qtranxs-available-language-link-en\" title=\"English\">Anglais Am\u00e9ricain<\/a>, <a href=\"http:\/\/www.rusrim.com\/ru\/wp-json\/wp\/v2\/pages\/389\" class=\"qtranxs-available-language-link qtranxs-available-language-link-ru\" title=\"\u0420\u0443\u0441\u0441\u043a\u0438\u0439\">Russe<\/a> et <a href=\"http:\/\/www.rusrim.com\/bg\/wp-json\/wp\/v2\/pages\/389\" class=\"qtranxs-available-language-link qtranxs-available-language-link-bg\" title=\"\u0411\u044a\u043b\u0433\u0430\u0440\u0441\u043a\u0438\">Bulgare<\/a>.<\/p>","protected":false},"excerpt":{"rendered":"<p>D\u00e9sol\u00e9, cet article est seulement disponible en Anglais Am\u00e9ricain, Russe et Bulgare.<\/p>\n","protected":false},"author":2,"featured_media":0,"parent":333,"menu_order":35,"comment_status":"closed","ping_status":"closed","template":"","meta":[],"tags":[2237,2241,2225,2224,2247,1117,2229,2234,2239,2238,2240,2233,2223,2236,2243,2244,2242,202,2245,2246,2248,2230,2228,146,2232,2231,2227,1483,2222,2235,2226],"_links":{"self":[{"href":"http:\/\/www.rusrim.com\/fr\/wp-json\/wp\/v2\/pages\/389"}],"collection":[{"href":"http:\/\/www.rusrim.com\/fr\/wp-json\/wp\/v2\/pages"}],"about":[{"href":"http:\/\/www.rusrim.com\/fr\/wp-json\/wp\/v2\/types\/page"}],"author":[{"embeddable":true,"href":"http:\/\/www.rusrim.com\/fr\/wp-json\/wp\/v2\/users\/2"}],"replies":[{"embeddable":true,"href":"http:\/\/www.rusrim.com\/fr\/wp-json\/wp\/v2\/comments?post=389"}],"version-history":[{"count":29,"href":"http:\/\/www.rusrim.com\/fr\/wp-json\/wp\/v2\/pages\/389\/revisions"}],"predecessor-version":[{"id":5378,"href":"http:\/\/www.rusrim.com\/fr\/wp-json\/wp\/v2\/pages\/389\/revisions\/5378"}],"up":[{"embeddable":true,"href":"http:\/\/www.rusrim.com\/fr\/wp-json\/wp\/v2\/pages\/333"}],"wp:attachment":[{"href":"http:\/\/www.rusrim.com\/fr\/wp-json\/wp\/v2\/media?parent=389"}],"wp:term":[{"taxonomy":"post_tag","embeddable":true,"href":"http:\/\/www.rusrim.com\/fr\/wp-json\/wp\/v2\/tags?post=389"}],"curies":[{"name":"wp","href":"https:\/\/api.w.org\/{rel}","templated":true}]}}