{"id":4396,"date":"2019-11-17T14:54:19","date_gmt":"2019-11-17T14:54:19","guid":{"rendered":"http:\/\/www.rusrim.com\/?page_id=4396"},"modified":"2021-09-18T16:19:03","modified_gmt":"2021-09-18T16:19:03","slug":"%d0%b1%d1%8a%d0%bb%d0%b3%d0%b0%d1%80%d1%81%d0%ba%d0%b8-%d1%82%d1%80%d0%b5%d0%bd%d1%82%d0%b8%d0%bd%d0%be-%d0%b0%d0%bb%d1%82%d0%be-%d0%b0%d0%b4%d0%b8%d0%b4%d0%b6%d0%b5-%d1%81%d1%83%d0%b4-%d1%82","status":"publish","type":"page","link":"http:\/\/www.rusrim.com\/fr\/%d1%80%d0%b8%d0%bc-%d1%82%d1%83%d1%80%d1%8b-%d0%bd%d0%b0-%d0%bc%d0%b0%d1%88%d0%b8%d0%bd%d0%b5\/%d0%b1%d1%8a%d0%bb%d0%b3%d0%b0%d1%80%d1%81%d0%ba%d0%b8-%d1%82%d1%80%d0%b5%d0%bd%d1%82%d0%b8%d0%bd%d0%be-%d0%b0%d0%bb%d1%82%d0%be-%d0%b0%d0%b4%d0%b8%d0%b4%d0%b6%d0%b5-%d1%81%d1%83%d0%b4-%d1%82\/","title":{"rendered":"Excursions en voiture en Trentino Alto Adige et Lago di Garda"},"content":{"rendered":"<p><\/p>\n<h5 style=\"text-align: center;\"><span class=\"VIiyi\" lang=\"fr\"><span class=\"JLqJ4b ChMk0b\" data-language-for-alternatives=\"fr\" data-language-to-translate-into=\"bg\" data-phrase-index=\"0\">R\u00e9servation d&#8217;excursions <\/span><\/span><span class=\"VIiyi\" lang=\"fr\"><span class=\"JLqJ4b ChMk0b\" data-language-for-alternatives=\"fr\" data-language-to-translate-into=\"bg\" data-phrase-index=\"0\">en Italie <\/span><\/span><span class=\"VIiyi\" lang=\"fr\"><span class=\"JLqJ4b ChMk0b\" data-language-for-alternatives=\"fr\" data-language-to-translate-into=\"bg\" data-phrase-index=\"0\">sans pr\u00e9paiement\u00a0<\/span><\/span><\/h5>\n<h5 style=\"text-align: center;\">+39 389 59 75 184\u00a0\u00a0\u00a0<a href=\"mailto:info@rusrim.com\">info@rusrim.com\u00a0\u00a0<\/a><\/h5>\n<p><iframe title=\"Dolomites -  Trentin-Haut-Adige - TOURS PRIV\u00c9S EN ITALIE - RusRim.com\" width=\"500\" height=\"281\" src=\"https:\/\/www.youtube.com\/embed\/Agr1NeL7VnE?feature=oembed\" frameborder=\"0\" allow=\"accelerometer; autoplay; clipboard-write; encrypted-media; gyroscope; picture-in-picture\" allowfullscreen><\/iframe><\/p>\n<div id=\"attachment_9489\" style=\"width: 1837px\" class=\"wp-caption aligncenter\"><a href=\"http:\/\/www.rusrim.com\/wp-content\/uploads\/2021\/09\/Guide-prive-du-Trentin-.jpg\"><img aria-describedby=\"caption-attachment-9489\" loading=\"lazy\" class=\"Guide priv\u00e9 du Trentin wp-image-9489 size-full\" title=\"Guide priv\u00e9 du Trentin\" src=\"http:\/\/www.rusrim.com\/wp-content\/uploads\/2021\/09\/Guide-prive-du-Trentin-.jpg\" alt=\"Guide priv\u00e9 du Trentin\" width=\"1827\" height=\"1217\" srcset=\"http:\/\/www.rusrim.com\/wp-content\/uploads\/2021\/09\/Guide-prive-du-Trentin-.jpg 1827w, http:\/\/www.rusrim.com\/wp-content\/uploads\/2021\/09\/Guide-prive-du-Trentin--300x200.jpg 300w, http:\/\/www.rusrim.com\/wp-content\/uploads\/2021\/09\/Guide-prive-du-Trentin--1024x682.jpg 1024w, http:\/\/www.rusrim.com\/wp-content\/uploads\/2021\/09\/Guide-prive-du-Trentin--768x512.jpg 768w, http:\/\/www.rusrim.com\/wp-content\/uploads\/2021\/09\/Guide-prive-du-Trentin--1536x1023.jpg 1536w\" sizes=\"(max-width: 1827px) 100vw, 1827px\" \/><\/a><p id=\"caption-attachment-9489\" class=\"wp-caption-text\">Guide priv\u00e9 du Trentin<\/p><\/div>\n<div id=\"attachment_9488\" style=\"width: 1837px\" class=\"wp-caption aligncenter\"><a href=\"http:\/\/www.rusrim.com\/wp-content\/uploads\/2021\/09\/Dolomiti-Visite-privee-en-Italie-.jpg\"><img aria-describedby=\"caption-attachment-9488\" loading=\"lazy\" class=\"Dolomiti - Visite priv\u00e9e en Italie wp-image-9488 size-full\" title=\"Dolomiti - Visite priv\u00e9e en Italie\" src=\"http:\/\/www.rusrim.com\/wp-content\/uploads\/2021\/09\/Dolomiti-Visite-privee-en-Italie-.jpg\" alt=\"Dolomiti - Visite priv\u00e9e en Italie\" width=\"1827\" height=\"1217\" srcset=\"http:\/\/www.rusrim.com\/wp-content\/uploads\/2021\/09\/Dolomiti-Visite-privee-en-Italie-.jpg 1827w, http:\/\/www.rusrim.com\/wp-content\/uploads\/2021\/09\/Dolomiti-Visite-privee-en-Italie--300x200.jpg 300w, http:\/\/www.rusrim.com\/wp-content\/uploads\/2021\/09\/Dolomiti-Visite-privee-en-Italie--1024x682.jpg 1024w, http:\/\/www.rusrim.com\/wp-content\/uploads\/2021\/09\/Dolomiti-Visite-privee-en-Italie--768x512.jpg 768w, http:\/\/www.rusrim.com\/wp-content\/uploads\/2021\/09\/Dolomiti-Visite-privee-en-Italie--1536x1023.jpg 1536w\" sizes=\"(max-width: 1827px) 100vw, 1827px\" \/><\/a><p id=\"caption-attachment-9488\" class=\"wp-caption-text\">Dolomiti &#8211; Visite priv\u00e9e en Italie<\/p><\/div>\n<div id=\"attachment_9505\" style=\"width: 2049px\" class=\"wp-caption aligncenter\"><a href=\"http:\/\/www.rusrim.com\/wp-content\/uploads\/2021\/09\/Lago-di-Garda.jpg\"><img aria-describedby=\"caption-attachment-9505\" loading=\"lazy\" class=\"Lago di Garda wp-image-9505 size-full\" title=\"Lago di Garda\" src=\"http:\/\/www.rusrim.com\/wp-content\/uploads\/2021\/09\/Lago-di-Garda.jpg\" alt=\"Lago di Garda\" width=\"2039\" height=\"1140\" srcset=\"http:\/\/www.rusrim.com\/wp-content\/uploads\/2021\/09\/Lago-di-Garda.jpg 2039w, http:\/\/www.rusrim.com\/wp-content\/uploads\/2021\/09\/Lago-di-Garda-300x168.jpg 300w, http:\/\/www.rusrim.com\/wp-content\/uploads\/2021\/09\/Lago-di-Garda-1024x573.jpg 1024w, http:\/\/www.rusrim.com\/wp-content\/uploads\/2021\/09\/Lago-di-Garda-768x429.jpg 768w, http:\/\/www.rusrim.com\/wp-content\/uploads\/2021\/09\/Lago-di-Garda-1536x859.jpg 1536w\" sizes=\"(max-width: 2039px) 100vw, 2039px\" \/><\/a><p id=\"caption-attachment-9505\" class=\"wp-caption-text\">Lago di Garda<\/p><\/div>\n<div id=\"attachment_9504\" style=\"width: 1896px\" class=\"wp-caption aligncenter\"><a href=\"http:\/\/www.rusrim.com\/wp-content\/uploads\/2021\/09\/Vipiteno-Trentino-Italy.jpg\"><img aria-describedby=\"caption-attachment-9504\" loading=\"lazy\" class=\"Vipiteno - Trentino - Italy wp-image-9504 size-full\" title=\"Vipiteno - Trentino - Italy\" src=\"http:\/\/www.rusrim.com\/wp-content\/uploads\/2021\/09\/Vipiteno-Trentino-Italy.jpg\" alt=\"Vipiteno - Trentino - Italy\" width=\"1886\" height=\"1217\" srcset=\"http:\/\/www.rusrim.com\/wp-content\/uploads\/2021\/09\/Vipiteno-Trentino-Italy.jpg 1886w, http:\/\/www.rusrim.com\/wp-content\/uploads\/2021\/09\/Vipiteno-Trentino-Italy-300x194.jpg 300w, http:\/\/www.rusrim.com\/wp-content\/uploads\/2021\/09\/Vipiteno-Trentino-Italy-1024x661.jpg 1024w, http:\/\/www.rusrim.com\/wp-content\/uploads\/2021\/09\/Vipiteno-Trentino-Italy-768x496.jpg 768w, http:\/\/www.rusrim.com\/wp-content\/uploads\/2021\/09\/Vipiteno-Trentino-Italy-1536x991.jpg 1536w\" sizes=\"(max-width: 1886px) 100vw, 1886px\" \/><\/a><p id=\"caption-attachment-9504\" class=\"wp-caption-text\">Vipiteno &#8211; Trentino &#8211; Italy<\/p><\/div>\n<div id=\"attachment_9493\" style=\"width: 2570px\" class=\"wp-caption aligncenter\"><a href=\"http:\/\/www.rusrim.com\/wp-content\/uploads\/2021\/09\/Visites-en-voiture-du-Trentin--scaled.jpg\"><img aria-describedby=\"caption-attachment-9493\" loading=\"lazy\" class=\"Visites en voiture du Trentin wp-image-9493 size-full\" title=\"Visites en voiture du Trentin\" src=\"http:\/\/www.rusrim.com\/wp-content\/uploads\/2021\/09\/Visites-en-voiture-du-Trentin--scaled.jpg\" alt=\"Visites en voiture du Trentin\" width=\"2560\" height=\"1440\" srcset=\"http:\/\/www.rusrim.com\/wp-content\/uploads\/2021\/09\/Visites-en-voiture-du-Trentin--scaled.jpg 2560w, http:\/\/www.rusrim.com\/wp-content\/uploads\/2021\/09\/Visites-en-voiture-du-Trentin--300x169.jpg 300w, http:\/\/www.rusrim.com\/wp-content\/uploads\/2021\/09\/Visites-en-voiture-du-Trentin--1024x576.jpg 1024w, http:\/\/www.rusrim.com\/wp-content\/uploads\/2021\/09\/Visites-en-voiture-du-Trentin--768x432.jpg 768w, http:\/\/www.rusrim.com\/wp-content\/uploads\/2021\/09\/Visites-en-voiture-du-Trentin--1536x864.jpg 1536w, http:\/\/www.rusrim.com\/wp-content\/uploads\/2021\/09\/Visites-en-voiture-du-Trentin--2048x1152.jpg 2048w\" sizes=\"(max-width: 2560px) 100vw, 2560px\" \/><\/a><p id=\"caption-attachment-9493\" class=\"wp-caption-text\">Visites en voiture du Trentin<\/p><\/div>\n<div id=\"attachment_9492\" style=\"width: 1833px\" class=\"wp-caption aligncenter\"><a href=\"http:\/\/www.rusrim.com\/wp-content\/uploads\/2021\/09\/Trentino-private-tours-1.jpg\"><img aria-describedby=\"caption-attachment-9492\" loading=\"lazy\" class=\"Trentino private tours wp-image-9492 size-full\" title=\"Trentino private tours\" src=\"http:\/\/www.rusrim.com\/wp-content\/uploads\/2021\/09\/Trentino-private-tours-1.jpg\" alt=\"Trentino private tours\" width=\"1823\" height=\"1206\" srcset=\"http:\/\/www.rusrim.com\/wp-content\/uploads\/2021\/09\/Trentino-private-tours-1.jpg 1823w, http:\/\/www.rusrim.com\/wp-content\/uploads\/2021\/09\/Trentino-private-tours-1-300x198.jpg 300w, http:\/\/www.rusrim.com\/wp-content\/uploads\/2021\/09\/Trentino-private-tours-1-1024x677.jpg 1024w, http:\/\/www.rusrim.com\/wp-content\/uploads\/2021\/09\/Trentino-private-tours-1-768x508.jpg 768w, http:\/\/www.rusrim.com\/wp-content\/uploads\/2021\/09\/Trentino-private-tours-1-1536x1016.jpg 1536w\" sizes=\"(max-width: 1823px) 100vw, 1823px\" \/><\/a><p id=\"caption-attachment-9492\" class=\"wp-caption-text\">Trentino private tours<\/p><\/div>\n<div id=\"attachment_9491\" style=\"width: 1507px\" class=\"wp-caption aligncenter\"><a href=\"http:\/\/www.rusrim.com\/wp-content\/uploads\/2021\/09\/Trentin-Haut-Adige-Circuits-en-voiture-en-Italie-.jpg\"><img aria-describedby=\"caption-attachment-9491\" loading=\"lazy\" class=\"Trentin Haut-Adige - Circuits en voiture en Italie wp-image-9491 size-full\" title=\"Trentin Haut-Adige - Circuits en voiture en Italie \" src=\"http:\/\/www.rusrim.com\/wp-content\/uploads\/2021\/09\/Trentin-Haut-Adige-Circuits-en-voiture-en-Italie-.jpg\" alt=\"Trentin Haut-Adige - Circuits en voiture en Italie \" width=\"1497\" height=\"987\" srcset=\"http:\/\/www.rusrim.com\/wp-content\/uploads\/2021\/09\/Trentin-Haut-Adige-Circuits-en-voiture-en-Italie-.jpg 1497w, http:\/\/www.rusrim.com\/wp-content\/uploads\/2021\/09\/Trentin-Haut-Adige-Circuits-en-voiture-en-Italie--300x198.jpg 300w, http:\/\/www.rusrim.com\/wp-content\/uploads\/2021\/09\/Trentin-Haut-Adige-Circuits-en-voiture-en-Italie--1024x675.jpg 1024w, http:\/\/www.rusrim.com\/wp-content\/uploads\/2021\/09\/Trentin-Haut-Adige-Circuits-en-voiture-en-Italie--768x506.jpg 768w\" sizes=\"(max-width: 1497px) 100vw, 1497px\" \/><\/a><p id=\"caption-attachment-9491\" class=\"wp-caption-text\">Trentin Haut-Adige &#8211; Circuits en voiture en Italie<\/p><\/div>\n<div id=\"attachment_9490\" style=\"width: 2138px\" class=\"wp-caption aligncenter\"><a href=\"http:\/\/www.rusrim.com\/wp-content\/uploads\/2021\/09\/Tour-privee-du-Trentin-.jpg\"><img aria-describedby=\"caption-attachment-9490\" loading=\"lazy\" class=\"Tour priv\u00e9e du Trentin wp-image-9490 size-full\" title=\"Tour priv\u00e9e du Trentin\" src=\"http:\/\/www.rusrim.com\/wp-content\/uploads\/2021\/09\/Tour-privee-du-Trentin-.jpg\" alt=\"Tour priv\u00e9e du Trentin\" width=\"2128\" height=\"1443\" srcset=\"http:\/\/www.rusrim.com\/wp-content\/uploads\/2021\/09\/Tour-privee-du-Trentin-.jpg 2128w, http:\/\/www.rusrim.com\/wp-content\/uploads\/2021\/09\/Tour-privee-du-Trentin--300x203.jpg 300w, http:\/\/www.rusrim.com\/wp-content\/uploads\/2021\/09\/Tour-privee-du-Trentin--1024x694.jpg 1024w, http:\/\/www.rusrim.com\/wp-content\/uploads\/2021\/09\/Tour-privee-du-Trentin--768x521.jpg 768w, http:\/\/www.rusrim.com\/wp-content\/uploads\/2021\/09\/Tour-privee-du-Trentin--1536x1042.jpg 1536w, http:\/\/www.rusrim.com\/wp-content\/uploads\/2021\/09\/Tour-privee-du-Trentin--2048x1389.jpg 2048w\" sizes=\"(max-width: 2128px) 100vw, 2128px\" \/><\/a><p id=\"caption-attachment-9490\" class=\"wp-caption-text\">Tour priv\u00e9e du Trentin<\/p><\/div>\n<p><iframe title=\"Lago di Garda et Trentino - Tour priv\u00e9 en Italie en voiture  RusRim.com Musique Originale\" width=\"500\" height=\"281\" src=\"https:\/\/www.youtube.com\/embed\/6-Zxw0psK6o?feature=oembed\" frameborder=\"0\" allow=\"accelerometer; autoplay; clipboard-write; encrypted-media; gyroscope; picture-in-picture\" allowfullscreen><\/iframe><\/p>\n<h3 style=\"text-align: center;\">Tours motoris\u00e9s en Italie <span style=\"color: #0000ff;\"><a style=\"color: #0000ff;\" href=\"http:\/\/www.rusrim.com\/fr\/\u0440\u0438\u043c-\u0442\u0443\u0440\u044b-\u043d\u0430-\u043c\u0430\u0448\u0438\u043d\u0435\/\u0430\u0432\u0442\u043e\u043c\u043e\u0431\u0438\u043b\u044c\u043d\u044b\u0435-\u0442\u0443\u0440\u044b-\u043f\u043e-\u0440\u0438\u043c\u0443-\u0438-\u0432\u0430\u0442\u0438\u043a\u0430\u043d\u0443\/\">ROME<\/a><\/span> &#8211; <span style=\"color: #0000ff;\"><a style=\"color: #0000ff;\" href=\"http:\/\/www.rusrim.com\/fr\/\u0440\u0438\u043c-\u0442\u0443\u0440\u044b-\u043d\u0430-\u043c\u0430\u0448\u0438\u043d\u0435\/\u043b\u0430\u0446\u0438\u043e-\u044d\u043a\u0441\u043a\u0443\u0440\u0441\u0438\u0438-\u043d\u0430-\u043c\u0430\u0448\u0438\u043d\u0435\/\">LATIUM<\/a><\/span> &#8211; <a href=\"http:\/\/www.rusrim.com\/fr\/\u0440\u0438\u043c-\u0442\u0443\u0440\u044b-\u043d\u0430-\u043c\u0430\u0448\u0438\u043d\u0435\/\u044d\u043a\u0441\u043a\u0443\u0440\u0441\u0438\u0438-\u0432-\u0442\u043e\u0441\u043a\u0430\u043d\u0443-\u0438\u0437-\u0440\u0438\u043c\u0430\/\"><span style=\"color: #0000ff;\">TOSCANE<\/span><\/a> &#8211; <span style=\"color: #0000ff;\"><a style=\"color: #0000ff;\" href=\"http:\/\/www.rusrim.com\/fr\/\u0440\u0438\u043c-\u0442\u0443\u0440\u044b-\u043d\u0430-\u043c\u0430\u0448\u0438\u043d\u0435\/\u0443\u043c\u0431\u0440\u0438\u044f-\u044d\u043a\u0441\u043a\u0443\u0440\u0441\u0438\u0438-\u0441-\u0433\u0438\u0434\u043e\u043c\/\">OMBRIE<\/a><\/span> &#8211; <span style=\"color: #0000ff;\"><a style=\"color: #0000ff;\" href=\"http:\/\/www.rusrim.com\/fr\/\u0440\u0438\u043c-\u0442\u0443\u0440\u044b-\u043d\u0430-\u043c\u0430\u0448\u0438\u043d\u0435\/\u0430\u043c\u0430\u043b\u044c\u0444\u0438-\u043f\u043e\u0437\u0438\u0442\u0430\u043d\u043e-\u0441\u043e\u0440\u0440\u0435\u043d\u0442\u043e-\u043f\u043e\u043c\u043f\u0435\u0438\/\">CAMPANIE<\/a><\/span> &#8211; <span style=\"color: #0000ff;\"><a style=\"color: #0000ff;\" href=\"http:\/\/www.rusrim.com\/fr\/\u0440\u0438\u043c-\u0442\u0443\u0440\u044b-\u043d\u0430-\u043c\u0430\u0448\u0438\u043d\u0435\/english-abruzzo-private-car-tour-from-rome\/\">ABRUZZES<\/a><\/span> &#8211; <span style=\"color: #0000ff;\"><a style=\"color: #0000ff;\" href=\"http:\/\/www.rusrim.com\/fr\/\u0440\u0438\u043c-\u0442\u0443\u0440\u044b-\u043d\u0430-\u043c\u0430\u0448\u0438\u043d\u0435\/\u0432\u0435\u043d\u0435\u0446\u0438\u044f-\u0438\u043d\u0434\u0438\u0432\u0438\u0434\u0443\u0430\u043b\u044c\u043d\u0430\u044f-\u044d\u043a\u0441\u043a\u0443\u0440\u0441\u0438\u044f\/\">Venise &#8211; <\/a><a style=\"color: #0000ff;\" href=\"http:\/\/www.rusrim.com\/fr\/\u0440\u0438\u043c-\u0442\u0443\u0440\u044b-\u043d\u0430-\u043c\u0430\u0448\u0438\u043d\u0435\/\u0431\u044a\u043b\u0433\u0430\u0440\u0441\u043a\u0438-\u0442\u0440\u0435\u043d\u0442\u0438\u043d\u043e-\u0430\u043b\u0442\u043e-\u0430\u0434\u0438\u0434\u0436\u0435-\u0441\u0443\u0434-\u0442\/\">TRENTINO<\/a><\/span><\/h3>\n<h5 style=\"text-align: center;\">Excursions en Bulgare, Russe, Anglais, Fran\u00e7ais et Ukrainien<\/h5>\n<h5 style=\"text-align: center;\">Tours individuels avec chauffeur\/<span style=\"color: #0000ff;\"><a style=\"color: #0000ff;\" href=\"http:\/\/www.rusrim.com\/fr\/%D0%B3%D0%B8%D0%B4%D1%8B\/%D0%B3%D0%B8%D0%B4-%D1%80%D0%B8%D0%BC\/\">guide <\/a><\/span>-conf\u00e9rencier \u00e0 Rome, Le <span style=\"color: #0000ff;\"><a style=\"color: #0000ff;\" href=\"http:\/\/www.rusrim.com\/fr\/\u044d\u043a\u0441\u043a\u0443\u0440\u0441\u0438\u0438-\u043f\u043e-\u0440\u0438\u043c\u0443\/\u043e\u0431\u0437\u043e\u0440\u043d\u0430\u044f-\u043f\u043e-\u0432\u0430\u0442\u0438\u043a\u0430\u043d\u0443\/\">Vatican<\/a><\/span>, et les r\u00e9gions du <span style=\"color: #0000ff;\"><a style=\"color: #0000ff;\" href=\"http:\/\/www.rusrim.com\/fr\/\u0440\u0438\u043c-\u0442\u0443\u0440\u044b-\u043d\u0430-\u043c\u0430\u0448\u0438\u043d\u0435\/\u043b\u0430\u0446\u0438\u043e-\u044d\u043a\u0441\u043a\u0443\u0440\u0441\u0438\u0438-\u043d\u0430-\u043c\u0430\u0448\u0438\u043d\u0435\/\">LATIUM<\/a><\/span> (<span style=\"color: #0000ff;\"><a style=\"color: #0000ff;\" href=\"http:\/\/www.rusrim.com\/fr\/\u0440\u0438\u043c-\u0442\u0443\u0440\u044b-\u043d\u0430-\u043c\u0430\u0448\u0438\u043d\u0435\/\u043b\u0430\u0446\u0438\u043e-\u044d\u043a\u0441\u043a\u0443\u0440\u0441\u0438\u0438-\u043d\u0430-\u043c\u0430\u0448\u0438\u043d\u0435\/\u0442\u0438\u0432\u043e\u043b\u0438\/\">Tivoli<\/a><\/span>, <span style=\"color: #0000ff;\"><a style=\"color: #0000ff;\" href=\"http:\/\/www.rusrim.com\/fr\/\u0440\u0438\u043c-\u0442\u0443\u0440\u044b-\u043d\u0430-\u043c\u0430\u0448\u0438\u043d\u0435\/\u043b\u0430\u0446\u0438\u043e-\u044d\u043a\u0441\u043a\u0443\u0440\u0441\u0438\u0438-\u043d\u0430-\u043c\u0430\u0448\u0438\u043d\u0435\/\u0440\u0438\u043c\u0441\u043a\u0438\u0435-\u0437\u0430\u043c\u043a\u0438-\u044d\u043a\u0441\u043a\u0443\u0440\u0441\u0438\u044f\/\">Chateaux Romains<\/a><\/span>, <span style=\"color: #0000ff;\"><a style=\"color: #0000ff;\" href=\"http:\/\/www.rusrim.com\/fr\/\u0440\u0438\u043c-\u0442\u0443\u0440\u044b-\u043d\u0430-\u043c\u0430\u0448\u0438\u043d\u0435\/\u043b\u0430\u0446\u0438\u043e-\u044d\u043a\u0441\u043a\u0443\u0440\u0441\u0438\u0438-\u043d\u0430-\u043c\u0430\u0448\u0438\u043d\u0435\/\u0442\u0430\u0440\u043a\u0432\u0438\u043d\u0438\u044f\/\">Tarquinie<\/a><\/span>) et <span style=\"color: #0000ff;\"><a style=\"color: #0000ff;\" href=\"http:\/\/www.rusrim.com\/fr\/\u0440\u0438\u043c-\u0442\u0443\u0440\u044b-\u043d\u0430-\u043c\u0430\u0448\u0438\u043d\u0435\/\u044d\u043a\u0441\u043a\u0443\u0440\u0441\u0438\u0438-\u0432-\u0442\u043e\u0441\u043a\u0430\u043d\u0443-\u0438\u0437-\u0440\u0438\u043c\u0430\/\">TOSCANE<\/a><\/span> (Florence, Sienne, Capalbe, Argentaire, Pise), <span style=\"color: #0000ff;\"><a style=\"color: #0000ff;\" href=\"http:\/\/www.rusrim.com\/fr\/\u0440\u0438\u043c-\u0442\u0443\u0440\u044b-\u043d\u0430-\u043c\u0430\u0448\u0438\u043d\u0435\/\u0443\u043c\u0431\u0440\u0438\u044f-\u044d\u043a\u0441\u043a\u0443\u0440\u0441\u0438\u0438-\u0441-\u0433\u0438\u0434\u043e\u043c\/\">OMBRIE<\/a><\/span> (Orvieto, Assise, P\u00e9rouse) ABRUZZES ( <span style=\"color: #0000ff;\"><a style=\"color: #0000ff;\" href=\"http:\/\/www.rusrim.com\/fr\/\u0440\u0438\u043c-\u0442\u0443\u0440\u044b-\u043d\u0430-\u043c\u0430\u0448\u0438\u043d\u0435\/english-abruzzo-private-car-tour-from-rome\/\">Gran Sasso, l\u2019Aquila<\/a><\/span>) CAMPANIE ( <span style=\"color: #0000ff;\"><a style=\"color: #0000ff;\" href=\"http:\/\/www.rusrim.com\/fr\/\u0440\u0438\u043c-\u0442\u0443\u0440\u044b-\u043d\u0430-\u043c\u0430\u0448\u0438\u043d\u0435\/\u0430\u043c\u0430\u043b\u044c\u0444\u0438-\u043f\u043e\u0437\u0438\u0442\u0430\u043d\u043e-\u0441\u043e\u0440\u0440\u0435\u043d\u0442\u043e-\u043f\u043e\u043c\u043f\u0435\u0438\/\">Pomp\u00e9i et Amalfi<\/a><\/span>) avec chauffeur\/guide-conf\u00e9rencier Anglais, Fran\u00e7ais, Russe, Bulgare et Allemand.<\/h5>\n<h5 style=\"text-align: center;\"><span class=\"VIiyi\" lang=\"fr\"><span class=\"JLqJ4b ChMk0b\" data-language-for-alternatives=\"fr\" data-language-to-translate-into=\"bg\" data-phrase-index=\"0\">R\u00e9servation d\u2019excursions en Toscane sans pr\u00e9paiement<\/span><\/span><\/h5>\n<h5 style=\"text-align: center;\">+39 389 59 75 184\u00a0\u00a0\u00a0<a href=\"mailto:info@rusrim.com\">info@rusrim.com\u00a0\u00a0<\/a><\/h5>\n<p><\/p>","protected":false},"excerpt":{"rendered":"<p>R\u00e9servation d&#8217;excursions en Italie sans pr\u00e9paiement\u00a0 +39 389 59 75 184\u00a0\u00a0\u00a0info@rusrim.com\u00a0\u00a0 Tours motoris\u00e9s en Italie ROME &#8211; LATIUM &#8211; TOSCANE &#8211; OMBRIE &#8211; CAMPANIE &#8211; ABRUZZES &#8211; Venise &#8211; TRENTINO Excursions en Bulgare, Russe, Anglais, Fran\u00e7ais et Ukrainien Tours individuels avec chauffeur\/guide -conf\u00e9rencier \u00e0 Rome, Le Vatican, et les r\u00e9gions du LATIUM (Tivoli, Chateaux Romains, [&hellip;]<\/p>\n","protected":false},"author":2,"featured_media":0,"parent":7,"menu_order":45,"comment_status":"closed","ping_status":"closed","template":"","meta":[],"tags":[1075,2978,2979,2964,2973,2972,2971,59,2965,2966,2976,2876,2812,2967,2974,2968,2916,2975,2914,2970,2969,2983,2984,2977,2963,2961,2960,2959,2958,2962,2980,2981,2982,1024,2145,2989,801,3000,3003,3001,3004,2999,2955,60,2998,3002,2991,2994,2995,2993,2997,2996,2985,2988,2986,2990,2987,2992],"_links":{"self":[{"href":"http:\/\/www.rusrim.com\/fr\/wp-json\/wp\/v2\/pages\/4396"}],"collection":[{"href":"http:\/\/www.rusrim.com\/fr\/wp-json\/wp\/v2\/pages"}],"about":[{"href":"http:\/\/www.rusrim.com\/fr\/wp-json\/wp\/v2\/types\/page"}],"author":[{"embeddable":true,"href":"http:\/\/www.rusrim.com\/fr\/wp-json\/wp\/v2\/users\/2"}],"replies":[{"embeddable":true,"href":"http:\/\/www.rusrim.com\/fr\/wp-json\/wp\/v2\/comments?post=4396"}],"version-history":[{"count":35,"href":"http:\/\/www.rusrim.com\/fr\/wp-json\/wp\/v2\/pages\/4396\/revisions"}],"predecessor-version":[{"id":9541,"href":"http:\/\/www.rusrim.com\/fr\/wp-json\/wp\/v2\/pages\/4396\/revisions\/9541"}],"up":[{"embeddable":true,"href":"http:\/\/www.rusrim.com\/fr\/wp-json\/wp\/v2\/pages\/7"}],"wp:attachment":[{"href":"http:\/\/www.rusrim.com\/fr\/wp-json\/wp\/v2\/media?parent=4396"}],"wp:term":[{"taxonomy":"post_tag","embeddable":true,"href":"http:\/\/www.rusrim.com\/fr\/wp-json\/wp\/v2\/tags?post=4396"}],"curies":[{"name":"wp","href":"https:\/\/api.w.org\/{rel}","templated":true}]}}