{"id":526,"date":"2015-12-02T00:20:25","date_gmt":"2015-12-02T00:20:25","guid":{"rendered":"http:\/\/www.rusrim.com\/?page_id=526"},"modified":"2021-08-04T13:47:56","modified_gmt":"2021-08-04T13:47:56","slug":"%d1%88%d0%be%d0%bf%d0%b8%d0%bd%d0%b3-%d0%bf%d0%be-%d1%80%d0%b8%d0%bc%d1%83","status":"publish","type":"page","link":"http:\/\/www.rusrim.com\/fr\/%d1%8d%d0%ba%d1%81%d0%ba%d1%83%d1%80%d1%81%d0%b8%d0%b8-%d0%bf%d0%be-%d1%80%d0%b8%d0%bc%d1%83\/%d1%88%d0%be%d0%bf%d0%b8%d0%bd%d0%b3-%d0%bf%d0%be-%d1%80%d0%b8%d0%bc%d1%83\/","title":{"rendered":"(English) Rome shopping tour"},"content":{"rendered":"<p class=\"qtranxs-available-languages-message qtranxs-available-languages-message-fr\">D\u00e9sol\u00e9, cet article est seulement disponible en <a href=\"http:\/\/www.rusrim.com\/en\/wp-json\/wp\/v2\/pages\/526\" class=\"qtranxs-available-language-link qtranxs-available-language-link-en\" title=\"English\">Anglais Am\u00e9ricain<\/a>, <a href=\"http:\/\/www.rusrim.com\/ru\/wp-json\/wp\/v2\/pages\/526\" class=\"qtranxs-available-language-link qtranxs-available-language-link-ru\" title=\"\u0420\u0443\u0441\u0441\u043a\u0438\u0439\">Russe<\/a> et <a href=\"http:\/\/www.rusrim.com\/bg\/wp-json\/wp\/v2\/pages\/526\" class=\"qtranxs-available-language-link qtranxs-available-language-link-bg\" title=\"\u0411\u044a\u043b\u0433\u0430\u0440\u0441\u043a\u0438\">Bulgare<\/a>.<\/p>","protected":false},"excerpt":{"rendered":"<p>D\u00e9sol\u00e9, cet article est seulement disponible en Anglais Am\u00e9ricain, Russe et Bulgare.<\/p>\n","protected":false},"author":2,"featured_media":0,"parent":546,"menu_order":9,"comment_status":"closed","ping_status":"closed","template":"","meta":[],"tags":[308,908,890,870,739,862,871,287,905,869,191,855,853,854,856,852,887,886,292,891,850,902,851,873,309,555,900,858,860,888,432,889,907,885,901,857,859,146,868,849,863,865,872,864,866,867,861,904,204,906,895,879,880,898,899,903,284,5,893,878,318,897,896,884,883,116,877,875,874,117,892,881,882,894,312,282,876],"_links":{"self":[{"href":"http:\/\/www.rusrim.com\/fr\/wp-json\/wp\/v2\/pages\/526"}],"collection":[{"href":"http:\/\/www.rusrim.com\/fr\/wp-json\/wp\/v2\/pages"}],"about":[{"href":"http:\/\/www.rusrim.com\/fr\/wp-json\/wp\/v2\/types\/page"}],"author":[{"embeddable":true,"href":"http:\/\/www.rusrim.com\/fr\/wp-json\/wp\/v2\/users\/2"}],"replies":[{"embeddable":true,"href":"http:\/\/www.rusrim.com\/fr\/wp-json\/wp\/v2\/comments?post=526"}],"version-history":[{"count":32,"href":"http:\/\/www.rusrim.com\/fr\/wp-json\/wp\/v2\/pages\/526\/revisions"}],"predecessor-version":[{"id":8692,"href":"http:\/\/www.rusrim.com\/fr\/wp-json\/wp\/v2\/pages\/526\/revisions\/8692"}],"up":[{"embeddable":true,"href":"http:\/\/www.rusrim.com\/fr\/wp-json\/wp\/v2\/pages\/546"}],"wp:attachment":[{"href":"http:\/\/www.rusrim.com\/fr\/wp-json\/wp\/v2\/media?parent=526"}],"wp:term":[{"taxonomy":"post_tag","embeddable":true,"href":"http:\/\/www.rusrim.com\/fr\/wp-json\/wp\/v2\/tags?post=526"}],"curies":[{"name":"wp","href":"https:\/\/api.w.org\/{rel}","templated":true}]}}