{"id":5446,"date":"2021-01-06T15:45:50","date_gmt":"2021-01-06T15:45:50","guid":{"rendered":"http:\/\/www.rusrim.com\/?page_id=5446"},"modified":"2021-09-18T18:08:39","modified_gmt":"2021-09-18T18:08:39","slug":"%d0%b0%d1%81%d1%82%d1%80%d0%be%d0%bd%d0%be%d0%bc%d0%b8%d1%87%d0%b5%d1%81%d0%ba%d0%b8%d0%b9-%d0%b8-%d0%ba%d0%be%d0%bf%d0%b5%d1%80%d0%bd%d0%b8%d0%ba%d0%b0%d0%bd%d1%81%d0%ba%d0%b8%d0%b9-%d0%bc%d1%83","status":"publish","type":"page","link":"http:\/\/www.rusrim.com\/fr\/english-rome-private-tours\/%d0%b0%d1%81%d1%82%d1%80%d0%be%d0%bd%d0%be%d0%bc%d0%b8%d1%87%d0%b5%d1%81%d0%ba%d0%b8%d0%b9-%d0%b8-%d0%ba%d0%be%d0%bf%d0%b5%d1%80%d0%bd%d0%b8%d0%ba%d0%b0%d0%bd%d1%81%d0%ba%d0%b8%d0%b9-%d0%bc%d1%83\/","title":{"rendered":"Le mus\u00e9e astronomique et copernicien de Rome"},"content":{"rendered":"<p><\/p>\n<h5 style=\"text-align: center;\"><span class=\"VIiyi\" lang=\"fr\"><span class=\"JLqJ4b ChMk0b\" data-language-for-alternatives=\"fr\" data-language-to-translate-into=\"bg\" data-phrase-index=\"0\">R\u00e9servation d\u2019excursions \u00e0 Rome sans pr\u00e9paiement<\/span><\/span><\/h5>\n<h5 style=\"text-align: center;\">+39 389 59 75 184\u00a0\u00a0\u00a0<a href=\"mailto:info@rusrim.com\">info@rusrim.com\u00a0\u00a0<\/a><\/h5>\n<p>&nbsp;<\/p>\n<h6 style=\"text-align: center;\"><em>TOURS PRIV\u00c9S DE ROME AVEC GUIDES LOCAUX<\/em><\/h6>\n<h6 style=\"text-align: center;\"><em>Excursions en Bulgare, Russe, Anglais, Fran\u00e7ais et Ukrainien<\/em><\/h6>\n<p style=\"text-align: justify;\">Le mus\u00e9e astronomique et copernicien de l&#8217;INAF-Observatoire astronomique de Rome (OAR) poss\u00e8de un patrimoine vaste et complet qui englobe une p\u00e9riode historique allant du XVIe si\u00e8cle \u00e0 nos jours.<\/p>\n<p style=\"text-align: justify;\"><a href=\"http:\/\/www.rusrim.com\/wp-content\/uploads\/2021\/01\/Visite-locale-de-lObservatoire-astronomique-\u00e0-Rome.jpg\"><img loading=\"lazy\" class=\"alignleft size-medium wp-image-5510\" src=\"http:\/\/www.rusrim.com\/wp-content\/uploads\/2021\/01\/Visite-locale-de-lObservatoire-astronomique-\u00e0-Rome-300x225.jpg\" alt=\"Visite locale de l'Observatoire astronomique \u00e0 Rome\" width=\"300\" height=\"225\" srcset=\"http:\/\/www.rusrim.com\/wp-content\/uploads\/2021\/01\/Visite-locale-de-lObservatoire-astronomique-\u00e0-Rome-300x225.jpg 300w, http:\/\/www.rusrim.com\/wp-content\/uploads\/2021\/01\/Visite-locale-de-lObservatoire-astronomique-\u00e0-Rome.jpg 800w\" sizes=\"(max-width: 300px) 100vw, 300px\" \/><\/a><\/p>\n<p style=\"text-align: justify;\">Les instruments, les livres anciens, les archives, les documents originaux, les registres d&#8217;observation proviennent principalement des deux principaux observatoires astronomiques romains du XIXe si\u00e8cle, la Specola del Collegio Romano (1787) et la Specola del Campidoglio (1827), en plus du mat\u00e9riel r\u00e9sultat plus r\u00e9cent des activit\u00e9s men\u00e9es par l&#8217;Observatoire de Rome au XXe si\u00e8cle au si\u00e8ge de Monte Mario. \u00c0 cela s&#8217;ajoute la collection d&#8217;\u0153uvres et de souvenirs copernicains rassembl\u00e9s par l&#8217;historien polonais Arturo Wolynski \u00e0 l&#8217;occasion des c\u00e9l\u00e9brations de Nicol\u00f2 Copernico (1473-1543) \u00e0 l&#8217;occasion du 400e anniversaire de sa naissance \u00e0 Rome en 1873.<\/p>\n<p style=\"text-align: justify;\"><a href=\"http:\/\/www.rusrim.com\/wp-content\/uploads\/2021\/01\/Visite-priv\u00e9e-de-lobservatoire-astronomique-de-Rome.jpg\"><img loading=\"lazy\" class=\"alignleft size-medium wp-image-5511\" src=\"http:\/\/www.rusrim.com\/wp-content\/uploads\/2021\/01\/Visite-priv\u00e9e-de-lobservatoire-astronomique-de-Rome-300x200.jpg\" alt=\"Visite priv\u00e9e de l'observatoire astronomique de Rome\" width=\"300\" height=\"200\" srcset=\"http:\/\/www.rusrim.com\/wp-content\/uploads\/2021\/01\/Visite-priv\u00e9e-de-lobservatoire-astronomique-de-Rome-300x200.jpg 300w, http:\/\/www.rusrim.com\/wp-content\/uploads\/2021\/01\/Visite-priv\u00e9e-de-lobservatoire-astronomique-de-Rome.jpg 550w\" sizes=\"(max-width: 300px) 100vw, 300px\" \/><\/a><\/p>\n<p style=\"text-align: justify;\">Le chemin historique est r\u00e9parti sur deux emplacements. Le patrimoine le plus ancien, qui correspond aux collections originales du mus\u00e9e astronomique et copernicien, avec l&#8217;ancienne biblioth\u00e8que, est situ\u00e9 \u00e0 la Villa Mellini \u00e0 Monte Mario, qui est \u00e9galement le si\u00e8ge de l&#8217;Institut national d&#8217;astrophysique (INAF). Aussi \u00e0 Monte Mario il y a la tour solaire, qui peut \u00eatre visit\u00e9e par des groupes scolaires sur rendez-vous tous les vendredis. Gr\u00e2ce \u00e0 un accord avec l&#8217;\u00e9tat-major de l&#8217;arm\u00e9e, en m\u00eame temps que la tour solaire, il est possible de visiter la tour du premier m\u00e9ridien d&#8217;Italie, qui est situ\u00e9e sur la garnison de Belsito (en face de la Villa Mellini) g\u00e9r\u00e9e par le III R\u00e9giment de transmissions.<\/p>\n<p style=\"text-align: justify;\"><a href=\"http:\/\/www.rusrim.com\/wp-content\/uploads\/2021\/01\/Observatoire-astronomique-de-Rome-Visite-priv\u00e9e-de-larchitecture-fasciste-\u00e0-Rome.jpg\"><img loading=\"lazy\" class=\"alignleft size-medium wp-image-5509\" src=\"http:\/\/www.rusrim.com\/wp-content\/uploads\/2021\/01\/Observatoire-astronomique-de-Rome-Visite-priv\u00e9e-de-larchitecture-fasciste-\u00e0-Rome-225x300.jpg\" alt=\"Observatoire astronomique de Rome - Visite priv\u00e9e de l'architecture fasciste \u00e0 Rome\" width=\"225\" height=\"300\" srcset=\"http:\/\/www.rusrim.com\/wp-content\/uploads\/2021\/01\/Observatoire-astronomique-de-Rome-Visite-priv\u00e9e-de-larchitecture-fasciste-\u00e0-Rome-225x300.jpg 225w, http:\/\/www.rusrim.com\/wp-content\/uploads\/2021\/01\/Observatoire-astronomique-de-Rome-Visite-priv\u00e9e-de-larchitecture-fasciste-\u00e0-Rome.jpg 384w\" sizes=\"(max-width: 225px) 100vw, 225px\" \/><\/a><\/p>\n<p style=\"text-align: justify;\">L&#8217;histoire la plus r\u00e9cente, \u00e0 partir de la seconde moiti\u00e9 du XIXe si\u00e8cle et donc de la naissance de l&#8217;astrophysique, se trouve au si\u00e8ge de l&#8217;Observatoire de Monte Porzio Catone (Rome), o\u00f9 les \u0153uvres sont r\u00e9parties dans diff\u00e9rentes salles et o\u00f9 se trouve le chemin historique partie int\u00e9grante de l&#8217;offre de diffusion de la science \u00e0 destination des \u00e9tudiants et du grand public, une offre que l&#8217;OAR a mise en \u0153uvre ces derni\u00e8res ann\u00e9es gr\u00e2ce \u00e0 des structures comme l&#8217;Astrolab.<\/p>\n<p style=\"text-align: justify;\"><a href=\"http:\/\/www.rusrim.com\/wp-content\/uploads\/2021\/01\/Mus\u00e9e-copernicien-de-Rome-Visites-priv\u00e9es-en-Italie.jpg\"><img loading=\"lazy\" class=\"alignleft wp-image-5508\" src=\"http:\/\/www.rusrim.com\/wp-content\/uploads\/2021\/01\/Mus\u00e9e-copernicien-de-Rome-Visites-priv\u00e9es-en-Italie-300x169.jpg\" alt=\"Mus\u00e9e copernicien de Rome - Visites priv\u00e9es en Italie\" width=\"604\" height=\"340\" srcset=\"http:\/\/www.rusrim.com\/wp-content\/uploads\/2021\/01\/Mus\u00e9e-copernicien-de-Rome-Visites-priv\u00e9es-en-Italie-300x169.jpg 300w, http:\/\/www.rusrim.com\/wp-content\/uploads\/2021\/01\/Mus\u00e9e-copernicien-de-Rome-Visites-priv\u00e9es-en-Italie.jpg 700w\" sizes=\"(max-width: 604px) 100vw, 604px\" \/><\/a><\/p>\n<p style=\"text-align: justify;\"><a href=\"http:\/\/www.rusrim.com\/wp-content\/uploads\/2021\/01\/Visite-priv\u00e9e-du-mus\u00e9e-astronomique-et-copernicien-de-Rome.jpg\"><img loading=\"lazy\" class=\"alignleft wp-image-5512\" src=\"http:\/\/www.rusrim.com\/wp-content\/uploads\/2021\/01\/Visite-priv\u00e9e-du-mus\u00e9e-astronomique-et-copernicien-de-Rome-300x225.jpg\" alt=\"Visite priv\u00e9e du mus\u00e9e astronomique et copernicien de Rome\" width=\"603\" height=\"452\" srcset=\"http:\/\/www.rusrim.com\/wp-content\/uploads\/2021\/01\/Visite-priv\u00e9e-du-mus\u00e9e-astronomique-et-copernicien-de-Rome-300x225.jpg 300w, http:\/\/www.rusrim.com\/wp-content\/uploads\/2021\/01\/Visite-priv\u00e9e-du-mus\u00e9e-astronomique-et-copernicien-de-Rome.jpg 512w\" sizes=\"(max-width: 603px) 100vw, 603px\" \/><\/a><\/p>\n<p>&nbsp;<\/p>\n<h3><\/h3>\n<h3 style=\"text-align: center;\">L&#8217;ASTRONOMIE ET \u200b\u200bLA MUSIQUE \u00c9LECTRONIQUE<br \/>\n<span style=\"color: #0000ff;\"><a style=\"color: #0000ff;\" href=\"http:\/\/www.rusrim.com\/fr\/video\/english-riccardo-bianchini-astronomer-and-composer\/\">Riccardo Bianchini<\/a> <\/span>astronome et compositeur<\/h3>\n<h3 style=\"text-align: center;\">Cipriani A. 2007. \u00abRiccardo Bianchini et la musique \u00e9lectronique\u00bb dans Musica \/ Tecnologia n.1, Firenze University Press (contient le catalogue d\u00e9finitif des \u0153uvres de Riccardo Bianchini)<\/h3>\n<p><a href=\"http:\/\/www.rusrim.com\/wp-content\/uploads\/2021\/01\/Riccardo-Bianchini-compositeur-en-italie.jpg\"><img loading=\"lazy\" class=\"alignleft wp-image-5534\" src=\"http:\/\/www.rusrim.com\/wp-content\/uploads\/2021\/01\/Riccardo-Bianchini-compositeur-en-italie-300x169.jpg\" alt=\"Riccardo Bianchini compositeur en italie\" width=\"598\" height=\"337\" srcset=\"http:\/\/www.rusrim.com\/wp-content\/uploads\/2021\/01\/Riccardo-Bianchini-compositeur-en-italie-300x169.jpg 300w, http:\/\/www.rusrim.com\/wp-content\/uploads\/2021\/01\/Riccardo-Bianchini-compositeur-en-italie-1024x576.jpg 1024w, http:\/\/www.rusrim.com\/wp-content\/uploads\/2021\/01\/Riccardo-Bianchini-compositeur-en-italie.jpg 1280w\" sizes=\"(max-width: 598px) 100vw, 598px\" \/><\/a><\/p>\n<h4 style=\"text-align: center;\">Riccardo Bianchini astronome et compositeur de musique \u00e9lectronique<\/h4>\n<p style=\"text-align: justify;\"><a href=\"http:\/\/www.rusrim.com\/wp-content\/uploads\/2021\/01\/Alessandro-Cipriani-et-Riccardo-Bianchini-compositeurs-en-italie.jpg\"><img loading=\"lazy\" class=\"alignleft size-medium wp-image-5533\" src=\"http:\/\/www.rusrim.com\/wp-content\/uploads\/2021\/01\/Alessandro-Cipriani-et-Riccardo-Bianchini-compositeurs-en-italie-204x300.jpg\" alt=\"Alessandro Cipriani et Riccardo Bianchini - compositeurs en italie\" width=\"204\" height=\"300\" srcset=\"http:\/\/www.rusrim.com\/wp-content\/uploads\/2021\/01\/Alessandro-Cipriani-et-Riccardo-Bianchini-compositeurs-en-italie-204x300.jpg 204w, http:\/\/www.rusrim.com\/wp-content\/uploads\/2021\/01\/Alessandro-Cipriani-et-Riccardo-Bianchini-compositeurs-en-italie.jpg 339w\" sizes=\"(max-width: 204px) 100vw, 204px\" \/><\/a>\u2026 01-16-1969. Parfois il me semble que la musique que j&#8217;\u00e9cris n&#8217;a pas de d\u00e9but ni de fin mais est simplement le transfert dans notre dimension de musique qui existe toujours sans interruption dans une autre dimension, quelque chose comme une bande infinie qui tourne toujours et qui est attach\u00e9e \u00e0 un haut-parleur de temps en temps\u2026 Je feuillette les journaux de Riccardo Bianchini; il \u00e9crivit cette pens\u00e9e \u00e0 23 ans\u2026 5 ans plus tard, en 1974, il commen\u00e7a \u00e0 enseigner la musique \u00e9lectronique, d&#8217;abord \u00e0 Pescara, puis \u00e0 Milan et enfin au Conservatoire de Rome, o\u00f9 il mourut subitement le 9 juin 2003, alors qu&#8217;il s&#8217;appr\u00eatait \u00e0 entrer dans la salle de classe. Bianchini a toujours \u00e9t\u00e9 li\u00e9 \u00e0 la recherche musicale, \u00e0 la passion de l&#8217;exp\u00e9rimentation, \u00e0 une profonde connaissance de la relation entre science et musique. En tant que compositeur, enseignant, chercheur, il \u00e9tait tr\u00e8s ouvert, profond\u00e9ment humain, d\u00e9vou\u00e9 et vital. En regardant les journaux de sa jeunesse que sa femme Ambretta m&#8217;a gentiment montr\u00e9s il y a quelques jours, je d\u00e9couvre de nombreux aspects inconnus d&#8217;un compositeur qui ignorait g\u00e9n\u00e9ralement la concurrence et le pouvoir, tant du point de vue politique qu&#8217;humain. Et c&#8217;est peut-\u00eatre pour cela que les journaux ont tr\u00e8s peu \u00e9crit sur lui \u00e0 sa mort (\u00e0 l&#8217;exception d&#8217;un bel article de Nicola Sani dans \u00abDiario\u00bb n \u00b0 24).<\/p>\n<h3 style=\"text-align: center;\">Tours motoris\u00e9s en Italie <span style=\"color: #0000ff;\"><a style=\"color: #0000ff;\" href=\"http:\/\/www.rusrim.com\/fr\/\u0440\u0438\u043c-\u0442\u0443\u0440\u044b-\u043d\u0430-\u043c\u0430\u0448\u0438\u043d\u0435\/\u0430\u0432\u0442\u043e\u043c\u043e\u0431\u0438\u043b\u044c\u043d\u044b\u0435-\u0442\u0443\u0440\u044b-\u043f\u043e-\u0440\u0438\u043c\u0443-\u0438-\u0432\u0430\u0442\u0438\u043a\u0430\u043d\u0443\/\">ROME<\/a><\/span> &#8211; <span style=\"color: #0000ff;\"><a style=\"color: #0000ff;\" href=\"http:\/\/www.rusrim.com\/fr\/\u0440\u0438\u043c-\u0442\u0443\u0440\u044b-\u043d\u0430-\u043c\u0430\u0448\u0438\u043d\u0435\/\u043b\u0430\u0446\u0438\u043e-\u044d\u043a\u0441\u043a\u0443\u0440\u0441\u0438\u0438-\u043d\u0430-\u043c\u0430\u0448\u0438\u043d\u0435\/\">LATIUM<\/a><\/span> &#8211; <a href=\"http:\/\/www.rusrim.com\/fr\/\u0440\u0438\u043c-\u0442\u0443\u0440\u044b-\u043d\u0430-\u043c\u0430\u0448\u0438\u043d\u0435\/\u044d\u043a\u0441\u043a\u0443\u0440\u0441\u0438\u0438-\u0432-\u0442\u043e\u0441\u043a\u0430\u043d\u0443-\u0438\u0437-\u0440\u0438\u043c\u0430\/\"><span style=\"color: #0000ff;\">TOSCANE<\/span><\/a> &#8211; <span style=\"color: #0000ff;\"><a style=\"color: #0000ff;\" href=\"http:\/\/www.rusrim.com\/fr\/\u0440\u0438\u043c-\u0442\u0443\u0440\u044b-\u043d\u0430-\u043c\u0430\u0448\u0438\u043d\u0435\/\u0443\u043c\u0431\u0440\u0438\u044f-\u044d\u043a\u0441\u043a\u0443\u0440\u0441\u0438\u0438-\u0441-\u0433\u0438\u0434\u043e\u043c\/\">OMBRIE<\/a><\/span> &#8211; <span style=\"color: #0000ff;\"><a style=\"color: #0000ff;\" href=\"http:\/\/www.rusrim.com\/fr\/\u0440\u0438\u043c-\u0442\u0443\u0440\u044b-\u043d\u0430-\u043c\u0430\u0448\u0438\u043d\u0435\/\u0430\u043c\u0430\u043b\u044c\u0444\u0438-\u043f\u043e\u0437\u0438\u0442\u0430\u043d\u043e-\u0441\u043e\u0440\u0440\u0435\u043d\u0442\u043e-\u043f\u043e\u043c\u043f\u0435\u0438\/\">CAMPANIE<\/a><\/span> &#8211; <span style=\"color: #0000ff;\"><a style=\"color: #0000ff;\" href=\"http:\/\/www.rusrim.com\/fr\/\u0440\u0438\u043c-\u0442\u0443\u0440\u044b-\u043d\u0430-\u043c\u0430\u0448\u0438\u043d\u0435\/english-abruzzo-private-car-tour-from-rome\/\">ABRUZZES<\/a><\/span> &#8211; <span style=\"color: #0000ff;\"><a style=\"color: #0000ff;\" href=\"http:\/\/www.rusrim.com\/fr\/\u0440\u0438\u043c-\u0442\u0443\u0440\u044b-\u043d\u0430-\u043c\u0430\u0448\u0438\u043d\u0435\/\u0432\u0435\u043d\u0435\u0446\u0438\u044f-\u0438\u043d\u0434\u0438\u0432\u0438\u0434\u0443\u0430\u043b\u044c\u043d\u0430\u044f-\u044d\u043a\u0441\u043a\u0443\u0440\u0441\u0438\u044f\/\">Venise &#8211; <\/a><a style=\"color: #0000ff;\" href=\"http:\/\/www.rusrim.com\/fr\/\u0440\u0438\u043c-\u0442\u0443\u0440\u044b-\u043d\u0430-\u043c\u0430\u0448\u0438\u043d\u0435\/\u0431\u044a\u043b\u0433\u0430\u0440\u0441\u043a\u0438-\u0442\u0440\u0435\u043d\u0442\u0438\u043d\u043e-\u0430\u043b\u0442\u043e-\u0430\u0434\u0438\u0434\u0436\u0435-\u0441\u0443\u0434-\u0442\/\">TRENTINO<\/a><\/span><\/h3>\n<h5 style=\"text-align: center;\">Excursions en Bulgare, Russe, Anglais, Fran\u00e7ais et Ukrainien<\/h5>\n<h5 style=\"text-align: center;\">Tours individuels avec chauffeur\/<span style=\"color: #0000ff;\"><a style=\"color: #0000ff;\" href=\"http:\/\/www.rusrim.com\/fr\/%D0%B3%D0%B8%D0%B4%D1%8B\/%D0%B3%D0%B8%D0%B4-%D1%80%D0%B8%D0%BC\/\">guide <\/a><\/span>-conf\u00e9rencier \u00e0 Rome, Le <span style=\"color: #0000ff;\"><a style=\"color: #0000ff;\" href=\"http:\/\/www.rusrim.com\/fr\/\u044d\u043a\u0441\u043a\u0443\u0440\u0441\u0438\u0438-\u043f\u043e-\u0440\u0438\u043c\u0443\/\u043e\u0431\u0437\u043e\u0440\u043d\u0430\u044f-\u043f\u043e-\u0432\u0430\u0442\u0438\u043a\u0430\u043d\u0443\/\">Vatican<\/a><\/span>, et les r\u00e9gions du <span style=\"color: #0000ff;\"><a style=\"color: #0000ff;\" href=\"http:\/\/www.rusrim.com\/fr\/\u0440\u0438\u043c-\u0442\u0443\u0440\u044b-\u043d\u0430-\u043c\u0430\u0448\u0438\u043d\u0435\/\u043b\u0430\u0446\u0438\u043e-\u044d\u043a\u0441\u043a\u0443\u0440\u0441\u0438\u0438-\u043d\u0430-\u043c\u0430\u0448\u0438\u043d\u0435\/\">LATIUM<\/a><\/span> (<span style=\"color: #0000ff;\"><a style=\"color: #0000ff;\" href=\"http:\/\/www.rusrim.com\/fr\/\u0440\u0438\u043c-\u0442\u0443\u0440\u044b-\u043d\u0430-\u043c\u0430\u0448\u0438\u043d\u0435\/\u043b\u0430\u0446\u0438\u043e-\u044d\u043a\u0441\u043a\u0443\u0440\u0441\u0438\u0438-\u043d\u0430-\u043c\u0430\u0448\u0438\u043d\u0435\/\u0442\u0438\u0432\u043e\u043b\u0438\/\">Tivoli<\/a><\/span>, <span style=\"color: #0000ff;\"><a style=\"color: #0000ff;\" href=\"http:\/\/www.rusrim.com\/fr\/\u0440\u0438\u043c-\u0442\u0443\u0440\u044b-\u043d\u0430-\u043c\u0430\u0448\u0438\u043d\u0435\/\u043b\u0430\u0446\u0438\u043e-\u044d\u043a\u0441\u043a\u0443\u0440\u0441\u0438\u0438-\u043d\u0430-\u043c\u0430\u0448\u0438\u043d\u0435\/\u0440\u0438\u043c\u0441\u043a\u0438\u0435-\u0437\u0430\u043c\u043a\u0438-\u044d\u043a\u0441\u043a\u0443\u0440\u0441\u0438\u044f\/\">Chateaux Romains<\/a><\/span>, <span style=\"color: #0000ff;\"><a style=\"color: #0000ff;\" href=\"http:\/\/www.rusrim.com\/fr\/\u0440\u0438\u043c-\u0442\u0443\u0440\u044b-\u043d\u0430-\u043c\u0430\u0448\u0438\u043d\u0435\/\u043b\u0430\u0446\u0438\u043e-\u044d\u043a\u0441\u043a\u0443\u0440\u0441\u0438\u0438-\u043d\u0430-\u043c\u0430\u0448\u0438\u043d\u0435\/\u0442\u0430\u0440\u043a\u0432\u0438\u043d\u0438\u044f\/\">Tarquinie<\/a><\/span>) et <span style=\"color: #0000ff;\"><a style=\"color: #0000ff;\" href=\"http:\/\/www.rusrim.com\/fr\/\u0440\u0438\u043c-\u0442\u0443\u0440\u044b-\u043d\u0430-\u043c\u0430\u0448\u0438\u043d\u0435\/\u044d\u043a\u0441\u043a\u0443\u0440\u0441\u0438\u0438-\u0432-\u0442\u043e\u0441\u043a\u0430\u043d\u0443-\u0438\u0437-\u0440\u0438\u043c\u0430\/\">TOSCANE<\/a><\/span> (Florence, Sienne, Capalbe, Argentaire, Pise), <span style=\"color: #0000ff;\"><a style=\"color: #0000ff;\" href=\"http:\/\/www.rusrim.com\/fr\/\u0440\u0438\u043c-\u0442\u0443\u0440\u044b-\u043d\u0430-\u043c\u0430\u0448\u0438\u043d\u0435\/\u0443\u043c\u0431\u0440\u0438\u044f-\u044d\u043a\u0441\u043a\u0443\u0440\u0441\u0438\u0438-\u0441-\u0433\u0438\u0434\u043e\u043c\/\">OMBRIE<\/a><\/span> (Orvieto, Assise, P\u00e9rouse) ABRUZZES ( <span style=\"color: #0000ff;\"><a style=\"color: #0000ff;\" href=\"http:\/\/www.rusrim.com\/fr\/\u0440\u0438\u043c-\u0442\u0443\u0440\u044b-\u043d\u0430-\u043c\u0430\u0448\u0438\u043d\u0435\/english-abruzzo-private-car-tour-from-rome\/\">Gran Sasso, l\u2019Aquila<\/a><\/span>) CAMPANIE ( <span style=\"color: #0000ff;\"><a style=\"color: #0000ff;\" href=\"http:\/\/www.rusrim.com\/fr\/\u0440\u0438\u043c-\u0442\u0443\u0440\u044b-\u043d\u0430-\u043c\u0430\u0448\u0438\u043d\u0435\/\u0430\u043c\u0430\u043b\u044c\u0444\u0438-\u043f\u043e\u0437\u0438\u0442\u0430\u043d\u043e-\u0441\u043e\u0440\u0440\u0435\u043d\u0442\u043e-\u043f\u043e\u043c\u043f\u0435\u0438\/\">Pomp\u00e9i et Amalfi<\/a><\/span>) avec chauffeur\/guide-conf\u00e9rencier Anglais, Fran\u00e7ais, Russe, Bulgare et Allemand.<\/h5>\n<h5 style=\"text-align: center;\"><span class=\"VIiyi\" lang=\"fr\"><span class=\"JLqJ4b ChMk0b\" data-language-for-alternatives=\"fr\" data-language-to-translate-into=\"bg\" data-phrase-index=\"0\">R\u00e9servation d\u2019excursions en Toscane sans pr\u00e9paiement<\/span><\/span><\/h5>\n<h5 style=\"text-align: center;\">+39 389 59 75 184\u00a0\u00a0\u00a0<a href=\"mailto:info@rusrim.com\">info@rusrim.com\u00a0\u00a0<\/a><\/h5>\n<p>&nbsp;<\/p>","protected":false},"excerpt":{"rendered":"<p>R\u00e9servation d\u2019excursions \u00e0 Rome sans pr\u00e9paiement +39 389 59 75 184\u00a0\u00a0\u00a0info@rusrim.com\u00a0\u00a0 &nbsp; TOURS PRIV\u00c9S DE ROME AVEC GUIDES LOCAUX Excursions en Bulgare, Russe, Anglais, Fran\u00e7ais et Ukrainien Le mus\u00e9e astronomique et copernicien de l&#8217;INAF-Observatoire astronomique de Rome (OAR) poss\u00e8de un patrimoine vaste et complet qui englobe une p\u00e9riode historique allant du XVIe si\u00e8cle \u00e0 nos [&hellip;]<\/p>\n","protected":false},"author":2,"featured_media":0,"parent":2196,"menu_order":18,"comment_status":"closed","ping_status":"closed","template":"","meta":[],"tags":[3520,3518,3573,3437,273,3572,3519,3521,8,3522,3509,3517,956],"_links":{"self":[{"href":"http:\/\/www.rusrim.com\/fr\/wp-json\/wp\/v2\/pages\/5446"}],"collection":[{"href":"http:\/\/www.rusrim.com\/fr\/wp-json\/wp\/v2\/pages"}],"about":[{"href":"http:\/\/www.rusrim.com\/fr\/wp-json\/wp\/v2\/types\/page"}],"author":[{"embeddable":true,"href":"http:\/\/www.rusrim.com\/fr\/wp-json\/wp\/v2\/users\/2"}],"replies":[{"embeddable":true,"href":"http:\/\/www.rusrim.com\/fr\/wp-json\/wp\/v2\/comments?post=5446"}],"version-history":[{"count":50,"href":"http:\/\/www.rusrim.com\/fr\/wp-json\/wp\/v2\/pages\/5446\/revisions"}],"predecessor-version":[{"id":9581,"href":"http:\/\/www.rusrim.com\/fr\/wp-json\/wp\/v2\/pages\/5446\/revisions\/9581"}],"up":[{"embeddable":true,"href":"http:\/\/www.rusrim.com\/fr\/wp-json\/wp\/v2\/pages\/2196"}],"wp:attachment":[{"href":"http:\/\/www.rusrim.com\/fr\/wp-json\/wp\/v2\/media?parent=5446"}],"wp:term":[{"taxonomy":"post_tag","embeddable":true,"href":"http:\/\/www.rusrim.com\/fr\/wp-json\/wp\/v2\/tags?post=5446"}],"curies":[{"name":"wp","href":"https:\/\/api.w.org\/{rel}","templated":true}]}}