{"id":546,"date":"2015-12-02T04:06:12","date_gmt":"2015-12-02T04:06:12","guid":{"rendered":"http:\/\/www.rusrim.com\/?page_id=546"},"modified":"2022-01-07T16:42:42","modified_gmt":"2022-01-07T16:42:42","slug":"%d1%8d%d0%ba%d1%81%d0%ba%d1%83%d1%80%d1%81%d0%b8%d0%b8-%d0%bf%d0%be-%d1%80%d0%b8%d0%bc%d1%83","status":"publish","type":"page","link":"http:\/\/www.rusrim.com\/fr\/%d1%8d%d0%ba%d1%81%d0%ba%d1%83%d1%80%d1%81%d0%b8%d0%b8-%d0%bf%d0%be-%d1%80%d0%b8%d0%bc%d1%83\/","title":{"rendered":"Excursions \u00e0 Rome"},"content":{"rendered":"<p><\/p>\n<h5 style=\"text-align: center;\"><span class=\"VIiyi\" lang=\"fr\"><span class=\"JLqJ4b ChMk0b\" data-language-for-alternatives=\"fr\" data-language-to-translate-into=\"bg\" data-phrase-index=\"0\">R\u00e9servation d\u2019excursions \u00e0 Rome sans pr\u00e9paiement<\/span><\/span><\/h5>\n<h5 style=\"text-align: center;\">+39 389 59 75 184<b>\u00a0<\/b>\u00a0\u00a0<a href=\"mailto:info@rusrim.com\">info@rusrim.com\u00a0\u00a0<\/a><\/h5>\n<h6 class=\"entry-title\" style=\"text-align: center;\"><em><span class=\"VIiyi\" lang=\"fr\"><span class=\"JLqJ4b ChMk0b\" data-language-for-alternatives=\"fr\" data-language-to-translate-into=\"it\" data-phrase-index=\"0\"><span style=\"color: #000080;\"><a style=\"color: #000080;\" href=\"http:\/\/www.rusrim.com\/fr\/english-rome-private-tours\/\"><span style=\"color: #0000ff;\">Catalogue des attractions<\/span><\/a> <\/span>possibles lors de la visite \u00e0 Rome avec un <span style=\"color: #0000ff;\"><a style=\"color: #0000ff;\" href=\"http:\/\/www.rusrim.com\/fr\/\u0433\u0438\u0434\u044b\/\u0433\u0438\u0434-\u0440\u0438\u043c\/\">guide local<\/a><\/span><\/span><\/span><\/em><\/h6>\n<h3 class=\"entry-title\" style=\"text-align: center;\">Excursion touristique prive de <span style=\"color: #0000ff;\"><a style=\"color: #0000ff;\" href=\"http:\/\/www.rusrim.com\/fr\/\u044d\u043a\u0441\u043a\u0443\u0440\u0441\u0438\u0438-\u043f\u043e-\u0440\u0438\u043c\u0443\/\u043e\u0431\u0437\u043e\u0440\u043d\u0430\u044f-\u043f\u043e-\u0440\u0438\u043c\u0443-\u0438-\u0432\u0430\u0442\u0438\u043a\u0430\u043d\u0443\/\">Rome et Vatican<\/a><\/span> en voiture<\/h3>\n<div id=\"attachment_9102\" style=\"width: 614px\" class=\"wp-caption aligncenter\"><a href=\"http:\/\/www.rusrim.com\/wp-content\/uploads\/2021\/08\/excursion-a-Rome.jpg\"><img aria-describedby=\"caption-attachment-9102\" loading=\"lazy\" class=\"Excursion \u00e0 Rome wp-image-9102 size-large\" title=\"Excursion \u00e0 Rome\" src=\"http:\/\/www.rusrim.com\/wp-content\/uploads\/2021\/08\/excursion-a-Rome-1024x766.jpg\" sizes=\"(max-width: 604px) 100vw, 604px\" srcset=\"http:\/\/www.rusrim.com\/wp-content\/uploads\/2021\/08\/excursion-a-Rome-1024x766.jpg 1024w, http:\/\/www.rusrim.com\/wp-content\/uploads\/2021\/08\/excursion-a-Rome-300x224.jpg 300w, http:\/\/www.rusrim.com\/wp-content\/uploads\/2021\/08\/excursion-a-Rome-768x574.jpg 768w, http:\/\/www.rusrim.com\/wp-content\/uploads\/2021\/08\/excursion-a-Rome-1536x1149.jpg 1536w, http:\/\/www.rusrim.com\/wp-content\/uploads\/2021\/08\/excursion-a-Rome.jpg 1928w\" alt=\"Excursion \u00e0 Rome\" width=\"604\" height=\"452\" \/><\/a><p id=\"caption-attachment-9102\" class=\"wp-caption-text\">Excursion \u00e0 Rome<\/p><\/div>\n<p><iframe title=\"TOURS PRIV\u00c9S DE ROME en VOITURE - APPIA - Musique originale A. Karanov RusRim.com\" width=\"500\" height=\"281\" src=\"https:\/\/www.youtube.com\/embed\/dz_5rfJM3cc?feature=oembed\" frameborder=\"0\" allow=\"accelerometer; autoplay; clipboard-write; encrypted-media; gyroscope; picture-in-picture\" allowfullscreen><\/iframe><\/p>\n<h3 class=\"entry-title\" style=\"text-align: center;\">Excursion de<span style=\"color: #0000ff;\"><a style=\"color: #0000ff;\" href=\"http:\/\/www.rusrim.com\/fr\/\u044d\u043a\u0441\u043a\u0443\u0440\u0441\u0438\u0438-\u043f\u043e-\u0440\u0438\u043c\u0443\/\u043e\u0431\u0437\u043e\u0440\u043d\u0430\u044f-\u043f\u043e-\u0440\u0438\u043c\u0443\/\"> Rome en voiture<\/a><\/span><\/h3>\n<div id=\"attachment_3182\" style=\"width: 639px\" class=\"wp-caption aligncenter\"><a href=\"http:\/\/www.rusrim.com\/wp-content\/uploads\/2015\/11\/Private-tour-of-Rome-Piazza-bocca-della-verita.jpg\"><img aria-describedby=\"caption-attachment-3182\" loading=\"lazy\" class=\"Piazza bocca della verita wp-image-3182 size-full\" title=\" Piazza bocca della verita\" src=\"http:\/\/www.rusrim.com\/wp-content\/uploads\/2015\/11\/Private-tour-of-Rome-Piazza-bocca-della-verita.jpg\" sizes=\"(max-width: 629px) 100vw, 629px\" srcset=\"http:\/\/www.rusrim.com\/wp-content\/uploads\/2015\/11\/Private-tour-of-Rome-Piazza-bocca-della-verita.jpg 629w, http:\/\/www.rusrim.com\/wp-content\/uploads\/2015\/11\/Private-tour-of-Rome-Piazza-bocca-della-verita-300x199.jpg 300w\" alt=\" Piazza bocca della verita\" width=\"629\" height=\"418\" \/><\/a><p id=\"caption-attachment-3182\" class=\"wp-caption-text\">Piazza bocca della verita<\/p><\/div>\n<h3 class=\"entry-title\" style=\"text-align: center;\"><span style=\"color: #0000ff;\"><a style=\"color: #0000ff;\" href=\"http:\/\/www.rusrim.com\/fr\/\u044d\u043a\u0441\u043a\u0443\u0440\u0441\u0438\u0438-\u043f\u043e-\u0440\u0438\u043c\u0443\/\u043d\u043e\u0447\u043d\u043e\u0439-\u0440\u0438\u043c-\u044d\u043a\u0441\u043a\u0443\u0440\u0441\u0438\u044f\/\">Visite priv\u00e9e nocturne<\/a><\/span> de Rome en voiture<\/h3>\n<div id=\"attachment_9070\" style=\"width: 614px\" class=\"wp-caption aligncenter\"><a href=\"http:\/\/www.rusrim.com\/wp-content\/uploads\/2021\/08\/Visite-privee-nocturne-de-Rome-.jpg\"><img aria-describedby=\"caption-attachment-9070\" loading=\"lazy\" class=\"Visite priv\u00e9e nocturne de Rome wp-image-9070 size-large\" title=\"Visite priv\u00e9e nocturne de Rome\" src=\"http:\/\/www.rusrim.com\/wp-content\/uploads\/2021\/08\/Visite-privee-nocturne-de-Rome--1024x675.jpg\" sizes=\"(max-width: 604px) 100vw, 604px\" srcset=\"http:\/\/www.rusrim.com\/wp-content\/uploads\/2021\/08\/Visite-privee-nocturne-de-Rome--1024x675.jpg 1024w, http:\/\/www.rusrim.com\/wp-content\/uploads\/2021\/08\/Visite-privee-nocturne-de-Rome--300x198.jpg 300w, http:\/\/www.rusrim.com\/wp-content\/uploads\/2021\/08\/Visite-privee-nocturne-de-Rome--768x506.jpg 768w, http:\/\/www.rusrim.com\/wp-content\/uploads\/2021\/08\/Visite-privee-nocturne-de-Rome--1536x1013.jpg 1536w, http:\/\/www.rusrim.com\/wp-content\/uploads\/2021\/08\/Visite-privee-nocturne-de-Rome-.jpg 1940w\" alt=\"Visite priv\u00e9e nocturne de Rome\" width=\"604\" height=\"398\" \/><\/a><p id=\"caption-attachment-9070\" class=\"wp-caption-text\">Visite priv\u00e9e nocturne de Rome<\/p><\/div>\n<p><iframe title=\"Visites nocturnes \u00e0 Rome aveque voiture RusRim.com\" width=\"500\" height=\"375\" src=\"https:\/\/www.youtube.com\/embed\/WxZykfYwpms?feature=oembed\" frameborder=\"0\" allow=\"accelerometer; autoplay; clipboard-write; encrypted-media; gyroscope; picture-in-picture\" allowfullscreen><\/iframe><\/p>\n<h3 class=\"entry-title\" style=\"text-align: center;\">Visite priv\u00e9e au Vatican<\/h3>\n<div id=\"attachment_9449\" style=\"width: 1010px\" class=\"wp-caption aligncenter\"><a href=\"http:\/\/www.rusrim.com\/wp-content\/uploads\/2021\/09\/Gardes-suisses-Visite-au-Vatican-.jpg\"><img aria-describedby=\"caption-attachment-9449\" loading=\"lazy\" class=\"Gardes suisses - Visite au Vatican wp-image-9449 size-full\" title=\"Gardes suisses - Visite au Vatican\" src=\"http:\/\/www.rusrim.com\/wp-content\/uploads\/2021\/09\/Gardes-suisses-Visite-au-Vatican-.jpg\" sizes=\"(max-width: 1000px) 100vw, 1000px\" srcset=\"http:\/\/www.rusrim.com\/wp-content\/uploads\/2021\/09\/Gardes-suisses-Visite-au-Vatican-.jpg 1000w, http:\/\/www.rusrim.com\/wp-content\/uploads\/2021\/09\/Gardes-suisses-Visite-au-Vatican--300x180.jpg 300w, http:\/\/www.rusrim.com\/wp-content\/uploads\/2021\/09\/Gardes-suisses-Visite-au-Vatican--768x461.jpg 768w\" alt=\"Gardes suisses - Visite au Vatican\" width=\"1000\" height=\"600\" \/><\/a><p id=\"caption-attachment-9449\" class=\"wp-caption-text\">Gardes suisses &#8211; Visite au Vatican<\/p><\/div>\n<p><iframe title=\"VATICAN Visite priv\u00e9e - Musique \u00e9lectronique Adel Karanov RusRim.com\" width=\"500\" height=\"281\" src=\"https:\/\/www.youtube.com\/embed\/DnhRk7a6AJY?feature=oembed\" frameborder=\"0\" allow=\"accelerometer; autoplay; clipboard-write; encrypted-media; gyroscope; picture-in-picture\" allowfullscreen><\/iframe><\/p>\n<h3 style=\"text-align: center;\"><span class=\"VIiyi\" lang=\"fr\"><span class=\"JLqJ4b ChMk0b\" data-language-for-alternatives=\"fr\" data-language-to-translate-into=\"it\" data-phrase-index=\"0\">Excursions individuelles de Rome vers d&#8217;autres r\u00e9gions et villes en Italie<\/span><\/span><\/h3>\n<h5 class=\"entry-title\" style=\"text-align: center;\"><span style=\"color: #0000ff;\"><a style=\"color: #0000ff;\" href=\"http:\/\/www.rusrim.com\/fr\/\u0440\u0438\u043c-\u0442\u0443\u0440\u044b-\u043d\u0430-\u043c\u0430\u0448\u0438\u043d\u0435\/\u043b\u0430\u0446\u0438\u043e-\u044d\u043a\u0441\u043a\u0443\u0440\u0441\u0438\u0438-\u043d\u0430-\u043c\u0430\u0448\u0438\u043d\u0435\/\">\u00a0LAZIO<\/a><\/span>: <span style=\"color: #0000ff;\"><a style=\"color: #0000ff;\" href=\"http:\/\/www.rusrim.com\/fr\/\u0440\u0438\u043c-\u0442\u0443\u0440\u044b-\u043d\u0430-\u043c\u0430\u0448\u0438\u043d\u0435\/\u0430\u0432\u0442\u043e\u043c\u043e\u0431\u0438\u043b\u044c\u043d\u044b\u0435-\u0442\u0443\u0440\u044b-\u043f\u043e-\u0440\u0438\u043c\u0443-\u0438-\u0432\u0430\u0442\u0438\u043a\u0430\u043d\u0443\/\">Rome<\/a><\/span>, <span style=\"color: #0000ff;\"><a style=\"color: #0000ff;\" href=\"http:\/\/www.rusrim.com\/fr\/\u0440\u0438\u043c-\u0442\u0443\u0440\u044b-\u043d\u0430-\u043c\u0430\u0448\u0438\u043d\u0435\/\u043b\u0430\u0446\u0438\u043e-\u044d\u043a\u0441\u043a\u0443\u0440\u0441\u0438\u0438-\u043d\u0430-\u043c\u0430\u0448\u0438\u043d\u0435\/\u0442\u0438\u0432\u043e\u043b\u0438\/\">Tivoli<\/a><\/span>, <span style=\"color: #0000ff;\"><a style=\"color: #0000ff;\" href=\"http:\/\/www.rusrim.com\/fr\/\u0440\u0438\u043c-\u0442\u0443\u0440\u044b-\u043d\u0430-\u043c\u0430\u0448\u0438\u043d\u0435\/\u043b\u0430\u0446\u0438\u043e-\u044d\u043a\u0441\u043a\u0443\u0440\u0441\u0438\u0438-\u043d\u0430-\u043c\u0430\u0448\u0438\u043d\u0435\/\u0440\u0438\u043c\u0441\u043a\u0438\u0435-\u0437\u0430\u043c\u043a\u0438-\u044d\u043a\u0441\u043a\u0443\u0440\u0441\u0438\u044f\/\">Castelli Romani<\/a><\/span>, <span style=\"color: #0000ff;\"><a style=\"color: #0000ff;\" href=\"http:\/\/www.rusrim.com\/fr\/\u0440\u0438\u043c-\u0442\u0443\u0440\u044b-\u043d\u0430-\u043c\u0430\u0448\u0438\u043d\u0435\/\u043b\u0430\u0446\u0438\u043e-\u044d\u043a\u0441\u043a\u0443\u0440\u0441\u0438\u0438-\u043d\u0430-\u043c\u0430\u0448\u0438\u043d\u0435\/\u0434\u0432\u043e\u0440\u0446\u0430-\u0444\u0430\u0440\u043d\u0435\u0441\u0435-\u0432-\u043a\u0430\u043f\u0440\u0430\u0440\u043e\u043b\u0435\/\">Caprarola &#8211; Vico<\/a><\/span>, <span style=\"color: #0000ff;\"><a style=\"color: #0000ff;\" href=\"http:\/\/www.rusrim.com\/fr\/\u0440\u0438\u043c-\u0442\u0443\u0440\u044b-\u043d\u0430-\u043c\u0430\u0448\u0438\u043d\u0435\/\u043b\u0430\u0446\u0438\u043e-\u044d\u043a\u0441\u043a\u0443\u0440\u0441\u0438\u0438-\u043d\u0430-\u043c\u0430\u0448\u0438\u043d\u0435\/\u0431\u0440\u0430\u0447\u0447\u0430\u043d\u043e\/\">Bracciano<\/a><\/span>, <span style=\"color: #0000ff;\"><a style=\"color: #0000ff;\" href=\"http:\/\/www.rusrim.com\/fr\/\u0440\u0438\u043c-\u0442\u0443\u0440\u044b-\u043d\u0430-\u043c\u0430\u0448\u0438\u043d\u0435\/\u0443\u043c\u0431\u0440\u0438\u044f-\u044d\u043a\u0441\u043a\u0443\u0440\u0441\u0438\u0438-\u0441-\u0433\u0438\u0434\u043e\u043c\/orvieto-private-tour\/\">Bolsena<\/a><\/span>\u00a0 Orvieto, <span style=\"color: #0000ff;\"><a style=\"color: #0000ff;\" href=\"http:\/\/www.rusrim.com\/fr\/\u0440\u0438\u043c-\u0442\u0443\u0440\u044b-\u043d\u0430-\u043c\u0430\u0448\u0438\u043d\u0435\/\u043b\u0430\u0446\u0438\u043e-\u044d\u043a\u0441\u043a\u0443\u0440\u0441\u0438\u0438-\u043d\u0430-\u043c\u0430\u0448\u0438\u043d\u0435\/\u0434\u0440\u0435\u0432\u043d\u044f\u044f-\u043e\u0441\u0442\u0438\u044f-\u044d\u043a\u0441\u043a\u0443\u0440\u0441\u0438\u044f\/\">Ostia<\/a><\/span><\/h5>\n<h5 class=\"entry-title\" style=\"text-align: center;\">Excursions en <span style=\"color: #0000ff;\"><a style=\"color: #0000ff;\" href=\"http:\/\/www.rusrim.com\/fr\/\u0440\u0438\u043c-\u0442\u0443\u0440\u044b-\u043d\u0430-\u043c\u0430\u0448\u0438\u043d\u0435\/\u044d\u043a\u0441\u043a\u0443\u0440\u0441\u0438\u0438-\u0432-\u0442\u043e\u0441\u043a\u0430\u043d\u0443-\u0438\u0437-\u0440\u0438\u043c\u0430\/\">TOSCANE<\/a><\/span> au d\u00e9part de Rome (Pise, <span style=\"color: #0000ff;\"><a style=\"color: #0000ff;\" href=\"http:\/\/www.rusrim.com\/fr\/\u0440\u0438\u043c-\u0442\u0443\u0440\u044b-\u043d\u0430-\u043c\u0430\u0448\u0438\u043d\u0435\/\u044d\u043a\u0441\u043a\u0443\u0440\u0441\u0438\u0438-\u0432-\u0442\u043e\u0441\u043a\u0430\u043d\u0443-\u0438\u0437-\u0440\u0438\u043c\u0430\/\u0444\u043b\u043e\u0440\u0435\u043d\u0446\u0438\u044f-\u0438-\u0441\u0438\u0435\u043d\u0430-\u0438\u0437-\u0440\u0438\u043c\u0430\/\">Florence, Siena<\/a><\/span>, Chianti, San Gimignano, <span style=\"color: #0000ff;\"><a style=\"color: #0000ff;\" href=\"http:\/\/www.rusrim.com\/fr\/\u0440\u0438\u043c-\u0442\u0443\u0440\u044b-\u043d\u0430-\u043c\u0430\u0448\u0438\u043d\u0435\/\u044d\u043a\u0441\u043a\u0443\u0440\u0441\u0438\u0438-\u0432-\u0442\u043e\u0441\u043a\u0430\u043d\u0443-\u0438\u0437-\u0440\u0438\u043c\u0430\/\u043f\u043e\u043b\u0443\u043e\u0441\u0442\u0440\u043e\u0432-\u0430\u0440\u0434\u0436\u0435\u043d\u0442\u0430\u0440\u0438\u043e\/\">Argentario<\/a><\/span> )<\/h5>\n<h5 class=\"entry-title\" style=\"text-align: center;\"><span style=\"color: #0000ff;\"><a style=\"color: #0000ff;\" href=\"http:\/\/www.rusrim.com\/fr\/\u0440\u0438\u043c-\u0442\u0443\u0440\u044b-\u043d\u0430-\u043c\u0430\u0448\u0438\u043d\u0435\/english-abruzzo-private-car-tour-from-rome\/\">ABRUZZES<\/a><\/span> Tour priv\u00e9 au d\u00e9part de Rome (Gran Sasso, L&#8217;Aquila)<\/h5>\n<h5 class=\"entry-title\" style=\"text-align: center;\"><span style=\"color: #0000ff;\"><a style=\"color: #0000ff;\" href=\"http:\/\/www.rusrim.com\/fr\/\u0440\u0438\u043c-\u0442\u0443\u0440\u044b-\u043d\u0430-\u043c\u0430\u0448\u0438\u043d\u0435\/\u0443\u043c\u0431\u0440\u0438\u044f-\u044d\u043a\u0441\u043a\u0443\u0440\u0441\u0438\u0438-\u0441-\u0433\u0438\u0434\u043e\u043c\/\">OMBRIE<\/a><\/span> Tours priv\u00e9s \u00e0 Orvieto, Spoleto, P\u00e9rouse, Asissi<\/h5>\n<h5 class=\"entry-title\" style=\"text-align: center;\"><span style=\"color: #0000ff;\"><a style=\"color: #0000ff;\" href=\"http:\/\/www.rusrim.com\/fr\/\u0440\u0438\u043c-\u0442\u0443\u0440\u044b-\u043d\u0430-\u043c\u0430\u0448\u0438\u043d\u0435\/\u0430\u043c\u0430\u043b\u044c\u0444\u0438-\u043f\u043e\u0437\u0438\u0442\u0430\u043d\u043e-\u0441\u043e\u0440\u0440\u0435\u043d\u0442\u043e-\u043f\u043e\u043c\u043f\u0435\u0438\/\">CAMPANIA<\/a><\/span>: Amalfi, Positano, Sorrento, Pomp\u00e9i en voiture<\/h5>\n<h5 class=\"entry-title\" style=\"text-align: center;\">Excursions priv\u00e9es \u00e0 <span style=\"color: #0000ff;\"><a style=\"color: #0000ff;\" href=\"http:\/\/www.rusrim.com\/fr\/\u0440\u0438\u043c-\u0442\u0443\u0440\u044b-\u043d\u0430-\u043c\u0430\u0448\u0438\u043d\u0435\/\u0432\u0435\u043d\u0435\u0446\u0438\u044f-\u0438\u043d\u0434\u0438\u0432\u0438\u0434\u0443\u0430\u043b\u044c\u043d\u0430\u044f-\u044d\u043a\u0441\u043a\u0443\u0440\u0441\u0438\u044f\/\">Venise<\/a><\/span><\/h5>\n<h5 class=\"entry-title\" style=\"text-align: center;\"><span style=\"color: #0000ff;\"><a style=\"color: #0000ff;\" href=\"http:\/\/www.rusrim.com\/fr\/\u0440\u0438\u043c-\u0442\u0443\u0440\u044b-\u043d\u0430-\u043c\u0430\u0448\u0438\u043d\u0435\/\u0431\u044a\u043b\u0433\u0430\u0440\u0441\u043a\u0438-\u0442\u0440\u0435\u043d\u0442\u0438\u043d\u043e-\u0430\u043b\u0442\u043e-\u0430\u0434\u0438\u0434\u0436\u0435-\u0441\u0443\u0434-\u0442\/\">Trentino<\/a><\/span> Alto Adige Sud-Tyrol et Lago di Garda<\/h5>\n<p>&nbsp;<\/p>\n<p>&nbsp;<\/p>\n<h5 style=\"text-align: center;\"><span class=\"VIiyi\" lang=\"fr\"><span class=\"JLqJ4b ChMk0b\" data-language-for-alternatives=\"fr\" data-language-to-translate-into=\"bg\" data-phrase-index=\"0\">R\u00e9servation d\u2019excursions \u00e0 Rome sans pr\u00e9paiement<\/span><\/span><\/h5>\n<h5 style=\"text-align: center;\">+39 389 59 75 184<b>\u00a0<\/b>\u00a0\u00a0<a href=\"mailto:info@rusrim.com\">info@rusrim.com\u00a0\u00a0<\/a><\/h5>\n<p><\/p>","protected":false},"excerpt":{"rendered":"<p>R\u00e9servation d\u2019excursions \u00e0 Rome sans pr\u00e9paiement +39 389 59 75 184\u00a0\u00a0\u00a0info@rusrim.com\u00a0\u00a0 Catalogue des attractions possibles lors de la visite \u00e0 Rome avec un guide local Excursion touristique prive de Rome et Vatican en voiture Excursion de Rome en voiture Visite priv\u00e9e nocturne de Rome en voiture Visite priv\u00e9e au Vatican Excursions individuelles de Rome vers [&hellip;]<\/p>\n","protected":false},"author":2,"featured_media":9070,"parent":0,"menu_order":300,"comment_status":"closed","ping_status":"closed","template":"","meta":[],"tags":[1704,160,1510,1476,1497,1081,1080,1521,1054,1462,1656,156,1746,1816,1748,1744,1750,1749,1753,1755,1754,1747,1752,1745,1758,1751,1757,649,1042,1039,1037,1035,1041,1040,1036,1038,68,871,1706,1705,1075,1074,1076,1477,3048,1058,1060,1059,199,1733,1818,1735,1731,1737,1736,1741,1740,1734,1739,1712,1732,1743,1738,1714,1711,1710,1713,1717,1725,1817,1719,1715,1721,1720,1724,1718,1723,1709,1730,1716,1728,1722,1727,1729,1708,1065,1707,2924,2925,193,196,26,1043,1050,1051,1049,1048,1046,1047,1044,1045,494,1061,1023,1082,1019,1063,1022,1083,1020,1412,1413,1057,493,158,1530,3268,157,1703,1529,1495,1494,213,794,21,437,438,644,2212,1052,1053,23,159,2207,2786,1469,67,1017,1018,222,2787,2595,2227,2251,1483,1473,1016,1078,1077,1056,1055,1531,1064,1011,1013,1010,1012,1068,1072,1070,1069,1073,1071,1066,1067,1659,645,201,1455,1457,1475,1014,1015,1079,382,1062,2431,141,1024,27,1033,639,3353,985,989,988,164,961,163,33,1025,370,368,2952,166,165,1003,1004,173,1032,174,1028,1029,1031,1030,162,34,2798,2540,2801,2799,2800,1026,2802,2366,1001,161,1027,125,423,962,963,36,999,990,991,180,39,178,176,1034,960,959,1021,998,997,1208,1207,996,218,640,981,982,642,167,171,169,168,172,170,8,1008,2367,130,118,117,977,362,641,983,984,1002,1009,1007,1006,980,361,179,181,177,175,954,987,1005,969,973,971,728,2615,974,581,975,992,1000,994,993,956,958,986,979,978,93,967,970,972,966,955,965,964,957,995,582,968,976],"_links":{"self":[{"href":"http:\/\/www.rusrim.com\/fr\/wp-json\/wp\/v2\/pages\/546"}],"collection":[{"href":"http:\/\/www.rusrim.com\/fr\/wp-json\/wp\/v2\/pages"}],"about":[{"href":"http:\/\/www.rusrim.com\/fr\/wp-json\/wp\/v2\/types\/page"}],"author":[{"embeddable":true,"href":"http:\/\/www.rusrim.com\/fr\/wp-json\/wp\/v2\/users\/2"}],"replies":[{"embeddable":true,"href":"http:\/\/www.rusrim.com\/fr\/wp-json\/wp\/v2\/comments?post=546"}],"version-history":[{"count":203,"href":"http:\/\/www.rusrim.com\/fr\/wp-json\/wp\/v2\/pages\/546\/revisions"}],"predecessor-version":[{"id":9605,"href":"http:\/\/www.rusrim.com\/fr\/wp-json\/wp\/v2\/pages\/546\/revisions\/9605"}],"wp:featuredmedia":[{"embeddable":true,"href":"http:\/\/www.rusrim.com\/fr\/wp-json\/wp\/v2\/media\/9070"}],"wp:attachment":[{"href":"http:\/\/www.rusrim.com\/fr\/wp-json\/wp\/v2\/media?parent=546"}],"wp:term":[{"taxonomy":"post_tag","embeddable":true,"href":"http:\/\/www.rusrim.com\/fr\/wp-json\/wp\/v2\/tags?post=546"}],"curies":[{"name":"wp","href":"https:\/\/api.w.org\/{rel}","templated":true}]}}