{"id":597,"date":"2015-12-03T14:37:46","date_gmt":"2015-12-03T14:37:46","guid":{"rendered":"http:\/\/www.rusrim.com\/?page_id=597"},"modified":"2021-09-20T12:04:26","modified_gmt":"2021-09-20T12:04:26","slug":"%d0%be%d0%b1%d0%b7%d0%be%d1%80%d0%bd%d0%b0%d1%8f-%d0%bf%d0%be-%d1%80%d0%b8%d0%bc%d1%83-%d0%b8-%d0%b2%d0%b0%d1%82%d0%b8%d0%ba%d0%b0%d0%bd%d1%83","status":"publish","type":"page","link":"http:\/\/www.rusrim.com\/fr\/%d1%8d%d0%ba%d1%81%d0%ba%d1%83%d1%80%d1%81%d0%b8%d0%b8-%d0%bf%d0%be-%d1%80%d0%b8%d0%bc%d1%83\/%d0%be%d0%b1%d0%b7%d0%be%d1%80%d0%bd%d0%b0%d1%8f-%d0%bf%d0%be-%d1%80%d0%b8%d0%bc%d1%83-%d0%b8-%d0%b2%d0%b0%d1%82%d0%b8%d0%ba%d0%b0%d0%bd%d1%83\/","title":{"rendered":"Excursion touristique prive de Rome et Vatican en voiture"},"content":{"rendered":"<p><\/p>\n<h5 style=\"text-align: center;\">+39 389 59 75 184<b> <\/b>\u00a0\u00a0<a href=\"mailto:info@rusrim.com\">info@rusrim.com\u00a0\u00a0<\/a><\/h5>\n<h5 style=\"text-align: center;\"><span class=\"VIiyi\" lang=\"fr\"><span class=\"JLqJ4b ChMk0b\" data-language-for-alternatives=\"fr\" data-language-to-translate-into=\"bg\" data-phrase-index=\"0\">R\u00e9servation d\u2019excursions \u00e0 Rome sans pr\u00e9paiement<\/span><\/span><\/h5>\n<p><iframe title=\"ROMA - Tour priv\u00e9 \u00e0 Rome - Musique \u00e9lectronique A. Karanov guide \u00e0 Rome\" width=\"500\" height=\"281\" src=\"https:\/\/www.youtube.com\/embed\/H2AZYWdID70?feature=oembed\" frameborder=\"0\" allow=\"accelerometer; autoplay; clipboard-write; encrypted-media; gyroscope; picture-in-picture\" allowfullscreen><\/iframe><\/p>\n<div id=\"attachment_9082\" style=\"width: 910px\" class=\"wp-caption aligncenter\"><a href=\"http:\/\/www.rusrim.com\/wp-content\/uploads\/2021\/08\/Arci-basilique-San-Giovanni-in-Laterano-Guide-a-Rome-.jpg\"><img aria-describedby=\"caption-attachment-9082\" loading=\"lazy\" class=\"Arcibasilica di San Giovanni in Laterano wp-image-9082 size-full\" title=\"Arcibasilica di San Giovanni in Laterano \" src=\"http:\/\/www.rusrim.com\/wp-content\/uploads\/2021\/08\/Arci-basilique-San-Giovanni-in-Laterano-Guide-a-Rome-.jpg\" alt=\"Arcibasilica di San Giovanni in Laterano \" width=\"900\" height=\"643\" srcset=\"http:\/\/www.rusrim.com\/wp-content\/uploads\/2021\/08\/Arci-basilique-San-Giovanni-in-Laterano-Guide-a-Rome-.jpg 900w, http:\/\/www.rusrim.com\/wp-content\/uploads\/2021\/08\/Arci-basilique-San-Giovanni-in-Laterano-Guide-a-Rome--300x214.jpg 300w, http:\/\/www.rusrim.com\/wp-content\/uploads\/2021\/08\/Arci-basilique-San-Giovanni-in-Laterano-Guide-a-Rome--768x549.jpg 768w\" sizes=\"(max-width: 900px) 100vw, 900px\" \/><\/a><p id=\"caption-attachment-9082\" class=\"wp-caption-text\">Arcibasilica di San Giovanni in Laterano<\/p><\/div>\n<p><iframe title=\"Saint Jean Lateran \u00e0 Rome tour priv\u00e9  RusRim.com Guide \u00e0 Rome\" width=\"500\" height=\"281\" src=\"https:\/\/www.youtube.com\/embed\/C11fDMOM__Y?feature=oembed\" frameborder=\"0\" allow=\"accelerometer; autoplay; clipboard-write; encrypted-media; gyroscope; picture-in-picture\" allowfullscreen><\/iframe><\/p>\n<div id=\"attachment_9078\" style=\"width: 614px\" class=\"wp-caption aligncenter\"><a href=\"http:\/\/www.rusrim.com\/wp-content\/uploads\/2021\/08\/Colisee-Visite-Guidee-a-Rome--scaled.jpg\"><img aria-describedby=\"caption-attachment-9078\" loading=\"lazy\" class=\"Colis\u00e9e - Visite Guid\u00e9e \u00e0 Rome wp-image-9078 size-large\" title=\"Colis\u00e9e - Visite Guid\u00e9e \u00e0 Rome\" src=\"http:\/\/www.rusrim.com\/wp-content\/uploads\/2021\/08\/Colisee-Visite-Guidee-a-Rome--1024x576.jpg\" alt=\"Colis\u00e9e - Visite Guid\u00e9e \u00e0 Rome\" width=\"604\" height=\"340\" srcset=\"http:\/\/www.rusrim.com\/wp-content\/uploads\/2021\/08\/Colisee-Visite-Guidee-a-Rome--1024x576.jpg 1024w, http:\/\/www.rusrim.com\/wp-content\/uploads\/2021\/08\/Colisee-Visite-Guidee-a-Rome--300x169.jpg 300w, http:\/\/www.rusrim.com\/wp-content\/uploads\/2021\/08\/Colisee-Visite-Guidee-a-Rome--768x432.jpg 768w, http:\/\/www.rusrim.com\/wp-content\/uploads\/2021\/08\/Colisee-Visite-Guidee-a-Rome--1536x864.jpg 1536w, http:\/\/www.rusrim.com\/wp-content\/uploads\/2021\/08\/Colisee-Visite-Guidee-a-Rome--2048x1152.jpg 2048w\" sizes=\"(max-width: 604px) 100vw, 604px\" \/><\/a><p id=\"caption-attachment-9078\" class=\"wp-caption-text\">Colis\u00e9e &#8211; Visite Guid\u00e9e \u00e0 Rome<\/p><\/div>\n<p><iframe title=\"Piazza Venezia - ROMA - Air video - Music Adel Karanov RusRim.com Rome private guide\" width=\"500\" height=\"281\" src=\"https:\/\/www.youtube.com\/embed\/DoaV-hTaHuc?feature=oembed\" frameborder=\"0\" allow=\"accelerometer; autoplay; clipboard-write; encrypted-media; gyroscope; picture-in-picture\" allowfullscreen><\/iframe><\/p>\n<p>&nbsp;<\/p>\n<div id=\"attachment_9055\" style=\"width: 837px\" class=\"wp-caption aligncenter\"><a href=\"http:\/\/www.rusrim.com\/wp-content\/uploads\/2021\/08\/Gardes-Suisses-Vatican-.jpg\"><img aria-describedby=\"caption-attachment-9055\" loading=\"lazy\" class=\"Gardes-Suisses-Vatican wp-image-9055 size-full\" title=\"Gardes-Suisses-Vatican\" src=\"http:\/\/www.rusrim.com\/wp-content\/uploads\/2021\/08\/Gardes-Suisses-Vatican-.jpg\" alt=\"Gardes-Suisses-Vatican\" width=\"827\" height=\"620\" srcset=\"http:\/\/www.rusrim.com\/wp-content\/uploads\/2021\/08\/Gardes-Suisses-Vatican-.jpg 827w, http:\/\/www.rusrim.com\/wp-content\/uploads\/2021\/08\/Gardes-Suisses-Vatican--300x225.jpg 300w, http:\/\/www.rusrim.com\/wp-content\/uploads\/2021\/08\/Gardes-Suisses-Vatican--768x576.jpg 768w\" sizes=\"(max-width: 827px) 100vw, 827px\" \/><\/a><p id=\"caption-attachment-9055\" class=\"wp-caption-text\">Gardes-Suisses-Vatican<\/p><\/div>\n<div id=\"attachment_9060\" style=\"width: 614px\" class=\"wp-caption aligncenter\"><a href=\"http:\/\/www.rusrim.com\/wp-content\/uploads\/2021\/08\/Visite-de-la-Cite-du-Vatican-a-Rome-.jpg\"><img aria-describedby=\"caption-attachment-9060\" loading=\"lazy\" class=\"Visite-de-la-Cite-du-Vatican-a-Rome wp-image-9060 size-large\" title=\"Visite-de-la-Cite-du-Vatican-a-Rome\" src=\"http:\/\/www.rusrim.com\/wp-content\/uploads\/2021\/08\/Visite-de-la-Cite-du-Vatican-a-Rome--1024x683.jpg\" alt=\"Visite-de-la-Cite-du-Vatican-a-Rome\" width=\"604\" height=\"403\" srcset=\"http:\/\/www.rusrim.com\/wp-content\/uploads\/2021\/08\/Visite-de-la-Cite-du-Vatican-a-Rome--1024x683.jpg 1024w, http:\/\/www.rusrim.com\/wp-content\/uploads\/2021\/08\/Visite-de-la-Cite-du-Vatican-a-Rome--300x200.jpg 300w, http:\/\/www.rusrim.com\/wp-content\/uploads\/2021\/08\/Visite-de-la-Cite-du-Vatican-a-Rome--768x512.jpg 768w, http:\/\/www.rusrim.com\/wp-content\/uploads\/2021\/08\/Visite-de-la-Cite-du-Vatican-a-Rome-.jpg 1200w\" sizes=\"(max-width: 604px) 100vw, 604px\" \/><\/a><p id=\"caption-attachment-9060\" class=\"wp-caption-text\">Visite-de-la-Cite-du-Vatican-a-Rome<\/p><\/div>\n<p><iframe title=\"Michelangelo La chapelle Sixtine Tour priv\u00e9 en Vatican RusRim.com Guide priv\u00e9 \u00e0 Rome\" width=\"500\" height=\"281\" src=\"https:\/\/www.youtube.com\/embed\/VAsy9cvI2Cw?feature=oembed\" frameborder=\"0\" allow=\"accelerometer; autoplay; clipboard-write; encrypted-media; gyroscope; picture-in-picture\" allowfullscreen><\/iframe><\/p>\n<div id=\"attachment_8529\" style=\"width: 614px\" class=\"wp-caption aligncenter\"><a href=\"http:\/\/www.rusrim.com\/wp-content\/uploads\/2021\/07\/Best-private-tour-of-Rome-Centrale-Montemartini.jpg\"><img aria-describedby=\"caption-attachment-8529\" loading=\"lazy\" class=\"Centrale Montemartini - Roma Ostiense wp-image-8529 size-large\" title=\"Centrale Montemartini - Roma Ostiense\" src=\"http:\/\/www.rusrim.com\/wp-content\/uploads\/2021\/07\/Best-private-tour-of-Rome-Centrale-Montemartini-1024x682.jpg\" alt=\"Centrale Montemartini - Roma Ostiense\" width=\"604\" height=\"402\" srcset=\"http:\/\/www.rusrim.com\/wp-content\/uploads\/2021\/07\/Best-private-tour-of-Rome-Centrale-Montemartini-1024x682.jpg 1024w, http:\/\/www.rusrim.com\/wp-content\/uploads\/2021\/07\/Best-private-tour-of-Rome-Centrale-Montemartini-300x200.jpg 300w, http:\/\/www.rusrim.com\/wp-content\/uploads\/2021\/07\/Best-private-tour-of-Rome-Centrale-Montemartini-768x511.jpg 768w, http:\/\/www.rusrim.com\/wp-content\/uploads\/2021\/07\/Best-private-tour-of-Rome-Centrale-Montemartini-1536x1022.jpg 1536w, http:\/\/www.rusrim.com\/wp-content\/uploads\/2021\/07\/Best-private-tour-of-Rome-Centrale-Montemartini-2048x1363.jpg 2048w\" sizes=\"(max-width: 604px) 100vw, 604px\" \/><\/a><p id=\"caption-attachment-8529\" class=\"wp-caption-text\">Centrale Montemartini &#8211; Roma Ostiense<\/p><\/div>\n<div id=\"attachment_8522\" style=\"width: 614px\" class=\"wp-caption aligncenter\"><a href=\"http:\/\/www.rusrim.com\/wp-content\/uploads\/2021\/07\/Centrale-termoelettrica-Montemartini-Roma.jpg\"><img aria-describedby=\"caption-attachment-8522\" loading=\"lazy\" class=\"Centrale termoelettrica Montemartini - Roma wp-image-8522 size-large\" title=\"Centrale termoelettrica Montemartini - Roma\" src=\"http:\/\/www.rusrim.com\/wp-content\/uploads\/2021\/07\/Centrale-termoelettrica-Montemartini-Roma-1024x684.jpg\" alt=\"Centrale termoelettrica Montemartini - Roma\" width=\"604\" height=\"403\" srcset=\"http:\/\/www.rusrim.com\/wp-content\/uploads\/2021\/07\/Centrale-termoelettrica-Montemartini-Roma-1024x684.jpg 1024w, http:\/\/www.rusrim.com\/wp-content\/uploads\/2021\/07\/Centrale-termoelettrica-Montemartini-Roma-300x200.jpg 300w, http:\/\/www.rusrim.com\/wp-content\/uploads\/2021\/07\/Centrale-termoelettrica-Montemartini-Roma-768x513.jpg 768w, http:\/\/www.rusrim.com\/wp-content\/uploads\/2021\/07\/Centrale-termoelettrica-Montemartini-Roma-1536x1026.jpg 1536w, http:\/\/www.rusrim.com\/wp-content\/uploads\/2021\/07\/Centrale-termoelettrica-Montemartini-Roma-2048x1368.jpg 2048w\" sizes=\"(max-width: 604px) 100vw, 604px\" \/><\/a><p id=\"caption-attachment-8522\" class=\"wp-caption-text\">Centrale termoelettrica Montemartini &#8211; Roma<\/p><\/div>\n<div id=\"attachment_8501\" style=\"width: 614px\" class=\"wp-caption aligncenter\"><a href=\"http:\/\/www.rusrim.com\/wp-content\/uploads\/2021\/07\/Borromini-privat\u0435-tour-in-Rome.jpg\"><img aria-describedby=\"caption-attachment-8501\" loading=\"lazy\" class=\"Borromini privat\u0435 tour in Rome wp-image-8501 size-large\" title=\"Borromini privat\u0435 tour in Rome\" src=\"http:\/\/www.rusrim.com\/wp-content\/uploads\/2021\/07\/Borromini-privat\u0435-tour-in-Rome-957x1024.jpg\" alt=\"Borromini privat\u0435 tour in Rome\" width=\"604\" height=\"646\" srcset=\"http:\/\/www.rusrim.com\/wp-content\/uploads\/2021\/07\/Borromini-privat\u0435-tour-in-Rome-957x1024.jpg 957w, http:\/\/www.rusrim.com\/wp-content\/uploads\/2021\/07\/Borromini-privat\u0435-tour-in-Rome-280x300.jpg 280w, http:\/\/www.rusrim.com\/wp-content\/uploads\/2021\/07\/Borromini-privat\u0435-tour-in-Rome-768x822.jpg 768w, http:\/\/www.rusrim.com\/wp-content\/uploads\/2021\/07\/Borromini-privat\u0435-tour-in-Rome.jpg 1097w\" sizes=\"(max-width: 604px) 100vw, 604px\" \/><\/a><p id=\"caption-attachment-8501\" class=\"wp-caption-text\">Borromini privat\u0435 tour in Rome<\/p><\/div>\n<div id=\"attachment_8500\" style=\"width: 614px\" class=\"wp-caption aligncenter\"><a href=\"http:\/\/www.rusrim.com\/wp-content\/uploads\/2021\/07\/Borromini-Perspective.jpg\"><img aria-describedby=\"caption-attachment-8500\" loading=\"lazy\" class=\"Borromini Perspective wp-image-8500 size-large\" title=\"Borromini Perspective\" src=\"http:\/\/www.rusrim.com\/wp-content\/uploads\/2021\/07\/Borromini-Perspective-723x1024.jpg\" alt=\"Borromini Perspective\" width=\"604\" height=\"855\" srcset=\"http:\/\/www.rusrim.com\/wp-content\/uploads\/2021\/07\/Borromini-Perspective-723x1024.jpg 723w, http:\/\/www.rusrim.com\/wp-content\/uploads\/2021\/07\/Borromini-Perspective-212x300.jpg 212w, http:\/\/www.rusrim.com\/wp-content\/uploads\/2021\/07\/Borromini-Perspective-768x1088.jpg 768w, http:\/\/www.rusrim.com\/wp-content\/uploads\/2021\/07\/Borromini-Perspective.jpg 830w\" sizes=\"(max-width: 604px) 100vw, 604px\" \/><\/a><p id=\"caption-attachment-8500\" class=\"wp-caption-text\">Borromini Perspective<\/p><\/div>\n<div id=\"attachment_9102\" style=\"width: 614px\" class=\"wp-caption aligncenter\"><a href=\"http:\/\/www.rusrim.com\/wp-content\/uploads\/2021\/08\/excursion-a-Rome.jpg\"><img aria-describedby=\"caption-attachment-9102\" loading=\"lazy\" class=\"Excursion \u00e0 Rome wp-image-9102 size-large\" title=\"Excursion \u00e0 Rome\" src=\"http:\/\/www.rusrim.com\/wp-content\/uploads\/2021\/08\/excursion-a-Rome-1024x766.jpg\" alt=\"Excursion \u00e0 Rome\" width=\"604\" height=\"452\" srcset=\"http:\/\/www.rusrim.com\/wp-content\/uploads\/2021\/08\/excursion-a-Rome-1024x766.jpg 1024w, http:\/\/www.rusrim.com\/wp-content\/uploads\/2021\/08\/excursion-a-Rome-300x224.jpg 300w, http:\/\/www.rusrim.com\/wp-content\/uploads\/2021\/08\/excursion-a-Rome-768x574.jpg 768w, http:\/\/www.rusrim.com\/wp-content\/uploads\/2021\/08\/excursion-a-Rome-1536x1149.jpg 1536w, http:\/\/www.rusrim.com\/wp-content\/uploads\/2021\/08\/excursion-a-Rome.jpg 1928w\" sizes=\"(max-width: 604px) 100vw, 604px\" \/><\/a><p id=\"caption-attachment-9102\" class=\"wp-caption-text\">Excursion \u00e0 Rome<\/p><\/div>\n<div id=\"attachment_9101\" style=\"width: 614px\" class=\"wp-caption aligncenter\"><a href=\"http:\/\/www.rusrim.com\/wp-content\/uploads\/2021\/08\/Bernini-Fontana-la-Barcaccia.jpg\"><img aria-describedby=\"caption-attachment-9101\" loading=\"lazy\" class=\"Bernini - Fontana la Barcaccia wp-image-9101 size-large\" title=\"Bernini - Fontana la Barcaccia\" src=\"http:\/\/www.rusrim.com\/wp-content\/uploads\/2021\/08\/Bernini-Fontana-la-Barcaccia-1024x765.jpg\" alt=\"Bernini - Fontana la Barcaccia\" width=\"604\" height=\"451\" srcset=\"http:\/\/www.rusrim.com\/wp-content\/uploads\/2021\/08\/Bernini-Fontana-la-Barcaccia-1024x765.jpg 1024w, http:\/\/www.rusrim.com\/wp-content\/uploads\/2021\/08\/Bernini-Fontana-la-Barcaccia-300x224.jpg 300w, http:\/\/www.rusrim.com\/wp-content\/uploads\/2021\/08\/Bernini-Fontana-la-Barcaccia-768x574.jpg 768w, http:\/\/www.rusrim.com\/wp-content\/uploads\/2021\/08\/Bernini-Fontana-la-Barcaccia-1536x1148.jpg 1536w, http:\/\/www.rusrim.com\/wp-content\/uploads\/2021\/08\/Bernini-Fontana-la-Barcaccia.jpg 2043w\" sizes=\"(max-width: 604px) 100vw, 604px\" \/><\/a><p id=\"caption-attachment-9101\" class=\"wp-caption-text\">Bernini &#8211; Fontana la Barcaccia<\/p><\/div>\n<h6 style=\"text-align: center;\">Anneau de l&#8217;empereur Caligola<\/h6>\n<p style=\"text-align: center;\"><strong>Cette magnifique bague en saphir vieille de 2000 ans appartenait vraisemblablement \u00e0 l&#8217;empereur romain Caligula, repr\u00e9sentant sa quatri\u00e8me \u00e9pouse Caesonia. <\/strong><\/p>\n<div id=\"attachment_9100\" style=\"width: 614px\" class=\"wp-caption aligncenter\"><a href=\"http:\/\/www.rusrim.com\/wp-content\/uploads\/2021\/08\/Anneau-de-lempereur-Caligola-.jpg\"><img aria-describedby=\"caption-attachment-9100\" loading=\"lazy\" class=\"Anneau de l'empereur Caligola wp-image-9100 size-large\" title=\"Anneau de l'empereur Caligola\" src=\"http:\/\/www.rusrim.com\/wp-content\/uploads\/2021\/08\/Anneau-de-lempereur-Caligola--1024x740.jpg\" alt=\"Anneau de l'empereur Caligola\" width=\"604\" height=\"436\" srcset=\"http:\/\/www.rusrim.com\/wp-content\/uploads\/2021\/08\/Anneau-de-lempereur-Caligola--1024x740.jpg 1024w, http:\/\/www.rusrim.com\/wp-content\/uploads\/2021\/08\/Anneau-de-lempereur-Caligola--300x217.jpg 300w, http:\/\/www.rusrim.com\/wp-content\/uploads\/2021\/08\/Anneau-de-lempereur-Caligola--768x555.jpg 768w, http:\/\/www.rusrim.com\/wp-content\/uploads\/2021\/08\/Anneau-de-lempereur-Caligola-.jpg 1280w\" sizes=\"(max-width: 604px) 100vw, 604px\" \/><\/a><p id=\"caption-attachment-9100\" class=\"wp-caption-text\">Anneau de l&#8217;empereur Caligola<\/p><\/div>\n<div id=\"attachment_9160\" style=\"width: 614px\" class=\"wp-caption aligncenter\"><a href=\"http:\/\/www.rusrim.com\/wp-content\/uploads\/2021\/08\/Cirque-Massenzio-Appia-Antica-Rome.jpg\"><img aria-describedby=\"caption-attachment-9160\" loading=\"lazy\" class=\"Cirque Massenzio - Appia Antica - Rome wp-image-9160 size-large\" title=\"Cirque Massenzio - Appia Antica - Rome\" src=\"http:\/\/www.rusrim.com\/wp-content\/uploads\/2021\/08\/Cirque-Massenzio-Appia-Antica-Rome-1024x614.jpg\" alt=\"Cirque Massenzio - Appia Antica - Rome\" width=\"604\" height=\"362\" srcset=\"http:\/\/www.rusrim.com\/wp-content\/uploads\/2021\/08\/Cirque-Massenzio-Appia-Antica-Rome-1024x614.jpg 1024w, http:\/\/www.rusrim.com\/wp-content\/uploads\/2021\/08\/Cirque-Massenzio-Appia-Antica-Rome-300x180.jpg 300w, http:\/\/www.rusrim.com\/wp-content\/uploads\/2021\/08\/Cirque-Massenzio-Appia-Antica-Rome-768x461.jpg 768w, http:\/\/www.rusrim.com\/wp-content\/uploads\/2021\/08\/Cirque-Massenzio-Appia-Antica-Rome-1536x922.jpg 1536w, http:\/\/www.rusrim.com\/wp-content\/uploads\/2021\/08\/Cirque-Massenzio-Appia-Antica-Rome-2048x1229.jpg 2048w\" sizes=\"(max-width: 604px) 100vw, 604px\" \/><\/a><p id=\"caption-attachment-9160\" class=\"wp-caption-text\">Cirque Massenzio &#8211; Appia Antica &#8211; Rome<\/p><\/div>\n<p>&nbsp;<\/p>\n<h3 style=\"text-align: center;\">Tours motoris\u00e9s en Italie <span style=\"color: #0000ff;\"><a style=\"color: #0000ff;\" href=\"http:\/\/www.rusrim.com\/fr\/\u0440\u0438\u043c-\u0442\u0443\u0440\u044b-\u043d\u0430-\u043c\u0430\u0448\u0438\u043d\u0435\/\u0430\u0432\u0442\u043e\u043c\u043e\u0431\u0438\u043b\u044c\u043d\u044b\u0435-\u0442\u0443\u0440\u044b-\u043f\u043e-\u0440\u0438\u043c\u0443-\u0438-\u0432\u0430\u0442\u0438\u043a\u0430\u043d\u0443\/\">ROME<\/a><\/span> &#8211; <span style=\"color: #0000ff;\"><a style=\"color: #0000ff;\" href=\"http:\/\/www.rusrim.com\/fr\/\u0440\u0438\u043c-\u0442\u0443\u0440\u044b-\u043d\u0430-\u043c\u0430\u0448\u0438\u043d\u0435\/\u043b\u0430\u0446\u0438\u043e-\u044d\u043a\u0441\u043a\u0443\u0440\u0441\u0438\u0438-\u043d\u0430-\u043c\u0430\u0448\u0438\u043d\u0435\/\">LATIUM<\/a><\/span> &#8211; <a href=\"http:\/\/www.rusrim.com\/fr\/\u0440\u0438\u043c-\u0442\u0443\u0440\u044b-\u043d\u0430-\u043c\u0430\u0448\u0438\u043d\u0435\/\u044d\u043a\u0441\u043a\u0443\u0440\u0441\u0438\u0438-\u0432-\u0442\u043e\u0441\u043a\u0430\u043d\u0443-\u0438\u0437-\u0440\u0438\u043c\u0430\/\"><span style=\"color: #0000ff;\">TOSCANE<\/span><\/a> &#8211; <span style=\"color: #0000ff;\"><a style=\"color: #0000ff;\" href=\"http:\/\/www.rusrim.com\/fr\/\u0440\u0438\u043c-\u0442\u0443\u0440\u044b-\u043d\u0430-\u043c\u0430\u0448\u0438\u043d\u0435\/\u0443\u043c\u0431\u0440\u0438\u044f-\u044d\u043a\u0441\u043a\u0443\u0440\u0441\u0438\u0438-\u0441-\u0433\u0438\u0434\u043e\u043c\/\">OMBRIE<\/a><\/span> &#8211; <span style=\"color: #0000ff;\"><a style=\"color: #0000ff;\" href=\"http:\/\/www.rusrim.com\/fr\/\u0440\u0438\u043c-\u0442\u0443\u0440\u044b-\u043d\u0430-\u043c\u0430\u0448\u0438\u043d\u0435\/\u0430\u043c\u0430\u043b\u044c\u0444\u0438-\u043f\u043e\u0437\u0438\u0442\u0430\u043d\u043e-\u0441\u043e\u0440\u0440\u0435\u043d\u0442\u043e-\u043f\u043e\u043c\u043f\u0435\u0438\/\">CAMPANIE<\/a><\/span> &#8211; <span style=\"color: #0000ff;\"><a style=\"color: #0000ff;\" href=\"http:\/\/www.rusrim.com\/fr\/\u0440\u0438\u043c-\u0442\u0443\u0440\u044b-\u043d\u0430-\u043c\u0430\u0448\u0438\u043d\u0435\/english-abruzzo-private-car-tour-from-rome\/\">ABRUZZES<\/a><\/span> &#8211; <span style=\"color: #0000ff;\"><a style=\"color: #0000ff;\" href=\"http:\/\/www.rusrim.com\/fr\/\u0440\u0438\u043c-\u0442\u0443\u0440\u044b-\u043d\u0430-\u043c\u0430\u0448\u0438\u043d\u0435\/\u0432\u0435\u043d\u0435\u0446\u0438\u044f-\u0438\u043d\u0434\u0438\u0432\u0438\u0434\u0443\u0430\u043b\u044c\u043d\u0430\u044f-\u044d\u043a\u0441\u043a\u0443\u0440\u0441\u0438\u044f\/\">Venise &#8211; <\/a><a style=\"color: #0000ff;\" href=\"http:\/\/www.rusrim.com\/fr\/\u0440\u0438\u043c-\u0442\u0443\u0440\u044b-\u043d\u0430-\u043c\u0430\u0448\u0438\u043d\u0435\/\u0431\u044a\u043b\u0433\u0430\u0440\u0441\u043a\u0438-\u0442\u0440\u0435\u043d\u0442\u0438\u043d\u043e-\u0430\u043b\u0442\u043e-\u0430\u0434\u0438\u0434\u0436\u0435-\u0441\u0443\u0434-\u0442\/\">TRENTINO<\/a><\/span><\/h3>\n<h5 style=\"text-align: center;\">Excursions en Bulgare, Russe, Anglais, Fran\u00e7ais et Ukrainien<\/h5>\n<h5 style=\"text-align: center;\">Tours individuels avec chauffeur\/<span style=\"color: #0000ff;\"><a style=\"color: #0000ff;\" href=\"http:\/\/www.rusrim.com\/fr\/%D0%B3%D0%B8%D0%B4%D1%8B\/%D0%B3%D0%B8%D0%B4-%D1%80%D0%B8%D0%BC\/\">guide <\/a><\/span>-conf\u00e9rencier \u00e0 Rome, Le <span style=\"color: #0000ff;\"><a style=\"color: #0000ff;\" href=\"http:\/\/www.rusrim.com\/fr\/\u044d\u043a\u0441\u043a\u0443\u0440\u0441\u0438\u0438-\u043f\u043e-\u0440\u0438\u043c\u0443\/\u043e\u0431\u0437\u043e\u0440\u043d\u0430\u044f-\u043f\u043e-\u0432\u0430\u0442\u0438\u043a\u0430\u043d\u0443\/\">Vatican<\/a><\/span>, et les r\u00e9gions du <span style=\"color: #0000ff;\"><a style=\"color: #0000ff;\" href=\"http:\/\/www.rusrim.com\/fr\/\u0440\u0438\u043c-\u0442\u0443\u0440\u044b-\u043d\u0430-\u043c\u0430\u0448\u0438\u043d\u0435\/\u043b\u0430\u0446\u0438\u043e-\u044d\u043a\u0441\u043a\u0443\u0440\u0441\u0438\u0438-\u043d\u0430-\u043c\u0430\u0448\u0438\u043d\u0435\/\">LATIUM<\/a><\/span> (<span style=\"color: #0000ff;\"><a style=\"color: #0000ff;\" href=\"http:\/\/www.rusrim.com\/fr\/\u0440\u0438\u043c-\u0442\u0443\u0440\u044b-\u043d\u0430-\u043c\u0430\u0448\u0438\u043d\u0435\/\u043b\u0430\u0446\u0438\u043e-\u044d\u043a\u0441\u043a\u0443\u0440\u0441\u0438\u0438-\u043d\u0430-\u043c\u0430\u0448\u0438\u043d\u0435\/\u0442\u0438\u0432\u043e\u043b\u0438\/\">Tivoli<\/a><\/span>, <span style=\"color: #0000ff;\"><a style=\"color: #0000ff;\" href=\"http:\/\/www.rusrim.com\/fr\/\u0440\u0438\u043c-\u0442\u0443\u0440\u044b-\u043d\u0430-\u043c\u0430\u0448\u0438\u043d\u0435\/\u043b\u0430\u0446\u0438\u043e-\u044d\u043a\u0441\u043a\u0443\u0440\u0441\u0438\u0438-\u043d\u0430-\u043c\u0430\u0448\u0438\u043d\u0435\/\u0440\u0438\u043c\u0441\u043a\u0438\u0435-\u0437\u0430\u043c\u043a\u0438-\u044d\u043a\u0441\u043a\u0443\u0440\u0441\u0438\u044f\/\">Chateaux Romains<\/a><\/span>, <span style=\"color: #0000ff;\"><a style=\"color: #0000ff;\" href=\"http:\/\/www.rusrim.com\/fr\/\u0440\u0438\u043c-\u0442\u0443\u0440\u044b-\u043d\u0430-\u043c\u0430\u0448\u0438\u043d\u0435\/\u043b\u0430\u0446\u0438\u043e-\u044d\u043a\u0441\u043a\u0443\u0440\u0441\u0438\u0438-\u043d\u0430-\u043c\u0430\u0448\u0438\u043d\u0435\/\u0442\u0430\u0440\u043a\u0432\u0438\u043d\u0438\u044f\/\">Tarquinie<\/a><\/span>) et <span style=\"color: #0000ff;\"><a style=\"color: #0000ff;\" href=\"http:\/\/www.rusrim.com\/fr\/\u0440\u0438\u043c-\u0442\u0443\u0440\u044b-\u043d\u0430-\u043c\u0430\u0448\u0438\u043d\u0435\/\u044d\u043a\u0441\u043a\u0443\u0440\u0441\u0438\u0438-\u0432-\u0442\u043e\u0441\u043a\u0430\u043d\u0443-\u0438\u0437-\u0440\u0438\u043c\u0430\/\">TOSCANE<\/a><\/span> (Florence, Sienne, Capalbe, Argentaire, Pise), <span style=\"color: #0000ff;\"><a style=\"color: #0000ff;\" href=\"http:\/\/www.rusrim.com\/fr\/\u0440\u0438\u043c-\u0442\u0443\u0440\u044b-\u043d\u0430-\u043c\u0430\u0448\u0438\u043d\u0435\/\u0443\u043c\u0431\u0440\u0438\u044f-\u044d\u043a\u0441\u043a\u0443\u0440\u0441\u0438\u0438-\u0441-\u0433\u0438\u0434\u043e\u043c\/\">OMBRIE<\/a><\/span> (Orvieto, Assise, P\u00e9rouse) ABRUZZES ( <span style=\"color: #0000ff;\"><a style=\"color: #0000ff;\" href=\"http:\/\/www.rusrim.com\/fr\/\u0440\u0438\u043c-\u0442\u0443\u0440\u044b-\u043d\u0430-\u043c\u0430\u0448\u0438\u043d\u0435\/english-abruzzo-private-car-tour-from-rome\/\">Gran Sasso, l\u2019Aquila<\/a><\/span>) CAMPANIE ( <span style=\"color: #0000ff;\"><a style=\"color: #0000ff;\" href=\"http:\/\/www.rusrim.com\/fr\/\u0440\u0438\u043c-\u0442\u0443\u0440\u044b-\u043d\u0430-\u043c\u0430\u0448\u0438\u043d\u0435\/\u0430\u043c\u0430\u043b\u044c\u0444\u0438-\u043f\u043e\u0437\u0438\u0442\u0430\u043d\u043e-\u0441\u043e\u0440\u0440\u0435\u043d\u0442\u043e-\u043f\u043e\u043c\u043f\u0435\u0438\/\">Pomp\u00e9i et Amalfi<\/a><\/span>) avec chauffeur\/guide-conf\u00e9rencier Anglais, Fran\u00e7ais, Russe, Bulgare et Allemand.<\/h5>\n<h5 style=\"text-align: center;\"><span class=\"VIiyi\" lang=\"fr\"><span class=\"JLqJ4b ChMk0b\" data-language-for-alternatives=\"fr\" data-language-to-translate-into=\"bg\" data-phrase-index=\"0\">R\u00e9servation d\u2019excursions en Toscane sans pr\u00e9paiement<\/span><\/span><\/h5>\n<h5 style=\"text-align: center;\">+39 389 59 75 184\u00a0\u00a0\u00a0<a href=\"mailto:info@rusrim.com\">info@rusrim.com\u00a0\u00a0<\/a><\/h5>\n<p><\/p>","protected":false},"excerpt":{"rendered":"<p>+39 389 59 75 184 \u00a0\u00a0info@rusrim.com\u00a0\u00a0 R\u00e9servation d\u2019excursions \u00e0 Rome sans pr\u00e9paiement &nbsp; Anneau de l&#8217;empereur Caligola Cette magnifique bague en saphir vieille de 2000 ans appartenait vraisemblablement \u00e0 l&#8217;empereur romain Caligula, repr\u00e9sentant sa quatri\u00e8me \u00e9pouse Caesonia. &nbsp; Tours motoris\u00e9s en Italie ROME &#8211; LATIUM &#8211; TOSCANE &#8211; OMBRIE &#8211; CAMPANIE &#8211; ABRUZZES &#8211; Venise [&hellip;]<\/p>\n","protected":false},"author":2,"featured_media":0,"parent":546,"menu_order":2,"comment_status":"closed","ping_status":"closed","template":"","meta":[],"tags":[1636,1635,1606,1605,244,1643,1610,1603,1627,1585,1611,1602,1615,739,1578,1620,156,184,22,62,1647,1614,1646,1645,1644,1608,1604,191,1114,151,149,148,1626,1595,1631,1589,1600,1617,1630,1588,1580,1622,1057,851,63,64,1110,245,152,1092,54,1108,858,860,189,1628,1586,1576,1618,1609,1109,1639,1638,1637,1640,1642,1641,1596,1597,1582,1624,1592,1594,1579,1621,1583,1598,1590,1599,1593,1616,2397,2530,859,1613,1601,1581,1623,146,186,188,1570,1569,1568,1567,937,2534,849,1607,2531,235,234,233,154,155,1591,1629,1587,1625,1584,1612,1506,147,1577,1619,16,1633,1632,1634,2839,141,27,1100,1104,127,129,164,163,33,533,284,166,165,1103,774,272,173,273,1112,174,34,3195,133,134,53,1113,125,132,135,136,36,119,180,39,178,176,126,283,123,124,960,959,1111,1106,167,171,169,168,172,170,8,130,117,258,1105,131,1107,128,179,181,177,175,7,1102,955,1101,957],"_links":{"self":[{"href":"http:\/\/www.rusrim.com\/fr\/wp-json\/wp\/v2\/pages\/597"}],"collection":[{"href":"http:\/\/www.rusrim.com\/fr\/wp-json\/wp\/v2\/pages"}],"about":[{"href":"http:\/\/www.rusrim.com\/fr\/wp-json\/wp\/v2\/types\/page"}],"author":[{"embeddable":true,"href":"http:\/\/www.rusrim.com\/fr\/wp-json\/wp\/v2\/users\/2"}],"replies":[{"embeddable":true,"href":"http:\/\/www.rusrim.com\/fr\/wp-json\/wp\/v2\/comments?post=597"}],"version-history":[{"count":97,"href":"http:\/\/www.rusrim.com\/fr\/wp-json\/wp\/v2\/pages\/597\/revisions"}],"predecessor-version":[{"id":9607,"href":"http:\/\/www.rusrim.com\/fr\/wp-json\/wp\/v2\/pages\/597\/revisions\/9607"}],"up":[{"embeddable":true,"href":"http:\/\/www.rusrim.com\/fr\/wp-json\/wp\/v2\/pages\/546"}],"wp:attachment":[{"href":"http:\/\/www.rusrim.com\/fr\/wp-json\/wp\/v2\/media?parent=597"}],"wp:term":[{"taxonomy":"post_tag","embeddable":true,"href":"http:\/\/www.rusrim.com\/fr\/wp-json\/wp\/v2\/tags?post=597"}],"curies":[{"name":"wp","href":"https:\/\/api.w.org\/{rel}","templated":true}]}}