{"id":617,"date":"2015-12-03T18:38:09","date_gmt":"2015-12-03T18:38:09","guid":{"rendered":"http:\/\/www.rusrim.com\/?page_id=617"},"modified":"2021-08-30T11:10:45","modified_gmt":"2021-08-30T11:10:45","slug":"%d0%b3%d0%b8%d0%b4%d1%8b","status":"publish","type":"page","link":"http:\/\/www.rusrim.com\/fr\/%d0%b3%d0%b8%d0%b4%d1%8b\/","title":{"rendered":"(English) Private guides"},"content":{"rendered":"<p class=\"qtranxs-available-languages-message qtranxs-available-languages-message-fr\">D\u00e9sol\u00e9, cet article est seulement disponible en <a href=\"http:\/\/www.rusrim.com\/en\/wp-json\/wp\/v2\/pages\/617\" class=\"qtranxs-available-language-link qtranxs-available-language-link-en\" title=\"English\">Anglais Am\u00e9ricain<\/a>, <a href=\"http:\/\/www.rusrim.com\/ru\/wp-json\/wp\/v2\/pages\/617\" class=\"qtranxs-available-language-link qtranxs-available-language-link-ru\" title=\"\u0420\u0443\u0441\u0441\u043a\u0438\u0439\">Russe<\/a> et <a href=\"http:\/\/www.rusrim.com\/bg\/wp-json\/wp\/v2\/pages\/617\" class=\"qtranxs-available-language-link qtranxs-available-language-link-bg\" title=\"\u0411\u044a\u043b\u0433\u0430\u0440\u0441\u043a\u0438\">Bulgare<\/a>.<\/p>","protected":false},"excerpt":{"rendered":"<p>D\u00e9sol\u00e9, cet article est seulement disponible en Anglais Am\u00e9ricain, Russe et Bulgare.<\/p>\n","protected":false},"author":2,"featured_media":0,"parent":0,"menu_order":400,"comment_status":"closed","ping_status":"closed","template":"","meta":[],"tags":[643,20,1294,1300,1301,1114,1295,17,1292,555,63,1302,2199,1291,1299,1296,21,146,25,1304,1305,1303,1308,1309,1306,1307,1293,16,1297,1298,355,2202,1137,1271,1269,1276,1278,1272,1277,1270,1275,1280,1279,1273,1274,1283,1281,1282,5,1289,1285,1290,2203,2206,2205,2201,2200,31,8,110,109,1136,1266,1258,1264,1261,1284,1268,1267,1265,1259,1262,1263,1260,1249,1250,1254,1255,1253,1252,1248,1246,1257,1245,1256,1251,1247,1244,1243,1242,362,1009,30,1288,29,48,1287,1286,1099,2204,361],"_links":{"self":[{"href":"http:\/\/www.rusrim.com\/fr\/wp-json\/wp\/v2\/pages\/617"}],"collection":[{"href":"http:\/\/www.rusrim.com\/fr\/wp-json\/wp\/v2\/pages"}],"about":[{"href":"http:\/\/www.rusrim.com\/fr\/wp-json\/wp\/v2\/types\/page"}],"author":[{"embeddable":true,"href":"http:\/\/www.rusrim.com\/fr\/wp-json\/wp\/v2\/users\/2"}],"replies":[{"embeddable":true,"href":"http:\/\/www.rusrim.com\/fr\/wp-json\/wp\/v2\/comments?post=617"}],"version-history":[{"count":40,"href":"http:\/\/www.rusrim.com\/fr\/wp-json\/wp\/v2\/pages\/617\/revisions"}],"predecessor-version":[{"id":9039,"href":"http:\/\/www.rusrim.com\/fr\/wp-json\/wp\/v2\/pages\/617\/revisions\/9039"}],"wp:attachment":[{"href":"http:\/\/www.rusrim.com\/fr\/wp-json\/wp\/v2\/media?parent=617"}],"wp:term":[{"taxonomy":"post_tag","embeddable":true,"href":"http:\/\/www.rusrim.com\/fr\/wp-json\/wp\/v2\/tags?post=617"}],"curies":[{"name":"wp","href":"https:\/\/api.w.org\/{rel}","templated":true}]}}