{"id":831,"date":"2015-12-31T17:46:28","date_gmt":"2015-12-31T17:46:28","guid":{"rendered":"http:\/\/www.rusrim.com\/?page_id=831"},"modified":"2025-04-08T18:16:07","modified_gmt":"2025-04-08T18:16:07","slug":"%d1%8d%d0%ba%d1%81%d0%ba%d1%83%d1%80%d1%81%d0%b8%d1%8f-%d1%84%d1%8c%d1%8e%d0%bc%d0%b8%d1%87%d0%b8%d0%bd%d0%be-%d1%80%d0%b8%d0%bc-%d1%82%d1%83%d1%80-%d0%bd%d0%b0-%d0%bc%d0%b0%d1%88%d0%b8","status":"publish","type":"page","link":"http:\/\/www.rusrim.com\/fr\/%d1%80%d0%b8%d0%bc-%d1%82%d1%83%d1%80%d1%8b-%d0%bd%d0%b0-%d0%bc%d0%b0%d1%88%d0%b8%d0%bd%d0%b5\/%d0%b0%d0%b2%d1%82%d0%be%d0%bc%d0%be%d0%b1%d0%b8%d0%bb%d1%8c%d0%bd%d1%8b%d0%b5-%d1%82%d1%83%d1%80%d1%8b-%d0%bf%d0%be-%d1%80%d0%b8%d0%bc%d1%83-%d0%b8-%d0%b2%d0%b0%d1%82%d0%b8%d0%ba%d0%b0%d0%bd%d1%83\/%d1%8d%d0%ba%d1%81%d0%ba%d1%83%d1%80%d1%81%d0%b8%d1%8f-%d1%84%d1%8c%d1%8e%d0%bc%d0%b8%d1%87%d0%b8%d0%bd%d0%be-%d1%80%d0%b8%d0%bc-%d1%82%d1%83%d1%80-%d0%bd%d0%b0-%d0%bc%d0%b0%d1%88%d0%b8\/","title":{"rendered":"TOUR DE ROME EN VOITURE PRIV\u00c9E DEPUIS FIUMICINO"},"content":{"rendered":"<p><\/p>\n<h5 style=\"text-align: center;\"><span class=\"VIiyi\" lang=\"fr\"><span class=\"JLqJ4b ChMk0b\" data-language-for-alternatives=\"fr\" data-language-to-translate-into=\"bg\" data-phrase-index=\"0\">R\u00e9servation d\u2019excursions \u00e0 Rome sans pr\u00e9paiement<\/span><\/span><\/h5>\n<h5 style=\"text-align: center;\">+39 389 59 75 184\u00a0\u00a0\u00a0<a href=\"mailto:info@rusrim.com\">info@rusrim.com\u00a0\u00a0<\/a><\/h5>\n<div id=\"attachment_9192\" style=\"width: 614px\" class=\"wp-caption aligncenter\"><a href=\"http:\/\/www.rusrim.com\/wp-content\/uploads\/2021\/08\/Santa-Maria-sopra-Minerva-Rome.jpg\"><img aria-describedby=\"caption-attachment-9192\" loading=\"lazy\" class=\"Santa Maria sopra Minerva - Rome wp-image-9192 size-large\" title=\"Santa Maria sopra Minerva - Rome\" src=\"http:\/\/www.rusrim.com\/wp-content\/uploads\/2021\/08\/Santa-Maria-sopra-Minerva-Rome-1024x614.jpg\" alt=\"Santa Maria sopra Minerva - Rome\" width=\"604\" height=\"362\" srcset=\"http:\/\/www.rusrim.com\/wp-content\/uploads\/2021\/08\/Santa-Maria-sopra-Minerva-Rome-1024x614.jpg 1024w, http:\/\/www.rusrim.com\/wp-content\/uploads\/2021\/08\/Santa-Maria-sopra-Minerva-Rome-300x180.jpg 300w, http:\/\/www.rusrim.com\/wp-content\/uploads\/2021\/08\/Santa-Maria-sopra-Minerva-Rome-768x460.jpg 768w, http:\/\/www.rusrim.com\/wp-content\/uploads\/2021\/08\/Santa-Maria-sopra-Minerva-Rome-1536x920.jpg 1536w, http:\/\/www.rusrim.com\/wp-content\/uploads\/2021\/08\/Santa-Maria-sopra-Minerva-Rome.jpg 1906w\" sizes=\"(max-width: 604px) 100vw, 604px\" \/><\/a><p id=\"caption-attachment-9192\" class=\"wp-caption-text\">Santa Maria sopra Minerva &#8211; Rome<\/p><\/div>\n<p><iframe title=\"ROMA - Tour priv\u00e9 \u00e0 Rome - Musique \u00e9lectronique A. Karanov guide \u00e0 Rome\" width=\"500\" height=\"281\" src=\"https:\/\/www.youtube.com\/embed\/H2AZYWdID70?feature=oembed\" frameborder=\"0\" allow=\"accelerometer; autoplay; clipboard-write; encrypted-media; gyroscope; picture-in-picture; web-share\" referrerpolicy=\"strict-origin-when-cross-origin\" allowfullscreen><\/iframe><\/p>\n<div id=\"attachment_9240\" style=\"width: 614px\" class=\"wp-caption aligncenter\"><a href=\"http:\/\/www.rusrim.com\/wp-content\/uploads\/2021\/08\/Excursions-a-Rome-.jpg\"><img aria-describedby=\"caption-attachment-9240\" loading=\"lazy\" class=\"Excursions \u00e0 Rome wp-image-9240 size-large\" title=\"Excursions \u00e0 Rome\" src=\"http:\/\/www.rusrim.com\/wp-content\/uploads\/2021\/08\/Excursions-a-Rome--1024x576.jpg\" alt=\"Excursions \u00e0 Rome\" width=\"604\" height=\"340\" srcset=\"http:\/\/www.rusrim.com\/wp-content\/uploads\/2021\/08\/Excursions-a-Rome--1024x576.jpg 1024w, http:\/\/www.rusrim.com\/wp-content\/uploads\/2021\/08\/Excursions-a-Rome--300x169.jpg 300w, http:\/\/www.rusrim.com\/wp-content\/uploads\/2021\/08\/Excursions-a-Rome--768x432.jpg 768w, http:\/\/www.rusrim.com\/wp-content\/uploads\/2021\/08\/Excursions-a-Rome--1536x864.jpg 1536w, http:\/\/www.rusrim.com\/wp-content\/uploads\/2021\/08\/Excursions-a-Rome--2048x1152.jpg 2048w\" sizes=\"(max-width: 604px) 100vw, 604px\" \/><\/a><p id=\"caption-attachment-9240\" class=\"wp-caption-text\">Excursions \u00e0 Rome<\/p><\/div>\n<p><iframe title=\"Santa Maria in trastevere Rome avec chauffeur guide RusRim.com\" width=\"500\" height=\"281\" src=\"https:\/\/www.youtube.com\/embed\/JdF_RGbbBc0?feature=oembed\" frameborder=\"0\" allow=\"accelerometer; autoplay; clipboard-write; encrypted-media; gyroscope; picture-in-picture; web-share\" referrerpolicy=\"strict-origin-when-cross-origin\" allowfullscreen><\/iframe><\/p>\n<div id=\"attachment_9177\" style=\"width: 614px\" class=\"wp-caption aligncenter\"><a href=\"http:\/\/www.rusrim.com\/wp-content\/uploads\/2021\/08\/Marche-de-Trajan-Rome-avec-guide-prive-.jpg\"><img aria-describedby=\"caption-attachment-9177\" loading=\"lazy\" class=\"March\u00e9 de Trajan - Rome avec guide priv\u00e9 wp-image-9177 size-large\" title=\"March\u00e9 de Trajan - Rome avec guide priv\u00e9\" src=\"http:\/\/www.rusrim.com\/wp-content\/uploads\/2021\/08\/Marche-de-Trajan-Rome-avec-guide-prive--1024x614.jpg\" alt=\"March\u00e9 de Trajan - Rome avec guide priv\u00e9\" width=\"604\" height=\"362\" srcset=\"http:\/\/www.rusrim.com\/wp-content\/uploads\/2021\/08\/Marche-de-Trajan-Rome-avec-guide-prive--1024x614.jpg 1024w, http:\/\/www.rusrim.com\/wp-content\/uploads\/2021\/08\/Marche-de-Trajan-Rome-avec-guide-prive--300x180.jpg 300w, http:\/\/www.rusrim.com\/wp-content\/uploads\/2021\/08\/Marche-de-Trajan-Rome-avec-guide-prive--768x461.jpg 768w, http:\/\/www.rusrim.com\/wp-content\/uploads\/2021\/08\/Marche-de-Trajan-Rome-avec-guide-prive--1536x922.jpg 1536w, http:\/\/www.rusrim.com\/wp-content\/uploads\/2021\/08\/Marche-de-Trajan-Rome-avec-guide-prive--2048x1229.jpg 2048w\" sizes=\"(max-width: 604px) 100vw, 604px\" \/><\/a><p id=\"caption-attachment-9177\" class=\"wp-caption-text\">March\u00e9 de Trajan &#8211; Rome avec guide priv\u00e9<\/p><\/div>\n<div id=\"attachment_9184\" style=\"width: 614px\" class=\"wp-caption aligncenter\"><a href=\"http:\/\/www.rusrim.com\/wp-content\/uploads\/2021\/08\/Basilique-de-Santa-Sabina-.jpg\"><img aria-describedby=\"caption-attachment-9184\" loading=\"lazy\" class=\"Basilique de Santa Sabina wp-image-9184 size-large\" title=\"Basilique de Santa Sabina\" src=\"http:\/\/www.rusrim.com\/wp-content\/uploads\/2021\/08\/Basilique-de-Santa-Sabina--1024x675.jpg\" alt=\"Basilique de Santa Sabina\" width=\"604\" height=\"398\" srcset=\"http:\/\/www.rusrim.com\/wp-content\/uploads\/2021\/08\/Basilique-de-Santa-Sabina--1024x675.jpg 1024w, http:\/\/www.rusrim.com\/wp-content\/uploads\/2021\/08\/Basilique-de-Santa-Sabina--300x198.jpg 300w, http:\/\/www.rusrim.com\/wp-content\/uploads\/2021\/08\/Basilique-de-Santa-Sabina--768x506.jpg 768w, http:\/\/www.rusrim.com\/wp-content\/uploads\/2021\/08\/Basilique-de-Santa-Sabina--1536x1012.jpg 1536w, http:\/\/www.rusrim.com\/wp-content\/uploads\/2021\/08\/Basilique-de-Santa-Sabina--2048x1349.jpg 2048w\" sizes=\"(max-width: 604px) 100vw, 604px\" \/><\/a><p id=\"caption-attachment-9184\" class=\"wp-caption-text\">Basilique de Santa Sabina<\/p><\/div>\n<div id=\"attachment_9222\" style=\"width: 614px\" class=\"wp-caption aligncenter\"><a href=\"http:\/\/www.rusrim.com\/wp-content\/uploads\/2021\/08\/Rome-avec-guide-prive-Collection-Montemartini-.jpg\"><img aria-describedby=\"caption-attachment-9222\" loading=\"lazy\" class=\"Rome avec guide priv\u00e9 - Collection Montemartini wp-image-9222 size-large\" title=\"Rome avec guide priv\u00e9 - Collection Montemartini\" src=\"http:\/\/www.rusrim.com\/wp-content\/uploads\/2021\/08\/Rome-avec-guide-prive-Collection-Montemartini--1024x863.jpg\" alt=\"Rome avec guide priv\u00e9 - Collection Montemartini\" width=\"604\" height=\"509\" srcset=\"http:\/\/www.rusrim.com\/wp-content\/uploads\/2021\/08\/Rome-avec-guide-prive-Collection-Montemartini--1024x863.jpg 1024w, http:\/\/www.rusrim.com\/wp-content\/uploads\/2021\/08\/Rome-avec-guide-prive-Collection-Montemartini--300x253.jpg 300w, http:\/\/www.rusrim.com\/wp-content\/uploads\/2021\/08\/Rome-avec-guide-prive-Collection-Montemartini--768x647.jpg 768w, http:\/\/www.rusrim.com\/wp-content\/uploads\/2021\/08\/Rome-avec-guide-prive-Collection-Montemartini--1536x1295.jpg 1536w, http:\/\/www.rusrim.com\/wp-content\/uploads\/2021\/08\/Rome-avec-guide-prive-Collection-Montemartini-.jpg 1712w\" sizes=\"(max-width: 604px) 100vw, 604px\" \/><\/a><p id=\"caption-attachment-9222\" class=\"wp-caption-text\">Rome avec guide priv\u00e9 &#8211; Collection Montemartini<\/p><\/div>\n<div id=\"attachment_9227\" style=\"width: 614px\" class=\"wp-caption aligncenter\"><a href=\"http:\/\/www.rusrim.com\/wp-content\/uploads\/2021\/08\/Tour-magique-de-Rome-.jpg\"><img aria-describedby=\"caption-attachment-9227\" loading=\"lazy\" class=\"Tour magique de Rome wp-image-9227 size-large\" title=\"Tour magique de Rome\" src=\"http:\/\/www.rusrim.com\/wp-content\/uploads\/2021\/08\/Tour-magique-de-Rome--677x1024.jpg\" alt=\"Tour magique de Rome\" width=\"604\" height=\"914\" srcset=\"http:\/\/www.rusrim.com\/wp-content\/uploads\/2021\/08\/Tour-magique-de-Rome--677x1024.jpg 677w, http:\/\/www.rusrim.com\/wp-content\/uploads\/2021\/08\/Tour-magique-de-Rome--198x300.jpg 198w, http:\/\/www.rusrim.com\/wp-content\/uploads\/2021\/08\/Tour-magique-de-Rome--768x1161.jpg 768w, http:\/\/www.rusrim.com\/wp-content\/uploads\/2021\/08\/Tour-magique-de-Rome-.jpg 960w\" sizes=\"(max-width: 604px) 100vw, 604px\" \/><\/a><p id=\"caption-attachment-9227\" class=\"wp-caption-text\">Tour magique de Rome<\/p><\/div>\n<p><iframe title=\"Tour priv\u00e9 \u00e0 Rome - RusRim.com Musique originale Adel Karanov Compositeur et guide \u00e0 Rome\" width=\"500\" height=\"281\" src=\"https:\/\/www.youtube.com\/embed\/mjPRz1qcGfw?feature=oembed\" frameborder=\"0\" allow=\"accelerometer; autoplay; clipboard-write; encrypted-media; gyroscope; picture-in-picture; web-share\" referrerpolicy=\"strict-origin-when-cross-origin\" allowfullscreen><\/iframe><\/p>\n<div id=\"attachment_9106\" style=\"width: 1034px\" class=\"wp-caption aligncenter\"><a href=\"http:\/\/www.rusrim.com\/wp-content\/uploads\/2021\/08\/Pantheon-a-Rome-.jpg\"><img aria-describedby=\"caption-attachment-9106\" loading=\"lazy\" class=\"Panth\u00e9on \u00e0 Rome wp-image-9106 size-full\" title=\"Panth\u00e9on \u00e0 Rome\" src=\"http:\/\/www.rusrim.com\/wp-content\/uploads\/2021\/08\/Pantheon-a-Rome-.jpg\" alt=\"Panth\u00e9on \u00e0 Rome\" width=\"1024\" height=\"768\" srcset=\"http:\/\/www.rusrim.com\/wp-content\/uploads\/2021\/08\/Pantheon-a-Rome-.jpg 1024w, http:\/\/www.rusrim.com\/wp-content\/uploads\/2021\/08\/Pantheon-a-Rome--300x225.jpg 300w, http:\/\/www.rusrim.com\/wp-content\/uploads\/2021\/08\/Pantheon-a-Rome--768x576.jpg 768w\" sizes=\"(max-width: 1024px) 100vw, 1024px\" \/><\/a><p id=\"caption-attachment-9106\" class=\"wp-caption-text\">Panth\u00e9on \u00e0 Rome<\/p><\/div>\n<p><iframe title=\"Le Panth\u00e9on - Tour priv\u00e9 \u00e0 Rome RusRim.com\" width=\"500\" height=\"281\" src=\"https:\/\/www.youtube.com\/embed\/BR3ViMiLUBA?feature=oembed\" frameborder=\"0\" allow=\"accelerometer; autoplay; clipboard-write; encrypted-media; gyroscope; picture-in-picture; web-share\" referrerpolicy=\"strict-origin-when-cross-origin\" allowfullscreen><\/iframe><\/p>\n<div id=\"attachment_9078\" style=\"width: 614px\" class=\"wp-caption aligncenter\"><a href=\"http:\/\/www.rusrim.com\/wp-content\/uploads\/2021\/08\/Colisee-Visite-Guidee-a-Rome--scaled.jpg\"><img aria-describedby=\"caption-attachment-9078\" loading=\"lazy\" class=\"Colis\u00e9e - Visite Guid\u00e9e \u00e0 Rom wp-image-9078 size-large\" title=\"Colis\u00e9e - Visite Guid\u00e9e \u00e0 Rom\" src=\"http:\/\/www.rusrim.com\/wp-content\/uploads\/2021\/08\/Colisee-Visite-Guidee-a-Rome--1024x576.jpg\" alt=\"Colis\u00e9e - Visite Guid\u00e9e \u00e0 Rome\" width=\"604\" height=\"340\" srcset=\"http:\/\/www.rusrim.com\/wp-content\/uploads\/2021\/08\/Colisee-Visite-Guidee-a-Rome--1024x576.jpg 1024w, http:\/\/www.rusrim.com\/wp-content\/uploads\/2021\/08\/Colisee-Visite-Guidee-a-Rome--300x169.jpg 300w, http:\/\/www.rusrim.com\/wp-content\/uploads\/2021\/08\/Colisee-Visite-Guidee-a-Rome--768x432.jpg 768w, http:\/\/www.rusrim.com\/wp-content\/uploads\/2021\/08\/Colisee-Visite-Guidee-a-Rome--1536x864.jpg 1536w, http:\/\/www.rusrim.com\/wp-content\/uploads\/2021\/08\/Colisee-Visite-Guidee-a-Rome--2048x1152.jpg 2048w\" sizes=\"(max-width: 604px) 100vw, 604px\" \/><\/a><p id=\"caption-attachment-9078\" class=\"wp-caption-text\">Colis\u00e9e &#8211; Visite Guid\u00e9e \u00e0 Rome<\/p><\/div>\n<div id=\"attachment_9047\" style=\"width: 614px\" class=\"wp-caption aligncenter\"><a href=\"http:\/\/www.rusrim.com\/wp-content\/uploads\/2021\/08\/Marches-de-Trajan-a-Rome-Excursion-a-Rome-.jpg\"><img aria-describedby=\"caption-attachment-9047\" loading=\"lazy\" class=\"March\u00e9s de Trajan \u00e0 Rome - Excursion \u00e0 Rome wp-image-9047 size-large\" title=\"March\u00e9s de Trajan \u00e0 Rome - Excursion \u00e0 Rome\" src=\"http:\/\/www.rusrim.com\/wp-content\/uploads\/2021\/08\/Marches-de-Trajan-a-Rome-Excursion-a-Rome--1024x614.jpg\" alt=\"March\u00e9s de Trajan \u00e0 Rome - Excursion \u00e0 Rome\" width=\"604\" height=\"362\" srcset=\"http:\/\/www.rusrim.com\/wp-content\/uploads\/2021\/08\/Marches-de-Trajan-a-Rome-Excursion-a-Rome--1024x614.jpg 1024w, http:\/\/www.rusrim.com\/wp-content\/uploads\/2021\/08\/Marches-de-Trajan-a-Rome-Excursion-a-Rome--300x180.jpg 300w, http:\/\/www.rusrim.com\/wp-content\/uploads\/2021\/08\/Marches-de-Trajan-a-Rome-Excursion-a-Rome--768x461.jpg 768w, http:\/\/www.rusrim.com\/wp-content\/uploads\/2021\/08\/Marches-de-Trajan-a-Rome-Excursion-a-Rome--1536x922.jpg 1536w, http:\/\/www.rusrim.com\/wp-content\/uploads\/2021\/08\/Marches-de-Trajan-a-Rome-Excursion-a-Rome--2048x1229.jpg 2048w\" sizes=\"(max-width: 604px) 100vw, 604px\" \/><\/a><p id=\"caption-attachment-9047\" class=\"wp-caption-text\">March\u00e9s de Trajan \u00e0 Rome &#8211; Excursion \u00e0 Rome<\/p><\/div>\n<div id=\"attachment_8355\" style=\"width: 614px\" class=\"wp-caption aligncenter\"><a href=\"http:\/\/www.rusrim.com\/wp-content\/uploads\/2021\/07\/\u041f\u044c\u044f\u0446\u0446\u0430-\u0412\u0435\u043d\u0435\u0446\u0438\u044f-\u0432-\u0420\u0438\u043c\u0435.png\"><img aria-describedby=\"caption-attachment-8355\" loading=\"lazy\" class=\"Piazza Venezia - Roma wp-image-8355 size-large\" title=\"Piazza Venezia - Roma\" src=\"http:\/\/www.rusrim.com\/wp-content\/uploads\/2021\/07\/\u041f\u044c\u044f\u0446\u0446\u0430-\u0412\u0435\u043d\u0435\u0446\u0438\u044f-\u0432-\u0420\u0438\u043c\u0435-1024x570.png\" alt=\"Piazza Venezia - Roma\" width=\"604\" height=\"336\" srcset=\"http:\/\/www.rusrim.com\/wp-content\/uploads\/2021\/07\/\u041f\u044c\u044f\u0446\u0446\u0430-\u0412\u0435\u043d\u0435\u0446\u0438\u044f-\u0432-\u0420\u0438\u043c\u0435-1024x570.png 1024w, http:\/\/www.rusrim.com\/wp-content\/uploads\/2021\/07\/\u041f\u044c\u044f\u0446\u0446\u0430-\u0412\u0435\u043d\u0435\u0446\u0438\u044f-\u0432-\u0420\u0438\u043c\u0435-300x167.png 300w, http:\/\/www.rusrim.com\/wp-content\/uploads\/2021\/07\/\u041f\u044c\u044f\u0446\u0446\u0430-\u0412\u0435\u043d\u0435\u0446\u0438\u044f-\u0432-\u0420\u0438\u043c\u0435-768x428.png 768w, http:\/\/www.rusrim.com\/wp-content\/uploads\/2021\/07\/\u041f\u044c\u044f\u0446\u0446\u0430-\u0412\u0435\u043d\u0435\u0446\u0438\u044f-\u0432-\u0420\u0438\u043c\u0435.png 1200w\" sizes=\"(max-width: 604px) 100vw, 604px\" \/><\/a><p id=\"caption-attachment-8355\" class=\"wp-caption-text\">Piazza Venezia &#8211; Roma<\/p><\/div>\n<p><iframe title=\"Piazza Venezia - ROMA - Air video - Music Adel Karanov RusRim.com Rome private guide\" width=\"500\" height=\"281\" src=\"https:\/\/www.youtube.com\/embed\/DoaV-hTaHuc?feature=oembed\" frameborder=\"0\" allow=\"accelerometer; autoplay; clipboard-write; encrypted-media; gyroscope; picture-in-picture; web-share\" referrerpolicy=\"strict-origin-when-cross-origin\" allowfullscreen><\/iframe><\/p>\n<h3 style=\"text-align: center;\">Tours motoris\u00e9s dans <span style=\"color: #0000ff;\"><a style=\"color: #0000ff;\" href=\"http:\/\/www.rusrim.com\/fr\/\u0440\u0438\u043c-\u0442\u0443\u0440\u044b-\u043d\u0430-\u043c\u0430\u0448\u0438\u043d\u0435\/\u0430\u0432\u0442\u043e\u043c\u043e\u0431\u0438\u043b\u044c\u043d\u044b\u0435-\u0442\u0443\u0440\u044b-\u043f\u043e-\u0440\u0438\u043c\u0443-\u0438-\u0432\u0430\u0442\u0438\u043a\u0430\u043d\u0443\/\">ROME<\/a><\/span> &#8211; <span style=\"color: #0000ff;\"><a style=\"color: #0000ff;\" href=\"http:\/\/www.rusrim.com\/fr\/\u0440\u0438\u043c-\u0442\u0443\u0440\u044b-\u043d\u0430-\u043c\u0430\u0448\u0438\u043d\u0435\/\u043b\u0430\u0446\u0438\u043e-\u044d\u043a\u0441\u043a\u0443\u0440\u0441\u0438\u0438-\u043d\u0430-\u043c\u0430\u0448\u0438\u043d\u0435\/\">LATIUM<\/a><\/span> &#8211; <a href=\"http:\/\/www.rusrim.com\/fr\/\u0440\u0438\u043c-\u0442\u0443\u0440\u044b-\u043d\u0430-\u043c\u0430\u0448\u0438\u043d\u0435\/\u044d\u043a\u0441\u043a\u0443\u0440\u0441\u0438\u0438-\u0432-\u0442\u043e\u0441\u043a\u0430\u043d\u0443-\u0438\u0437-\u0440\u0438\u043c\u0430\/\"><span style=\"color: #0000ff;\">TOSCANE<\/span><\/a> &#8211; <span style=\"color: #0000ff;\"><a style=\"color: #0000ff;\" href=\"http:\/\/www.rusrim.com\/fr\/\u0440\u0438\u043c-\u0442\u0443\u0440\u044b-\u043d\u0430-\u043c\u0430\u0448\u0438\u043d\u0435\/\u0443\u043c\u0431\u0440\u0438\u044f-\u044d\u043a\u0441\u043a\u0443\u0440\u0441\u0438\u0438-\u0441-\u0433\u0438\u0434\u043e\u043c\/\">OMBRIE<\/a><\/span> &#8211; <span style=\"color: #0000ff;\"><a style=\"color: #0000ff;\" href=\"http:\/\/www.rusrim.com\/fr\/\u0440\u0438\u043c-\u0442\u0443\u0440\u044b-\u043d\u0430-\u043c\u0430\u0448\u0438\u043d\u0435\/\u0430\u043c\u0430\u043b\u044c\u0444\u0438-\u043f\u043e\u0437\u0438\u0442\u0430\u043d\u043e-\u0441\u043e\u0440\u0440\u0435\u043d\u0442\u043e-\u043f\u043e\u043c\u043f\u0435\u0438\/\">CAMPANIE<\/a><\/span> &#8211; <span style=\"color: #0000ff;\"><a style=\"color: #0000ff;\" href=\"http:\/\/www.rusrim.com\/fr\/\u0440\u0438\u043c-\u0442\u0443\u0440\u044b-\u043d\u0430-\u043c\u0430\u0448\u0438\u043d\u0435\/english-abruzzo-private-car-tour-from-rome\/\">ABRUZZES<\/a><\/span> &#8211; <span style=\"color: #0000ff;\"><a style=\"color: #0000ff;\" href=\"http:\/\/www.rusrim.com\/fr\/\u0440\u0438\u043c-\u0442\u0443\u0440\u044b-\u043d\u0430-\u043c\u0430\u0448\u0438\u043d\u0435\/\u0432\u0435\u043d\u0435\u0446\u0438\u044f-\u0438\u043d\u0434\u0438\u0432\u0438\u0434\u0443\u0430\u043b\u044c\u043d\u0430\u044f-\u044d\u043a\u0441\u043a\u0443\u0440\u0441\u0438\u044f\/\">Venise &#8211; <\/a><a style=\"color: #0000ff;\" href=\"http:\/\/www.rusrim.com\/fr\/\u0440\u0438\u043c-\u0442\u0443\u0440\u044b-\u043d\u0430-\u043c\u0430\u0448\u0438\u043d\u0435\/\u0431\u044a\u043b\u0433\u0430\u0440\u0441\u043a\u0438-\u0442\u0440\u0435\u043d\u0442\u0438\u043d\u043e-\u0430\u043b\u0442\u043e-\u0430\u0434\u0438\u0434\u0436\u0435-\u0441\u0443\u0434-\u0442\/\">TRENTINO<\/a><\/span><\/h3>\n<h5 style=\"text-align: center;\">Excursions en Bulgare, Russe, Anglais, Fran\u00e7ais et Ukrainien<\/h5>\n<h5 style=\"text-align: center;\">Tours individuels avec chauffeur\/<span style=\"color: #0000ff;\"><a style=\"color: #0000ff;\" href=\"http:\/\/www.rusrim.com\/fr\/%D0%B3%D0%B8%D0%B4%D1%8B\/%D0%B3%D0%B8%D0%B4-%D1%80%D0%B8%D0%BC\/\">guide <\/a><\/span>-conf\u00e9rencier \u00e0 Rome, Le <span style=\"color: #0000ff;\"><a style=\"color: #0000ff;\" href=\"http:\/\/www.rusrim.com\/fr\/\u044d\u043a\u0441\u043a\u0443\u0440\u0441\u0438\u0438-\u043f\u043e-\u0440\u0438\u043c\u0443\/\u043e\u0431\u0437\u043e\u0440\u043d\u0430\u044f-\u043f\u043e-\u0432\u0430\u0442\u0438\u043a\u0430\u043d\u0443\/\">Vatican<\/a><\/span>, et les r\u00e9gions du <span style=\"color: #0000ff;\"><a style=\"color: #0000ff;\" href=\"http:\/\/www.rusrim.com\/fr\/\u0440\u0438\u043c-\u0442\u0443\u0440\u044b-\u043d\u0430-\u043c\u0430\u0448\u0438\u043d\u0435\/\u043b\u0430\u0446\u0438\u043e-\u044d\u043a\u0441\u043a\u0443\u0440\u0441\u0438\u0438-\u043d\u0430-\u043c\u0430\u0448\u0438\u043d\u0435\/\">LATIUM<\/a><\/span> (<span style=\"color: #0000ff;\"><a style=\"color: #0000ff;\" href=\"http:\/\/www.rusrim.com\/fr\/\u0440\u0438\u043c-\u0442\u0443\u0440\u044b-\u043d\u0430-\u043c\u0430\u0448\u0438\u043d\u0435\/\u043b\u0430\u0446\u0438\u043e-\u044d\u043a\u0441\u043a\u0443\u0440\u0441\u0438\u0438-\u043d\u0430-\u043c\u0430\u0448\u0438\u043d\u0435\/\u0442\u0438\u0432\u043e\u043b\u0438\/\">Tivoli<\/a><\/span>, <span style=\"color: #0000ff;\"><a style=\"color: #0000ff;\" href=\"http:\/\/www.rusrim.com\/fr\/\u0440\u0438\u043c-\u0442\u0443\u0440\u044b-\u043d\u0430-\u043c\u0430\u0448\u0438\u043d\u0435\/\u043b\u0430\u0446\u0438\u043e-\u044d\u043a\u0441\u043a\u0443\u0440\u0441\u0438\u0438-\u043d\u0430-\u043c\u0430\u0448\u0438\u043d\u0435\/\u0440\u0438\u043c\u0441\u043a\u0438\u0435-\u0437\u0430\u043c\u043a\u0438-\u044d\u043a\u0441\u043a\u0443\u0440\u0441\u0438\u044f\/\">Chateaux Romains<\/a><\/span>, <span style=\"color: #0000ff;\"><a style=\"color: #0000ff;\" href=\"http:\/\/www.rusrim.com\/fr\/\u0440\u0438\u043c-\u0442\u0443\u0440\u044b-\u043d\u0430-\u043c\u0430\u0448\u0438\u043d\u0435\/\u043b\u0430\u0446\u0438\u043e-\u044d\u043a\u0441\u043a\u0443\u0440\u0441\u0438\u0438-\u043d\u0430-\u043c\u0430\u0448\u0438\u043d\u0435\/\u0442\u0430\u0440\u043a\u0432\u0438\u043d\u0438\u044f\/\">Tarquinie<\/a><\/span>) et <span style=\"color: #0000ff;\"><a style=\"color: #0000ff;\" href=\"http:\/\/www.rusrim.com\/fr\/\u0440\u0438\u043c-\u0442\u0443\u0440\u044b-\u043d\u0430-\u043c\u0430\u0448\u0438\u043d\u0435\/\u044d\u043a\u0441\u043a\u0443\u0440\u0441\u0438\u0438-\u0432-\u0442\u043e\u0441\u043a\u0430\u043d\u0443-\u0438\u0437-\u0440\u0438\u043c\u0430\/\">TOSCANE<\/a><\/span> (Florence, Sienne, Capalbe, Argentaire, Pise), <span style=\"color: #0000ff;\"><a style=\"color: #0000ff;\" href=\"http:\/\/www.rusrim.com\/fr\/\u0440\u0438\u043c-\u0442\u0443\u0440\u044b-\u043d\u0430-\u043c\u0430\u0448\u0438\u043d\u0435\/\u0443\u043c\u0431\u0440\u0438\u044f-\u044d\u043a\u0441\u043a\u0443\u0440\u0441\u0438\u0438-\u0441-\u0433\u0438\u0434\u043e\u043c\/\">OMBRIE<\/a><\/span> (Orvieto, Assise, P\u00e9rouse) ABRUZZES ( <span style=\"color: #0000ff;\"><a style=\"color: #0000ff;\" href=\"http:\/\/www.rusrim.com\/fr\/\u0440\u0438\u043c-\u0442\u0443\u0440\u044b-\u043d\u0430-\u043c\u0430\u0448\u0438\u043d\u0435\/english-abruzzo-private-car-tour-from-rome\/\">Gran Sasso, l\u2019Aquila<\/a><\/span>) CAMPANIE ( <span style=\"color: #0000ff;\"><a style=\"color: #0000ff;\" href=\"http:\/\/www.rusrim.com\/fr\/\u0440\u0438\u043c-\u0442\u0443\u0440\u044b-\u043d\u0430-\u043c\u0430\u0448\u0438\u043d\u0435\/\u0430\u043c\u0430\u043b\u044c\u0444\u0438-\u043f\u043e\u0437\u0438\u0442\u0430\u043d\u043e-\u0441\u043e\u0440\u0440\u0435\u043d\u0442\u043e-\u043f\u043e\u043c\u043f\u0435\u0438\/\">Pomp\u00e9i et Amalfi<\/a><\/span>) avec chauffeur\/guide-conf\u00e9rencier Anglais, Fran\u00e7ais, Russe, Bulgare et Allemand.<\/h5>\n<h5 style=\"text-align: center;\"><span class=\"VIiyi\" lang=\"fr\"><span class=\"JLqJ4b ChMk0b\" data-language-for-alternatives=\"fr\" data-language-to-translate-into=\"bg\" data-phrase-index=\"0\">R\u00e9servation d\u2019excursions \u00e0 Rome sans pr\u00e9paiement<\/span><\/span><\/h5>\n<h5 style=\"text-align: center;\">+39 389 59 75 184\u00a0\u00a0\u00a0<a href=\"mailto:info@rusrim.com\">info@rusrim.com\u00a0\u00a0<\/a><\/h5>\n<p><\/p>","protected":false},"excerpt":{"rendered":"<p>R\u00e9servation d\u2019excursions \u00e0 Rome sans pr\u00e9paiement +39 389 59 75 184\u00a0\u00a0\u00a0info@rusrim.com\u00a0\u00a0 Tours motoris\u00e9s dans ROME &#8211; LATIUM &#8211; TOSCANE &#8211; OMBRIE &#8211; CAMPANIE &#8211; ABRUZZES &#8211; Venise &#8211; TRENTINO Excursions en Bulgare, Russe, Anglais, Fran\u00e7ais et Ukrainien Tours individuels avec chauffeur\/guide -conf\u00e9rencier \u00e0 Rome, Le Vatican, et les r\u00e9gions du LATIUM (Tivoli, Chateaux Romains, Tarquinie) [&hellip;]<\/p>\n","protected":false},"author":2,"featured_media":0,"parent":238,"menu_order":2,"comment_status":"closed","ping_status":"closed","template":"","meta":[],"tags":[2591,2484,62,2593,2898,3063,412,413,411,414,2467,2265,2590,2592,2528,2529,2527,2525,2526,3062,2379,415,3061,416,2589,418,417,410,420,409,419,408,2947,3588,407],"_links":{"self":[{"href":"http:\/\/www.rusrim.com\/fr\/wp-json\/wp\/v2\/pages\/831"}],"collection":[{"href":"http:\/\/www.rusrim.com\/fr\/wp-json\/wp\/v2\/pages"}],"about":[{"href":"http:\/\/www.rusrim.com\/fr\/wp-json\/wp\/v2\/types\/page"}],"author":[{"embeddable":true,"href":"http:\/\/www.rusrim.com\/fr\/wp-json\/wp\/v2\/users\/2"}],"replies":[{"embeddable":true,"href":"http:\/\/www.rusrim.com\/fr\/wp-json\/wp\/v2\/comments?post=831"}],"version-history":[{"count":70,"href":"http:\/\/www.rusrim.com\/fr\/wp-json\/wp\/v2\/pages\/831\/revisions"}],"predecessor-version":[{"id":9721,"href":"http:\/\/www.rusrim.com\/fr\/wp-json\/wp\/v2\/pages\/831\/revisions\/9721"}],"up":[{"embeddable":true,"href":"http:\/\/www.rusrim.com\/fr\/wp-json\/wp\/v2\/pages\/238"}],"wp:attachment":[{"href":"http:\/\/www.rusrim.com\/fr\/wp-json\/wp\/v2\/media?parent=831"}],"wp:term":[{"taxonomy":"post_tag","embeddable":true,"href":"http:\/\/www.rusrim.com\/fr\/wp-json\/wp\/v2\/tags?post=831"}],"curies":[{"name":"wp","href":"https:\/\/api.w.org\/{rel}","templated":true}]}}