{"id":895,"date":"2016-01-02T20:41:33","date_gmt":"2016-01-02T20:41:33","guid":{"rendered":"http:\/\/www.rusrim.com\/?page_id=895"},"modified":"2021-08-17T15:22:03","modified_gmt":"2021-08-17T15:22:03","slug":"%d0%b1%d0%be%d1%82%d1%82%d0%b8%d1%87%d0%b5%d0%bb%d0%bb%d0%b8-%d1%80%d0%be%d0%b6%d0%b4%d0%b5%d0%bd%d0%b8%d0%b5-%d0%b2%d0%b5%d0%bd%d0%b5%d1%80%d1%8b","status":"publish","type":"page","link":"http:\/\/www.rusrim.com\/fr\/video\/%d0%b1%d0%be%d1%82%d1%82%d0%b8%d1%87%d0%b5%d0%bb%d0%bb%d0%b8-%d1%80%d0%be%d0%b6%d0%b4%d0%b5%d0%bd%d0%b8%d0%b5-%d0%b2%d0%b5%d0%bd%d0%b5%d1%80%d1%8b\/","title":{"rendered":"(English) Botticelli \u2014 The Birth of Venus &#8211; \u0412\u0438\u0434\u0435\u043e"},"content":{"rendered":"<p class=\"qtranxs-available-languages-message qtranxs-available-languages-message-fr\">D\u00e9sol\u00e9, cet article est seulement disponible en <a href=\"http:\/\/www.rusrim.com\/en\/wp-json\/wp\/v2\/pages\/895\" class=\"qtranxs-available-language-link qtranxs-available-language-link-en\" title=\"English\">Anglais Am\u00e9ricain<\/a>, <a href=\"http:\/\/www.rusrim.com\/ru\/wp-json\/wp\/v2\/pages\/895\" class=\"qtranxs-available-language-link qtranxs-available-language-link-ru\" title=\"\u0420\u0443\u0441\u0441\u043a\u0438\u0439\">Russe<\/a> et <a href=\"http:\/\/www.rusrim.com\/bg\/wp-json\/wp\/v2\/pages\/895\" class=\"qtranxs-available-language-link qtranxs-available-language-link-bg\" title=\"\u0411\u044a\u043b\u0433\u0430\u0440\u0441\u043a\u0438\">Bulgare<\/a>.<\/p>","protected":false},"excerpt":{"rendered":"<p>D\u00e9sol\u00e9, cet article est seulement disponible en Anglais Am\u00e9ricain, Russe et Bulgare.<\/p>\n","protected":false},"author":2,"featured_media":0,"parent":640,"menu_order":8,"comment_status":"closed","ping_status":"closed","template":"","meta":[],"tags":[24,1434,1437,1433,1418,1446,1447,17,1420,1442,405,1443,152,1419,54,232,1445,1435,1421,1423,1422,2562,1438,1436,1444,1430,1432,1431,1448,2431,2563,2447,384,383,1449,1424,1428,1429,1425,1426,1427,1439,1440,1441,3600],"_links":{"self":[{"href":"http:\/\/www.rusrim.com\/fr\/wp-json\/wp\/v2\/pages\/895"}],"collection":[{"href":"http:\/\/www.rusrim.com\/fr\/wp-json\/wp\/v2\/pages"}],"about":[{"href":"http:\/\/www.rusrim.com\/fr\/wp-json\/wp\/v2\/types\/page"}],"author":[{"embeddable":true,"href":"http:\/\/www.rusrim.com\/fr\/wp-json\/wp\/v2\/users\/2"}],"replies":[{"embeddable":true,"href":"http:\/\/www.rusrim.com\/fr\/wp-json\/wp\/v2\/comments?post=895"}],"version-history":[{"count":20,"href":"http:\/\/www.rusrim.com\/fr\/wp-json\/wp\/v2\/pages\/895\/revisions"}],"predecessor-version":[{"id":8911,"href":"http:\/\/www.rusrim.com\/fr\/wp-json\/wp\/v2\/pages\/895\/revisions\/8911"}],"up":[{"embeddable":true,"href":"http:\/\/www.rusrim.com\/fr\/wp-json\/wp\/v2\/pages\/640"}],"wp:attachment":[{"href":"http:\/\/www.rusrim.com\/fr\/wp-json\/wp\/v2\/media?parent=895"}],"wp:term":[{"taxonomy":"post_tag","embeddable":true,"href":"http:\/\/www.rusrim.com\/fr\/wp-json\/wp\/v2\/tags?post=895"}],"curies":[{"name":"wp","href":"https:\/\/api.w.org\/{rel}","templated":true}]}}