{"id":898,"date":"2016-01-02T21:00:35","date_gmt":"2016-01-02T21:00:35","guid":{"rendered":"http:\/\/www.rusrim.com\/?page_id=898"},"modified":"2021-05-09T21:21:32","modified_gmt":"2021-05-09T21:21:32","slug":"%d0%bb%d0%b5%d0%be%d0%bd%d0%b0%d1%80%d0%b4%d0%be-%d0%b4%d0%b0-%d0%b2%d0%b8%d0%bd%d1%87%d0%b8-%d0%b1%d0%bb%d0%b0%d0%b3%d0%be%d0%b2%d0%b5%d1%89%d0%b5%d0%bd%d0%b8%d0%b5","status":"publish","type":"page","link":"http:\/\/www.rusrim.com\/fr\/video\/%d0%bb%d0%b5%d0%be%d0%bd%d0%b0%d1%80%d0%b4%d0%be-%d0%b4%d0%b0-%d0%b2%d0%b8%d0%bd%d1%87%d0%b8-%d0%b1%d0%bb%d0%b0%d0%b3%d0%be%d0%b2%d0%b5%d1%89%d0%b5%d0%bd%d0%b8%d0%b5\/","title":{"rendered":"(English) Leonardo DaVinci &#8211; VIDEO"},"content":{"rendered":"<p class=\"qtranxs-available-languages-message qtranxs-available-languages-message-fr\">D\u00e9sol\u00e9, cet article est seulement disponible en <a href=\"http:\/\/www.rusrim.com\/en\/wp-json\/wp\/v2\/pages\/898\" class=\"qtranxs-available-language-link qtranxs-available-language-link-en\" title=\"English\">Anglais Am\u00e9ricain<\/a>, <a href=\"http:\/\/www.rusrim.com\/ru\/wp-json\/wp\/v2\/pages\/898\" class=\"qtranxs-available-language-link qtranxs-available-language-link-ru\" title=\"\u0420\u0443\u0441\u0441\u043a\u0438\u0439\">Russe<\/a> et <a href=\"http:\/\/www.rusrim.com\/bg\/wp-json\/wp\/v2\/pages\/898\" class=\"qtranxs-available-language-link qtranxs-available-language-link-bg\" title=\"\u0411\u044a\u043b\u0433\u0430\u0440\u0441\u043a\u0438\">Bulgare<\/a>.<\/p>","protected":false},"excerpt":{"rendered":"<p>D\u00e9sol\u00e9, cet article est seulement disponible en Anglais Am\u00e9ricain, Russe et Bulgare.<\/p>\n","protected":false},"author":2,"featured_media":0,"parent":640,"menu_order":10,"comment_status":"closed","ping_status":"closed","template":"","meta":[],"tags":[],"_links":{"self":[{"href":"http:\/\/www.rusrim.com\/fr\/wp-json\/wp\/v2\/pages\/898"}],"collection":[{"href":"http:\/\/www.rusrim.com\/fr\/wp-json\/wp\/v2\/pages"}],"about":[{"href":"http:\/\/www.rusrim.com\/fr\/wp-json\/wp\/v2\/types\/page"}],"author":[{"embeddable":true,"href":"http:\/\/www.rusrim.com\/fr\/wp-json\/wp\/v2\/users\/2"}],"replies":[{"embeddable":true,"href":"http:\/\/www.rusrim.com\/fr\/wp-json\/wp\/v2\/comments?post=898"}],"version-history":[{"count":15,"href":"http:\/\/www.rusrim.com\/fr\/wp-json\/wp\/v2\/pages\/898\/revisions"}],"predecessor-version":[{"id":4911,"href":"http:\/\/www.rusrim.com\/fr\/wp-json\/wp\/v2\/pages\/898\/revisions\/4911"}],"up":[{"embeddable":true,"href":"http:\/\/www.rusrim.com\/fr\/wp-json\/wp\/v2\/pages\/640"}],"wp:attachment":[{"href":"http:\/\/www.rusrim.com\/fr\/wp-json\/wp\/v2\/media?parent=898"}],"wp:term":[{"taxonomy":"post_tag","embeddable":true,"href":"http:\/\/www.rusrim.com\/fr\/wp-json\/wp\/v2\/tags?post=898"}],"curies":[{"name":"wp","href":"https:\/\/api.w.org\/{rel}","templated":true}]}}