{"id":903,"date":"2016-01-02T21:06:54","date_gmt":"2016-01-02T21:06:54","guid":{"rendered":"http:\/\/www.rusrim.com\/?page_id=903"},"modified":"2021-08-17T14:11:30","modified_gmt":"2021-08-17T14:11:30","slug":"fashion-ballet-music-in-rome-italy%d0%bc%d0%be%d0%b4%d0%b0-%d0%b1%d0%b0%d0%bb%d0%b5%d1%82-%d0%bc%d1%83%d0%b7%d1%8b%d0%ba%d0%b0-%d1%80%d0%b8%d0%bc-%d0%b8%d1%82%d0%b0%d0%bb%d0%b8%d1%8f","status":"publish","type":"page","link":"http:\/\/www.rusrim.com\/fr\/video\/fashion-ballet-music-in-rome-italy%d0%bc%d0%be%d0%b4%d0%b0-%d0%b1%d0%b0%d0%bb%d0%b5%d1%82-%d0%bc%d1%83%d0%b7%d1%8b%d0%ba%d0%b0-%d1%80%d0%b8%d0%bc-%d0%b8%d1%82%d0%b0%d0%bb%d0%b8%d1%8f\/","title":{"rendered":"(English) Fashion-ballet-music in Rome-Italy"},"content":{"rendered":"<p class=\"qtranxs-available-languages-message qtranxs-available-languages-message-fr\">D\u00e9sol\u00e9, cet article est seulement disponible en <a href=\"http:\/\/www.rusrim.com\/en\/wp-json\/wp\/v2\/pages\/903\" class=\"qtranxs-available-language-link qtranxs-available-language-link-en\" title=\"English\">Anglais Am\u00e9ricain<\/a>, <a href=\"http:\/\/www.rusrim.com\/ru\/wp-json\/wp\/v2\/pages\/903\" class=\"qtranxs-available-language-link qtranxs-available-language-link-ru\" title=\"\u0420\u0443\u0441\u0441\u043a\u0438\u0439\">Russe<\/a> et <a href=\"http:\/\/www.rusrim.com\/bg\/wp-json\/wp\/v2\/pages\/903\" class=\"qtranxs-available-language-link qtranxs-available-language-link-bg\" title=\"\u0411\u044a\u043b\u0433\u0430\u0440\u0441\u043a\u0438\">Bulgare<\/a>.<\/p>","protected":false},"excerpt":{"rendered":"<p>D\u00e9sol\u00e9, cet article est seulement disponible en Anglais Am\u00e9ricain, Russe et Bulgare.<\/p>\n","protected":false},"author":2,"featured_media":0,"parent":640,"menu_order":5,"comment_status":"closed","ping_status":"closed","template":"","meta":[],"tags":[59,2564,2565,2566,1435,2569,2570,2567,2568],"_links":{"self":[{"href":"http:\/\/www.rusrim.com\/fr\/wp-json\/wp\/v2\/pages\/903"}],"collection":[{"href":"http:\/\/www.rusrim.com\/fr\/wp-json\/wp\/v2\/pages"}],"about":[{"href":"http:\/\/www.rusrim.com\/fr\/wp-json\/wp\/v2\/types\/page"}],"author":[{"embeddable":true,"href":"http:\/\/www.rusrim.com\/fr\/wp-json\/wp\/v2\/users\/2"}],"replies":[{"embeddable":true,"href":"http:\/\/www.rusrim.com\/fr\/wp-json\/wp\/v2\/comments?post=903"}],"version-history":[{"count":14,"href":"http:\/\/www.rusrim.com\/fr\/wp-json\/wp\/v2\/pages\/903\/revisions"}],"predecessor-version":[{"id":8902,"href":"http:\/\/www.rusrim.com\/fr\/wp-json\/wp\/v2\/pages\/903\/revisions\/8902"}],"up":[{"embeddable":true,"href":"http:\/\/www.rusrim.com\/fr\/wp-json\/wp\/v2\/pages\/640"}],"wp:attachment":[{"href":"http:\/\/www.rusrim.com\/fr\/wp-json\/wp\/v2\/media?parent=903"}],"wp:term":[{"taxonomy":"post_tag","embeddable":true,"href":"http:\/\/www.rusrim.com\/fr\/wp-json\/wp\/v2\/tags?post=903"}],"curies":[{"name":"wp","href":"https:\/\/api.w.org\/{rel}","templated":true}]}}