{"id":908,"date":"2016-01-03T19:15:17","date_gmt":"2016-01-03T19:15:17","guid":{"rendered":"http:\/\/www.rusrim.com\/?page_id=908"},"modified":"2021-08-17T15:05:16","modified_gmt":"2021-08-17T15:05:16","slug":"%d0%be%d1%80%d0%b8%d0%b3%d0%b8%d0%bd%d0%b0%d0%bb%d1%8c%d0%bd%d0%b0%d1%8f-%d0%bc%d1%83%d0%b7%d1%8b%d0%ba%d0%b0-%d1%80%d0%b8%d0%bc-%d0%b8%d1%82%d0%b0%d0%bb%d0%b8%d1%8f","status":"publish","type":"page","link":"http:\/\/www.rusrim.com\/fr\/video\/%d0%be%d1%80%d0%b8%d0%b3%d0%b8%d0%bd%d0%b0%d0%bb%d1%8c%d0%bd%d0%b0%d1%8f-%d0%bc%d1%83%d0%b7%d1%8b%d0%ba%d0%b0-%d1%80%d0%b8%d0%bc-%d0%b8%d1%82%d0%b0%d0%bb%d0%b8%d1%8f\/","title":{"rendered":"Musique originale en Italie"},"content":{"rendered":"<p><\/p>\n<h5 style=\"text-align: center;\"><b>+39 389 5975 184\u00a0<\/b>\u00a0<a href=\"mailto:info@rusrim.com\">info@rusrim.com\u00a0<\/a><b>+39\u00a0329 44 83 644<\/b><\/h5>\n<h5 class=\"western\" align=\"CENTER\"><span style=\"color: #800000;\">Musique originale Adel Karanov compositeur et guide en Italie<br \/>\n<\/span><\/h5>\n<h6 style=\"text-align: center;\"><span style=\"color: #0000ff;\"><a style=\"color: #0000ff;\" href=\"http:\/\/www.rusrim.com\/fr\/video\/\u043e\u0440\u0438\u0433\u0438\u043d\u0430\u043b\u044c\u043d\u0430\u044f-\u043c\u0443\u0437\u044b\u043a\u0430-\u0440\u0438\u043c-\u0438\u0442\u0430\u043b\u0438\u044f\/\">Musique \u00e9lectronique<\/a> <\/span>et video RusRim.com<\/h6>\n<p><iframe title=\"Breakbeat 2019 musique \u00e9lectronique RusRim.com Tour priv\u00e9 en Italie\" width=\"500\" height=\"281\" src=\"https:\/\/www.youtube.com\/embed\/p-r0xoDzUPE?feature=oembed\" frameborder=\"0\" allow=\"accelerometer; autoplay; clipboard-write; encrypted-media; gyroscope; picture-in-picture\" allowfullscreen><\/iframe><\/p>\n<h6 class=\"title style-scope ytd-video-primary-info-renderer\" style=\"text-align: center;\">Les Ch\u00e2teaux Romains et laques TOURS PRIV\u00c9S &#8211; Castelli Romani &#8211; Albano Nemi &#8211; musique Adel Karanov <span style=\"color: #0000ff;\"><a style=\"color: #0000ff;\" href=\"http:\/\/www.rusrim.com\/fr\/\u0433\u0438\u0434\u044b\/\u0433\u0438\u0434-\u0440\u0438\u043c\/\">guide en Italie<\/a><\/span><\/h6>\n<p><iframe title=\"Les Ch\u00e2teaux Romains et laques TOURS PRIV\u00c9S - Castelli Romani - Albano Nemi RusRim.com\" width=\"500\" height=\"281\" src=\"https:\/\/www.youtube.com\/embed\/LDuGEef8Vlc?feature=oembed\" frameborder=\"0\" allow=\"accelerometer; autoplay; clipboard-write; encrypted-media; gyroscope; picture-in-picture\" allowfullscreen><\/iframe><\/p>\n<h6 style=\"text-align: center;\">Musique <span style=\"color: #0000ff;\"><a style=\"color: #0000ff;\" href=\"http:\/\/www.rusrim.com\/fr\/\u0433\u0438\u0434\u044b\/\u0433\u0438\u0434-\u0440\u0438\u043c\/\">Adel Karanov<\/a> <\/span>&#8211; technoled.eu &#8211; video Rusrim.com<\/h6>\n<p><iframe title=\"Designer lights by TechnoLed.eu\" width=\"500\" height=\"281\" src=\"https:\/\/www.youtube.com\/embed\/0e_LfrcAjFM?feature=oembed\" frameborder=\"0\" allow=\"accelerometer; autoplay; clipboard-write; encrypted-media; gyroscope; picture-in-picture\" allowfullscreen><\/iframe><\/p>\n<h6 style=\"text-align: center;\">3D &#8211; video Rusrim.com<\/h6>\n<p><iframe title=\"Aurora boreale RusRim.com\" width=\"500\" height=\"281\" src=\"https:\/\/www.youtube.com\/embed\/JNYKqOMG6t4?feature=oembed\" frameborder=\"0\" allow=\"accelerometer; autoplay; clipboard-write; encrypted-media; gyroscope; picture-in-picture\" allowfullscreen><\/iframe><\/p>\n<h6 style=\"text-align: center;\">Techno RusRim 2020 &#8211; <a href=\"http:\/\/www.rusrim.com\/fr\/video\/\u043e\u0440\u0438\u0433\u0438\u043d\u0430\u043b\u044c\u043d\u0430\u044f-\u043c\u0443\u0437\u044b\u043a\u0430-\u0440\u0438\u043c-\u0438\u0442\u0430\u043b\u0438\u044f\/\"><span style=\"color: #000080;\">Musique \u00e9lectronique<\/span><\/a> <span style=\"color: #0000ff;\"><a style=\"color: #0000ff;\" href=\"http:\/\/www.rusrim.com\/fr\/\u0433\u0438\u0434\u044b\/\u0433\u0438\u0434-\u0440\u0438\u043c\/\">Adel Karanov<\/a><\/span><\/h6>\n<p><iframe title=\"Techno 2020 - Musique \u00e9lectronique 3D RusRim com Tour priv\u00e9 en Italie\" width=\"500\" height=\"281\" src=\"https:\/\/www.youtube.com\/embed\/2XTwyq0uNV8?feature=oembed\" frameborder=\"0\" allow=\"accelerometer; autoplay; clipboard-write; encrypted-media; gyroscope; picture-in-picture\" allowfullscreen><\/iframe><\/p>\n<h6 style=\"text-align: center;\">TOURS PRIV\u00c9S DE ROME en VOITURE &#8211; APPIA &#8211; Musique Originale <span style=\"color: #0000ff;\"><a style=\"color: #0000ff;\" href=\"http:\/\/www.rusrim.com\/fr\/\u0433\u0438\u0434\u044b\/\u0433\u0438\u0434-\u0440\u0438\u043c\/\">Adel Karanov<\/a> <\/span>guide priv\u00e9 \u00e0 Rome<\/h6>\n<p><iframe title=\"TOURS PRIV\u00c9S DE ROME en VOITURE - APPIA - Musique originale A. Karanov RusRim.com\" width=\"500\" height=\"281\" src=\"https:\/\/www.youtube.com\/embed\/dz_5rfJM3cc?feature=oembed\" frameborder=\"0\" allow=\"accelerometer; autoplay; clipboard-write; encrypted-media; gyroscope; picture-in-picture\" allowfullscreen><\/iframe><\/p>\n<h6 class=\"title style-scope ytd-video-primary-info-renderer\" style=\"text-align: center;\">Abruzzo tour priv\u00e9 RusRim.com <span style=\"color: #0000ff;\"><a style=\"color: #0000ff;\" href=\"http:\/\/www.rusrim.com\/fr\/\u0433\u0438\u0434\u044b\/\u0433\u0438\u0434-\u0440\u0438\u043c\/\">Guide priv\u00e9 en Italie<\/a><\/span><\/h6>\n<p><iframe title=\"Abruzzo tour priv\u00e9 RusRim.com Guide priv\u00e9 en Italie\" width=\"500\" height=\"281\" src=\"https:\/\/www.youtube.com\/embed\/WZY3MIqBMEQ?feature=oembed\" frameborder=\"0\" allow=\"accelerometer; autoplay; clipboard-write; encrypted-media; gyroscope; picture-in-picture\" allowfullscreen><\/iframe><\/p>\n<h6 class=\"western\" style=\"text-align: center;\">Minimal techno 2015 &#8211; Xenia Ziganskaja<br \/>\n\u041a\u0441\u0435\u043d\u0438\u044f \u0426\u044b\u0433\u0430\u043d\u0441\u043a\u0430\u044f &#8211;\u00a0\u00a0<span style=\"color: #0000ff;\"><a style=\"color: #0000ff;\" href=\"http:\/\/www.rusrim.com\/fr\/video\/\u043e\u0440\u0438\u0433\u0438\u043d\u0430\u043b\u044c\u043d\u0430\u044f-\u043c\u0443\u0437\u044b\u043a\u0430-\u0440\u0438\u043c-\u0438\u0442\u0430\u043b\u0438\u044f\/\">Musique \u00e9lectronique<\/a>\u00a0&#8211;\u00a0<\/span>\u00a0<span style=\"color: #0000ff;\"><a style=\"color: #0000ff;\" href=\"http:\/\/www.rusrim.com\/fr\/\u0433\u0438\u0434\u044b\/\u0433\u0438\u0434-\u0440\u0438\u043c\/\">Adel Karanov<\/a>\u00a0<\/span><\/h6>\n<p><iframe title=\"Musique \u00e9lectronique - Adel Karanov - Rome Italie - RusRim.com\" width=\"500\" height=\"375\" src=\"https:\/\/www.youtube.com\/embed\/E7CspWzhPII?feature=oembed\" frameborder=\"0\" allow=\"accelerometer; autoplay; clipboard-write; encrypted-media; gyroscope; picture-in-picture\" allowfullscreen><\/iframe><\/p>\n<h6 class=\"title style-scope ytd-video-primary-info-renderer\" style=\"text-align: center;\">Mumbai\u00a0\u00a0<span style=\"color: #0000ff;\"><a style=\"color: #0000ff;\" href=\"http:\/\/journal.cittadellarte.it\/arte-societa\/intervista-giorgio-de-finis-vi-presento-museo-delle-periferie\">Giorgio De Finis <\/a><\/span>&#8211; \u00a0Musique <span style=\"color: #0000ff;\"><a style=\"color: #0000ff;\" href=\"http:\/\/www.rusrim.com\/fr\/\u0433\u0438\u0434\u044b\/\u0433\u0438\u0434-\u0440\u0438\u043c\/\">Adel Karanov<\/a><\/span> &#8211; <span style=\"color: #0000ff;\"><a style=\"color: #0000ff;\" href=\"http:\/\/www.sdcinematografica.com\/index.php\">SD CINEMATOGRAFICA<\/a><\/span><\/h6>\n<p><iframe title=\"Mumbai Original music Musique Adel Karanov RusRim.com\" width=\"500\" height=\"375\" src=\"https:\/\/www.youtube.com\/embed\/0-LgXGCly6c?feature=oembed\" frameborder=\"0\" allow=\"accelerometer; autoplay; clipboard-write; encrypted-media; gyroscope; picture-in-picture\" allowfullscreen><\/iframe><\/p>\n<h6 class=\"title style-scope ytd-video-primary-info-renderer\" style=\"text-align: center;\">J. S. BACH Fuga in C mol BWV 871 &#8211; Adel Karanov\u00a0compositeur et<span style=\"color: #0000ff;\"> <a style=\"color: #0000ff;\" href=\"http:\/\/www.rusrim.com\/fr\/\u0433\u0438\u0434\u044b\/\u0433\u0438\u0434-\u0440\u0438\u043c\/\">guide priv\u00e9 \u00e0 Rome<\/a><\/span><\/h6>\n<p><iframe title=\"J. S. BACH Fuga in C mol BWV 871 - Adel Karanov - composer &amp; private guide in Rome\" width=\"500\" height=\"281\" src=\"https:\/\/www.youtube.com\/embed\/vso0TJXNaJE?feature=oembed\" frameborder=\"0\" allow=\"accelerometer; autoplay; clipboard-write; encrypted-media; gyroscope; picture-in-picture\" allowfullscreen><\/iframe><\/p>\n<h6 class=\"watch-title-container\" style=\"text-align: center;\"><span id=\"eow-title\" class=\"watch-title\" dir=\"ltr\" title=\"Last beat by Vanessa Tamburi music A Karanov RusRim.com \u0421\u043e\u0432\u0440\u0435\u043c\u0435\u043d\u043d\u044b\u0439 \u0431\u0430\u043b\u0435\u0442 \u0413\u0438\u0434 \u0420\u0438\u043c\">Last beat by <span style=\"color: #0000ff;\"><a style=\"color: #0000ff;\" href=\"http:\/\/www.rusrim.com\/fr\/video\/\u0432\u0430\u043d\u0435\u0441\u0441\u0430-\u0442\u0430\u043c\u0431\u0443\u0440\u0438-\u0438-\u0431\u0430\u043b\u0435\u0442\/\">Vanessa Tamburi<\/a> <\/span>musique <span style=\"color: #0000ff;\"><a style=\"color: #0000ff;\" href=\"http:\/\/www.rusrim.com\/fr\/\u0433\u0438\u0434\u044b\/\u0433\u0438\u0434-\u0440\u0438\u043c\/\">Adel Karanov<\/a><\/span><\/span><\/h6>\n<p><iframe title=\"Last beat by Vanessa Tamburi - Music Adel Karanov RusRim.com \u0421\u043e\u0432\u0440\u0435\u043c\u0435\u043d\u043d\u044b\u0439 \u0431\u0430\u043b\u0435\u0442 \u0432 \u0420\u0438\u043c\u0435\" width=\"500\" height=\"375\" src=\"https:\/\/www.youtube.com\/embed\/suMV7jCS5_4?feature=oembed\" frameborder=\"0\" allow=\"accelerometer; autoplay; clipboard-write; encrypted-media; gyroscope; picture-in-picture\" allowfullscreen><\/iframe><\/p>\n<h6 class=\"creator-editor-title\" style=\"text-align: center;\">La Gioconda Leonardo &#8211; G. Janovskaja &#8211; RusRim.com <span style=\"color: #0000ff;\"><a style=\"color: #0000ff;\" href=\"http:\/\/www.rusrim.com\/fr\/\u0433\u0438\u0434\u044b\/\u0433\u0438\u0434-\u0440\u0438\u043c\/\">Adel Karanov<\/a><\/span>\u00a0musique et video<\/h6>\n<p><iframe title=\"Leonardo - La Gioconda - Musique Originale Adel Karanov RusRim.com\" width=\"500\" height=\"375\" src=\"https:\/\/www.youtube.com\/embed\/jZ3IO857nEA?feature=oembed\" frameborder=\"0\" allow=\"accelerometer; autoplay; clipboard-write; encrypted-media; gyroscope; picture-in-picture\" allowfullscreen><\/iframe><\/p>\n<h6 style=\"text-align: center;\"><span style=\"color: #0000ff;\"><a style=\"color: #0000ff;\" href=\"https:\/\/technoled.eu\/en\/\">Technoled<\/a> <\/span>musique\u00a0<span style=\"color: #0000ff;\"><a style=\"color: #0000ff;\" href=\"http:\/\/www.rusrim.com\/fr\/\u0433\u0438\u0434\u044b\/\u0433\u0438\u0434-\u0440\u0438\u043c\/\">Adel Karanov<\/a><\/span><\/h6>\n<p><iframe title=\"DESIGNER LIGHTS TECHNO LED  - original music by Adel Karanov\" width=\"500\" height=\"281\" src=\"https:\/\/www.youtube.com\/embed\/o22mWZmci38?feature=oembed\" frameborder=\"0\" allow=\"accelerometer; autoplay; clipboard-write; encrypted-media; gyroscope; picture-in-picture\" allowfullscreen><\/iframe><\/p>\n<h6 class=\"western\" style=\"text-align: center;\">Minimal techno 2015 No Gravity Xenia Ziganskaja<br \/>\n\u041a\u0441\u0435\u043d\u0438\u044f \u0426\u044b\u0433\u0430\u043d\u0441\u043a\u0430\u044f &#8211;\u00a0 \u00a0<span style=\"color: #0000ff;\"><a style=\"color: #0000ff;\" href=\"http:\/\/www.rusrim.com\/fr\/video\/\u043e\u0440\u0438\u0433\u0438\u043d\u0430\u043b\u044c\u043d\u0430\u044f-\u043c\u0443\u0437\u044b\u043a\u0430-\u0440\u0438\u043c-\u0438\u0442\u0430\u043b\u0438\u044f\/\">Musique \u00e9lectronique<\/a>\u00a0&#8211;\u00a0<\/span>\u00a0<span style=\"color: #0000ff;\"><a style=\"color: #0000ff;\" href=\"http:\/\/www.rusrim.com\/fr\/\u0433\u0438\u0434\u044b\/\u0433\u0438\u0434-\u0440\u0438\u043c\/\">Adel Karanov<\/a>\u00a0<\/span><\/h6>\n<p><iframe title=\"Musique \u00e9lectronique \u00e0 Rome RusRim.com\" width=\"500\" height=\"375\" src=\"https:\/\/www.youtube.com\/embed\/Sd9EVdGB_No?feature=oembed\" frameborder=\"0\" allow=\"accelerometer; autoplay; clipboard-write; encrypted-media; gyroscope; picture-in-picture\" allowfullscreen><\/iframe><\/p>\n<h6 class=\"western\" style=\"text-align: center;\">Techno 3D &#8211;\u00a0\u00a0<span style=\"color: #0000ff;\"><a style=\"color: #0000ff;\" href=\"http:\/\/www.rusrim.com\/fr\/video\/\u043e\u0440\u0438\u0433\u0438\u043d\u0430\u043b\u044c\u043d\u0430\u044f-\u043c\u0443\u0437\u044b\u043a\u0430-\u0440\u0438\u043c-\u0438\u0442\u0430\u043b\u0438\u044f\/\">Musique \u00e9lectronique<\/a>\u00a0&#8211;\u00a0<\/span>\u00a0<span style=\"color: #0000ff;\"><a style=\"color: #0000ff;\" href=\"http:\/\/www.rusrim.com\/fr\/\u0433\u0438\u0434\u044b\/\u0433\u0438\u0434-\u0440\u0438\u043c\/\">Adel Karanov<\/a>\u00a0<\/span><\/h6>\n<p><iframe title=\"Techno 2020 RusRim.com\" width=\"500\" height=\"281\" src=\"https:\/\/www.youtube.com\/embed\/fMo6bisojwg?feature=oembed\" frameborder=\"0\" allow=\"accelerometer; autoplay; clipboard-write; encrypted-media; gyroscope; picture-in-picture\" allowfullscreen><\/iframe><\/p>\n<h6 style=\"text-align: center;\">\u00a0Ligeti\u00a0 fanfares theme &#8211;\u00a0\u00a0<span style=\"color: #0000ff;\"><a style=\"color: #0000ff;\" href=\"http:\/\/www.rusrim.com\/fr\/video\/\u043e\u0440\u0438\u0433\u0438\u043d\u0430\u043b\u044c\u043d\u0430\u044f-\u043c\u0443\u0437\u044b\u043a\u0430-\u0440\u0438\u043c-\u0438\u0442\u0430\u043b\u0438\u044f\/\">Musique \u00e9lectronique<\/a>\u00a0&#8211;\u00a0<\/span>\u00a0<span style=\"color: #0000ff;\"><a style=\"color: #0000ff;\" href=\"http:\/\/www.rusrim.com\/fr\/\u0433\u0438\u0434\u044b\/\u0433\u0438\u0434-\u0440\u0438\u043c\/\">Adel Karanov<\/a>\u00a0<\/span><\/h6>\n<p><iframe title=\"Showroom Ligeti RusRim.com\" width=\"500\" height=\"281\" src=\"https:\/\/www.youtube.com\/embed\/Rq4ac1o2UOY?feature=oembed\" frameborder=\"0\" allow=\"accelerometer; autoplay; clipboard-write; encrypted-media; gyroscope; picture-in-picture\" allowfullscreen><\/iframe><\/p>\n<h6 style=\"text-align: center;\">Laque Vico &#8211; Lazio &#8211; Viterbo &#8211; <span style=\"color: #0000ff;\"><a style=\"color: #0000ff;\" href=\"http:\/\/www.rusrim.com\/fr\/\">Excursions priv\u00e9 en Italie<\/a><\/span><\/h6>\n<p><iframe title=\"Laque Vico - Lazio - Viterbo - Excursions priv\u00e9  en Italie Rusrim.com\" width=\"500\" height=\"375\" src=\"https:\/\/www.youtube.com\/embed\/k1M5Wx004e0?feature=oembed\" frameborder=\"0\" allow=\"accelerometer; autoplay; clipboard-write; encrypted-media; gyroscope; picture-in-picture\" allowfullscreen><\/iframe><\/p>\n<h6 class=\"title style-scope ytd-video-primary-info-renderer\" style=\"text-align: center;\">Le Panth\u00e9on &#8211; Tour priv\u00e9 \u00e0 Rome\u00a0&#8211; musique <span style=\"color: #0000ff;\"><a style=\"color: #0000ff;\" href=\"http:\/\/www.rusrim.com\/fr\/\u043f\u043e\u043b\u0435\u0437\u043d\u0430\u044f-\u0438\u043d\u0444\u043e\u0440\u043c\u0430\u0446\u0438\u044f-\u0440\u0438\u043c-\u0438\u043d\u0444\u043e\/\u0435\u043b\u044c\u044f\u043d\u0430-\u0442\u0443\u043c\u043c\u0438\u043d\u0435\u043b\u043b\u0438-\u043d\u0430\u044d\u043b\u0438\u044f\/\">Eliana Tumminelli<\/a> <\/span>et <span style=\"color: #0000ff;\"><a style=\"color: #0000ff;\" href=\"http:\/\/www.rusrim.com\/fr\/\u0433\u0438\u0434\u044b\/\u0433\u0438\u0434-\u0440\u0438\u043c\/\">Adel Karanov\u00a0<\/a><\/span><\/h6>\n<p><iframe title=\"Le Panth\u00e9on - Tour priv\u00e9 \u00e0 Rome RusRim.com\" width=\"500\" height=\"281\" src=\"https:\/\/www.youtube.com\/embed\/BR3ViMiLUBA?feature=oembed\" frameborder=\"0\" allow=\"accelerometer; autoplay; clipboard-write; encrypted-media; gyroscope; picture-in-picture\" allowfullscreen><\/iframe><\/p>\n<h6 class=\"western\" style=\"text-align: center;\">Atmospheric Break\u00a0&#8211;\u00a0Musique Originale Adel Karanov Compositeur et <span style=\"color: #0000ff;\"><a style=\"color: #0000ff;\" href=\"http:\/\/www.rusrim.com\/fr\/\u0433\u0438\u0434\u044b\/\u0433\u0438\u0434-\u0440\u0438\u043c\/\">guide \u00e0 Rome<\/a><\/span><\/h6>\n<p><iframe title=\"Musique \u00e9lectronique en Italie - RusRim.com\" width=\"500\" height=\"375\" src=\"https:\/\/www.youtube.com\/embed\/JjsUibMempw?feature=oembed\" frameborder=\"0\" allow=\"accelerometer; autoplay; clipboard-write; encrypted-media; gyroscope; picture-in-picture\" allowfullscreen><\/iframe><\/p>\n<h6 class=\"western\" style=\"text-align: center;\">The Pole dancer\u00a0 \u2014 <span style=\"color: #0000ff;\"><a style=\"color: #0000ff;\" href=\"https:\/\/www.facebook.com\/PoleExStudio\/\">Hayley Morris<\/a><\/span><\/h6>\n<h6 class=\"western\" style=\"text-align: center;\">Atmospheric Break Atmo Trance\u00a0 &#8211; Musique Originale <span style=\"color: #0000ff;\"><a style=\"color: #0000ff;\" href=\"http:\/\/www.rusrim.com\/fr\/\u0433\u0438\u0434\u044b\/\u0433\u0438\u0434-\u0440\u0438\u043c\/\">Adel Karanov<\/a><\/span><span style=\"color: #800000;\"><br \/>\n<\/span><\/h6>\n<p><iframe title=\"Pol dance - Musique Originale Adel Karanov RusRim.com\" width=\"500\" height=\"375\" src=\"https:\/\/www.youtube.com\/embed\/8daat_K0hrQ?feature=oembed\" frameborder=\"0\" allow=\"accelerometer; autoplay; clipboard-write; encrypted-media; gyroscope; picture-in-picture\" allowfullscreen><\/iframe><\/p>\n<h6 class=\"western\" style=\"text-align: center;\">Gucci &#8211; Florence &#8211; Musique originale <span style=\"color: #0000ff;\"><a style=\"color: #0000ff;\" href=\"http:\/\/www.rusrim.com\/fr\/\u0433\u0438\u0434\u044b\/\u0433\u0438\u0434-\u0440\u0438\u043c\/\">Adel Karanov<\/a><\/span> guide priv\u00e9 en Tuscane<\/h6>\n<p><iframe title=\"Gucci - Florence - Musique originale Adel Karanov guide priv\u00e9 en tuscane\" width=\"500\" height=\"375\" src=\"https:\/\/www.youtube.com\/embed\/_AB3l359bn0?feature=oembed\" frameborder=\"0\" allow=\"accelerometer; autoplay; clipboard-write; encrypted-media; gyroscope; picture-in-picture\" allowfullscreen><\/iframe><\/p>\n<h6 class=\"watch-title-container\" style=\"text-align: center;\"><span id=\"eow-title\" class=\"watch-title\" dir=\"ltr\" title=\"Duende Astolfi 1-2 music Adel Karanov Rusrim.com \u0420\u0438\u043c \u0433\u0438\u0434 \u042d\u043a\u0441\u043a\u0443\u0440\u0441\u0438\u0438 \u043f\u043e \u0420\u0438\u043c\u0443\">Duende &#8211;\u00a0Spellbound Contemporary Ballet &#8211;\u00a0<span style=\"color: #0000ff;\"><a style=\"color: #0000ff;\" href=\"https:\/\/www.spellboundance.com\/home\/en\/archives\/mauro-astolfi-3\/\">Mauro Astolfi<\/a> <\/span>1-2\u00a0musique <span style=\"color: #0000ff;\"><a style=\"color: #0000ff;\" href=\"http:\/\/www.rusrim.com\/fr\/\u0433\u0438\u0434\u044b\/\u0433\u0438\u0434-\u0440\u0438\u043c\/\">Adel Karanov<\/a>\u00a0&#8211; <a style=\"color: #0000ff;\" href=\"http:\/\/www.rusrim.com\/fr\/video\/\u0432\u0435\u0434\u0443\u0449\u0438\u0439-\u0431\u0430\u043b\u0435\u0442-\u0438\u0442\u0430\u043b\u0438\u0438\/\">dance contemporaine<\/a>\u00a0<\/span>en Italie<\/span><\/h6>\n<p><iframe title=\"Duende  Astolfi 1-2 music Adel Karanov Rusrim.com \u0420\u0438\u043c \u0433\u0438\u0434 \u042d\u043a\u0441\u043a\u0443\u0440\u0441\u0438\u0438 \u043f\u043e \u0420\u0438\u043c\u0443\" width=\"500\" height=\"375\" src=\"https:\/\/www.youtube.com\/embed\/1rrQAA9h6B0?feature=oembed\" frameborder=\"0\" allow=\"accelerometer; autoplay; clipboard-write; encrypted-media; gyroscope; picture-in-picture\" allowfullscreen><\/iframe><\/p>\n<h6 style=\"text-align: center;\">Duende &#8211;\u00a0Spellbound Contemporary Ballet &#8211;\u00a0<span style=\"color: #0000ff;\"><a style=\"color: #0000ff;\" href=\"http:\/\/www.rusrim.com\/fr\/video\/\u0432\u0435\u0434\u0443\u0449\u0438\u0439-\u0431\u0430\u043b\u0435\u0442-\u0438\u0442\u0430\u043b\u0438\u0438\/\">Mauro Astolfi<\/a><\/span>\u00a01-2\u00a0musique\u00a0<span style=\"color: #0000ff;\"><a style=\"color: #0000ff;\" href=\"http:\/\/www.rusrim.com\/fr\/\u0433\u0438\u0434\u044b\/\u0433\u0438\u0434-\u0440\u0438\u043c\/\">Adel Karanov<\/a><\/span><\/h6>\n<p><iframe title=\"Mauro Astolfi - P3 - Musique \u00e9lectronique en Italie Adel Karanov RusRim.com\" width=\"500\" height=\"375\" src=\"https:\/\/www.youtube.com\/embed\/JalcMrALELE?feature=oembed\" frameborder=\"0\" allow=\"accelerometer; autoplay; clipboard-write; encrypted-media; gyroscope; picture-in-picture\" allowfullscreen><\/iframe><\/p>\n<h6 style=\"text-align: center;\"><strong>Adel Karanov musique &#8211; R. Kavalgieva\u00a0<\/strong><\/h6>\n<p><a href=\"http:\/\/www.rusrim.com\/wp-content\/uploads\/2016\/01\/Boccaccino-Macro-modern-art-Rome-tours.jpg\"><img loading=\"lazy\" class=\"alignnone size-medium wp-image-1032\" src=\"http:\/\/www.rusrim.com\/wp-content\/uploads\/2016\/01\/Boccaccino-Macro-modern-art-Rome-tours-300x200.jpg\" alt=\"Boccaccino Macro modern art Rome tours\" width=\"300\" height=\"200\" srcset=\"http:\/\/www.rusrim.com\/wp-content\/uploads\/2016\/01\/Boccaccino-Macro-modern-art-Rome-tours-300x200.jpg 300w, http:\/\/www.rusrim.com\/wp-content\/uploads\/2016\/01\/Boccaccino-Macro-modern-art-Rome-tours-1024x681.jpg 1024w, http:\/\/www.rusrim.com\/wp-content\/uploads\/2016\/01\/Boccaccino-Macro-modern-art-Rome-tours.jpg 1500w\" sizes=\"(max-width: 300px) 100vw, 300px\" \/><\/a><a href=\"http:\/\/www.rusrim.com\/wp-content\/uploads\/2015\/12\/music-studio-karanov.jpg\"><img loading=\"lazy\" class=\"alignnone size-medium wp-image-1114\" src=\"http:\/\/www.rusrim.com\/wp-content\/uploads\/2015\/12\/music-studio-karanov-300x200.jpg\" alt=\"music studio karanov\" width=\"300\" height=\"200\" srcset=\"http:\/\/www.rusrim.com\/wp-content\/uploads\/2015\/12\/music-studio-karanov-300x200.jpg 300w, http:\/\/www.rusrim.com\/wp-content\/uploads\/2015\/12\/music-studio-karanov.jpg 720w\" sizes=\"(max-width: 300px) 100vw, 300px\" \/><\/a>\u00a0<a href=\"http:\/\/www.rusrim.com\/wp-content\/uploads\/2016\/01\/dance-in-rome.jpg\"><img loading=\"lazy\" class=\"alignnone size-medium wp-image-1014\" src=\"http:\/\/www.rusrim.com\/wp-content\/uploads\/2016\/01\/dance-in-rome-300x200.jpg\" alt=\"dance in rome\" width=\"300\" height=\"200\" srcset=\"http:\/\/www.rusrim.com\/wp-content\/uploads\/2016\/01\/dance-in-rome-300x200.jpg 300w, http:\/\/www.rusrim.com\/wp-content\/uploads\/2016\/01\/dance-in-rome.jpg 552w\" sizes=\"(max-width: 300px) 100vw, 300px\" \/><\/a><a href=\"http:\/\/www.rusrim.com\/wp-content\/uploads\/2015\/11\/rome-private-guides.jpg\"><img loading=\"lazy\" class=\"alignnone size-medium wp-image-1080\" src=\"http:\/\/www.rusrim.com\/wp-content\/uploads\/2015\/11\/rome-private-guides-300x200.jpg\" alt=\"rome private guides\" width=\"300\" height=\"200\" srcset=\"http:\/\/www.rusrim.com\/wp-content\/uploads\/2015\/11\/rome-private-guides-300x200.jpg 300w, http:\/\/www.rusrim.com\/wp-content\/uploads\/2015\/11\/rome-private-guides.jpg 552w\" sizes=\"(max-width: 300px) 100vw, 300px\" \/><\/a><\/p>\n<h5 style=\"text-align: center;\">Musique <span style=\"color: #0000ff;\"><a style=\"color: #0000ff;\" href=\"http:\/\/www.rusrim.com\/fr\/video\/\u043e\u0440\u0438\u0433\u0438\u043d\u0430\u043b\u044c\u043d\u0430\u044f-\u043c\u0443\u0437\u044b\u043a\u0430-\u0440\u0438\u043c-\u0438\u0442\u0430\u043b\u0438\u044f\/\">Techno<\/a><\/span> &#8211; Adel Karanov<\/h5>\n<p><iframe title=\"Trance musique Italie Adel Karanov Rusrim.com\" width=\"500\" height=\"375\" src=\"https:\/\/www.youtube.com\/embed\/YCnCGYlyb-E?feature=oembed\" frameborder=\"0\" allow=\"accelerometer; autoplay; clipboard-write; encrypted-media; gyroscope; picture-in-picture\" allowfullscreen><\/iframe><\/p>\n<h5 style=\"text-align: center;\">Musique Adel Karanov &#8211; Eliana Tumminelli <span style=\"color: #0000ff;\"><a style=\"color: #0000ff;\" href=\"http:\/\/www.rusrim.com\/fr\/\u043f\u043e\u043b\u0435\u0437\u043d\u0430\u044f-\u0438\u043d\u0444\u043e\u0440\u043c\u0430\u0446\u0438\u044f-\u0440\u0438\u043c-\u0438\u043d\u0444\u043e\/\u0435\u043b\u044c\u044f\u043d\u0430-\u0442\u0443\u043c\u043c\u0438\u043d\u0435\u043b\u043b\u0438-\u043d\u0430\u044d\u043b\u0438\u044f\/\">NAELIA<\/a> <\/span>&#8211; Rome Italie<\/h5>\n<p><iframe title=\"Le Colis\u00e9e a Rome - GUIDE PRIV\u00c9S A ROME - Musique Adel Karanov\" width=\"500\" height=\"281\" src=\"https:\/\/www.youtube.com\/embed\/BEgMZxFpPY0?feature=oembed\" frameborder=\"0\" allow=\"accelerometer; autoplay; clipboard-write; encrypted-media; gyroscope; picture-in-picture\" allowfullscreen><\/iframe><\/p>\n<p>&nbsp;<\/p>\n<h5 style=\"text-align: center;\"><b>+39 329 448 3644\u00a0<\/b>\u00a0\u00a0<a href=\"mailto:info@rusrim.com\">info@rusrim.com\u00a0\u00a0<\/a>+39 389 59 75 184<\/h5>\n<p><\/p>","protected":false},"excerpt":{"rendered":"<p>+39 389 5975 184\u00a0\u00a0info@rusrim.com\u00a0+39\u00a0329 44 83 644 Musique originale Adel Karanov compositeur et guide en Italie Musique \u00e9lectronique et video RusRim.com Les Ch\u00e2teaux Romains et laques TOURS PRIV\u00c9S &#8211; Castelli Romani &#8211; Albano Nemi &#8211; musique Adel Karanov guide en Italie Musique Adel Karanov &#8211; technoled.eu &#8211; video Rusrim.com 3D &#8211; video Rusrim.com Techno RusRim [&hellip;]<\/p>\n","protected":false},"author":2,"featured_media":0,"parent":640,"menu_order":0,"comment_status":"closed","ping_status":"closed","template":"","meta":[],"tags":[1377,1376,1374,1387,1384,1385,1382,1383,2582,1386,1375,620,2546,2545,41,1381,1241,1380,1379,1378,1297,1388,1395,1396,1399,1397,1398,1394,1393,1392,1390,1391,1389],"_links":{"self":[{"href":"http:\/\/www.rusrim.com\/fr\/wp-json\/wp\/v2\/pages\/908"}],"collection":[{"href":"http:\/\/www.rusrim.com\/fr\/wp-json\/wp\/v2\/pages"}],"about":[{"href":"http:\/\/www.rusrim.com\/fr\/wp-json\/wp\/v2\/types\/page"}],"author":[{"embeddable":true,"href":"http:\/\/www.rusrim.com\/fr\/wp-json\/wp\/v2\/users\/2"}],"replies":[{"embeddable":true,"href":"http:\/\/www.rusrim.com\/fr\/wp-json\/wp\/v2\/comments?post=908"}],"version-history":[{"count":68,"href":"http:\/\/www.rusrim.com\/fr\/wp-json\/wp\/v2\/pages\/908\/revisions"}],"predecessor-version":[{"id":8906,"href":"http:\/\/www.rusrim.com\/fr\/wp-json\/wp\/v2\/pages\/908\/revisions\/8906"}],"up":[{"embeddable":true,"href":"http:\/\/www.rusrim.com\/fr\/wp-json\/wp\/v2\/pages\/640"}],"wp:attachment":[{"href":"http:\/\/www.rusrim.com\/fr\/wp-json\/wp\/v2\/media?parent=908"}],"wp:term":[{"taxonomy":"post_tag","embeddable":true,"href":"http:\/\/www.rusrim.com\/fr\/wp-json\/wp\/v2\/tags?post=908"}],"curies":[{"name":"wp","href":"https:\/\/api.w.org\/{rel}","templated":true}]}}